{"id":4542,"date":"2025-11-12T06:19:36","date_gmt":"2025-11-12T06:19:36","guid":{"rendered":"https:\/\/baijiabags.com\/?post_type=product&#038;p=4542"},"modified":"2025-11-12T06:43:05","modified_gmt":"2025-11-12T06:43:05","slug":"low-price-new-quilted-chain-bag-fashion-minimalist-handheld-cosmetic-bag","status":"publish","type":"product","link":"https:\/\/baijiabags.com\/fr\/produit\/low-price-new-quilted-chain-bag-fashion-minimalist-handheld-cosmetic-bag\/","title":{"rendered":"Low Price New Quilted Chain Bag Fashion Minimalist Handheld Cosmetic Bag"},"content":{"rendered":"<h2 data-start=\"448\" data-end=\"465\">Caract\u00e9ristiques principales<\/h2>\n<ol data-start=\"467\" data-end=\"1339\">\n<li data-start=\"467\" data-end=\"594\">\n<p data-start=\"470\" data-end=\"594\"><strong data-start=\"470\" data-end=\"488\">Motif matelass\u00e9<\/strong> - L'ext\u00e9rieur est r\u00e9alis\u00e9 avec un motif matelass\u00e9 cousu, ce qui am\u00e9liore \u00e0 la fois la texture et l'attrait esth\u00e9tique.<\/p>\n<\/li>\n<li data-start=\"595\" data-end=\"715\">\n<p data-start=\"598\" data-end=\"715\"><strong data-start=\"598\" data-end=\"618\">Mat\u00e9riau durable<\/strong> - Fabriqu\u00e9 en PU de haute qualit\u00e9, le sac est r\u00e9sistant \u00e0 l'usure et aux d\u00e9chirures, ce qui garantit une utilisation durable.<\/p>\n<\/li>\n<li data-start=\"716\" data-end=\"822\">\n<p data-start=\"719\" data-end=\"822\"><strong data-start=\"719\" data-end=\"737\">Style portable<\/strong> - Con\u00e7u avec une solide anse en cha\u00eene, le sac peut \u00eatre port\u00e9 confortablement \u00e0 la main.<\/p>\n<\/li>\n<li data-start=\"823\" data-end=\"916\">\n<p data-start=\"826\" data-end=\"916\"><strong data-start=\"826\" data-end=\"848\">Mode minimaliste<\/strong> - Le design simple et \u00e9l\u00e9gant s'adapte parfaitement \u00e0 toutes les tenues.<\/p>\n<\/li>\n<li data-start=\"917\" data-end=\"1014\">\n<p data-start=\"920\" data-end=\"1014\"><strong data-start=\"920\" data-end=\"941\">Logo personnalisable<\/strong> - Le logo peut \u00eatre personnalis\u00e9 en fonction de la marque ou des pr\u00e9f\u00e9rences personnelles.<\/p>\n<\/li>\n<li data-start=\"1015\" data-end=\"1138\">\n<p data-start=\"1018\" data-end=\"1138\"><strong data-start=\"1018\" data-end=\"1039\">Int\u00e9rieur spacieux<\/strong> - Malgr\u00e9 sa taille compacte, le sac offre suffisamment d'espace pour les cosm\u00e9tiques et les petits objets personnels.<\/p>\n<\/li>\n<li data-start=\"1139\" data-end=\"1233\">\n<p data-start=\"1142\" data-end=\"1233\"><strong data-start=\"1142\" data-end=\"1170\">Construction l\u00e9g\u00e8re<\/strong> - Facile \u00e0 transporter pour les sorties quotidiennes sans ajouter d'encombrement suppl\u00e9mentaire.<\/p>\n<\/li>\n<li data-start=\"1234\" data-end=\"1339\">\n<p data-start=\"1237\" data-end=\"1339\"><strong data-start=\"1237\" data-end=\"1263\">Options de couleurs multiples<\/strong> - Disponible en noir, rose et blanc pour s'adapter aux diff\u00e9rents styles personnels.<\/p>\n<\/li>\n<\/ol>\n<h2>Sp\u00e9cifications<\/h2>\n<div class=\"_tableContainer_1rjym_1\">\n<div class=\"group _tableWrapper_1rjym_13 flex w-fit flex-col-reverse\" tabindex=\"-1\">\n<table class=\"w-fit min-w-(--thread-content-width)\" data-start=\"1362\" data-end=\"1768\">\n<thead data-start=\"1362\" data-end=\"1389\">\n<tr data-start=\"1362\" data-end=\"1389\">\n<th data-start=\"1362\" data-end=\"1374\" data-col-size=\"sm\">Param\u00e8tres<\/th>\n<th data-start=\"1374\" data-end=\"1389\" data-col-size=\"sm\">Description<\/th>\n<\/tr>\n<\/thead>\n<tbody data-start=\"1418\" data-end=\"1768\">\n<tr data-start=\"1418\" data-end=\"1460\">\n<td data-start=\"1418\" data-end=\"1433\" data-col-size=\"sm\">Nom du produit<\/td>\n<td data-start=\"1433\" data-end=\"1460\" data-col-size=\"sm\">Trousse de maquillage personnalis\u00e9e pour femmes<\/td>\n<\/tr>\n<tr data-start=\"1461\" data-end=\"1479\">\n<td data-start=\"1461\" data-end=\"1469\" data-col-size=\"sm\">Marque<\/td>\n<td data-start=\"1469\" data-end=\"1479\" data-col-size=\"sm\">RONEER<\/td>\n<\/tr>\n<tr data-start=\"1480\" data-end=\"1509\">\n<td data-start=\"1480\" data-end=\"1489\" data-col-size=\"sm\">Origine<\/td>\n<td data-start=\"1489\" data-end=\"1509\" data-col-size=\"sm\">Guangdong, Chine<\/td>\n<\/tr>\n<tr data-start=\"1510\" data-end=\"1541\">\n<td data-start=\"1510\" data-end=\"1518\" data-col-size=\"sm\">Style<\/td>\n<td data-start=\"1518\" data-end=\"1541\" data-col-size=\"sm\">Mode, Minimaliste<\/td>\n<\/tr>\n<tr data-start=\"1542\" data-end=\"1572\">\n<td data-start=\"1542\" data-end=\"1550\" data-col-size=\"sm\">Couleur<\/td>\n<td data-start=\"1550\" data-end=\"1572\" data-col-size=\"sm\">Noir, rose, blanc<\/td>\n<\/tr>\n<tr data-start=\"1573\" data-end=\"1599\">\n<td data-start=\"1573\" data-end=\"1580\" data-col-size=\"sm\">Taille<\/td>\n<td data-start=\"1580\" data-end=\"1599\" data-col-size=\"sm\">Taille personnalis\u00e9e<\/td>\n<\/tr>\n<tr data-start=\"1600\" data-end=\"1617\">\n<td data-start=\"1600\" data-end=\"1611\" data-col-size=\"sm\">Mat\u00e9riau<\/td>\n<td data-start=\"1611\" data-end=\"1617\" data-col-size=\"sm\">PU<\/td>\n<\/tr>\n<tr data-start=\"1618\" data-end=\"1641\">\n<td data-start=\"1618\" data-end=\"1625\" data-col-size=\"sm\">Logo<\/td>\n<td data-start=\"1625\" data-end=\"1641\" data-col-size=\"sm\">Personnalisable<\/td>\n<\/tr>\n<tr data-start=\"1642\" data-end=\"1664\">\n<td data-start=\"1642\" data-end=\"1653\" data-col-size=\"sm\">Caract\u00e9ristiques<\/td>\n<td data-start=\"1653\" data-end=\"1664\" data-col-size=\"sm\">Durable<\/td>\n<\/tr>\n<tr data-start=\"1665\" data-end=\"1694\">\n<td data-start=\"1665\" data-end=\"1673\" data-col-size=\"sm\">Forme<\/td>\n<td data-start=\"1673\" data-end=\"1694\" data-col-size=\"sm\">Carr\u00e9 horizontal<\/td>\n<\/tr>\n<tr data-start=\"1695\" data-end=\"1728\">\n<td data-start=\"1695\" data-end=\"1703\" data-col-size=\"sm\">Utilisation<\/td>\n<td data-start=\"1703\" data-end=\"1728\" data-col-size=\"sm\">Commodit\u00e9 des cosm\u00e9tiques<\/td>\n<\/tr>\n<tr data-start=\"1729\" data-end=\"1768\">\n<td data-start=\"1729\" data-end=\"1743\" data-col-size=\"sm\">Application<\/td>\n<td data-start=\"1743\" data-end=\"1768\" data-col-size=\"sm\">Assortir les tenues au quotidien<\/td>\n<\/tr>\n<\/tbody>\n<\/table>\n<\/div>\n<\/div>\n<h2>Applications<\/h2>\n<ul data-start=\"1789\" data-end=\"2012\">\n<li data-start=\"1789\" data-end=\"1850\">\n<p data-start=\"1791\" data-end=\"1850\">Accessoire de mode quotidien pour les occasions d\u00e9contract\u00e9es ou formelles<\/p>\n<\/li>\n<li data-start=\"1851\" data-end=\"1912\">\n<p data-start=\"1853\" data-end=\"1912\">Rangement pratique pour les cosm\u00e9tiques et les petits objets personnels<\/p>\n<\/li>\n<li data-start=\"1913\" data-end=\"1961\">\n<p data-start=\"1915\" data-end=\"1961\">Id\u00e9al pour les voyages, le shopping ou les \u00e9v\u00e9nements sociaux<\/p>\n<\/li>\n<li data-start=\"1962\" data-end=\"2012\">\n<p data-start=\"1964\" data-end=\"2012\">Compl\u00e8te les tenues minimalistes ou branch\u00e9es<\/p>\n<\/li>\n<\/ul>\n<p data-start=\"2014\" data-end=\"2183\">Si vous \u00eates int\u00e9ress\u00e9 par ce sac en cha\u00eene matelass\u00e9, veuillez nous contacter pour demander un \u00e9chantillon. Des services ODM et OEM sont propos\u00e9s pour r\u00e9pondre aux besoins de conception et de marquage personnalis\u00e9s.<\/p>","protected":false},"excerpt":{"rendered":"<p>Le sac \u00e0 cha\u00eene matelass\u00e9 Low Price New a \u00e9t\u00e9 con\u00e7u pour offrir un m\u00e9lange de style et de praticit\u00e9. Cette pochette \u00e0 cosm\u00e9tiques minimaliste a \u00e9t\u00e9 con\u00e7ue pour compl\u00e9ter la mode de tous les jours tout en offrant un espace de rangement pratique pour les objets personnels. Sa texture matelass\u00e9e et sa poign\u00e9e en cha\u00eene en font un accessoire \u00e9l\u00e9gant pour les occasions d\u00e9contract\u00e9es ou formelles.<\/p>","protected":false},"featured_media":4543,"comment_status":"open","ping_status":"closed","template":"","meta":{"site-sidebar-layout":"default","site-content-layout":"","ast-site-content-layout":"default","site-content-style":"default","site-sidebar-style":"default","ast-global-header-display":"","ast-banner-title-visibility":"","ast-main-header-display":"","ast-hfb-above-header-display":"","ast-hfb-below-header-display":"","ast-hfb-mobile-header-display":"","site-post-title":"","ast-breadcrumbs-content":"","ast-featured-img":"","footer-sml-layout":"","ast-disable-related-posts":"","theme-transparent-header-meta":"default","adv-header-id-meta":"","stick-header-meta":"","header-above-stick-meta":"","header-main-stick-meta":"","header-below-stick-meta":"","astra-migrate-meta-layouts":"set","ast-page-background-enabled":"default","ast-page-background-meta":{"desktop":{"background-color":"var(--ast-global-color-5)","background-image":"","background-repeat":"repeat","background-position":"center center","background-size":"auto","background-attachment":"scroll","background-type":"","background-media":"","overlay-type":"","overlay-color":"","overlay-opacity":"","overlay-gradient":""},"tablet":{"background-color":"","background-image":"","background-repeat":"repeat","background-position":"center center","background-size":"auto","background-attachment":"scroll","background-type":"","background-media":"","overlay-type":"","overlay-color":"","overlay-opacity":"","overlay-gradient":""},"mobile":{"background-color":"","background-image":"","background-repeat":"repeat","background-position":"center center","background-size":"auto","background-attachment":"scroll","background-type":"","background-media":"","overlay-type":"","overlay-color":"","overlay-opacity":"","overlay-gradient":""}},"ast-content-background-meta":{"desktop":{"background-color":"var(--ast-global-color-4)","background-image":"","background-repeat":"repeat","background-position":"center center","background-size":"auto","background-attachment":"scroll","background-type":"","background-media":"","overlay-type":"","overlay-color":"","overlay-opacity":"","overlay-gradient":""},"tablet":{"background-color":"var(--ast-global-color-4)","background-image":"","background-repeat":"repeat","background-position":"center center","background-size":"auto","background-attachment":"scroll","background-type":"","background-media":"","overlay-type":"","overlay-color":"","overlay-opacity":"","overlay-gradient":""},"mobile":{"background-color":"var(--ast-global-color-4)","background-image":"","background-repeat":"repeat","background-position":"center center","background-size":"auto","background-attachment":"scroll","background-type":"","background-media":"","overlay-type":"","overlay-color":"","overlay-opacity":"","overlay-gradient":""}}},"product_brand":[],"product_cat":[38],"product_tag":[],"class_list":{"0":"post-4542","1":"product","2":"type-product","3":"status-publish","4":"has-post-thumbnail","6":"product_cat-cosmetic-bags","7":"desktop-align-left","8":"tablet-align-left","9":"mobile-align-left","11":"first","12":"instock","13":"shipping-taxable","14":"product-type-simple"},"_links":{"self":[{"href":"https:\/\/baijiabags.com\/fr\/wp-json\/wp\/v2\/product\/4542","targetHints":{"allow":["GET"]}}],"collection":[{"href":"https:\/\/baijiabags.com\/fr\/wp-json\/wp\/v2\/product"}],"about":[{"href":"https:\/\/baijiabags.com\/fr\/wp-json\/wp\/v2\/types\/product"}],"replies":[{"embeddable":true,"href":"https:\/\/baijiabags.com\/fr\/wp-json\/wp\/v2\/comments?post=4542"}],"wp:featuredmedia":[{"embeddable":true,"href":"https:\/\/baijiabags.com\/fr\/wp-json\/wp\/v2\/media\/4543"}],"wp:attachment":[{"href":"https:\/\/baijiabags.com\/fr\/wp-json\/wp\/v2\/media?parent=4542"}],"wp:term":[{"taxonomy":"product_brand","embeddable":true,"href":"https:\/\/baijiabags.com\/fr\/wp-json\/wp\/v2\/product_brand?post=4542"},{"taxonomy":"product_cat","embeddable":true,"href":"https:\/\/baijiabags.com\/fr\/wp-json\/wp\/v2\/product_cat?post=4542"},{"taxonomy":"product_tag","embeddable":true,"href":"https:\/\/baijiabags.com\/fr\/wp-json\/wp\/v2\/product_tag?post=4542"}],"curies":[{"name":"wp","href":"https:\/\/api.w.org\/{rel}","templated":true}]}}