{"id":4404,"date":"2025-11-05T06:02:41","date_gmt":"2025-11-05T06:02:41","guid":{"rendered":"https:\/\/baijiabags.com\/?post_type=product&#038;p=4404"},"modified":"2025-11-05T06:02:41","modified_gmt":"2025-11-05T06:02:41","slug":"wholesale-nylon-outdoor-sports-backpack-for-men-perfect-for-hiking-and-camping","status":"publish","type":"product","link":"https:\/\/baijiabags.com\/fr\/produit\/wholesale-nylon-outdoor-sports-backpack-for-men-perfect-for-hiking-and-camping\/","title":{"rendered":"Wholesale Nylon Outdoor Sports Backpack for Men Perfect for Hiking and Camping (Sac \u00e0 dos de sport en nylon pour hommes, parfait pour la randonn\u00e9e et le camping)"},"content":{"rendered":"<h2 data-start=\"676\" data-end=\"691\">Caract\u00e9ristiques principales<\/h2>\n<ol data-start=\"693\" data-end=\"1702\">\n<li data-start=\"693\" data-end=\"829\">\n<p data-start=\"696\" data-end=\"829\"><strong data-start=\"696\" data-end=\"716\">Mat\u00e9riau durable<\/strong>: Fabriqu\u00e9 en nylon de premi\u00e8re qualit\u00e9, le sac \u00e0 dos offre une performance durable et une r\u00e9sistance \u00e0 l'usure.<\/p>\n<\/li>\n<li data-start=\"830\" data-end=\"947\">\n<p data-start=\"833\" data-end=\"947\"><strong data-start=\"833\" data-end=\"854\">Conception \u00e9tanche<\/strong>: \u00c9quip\u00e9 de fonctions imperm\u00e9ables, il prot\u00e8ge le contenu contre la pluie ou les \u00e9claboussures inattendues.<\/p>\n<\/li>\n<li data-start=\"948\" data-end=\"1068\">\n<p data-start=\"951\" data-end=\"1068\"><strong data-start=\"951\" data-end=\"969\">Grande capacit\u00e9<\/strong>: Disponible en 56-76 litres, il offre un vaste espace de rangement pour le mat\u00e9riel, les v\u00eatements et les accessoires.<\/p>\n<\/li>\n<li data-start=\"1069\" data-end=\"1198\">\n<p data-start=\"1072\" data-end=\"1198\"><strong data-start=\"1072\" data-end=\"1093\">Logo personnalisable<\/strong>: Le sac \u00e0 dos peut \u00eatre personnalis\u00e9 avec des logos, ce qui le rend adapt\u00e9 \u00e0 des fins promotionnelles ou \u00e0 l'utilisation par une \u00e9quipe.<\/p>\n<\/li>\n<li data-start=\"1199\" data-end=\"1330\">\n<p data-start=\"1202\" data-end=\"1330\"><strong data-start=\"1202\" data-end=\"1225\">Confortable \u00e0 porter<\/strong>: Les bretelles matelass\u00e9es r\u00e9glables et le support dorsal garantissent le confort lors d'activit\u00e9s de plein air prolong\u00e9es.<\/p>\n<\/li>\n<li data-start=\"1331\" data-end=\"1468\">\n<p data-start=\"1334\" data-end=\"1468\"><strong data-start=\"1334\" data-end=\"1359\">Compartiments multiples<\/strong>: Comprend plusieurs compartiments pour un rangement organis\u00e9, y compris des poches pour les bouteilles d'eau et les petits outils.<\/p>\n<\/li>\n<li data-start=\"1469\" data-end=\"1601\">\n<p data-start=\"1472\" data-end=\"1601\"><strong data-start=\"1472\" data-end=\"1491\">Style polyvalent<\/strong>: Con\u00e7u pour les sports de plein air, il convient \u00e0 la randonn\u00e9e, au camping, au trekking et \u00e0 d'autres aventures.<\/p>\n<\/li>\n<li data-start=\"1602\" data-end=\"1702\">\n<p data-start=\"1605\" data-end=\"1702\"><strong data-start=\"1605\" data-end=\"1622\">Design unisexe<\/strong>: Le sac \u00e0 dos est con\u00e7u pour \u00eatre pratique et \u00e9l\u00e9gant pour les hommes et les femmes.<\/p>\n<\/li>\n<\/ol>\n<h2 data-start=\"1704\" data-end=\"1721\">Sp\u00e9cifications<\/h2>\n<div class=\"_tableContainer_1rjym_1\">\n<div class=\"group _tableWrapper_1rjym_13 flex w-fit flex-col-reverse\" tabindex=\"-1\">\n<table class=\"w-fit min-w-(--thread-content-width)\" data-start=\"1723\" data-end=\"2562\">\n<thead data-start=\"1723\" data-end=\"1782\">\n<tr data-start=\"1723\" data-end=\"1782\">\n<th data-start=\"1723\" data-end=\"1748\" data-col-size=\"sm\">Sp\u00e9cifications<\/th>\n<th data-start=\"1748\" data-end=\"1782\" data-col-size=\"sm\">D\u00e9tails<\/th>\n<\/tr>\n<\/thead>\n<tbody data-start=\"1843\" data-end=\"2562\">\n<tr data-start=\"1843\" data-end=\"1902\">\n<td data-start=\"1843\" data-end=\"1868\" data-col-size=\"sm\">Nom du produit<\/td>\n<td data-col-size=\"sm\" data-start=\"1868\" data-end=\"1902\">Sac \u00e0 dos d'ext\u00e9rieur<\/td>\n<\/tr>\n<tr data-start=\"1903\" data-end=\"1962\">\n<td data-start=\"1903\" data-end=\"1928\" data-col-size=\"sm\">Marque<\/td>\n<td data-start=\"1928\" data-end=\"1962\" data-col-size=\"sm\">RONEER<\/td>\n<\/tr>\n<tr data-start=\"1963\" data-end=\"2022\">\n<td data-start=\"1963\" data-end=\"1988\" data-col-size=\"sm\">Origine<\/td>\n<td data-col-size=\"sm\" data-start=\"1988\" data-end=\"2022\">Guangdong, Chine<\/td>\n<\/tr>\n<tr data-start=\"2023\" data-end=\"2082\">\n<td data-start=\"2023\" data-end=\"2048\" data-col-size=\"sm\">Mod\u00e8le<\/td>\n<td data-start=\"2048\" data-end=\"2082\" data-col-size=\"sm\">AL-2467<\/td>\n<\/tr>\n<tr data-start=\"2083\" data-end=\"2142\">\n<td data-start=\"2083\" data-end=\"2108\" data-col-size=\"sm\">Style<\/td>\n<td data-start=\"2108\" data-end=\"2142\" data-col-size=\"sm\">Sports de plein air<\/td>\n<\/tr>\n<tr data-start=\"2143\" data-end=\"2202\">\n<td data-start=\"2143\" data-end=\"2168\" data-col-size=\"sm\">Mat\u00e9riau<\/td>\n<td data-col-size=\"sm\" data-start=\"2168\" data-end=\"2202\">Nylon<\/td>\n<\/tr>\n<tr data-start=\"2203\" data-end=\"2262\">\n<td data-start=\"2203\" data-end=\"2228\" data-col-size=\"sm\">Genre<\/td>\n<td data-start=\"2228\" data-end=\"2262\" data-col-size=\"sm\">Unisexe<\/td>\n<\/tr>\n<tr data-start=\"2263\" data-end=\"2322\">\n<td data-start=\"2263\" data-end=\"2288\" data-col-size=\"sm\">Taille<\/td>\n<td data-col-size=\"sm\" data-start=\"2288\" data-end=\"2322\">Personnalisable<\/td>\n<\/tr>\n<tr data-start=\"2323\" data-end=\"2382\">\n<td data-start=\"2323\" data-end=\"2348\" data-col-size=\"sm\">Couleur<\/td>\n<td data-start=\"2348\" data-end=\"2382\" data-col-size=\"sm\">Personnalisable<\/td>\n<\/tr>\n<tr data-start=\"2383\" data-end=\"2442\">\n<td data-start=\"2383\" data-end=\"2408\" data-col-size=\"sm\">Capacit\u00e9<\/td>\n<td data-start=\"2408\" data-end=\"2442\" data-col-size=\"sm\">56-76 litres<\/td>\n<\/tr>\n<tr data-start=\"2443\" data-end=\"2502\">\n<td data-start=\"2443\" data-end=\"2468\" data-col-size=\"sm\">Fonctionnalit\u00e9<\/td>\n<td data-start=\"2468\" data-end=\"2502\" data-col-size=\"sm\">Imperm\u00e9able \u00e0 l'eau<\/td>\n<\/tr>\n<tr data-start=\"2503\" data-end=\"2562\">\n<td data-start=\"2503\" data-end=\"2528\" data-col-size=\"sm\">MOQ<\/td>\n<td data-start=\"2528\" data-end=\"2562\" data-col-size=\"sm\">300 (n\u00e9gociable)<\/td>\n<\/tr>\n<\/tbody>\n<\/table>\n<\/div>\n<\/div>\n<h2 data-start=\"2564\" data-end=\"2579\">Applications<\/h2>\n<ul data-start=\"2581\" data-end=\"2701\">\n<li data-start=\"2581\" data-end=\"2631\">\n<p data-start=\"2583\" data-end=\"2631\">Aventures en plein air telles que la randonn\u00e9e et le trekking<\/p>\n<\/li>\n<li data-start=\"2632\" data-end=\"2649\">\n<p data-start=\"2634\" data-end=\"2649\">Voyages en camping<\/p>\n<\/li>\n<li data-start=\"2650\" data-end=\"2671\">\n<p data-start=\"2652\" data-end=\"2671\">Activit\u00e9s sportives<\/p>\n<\/li>\n<li data-start=\"2672\" data-end=\"2701\">\n<p data-start=\"2674\" data-end=\"2701\">Utilisation pour les voyages et les exp\u00e9ditions<\/p>\n<\/li>\n<\/ul>\n<p data-start=\"2970\" data-end=\"3142\">Si vous \u00eates int\u00e9ress\u00e9 par ce sac \u00e0 dos, veuillez nous contacter pour demander un \u00e9chantillon. Les services ODM et OEM sont fournis pour r\u00e9pondre aux exigences sp\u00e9cifiques de marquage et de personnalisation.<\/p>","protected":false},"excerpt":{"rendered":"<p>Le sac \u00e0 dos Wholesale Nylon Outdoor Sports Backpack a \u00e9t\u00e9 con\u00e7u pour les amateurs d'activit\u00e9s de plein air qui appr\u00e9cient \u00e0 la fois la fonctionnalit\u00e9 et la durabilit\u00e9. Fabriqu\u00e9 en nylon de haute qualit\u00e9, ce sac \u00e0 dos est un compagnon fiable pour la randonn\u00e9e, le camping et divers sports de plein air. L\u00e9ger mais robuste, il peut contenir tous les \u00e9l\u00e9ments essentiels n\u00e9cessaires aux aventures en plein air. Son design unisexe permet \u00e0 tout le monde de l'utiliser, tandis que les couleurs et les tailles personnalisables le rendent polyvalent et adapt\u00e9 aux pr\u00e9f\u00e9rences de chacun.<\/p>","protected":false},"featured_media":4411,"comment_status":"open","ping_status":"closed","template":"","meta":{"site-sidebar-layout":"default","site-content-layout":"","ast-site-content-layout":"default","site-content-style":"default","site-sidebar-style":"default","ast-global-header-display":"","ast-banner-title-visibility":"","ast-main-header-display":"","ast-hfb-above-header-display":"","ast-hfb-below-header-display":"","ast-hfb-mobile-header-display":"","site-post-title":"","ast-breadcrumbs-content":"","ast-featured-img":"","footer-sml-layout":"","ast-disable-related-posts":"","theme-transparent-header-meta":"default","adv-header-id-meta":"","stick-header-meta":"","header-above-stick-meta":"","header-main-stick-meta":"","header-below-stick-meta":"","astra-migrate-meta-layouts":"set","ast-page-background-enabled":"default","ast-page-background-meta":{"desktop":{"background-color":"var(--ast-global-color-5)","background-image":"","background-repeat":"repeat","background-position":"center center","background-size":"auto","background-attachment":"scroll","background-type":"","background-media":"","overlay-type":"","overlay-color":"","overlay-opacity":"","overlay-gradient":""},"tablet":{"background-color":"","background-image":"","background-repeat":"repeat","background-position":"center center","background-size":"auto","background-attachment":"scroll","background-type":"","background-media":"","overlay-type":"","overlay-color":"","overlay-opacity":"","overlay-gradient":""},"mobile":{"background-color":"","background-image":"","background-repeat":"repeat","background-position":"center center","background-size":"auto","background-attachment":"scroll","background-type":"","background-media":"","overlay-type":"","overlay-color":"","overlay-opacity":"","overlay-gradient":""}},"ast-content-background-meta":{"desktop":{"background-color":"var(--ast-global-color-4)","background-image":"","background-repeat":"repeat","background-position":"center center","background-size":"auto","background-attachment":"scroll","background-type":"","background-media":"","overlay-type":"","overlay-color":"","overlay-opacity":"","overlay-gradient":""},"tablet":{"background-color":"var(--ast-global-color-4)","background-image":"","background-repeat":"repeat","background-position":"center center","background-size":"auto","background-attachment":"scroll","background-type":"","background-media":"","overlay-type":"","overlay-color":"","overlay-opacity":"","overlay-gradient":""},"mobile":{"background-color":"var(--ast-global-color-4)","background-image":"","background-repeat":"repeat","background-position":"center center","background-size":"auto","background-attachment":"scroll","background-type":"","background-media":"","overlay-type":"","overlay-color":"","overlay-opacity":"","overlay-gradient":""}}},"product_brand":[],"product_cat":[58,21],"product_tag":[],"class_list":{"0":"post-4404","1":"product","2":"type-product","3":"status-publish","4":"has-post-thumbnail","6":"product_cat-outdoor-bag","7":"product_cat-backpack","8":"desktop-align-left","9":"tablet-align-left","10":"mobile-align-left","12":"first","13":"instock","14":"shipping-taxable","15":"product-type-simple"},"_links":{"self":[{"href":"https:\/\/baijiabags.com\/fr\/wp-json\/wp\/v2\/product\/4404","targetHints":{"allow":["GET"]}}],"collection":[{"href":"https:\/\/baijiabags.com\/fr\/wp-json\/wp\/v2\/product"}],"about":[{"href":"https:\/\/baijiabags.com\/fr\/wp-json\/wp\/v2\/types\/product"}],"replies":[{"embeddable":true,"href":"https:\/\/baijiabags.com\/fr\/wp-json\/wp\/v2\/comments?post=4404"}],"wp:featuredmedia":[{"embeddable":true,"href":"https:\/\/baijiabags.com\/fr\/wp-json\/wp\/v2\/media\/4411"}],"wp:attachment":[{"href":"https:\/\/baijiabags.com\/fr\/wp-json\/wp\/v2\/media?parent=4404"}],"wp:term":[{"taxonomy":"product_brand","embeddable":true,"href":"https:\/\/baijiabags.com\/fr\/wp-json\/wp\/v2\/product_brand?post=4404"},{"taxonomy":"product_cat","embeddable":true,"href":"https:\/\/baijiabags.com\/fr\/wp-json\/wp\/v2\/product_cat?post=4404"},{"taxonomy":"product_tag","embeddable":true,"href":"https:\/\/baijiabags.com\/fr\/wp-json\/wp\/v2\/product_tag?post=4404"}],"curies":[{"name":"wp","href":"https:\/\/api.w.org\/{rel}","templated":true}]}}