{"id":4313,"date":"2025-11-01T02:49:20","date_gmt":"2025-11-01T02:49:20","guid":{"rendered":"https:\/\/baijiabags.com\/?post_type=product&#038;p=4313"},"modified":"2025-11-01T02:49:20","modified_gmt":"2025-11-01T02:49:20","slug":"factory-custom-lightweight-nylon-travel-backpack-with-zipper-closure-for-outdoor-camping-with-rain-cover","status":"publish","type":"product","link":"https:\/\/baijiabags.com\/fr\/produit\/factory-custom-lightweight-nylon-travel-backpack-with-zipper-closure-for-outdoor-camping-with-rain-cover\/","title":{"rendered":"Sac \u00e0 dos de voyage en nylon l\u00e9ger avec fermeture \u00e0 glissi\u00e8re pour le camping ext\u00e9rieur avec housse de protection contre la pluie"},"content":{"rendered":"<h2 data-start=\"548\" data-end=\"565\">Caract\u00e9ristiques principales :<span id=\"126\" class=\"notranslate immersive-translate-target-wrapper\" lang=\"zh-CN\" translate=\"no\" data-immersive-translate-loading-id=\"\">\u00a0 <\/span><\/h2>\n<ol data-start=\"566\" data-end=\"1851\">\n<li data-start=\"566\" data-end=\"758\">\n<p data-start=\"569\" data-end=\"758\"><strong data-start=\"569\" data-end=\"598\">Mati\u00e8re nylon imperm\u00e9able<\/strong>: Le sac \u00e0 dos est fabriqu\u00e9 \u00e0 partir d'un tissu en nylon robuste et imperm\u00e9able qui offre une protection contre la pluie, la poussi\u00e8re et la salet\u00e9, garantissant que vos effets personnels restent en s\u00e9curit\u00e9 et au sec.<span id=\"127\" class=\"notranslate immersive-translate-target-wrapper\" lang=\"zh-CN\" translate=\"no\" data-immersive-translate-loading-id=\"\">\u00a0 <\/span><\/p>\n<\/li>\n<li data-start=\"759\" data-end=\"913\">\n<p data-start=\"762\" data-end=\"913\"><strong data-start=\"762\" data-end=\"793\">Taille et couleur personnalisables<\/strong>: La taille et la couleur du sac \u00e0 dos peuvent \u00eatre adapt\u00e9es aux besoins individuels, ce qui permet un look et un ajustement personnalis\u00e9s.<span id=\"128\" class=\"notranslate immersive-translate-target-wrapper\" lang=\"zh-CN\" translate=\"no\" data-immersive-translate-loading-id=\"\">\u00a0 <\/span><\/p>\n<\/li>\n<li data-start=\"914\" data-end=\"1052\">\n<p data-start=\"917\" data-end=\"1052\"><strong data-start=\"917\" data-end=\"935\">Fermeture \u00e0 glissi\u00e8re<\/strong>: Le sac \u00e0 dos est dot\u00e9 d'une fermeture \u00e0 glissi\u00e8re s\u00e9curis\u00e9e pour que vos effets personnels soient en s\u00e9curit\u00e9 et facilement accessibles lorsque vous \u00eates en d\u00e9placement.<span id=\"129\" class=\"notranslate immersive-translate-target-wrapper\" lang=\"zh-CN\" translate=\"no\" data-immersive-translate-loading-id=\"\">\u00a0 <\/span><\/p>\n<\/li>\n<li data-start=\"1053\" data-end=\"1228\">\n<p data-start=\"1056\" data-end=\"1228\"><strong data-start=\"1056\" data-end=\"1078\">Conception l\u00e9g\u00e8re<\/strong>: Malgr\u00e9 sa grande capacit\u00e9, le sac \u00e0 dos est incroyablement l\u00e9ger, ce qui le rend parfait pour les longs voyages et les aventures en plein air o\u00f9 le confort est essentiel.<span id=\"130\" class=\"notranslate immersive-translate-target-wrapper\" lang=\"zh-CN\" translate=\"no\" data-immersive-translate-loading-id=\"\">\u00a0 <\/span><\/p>\n<\/li>\n<li data-start=\"1229\" data-end=\"1409\">\n<p data-start=\"1232\" data-end=\"1409\"><strong data-start=\"1232\" data-end=\"1255\">Housse de pluie incluse<\/strong>: Une housse de protection contre la pluie est incluse. Elle peut \u00eatre facilement rang\u00e9e ou d\u00e9ploy\u00e9e en cas de besoin, garantissant que votre \u00e9quipement reste au sec par temps impr\u00e9visible.<span id=\"131\" class=\"notranslate immersive-translate-target-wrapper\" lang=\"zh-CN\" translate=\"no\" data-immersive-translate-loading-id=\"\">\u00a0 <\/span><\/p>\n<\/li>\n<li data-start=\"1410\" data-end=\"1570\">\n<p data-start=\"1413\" data-end=\"1570\"><strong data-start=\"1413\" data-end=\"1439\">Conception ergonomique<\/strong>: Avec ses bretelles r\u00e9glables et son support dorsal rembourr\u00e9, ce sac \u00e0 dos est con\u00e7u pour offrir un maximum de confort, m\u00eame en cas d'utilisation prolong\u00e9e.<span id=\"132\" class=\"notranslate immersive-translate-target-wrapper\" lang=\"zh-CN\" translate=\"no\" data-immersive-translate-loading-id=\"\">\u00a0 <\/span><\/p>\n<\/li>\n<li data-start=\"1571\" data-end=\"1697\">\n<p data-start=\"1574\" data-end=\"1697\"><strong data-start=\"1574\" data-end=\"1595\">Logo personnalisable<\/strong>: Le logo peut \u00eatre enti\u00e8rement personnalis\u00e9, ce qui en fait un excellent choix pour les marques ou les cadeaux promotionnels.<span id=\"133\" class=\"notranslate immersive-translate-target-wrapper\" lang=\"zh-CN\" translate=\"no\" data-immersive-translate-loading-id=\"\">\u00a0 <\/span><\/p>\n<\/li>\n<li data-start=\"1698\" data-end=\"1851\">\n<p data-start=\"1701\" data-end=\"1851\"><strong data-start=\"1701\" data-end=\"1725\">Construction durable<\/strong>: Construit pour durer, ce sac \u00e0 dos est con\u00e7u pour r\u00e9sister aux conditions ext\u00e9rieures difficiles tout en conservant sa forme et sa fonctionnalit\u00e9.<span id=\"134\" class=\"notranslate immersive-translate-target-wrapper\" lang=\"zh-CN\" translate=\"no\" data-immersive-translate-loading-id=\"\">\u00a0 <\/span><\/p>\n<\/li>\n<\/ol>\n<h2 data-start=\"1853\" data-end=\"1872\">Sp\u00e9cifications :<span id=\"152\" class=\"notranslate immersive-translate-target-wrapper\" lang=\"zh-CN\" translate=\"no\" data-immersive-translate-loading-id=\"\">\u00a0 <\/span><\/h2>\n<div class=\"_tableContainer_1rjym_1\">\n<div class=\"group _tableWrapper_1rjym_13 flex w-fit flex-col-reverse\" tabindex=\"-1\">\n<table class=\"w-fit min-w-(--thread-content-width)\" data-start=\"1874\" data-end=\"2750\">\n<thead data-start=\"1874\" data-end=\"1945\">\n<tr data-start=\"1874\" data-end=\"1945\">\n<th data-start=\"1874\" data-end=\"1897\" data-col-size=\"sm\"><strong data-start=\"1876\" data-end=\"1889\">Param\u00e8tres<span id=\"153\" class=\"notranslate immersive-translate-target-wrapper\" lang=\"zh-CN\" translate=\"no\" data-immersive-translate-loading-id=\"\">\u00a0 <\/span><\/strong><\/th>\n<th data-start=\"1897\" data-end=\"1945\" data-col-size=\"md\"><strong data-start=\"1899\" data-end=\"1914\">Description<span id=\"154\" class=\"notranslate immersive-translate-target-wrapper\" lang=\"zh-CN\" translate=\"no\" data-immersive-translate-loading-id=\"\">\u00a0 <\/span><\/strong><\/th>\n<\/tr>\n<\/thead>\n<tbody data-start=\"2018\" data-end=\"2750\">\n<tr data-start=\"2018\" data-end=\"2089\">\n<td data-start=\"2018\" data-end=\"2041\" data-col-size=\"sm\"><strong data-start=\"2020\" data-end=\"2029\">Marque<span id=\"155\" class=\"notranslate immersive-translate-target-wrapper\" lang=\"zh-CN\" translate=\"no\" data-immersive-translate-loading-id=\"\">\u00a0 <\/span><\/strong><\/td>\n<td data-col-size=\"md\" data-start=\"2041\" data-end=\"2089\">RONEER<\/td>\n<\/tr>\n<tr data-start=\"2090\" data-end=\"2161\">\n<td data-start=\"2090\" data-end=\"2113\" data-col-size=\"sm\"><strong data-start=\"2092\" data-end=\"2101\">Mod\u00e8le<\/strong><\/td>\n<td data-start=\"2113\" data-end=\"2161\" data-col-size=\"md\">BJ-148<\/td>\n<\/tr>\n<tr data-start=\"2162\" data-end=\"2233\">\n<td data-start=\"2162\" data-end=\"2185\" data-col-size=\"sm\"><strong data-start=\"2164\" data-end=\"2176\">Mat\u00e9riau<span id=\"137\" class=\"notranslate immersive-translate-target-wrapper\" lang=\"zh-CN\" translate=\"no\" data-immersive-translate-loading-id=\"\">\u00a0 <\/span><\/strong><\/td>\n<td data-col-size=\"md\" data-start=\"2185\" data-end=\"2233\">Nylon imperm\u00e9able<span id=\"136\" class=\"notranslate immersive-translate-target-wrapper\" lang=\"zh-CN\" translate=\"no\" data-immersive-translate-loading-id=\"\">\u00a0 <\/span><\/td>\n<\/tr>\n<tr data-start=\"2234\" data-end=\"2305\">\n<td data-start=\"2234\" data-end=\"2257\" data-col-size=\"sm\"><strong data-start=\"2236\" data-end=\"2244\">Taille<span id=\"156\" class=\"notranslate immersive-translate-target-wrapper\" lang=\"zh-CN\" translate=\"no\" data-immersive-translate-loading-id=\"\">\u00a0 <\/span><\/strong><\/td>\n<td data-start=\"2257\" data-end=\"2305\" data-col-size=\"md\">Personnalisable (taille standard disponible)<span id=\"138\" class=\"notranslate immersive-translate-target-wrapper\" lang=\"zh-CN\" translate=\"no\" data-immersive-translate-loading-id=\"\">\u00a0 <\/span><\/td>\n<\/tr>\n<tr data-start=\"2306\" data-end=\"2377\">\n<td data-start=\"2306\" data-end=\"2329\" data-col-size=\"sm\"><strong data-start=\"2308\" data-end=\"2317\">Couleur<span id=\"157\" class=\"notranslate immersive-translate-target-wrapper\" lang=\"zh-CN\" translate=\"no\" data-immersive-translate-loading-id=\"\">\u00a0 <\/span><\/strong><\/td>\n<td data-col-size=\"md\" data-start=\"2329\" data-end=\"2377\">Personnalisable<span id=\"139\" class=\"notranslate immersive-translate-target-wrapper\" lang=\"zh-CN\" translate=\"no\" data-immersive-translate-loading-id=\"\">\u00a0 <\/span><\/td>\n<\/tr>\n<tr data-start=\"2378\" data-end=\"2449\">\n<td data-start=\"2378\" data-end=\"2401\" data-col-size=\"sm\"><strong data-start=\"2380\" data-end=\"2391\">Fermeture<span id=\"158\" class=\"notranslate immersive-translate-target-wrapper\" lang=\"zh-CN\" translate=\"no\" data-immersive-translate-loading-id=\"\">\u00a0 <\/span><\/strong><\/td>\n<td data-start=\"2401\" data-end=\"2449\" data-col-size=\"md\">Fermeture \u00e0 glissi\u00e8re<span id=\"159\" class=\"notranslate immersive-translate-target-wrapper\" lang=\"zh-CN\" translate=\"no\" data-immersive-translate-loading-id=\"\">\u00a0 <\/span><\/td>\n<\/tr>\n<tr data-start=\"2450\" data-end=\"2521\">\n<td data-start=\"2450\" data-end=\"2473\" data-col-size=\"sm\"><strong data-start=\"2452\" data-end=\"2466\">Housse de pluie<span id=\"141\" class=\"notranslate immersive-translate-target-wrapper\" lang=\"zh-CN\" translate=\"no\" data-immersive-translate-loading-id=\"\">\u00a0 <\/span><\/strong><\/td>\n<td data-col-size=\"md\" data-start=\"2473\" data-end=\"2521\">Inclus<span id=\"140\" class=\"notranslate immersive-translate-target-wrapper\" lang=\"zh-CN\" translate=\"no\" data-immersive-translate-loading-id=\"\">\u00a0 <\/span><\/td>\n<\/tr>\n<tr data-start=\"2522\" data-end=\"2593\">\n<td data-start=\"2522\" data-end=\"2547\" data-col-size=\"sm\"><strong data-start=\"2524\" data-end=\"2546\">Personnalisation du logo<span id=\"143\" class=\"notranslate immersive-translate-target-wrapper\" lang=\"zh-CN\" translate=\"no\" data-immersive-translate-loading-id=\"\">\u00a0 <\/span><\/strong><\/td>\n<td data-col-size=\"md\" data-start=\"2547\" data-end=\"2593\">Disponible<span id=\"142\" class=\"notranslate immersive-translate-target-wrapper\" lang=\"zh-CN\" translate=\"no\" data-immersive-translate-loading-id=\"\">\u00a0 <\/span><\/td>\n<\/tr>\n<tr data-start=\"2594\" data-end=\"2661\">\n<td data-start=\"2594\" data-end=\"2629\" data-col-size=\"sm\"><strong data-start=\"2596\" data-end=\"2628\">MOQ (Minimum Order Quantity)<span id=\"160\" class=\"notranslate immersive-translate-target-wrapper\" lang=\"zh-CN\" translate=\"no\" data-immersive-translate-loading-id=\"\">\u00a0 <\/span><\/strong><\/td>\n<td data-col-size=\"md\" data-start=\"2629\" data-end=\"2661\">300 (n\u00e9gociable)<span id=\"144\" class=\"notranslate immersive-translate-target-wrapper\" lang=\"zh-CN\" translate=\"no\" data-immersive-translate-loading-id=\"\">\u00a0 <\/span><\/td>\n<\/tr>\n<tr data-start=\"2662\" data-end=\"2750\">\n<td data-start=\"2662\" data-end=\"2685\" data-col-size=\"sm\"><strong data-start=\"2664\" data-end=\"2680\">Applications<span id=\"145\" class=\"notranslate immersive-translate-target-wrapper\" lang=\"zh-CN\" translate=\"no\" data-immersive-translate-loading-id=\"\">\u00a0 <\/span><\/strong><\/td>\n<td data-col-size=\"md\" data-start=\"2685\" data-end=\"2750\">Utilisation quotidienne, voyages, activit\u00e9s de plein air (camping, randonn\u00e9e, etc.)<span id=\"146\" class=\"notranslate immersive-translate-target-wrapper\" lang=\"zh-CN\" translate=\"no\" data-immersive-translate-loading-id=\"\">\u00a0 <\/span><\/td>\n<\/tr>\n<\/tbody>\n<\/table>\n<\/div>\n<\/div>\n<h2 data-start=\"2752\" data-end=\"2769\">Applications :<span id=\"161\" class=\"notranslate immersive-translate-target-wrapper\" lang=\"zh-CN\" translate=\"no\" data-immersive-translate-loading-id=\"\">\u00a0 <\/span><\/h2>\n<ul data-start=\"2832\" data-end=\"3422\">\n<li data-start=\"2832\" data-end=\"2934\">\n<p data-start=\"2834\" data-end=\"2934\"><strong data-start=\"2834\" data-end=\"2853\">Trajets quotidiens<\/strong>: Id\u00e9al pour les personnes qui ont besoin d'un sac \u00e0 dos durable et compact pour un usage quotidien.<span id=\"148\" class=\"notranslate immersive-translate-target-wrapper\" lang=\"zh-CN\" translate=\"no\" data-immersive-translate-loading-id=\"\">\u00a0 <\/span><\/p>\n<\/li>\n<li data-start=\"2935\" data-end=\"3082\">\n<p data-start=\"2937\" data-end=\"3082\"><strong data-start=\"2937\" data-end=\"2950\">Voyages<\/strong>: Qu'il s'agisse d'un court voyage ou de longues vacances, sa conception spacieuse et ses caract\u00e9ristiques d'\u00e9tanch\u00e9it\u00e9 en font un compagnon de voyage fiable.<span id=\"149\" class=\"notranslate immersive-translate-target-wrapper\" lang=\"zh-CN\" translate=\"no\" data-immersive-translate-loading-id=\"\">\u00a0 <\/span><\/p>\n<\/li>\n<li data-start=\"3083\" data-end=\"3270\">\n<p data-start=\"3085\" data-end=\"3270\"><strong data-start=\"3085\" data-end=\"3107\">Activit\u00e9s de plein air<\/strong>: Le mat\u00e9riau imperm\u00e9able et la housse de pluie en font un excellent choix pour la randonn\u00e9e, le camping et d'autres aventures en plein air, prot\u00e9geant votre mat\u00e9riel des intemp\u00e9ries.<span id=\"150\" class=\"notranslate immersive-translate-target-wrapper\" lang=\"zh-CN\" translate=\"no\" data-immersive-translate-loading-id=\"\">\u00a0 <\/span><\/p>\n<\/li>\n<li data-start=\"3271\" data-end=\"3422\">\n<p data-start=\"3273\" data-end=\"3422\"><strong data-start=\"3273\" data-end=\"3283\">Sports<\/strong>: Sa l\u00e9g\u00e8ret\u00e9 en fait un excellent choix pour les amateurs de sport, offrant une grande facilit\u00e9 de mouvement et un grand confort pendant les activit\u00e9s athl\u00e9tiques.<span id=\"151\" class=\"notranslate immersive-translate-target-wrapper\" lang=\"zh-CN\" translate=\"no\" data-immersive-translate-loading-id=\"\">\u00a0 <\/span><\/p>\n<\/li>\n<\/ul>\n<p data-start=\"3424\" data-end=\"3619\" data-is-last-node=\"\" data-is-only-node=\"\">Si vous \u00eates int\u00e9ress\u00e9 par ce sac \u00e0 dos polyvalent et performant, n'h\u00e9sitez pas \u00e0 nous contacter pour demander un \u00e9chantillon. Nous proposons \u00e9galement <strong data-start=\"3557\" data-end=\"3579\">Services ODM et OEM<\/strong> pour r\u00e9pondre \u00e0 vos besoins sp\u00e9cifiques.<span id=\"162\" class=\"notranslate immersive-translate-target-wrapper\" lang=\"zh-CN\" translate=\"no\" data-immersive-translate-loading-id=\"\">\u00a0 <\/span><\/p>","protected":false},"excerpt":{"rendered":"<p>Les <strong data-start=\"72\" data-end=\"116\">\u00a0Sac \u00e0 dos de voyage l\u00e9ger en nylon<\/strong> est une solution de haute qualit\u00e9, durable et polyvalente, con\u00e7ue pour les amateurs de plein air, les voyageurs et les aventuriers. Fabriqu\u00e9 avec <strong data-start=\"254\" data-end=\"280\">mat\u00e9riau en nylon de premi\u00e8re qualit\u00e9<\/strong>Ce sac \u00e0 dos est con\u00e7u pour offrir \u00e0 la fois confort et protection \u00e0 vos effets personnels lors de diverses activit\u00e9s de plein air, notamment le camping, la randonn\u00e9e et les trajets quotidiens. Dot\u00e9 d'un <strong data-start=\"465\" data-end=\"479\">housse de protection contre la pluie<\/strong>Il garantit que vos articles restent au sec, quelles que soient les conditions m\u00e9t\u00e9orologiques.<span id=\"125\" class=\"notranslate immersive-translate-target-wrapper\" lang=\"zh-CN\" translate=\"no\" data-immersive-translate-loading-id=\"\">\u00a0 <\/span><\/p>","protected":false},"featured_media":4314,"comment_status":"open","ping_status":"closed","template":"","meta":{"site-sidebar-layout":"default","site-content-layout":"","ast-site-content-layout":"default","site-content-style":"default","site-sidebar-style":"default","ast-global-header-display":"","ast-banner-title-visibility":"","ast-main-header-display":"","ast-hfb-above-header-display":"","ast-hfb-below-header-display":"","ast-hfb-mobile-header-display":"","site-post-title":"","ast-breadcrumbs-content":"","ast-featured-img":"","footer-sml-layout":"","ast-disable-related-posts":"","theme-transparent-header-meta":"default","adv-header-id-meta":"","stick-header-meta":"","header-above-stick-meta":"","header-main-stick-meta":"","header-below-stick-meta":"","astra-migrate-meta-layouts":"set","ast-page-background-enabled":"default","ast-page-background-meta":{"desktop":{"background-color":"var(--ast-global-color-5)","background-image":"","background-repeat":"repeat","background-position":"center center","background-size":"auto","background-attachment":"scroll","background-type":"","background-media":"","overlay-type":"","overlay-color":"","overlay-opacity":"","overlay-gradient":""},"tablet":{"background-color":"","background-image":"","background-repeat":"repeat","background-position":"center center","background-size":"auto","background-attachment":"scroll","background-type":"","background-media":"","overlay-type":"","overlay-color":"","overlay-opacity":"","overlay-gradient":""},"mobile":{"background-color":"","background-image":"","background-repeat":"repeat","background-position":"center center","background-size":"auto","background-attachment":"scroll","background-type":"","background-media":"","overlay-type":"","overlay-color":"","overlay-opacity":"","overlay-gradient":""}},"ast-content-background-meta":{"desktop":{"background-color":"var(--ast-global-color-4)","background-image":"","background-repeat":"repeat","background-position":"center center","background-size":"auto","background-attachment":"scroll","background-type":"","background-media":"","overlay-type":"","overlay-color":"","overlay-opacity":"","overlay-gradient":""},"tablet":{"background-color":"var(--ast-global-color-4)","background-image":"","background-repeat":"repeat","background-position":"center center","background-size":"auto","background-attachment":"scroll","background-type":"","background-media":"","overlay-type":"","overlay-color":"","overlay-opacity":"","overlay-gradient":""},"mobile":{"background-color":"var(--ast-global-color-4)","background-image":"","background-repeat":"repeat","background-position":"center center","background-size":"auto","background-attachment":"scroll","background-type":"","background-media":"","overlay-type":"","overlay-color":"","overlay-opacity":"","overlay-gradient":""}}},"product_brand":[],"product_cat":[21,58],"product_tag":[],"class_list":{"0":"post-4313","1":"product","2":"type-product","3":"status-publish","4":"has-post-thumbnail","6":"product_cat-backpack","7":"product_cat-outdoor-bag","8":"desktop-align-left","9":"tablet-align-left","10":"mobile-align-left","12":"first","13":"instock","14":"shipping-taxable","15":"product-type-simple"},"_links":{"self":[{"href":"https:\/\/baijiabags.com\/fr\/wp-json\/wp\/v2\/product\/4313","targetHints":{"allow":["GET"]}}],"collection":[{"href":"https:\/\/baijiabags.com\/fr\/wp-json\/wp\/v2\/product"}],"about":[{"href":"https:\/\/baijiabags.com\/fr\/wp-json\/wp\/v2\/types\/product"}],"replies":[{"embeddable":true,"href":"https:\/\/baijiabags.com\/fr\/wp-json\/wp\/v2\/comments?post=4313"}],"wp:featuredmedia":[{"embeddable":true,"href":"https:\/\/baijiabags.com\/fr\/wp-json\/wp\/v2\/media\/4314"}],"wp:attachment":[{"href":"https:\/\/baijiabags.com\/fr\/wp-json\/wp\/v2\/media?parent=4313"}],"wp:term":[{"taxonomy":"product_brand","embeddable":true,"href":"https:\/\/baijiabags.com\/fr\/wp-json\/wp\/v2\/product_brand?post=4313"},{"taxonomy":"product_cat","embeddable":true,"href":"https:\/\/baijiabags.com\/fr\/wp-json\/wp\/v2\/product_cat?post=4313"},{"taxonomy":"product_tag","embeddable":true,"href":"https:\/\/baijiabags.com\/fr\/wp-json\/wp\/v2\/product_tag?post=4313"}],"curies":[{"name":"wp","href":"https:\/\/api.w.org\/{rel}","templated":true}]}}