{"id":4224,"date":"2025-10-29T06:11:15","date_gmt":"2025-10-29T06:11:15","guid":{"rendered":"https:\/\/baijiabags.com\/?post_type=product&#038;p=4224"},"modified":"2025-11-01T01:21:34","modified_gmt":"2025-11-01T01:21:34","slug":"wholesale-womens-business-casual-handbag-crossbody-bag-crocodile-pattern-waterproof-multifunction-tote-bag","status":"publish","type":"product","link":"https:\/\/baijiabags.com\/fr\/produit\/wholesale-womens-business-casual-handbag-crossbody-bag-crocodile-pattern-waterproof-multifunction-tote-bag\/","title":{"rendered":"Wholesale Women's Business Casual Handbag Crossbody Bag Crocodile Pattern Waterproof Multifunction Tote Bag"},"content":{"rendered":"<h2 data-start=\"710\" data-end=\"725\">Caract\u00e9ristiques principales<\/h2>\n<ol data-start=\"727\" data-end=\"1527\">\n<li data-start=\"727\" data-end=\"855\">\n<p data-start=\"730\" data-end=\"855\"><strong data-start=\"730\" data-end=\"753\">Mat\u00e9riau imperm\u00e9able<\/strong> - Fabriqu\u00e9 en cuir PU durable, le sac r\u00e9siste \u00e0 la p\u00e9n\u00e9tration de l'eau et garde les effets personnels en s\u00e9curit\u00e9.<\/p>\n<\/li>\n<li data-start=\"856\" data-end=\"956\">\n<p data-start=\"859\" data-end=\"956\"><strong data-start=\"859\" data-end=\"887\">Motif crocodile<\/strong> - La surface textur\u00e9e ajoute une touche d'\u00e9l\u00e9gance et de mode.<\/p>\n<\/li>\n<li data-start=\"957\" data-end=\"1059\">\n<p data-start=\"960\" data-end=\"1059\"><strong data-start=\"960\" data-end=\"983\">Utilisation multifonctionnelle<\/strong> - Peut \u00eatre port\u00e9 comme un sac \u00e0 bandouli\u00e8re ou un sac fourre-tout, selon l'occasion.<\/p>\n<\/li>\n<li data-start=\"1060\" data-end=\"1156\">\n<p data-start=\"1063\" data-end=\"1156\"><strong data-start=\"1063\" data-end=\"1084\">Logo personnalisable<\/strong> - Le marquage peut \u00eatre personnalis\u00e9 \u00e0 des fins corporatives ou promotionnelles.<\/p>\n<\/li>\n<li data-start=\"1157\" data-end=\"1234\">\n<p data-start=\"1160\" data-end=\"1234\"><strong data-start=\"1160\" data-end=\"1184\">Polyvalence saisonni\u00e8re<\/strong> - Convient aux tenues d'automne, de printemps et d'hiver.<\/p>\n<\/li>\n<li data-start=\"1235\" data-end=\"1336\">\n<p data-start=\"1238\" data-end=\"1336\"><strong data-start=\"1238\" data-end=\"1259\">Int\u00e9rieur spacieux<\/strong> - Offre suffisamment d'espace pour les objets essentiels tels que les portefeuilles, les t\u00e9l\u00e9phones et les tablettes.<\/p>\n<\/li>\n<li data-start=\"1337\" data-end=\"1427\">\n<p data-start=\"1340\" data-end=\"1427\"><strong data-start=\"1340\" data-end=\"1361\">Bretelles r\u00e9glables<\/strong> - Assure une longueur de portage confortable pour diff\u00e9rents types de corps.<\/p>\n<\/li>\n<li data-start=\"1428\" data-end=\"1527\">\n<p data-start=\"1431\" data-end=\"1527\"><strong data-start=\"1431\" data-end=\"1456\">Une fabrication durable<\/strong> - Les coutures et les mat\u00e9riaux de haute qualit\u00e9 garantissent une utilisation durable.<\/p>\n<\/li>\n<\/ol>\n<h2 data-start=\"1529\" data-end=\"1546\">Sp\u00e9cifications<\/h2>\n<div class=\"_tableContainer_1rjym_1\">\n<div class=\"group _tableWrapper_1rjym_13 flex w-fit flex-col-reverse\" tabindex=\"-1\">\n<table class=\"w-fit min-w-(--thread-content-width)\" data-start=\"1548\" data-end=\"2601\">\n<thead data-start=\"1548\" data-end=\"1612\">\n<tr data-start=\"1548\" data-end=\"1612\">\n<th data-start=\"1548\" data-end=\"1570\" data-col-size=\"sm\">Param\u00e8tres<\/th>\n<th data-start=\"1570\" data-end=\"1612\" data-col-size=\"sm\">D\u00e9tails<\/th>\n<\/tr>\n<\/thead>\n<tbody data-start=\"1677\" data-end=\"2601\">\n<tr data-start=\"1677\" data-end=\"1741\">\n<td data-start=\"1677\" data-end=\"1699\" data-col-size=\"sm\">Nom du produit<\/td>\n<td data-col-size=\"sm\" data-start=\"1699\" data-end=\"1741\">Sacs \u00e0 main<\/td>\n<\/tr>\n<tr data-start=\"1742\" data-end=\"1806\">\n<td data-start=\"1742\" data-end=\"1764\" data-col-size=\"sm\">Marque<\/td>\n<td data-col-size=\"sm\" data-start=\"1764\" data-end=\"1806\">RONEER<\/td>\n<\/tr>\n<tr data-start=\"1807\" data-end=\"1872\">\n<td data-start=\"1807\" data-end=\"1829\" data-col-size=\"sm\">Origine<\/td>\n<td data-col-size=\"sm\" data-start=\"1829\" data-end=\"1872\">Guangdong, Chine<\/td>\n<\/tr>\n<tr data-start=\"1873\" data-end=\"1937\">\n<td data-start=\"1873\" data-end=\"1895\" data-col-size=\"sm\">Mod\u00e8le<\/td>\n<td data-col-size=\"sm\" data-start=\"1895\" data-end=\"1937\">AL-2266<\/td>\n<\/tr>\n<tr data-start=\"1938\" data-end=\"2003\">\n<td data-start=\"1938\" data-end=\"1960\" data-col-size=\"sm\">Style<\/td>\n<td data-col-size=\"sm\" data-start=\"1960\" data-end=\"2003\">La mode<\/td>\n<\/tr>\n<tr data-start=\"2004\" data-end=\"2069\">\n<td data-start=\"2004\" data-end=\"2026\" data-col-size=\"sm\">Logo<\/td>\n<td data-col-size=\"sm\" data-start=\"2026\" data-end=\"2069\">Personnalisable<\/td>\n<\/tr>\n<tr data-start=\"2070\" data-end=\"2135\">\n<td data-start=\"2070\" data-end=\"2092\" data-col-size=\"sm\">Mat\u00e9riau principal<\/td>\n<td data-col-size=\"sm\" data-start=\"2092\" data-end=\"2135\">Cuir PU<\/td>\n<\/tr>\n<tr data-start=\"2136\" data-end=\"2201\">\n<td data-start=\"2136\" data-end=\"2158\" data-col-size=\"sm\">Saison<\/td>\n<td data-col-size=\"sm\" data-start=\"2158\" data-end=\"2201\">Automne, printemps, hiver<\/td>\n<\/tr>\n<tr data-start=\"2202\" data-end=\"2268\">\n<td data-start=\"2202\" data-end=\"2224\" data-col-size=\"sm\">Taille<\/td>\n<td data-col-size=\"sm\" data-start=\"2224\" data-end=\"2268\">Personnalisable<\/td>\n<\/tr>\n<tr data-start=\"2269\" data-end=\"2335\">\n<td data-start=\"2269\" data-end=\"2291\" data-col-size=\"sm\">Couleur<\/td>\n<td data-col-size=\"sm\" data-start=\"2291\" data-end=\"2335\">Personnalisable<\/td>\n<\/tr>\n<tr data-start=\"2336\" data-end=\"2401\">\n<td data-start=\"2336\" data-end=\"2358\" data-col-size=\"sm\">Genre<\/td>\n<td data-start=\"2358\" data-end=\"2401\" data-col-size=\"sm\">Les femmes<\/td>\n<\/tr>\n<tr data-start=\"2402\" data-end=\"2468\">\n<td data-start=\"2402\" data-end=\"2424\" data-col-size=\"sm\">Caract\u00e9ristiques<\/td>\n<td data-col-size=\"sm\" data-start=\"2424\" data-end=\"2468\">Imperm\u00e9able \u00e0 l'eau<\/td>\n<\/tr>\n<tr data-start=\"2469\" data-end=\"2534\">\n<td data-start=\"2469\" data-end=\"2491\" data-col-size=\"sm\">MOQ<\/td>\n<td data-col-size=\"sm\" data-start=\"2491\" data-end=\"2534\">300 (n\u00e9gociable)<\/td>\n<\/tr>\n<tr data-start=\"2535\" data-end=\"2601\">\n<td data-start=\"2535\" data-end=\"2557\" data-col-size=\"sm\">Application<\/td>\n<td data-col-size=\"sm\" data-start=\"2557\" data-end=\"2601\">Voyage, quotidien<\/td>\n<\/tr>\n<\/tbody>\n<\/table>\n<\/div>\n<\/div>\n<h2 data-start=\"2603\" data-end=\"2618\">Applications<\/h2>\n<ul data-start=\"2620\" data-end=\"2955\">\n<li data-start=\"2620\" data-end=\"2693\">\n<p data-start=\"2622\" data-end=\"2693\"><strong data-start=\"2622\" data-end=\"2640\">Trajet quotidien :<\/strong> Parfait pour transporter avec style les objets essentiels de tous les jours.<\/p>\n<\/li>\n<li data-start=\"2694\" data-end=\"2791\">\n<p data-start=\"2696\" data-end=\"2791\"><strong data-start=\"2696\" data-end=\"2725\">D\u00e9contract\u00e9 et d\u00e9contract\u00e9 d'affaires :<\/strong> Compl\u00e8te la tenue professionnelle tout en restant pratique.<\/p>\n<\/li>\n<li data-start=\"2792\" data-end=\"2870\">\n<p data-start=\"2794\" data-end=\"2870\"><strong data-start=\"2794\" data-end=\"2805\">Voyage :<\/strong> L\u00e9ger et suffisamment spacieux pour les courts trajets ou les visites de la ville.<\/p>\n<\/li>\n<li data-start=\"2871\" data-end=\"2955\">\n<p data-start=\"2873\" data-end=\"2955\"><strong data-start=\"2873\" data-end=\"2897\">Faire des achats ou des courses :<\/strong> Pratique pour une utilisation mains libres gr\u00e2ce \u00e0 la sangle transversale.<\/p>\n<\/li>\n<\/ul>\n<p data-start=\"2957\" data-end=\"3239\">\u00a0Si vous \u00eates int\u00e9ress\u00e9 par ce sac, veuillez nous contacter pour demander des \u00e9chantillons. <strong data-start=\"3122\" data-end=\"3158\">Les services ODM et OEM sont disponibles<\/strong>Des options de marquage et de personnalisation peuvent \u00eatre propos\u00e9es en fonction des besoins de l'entreprise.<\/p>","protected":false},"excerpt":{"rendered":"<p>Les <strong data-start=\"107\" data-end=\"218\">Wholesale Women's Business Casual Handbag Crossbody Bag Crocodile Pattern Waterproof Multifunction Tote Bag<\/strong> par <strong data-start=\"222\" data-end=\"232\">RONEER<\/strong> est con\u00e7u pour les femmes qui appr\u00e9cient \u00e0 la fois le style et l'aspect pratique. Ce sac \u00e0 main est fabriqu\u00e9 avec <strong data-start=\"323\" data-end=\"350\">cuir PU de haute qualit\u00e9<\/strong>Il est dot\u00e9 d'une finition luxueuse au motif crocodile. Ses <strong data-start=\"403\" data-end=\"425\">fonction imperm\u00e9able \u00e0 l'eau<\/strong> garantit que le sac reste prot\u00e9g\u00e9 contre les \u00e9claboussures inattendues et les pluies l\u00e9g\u00e8res, ce qui le rend id\u00e9al pour diverses situations quotidiennes.<\/p>","protected":false},"featured_media":4228,"comment_status":"open","ping_status":"closed","template":"","meta":{"site-sidebar-layout":"default","site-content-layout":"","ast-site-content-layout":"default","site-content-style":"default","site-sidebar-style":"default","ast-global-header-display":"","ast-banner-title-visibility":"","ast-main-header-display":"","ast-hfb-above-header-display":"","ast-hfb-below-header-display":"","ast-hfb-mobile-header-display":"","site-post-title":"","ast-breadcrumbs-content":"","ast-featured-img":"","footer-sml-layout":"","ast-disable-related-posts":"","theme-transparent-header-meta":"default","adv-header-id-meta":"","stick-header-meta":"","header-above-stick-meta":"","header-main-stick-meta":"","header-below-stick-meta":"","astra-migrate-meta-layouts":"set","ast-page-background-enabled":"default","ast-page-background-meta":{"desktop":{"background-color":"var(--ast-global-color-5)","background-image":"","background-repeat":"repeat","background-position":"center center","background-size":"auto","background-attachment":"scroll","background-type":"","background-media":"","overlay-type":"","overlay-color":"","overlay-opacity":"","overlay-gradient":""},"tablet":{"background-color":"","background-image":"","background-repeat":"repeat","background-position":"center center","background-size":"auto","background-attachment":"scroll","background-type":"","background-media":"","overlay-type":"","overlay-color":"","overlay-opacity":"","overlay-gradient":""},"mobile":{"background-color":"","background-image":"","background-repeat":"repeat","background-position":"center center","background-size":"auto","background-attachment":"scroll","background-type":"","background-media":"","overlay-type":"","overlay-color":"","overlay-opacity":"","overlay-gradient":""}},"ast-content-background-meta":{"desktop":{"background-color":"var(--ast-global-color-4)","background-image":"","background-repeat":"repeat","background-position":"center center","background-size":"auto","background-attachment":"scroll","background-type":"","background-media":"","overlay-type":"","overlay-color":"","overlay-opacity":"","overlay-gradient":""},"tablet":{"background-color":"var(--ast-global-color-4)","background-image":"","background-repeat":"repeat","background-position":"center center","background-size":"auto","background-attachment":"scroll","background-type":"","background-media":"","overlay-type":"","overlay-color":"","overlay-opacity":"","overlay-gradient":""},"mobile":{"background-color":"var(--ast-global-color-4)","background-image":"","background-repeat":"repeat","background-position":"center center","background-size":"auto","background-attachment":"scroll","background-type":"","background-media":"","overlay-type":"","overlay-color":"","overlay-opacity":"","overlay-gradient":""}}},"product_brand":[],"product_cat":[42,54],"product_tag":[],"class_list":{"0":"post-4224","1":"product","2":"type-product","3":"status-publish","4":"has-post-thumbnail","6":"product_cat-hand-bag","7":"product_cat-womens-bag","8":"desktop-align-left","9":"tablet-align-left","10":"mobile-align-left","12":"first","13":"instock","14":"shipping-taxable","15":"product-type-simple"},"_links":{"self":[{"href":"https:\/\/baijiabags.com\/fr\/wp-json\/wp\/v2\/product\/4224","targetHints":{"allow":["GET"]}}],"collection":[{"href":"https:\/\/baijiabags.com\/fr\/wp-json\/wp\/v2\/product"}],"about":[{"href":"https:\/\/baijiabags.com\/fr\/wp-json\/wp\/v2\/types\/product"}],"replies":[{"embeddable":true,"href":"https:\/\/baijiabags.com\/fr\/wp-json\/wp\/v2\/comments?post=4224"}],"wp:featuredmedia":[{"embeddable":true,"href":"https:\/\/baijiabags.com\/fr\/wp-json\/wp\/v2\/media\/4228"}],"wp:attachment":[{"href":"https:\/\/baijiabags.com\/fr\/wp-json\/wp\/v2\/media?parent=4224"}],"wp:term":[{"taxonomy":"product_brand","embeddable":true,"href":"https:\/\/baijiabags.com\/fr\/wp-json\/wp\/v2\/product_brand?post=4224"},{"taxonomy":"product_cat","embeddable":true,"href":"https:\/\/baijiabags.com\/fr\/wp-json\/wp\/v2\/product_cat?post=4224"},{"taxonomy":"product_tag","embeddable":true,"href":"https:\/\/baijiabags.com\/fr\/wp-json\/wp\/v2\/product_tag?post=4224"}],"curies":[{"name":"wp","href":"https:\/\/api.w.org\/{rel}","templated":true}]}}