{"id":3661,"date":"2025-10-20T07:28:55","date_gmt":"2025-10-20T07:28:55","guid":{"rendered":"https:\/\/baijiabags.com\/?post_type=product&#038;p=3661"},"modified":"2025-10-20T07:28:55","modified_gmt":"2025-10-20T07:28:55","slug":"wholesale-custom-womens-pu-leather-mini-heart-wallet-small-slim-purse-with-tassel-polyester-lining","status":"publish","type":"product","link":"https:\/\/baijiabags.com\/fr\/produit\/wholesale-custom-womens-pu-leather-mini-heart-wallet-small-slim-purse-with-tassel-polyester-lining\/","title":{"rendered":"Wholesale Custom Womens PU Leather Mini Heart Wallet Small Slim Purse with Tassel Polyester Lining"},"content":{"rendered":"<h2 data-start=\"974\" data-end=\"991\">Caract\u00e9ristiques principales<\/h2>\n<ol data-start=\"992\" data-end=\"1895\">\n<li data-start=\"992\" data-end=\"1127\">\n<p data-start=\"995\" data-end=\"1127\"><strong data-start=\"995\" data-end=\"1020\">Design compact et mince<\/strong> - Le portefeuille a \u00e9t\u00e9 con\u00e7u dans un format mini, ce qui le rend facile \u00e0 transporter sans occuper trop d'espace.<\/p>\n<\/li>\n<li data-start=\"1128\" data-end=\"1254\">\n<p data-start=\"1131\" data-end=\"1254\"><strong data-start=\"1131\" data-end=\"1154\">Mat\u00e9riau en cuir PU<\/strong> - Le cuir PU de premi\u00e8re qualit\u00e9 a \u00e9t\u00e9 s\u00e9lectionn\u00e9 pour sa durabilit\u00e9, sa r\u00e9sistance \u00e0 l'eau et sa texture \u00e9l\u00e9gante.<\/p>\n<\/li>\n<li data-start=\"1255\" data-end=\"1368\">\n<p data-start=\"1258\" data-end=\"1368\"><strong data-start=\"1258\" data-end=\"1281\">Motif en forme de c\u0153ur<\/strong> - Un motif en forme de c\u0153ur a \u00e9t\u00e9 utilis\u00e9 pour donner un aspect f\u00e9minin et \u00e0 la mode.<\/p>\n<\/li>\n<li data-start=\"1369\" data-end=\"1455\">\n<p data-start=\"1372\" data-end=\"1455\"><strong data-start=\"1372\" data-end=\"1393\">D\u00e9coration par pompons<\/strong> - Un pompon d\u00e9coratif a \u00e9t\u00e9 fix\u00e9 pour plus d'\u00e9l\u00e9gance.<\/p>\n<\/li>\n<li data-start=\"1456\" data-end=\"1558\">\n<p data-start=\"1459\" data-end=\"1558\"><strong data-start=\"1459\" data-end=\"1483\">Options personnalisables<\/strong> - Les couleurs et les tailles peuvent \u00eatre personnalis\u00e9es en fonction des besoins du client.<\/p>\n<\/li>\n<li data-start=\"1559\" data-end=\"1659\">\n<p data-start=\"1562\" data-end=\"1659\"><strong data-start=\"1562\" data-end=\"1576\">Durabilit\u00e9<\/strong> - La structure a \u00e9t\u00e9 renforc\u00e9e pour garantir une utilisation \u00e0 long terme sans d\u00e9formation.<\/p>\n<\/li>\n<li data-start=\"1660\" data-end=\"1779\">\n<p data-start=\"1663\" data-end=\"1779\"><strong data-start=\"1663\" data-end=\"1683\">Doublure en polyester<\/strong> - Une doublure en polyester doux et r\u00e9sistant \u00e0 l'usure a \u00e9t\u00e9 incluse pour prot\u00e9ger les objets personnels \u00e0 l'int\u00e9rieur.<\/p>\n<\/li>\n<li data-start=\"1780\" data-end=\"1895\">\n<p data-start=\"1783\" data-end=\"1895\"><strong data-start=\"1783\" data-end=\"1809\">Disponibilit\u00e9 en gros<\/strong> - Le produit est propos\u00e9 en vrac avec une quantit\u00e9 minimale de commande de 300 pi\u00e8ces.<\/p>\n<\/li>\n<\/ol>\n<h2 data-start=\"1902\" data-end=\"1921\">Sp\u00e9cifications<\/h2>\n<div class=\"_tableContainer_1rjym_1\">\n<div class=\"group _tableWrapper_1rjym_13 flex w-fit flex-col-reverse\" tabindex=\"-1\">\n<table class=\"w-fit min-w-(--thread-content-width)\" data-start=\"1923\" data-end=\"2817\">\n<thead data-start=\"1923\" data-end=\"1985\">\n<tr data-start=\"1923\" data-end=\"1985\">\n<th data-start=\"1923\" data-end=\"1948\" data-col-size=\"sm\"><strong data-start=\"1925\" data-end=\"1938\">Param\u00e8tres<\/strong><\/th>\n<th data-start=\"1948\" data-end=\"1985\" data-col-size=\"sm\"><strong data-start=\"1950\" data-end=\"1961\">D\u00e9tails<\/strong><\/th>\n<\/tr>\n<\/thead>\n<tbody data-start=\"2050\" data-end=\"2817\">\n<tr data-start=\"2050\" data-end=\"2113\">\n<td data-start=\"2050\" data-end=\"2076\" data-col-size=\"sm\">Nom du produit<\/td>\n<td data-start=\"2076\" data-end=\"2113\" data-col-size=\"sm\">Portefeuille mini-c\u0153ur pour femmes<\/td>\n<\/tr>\n<tr data-start=\"2114\" data-end=\"2177\">\n<td data-start=\"2114\" data-end=\"2140\" data-col-size=\"sm\">Marque<\/td>\n<td data-start=\"2140\" data-end=\"2177\" data-col-size=\"sm\">RONEER<\/td>\n<\/tr>\n<tr data-start=\"2178\" data-end=\"2241\">\n<td data-start=\"2178\" data-end=\"2204\" data-col-size=\"sm\">Num\u00e9ro de mod\u00e8le<\/td>\n<td data-start=\"2204\" data-end=\"2241\" data-col-size=\"sm\">AL-2594<\/td>\n<\/tr>\n<tr data-start=\"2242\" data-end=\"2305\">\n<td data-start=\"2242\" data-end=\"2268\" data-col-size=\"sm\">Lieu d'origine<\/td>\n<td data-start=\"2268\" data-end=\"2305\" data-col-size=\"sm\">Guangdong, Chine<\/td>\n<\/tr>\n<tr data-start=\"2306\" data-end=\"2369\">\n<td data-start=\"2306\" data-end=\"2332\" data-col-size=\"sm\">Mat\u00e9riau<\/td>\n<td data-col-size=\"sm\" data-start=\"2332\" data-end=\"2369\">Cuir PU + doublure polyester<\/td>\n<\/tr>\n<tr data-start=\"2370\" data-end=\"2433\">\n<td data-start=\"2370\" data-end=\"2396\" data-col-size=\"sm\">Type de motif<\/td>\n<td data-col-size=\"sm\" data-start=\"2396\" data-end=\"2433\">Forme de c\u0153ur<\/td>\n<\/tr>\n<tr data-start=\"2434\" data-end=\"2497\">\n<td data-start=\"2434\" data-end=\"2460\" data-col-size=\"sm\">Style<\/td>\n<td data-start=\"2460\" data-end=\"2497\" data-col-size=\"sm\">Mode \/ D\u00e9contract\u00e9<\/td>\n<\/tr>\n<tr data-start=\"2498\" data-end=\"2561\">\n<td data-start=\"2498\" data-end=\"2524\" data-col-size=\"sm\">Taille<\/td>\n<td data-col-size=\"sm\" data-start=\"2524\" data-end=\"2561\">Personnalisable<\/td>\n<\/tr>\n<tr data-start=\"2562\" data-end=\"2625\">\n<td data-start=\"2562\" data-end=\"2588\" data-col-size=\"sm\">Couleur<\/td>\n<td data-start=\"2588\" data-end=\"2625\" data-col-size=\"sm\">Personnalisable<\/td>\n<\/tr>\n<tr data-start=\"2626\" data-end=\"2689\">\n<td data-start=\"2626\" data-end=\"2652\" data-col-size=\"sm\">Caract\u00e9ristiques<\/td>\n<td data-start=\"2652\" data-end=\"2689\" data-col-size=\"sm\">Durable, \u00e9tanche, mince<\/td>\n<\/tr>\n<tr data-start=\"2690\" data-end=\"2753\">\n<td data-start=\"2690\" data-end=\"2716\" data-col-size=\"sm\">MOQ<\/td>\n<td data-start=\"2716\" data-end=\"2753\" data-col-size=\"sm\">300 pi\u00e8ces<\/td>\n<\/tr>\n<tr data-start=\"2754\" data-end=\"2817\">\n<td data-start=\"2754\" data-end=\"2780\" data-col-size=\"sm\">Application<\/td>\n<td data-start=\"2780\" data-end=\"2817\" data-col-size=\"sm\">Utilisation quotidienne, voyage, cadeau<\/td>\n<\/tr>\n<\/tbody>\n<\/table>\n<\/div>\n<\/div>\n<h2 data-start=\"2824\" data-end=\"2841\">Applications<\/h2>\n<ul data-start=\"2842\" data-end=\"3379\">\n<li data-start=\"2842\" data-end=\"2955\">\n<p data-start=\"2844\" data-end=\"2955\"><strong data-start=\"2844\" data-end=\"2862\">Portage quotidien<\/strong> - La structure fine a \u00e9t\u00e9 con\u00e7ue pour accueillir les \u00e9l\u00e9ments essentiels tels que les cartes, les pi\u00e8ces de monnaie et les petites sommes d'argent.<\/p>\n<\/li>\n<li data-start=\"2956\" data-end=\"3034\">\n<p data-start=\"2958\" data-end=\"3034\"><strong data-start=\"2958\" data-end=\"2972\">Utilisation pour les voyages<\/strong> - La l\u00e9g\u00e8ret\u00e9 de l'appareil permet de le transporter facilement lors des voyages.<\/p>\n<\/li>\n<li data-start=\"3035\" data-end=\"3156\">\n<p data-start=\"3037\" data-end=\"3156\"><strong data-start=\"3037\" data-end=\"3052\">Option cadeau<\/strong> - Avec des styles personnalisables et un emballage \u00e9l\u00e9gant, il peut \u00eatre pr\u00e9par\u00e9 comme un cadeau pour des occasions sp\u00e9ciales.<\/p>\n<\/li>\n<li data-start=\"3157\" data-end=\"3271\">\n<p data-start=\"3159\" data-end=\"3271\"><strong data-start=\"3159\" data-end=\"3183\">Marque promotionnelle<\/strong> - La surface personnalisable a \u00e9t\u00e9 pr\u00e9par\u00e9e pour l'impression de logos et de marques.<\/p>\n<\/li>\n<li data-start=\"3272\" data-end=\"3379\">\n<p data-start=\"3274\" data-end=\"3379\"><strong data-start=\"3274\" data-end=\"3304\">March\u00e9s de d\u00e9tail et de gros<\/strong> - Convient aux magasins de mode, aux boutiques en ligne et \u00e0 la distribution en gros.<\/p>\n<\/li>\n<\/ul>\n<p data-start=\"3386\" data-end=\"3565\">Si vous \u00eates int\u00e9ress\u00e9 par cette <strong data-start=\"3416\" data-end=\"3448\">Portefeuille mini-c\u0153ur en cuir PU<\/strong>N'h\u00e9sitez pas \u00e0 nous contacter pour obtenir des \u00e9chantillons. <strong data-start=\"3494\" data-end=\"3530\">Les services ODM et OEM sont pris en charge<\/strong> pour r\u00e9pondre aux exigences de votre marque.<\/p>","protected":false},"excerpt":{"rendered":"<p>Les <strong data-start=\"192\" data-end=\"249\">Portefeuille mini-c\u0153ur en cuir PU pour femmes - vente en gros<\/strong> de <strong data-start=\"255\" data-end=\"265\">RONEER<\/strong> a \u00e9t\u00e9 con\u00e7u dans un style \u00e0 la fois pratique et \u00e0 la mode qui met l'accent sur l'\u00e9l\u00e9gance et la durabilit\u00e9. Fabriqu\u00e9 en cuir PU de haute qualit\u00e9, le portefeuille a \u00e9t\u00e9 con\u00e7u dans une forme mince et compacte qui lui permet d'\u00eatre facilement transport\u00e9 dans un petit sac \u00e0 main ou d'\u00eatre tenu \u00e0 la main. Un d\u00e9licat pompon a \u00e9t\u00e9 ajout\u00e9 pour rehausser son charme, tandis qu'une doublure en polyester souple a \u00e9t\u00e9 int\u00e9gr\u00e9e pour une utilisation durable.<\/p>","protected":false},"featured_media":3662,"comment_status":"open","ping_status":"closed","template":"","meta":{"site-sidebar-layout":"default","site-content-layout":"","ast-site-content-layout":"default","site-content-style":"default","site-sidebar-style":"default","ast-global-header-display":"","ast-banner-title-visibility":"","ast-main-header-display":"","ast-hfb-above-header-display":"","ast-hfb-below-header-display":"","ast-hfb-mobile-header-display":"","site-post-title":"","ast-breadcrumbs-content":"","ast-featured-img":"","footer-sml-layout":"","ast-disable-related-posts":"","theme-transparent-header-meta":"default","adv-header-id-meta":"","stick-header-meta":"","header-above-stick-meta":"","header-main-stick-meta":"","header-below-stick-meta":"","astra-migrate-meta-layouts":"set","ast-page-background-enabled":"default","ast-page-background-meta":{"desktop":{"background-color":"var(--ast-global-color-5)","background-image":"","background-repeat":"repeat","background-position":"center center","background-size":"auto","background-attachment":"scroll","background-type":"","background-media":"","overlay-type":"","overlay-color":"","overlay-opacity":"","overlay-gradient":""},"tablet":{"background-color":"","background-image":"","background-repeat":"repeat","background-position":"center center","background-size":"auto","background-attachment":"scroll","background-type":"","background-media":"","overlay-type":"","overlay-color":"","overlay-opacity":"","overlay-gradient":""},"mobile":{"background-color":"","background-image":"","background-repeat":"repeat","background-position":"center center","background-size":"auto","background-attachment":"scroll","background-type":"","background-media":"","overlay-type":"","overlay-color":"","overlay-opacity":"","overlay-gradient":""}},"ast-content-background-meta":{"desktop":{"background-color":"var(--ast-global-color-4)","background-image":"","background-repeat":"repeat","background-position":"center center","background-size":"auto","background-attachment":"scroll","background-type":"","background-media":"","overlay-type":"","overlay-color":"","overlay-opacity":"","overlay-gradient":""},"tablet":{"background-color":"var(--ast-global-color-4)","background-image":"","background-repeat":"repeat","background-position":"center center","background-size":"auto","background-attachment":"scroll","background-type":"","background-media":"","overlay-type":"","overlay-color":"","overlay-opacity":"","overlay-gradient":""},"mobile":{"background-color":"var(--ast-global-color-4)","background-image":"","background-repeat":"repeat","background-position":"center center","background-size":"auto","background-attachment":"scroll","background-type":"","background-media":"","overlay-type":"","overlay-color":"","overlay-opacity":"","overlay-gradient":""}}},"product_brand":[],"product_cat":[55],"product_tag":[],"class_list":{"0":"post-3661","1":"product","2":"type-product","3":"status-publish","4":"has-post-thumbnail","6":"product_cat-wallets-card-holder","7":"desktop-align-left","8":"tablet-align-left","9":"mobile-align-left","11":"first","12":"instock","13":"shipping-taxable","14":"product-type-simple"},"_links":{"self":[{"href":"https:\/\/baijiabags.com\/fr\/wp-json\/wp\/v2\/product\/3661","targetHints":{"allow":["GET"]}}],"collection":[{"href":"https:\/\/baijiabags.com\/fr\/wp-json\/wp\/v2\/product"}],"about":[{"href":"https:\/\/baijiabags.com\/fr\/wp-json\/wp\/v2\/types\/product"}],"replies":[{"embeddable":true,"href":"https:\/\/baijiabags.com\/fr\/wp-json\/wp\/v2\/comments?post=3661"}],"wp:featuredmedia":[{"embeddable":true,"href":"https:\/\/baijiabags.com\/fr\/wp-json\/wp\/v2\/media\/3662"}],"wp:attachment":[{"href":"https:\/\/baijiabags.com\/fr\/wp-json\/wp\/v2\/media?parent=3661"}],"wp:term":[{"taxonomy":"product_brand","embeddable":true,"href":"https:\/\/baijiabags.com\/fr\/wp-json\/wp\/v2\/product_brand?post=3661"},{"taxonomy":"product_cat","embeddable":true,"href":"https:\/\/baijiabags.com\/fr\/wp-json\/wp\/v2\/product_cat?post=3661"},{"taxonomy":"product_tag","embeddable":true,"href":"https:\/\/baijiabags.com\/fr\/wp-json\/wp\/v2\/product_tag?post=3661"}],"curies":[{"name":"wp","href":"https:\/\/api.w.org\/{rel}","templated":true}]}}