{"id":3651,"date":"2025-10-20T07:11:13","date_gmt":"2025-10-20T07:11:13","guid":{"rendered":"https:\/\/baijiabags.com\/?post_type=product&#038;p=3651"},"modified":"2025-10-20T09:56:26","modified_gmt":"2025-10-20T09:56:26","slug":"china-factory-minimalist-pu-leather-wallet-with-zipper-rfid-blocking-metal-card-holder-cute-designer-wallet-wholesale","status":"publish","type":"product","link":"https:\/\/baijiabags.com\/fr\/produit\/china-factory-minimalist-pu-leather-wallet-with-zipper-rfid-blocking-metal-card-holder-cute-designer-wallet-wholesale\/","title":{"rendered":"China Factory Minimalist PU Leather Wallet with Zipper RFID Blocking Metal Card Holder Cute Designer Wallet Wholesale"},"content":{"rendered":"<h2 data-start=\"1059\" data-end=\"1075\">Caract\u00e9ristiques principales<\/h2>\n<ol data-start=\"1077\" data-end=\"2106\">\n<li data-start=\"1077\" data-end=\"1211\">\n<p data-start=\"1080\" data-end=\"1211\"><strong data-start=\"1080\" data-end=\"1101\">Design minimaliste<\/strong> - La structure fine et l\u00e9g\u00e8re du portefeuille permet de le transporter facilement dans une poche ou un sac.<\/p>\n<\/li>\n<li data-start=\"1212\" data-end=\"1350\">\n<p data-start=\"1215\" data-end=\"1350\"><strong data-start=\"1215\" data-end=\"1242\">Cuir PU de haute qualit\u00e9<\/strong> - Le cuir PU durable et respectueux de l'environnement a \u00e9t\u00e9 s\u00e9lectionn\u00e9 pour offrir une texture lisse et une utilisation durable.<\/p>\n<\/li>\n<li data-start=\"1351\" data-end=\"1466\">\n<p data-start=\"1354\" data-end=\"1466\"><strong data-start=\"1354\" data-end=\"1382\">Technologie de blocage RFID<\/strong> - Une protection RFID avanc\u00e9e est appliqu\u00e9e pour sauvegarder les donn\u00e9es personnelles stock\u00e9es sur les cartes.<\/p>\n<\/li>\n<li data-start=\"1467\" data-end=\"1577\">\n<p data-start=\"1470\" data-end=\"1577\"><strong data-start=\"1470\" data-end=\"1495\">Fermeture \u00e0 glissi\u00e8re s\u00e9curis\u00e9e<\/strong> - Une fermeture \u00e0 glissi\u00e8re fiable a \u00e9t\u00e9 utilis\u00e9e pour prot\u00e9ger les pi\u00e8ces de monnaie, l'argent liquide et d'autres objets essentiels.<\/p>\n<\/li>\n<li data-start=\"1578\" data-end=\"1696\">\n<p data-start=\"1581\" data-end=\"1696\"><strong data-start=\"1581\" data-end=\"1605\">Options personnalisables<\/strong> - Les tailles et les couleurs peuvent \u00eatre adapt\u00e9es pour r\u00e9pondre aux besoins sp\u00e9cifiques des marques et des grossistes.<\/p>\n<\/li>\n<li data-start=\"1697\" data-end=\"1815\">\n<p data-start=\"1700\" data-end=\"1815\"><strong data-start=\"1700\" data-end=\"1722\">D\u00e9coration \u00e9l\u00e9gante<\/strong> - Des motifs crois\u00e9s et des broderies ont \u00e9t\u00e9 incorpor\u00e9s pour un aspect tr\u00e8s tendance.<\/p>\n<\/li>\n<li data-start=\"1816\" data-end=\"1943\">\n<p data-start=\"1819\" data-end=\"1943\"><strong data-start=\"1819\" data-end=\"1841\">Fonction imperm\u00e9able \u00e0 l'eau<\/strong> - Un rev\u00eatement r\u00e9sistant \u00e0 l'eau est inclus, ce qui permet au portefeuille de rester pratique dans les environnements quotidiens.<\/p>\n<\/li>\n<li data-start=\"1944\" data-end=\"2106\">\n<p data-start=\"1947\" data-end=\"2106\"><strong data-start=\"1947\" data-end=\"1973\">Disponibilit\u00e9 en gros<\/strong> - Avec une quantit\u00e9 minimale de commande de 300 unit\u00e9s, le produit a \u00e9t\u00e9 pr\u00e9par\u00e9 pour \u00eatre achet\u00e9 en gros par les distributeurs et les d\u00e9taillants.<\/p>\n<\/li>\n<\/ol>\n<h2 data-start=\"2113\" data-end=\"2131\">Sp\u00e9cifications<\/h2>\n<div class=\"_tableContainer_1rjym_1\">\n<div class=\"group _tableWrapper_1rjym_13 flex w-fit flex-col-reverse\" tabindex=\"-1\">\n<table class=\"w-fit min-w-(--thread-content-width)\" data-start=\"2133\" data-end=\"2838\">\n<thead data-start=\"2133\" data-end=\"2170\">\n<tr data-start=\"2133\" data-end=\"2170\">\n<th data-start=\"2133\" data-end=\"2155\" data-col-size=\"sm\"><strong data-start=\"2135\" data-end=\"2143\">Objet<\/strong><\/th>\n<th data-start=\"2155\" data-end=\"2170\" data-col-size=\"md\"><strong data-start=\"2157\" data-end=\"2168\">D\u00e9tails<\/strong><\/th>\n<\/tr>\n<\/thead>\n<tbody data-start=\"2210\" data-end=\"2838\">\n<tr data-start=\"2210\" data-end=\"2309\">\n<td data-start=\"2210\" data-end=\"2233\" data-col-size=\"sm\">Nom du produit<\/td>\n<td data-col-size=\"md\" data-start=\"2233\" data-end=\"2309\">Portefeuille minimaliste en cuir PU avec fermeture \u00e0 glissi\u00e8re Porte-cartes en m\u00e9tal \u00e0 blocage RFID<\/td>\n<\/tr>\n<tr data-start=\"2310\" data-end=\"2343\">\n<td data-start=\"2310\" data-end=\"2333\" data-col-size=\"sm\">Marque<\/td>\n<td data-col-size=\"md\" data-start=\"2333\" data-end=\"2343\">RONEER<\/td>\n<\/tr>\n<tr data-start=\"2344\" data-end=\"2378\">\n<td data-start=\"2344\" data-end=\"2367\" data-col-size=\"sm\">Mod\u00e8le<\/td>\n<td data-start=\"2367\" data-end=\"2378\" data-col-size=\"md\">EBW1467<\/td>\n<\/tr>\n<tr data-start=\"2379\" data-end=\"2422\">\n<td data-start=\"2379\" data-end=\"2402\" data-col-size=\"sm\">Origine<\/td>\n<td data-start=\"2402\" data-end=\"2422\" data-col-size=\"md\">Guangdong, Chine<\/td>\n<\/tr>\n<tr data-start=\"2423\" data-end=\"2457\">\n<td data-start=\"2423\" data-end=\"2446\" data-col-size=\"sm\">Style<\/td>\n<td data-start=\"2446\" data-end=\"2457\" data-col-size=\"md\">La mode<\/td>\n<\/tr>\n<tr data-start=\"2458\" data-end=\"2495\">\n<td data-start=\"2458\" data-end=\"2481\" data-col-size=\"sm\">Mat\u00e9riau principal<\/td>\n<td data-col-size=\"md\" data-start=\"2481\" data-end=\"2495\">Cuir PU<\/td>\n<\/tr>\n<tr data-start=\"2496\" data-end=\"2546\">\n<td data-start=\"2496\" data-end=\"2519\" data-col-size=\"sm\">D\u00e9coration<\/td>\n<td data-col-size=\"md\" data-start=\"2519\" data-end=\"2546\">Crois\u00e9, brod\u00e9<\/td>\n<\/tr>\n<tr data-start=\"2547\" data-end=\"2586\">\n<td data-start=\"2547\" data-end=\"2570\" data-col-size=\"sm\">Taille<\/td>\n<td data-col-size=\"md\" data-start=\"2570\" data-end=\"2586\">Personnalisable<\/td>\n<\/tr>\n<tr data-start=\"2587\" data-end=\"2626\">\n<td data-start=\"2587\" data-end=\"2610\" data-col-size=\"sm\">Couleur<\/td>\n<td data-col-size=\"md\" data-start=\"2610\" data-end=\"2626\">Personnalisable<\/td>\n<\/tr>\n<tr data-start=\"2627\" data-end=\"2660\">\n<td data-start=\"2627\" data-end=\"2650\" data-col-size=\"sm\">Type de fermeture<\/td>\n<td data-start=\"2650\" data-end=\"2660\" data-col-size=\"md\">Fermeture \u00e0 glissi\u00e8re<\/td>\n<\/tr>\n<tr data-start=\"2661\" data-end=\"2701\">\n<td data-start=\"2661\" data-end=\"2684\" data-col-size=\"sm\">Technologie<\/td>\n<td data-start=\"2684\" data-end=\"2701\" data-col-size=\"md\">Blocage de la RFID<\/td>\n<\/tr>\n<tr data-start=\"2702\" data-end=\"2748\">\n<td data-start=\"2702\" data-end=\"2725\" data-col-size=\"sm\">Fonctionnalit\u00e9<\/td>\n<td data-start=\"2725\" data-end=\"2748\" data-col-size=\"md\">Durable, imperm\u00e9able<\/td>\n<\/tr>\n<tr data-start=\"2749\" data-end=\"2779\">\n<td data-start=\"2749\" data-end=\"2772\" data-col-size=\"sm\">MOQ<\/td>\n<td data-start=\"2772\" data-end=\"2779\" data-col-size=\"md\">300<\/td>\n<\/tr>\n<tr data-start=\"2780\" data-end=\"2838\">\n<td data-start=\"2780\" data-end=\"2803\" data-col-size=\"sm\">Application<\/td>\n<td data-start=\"2803\" data-end=\"2838\" data-col-size=\"md\">Utilisation quotidienne, Multi-fonction, Cadeau<\/td>\n<\/tr>\n<\/tbody>\n<\/table>\n<\/div>\n<\/div>\n<h2 data-start=\"2845\" data-end=\"2861\">Applications<\/h2>\n<ul data-start=\"2863\" data-end=\"3400\">\n<li data-start=\"2863\" data-end=\"2951\">\n<p data-start=\"2865\" data-end=\"2951\"><strong data-start=\"2865\" data-end=\"2878\">Utilisation quotidienne<\/strong> - Con\u00e7u pour le transport quotidien d'argent, de cartes et de petits objets essentiels.<\/p>\n<\/li>\n<li data-start=\"2952\" data-end=\"3066\">\n<p data-start=\"2954\" data-end=\"3066\"><strong data-start=\"2954\" data-end=\"2975\">Affaires et voyages<\/strong> - Dot\u00e9 d'une protection RFID, il convient aux professionnels et aux voyageurs.<\/p>\n<\/li>\n<li data-start=\"3067\" data-end=\"3181\">\n<p data-start=\"3069\" data-end=\"3181\"><strong data-start=\"3069\" data-end=\"3090\">Accessoire de mode<\/strong> - Des \u00e9l\u00e9ments d\u00e9coratifs permettent de l'utiliser comme un accessoire \u00e9l\u00e9gant pour les hommes et les femmes.<\/p>\n<\/li>\n<li data-start=\"3182\" data-end=\"3289\">\n<p data-start=\"3184\" data-end=\"3289\"><strong data-start=\"3184\" data-end=\"3199\">Option cadeau<\/strong> - Un cadeau pratique et \u00e9l\u00e9gant pour les amis, les coll\u00e8gues et les membres de la famille.<\/p>\n<\/li>\n<li data-start=\"3290\" data-end=\"3400\">\n<p data-start=\"3292\" data-end=\"3400\"><strong data-start=\"3292\" data-end=\"3314\">Commerce de gros et de d\u00e9tail<\/strong> - Id\u00e9al pour les magasins de mode, les boutiques de cadeaux et les d\u00e9taillants en ligne qui ont besoin d'un approvisionnement en vrac.<\/p>\n<\/li>\n<\/ul>\n<p data-start=\"3407\" data-end=\"3581\">Si vous \u00eates int\u00e9ress\u00e9 par ce portefeuille, n'h\u00e9sitez pas \u00e0 nous contacter. <strong data-start=\"3465\" data-end=\"3491\">contactez-nous pour des \u00e9chantillons<\/strong>. <strong data-start=\"3493\" data-end=\"3529\">Les services ODM et OEM sont disponibles<\/strong> pour r\u00e9pondre \u00e0 vos besoins en mati\u00e8re d'image de marque et de personnalisation.<\/p>","protected":false},"excerpt":{"rendered":"<p>Les <strong data-start=\"352\" data-end=\"432\">Portefeuille minimaliste en cuir PU avec fermeture \u00e0 glissi\u00e8re et porte-cartes m\u00e9tallique bloquant la RFID<\/strong> est fabriqu\u00e9 par <strong data-start=\"452\" data-end=\"462\">RONEER<\/strong> \u00e0 Guangdong, en Chine. Con\u00e7u dans un style moderne et \u00e0 la mode, ce portefeuille est fabriqu\u00e9 \u00e0 partir de mat\u00e9riaux de haute qualit\u00e9. <strong data-start=\"570\" data-end=\"584\">Cuir PU<\/strong> et est renforc\u00e9e par <strong data-start=\"606\" data-end=\"648\">d\u00e9corations en croix et broderies<\/strong>. Une conception compacte a \u00e9t\u00e9 adopt\u00e9e, tandis que des options de personnalisation en <strong data-start=\"716\" data-end=\"734\">taille et couleur<\/strong> sont fournis pour r\u00e9pondre aux diff\u00e9rentes demandes du march\u00e9.<\/p>","protected":false},"featured_media":3656,"comment_status":"open","ping_status":"closed","template":"","meta":{"site-sidebar-layout":"default","site-content-layout":"","ast-site-content-layout":"default","site-content-style":"default","site-sidebar-style":"default","ast-global-header-display":"","ast-banner-title-visibility":"","ast-main-header-display":"","ast-hfb-above-header-display":"","ast-hfb-below-header-display":"","ast-hfb-mobile-header-display":"","site-post-title":"","ast-breadcrumbs-content":"","ast-featured-img":"","footer-sml-layout":"","ast-disable-related-posts":"","theme-transparent-header-meta":"default","adv-header-id-meta":"","stick-header-meta":"","header-above-stick-meta":"","header-main-stick-meta":"","header-below-stick-meta":"","astra-migrate-meta-layouts":"set","ast-page-background-enabled":"default","ast-page-background-meta":{"desktop":{"background-color":"var(--ast-global-color-5)","background-image":"","background-repeat":"repeat","background-position":"center center","background-size":"auto","background-attachment":"scroll","background-type":"","background-media":"","overlay-type":"","overlay-color":"","overlay-opacity":"","overlay-gradient":""},"tablet":{"background-color":"","background-image":"","background-repeat":"repeat","background-position":"center center","background-size":"auto","background-attachment":"scroll","background-type":"","background-media":"","overlay-type":"","overlay-color":"","overlay-opacity":"","overlay-gradient":""},"mobile":{"background-color":"","background-image":"","background-repeat":"repeat","background-position":"center center","background-size":"auto","background-attachment":"scroll","background-type":"","background-media":"","overlay-type":"","overlay-color":"","overlay-opacity":"","overlay-gradient":""}},"ast-content-background-meta":{"desktop":{"background-color":"var(--ast-global-color-4)","background-image":"","background-repeat":"repeat","background-position":"center center","background-size":"auto","background-attachment":"scroll","background-type":"","background-media":"","overlay-type":"","overlay-color":"","overlay-opacity":"","overlay-gradient":""},"tablet":{"background-color":"var(--ast-global-color-4)","background-image":"","background-repeat":"repeat","background-position":"center center","background-size":"auto","background-attachment":"scroll","background-type":"","background-media":"","overlay-type":"","overlay-color":"","overlay-opacity":"","overlay-gradient":""},"mobile":{"background-color":"var(--ast-global-color-4)","background-image":"","background-repeat":"repeat","background-position":"center center","background-size":"auto","background-attachment":"scroll","background-type":"","background-media":"","overlay-type":"","overlay-color":"","overlay-opacity":"","overlay-gradient":""}}},"product_brand":[],"product_cat":[55],"product_tag":[],"class_list":{"0":"post-3651","1":"product","2":"type-product","3":"status-publish","4":"has-post-thumbnail","6":"product_cat-wallets-card-holder","7":"desktop-align-left","8":"tablet-align-left","9":"mobile-align-left","11":"first","12":"instock","13":"shipping-taxable","14":"product-type-simple"},"_links":{"self":[{"href":"https:\/\/baijiabags.com\/fr\/wp-json\/wp\/v2\/product\/3651","targetHints":{"allow":["GET"]}}],"collection":[{"href":"https:\/\/baijiabags.com\/fr\/wp-json\/wp\/v2\/product"}],"about":[{"href":"https:\/\/baijiabags.com\/fr\/wp-json\/wp\/v2\/types\/product"}],"replies":[{"embeddable":true,"href":"https:\/\/baijiabags.com\/fr\/wp-json\/wp\/v2\/comments?post=3651"}],"wp:featuredmedia":[{"embeddable":true,"href":"https:\/\/baijiabags.com\/fr\/wp-json\/wp\/v2\/media\/3656"}],"wp:attachment":[{"href":"https:\/\/baijiabags.com\/fr\/wp-json\/wp\/v2\/media?parent=3651"}],"wp:term":[{"taxonomy":"product_brand","embeddable":true,"href":"https:\/\/baijiabags.com\/fr\/wp-json\/wp\/v2\/product_brand?post=3651"},{"taxonomy":"product_cat","embeddable":true,"href":"https:\/\/baijiabags.com\/fr\/wp-json\/wp\/v2\/product_cat?post=3651"},{"taxonomy":"product_tag","embeddable":true,"href":"https:\/\/baijiabags.com\/fr\/wp-json\/wp\/v2\/product_tag?post=3651"}],"curies":[{"name":"wp","href":"https:\/\/api.w.org\/{rel}","templated":true}]}}