{"id":3643,"date":"2025-10-20T06:51:36","date_gmt":"2025-10-20T06:51:36","guid":{"rendered":"https:\/\/baijiabags.com\/?post_type=product&#038;p=3643"},"modified":"2025-10-20T09:56:13","modified_gmt":"2025-10-20T09:56:13","slug":"new-luxury-womens-pu-leather-phone-wallet-card-holder-purse-custom-logo","status":"publish","type":"product","link":"https:\/\/baijiabags.com\/fr\/produit\/new-luxury-womens-pu-leather-phone-wallet-card-holder-purse-custom-logo\/","title":{"rendered":"Nouveau portefeuille de luxe pour femmes en cuir PU Porte-cartes Porte-monnaie avec logo personnalis\u00e9"},"content":{"rendered":"<h2 data-start=\"882\" data-end=\"898\">Caract\u00e9ristiques principales<\/h2>\n<ol data-start=\"900\" data-end=\"1948\">\n<li data-start=\"900\" data-end=\"1035\">\n<p data-start=\"903\" data-end=\"1035\"><strong data-start=\"903\" data-end=\"923\">Mat\u00e9riau de premi\u00e8re qualit\u00e9 :<\/strong>Un cuir PU de haute qualit\u00e9 a \u00e9t\u00e9 s\u00e9lectionn\u00e9, garantissant une r\u00e9sistance aux rayures et une durabilit\u00e9 \u00e0 long terme.<\/p>\n<\/li>\n<li data-start=\"1037\" data-end=\"1169\">\n<p data-start=\"1040\" data-end=\"1169\"><strong data-start=\"1040\" data-end=\"1063\">Fonction imperm\u00e9able \u00e0 l'eau :<\/strong>Un rev\u00eatement imperm\u00e9able a \u00e9t\u00e9 appliqu\u00e9 pour prot\u00e9ger les effets personnels des d\u00e9versements accidentels et des pluies l\u00e9g\u00e8res.<\/p>\n<\/li>\n<li data-start=\"1171\" data-end=\"1302\">\n<p data-start=\"1174\" data-end=\"1302\"><strong data-start=\"1174\" data-end=\"1197\">Service de logo personnalis\u00e9 :<\/strong>La personnalisation des logos permet de r\u00e9pondre aux besoins de l'image de marque, qu'il s'agisse de besoins personnels ou professionnels.<\/p>\n<\/li>\n<li data-start=\"1304\" data-end=\"1449\">\n<p data-start=\"1307\" data-end=\"1449\"><strong data-start=\"1307\" data-end=\"1336\">Design compact et spacieux :<\/strong>Le design a \u00e9t\u00e9 con\u00e7u pour rester compact tout en offrant suffisamment d'espace pour les cartes, le t\u00e9l\u00e9phone et l'argent.<\/p>\n<\/li>\n<li data-start=\"1451\" data-end=\"1562\">\n<p data-start=\"1454\" data-end=\"1562\"><strong data-start=\"1454\" data-end=\"1472\">Fermeture s\u00e9curis\u00e9e :<\/strong>Une fermeture \u00e0 glissi\u00e8re renforc\u00e9e et une fermeture \u00e0 pression ont \u00e9t\u00e9 install\u00e9es pour garder les objets de valeur en s\u00e9curit\u00e9.<\/p>\n<\/li>\n<li data-start=\"1564\" data-end=\"1693\">\n<p data-start=\"1567\" data-end=\"1693\"><strong data-start=\"1567\" data-end=\"1593\">Applications polyvalentes :<\/strong>Ce porte-monnaie est id\u00e9al pour les r\u00e9unions, les d\u00e9placements quotidiens, le shopping ou les voyages.<\/p>\n<\/li>\n<li data-start=\"1695\" data-end=\"1816\">\n<p data-start=\"1698\" data-end=\"1816\"><strong data-start=\"1698\" data-end=\"1724\">Apparence \u00e0 la mode :<\/strong>Un design chic et \u00e9l\u00e9gant a \u00e9t\u00e9 adopt\u00e9 pour r\u00e9pondre aux tendances du style de vie des femmes modernes.<\/p>\n<\/li>\n<li data-start=\"1818\" data-end=\"1948\">\n<p data-start=\"1821\" data-end=\"1948\"><strong data-start=\"1821\" data-end=\"1852\">Prise en charge des services ODM et OEM :<\/strong>La personnalisation des produits a \u00e9t\u00e9 encourag\u00e9e pour permettre aux entreprises de r\u00e9pondre aux demandes sp\u00e9cifiques du march\u00e9.<\/p>\n<\/li>\n<\/ol>\n<h2 data-start=\"1955\" data-end=\"1973\">Sp\u00e9cifications<\/h2>\n<div class=\"_tableContainer_1rjym_1\">\n<div class=\"group _tableWrapper_1rjym_13 flex w-fit flex-col-reverse\" tabindex=\"-1\">\n<table class=\"w-fit min-w-(--thread-content-width)\" data-start=\"1975\" data-end=\"2781\">\n<thead data-start=\"1975\" data-end=\"2035\">\n<tr data-start=\"1975\" data-end=\"2035\">\n<th data-start=\"1975\" data-end=\"1998\" data-col-size=\"sm\"><strong data-start=\"1977\" data-end=\"1990\">Param\u00e8tres<\/strong><\/th>\n<th data-start=\"1998\" data-end=\"2035\" data-col-size=\"sm\"><strong data-start=\"2000\" data-end=\"2011\">D\u00e9tails<\/strong><\/th>\n<\/tr>\n<\/thead>\n<tbody data-start=\"2099\" data-end=\"2781\">\n<tr data-start=\"2099\" data-end=\"2161\">\n<td data-start=\"2099\" data-end=\"2123\" data-col-size=\"sm\">Nom du produit<\/td>\n<td data-col-size=\"sm\" data-start=\"2123\" data-end=\"2161\">Portefeuille pour t\u00e9l\u00e9phone de femme<\/td>\n<\/tr>\n<tr data-start=\"2162\" data-end=\"2223\">\n<td data-start=\"2162\" data-end=\"2186\" data-col-size=\"sm\">Marque<\/td>\n<td data-start=\"2186\" data-end=\"2223\" data-col-size=\"sm\">RONEER<\/td>\n<\/tr>\n<tr data-start=\"2224\" data-end=\"2285\">\n<td data-start=\"2224\" data-end=\"2248\" data-col-size=\"sm\">Num\u00e9ro de mod\u00e8le<\/td>\n<td data-start=\"2248\" data-end=\"2285\" data-col-size=\"sm\">AL-2649<\/td>\n<\/tr>\n<tr data-start=\"2286\" data-end=\"2347\">\n<td data-start=\"2286\" data-end=\"2310\" data-col-size=\"sm\">Origine<\/td>\n<td data-start=\"2310\" data-end=\"2347\" data-col-size=\"sm\">Guangdong, Chine<\/td>\n<\/tr>\n<tr data-start=\"2348\" data-end=\"2409\">\n<td data-start=\"2348\" data-end=\"2372\" data-col-size=\"sm\">Style<\/td>\n<td data-col-size=\"sm\" data-start=\"2372\" data-end=\"2409\">La mode<\/td>\n<\/tr>\n<tr data-start=\"2410\" data-end=\"2471\">\n<td data-start=\"2410\" data-end=\"2434\" data-col-size=\"sm\">Mat\u00e9riau<\/td>\n<td data-col-size=\"sm\" data-start=\"2434\" data-end=\"2471\">Cuir PU<\/td>\n<\/tr>\n<tr data-start=\"2472\" data-end=\"2533\">\n<td data-start=\"2472\" data-end=\"2496\" data-col-size=\"sm\">Taille<\/td>\n<td data-col-size=\"sm\" data-start=\"2496\" data-end=\"2533\">Personnalisable<\/td>\n<\/tr>\n<tr data-start=\"2534\" data-end=\"2595\">\n<td data-start=\"2534\" data-end=\"2558\" data-col-size=\"sm\">Couleur<\/td>\n<td data-col-size=\"sm\" data-start=\"2558\" data-end=\"2595\">Personnalisable<\/td>\n<\/tr>\n<tr data-start=\"2596\" data-end=\"2657\">\n<td data-start=\"2596\" data-end=\"2620\" data-col-size=\"sm\">Fonctionnalit\u00e9<\/td>\n<td data-col-size=\"sm\" data-start=\"2620\" data-end=\"2657\">Durable, imperm\u00e9able<\/td>\n<\/tr>\n<tr data-start=\"2658\" data-end=\"2719\">\n<td data-start=\"2658\" data-end=\"2682\" data-col-size=\"sm\">MOQ<\/td>\n<td data-col-size=\"sm\" data-start=\"2682\" data-end=\"2719\">300 pi\u00e8ces<\/td>\n<\/tr>\n<tr data-start=\"2720\" data-end=\"2781\">\n<td data-start=\"2720\" data-end=\"2744\" data-col-size=\"sm\">Domaine d'application<\/td>\n<td data-col-size=\"sm\" data-start=\"2744\" data-end=\"2781\">R\u00e9union, Porte-cartes, Voyage<\/td>\n<\/tr>\n<\/tbody>\n<\/table>\n<\/div>\n<\/div>\n<h2 data-start=\"2788\" data-end=\"2804\">Applications<\/h2>\n<ul data-start=\"2806\" data-end=\"3253\">\n<li data-start=\"2806\" data-end=\"2923\">\n<p data-start=\"2808\" data-end=\"2923\">Le porte-monnaie a \u00e9t\u00e9 con\u00e7u pour \u00eatre port\u00e9 \u00e0 <strong data-start=\"2860\" data-end=\"2881\">r\u00e9unions d'affaires<\/strong>o\u00f9 une image professionnelle est souhait\u00e9e.<\/p>\n<\/li>\n<li data-start=\"2924\" data-end=\"3032\">\n<p data-start=\"2926\" data-end=\"3032\">Il a \u00e9t\u00e9 cr\u00e9\u00e9 pour <strong data-start=\"2950\" data-end=\"2969\">les d\u00e9placements quotidiens<\/strong>La pochette de rangement permet d'organiser efficacement les t\u00e9l\u00e9phones et les objets essentiels.<\/p>\n<\/li>\n<li data-start=\"3033\" data-end=\"3129\">\n<p data-start=\"3035\" data-end=\"3129\">Il peut \u00eatre utilis\u00e9 pour <strong data-start=\"3054\" data-end=\"3085\">sorties shopping ou loisirs<\/strong>o\u00f9 la taille compacte et le style sont appr\u00e9ci\u00e9s.<\/p>\n<\/li>\n<li data-start=\"3130\" data-end=\"3253\">\n<p data-start=\"3132\" data-end=\"3253\">Il a \u00e9t\u00e9 adapt\u00e9 pour <strong data-start=\"3162\" data-end=\"3172\">voyage<\/strong>qui permet aux utilisateurs de conserver leurs passeports, leurs cartes d'embarquement et leurs cartes en un seul endroit s\u00e9curis\u00e9.<\/p>\n<\/li>\n<\/ul>\n<p data-start=\"3260\" data-end=\"3432\">Si vous \u00eates int\u00e9ress\u00e9 par ce porte-monnaie, n'h\u00e9sitez pas \u00e0 nous contacter pour demander des \u00e9chantillons. <strong data-start=\"3355\" data-end=\"3391\">Les services ODM et OEM sont disponibles<\/strong> pour r\u00e9pondre aux besoins de votre entreprise.<\/p>","protected":false},"excerpt":{"rendered":"<p>Les <strong data-start=\"301\" data-end=\"365\">Nouveau Portefeuille de luxe pour femmes en cuir PU avec porte-cartes<\/strong> par <strong data-start=\"369\" data-end=\"379\">RONEER<\/strong> a \u00e9t\u00e9 con\u00e7u pour allier mode et praticit\u00e9. Une structure raffin\u00e9e a \u00e9t\u00e9 adopt\u00e9e pour garantir que les objets essentiels tels que les smartphones, les cartes bancaires, les pi\u00e8ces d'identit\u00e9 et l'argent liquide puissent \u00eatre transport\u00e9s facilement. Le porte-monnaie a \u00e9t\u00e9 fabriqu\u00e9 avec <strong data-start=\"645\" data-end=\"667\">cuir PU durable<\/strong>et un <strong data-start=\"675\" data-end=\"698\">service de logo personnalis\u00e9<\/strong> a \u00e9t\u00e9 fournie pour r\u00e9pondre aux exigences de la marque. Son aspect tendance est compl\u00e9t\u00e9 par des couleurs et des tailles personnalisables, ce qui le rend adapt\u00e9 \u00e0 une vari\u00e9t\u00e9 d'occasions.<\/p>","protected":false},"featured_media":3647,"comment_status":"open","ping_status":"closed","template":"","meta":{"site-sidebar-layout":"default","site-content-layout":"","ast-site-content-layout":"default","site-content-style":"default","site-sidebar-style":"default","ast-global-header-display":"","ast-banner-title-visibility":"","ast-main-header-display":"","ast-hfb-above-header-display":"","ast-hfb-below-header-display":"","ast-hfb-mobile-header-display":"","site-post-title":"","ast-breadcrumbs-content":"","ast-featured-img":"","footer-sml-layout":"","ast-disable-related-posts":"","theme-transparent-header-meta":"default","adv-header-id-meta":"","stick-header-meta":"","header-above-stick-meta":"","header-main-stick-meta":"","header-below-stick-meta":"","astra-migrate-meta-layouts":"set","ast-page-background-enabled":"default","ast-page-background-meta":{"desktop":{"background-color":"var(--ast-global-color-5)","background-image":"","background-repeat":"repeat","background-position":"center center","background-size":"auto","background-attachment":"scroll","background-type":"","background-media":"","overlay-type":"","overlay-color":"","overlay-opacity":"","overlay-gradient":""},"tablet":{"background-color":"","background-image":"","background-repeat":"repeat","background-position":"center center","background-size":"auto","background-attachment":"scroll","background-type":"","background-media":"","overlay-type":"","overlay-color":"","overlay-opacity":"","overlay-gradient":""},"mobile":{"background-color":"","background-image":"","background-repeat":"repeat","background-position":"center center","background-size":"auto","background-attachment":"scroll","background-type":"","background-media":"","overlay-type":"","overlay-color":"","overlay-opacity":"","overlay-gradient":""}},"ast-content-background-meta":{"desktop":{"background-color":"var(--ast-global-color-4)","background-image":"","background-repeat":"repeat","background-position":"center center","background-size":"auto","background-attachment":"scroll","background-type":"","background-media":"","overlay-type":"","overlay-color":"","overlay-opacity":"","overlay-gradient":""},"tablet":{"background-color":"var(--ast-global-color-4)","background-image":"","background-repeat":"repeat","background-position":"center center","background-size":"auto","background-attachment":"scroll","background-type":"","background-media":"","overlay-type":"","overlay-color":"","overlay-opacity":"","overlay-gradient":""},"mobile":{"background-color":"var(--ast-global-color-4)","background-image":"","background-repeat":"repeat","background-position":"center center","background-size":"auto","background-attachment":"scroll","background-type":"","background-media":"","overlay-type":"","overlay-color":"","overlay-opacity":"","overlay-gradient":""}}},"product_brand":[],"product_cat":[55],"product_tag":[],"class_list":{"0":"post-3643","1":"product","2":"type-product","3":"status-publish","4":"has-post-thumbnail","6":"product_cat-wallets-card-holder","7":"desktop-align-left","8":"tablet-align-left","9":"mobile-align-left","11":"first","12":"instock","13":"shipping-taxable","14":"product-type-simple"},"_links":{"self":[{"href":"https:\/\/baijiabags.com\/fr\/wp-json\/wp\/v2\/product\/3643","targetHints":{"allow":["GET"]}}],"collection":[{"href":"https:\/\/baijiabags.com\/fr\/wp-json\/wp\/v2\/product"}],"about":[{"href":"https:\/\/baijiabags.com\/fr\/wp-json\/wp\/v2\/types\/product"}],"replies":[{"embeddable":true,"href":"https:\/\/baijiabags.com\/fr\/wp-json\/wp\/v2\/comments?post=3643"}],"wp:featuredmedia":[{"embeddable":true,"href":"https:\/\/baijiabags.com\/fr\/wp-json\/wp\/v2\/media\/3647"}],"wp:attachment":[{"href":"https:\/\/baijiabags.com\/fr\/wp-json\/wp\/v2\/media?parent=3643"}],"wp:term":[{"taxonomy":"product_brand","embeddable":true,"href":"https:\/\/baijiabags.com\/fr\/wp-json\/wp\/v2\/product_brand?post=3643"},{"taxonomy":"product_cat","embeddable":true,"href":"https:\/\/baijiabags.com\/fr\/wp-json\/wp\/v2\/product_cat?post=3643"},{"taxonomy":"product_tag","embeddable":true,"href":"https:\/\/baijiabags.com\/fr\/wp-json\/wp\/v2\/product_tag?post=3643"}],"curies":[{"name":"wp","href":"https:\/\/api.w.org\/{rel}","templated":true}]}}