{"id":3504,"date":"2025-10-16T07:32:18","date_gmt":"2025-10-16T07:32:18","guid":{"rendered":"https:\/\/baijiabags.com\/?post_type=product&#038;p=3504"},"modified":"2025-11-01T01:23:32","modified_gmt":"2025-11-01T01:23:32","slug":"fashion-lightweight-extra-large-soft-quilted-women-tote-bag-custom-logo-color","status":"publish","type":"product","link":"https:\/\/baijiabags.com\/fr\/produit\/fashion-lightweight-extra-large-soft-quilted-women-tote-bag-custom-logo-color\/","title":{"rendered":"Fashion Lightweight Extra Large Soft Quilted Women Tote Bag Custom Logo Color"},"content":{"rendered":"<h2 data-start=\"875\" data-end=\"892\">Caract\u00e9ristiques principales<\/h2>\n<ol data-start=\"893\" data-end=\"1822\">\n<li data-start=\"893\" data-end=\"997\">\n<p data-start=\"896\" data-end=\"997\"><strong data-start=\"896\" data-end=\"919\">Design doux et matelass\u00e9<\/strong> - Une douce finition matelass\u00e9e a \u00e9t\u00e9 appliqu\u00e9e pour donner un style chic et f\u00e9minin.<\/p>\n<\/li>\n<li data-start=\"998\" data-end=\"1110\">\n<p data-start=\"1001\" data-end=\"1110\"><strong data-start=\"1001\" data-end=\"1029\">Construction l\u00e9g\u00e8re<\/strong> - Le fourre-tout a \u00e9t\u00e9 fabriqu\u00e9 en polyester l\u00e9ger pour r\u00e9duire la charge de travail.<\/p>\n<\/li>\n<li data-start=\"1111\" data-end=\"1222\">\n<p data-start=\"1114\" data-end=\"1222\"><strong data-start=\"1114\" data-end=\"1134\">Mat\u00e9riau durable<\/strong> - Un tissu en polyester tr\u00e8s r\u00e9sistant a \u00e9t\u00e9 utilis\u00e9, ce qui garantit la r\u00e9sistance \u00e0 l'usure.<\/p>\n<\/li>\n<li data-start=\"1223\" data-end=\"1367\">\n<p data-start=\"1226\" data-end=\"1367\"><strong data-start=\"1226\" data-end=\"1253\">Surface r\u00e9sistante \u00e0 l'eau<\/strong> - Un rev\u00eatement r\u00e9sistant \u00e0 l'eau a \u00e9t\u00e9 appliqu\u00e9, ce qui permet de prot\u00e9ger les effets personnels contre les pluies l\u00e9g\u00e8res et les \u00e9claboussures.<\/p>\n<\/li>\n<li data-start=\"1368\" data-end=\"1491\">\n<p data-start=\"1371\" data-end=\"1491\"><strong data-start=\"1371\" data-end=\"1395\">Tr\u00e8s grande capacit\u00e9<\/strong> - Un espace suffisant a \u00e9t\u00e9 pr\u00e9vu pour ranger les produits de premi\u00e8re n\u00e9cessit\u00e9, les livres, les ordinateurs portables ou les articles de shopping.<\/p>\n<\/li>\n<li data-start=\"1492\" data-end=\"1606\">\n<p data-start=\"1495\" data-end=\"1606\"><strong data-start=\"1495\" data-end=\"1519\">Options personnalisables<\/strong> - Le logo, la taille et la couleur peuvent \u00eatre personnalis\u00e9s pour r\u00e9pondre aux exigences de la marque ou aux besoins personnels.<\/p>\n<\/li>\n<li data-start=\"1607\" data-end=\"1700\">\n<p data-start=\"1610\" data-end=\"1700\"><strong data-start=\"1610\" data-end=\"1634\">Utilisation en toute saison<\/strong> - Le fourre-tout a \u00e9t\u00e9 con\u00e7u pour \u00eatre utilis\u00e9 tout au long de l'ann\u00e9e et en toutes saisons.<\/p>\n<\/li>\n<li data-start=\"1701\" data-end=\"1822\">\n<p data-start=\"1704\" data-end=\"1822\"><strong data-start=\"1704\" data-end=\"1729\">Application polyvalente<\/strong> - Il a \u00e9t\u00e9 largement utilis\u00e9 pour les achats, les d\u00e9placements quotidiens, les voyages et les styles de vie d\u00e9contract\u00e9s.<\/p>\n<\/li>\n<\/ol>\n<h2 data-start=\"1829\" data-end=\"1848\">Sp\u00e9cifications<\/h2>\n<div class=\"_tableContainer_1rjym_1\">\n<div class=\"group _tableWrapper_1rjym_13 flex w-fit flex-col-reverse\" tabindex=\"-1\">\n<table class=\"w-fit min-w-(--thread-content-width)\" data-start=\"1850\" data-end=\"2825\">\n<thead data-start=\"1850\" data-end=\"1917\">\n<tr data-start=\"1850\" data-end=\"1917\">\n<th data-start=\"1850\" data-end=\"1875\" data-col-size=\"sm\"><strong data-start=\"1852\" data-end=\"1865\">Param\u00e8tres<\/strong><\/th>\n<th data-start=\"1875\" data-end=\"1917\" data-col-size=\"md\"><strong data-start=\"1877\" data-end=\"1892\">Description<\/strong><\/th>\n<\/tr>\n<\/thead>\n<tbody data-start=\"1987\" data-end=\"2825\">\n<tr data-start=\"1987\" data-end=\"2055\">\n<td data-start=\"1987\" data-end=\"2013\" data-col-size=\"sm\">Nom du produit<\/td>\n<td data-col-size=\"md\" data-start=\"2013\" data-end=\"2055\">Fourre-tout matelass\u00e9<\/td>\n<\/tr>\n<tr data-start=\"2056\" data-end=\"2124\">\n<td data-start=\"2056\" data-end=\"2082\" data-col-size=\"sm\">Marque<\/td>\n<td data-col-size=\"md\" data-start=\"2082\" data-end=\"2124\">RONEER<\/td>\n<\/tr>\n<tr data-start=\"2125\" data-end=\"2193\">\n<td data-start=\"2125\" data-end=\"2151\" data-col-size=\"sm\">Num\u00e9ro de mod\u00e8le<\/td>\n<td data-col-size=\"md\" data-start=\"2151\" data-end=\"2193\">BJ-041<\/td>\n<\/tr>\n<tr data-start=\"2194\" data-end=\"2262\">\n<td data-start=\"2194\" data-end=\"2220\" data-col-size=\"sm\">Origine<\/td>\n<td data-col-size=\"md\" data-start=\"2220\" data-end=\"2262\">Guangdong, Chine<\/td>\n<\/tr>\n<tr data-start=\"2263\" data-end=\"2342\">\n<td data-start=\"2263\" data-end=\"2289\" data-col-size=\"sm\">Style<\/td>\n<td data-col-size=\"md\" data-start=\"2289\" data-end=\"2342\">Mode, Lady, Vintage, National, England Style<\/td>\n<\/tr>\n<tr data-start=\"2343\" data-end=\"2411\">\n<td data-start=\"2343\" data-end=\"2369\" data-col-size=\"sm\">Mat\u00e9riau principal<\/td>\n<td data-col-size=\"md\" data-start=\"2369\" data-end=\"2411\">Polyester<\/td>\n<\/tr>\n<tr data-start=\"2412\" data-end=\"2480\">\n<td data-start=\"2412\" data-end=\"2438\" data-col-size=\"sm\">Dimensions<\/td>\n<td data-start=\"2438\" data-end=\"2480\" data-col-size=\"md\">Personnalisable<\/td>\n<\/tr>\n<tr data-start=\"2481\" data-end=\"2549\">\n<td data-start=\"2481\" data-end=\"2507\" data-col-size=\"sm\">Couleur<\/td>\n<td data-col-size=\"md\" data-start=\"2507\" data-end=\"2549\">Personnalisable<\/td>\n<\/tr>\n<tr data-start=\"2550\" data-end=\"2618\">\n<td data-start=\"2550\" data-end=\"2576\" data-col-size=\"sm\">Saison<\/td>\n<td data-start=\"2576\" data-end=\"2618\" data-col-size=\"md\">Toutes les saisons<\/td>\n<\/tr>\n<tr data-start=\"2619\" data-end=\"2687\">\n<td data-start=\"2619\" data-end=\"2645\" data-col-size=\"sm\">Caract\u00e9ristiques<\/td>\n<td data-col-size=\"md\" data-start=\"2645\" data-end=\"2687\">Durable, r\u00e9sistant \u00e0 l'eau<\/td>\n<\/tr>\n<tr data-start=\"2688\" data-end=\"2756\">\n<td data-start=\"2688\" data-end=\"2714\" data-col-size=\"sm\">MOQ<\/td>\n<td data-col-size=\"md\" data-start=\"2714\" data-end=\"2756\">300 pi\u00e8ces<\/td>\n<\/tr>\n<tr data-start=\"2757\" data-end=\"2825\">\n<td data-start=\"2757\" data-end=\"2783\" data-col-size=\"sm\">Logo<\/td>\n<td data-col-size=\"md\" data-start=\"2783\" data-end=\"2825\">Logo personnalis\u00e9 disponible<\/td>\n<\/tr>\n<\/tbody>\n<\/table>\n<\/div>\n<\/div>\n<hr data-start=\"2827\" data-end=\"2830\" \/>\n<h2 data-start=\"2832\" data-end=\"2849\">Applications<\/h2>\n<p data-start=\"2850\" data-end=\"2913\">Le fourre-tout a \u00e9t\u00e9 couramment utilis\u00e9 dans de multiples sc\u00e9narios :<\/p>\n<ul data-start=\"2914\" data-end=\"3095\">\n<li data-start=\"2914\" data-end=\"2938\">\n<p data-start=\"2916\" data-end=\"2938\">Voyages et vacances<\/p>\n<\/li>\n<li data-start=\"2939\" data-end=\"2958\">\n<p data-start=\"2941\" data-end=\"2958\">Trajets quotidiens<\/p>\n<\/li>\n<li data-start=\"2959\" data-end=\"2977\">\n<p data-start=\"2961\" data-end=\"2977\">Sorties d\u00e9contract\u00e9es<\/p>\n<\/li>\n<li data-start=\"2978\" data-end=\"3005\">\n<p data-start=\"2980\" data-end=\"3005\">Magasins et commerces de d\u00e9tail<\/p>\n<\/li>\n<\/ul>\n<p data-start=\"3102\" data-end=\"3357\">Si vous \u00eates int\u00e9ress\u00e9 par cette <strong data-start=\"3132\" data-end=\"3195\">Fourre-tout de mode l\u00e9ger, extra-large, souple et matelass\u00e9 pour femmes<\/strong>N'h\u00e9sitez pas \u00e0 nous contacter pour obtenir des \u00e9chantillons. <strong data-start=\"3241\" data-end=\"3263\">Services ODM et OEM<\/strong> sont fournis pour r\u00e9pondre \u00e0 vos besoins de personnalisation, notamment en ce qui concerne le logo, la taille et les couleurs.<\/p>","protected":false},"excerpt":{"rendered":"<p>Le sac fourre-tout Fashion Lightweight Extra Large Soft Quilted Women's Tote Bag a \u00e9t\u00e9 con\u00e7u sous la marque RONEER pour offrir \u00e0 la fois style et praticit\u00e9. Le sac est fabriqu\u00e9 en polyester de haute qualit\u00e9, ce qui garantit sa durabilit\u00e9 et son utilisation \u00e0 long terme. Une surface matelass\u00e9e \u00e0 la mode a \u00e9t\u00e9 appliqu\u00e9e, ce qui permet de conserver un look moderne et \u00e9l\u00e9gant tout en offrant une polyvalence pour diff\u00e9rentes occasions quotidiennes. Ce sac fourre-tout a \u00e9t\u00e9 largement pr\u00e9f\u00e9r\u00e9 pour le shopping, les voyages, les d\u00e9placements et les sorties d\u00e9contract\u00e9es, et il a \u00e9t\u00e9 tr\u00e8s appr\u00e9ci\u00e9 par les femmes \u00e0 la recherche d'un espace de rangement l\u00e9ger mais spacieux.<\/p>","protected":false},"featured_media":3507,"comment_status":"open","ping_status":"closed","template":"","meta":{"site-sidebar-layout":"default","site-content-layout":"","ast-site-content-layout":"default","site-content-style":"default","site-sidebar-style":"default","ast-global-header-display":"","ast-banner-title-visibility":"","ast-main-header-display":"","ast-hfb-above-header-display":"","ast-hfb-below-header-display":"","ast-hfb-mobile-header-display":"","site-post-title":"","ast-breadcrumbs-content":"","ast-featured-img":"","footer-sml-layout":"","ast-disable-related-posts":"","theme-transparent-header-meta":"default","adv-header-id-meta":"","stick-header-meta":"","header-above-stick-meta":"","header-main-stick-meta":"","header-below-stick-meta":"","astra-migrate-meta-layouts":"set","ast-page-background-enabled":"default","ast-page-background-meta":{"desktop":{"background-color":"var(--ast-global-color-5)","background-image":"","background-repeat":"repeat","background-position":"center center","background-size":"auto","background-attachment":"scroll","background-type":"","background-media":"","overlay-type":"","overlay-color":"","overlay-opacity":"","overlay-gradient":""},"tablet":{"background-color":"","background-image":"","background-repeat":"repeat","background-position":"center center","background-size":"auto","background-attachment":"scroll","background-type":"","background-media":"","overlay-type":"","overlay-color":"","overlay-opacity":"","overlay-gradient":""},"mobile":{"background-color":"","background-image":"","background-repeat":"repeat","background-position":"center center","background-size":"auto","background-attachment":"scroll","background-type":"","background-media":"","overlay-type":"","overlay-color":"","overlay-opacity":"","overlay-gradient":""}},"ast-content-background-meta":{"desktop":{"background-color":"var(--ast-global-color-4)","background-image":"","background-repeat":"repeat","background-position":"center center","background-size":"auto","background-attachment":"scroll","background-type":"","background-media":"","overlay-type":"","overlay-color":"","overlay-opacity":"","overlay-gradient":""},"tablet":{"background-color":"var(--ast-global-color-4)","background-image":"","background-repeat":"repeat","background-position":"center center","background-size":"auto","background-attachment":"scroll","background-type":"","background-media":"","overlay-type":"","overlay-color":"","overlay-opacity":"","overlay-gradient":""},"mobile":{"background-color":"var(--ast-global-color-4)","background-image":"","background-repeat":"repeat","background-position":"center center","background-size":"auto","background-attachment":"scroll","background-type":"","background-media":"","overlay-type":"","overlay-color":"","overlay-opacity":"","overlay-gradient":""}}},"product_brand":[],"product_cat":[59,54],"product_tag":[],"class_list":{"0":"post-3504","1":"product","2":"type-product","3":"status-publish","4":"has-post-thumbnail","6":"product_cat-quilted-tote-bag","7":"product_cat-womens-bag","8":"desktop-align-left","9":"tablet-align-left","10":"mobile-align-left","12":"first","13":"instock","14":"shipping-taxable","15":"product-type-simple"},"_links":{"self":[{"href":"https:\/\/baijiabags.com\/fr\/wp-json\/wp\/v2\/product\/3504","targetHints":{"allow":["GET"]}}],"collection":[{"href":"https:\/\/baijiabags.com\/fr\/wp-json\/wp\/v2\/product"}],"about":[{"href":"https:\/\/baijiabags.com\/fr\/wp-json\/wp\/v2\/types\/product"}],"replies":[{"embeddable":true,"href":"https:\/\/baijiabags.com\/fr\/wp-json\/wp\/v2\/comments?post=3504"}],"wp:featuredmedia":[{"embeddable":true,"href":"https:\/\/baijiabags.com\/fr\/wp-json\/wp\/v2\/media\/3507"}],"wp:attachment":[{"href":"https:\/\/baijiabags.com\/fr\/wp-json\/wp\/v2\/media?parent=3504"}],"wp:term":[{"taxonomy":"product_brand","embeddable":true,"href":"https:\/\/baijiabags.com\/fr\/wp-json\/wp\/v2\/product_brand?post=3504"},{"taxonomy":"product_cat","embeddable":true,"href":"https:\/\/baijiabags.com\/fr\/wp-json\/wp\/v2\/product_cat?post=3504"},{"taxonomy":"product_tag","embeddable":true,"href":"https:\/\/baijiabags.com\/fr\/wp-json\/wp\/v2\/product_tag?post=3504"}],"curies":[{"name":"wp","href":"https:\/\/api.w.org\/{rel}","templated":true}]}}