{"id":3477,"date":"2025-10-16T06:06:36","date_gmt":"2025-10-16T06:06:36","guid":{"rendered":"https:\/\/baijiabags.com\/?post_type=product&#038;p=3477"},"modified":"2025-11-01T01:23:32","modified_gmt":"2025-11-01T01:23:32","slug":"factory-direct-custom-striped-tote-bag-quilted-nylon-lining-shoulder-handbag-work-travel","status":"publish","type":"product","link":"https:\/\/baijiabags.com\/fr\/produit\/factory-direct-custom-striped-tote-bag-quilted-nylon-lining-shoulder-handbag-work-travel\/","title":{"rendered":"Factory Direct Custom Striped Tote Bag Quilted Nylon Lining Shoulder Handbag Work Travel"},"content":{"rendered":"<h2 data-start=\"1026\" data-end=\"1044\">Caract\u00e9ristiques principales<\/h2>\n<ol data-start=\"1045\" data-end=\"1707\">\n<li data-start=\"1045\" data-end=\"1131\">\n<p data-start=\"1048\" data-end=\"1131\"><strong data-start=\"1048\" data-end=\"1069\">Mat\u00e9riau durable :<\/strong> Fabriqu\u00e9 en nylon de haute qualit\u00e9 qui r\u00e9siste \u00e0 l'usure quotidienne.<\/p>\n<\/li>\n<li data-start=\"1132\" data-end=\"1208\">\n<p data-start=\"1135\" data-end=\"1208\"><strong data-start=\"1135\" data-end=\"1155\">R\u00e9sistant \u00e0 l'eau :<\/strong> Prot\u00e8ge contre les pluies l\u00e9g\u00e8res et les \u00e9claboussures.<\/p>\n<\/li>\n<li data-start=\"1209\" data-end=\"1283\">\n<p data-start=\"1212\" data-end=\"1283\"><strong data-start=\"1212\" data-end=\"1232\">Motif ray\u00e9 :<\/strong> Le design ray\u00e9 \u00e9l\u00e9gant ajoute une touche de mode.<\/p>\n<\/li>\n<li data-start=\"1284\" data-end=\"1364\">\n<p data-start=\"1287\" data-end=\"1364\"><strong data-start=\"1287\" data-end=\"1312\">Nylon matelass\u00e9 Doublure :<\/strong> La doublure int\u00e9rieure assure la s\u00e9curit\u00e9 des effets personnels.<\/p>\n<\/li>\n<li data-start=\"1365\" data-end=\"1464\">\n<p data-start=\"1368\" data-end=\"1464\"><strong data-start=\"1368\" data-end=\"1388\">Design spacieux :<\/strong> Un grand compartiment principal permet de ranger les objets indispensables au travail, au voyage ou au shopping.<\/p>\n<\/li>\n<li data-start=\"1465\" data-end=\"1543\">\n<p data-start=\"1468\" data-end=\"1543\"><strong data-start=\"1468\" data-end=\"1500\">Taille et couleur personnalisables :<\/strong> Adapt\u00e9s aux pr\u00e9f\u00e9rences individuelles.<\/p>\n<\/li>\n<li data-start=\"1544\" data-end=\"1623\">\n<p data-start=\"1547\" data-end=\"1623\"><strong data-start=\"1547\" data-end=\"1579\">L\u00e9ger et confortable :<\/strong> Facile \u00e0 porter sur l'\u00e9paule ou \u00e0 la main.<\/p>\n<\/li>\n<li data-start=\"1624\" data-end=\"1707\">\n<p data-start=\"1627\" data-end=\"1707\"><strong data-start=\"1627\" data-end=\"1649\">Style \u00e0 la mode :<\/strong> M\u00e9lange d'esth\u00e9tique vintage, nationale et anglaise.<\/p>\n<\/li>\n<\/ol>\n<h2 data-start=\"1709\" data-end=\"1729\">Sp\u00e9cifications<\/h2>\n<div class=\"_tableContainer_1rjym_1\">\n<div class=\"group _tableWrapper_1rjym_13 flex w-fit flex-col-reverse\" tabindex=\"-1\">\n<table class=\"w-fit min-w-(--thread-content-width)\" data-start=\"1731\" data-end=\"2808\">\n<thead data-start=\"1731\" data-end=\"1801\">\n<tr data-start=\"1731\" data-end=\"1801\">\n<th data-start=\"1731\" data-end=\"1756\" data-col-size=\"sm\">Param\u00e8tres<\/th>\n<th data-start=\"1756\" data-end=\"1801\" data-col-size=\"md\">D\u00e9tails<\/th>\n<\/tr>\n<\/thead>\n<tbody data-start=\"1873\" data-end=\"2808\">\n<tr data-start=\"1873\" data-end=\"1943\">\n<td data-start=\"1873\" data-end=\"1898\" data-col-size=\"sm\">Nom du produit<\/td>\n<td data-col-size=\"md\" data-start=\"1898\" data-end=\"1943\">Sac fourre-tout ray\u00e9<\/td>\n<\/tr>\n<tr data-start=\"1944\" data-end=\"2014\">\n<td data-start=\"1944\" data-end=\"1969\" data-col-size=\"sm\">Marque<\/td>\n<td data-col-size=\"md\" data-start=\"1969\" data-end=\"2014\">RONEER<\/td>\n<\/tr>\n<tr data-start=\"2015\" data-end=\"2086\">\n<td data-start=\"2015\" data-end=\"2040\" data-col-size=\"sm\">Mod\u00e8le<\/td>\n<td data-col-size=\"md\" data-start=\"2040\" data-end=\"2086\">BJ-048<\/td>\n<\/tr>\n<tr data-start=\"2087\" data-end=\"2157\">\n<td data-start=\"2087\" data-end=\"2112\" data-col-size=\"sm\">Origine<\/td>\n<td data-col-size=\"md\" data-start=\"2112\" data-end=\"2157\">Guangdong, Chine<\/td>\n<\/tr>\n<tr data-start=\"2158\" data-end=\"2234\">\n<td data-start=\"2158\" data-end=\"2183\" data-col-size=\"sm\">Style<\/td>\n<td data-col-size=\"md\" data-start=\"2183\" data-end=\"2234\">Mode, Lady, Vintage, National, England Style<\/td>\n<\/tr>\n<tr data-start=\"2235\" data-end=\"2305\">\n<td data-start=\"2235\" data-end=\"2260\" data-col-size=\"sm\">Mat\u00e9riau principal<\/td>\n<td data-col-size=\"md\" data-start=\"2260\" data-end=\"2305\">Nylon<\/td>\n<\/tr>\n<tr data-start=\"2306\" data-end=\"2376\">\n<td data-start=\"2306\" data-end=\"2331\" data-col-size=\"sm\">Type de motif<\/td>\n<td data-start=\"2331\" data-end=\"2376\" data-col-size=\"md\">Ray\u00e9<\/td>\n<\/tr>\n<tr data-start=\"2377\" data-end=\"2448\">\n<td data-start=\"2377\" data-end=\"2402\" data-col-size=\"sm\">Taille<\/td>\n<td data-col-size=\"md\" data-start=\"2402\" data-end=\"2448\">Personnalisable<\/td>\n<\/tr>\n<tr data-start=\"2449\" data-end=\"2520\">\n<td data-start=\"2449\" data-end=\"2474\" data-col-size=\"sm\">Couleur<\/td>\n<td data-col-size=\"md\" data-start=\"2474\" data-end=\"2520\">Personnalisable<\/td>\n<\/tr>\n<tr data-start=\"2521\" data-end=\"2592\">\n<td data-start=\"2521\" data-end=\"2546\" data-col-size=\"sm\">Saison<\/td>\n<td data-col-size=\"md\" data-start=\"2546\" data-end=\"2592\">Toutes saisons<\/td>\n<\/tr>\n<tr data-start=\"2593\" data-end=\"2664\">\n<td data-start=\"2593\" data-end=\"2618\" data-col-size=\"sm\">Caract\u00e9ristiques<\/td>\n<td data-start=\"2618\" data-end=\"2664\" data-col-size=\"md\">Durable, r\u00e9sistant \u00e0 l'eau<\/td>\n<\/tr>\n<tr data-start=\"2665\" data-end=\"2736\">\n<td data-start=\"2665\" data-end=\"2690\" data-col-size=\"sm\">MOQ<\/td>\n<td data-col-size=\"md\" data-start=\"2690\" data-end=\"2736\">300<\/td>\n<\/tr>\n<tr data-start=\"2737\" data-end=\"2808\">\n<td data-start=\"2737\" data-end=\"2762\" data-col-size=\"sm\">Applications<\/td>\n<td data-col-size=\"md\" data-start=\"2762\" data-end=\"2808\">Voyage, Vie quotidienne, Shopping<\/td>\n<\/tr>\n<\/tbody>\n<\/table>\n<\/div>\n<\/div>\n<h2 data-start=\"2810\" data-end=\"2828\">Applications<\/h2>\n<ul data-start=\"2829\" data-end=\"3019\">\n<li data-start=\"2829\" data-end=\"2896\">\n<p data-start=\"2831\" data-end=\"2896\">Voyage : Con\u00e7u pour transporter l'essentiel de mani\u00e8re efficace et \u00e9l\u00e9gante.<\/p>\n<\/li>\n<li data-start=\"2897\" data-end=\"2958\">\n<p data-start=\"2899\" data-end=\"2958\">Vie quotidienne : Parfait pour le travail, les courses ou les sorties d\u00e9contract\u00e9es.<\/p>\n<\/li>\n<li data-start=\"2959\" data-end=\"3019\">\n<p data-start=\"2961\" data-end=\"3019\">Shopping : Suffisamment spacieux pour y d\u00e9poser confortablement ses achats.<\/p>\n<\/li>\n<\/ul>\n<p data-start=\"3021\" data-end=\"3186\">Si vous \u00eates int\u00e9ress\u00e9 par ce sac fourre-tout, veuillez nous contacter pour obtenir des \u00e9chantillons. <strong data-start=\"3092\" data-end=\"3128\">Les services ODM et OEM sont disponibles<\/strong> de personnaliser les produits en fonction de vos sp\u00e9cifications.<\/p>","protected":false},"excerpt":{"rendered":"<p>Le fourre-tout RONEER a \u00e9t\u00e9 fabriqu\u00e9 en nylon de haute qualit\u00e9 pour garantir sa durabilit\u00e9 et sa r\u00e9sistance \u00e0 l'eau. Son design \u00e0 la mode incorpore des \u00e9l\u00e9ments vintage et de style national anglais, s\u00e9duisant les femmes modernes qui pr\u00e9f\u00e8rent un look classique mais contemporain. Le sac est l\u00e9ger mais robuste, ce qui le rend id\u00e9al pour transporter confortablement les objets essentiels tout au long de la journ\u00e9e.<\/p>","protected":false},"featured_media":3480,"comment_status":"open","ping_status":"closed","template":"","meta":{"site-sidebar-layout":"default","site-content-layout":"","ast-site-content-layout":"default","site-content-style":"default","site-sidebar-style":"default","ast-global-header-display":"","ast-banner-title-visibility":"","ast-main-header-display":"","ast-hfb-above-header-display":"","ast-hfb-below-header-display":"","ast-hfb-mobile-header-display":"","site-post-title":"","ast-breadcrumbs-content":"","ast-featured-img":"","footer-sml-layout":"","ast-disable-related-posts":"","theme-transparent-header-meta":"default","adv-header-id-meta":"","stick-header-meta":"","header-above-stick-meta":"","header-main-stick-meta":"","header-below-stick-meta":"","astra-migrate-meta-layouts":"set","ast-page-background-enabled":"default","ast-page-background-meta":{"desktop":{"background-color":"var(--ast-global-color-5)","background-image":"","background-repeat":"repeat","background-position":"center center","background-size":"auto","background-attachment":"scroll","background-type":"","background-media":"","overlay-type":"","overlay-color":"","overlay-opacity":"","overlay-gradient":""},"tablet":{"background-color":"","background-image":"","background-repeat":"repeat","background-position":"center center","background-size":"auto","background-attachment":"scroll","background-type":"","background-media":"","overlay-type":"","overlay-color":"","overlay-opacity":"","overlay-gradient":""},"mobile":{"background-color":"","background-image":"","background-repeat":"repeat","background-position":"center center","background-size":"auto","background-attachment":"scroll","background-type":"","background-media":"","overlay-type":"","overlay-color":"","overlay-opacity":"","overlay-gradient":""}},"ast-content-background-meta":{"desktop":{"background-color":"var(--ast-global-color-4)","background-image":"","background-repeat":"repeat","background-position":"center center","background-size":"auto","background-attachment":"scroll","background-type":"","background-media":"","overlay-type":"","overlay-color":"","overlay-opacity":"","overlay-gradient":""},"tablet":{"background-color":"var(--ast-global-color-4)","background-image":"","background-repeat":"repeat","background-position":"center center","background-size":"auto","background-attachment":"scroll","background-type":"","background-media":"","overlay-type":"","overlay-color":"","overlay-opacity":"","overlay-gradient":""},"mobile":{"background-color":"var(--ast-global-color-4)","background-image":"","background-repeat":"repeat","background-position":"center center","background-size":"auto","background-attachment":"scroll","background-type":"","background-media":"","overlay-type":"","overlay-color":"","overlay-opacity":"","overlay-gradient":""}}},"product_brand":[],"product_cat":[59,54],"product_tag":[],"class_list":{"0":"post-3477","1":"product","2":"type-product","3":"status-publish","4":"has-post-thumbnail","6":"product_cat-quilted-tote-bag","7":"product_cat-womens-bag","8":"desktop-align-left","9":"tablet-align-left","10":"mobile-align-left","12":"first","13":"instock","14":"shipping-taxable","15":"product-type-simple"},"_links":{"self":[{"href":"https:\/\/baijiabags.com\/fr\/wp-json\/wp\/v2\/product\/3477","targetHints":{"allow":["GET"]}}],"collection":[{"href":"https:\/\/baijiabags.com\/fr\/wp-json\/wp\/v2\/product"}],"about":[{"href":"https:\/\/baijiabags.com\/fr\/wp-json\/wp\/v2\/types\/product"}],"replies":[{"embeddable":true,"href":"https:\/\/baijiabags.com\/fr\/wp-json\/wp\/v2\/comments?post=3477"}],"wp:featuredmedia":[{"embeddable":true,"href":"https:\/\/baijiabags.com\/fr\/wp-json\/wp\/v2\/media\/3480"}],"wp:attachment":[{"href":"https:\/\/baijiabags.com\/fr\/wp-json\/wp\/v2\/media?parent=3477"}],"wp:term":[{"taxonomy":"product_brand","embeddable":true,"href":"https:\/\/baijiabags.com\/fr\/wp-json\/wp\/v2\/product_brand?post=3477"},{"taxonomy":"product_cat","embeddable":true,"href":"https:\/\/baijiabags.com\/fr\/wp-json\/wp\/v2\/product_cat?post=3477"},{"taxonomy":"product_tag","embeddable":true,"href":"https:\/\/baijiabags.com\/fr\/wp-json\/wp\/v2\/product_tag?post=3477"}],"curies":[{"name":"wp","href":"https:\/\/api.w.org\/{rel}","templated":true}]}}