{"id":3371,"date":"2025-10-16T01:51:48","date_gmt":"2025-10-16T01:51:48","guid":{"rendered":"https:\/\/baijiabags.com\/?post_type=product&#038;p=3371"},"modified":"2025-10-17T00:59:29","modified_gmt":"2025-10-17T00:59:29","slug":"factory-custom-large-capacity-tactical-backpack-outdoor-sports-bag-for-men","status":"publish","type":"product","link":"https:\/\/baijiabags.com\/fr\/produit\/factory-custom-large-capacity-tactical-backpack-outdoor-sports-bag-for-men\/","title":{"rendered":"Sac \u00e0 dos tactique de grande capacit\u00e9 pour hommes Sac de sport ext\u00e9rieur"},"content":{"rendered":"<h2 data-start=\"1110\" data-end=\"1127\">Caract\u00e9ristiques principales<\/h2>\n<ol data-start=\"1129\" data-end=\"2167\">\n<li data-start=\"1129\" data-end=\"1284\">\n<p data-start=\"1132\" data-end=\"1284\"><strong data-start=\"1132\" data-end=\"1157\">Conception \u00e0 grande capacit\u00e9<\/strong> - Un vaste espace de rangement a \u00e9t\u00e9 pr\u00e9vu pour transporter les v\u00eatements, l'\u00e9quipement et les \u00e9l\u00e9ments essentiels pour les longs voyages ou les missions tactiques.<\/p>\n<\/li>\n<li data-start=\"1285\" data-end=\"1397\">\n<p data-start=\"1288\" data-end=\"1397\"><strong data-start=\"1288\" data-end=\"1315\">Mat\u00e9riau Oxford durable<\/strong> - Le tissu Oxford tr\u00e8s r\u00e9sistant a \u00e9t\u00e9 utilis\u00e9 pour garantir des performances durables.<\/p>\n<\/li>\n<li data-start=\"1398\" data-end=\"1532\">\n<p data-start=\"1401\" data-end=\"1532\"><strong data-start=\"1401\" data-end=\"1433\">Construction r\u00e9sistante \u00e0 l'eau<\/strong> - La protection contre les \u00e9claboussures et les pluies l\u00e9g\u00e8res est assur\u00e9e par un traitement hydrofuge.<\/p>\n<\/li>\n<li data-start=\"1533\" data-end=\"1647\">\n<p data-start=\"1536\" data-end=\"1647\"><strong data-start=\"1536\" data-end=\"1557\">Bretelles r\u00e9glables<\/strong> - Les bretelles ergonomiques ont \u00e9t\u00e9 con\u00e7ues pour r\u00e9partir uniform\u00e9ment le poids pour plus de confort.<\/p>\n<\/li>\n<li data-start=\"1648\" data-end=\"1774\">\n<p data-start=\"1651\" data-end=\"1774\"><strong data-start=\"1651\" data-end=\"1680\">Taille et couleur personnalisables<\/strong> - Le sac \u00e0 dos peut \u00eatre produit dans des dimensions et des couleurs personnalis\u00e9es en fonction des exigences de la commande.<\/p>\n<\/li>\n<li data-start=\"1775\" data-end=\"1896\">\n<p data-start=\"1778\" data-end=\"1896\"><strong data-start=\"1778\" data-end=\"1802\">Compartiment int\u00e9rieur<\/strong> - Un compartiment d\u00e9di\u00e9 a \u00e9t\u00e9 inclus pour une meilleure organisation des effets personnels.<\/p>\n<\/li>\n<li data-start=\"1897\" data-end=\"2031\">\n<p data-start=\"1900\" data-end=\"2031\"><strong data-start=\"1900\" data-end=\"1918\">Style tactique<\/strong> - Un design robuste a \u00e9t\u00e9 appliqu\u00e9, adapt\u00e9 aux sports de plein air, aux voyages ou \u00e0 l'utilisation tactique professionnelle.<\/p>\n<\/li>\n<li data-start=\"2032\" data-end=\"2167\">\n<p data-start=\"2035\" data-end=\"2167\"><strong data-start=\"2035\" data-end=\"2056\">Support OEM et ODM<\/strong> - Le sac \u00e0 dos a \u00e9t\u00e9 propos\u00e9 avec des options de personnalisation pour le marquage, les marques priv\u00e9es et les changements de design.<\/p>\n<\/li>\n<\/ol>\n<hr data-start=\"2169\" data-end=\"2172\" \/>\n<h2 data-start=\"2174\" data-end=\"2193\">Sp\u00e9cifications<\/h2>\n<div class=\"_tableContainer_1rjym_1\">\n<div class=\"group _tableWrapper_1rjym_13 flex w-fit flex-col-reverse\" tabindex=\"-1\">\n<table class=\"w-fit min-w-(--thread-content-width)\" data-start=\"2195\" data-end=\"3075\">\n<thead data-start=\"2195\" data-end=\"2255\">\n<tr data-start=\"2195\" data-end=\"2255\">\n<th data-start=\"2195\" data-end=\"2219\" data-col-size=\"sm\"><strong data-start=\"2197\" data-end=\"2210\">Param\u00e8tres<\/strong><\/th>\n<th data-start=\"2219\" data-end=\"2255\" data-col-size=\"md\"><strong data-start=\"2221\" data-end=\"2236\">Description<\/strong><\/th>\n<\/tr>\n<\/thead>\n<tbody data-start=\"2318\" data-end=\"3075\">\n<tr data-start=\"2318\" data-end=\"2379\">\n<td data-start=\"2318\" data-end=\"2343\" data-col-size=\"sm\">Nom du produit<\/td>\n<td data-col-size=\"md\" data-start=\"2343\" data-end=\"2379\">Sac \u00e0 dos tactique pour l'ext\u00e9rieur<\/td>\n<\/tr>\n<tr data-start=\"2380\" data-end=\"2441\">\n<td data-start=\"2380\" data-end=\"2405\" data-col-size=\"sm\">Marque<\/td>\n<td data-col-size=\"md\" data-start=\"2405\" data-end=\"2441\">RONEER<\/td>\n<\/tr>\n<tr data-start=\"2442\" data-end=\"2503\">\n<td data-start=\"2442\" data-end=\"2467\" data-col-size=\"sm\">Num\u00e9ro de mod\u00e8le<\/td>\n<td data-col-size=\"md\" data-start=\"2467\" data-end=\"2503\">AL-2346<\/td>\n<\/tr>\n<tr data-start=\"2504\" data-end=\"2565\">\n<td data-start=\"2504\" data-end=\"2529\" data-col-size=\"sm\">Origine<\/td>\n<td data-start=\"2529\" data-end=\"2565\" data-col-size=\"md\">Guangdong, Chine<\/td>\n<\/tr>\n<tr data-start=\"2566\" data-end=\"2627\">\n<td data-start=\"2566\" data-end=\"2591\" data-col-size=\"sm\">Mat\u00e9riau<\/td>\n<td data-col-size=\"md\" data-start=\"2591\" data-end=\"2627\">Tissu Oxford<\/td>\n<\/tr>\n<tr data-start=\"2628\" data-end=\"2689\">\n<td data-start=\"2628\" data-end=\"2653\" data-col-size=\"sm\">Int\u00e9rieur<\/td>\n<td data-col-size=\"md\" data-start=\"2653\" data-end=\"2689\">Compartiment int\u00e9rieur<\/td>\n<\/tr>\n<tr data-start=\"2690\" data-end=\"2751\">\n<td data-start=\"2690\" data-end=\"2715\" data-col-size=\"sm\">Taille<\/td>\n<td data-col-size=\"md\" data-start=\"2715\" data-end=\"2751\">Personnalisable<\/td>\n<\/tr>\n<tr data-start=\"2752\" data-end=\"2813\">\n<td data-start=\"2752\" data-end=\"2777\" data-col-size=\"sm\">Couleur<\/td>\n<td data-col-size=\"md\" data-start=\"2777\" data-end=\"2813\">Personnalisable<\/td>\n<\/tr>\n<tr data-start=\"2814\" data-end=\"2875\">\n<td data-start=\"2814\" data-end=\"2839\" data-col-size=\"sm\">Style<\/td>\n<td data-col-size=\"md\" data-start=\"2839\" data-end=\"2875\">Mode \/ Tactique<\/td>\n<\/tr>\n<tr data-start=\"2876\" data-end=\"2937\">\n<td data-start=\"2876\" data-end=\"2901\" data-col-size=\"sm\">Caract\u00e9ristiques<\/td>\n<td data-start=\"2901\" data-end=\"2937\" data-col-size=\"md\">Durable, r\u00e9sistant \u00e0 l'eau<\/td>\n<\/tr>\n<tr data-start=\"2938\" data-end=\"2999\">\n<td data-start=\"2938\" data-end=\"2963\" data-col-size=\"sm\">MOQ<\/td>\n<td data-col-size=\"md\" data-start=\"2963\" data-end=\"2999\">300 pi\u00e8ces<\/td>\n<\/tr>\n<tr data-start=\"3000\" data-end=\"3075\">\n<td data-start=\"3000\" data-end=\"3025\" data-col-size=\"sm\">Domaine d'application<\/td>\n<td data-col-size=\"md\" data-start=\"3025\" data-end=\"3075\">Randonn\u00e9e, camping, voyage, militaire, usage quotidien<\/td>\n<\/tr>\n<\/tbody>\n<\/table>\n<\/div>\n<\/div>\n<h2 data-start=\"3082\" data-end=\"3099\">Applications<\/h2>\n<ul data-start=\"3101\" data-end=\"3539\">\n<li data-start=\"3101\" data-end=\"3200\">\n<p data-start=\"3103\" data-end=\"3200\">sports de plein air<\/p>\n<\/li>\n<li data-start=\"3201\" data-end=\"3304\">\n<p data-start=\"3203\" data-end=\"3304\">formation militaire ou tactique<\/p>\n<\/li>\n<li data-start=\"3305\" data-end=\"3411\">\n<p data-start=\"3307\" data-end=\"3411\">les voyages et les d\u00e9placements domicile-travail<\/p>\n<\/li>\n<li data-start=\"3412\" data-end=\"3539\">\n<p data-start=\"3414\" data-end=\"3539\">utilisateurs professionnels<\/p>\n<\/li>\n<\/ul>\n<p data-start=\"3546\" data-end=\"3751\">Si vous \u00eates int\u00e9ress\u00e9 par ce sac \u00e0 dos, des \u00e9chantillons peuvent \u00eatre fournis sur demande. <strong data-start=\"3624\" data-end=\"3646\">Services ODM et OEM<\/strong> ont \u00e9t\u00e9 prises en charge, ce qui permet de r\u00e9pondre aux exigences de personnalisation de votre marque et de conception unique.<\/p>","protected":false},"excerpt":{"rendered":"<p>Les <strong data-start=\"272\" data-end=\"350\">Sac \u00e0 dos tactique de grande capacit\u00e9 pour hommes Sac de sport ext\u00e9rieur<\/strong> a \u00e9t\u00e9 con\u00e7u et fabriqu\u00e9 pour r\u00e9pondre aux exigences des amateurs d'activit\u00e9s de plein air, des voyageurs et des utilisateurs tactiques. Le sac \u00e0 dos a \u00e9t\u00e9 cr\u00e9\u00e9 par <strong data-start=\"499\" data-end=\"509\">RONEER<\/strong>une marque de confiance qui se concentre sur des \u00e9quipements de plein air durables et fonctionnels. Avec sa grande capacit\u00e9 de stockage, ses options personnalisables et ses mat\u00e9riaux robustes, le sac \u00e0 dos a \u00e9t\u00e9 con\u00e7u pour r\u00e9sister \u00e0 diverses conditions ext\u00e9rieures.<\/p>","protected":false},"featured_media":3377,"comment_status":"open","ping_status":"closed","template":"","meta":{"site-sidebar-layout":"default","site-content-layout":"","ast-site-content-layout":"default","site-content-style":"default","site-sidebar-style":"default","ast-global-header-display":"","ast-banner-title-visibility":"","ast-main-header-display":"","ast-hfb-above-header-display":"","ast-hfb-below-header-display":"","ast-hfb-mobile-header-display":"","site-post-title":"","ast-breadcrumbs-content":"","ast-featured-img":"","footer-sml-layout":"","ast-disable-related-posts":"","theme-transparent-header-meta":"default","adv-header-id-meta":"","stick-header-meta":"","header-above-stick-meta":"","header-main-stick-meta":"","header-below-stick-meta":"","astra-migrate-meta-layouts":"set","ast-page-background-enabled":"default","ast-page-background-meta":{"desktop":{"background-color":"var(--ast-global-color-5)","background-image":"","background-repeat":"repeat","background-position":"center center","background-size":"auto","background-attachment":"scroll","background-type":"","background-media":"","overlay-type":"","overlay-color":"","overlay-opacity":"","overlay-gradient":""},"tablet":{"background-color":"","background-image":"","background-repeat":"repeat","background-position":"center center","background-size":"auto","background-attachment":"scroll","background-type":"","background-media":"","overlay-type":"","overlay-color":"","overlay-opacity":"","overlay-gradient":""},"mobile":{"background-color":"","background-image":"","background-repeat":"repeat","background-position":"center center","background-size":"auto","background-attachment":"scroll","background-type":"","background-media":"","overlay-type":"","overlay-color":"","overlay-opacity":"","overlay-gradient":""}},"ast-content-background-meta":{"desktop":{"background-color":"var(--ast-global-color-4)","background-image":"","background-repeat":"repeat","background-position":"center center","background-size":"auto","background-attachment":"scroll","background-type":"","background-media":"","overlay-type":"","overlay-color":"","overlay-opacity":"","overlay-gradient":""},"tablet":{"background-color":"var(--ast-global-color-4)","background-image":"","background-repeat":"repeat","background-position":"center center","background-size":"auto","background-attachment":"scroll","background-type":"","background-media":"","overlay-type":"","overlay-color":"","overlay-opacity":"","overlay-gradient":""},"mobile":{"background-color":"var(--ast-global-color-4)","background-image":"","background-repeat":"repeat","background-position":"center center","background-size":"auto","background-attachment":"scroll","background-type":"","background-media":"","overlay-type":"","overlay-color":"","overlay-opacity":"","overlay-gradient":""}}},"product_brand":[],"product_cat":[58,21],"product_tag":[],"class_list":{"0":"post-3371","1":"product","2":"type-product","3":"status-publish","4":"has-post-thumbnail","6":"product_cat-outdoor-bag","7":"product_cat-backpack","8":"desktop-align-left","9":"tablet-align-left","10":"mobile-align-left","12":"first","13":"instock","14":"shipping-taxable","15":"product-type-simple"},"_links":{"self":[{"href":"https:\/\/baijiabags.com\/fr\/wp-json\/wp\/v2\/product\/3371","targetHints":{"allow":["GET"]}}],"collection":[{"href":"https:\/\/baijiabags.com\/fr\/wp-json\/wp\/v2\/product"}],"about":[{"href":"https:\/\/baijiabags.com\/fr\/wp-json\/wp\/v2\/types\/product"}],"replies":[{"embeddable":true,"href":"https:\/\/baijiabags.com\/fr\/wp-json\/wp\/v2\/comments?post=3371"}],"wp:featuredmedia":[{"embeddable":true,"href":"https:\/\/baijiabags.com\/fr\/wp-json\/wp\/v2\/media\/3377"}],"wp:attachment":[{"href":"https:\/\/baijiabags.com\/fr\/wp-json\/wp\/v2\/media?parent=3371"}],"wp:term":[{"taxonomy":"product_brand","embeddable":true,"href":"https:\/\/baijiabags.com\/fr\/wp-json\/wp\/v2\/product_brand?post=3371"},{"taxonomy":"product_cat","embeddable":true,"href":"https:\/\/baijiabags.com\/fr\/wp-json\/wp\/v2\/product_cat?post=3371"},{"taxonomy":"product_tag","embeddable":true,"href":"https:\/\/baijiabags.com\/fr\/wp-json\/wp\/v2\/product_tag?post=3371"}],"curies":[{"name":"wp","href":"https:\/\/api.w.org\/{rel}","templated":true}]}}