{"id":3365,"date":"2025-10-16T01:44:09","date_gmt":"2025-10-16T01:44:09","guid":{"rendered":"https:\/\/baijiabags.com\/?post_type=product&#038;p=3365"},"modified":"2025-10-17T00:59:39","modified_gmt":"2025-10-17T00:59:39","slug":"wholesale-waterproof-outdoor-sports-lightweight-foldable-backpack-camping-hiking","status":"publish","type":"product","link":"https:\/\/baijiabags.com\/fr\/produit\/wholesale-waterproof-outdoor-sports-lightweight-foldable-backpack-camping-hiking\/","title":{"rendered":"Wholesale Waterproof Outdoor Sports Lightweight Foldable Backpack Camping Hiking"},"content":{"rendered":"<h2 data-start=\"961\" data-end=\"978\">Caract\u00e9ristiques principales<\/h2>\n<ol data-start=\"980\" data-end=\"2029\">\n<li data-start=\"980\" data-end=\"1128\">\n<p data-start=\"983\" data-end=\"1128\"><strong data-start=\"983\" data-end=\"1008\">Protection imperm\u00e9able<\/strong> - Le sac \u00e0 dos a \u00e9t\u00e9 construit en nylon durable et avec des coutures renforc\u00e9es pour r\u00e9sister \u00e0 la p\u00e9n\u00e9tration de l'eau.<\/p>\n<\/li>\n<li data-start=\"1129\" data-end=\"1271\">\n<p data-start=\"1132\" data-end=\"1271\"><strong data-start=\"1132\" data-end=\"1154\">Conception l\u00e9g\u00e8re<\/strong> - Une structure pliable et compacte a \u00e9t\u00e9 appliqu\u00e9e pour r\u00e9duire le poids, ce qui le rend id\u00e9al pour le transport sur de longues distances.<\/p>\n<\/li>\n<li data-start=\"1272\" data-end=\"1372\">\n<p data-start=\"1275\" data-end=\"1372\"><strong data-start=\"1275\" data-end=\"1299\">Options personnalisables<\/strong> - La taille et la couleur peuvent \u00eatre personnalis\u00e9es en fonction des besoins sp\u00e9cifiques.<\/p>\n<\/li>\n<li data-start=\"1373\" data-end=\"1497\">\n<p data-start=\"1376\" data-end=\"1497\"><strong data-start=\"1376\" data-end=\"1400\">Construction durable<\/strong> - La r\u00e9sistance \u00e0 l'usure est assur\u00e9e par un nylon tr\u00e8s r\u00e9sistant et des fermetures \u00e0 glissi\u00e8re s\u00fbres.<\/p>\n<\/li>\n<li data-start=\"1498\" data-end=\"1627\">\n<p data-start=\"1501\" data-end=\"1627\"><strong data-start=\"1501\" data-end=\"1522\">Int\u00e9rieur spacieux<\/strong> - Un grand compartiment avec des sous-sections a \u00e9t\u00e9 inclus pour organiser efficacement les effets personnels.<\/p>\n<\/li>\n<li data-start=\"1628\" data-end=\"1764\">\n<p data-start=\"1631\" data-end=\"1764\"><strong data-start=\"1631\" data-end=\"1652\">Style \u00e0 la mode<\/strong> - Le sac a \u00e9t\u00e9 con\u00e7u dans les styles Fashion, Vintage, Minimalist et Lady pour r\u00e9pondre aux diff\u00e9rentes pr\u00e9f\u00e9rences.<\/p>\n<\/li>\n<li data-start=\"1765\" data-end=\"1892\">\n<p data-start=\"1768\" data-end=\"1892\"><strong data-start=\"1768\" data-end=\"1791\">Portable et pliable<\/strong> - La conception du sac \u00e0 dos permet de le plier en une petite pochette pour le ranger facilement lorsqu'il n'est pas utilis\u00e9.<\/p>\n<\/li>\n<li data-start=\"1893\" data-end=\"2029\">\n<p data-start=\"1896\" data-end=\"2029\"><strong data-start=\"1896\" data-end=\"1913\">Utilisation polyvalente<\/strong> - Le sac \u00e0 dos a \u00e9t\u00e9 con\u00e7u pour diverses applications telles que les voyages, les activit\u00e9s de plein air, la randonn\u00e9e et le camping.<\/p>\n<\/li>\n<\/ol>\n<h2 data-start=\"2036\" data-end=\"2055\">Sp\u00e9cifications<\/h2>\n<div class=\"_tableContainer_1rjym_1\">\n<div class=\"group _tableWrapper_1rjym_13 flex w-fit flex-col-reverse\" tabindex=\"-1\">\n<table class=\"w-fit min-w-(--thread-content-width)\" data-start=\"2057\" data-end=\"3133\">\n<thead data-start=\"2057\" data-end=\"2132\">\n<tr data-start=\"2057\" data-end=\"2132\">\n<th data-start=\"2057\" data-end=\"2084\" data-col-size=\"sm\"><strong data-start=\"2059\" data-end=\"2076\">Sp\u00e9cifications<\/strong><\/th>\n<th data-start=\"2084\" data-end=\"2132\" data-col-size=\"md\"><strong data-start=\"2086\" data-end=\"2097\">D\u00e9tails<\/strong><\/th>\n<\/tr>\n<\/thead>\n<tbody data-start=\"2210\" data-end=\"3133\">\n<tr data-start=\"2210\" data-end=\"2286\">\n<td data-start=\"2210\" data-end=\"2238\" data-col-size=\"sm\">Nom du produit<\/td>\n<td data-start=\"2238\" data-end=\"2286\" data-col-size=\"md\">Sac \u00e0 dos d'ext\u00e9rieur<\/td>\n<\/tr>\n<tr data-start=\"2287\" data-end=\"2363\">\n<td data-start=\"2287\" data-end=\"2315\" data-col-size=\"sm\">Marque<\/td>\n<td data-start=\"2315\" data-end=\"2363\" data-col-size=\"md\">RONEER<\/td>\n<\/tr>\n<tr data-start=\"2364\" data-end=\"2440\">\n<td data-start=\"2364\" data-end=\"2392\" data-col-size=\"sm\">Num\u00e9ro de mod\u00e8le<\/td>\n<td data-start=\"2392\" data-end=\"2440\" data-col-size=\"md\">AL-2465<\/td>\n<\/tr>\n<tr data-start=\"2441\" data-end=\"2517\">\n<td data-start=\"2441\" data-end=\"2469\" data-col-size=\"sm\">Origine<\/td>\n<td data-start=\"2469\" data-end=\"2517\" data-col-size=\"md\">Guangdong, Chine<\/td>\n<\/tr>\n<tr data-start=\"2518\" data-end=\"2594\">\n<td data-start=\"2518\" data-end=\"2546\" data-col-size=\"sm\">Style<\/td>\n<td data-start=\"2546\" data-end=\"2594\" data-col-size=\"md\">Mode, Vintage, Normcore\/Minimaliste, Lady<\/td>\n<\/tr>\n<tr data-start=\"2595\" data-end=\"2671\">\n<td data-start=\"2595\" data-end=\"2623\" data-col-size=\"sm\">Mat\u00e9riau principal<\/td>\n<td data-start=\"2623\" data-end=\"2671\" data-col-size=\"md\">Nylon<\/td>\n<\/tr>\n<tr data-start=\"2672\" data-end=\"2748\">\n<td data-start=\"2672\" data-end=\"2700\" data-col-size=\"sm\">Int\u00e9rieur<\/td>\n<td data-start=\"2700\" data-end=\"2748\" data-col-size=\"md\">Compartiment int\u00e9rieur<\/td>\n<\/tr>\n<tr data-start=\"2749\" data-end=\"2825\">\n<td data-start=\"2749\" data-end=\"2777\" data-col-size=\"sm\">Dimensions<\/td>\n<td data-start=\"2777\" data-end=\"2825\" data-col-size=\"md\">Personnalisable<\/td>\n<\/tr>\n<tr data-start=\"2826\" data-end=\"2902\">\n<td data-start=\"2826\" data-end=\"2854\" data-col-size=\"sm\">Couleurs<\/td>\n<td data-start=\"2854\" data-end=\"2902\" data-col-size=\"md\">Personnalisable<\/td>\n<\/tr>\n<tr data-start=\"2903\" data-end=\"2979\">\n<td data-start=\"2903\" data-end=\"2931\" data-col-size=\"sm\">Caract\u00e9ristiques<\/td>\n<td data-start=\"2931\" data-end=\"2979\" data-col-size=\"md\">Durable, imperm\u00e9able, l\u00e9ger, pliable<\/td>\n<\/tr>\n<tr data-start=\"2980\" data-end=\"3056\">\n<td data-start=\"2980\" data-end=\"3008\" data-col-size=\"sm\">MOQ<\/td>\n<td data-start=\"3008\" data-end=\"3056\" data-col-size=\"md\">300 pi\u00e8ces<\/td>\n<\/tr>\n<tr data-start=\"3057\" data-end=\"3133\">\n<td data-start=\"3057\" data-end=\"3085\" data-col-size=\"sm\">Application<\/td>\n<td data-start=\"3085\" data-end=\"3133\" data-col-size=\"md\">Voyage, camping, randonn\u00e9e, activit\u00e9 de plein air<\/td>\n<\/tr>\n<\/tbody>\n<\/table>\n<\/div>\n<\/div>\n<h2 data-start=\"3140\" data-end=\"3157\">Applications<\/h2>\n<ul data-start=\"3159\" data-end=\"3445\">\n<li data-start=\"3159\" data-end=\"3216\">\n<p data-start=\"3161\" data-end=\"3216\">Les sports de plein air tels que la randonn\u00e9e, le trekking et le camping.<\/p>\n<\/li>\n<li data-start=\"3217\" data-end=\"3275\">\n<p data-start=\"3219\" data-end=\"3275\">Pour les voyages n\u00e9cessitant un bagage l\u00e9ger.<\/p>\n<\/li>\n<li data-start=\"3276\" data-end=\"3326\">\n<p data-start=\"3278\" data-end=\"3326\">Trajets quotidiens et activit\u00e9s de plein air occasionnelles.<\/p>\n<\/li>\n<li data-start=\"3327\" data-end=\"3380\">\n<p data-start=\"3329\" data-end=\"3380\">Utilisation en cas d'urgence comme sac de rechange pliable dans les bagages.<\/p>\n<\/li>\n<li data-start=\"3381\" data-end=\"3445\">\n<p data-start=\"3383\" data-end=\"3445\">Convient aussi bien aux hommes qu'aux femmes gr\u00e2ce \u00e0 ses styles polyvalents.<\/p>\n<\/li>\n<\/ul>\n<p data-start=\"3452\" data-end=\"3717\">Si vous avez manifest\u00e9 de l'int\u00e9r\u00eat pour cette <strong data-start=\"3487\" data-end=\"3534\">RONEER sac \u00e0 dos \u00e9tanche et pliable pour l'ext\u00e9rieur<\/strong>N'h\u00e9sitez pas \u00e0 nous contacter pour de plus amples informations et des demandes d'\u00e9chantillons. <strong data-start=\"3608\" data-end=\"3644\">Les services ODM et OEM sont disponibles<\/strong>et des exigences personnalis\u00e9es peuvent \u00eatre prises en charge pour r\u00e9pondre aux besoins de votre entreprise.<\/p>","protected":false},"excerpt":{"rendered":"<p>Les <strong data-start=\"156\" data-end=\"225\">Wholesale Waterproof Outdoor Sports Lightweight Foldable Backpack (Sac \u00e0 dos pliable l\u00e9ger et imperm\u00e9able \u00e0 l'eau pour l'ext\u00e9rieur)<\/strong> par <strong data-start=\"229\" data-end=\"239\">RONEER<\/strong> a \u00e9t\u00e9 soigneusement con\u00e7u pour les amateurs d'activit\u00e9s de plein air qui recherchent la durabilit\u00e9, la commodit\u00e9 et la fonctionnalit\u00e9. Fabriqu\u00e9 en nylon de haute qualit\u00e9, le sac reste l\u00e9ger tout en \u00e9tant suffisamment solide pour r\u00e9sister aux conditions ext\u00e9rieures. Sa conception pliable permet de l'emballer et de le ranger facilement, ce qui en fait un excellent compagnon de voyage, de camping, de randonn\u00e9e et d'autres activit\u00e9s de plein air.<\/p>","protected":false},"featured_media":3366,"comment_status":"open","ping_status":"closed","template":"","meta":{"site-sidebar-layout":"default","site-content-layout":"","ast-site-content-layout":"default","site-content-style":"default","site-sidebar-style":"default","ast-global-header-display":"","ast-banner-title-visibility":"","ast-main-header-display":"","ast-hfb-above-header-display":"","ast-hfb-below-header-display":"","ast-hfb-mobile-header-display":"","site-post-title":"","ast-breadcrumbs-content":"","ast-featured-img":"","footer-sml-layout":"","ast-disable-related-posts":"","theme-transparent-header-meta":"default","adv-header-id-meta":"","stick-header-meta":"","header-above-stick-meta":"","header-main-stick-meta":"","header-below-stick-meta":"","astra-migrate-meta-layouts":"set","ast-page-background-enabled":"default","ast-page-background-meta":{"desktop":{"background-color":"var(--ast-global-color-5)","background-image":"","background-repeat":"repeat","background-position":"center center","background-size":"auto","background-attachment":"scroll","background-type":"","background-media":"","overlay-type":"","overlay-color":"","overlay-opacity":"","overlay-gradient":""},"tablet":{"background-color":"","background-image":"","background-repeat":"repeat","background-position":"center center","background-size":"auto","background-attachment":"scroll","background-type":"","background-media":"","overlay-type":"","overlay-color":"","overlay-opacity":"","overlay-gradient":""},"mobile":{"background-color":"","background-image":"","background-repeat":"repeat","background-position":"center center","background-size":"auto","background-attachment":"scroll","background-type":"","background-media":"","overlay-type":"","overlay-color":"","overlay-opacity":"","overlay-gradient":""}},"ast-content-background-meta":{"desktop":{"background-color":"var(--ast-global-color-4)","background-image":"","background-repeat":"repeat","background-position":"center center","background-size":"auto","background-attachment":"scroll","background-type":"","background-media":"","overlay-type":"","overlay-color":"","overlay-opacity":"","overlay-gradient":""},"tablet":{"background-color":"var(--ast-global-color-4)","background-image":"","background-repeat":"repeat","background-position":"center center","background-size":"auto","background-attachment":"scroll","background-type":"","background-media":"","overlay-type":"","overlay-color":"","overlay-opacity":"","overlay-gradient":""},"mobile":{"background-color":"var(--ast-global-color-4)","background-image":"","background-repeat":"repeat","background-position":"center center","background-size":"auto","background-attachment":"scroll","background-type":"","background-media":"","overlay-type":"","overlay-color":"","overlay-opacity":"","overlay-gradient":""}}},"product_brand":[],"product_cat":[58,21],"product_tag":[],"class_list":{"0":"post-3365","1":"product","2":"type-product","3":"status-publish","4":"has-post-thumbnail","6":"product_cat-outdoor-bag","7":"product_cat-backpack","8":"desktop-align-left","9":"tablet-align-left","10":"mobile-align-left","12":"first","13":"instock","14":"shipping-taxable","15":"product-type-simple"},"_links":{"self":[{"href":"https:\/\/baijiabags.com\/fr\/wp-json\/wp\/v2\/product\/3365","targetHints":{"allow":["GET"]}}],"collection":[{"href":"https:\/\/baijiabags.com\/fr\/wp-json\/wp\/v2\/product"}],"about":[{"href":"https:\/\/baijiabags.com\/fr\/wp-json\/wp\/v2\/types\/product"}],"replies":[{"embeddable":true,"href":"https:\/\/baijiabags.com\/fr\/wp-json\/wp\/v2\/comments?post=3365"}],"wp:featuredmedia":[{"embeddable":true,"href":"https:\/\/baijiabags.com\/fr\/wp-json\/wp\/v2\/media\/3366"}],"wp:attachment":[{"href":"https:\/\/baijiabags.com\/fr\/wp-json\/wp\/v2\/media?parent=3365"}],"wp:term":[{"taxonomy":"product_brand","embeddable":true,"href":"https:\/\/baijiabags.com\/fr\/wp-json\/wp\/v2\/product_brand?post=3365"},{"taxonomy":"product_cat","embeddable":true,"href":"https:\/\/baijiabags.com\/fr\/wp-json\/wp\/v2\/product_cat?post=3365"},{"taxonomy":"product_tag","embeddable":true,"href":"https:\/\/baijiabags.com\/fr\/wp-json\/wp\/v2\/product_tag?post=3365"}],"curies":[{"name":"wp","href":"https:\/\/api.w.org\/{rel}","templated":true}]}}