{"id":3335,"date":"2025-10-16T01:16:49","date_gmt":"2025-10-16T01:16:49","guid":{"rendered":"https:\/\/baijiabags.com\/?post_type=product&#038;p=3335"},"modified":"2025-10-16T01:16:49","modified_gmt":"2025-10-16T01:16:49","slug":"mens-waterproof-oxford-cloth-tactical-waist-bag-outdoor-fishing-camping-vintage-fanny-pack","status":"publish","type":"product","link":"https:\/\/baijiabags.com\/fr\/produit\/mens-waterproof-oxford-cloth-tactical-waist-bag-outdoor-fishing-camping-vintage-fanny-pack\/","title":{"rendered":"Sac de taille tactique en tissu Oxford imperm\u00e9able \u00e0 l'eau pour hommes P\u00eache en ext\u00e9rieur Camping Vintage Fanny Pack"},"content":{"rendered":"<h2 data-start=\"745\" data-end=\"762\">Caract\u00e9ristiques principales<\/h2>\n<ol data-start=\"764\" data-end=\"1907\">\n<li data-start=\"764\" data-end=\"920\">\n<p data-start=\"767\" data-end=\"920\"><strong data-start=\"767\" data-end=\"792\">Protection contre l'eau : <\/strong>Le tissu Oxford a \u00e9t\u00e9 trait\u00e9 pour r\u00e9sister \u00e0 l'eau, ce qui permet de prot\u00e9ger les articles contre l'humidit\u00e9.<\/p>\n<\/li>\n<li data-start=\"922\" data-end=\"1057\">\n<p data-start=\"925\" data-end=\"1057\"><strong data-start=\"925\" data-end=\"939\">Durabilit\u00e9 : <\/strong>Un tissu solide et r\u00e9sistant \u00e0 l'usure a \u00e9t\u00e9 utilis\u00e9, ce qui permet au sac de r\u00e9sister \u00e0 des conditions ext\u00e9rieures difficiles.<\/p>\n<\/li>\n<li data-start=\"1059\" data-end=\"1186\">\n<p data-start=\"1062\" data-end=\"1186\"><strong data-start=\"1062\" data-end=\"1080\">Design vintage :<\/strong>Un look d'inspiration r\u00e9tro a \u00e9t\u00e9 incorpor\u00e9, faisant de ce sac de taille un objet \u00e0 la fois \u00e0 la mode et fonctionnel.<\/p>\n<\/li>\n<li data-start=\"1188\" data-end=\"1342\">\n<p data-start=\"1191\" data-end=\"1342\"><strong data-start=\"1191\" data-end=\"1209\">Grande capacit\u00e9 :<\/strong>La taille des <strong data-start=\"1227\" data-end=\"1252\">38 cm \u00d7 14 cm \u00d7 19 cm<\/strong> a \u00e9t\u00e9 con\u00e7u pour offrir un espace de rangement g\u00e9n\u00e9reux pour les objets essentiels au quotidien et l'\u00e9quipement de plein air.<\/p>\n<\/li>\n<li data-start=\"1344\" data-end=\"1475\">\n<p data-start=\"1347\" data-end=\"1475\"><strong data-start=\"1347\" data-end=\"1367\">Sangle ajustable :<\/strong>La ceinture a \u00e9t\u00e9 con\u00e7ue pour \u00eatre ajust\u00e9e, ce qui garantit le confort et la s\u00e9curit\u00e9 de l'utilisateur.<\/p>\n<\/li>\n<li data-start=\"1477\" data-end=\"1611\">\n<p data-start=\"1480\" data-end=\"1611\"><strong data-start=\"1480\" data-end=\"1508\">Construction l\u00e9g\u00e8re :<\/strong>Le sac a \u00e9t\u00e9 con\u00e7u pour rester l\u00e9ger, ce qui r\u00e9duit les contraintes lors d'un transport de longue dur\u00e9e.<\/p>\n<\/li>\n<li data-start=\"1613\" data-end=\"1735\">\n<p data-start=\"1616\" data-end=\"1735\"><strong data-start=\"1616\" data-end=\"1640\">Options personnalisables :<\/strong>Le produit est disponible dans des couleurs personnalisables pour r\u00e9pondre aux diff\u00e9rentes pr\u00e9f\u00e9rences.<\/p>\n<\/li>\n<li data-start=\"1737\" data-end=\"1907\">\n<p data-start=\"1740\" data-end=\"1907\"><strong data-start=\"1740\" data-end=\"1761\">Utilisation polyvalente :<\/strong>Le design a \u00e9t\u00e9 adapt\u00e9 aux aventures en plein air, \u00e0 l'escalade, aux voyages, \u00e0 la p\u00eache et au camping, ce qui le rend polyvalent pour de multiples applications.<\/p>\n<\/li>\n<\/ol>\n<h2 data-start=\"1914\" data-end=\"1933\">Sp\u00e9cifications<\/h2>\n<div class=\"_tableContainer_1rjym_1\">\n<div class=\"group _tableWrapper_1rjym_13 flex w-fit flex-col-reverse\" tabindex=\"-1\">\n<table class=\"w-fit min-w-(--thread-content-width)\" data-start=\"1935\" data-end=\"2746\">\n<thead data-start=\"1935\" data-end=\"1994\">\n<tr data-start=\"1935\" data-end=\"1994\">\n<th data-start=\"1935\" data-end=\"1957\" data-col-size=\"sm\"><strong data-start=\"1937\" data-end=\"1945\">Objet<\/strong><\/th>\n<th data-start=\"1957\" data-end=\"1994\" data-col-size=\"md\"><strong data-start=\"1959\" data-end=\"1970\">D\u00e9tails<\/strong><\/th>\n<\/tr>\n<\/thead>\n<tbody data-start=\"2056\" data-end=\"2746\">\n<tr data-start=\"2056\" data-end=\"2116\">\n<td data-start=\"2056\" data-end=\"2079\" data-col-size=\"sm\">Nom du produit<\/td>\n<td data-col-size=\"md\" data-start=\"2079\" data-end=\"2116\">Sac de taille pour l'ext\u00e9rieur<\/td>\n<\/tr>\n<tr data-start=\"2117\" data-end=\"2177\">\n<td data-start=\"2117\" data-end=\"2140\" data-col-size=\"sm\">Marque<\/td>\n<td data-col-size=\"md\" data-start=\"2140\" data-end=\"2177\">RONEER<\/td>\n<\/tr>\n<tr data-start=\"2178\" data-end=\"2238\">\n<td data-start=\"2178\" data-end=\"2201\" data-col-size=\"sm\">Num\u00e9ro de mod\u00e8le<\/td>\n<td data-col-size=\"md\" data-start=\"2201\" data-end=\"2238\">AL-2342<\/td>\n<\/tr>\n<tr data-start=\"2239\" data-end=\"2299\">\n<td data-start=\"2239\" data-end=\"2262\" data-col-size=\"sm\">Origine<\/td>\n<td data-col-size=\"md\" data-start=\"2262\" data-end=\"2299\">Guangdong, Chine<\/td>\n<\/tr>\n<tr data-start=\"2300\" data-end=\"2360\">\n<td data-start=\"2300\" data-end=\"2323\" data-col-size=\"sm\">Style<\/td>\n<td data-col-size=\"md\" data-start=\"2323\" data-end=\"2360\">Vintage<\/td>\n<\/tr>\n<tr data-start=\"2361\" data-end=\"2421\">\n<td data-start=\"2361\" data-end=\"2384\" data-col-size=\"sm\">Mat\u00e9riau principal<\/td>\n<td data-col-size=\"md\" data-start=\"2384\" data-end=\"2421\">Tissu Oxford<\/td>\n<\/tr>\n<tr data-start=\"2422\" data-end=\"2482\">\n<td data-start=\"2422\" data-end=\"2445\" data-col-size=\"sm\">Taille<\/td>\n<td data-start=\"2445\" data-end=\"2482\" data-col-size=\"md\">38 cm \u00d7 14 cm \u00d7 19 cm<\/td>\n<\/tr>\n<tr data-start=\"2483\" data-end=\"2543\">\n<td data-start=\"2483\" data-end=\"2506\" data-col-size=\"sm\">Couleur<\/td>\n<td data-col-size=\"md\" data-start=\"2506\" data-end=\"2543\">Personnalisable<\/td>\n<\/tr>\n<tr data-start=\"2544\" data-end=\"2604\">\n<td data-start=\"2544\" data-end=\"2567\" data-col-size=\"sm\">Caract\u00e9ristiques<\/td>\n<td data-start=\"2567\" data-end=\"2604\" data-col-size=\"md\">Imperm\u00e9able, durable<\/td>\n<\/tr>\n<tr data-start=\"2605\" data-end=\"2665\">\n<td data-start=\"2605\" data-end=\"2628\" data-col-size=\"sm\">Qt\u00e9 minimale de commande<\/td>\n<td data-col-size=\"md\" data-start=\"2628\" data-end=\"2665\">300<\/td>\n<\/tr>\n<tr data-start=\"2666\" data-end=\"2746\">\n<td data-start=\"2666\" data-end=\"2689\" data-col-size=\"sm\">Application<\/td>\n<td data-col-size=\"md\" data-start=\"2689\" data-end=\"2746\">Ext\u00e9rieur, escalade, randonn\u00e9e, voyage, p\u00eache, camping<\/td>\n<\/tr>\n<\/tbody>\n<\/table>\n<\/div>\n<\/div>\n<h2 data-start=\"2753\" data-end=\"2770\">Applications<\/h2>\n<ul data-start=\"2771\" data-end=\"3048\">\n<li data-start=\"2771\" data-end=\"2822\">\n<p data-start=\"2773\" data-end=\"2822\">Aventures en plein air telles que le camping et le trekking<\/p>\n<\/li>\n<li data-start=\"2823\" data-end=\"2879\">\n<p data-start=\"2825\" data-end=\"2879\">Les voyages de p\u00eache n\u00e9cessitent un rangement pratique et \u00e9tanche<\/p>\n<\/li>\n<li data-start=\"2880\" data-end=\"2929\">\n<p data-start=\"2882\" data-end=\"2929\">Voyages et d\u00e9placements quotidiens dans un style r\u00e9tro<\/p>\n<\/li>\n<\/ul>\n<p data-start=\"3055\" data-end=\"3225\">Si l'int\u00e9r\u00eat pour ce sac de taille s'est d\u00e9velopp\u00e9, des demandes d'\u00e9chantillons peuvent \u00eatre organis\u00e9es. <strong data-start=\"3138\" data-end=\"3174\">Les services ODM et OEM sont pris en charge<\/strong> pour la personnalisation de la marque et le d\u00e9veloppement de produits.<\/p>","protected":false},"excerpt":{"rendered":"<p>Les <strong data-start=\"210\" data-end=\"261\">Sac de taille tactique en tissu Oxford imperm\u00e9able pour hommes<\/strong> a \u00e9t\u00e9 con\u00e7u par <strong data-start=\"283\" data-end=\"293\">RONEER<\/strong> pour r\u00e9pondre aux exigences des amateurs d'activit\u00e9s de plein air. Fabriqu\u00e9 en tissu Oxford de premi\u00e8re qualit\u00e9, le sac a \u00e9t\u00e9 con\u00e7u pour r\u00e9sister \u00e0 diverses conditions m\u00e9t\u00e9orologiques et \u00e0 des environnements difficiles. Un style d'inspiration vintage a \u00e9t\u00e9 incorpor\u00e9, tandis que la durabilit\u00e9 et la fonctionnalit\u00e9 modernes ont \u00e9t\u00e9 assur\u00e9es. Gr\u00e2ce \u00e0 sa protection imperm\u00e9able et \u00e0 ses multiples compartiments, il offre un espace de rangement fiable pour la p\u00eache, le camping, la randonn\u00e9e et les voyages.<\/p>","protected":false},"featured_media":3339,"comment_status":"open","ping_status":"closed","template":"","meta":{"site-sidebar-layout":"default","site-content-layout":"","ast-site-content-layout":"default","site-content-style":"default","site-sidebar-style":"default","ast-global-header-display":"","ast-banner-title-visibility":"","ast-main-header-display":"","ast-hfb-above-header-display":"","ast-hfb-below-header-display":"","ast-hfb-mobile-header-display":"","site-post-title":"","ast-breadcrumbs-content":"","ast-featured-img":"","footer-sml-layout":"","ast-disable-related-posts":"","theme-transparent-header-meta":"default","adv-header-id-meta":"","stick-header-meta":"","header-above-stick-meta":"","header-main-stick-meta":"","header-below-stick-meta":"","astra-migrate-meta-layouts":"set","ast-page-background-enabled":"default","ast-page-background-meta":{"desktop":{"background-color":"var(--ast-global-color-5)","background-image":"","background-repeat":"repeat","background-position":"center center","background-size":"auto","background-attachment":"scroll","background-type":"","background-media":"","overlay-type":"","overlay-color":"","overlay-opacity":"","overlay-gradient":""},"tablet":{"background-color":"","background-image":"","background-repeat":"repeat","background-position":"center center","background-size":"auto","background-attachment":"scroll","background-type":"","background-media":"","overlay-type":"","overlay-color":"","overlay-opacity":"","overlay-gradient":""},"mobile":{"background-color":"","background-image":"","background-repeat":"repeat","background-position":"center center","background-size":"auto","background-attachment":"scroll","background-type":"","background-media":"","overlay-type":"","overlay-color":"","overlay-opacity":"","overlay-gradient":""}},"ast-content-background-meta":{"desktop":{"background-color":"var(--ast-global-color-4)","background-image":"","background-repeat":"repeat","background-position":"center center","background-size":"auto","background-attachment":"scroll","background-type":"","background-media":"","overlay-type":"","overlay-color":"","overlay-opacity":"","overlay-gradient":""},"tablet":{"background-color":"var(--ast-global-color-4)","background-image":"","background-repeat":"repeat","background-position":"center center","background-size":"auto","background-attachment":"scroll","background-type":"","background-media":"","overlay-type":"","overlay-color":"","overlay-opacity":"","overlay-gradient":""},"mobile":{"background-color":"var(--ast-global-color-4)","background-image":"","background-repeat":"repeat","background-position":"center center","background-size":"auto","background-attachment":"scroll","background-type":"","background-media":"","overlay-type":"","overlay-color":"","overlay-opacity":"","overlay-gradient":""}}},"product_brand":[],"product_cat":[58],"product_tag":[],"class_list":{"0":"post-3335","1":"product","2":"type-product","3":"status-publish","4":"has-post-thumbnail","6":"product_cat-outdoor-bag","7":"desktop-align-left","8":"tablet-align-left","9":"mobile-align-left","11":"first","12":"instock","13":"shipping-taxable","14":"product-type-simple"},"_links":{"self":[{"href":"https:\/\/baijiabags.com\/fr\/wp-json\/wp\/v2\/product\/3335","targetHints":{"allow":["GET"]}}],"collection":[{"href":"https:\/\/baijiabags.com\/fr\/wp-json\/wp\/v2\/product"}],"about":[{"href":"https:\/\/baijiabags.com\/fr\/wp-json\/wp\/v2\/types\/product"}],"replies":[{"embeddable":true,"href":"https:\/\/baijiabags.com\/fr\/wp-json\/wp\/v2\/comments?post=3335"}],"wp:featuredmedia":[{"embeddable":true,"href":"https:\/\/baijiabags.com\/fr\/wp-json\/wp\/v2\/media\/3339"}],"wp:attachment":[{"href":"https:\/\/baijiabags.com\/fr\/wp-json\/wp\/v2\/media?parent=3335"}],"wp:term":[{"taxonomy":"product_brand","embeddable":true,"href":"https:\/\/baijiabags.com\/fr\/wp-json\/wp\/v2\/product_brand?post=3335"},{"taxonomy":"product_cat","embeddable":true,"href":"https:\/\/baijiabags.com\/fr\/wp-json\/wp\/v2\/product_cat?post=3335"},{"taxonomy":"product_tag","embeddable":true,"href":"https:\/\/baijiabags.com\/fr\/wp-json\/wp\/v2\/product_tag?post=3335"}],"curies":[{"name":"wp","href":"https:\/\/api.w.org\/{rel}","templated":true}]}}