{"id":3271,"date":"2025-10-14T09:21:03","date_gmt":"2025-10-14T09:21:03","guid":{"rendered":"https:\/\/baijiabags.com\/?post_type=product&#038;p=3271"},"modified":"2025-10-14T09:21:03","modified_gmt":"2025-10-14T09:21:03","slug":"wholesale-tactical-hydration-backpack-outdoor-cycling-running-sports-hydration-pack-with-water-bladder","status":"publish","type":"product","link":"https:\/\/baijiabags.com\/fr\/produit\/wholesale-tactical-hydration-backpack-outdoor-cycling-running-sports-hydration-pack-with-water-bladder\/","title":{"rendered":"Sac \u00e0 dos d'hydratation tactique - Sac d'hydratation pour le cyclisme, la course \u00e0 pied et le sport en ext\u00e9rieur avec vessie d'eau"},"content":{"rendered":"<h2 data-start=\"720\" data-end=\"737\">Caract\u00e9ristiques principales<\/h2>\n<ol data-start=\"739\" data-end=\"1819\">\n<li data-start=\"739\" data-end=\"876\">\n<p data-start=\"742\" data-end=\"876\"><strong data-start=\"742\" data-end=\"772\">Capacit\u00e9 de la vessie d'hydratation<\/strong><br data-start=\"772\" data-end=\"775\" \/>Une poche \u00e0 eau de 3 litres a \u00e9t\u00e9 pr\u00e9vue pour faciliter les longs trajets et les sports d'endurance.<\/p>\n<\/li>\n<li data-start=\"878\" data-end=\"1009\">\n<p data-start=\"881\" data-end=\"1009\"><strong data-start=\"881\" data-end=\"905\">Construction durable<\/strong><br data-start=\"905\" data-end=\"908\" \/>Le mat\u00e9riau PU a \u00e9t\u00e9 s\u00e9lectionn\u00e9 pour le sac \u00e0 dos afin de garantir une r\u00e9sistance \u00e0 l'eau et une solidit\u00e9 \u00e0 toute \u00e9preuve.<\/p>\n<\/li>\n<li data-start=\"1011\" data-end=\"1149\">\n<p data-start=\"1014\" data-end=\"1149\"><strong data-start=\"1014\" data-end=\"1032\">Conception compacte<\/strong><br data-start=\"1032\" data-end=\"1035\" \/>Des dimensions r\u00e9duites de 17 cm \u00d7 4 cm \u00d7 45 cm ont \u00e9t\u00e9 adopt\u00e9es, ce qui permet de transporter le sac sans l'encombrer.<\/p>\n<\/li>\n<li data-start=\"1151\" data-end=\"1278\">\n<p data-start=\"1154\" data-end=\"1278\"><strong data-start=\"1154\" data-end=\"1178\">Options personnalisables<\/strong><br data-start=\"1178\" data-end=\"1181\" \/>Les couleurs et les dimensions peuvent \u00eatre personnalis\u00e9es en fonction des pr\u00e9f\u00e9rences du client ou de ses besoins en mati\u00e8re d'image de marque.<\/p>\n<\/li>\n<li data-start=\"1280\" data-end=\"1427\">\n<p data-start=\"1283\" data-end=\"1427\"><strong data-start=\"1283\" data-end=\"1301\">Ajustable<\/strong><br data-start=\"1301\" data-end=\"1304\" \/>Les bretelles et les sangles de poitrine ont \u00e9t\u00e9 con\u00e7ues pour s'adapter \u00e0 diff\u00e9rentes morphologies, am\u00e9liorant ainsi le confort pendant les mouvements.<\/p>\n<\/li>\n<li data-start=\"1429\" data-end=\"1568\">\n<p data-start=\"1432\" data-end=\"1568\"><strong data-start=\"1432\" data-end=\"1459\">L\u00e9g\u00e8ret\u00e9 et performance<\/strong><br data-start=\"1459\" data-end=\"1462\" \/>L'accent a \u00e9t\u00e9 mis sur la l\u00e9g\u00e8ret\u00e9, ce qui rend le sac adapt\u00e9 au cyclisme, \u00e0 la course \u00e0 pied et \u00e0 l'escalade.<\/p>\n<\/li>\n<li data-start=\"1570\" data-end=\"1698\">\n<p data-start=\"1573\" data-end=\"1698\"><strong data-start=\"1573\" data-end=\"1598\">Applications multiples<\/strong><br data-start=\"1598\" data-end=\"1601\" \/>Le sac \u00e0 dos a \u00e9t\u00e9 adapt\u00e9 aux voyages, au travail et \u00e0 l'usage quotidien, ainsi qu'aux sports de plein air.<\/p>\n<\/li>\n<li data-start=\"1700\" data-end=\"1819\">\n<p data-start=\"1703\" data-end=\"1819\"><strong data-start=\"1703\" data-end=\"1724\">Support OEM et ODM<\/strong><br data-start=\"1724\" data-end=\"1727\" \/>Le marquage personnalis\u00e9 et la production en vrac ont \u00e9t\u00e9 soutenus pour r\u00e9pondre aux besoins des grossistes.<\/p>\n<\/li>\n<\/ol>\n<h2 data-start=\"1826\" data-end=\"1845\">Sp\u00e9cifications<\/h2>\n<div class=\"_tableContainer_1rjym_1\">\n<div class=\"group _tableWrapper_1rjym_13 flex w-fit flex-col-reverse\" tabindex=\"-1\">\n<table class=\"w-fit min-w-(--thread-content-width)\" data-start=\"1847\" data-end=\"2768\">\n<thead data-start=\"1847\" data-end=\"1916\">\n<tr data-start=\"1847\" data-end=\"1916\">\n<th data-start=\"1847\" data-end=\"1870\" data-col-size=\"sm\"><strong data-start=\"1849\" data-end=\"1857\">Objet<\/strong><\/th>\n<th data-start=\"1870\" data-end=\"1916\" data-col-size=\"sm\"><strong data-start=\"1872\" data-end=\"1887\">Description<\/strong><\/th>\n<\/tr>\n<\/thead>\n<tbody data-start=\"1988\" data-end=\"2768\">\n<tr data-start=\"1988\" data-end=\"2058\">\n<td data-start=\"1988\" data-end=\"2012\" data-col-size=\"sm\">Nom du produit<\/td>\n<td data-col-size=\"sm\" data-start=\"2012\" data-end=\"2058\">Sac \u00e0 dos d'hydratation tactique avec vessie<\/td>\n<\/tr>\n<tr data-start=\"2059\" data-end=\"2129\">\n<td data-start=\"2059\" data-end=\"2083\" data-col-size=\"sm\">Marque<\/td>\n<td data-col-size=\"sm\" data-start=\"2083\" data-end=\"2129\">RONEER<\/td>\n<\/tr>\n<tr data-start=\"2130\" data-end=\"2200\">\n<td data-start=\"2130\" data-end=\"2154\" data-col-size=\"sm\">Mod\u00e8le<\/td>\n<td data-col-size=\"sm\" data-start=\"2154\" data-end=\"2200\">AL-2471<\/td>\n<\/tr>\n<tr data-start=\"2201\" data-end=\"2271\">\n<td data-start=\"2201\" data-end=\"2225\" data-col-size=\"sm\">Lieu d'origine<\/td>\n<td data-col-size=\"sm\" data-start=\"2225\" data-end=\"2271\">Guangdong, Chine<\/td>\n<\/tr>\n<tr data-start=\"2272\" data-end=\"2342\">\n<td data-start=\"2272\" data-end=\"2296\" data-col-size=\"sm\">Capacit\u00e9<\/td>\n<td data-col-size=\"sm\" data-start=\"2296\" data-end=\"2342\">3 litres<\/td>\n<\/tr>\n<tr data-start=\"2343\" data-end=\"2413\">\n<td data-start=\"2343\" data-end=\"2367\" data-col-size=\"sm\">Mat\u00e9riau<\/td>\n<td data-col-size=\"sm\" data-start=\"2367\" data-end=\"2413\">PU (durable, r\u00e9sistant \u00e0 l'eau)<\/td>\n<\/tr>\n<tr data-start=\"2414\" data-end=\"2484\">\n<td data-start=\"2414\" data-end=\"2438\" data-col-size=\"sm\">Taille<\/td>\n<td data-start=\"2438\" data-end=\"2484\" data-col-size=\"sm\">17 \u00d7 4 \u00d7 45 cm \/ Sur mesure<\/td>\n<\/tr>\n<tr data-start=\"2485\" data-end=\"2555\">\n<td data-start=\"2485\" data-end=\"2509\" data-col-size=\"sm\">Couleur<\/td>\n<td data-start=\"2509\" data-end=\"2555\" data-col-size=\"sm\">Personnalisable<\/td>\n<\/tr>\n<tr data-start=\"2556\" data-end=\"2626\">\n<td data-start=\"2556\" data-end=\"2580\" data-col-size=\"sm\">Application<\/td>\n<td data-start=\"2580\" data-end=\"2626\" data-col-size=\"sm\">Cyclisme, randonn\u00e9e, escalade, v\u00e9lo<\/td>\n<\/tr>\n<tr data-start=\"2627\" data-end=\"2697\">\n<td data-start=\"2627\" data-end=\"2651\" data-col-size=\"sm\">MOQ<\/td>\n<td data-start=\"2651\" data-end=\"2697\" data-col-size=\"sm\">300 pi\u00e8ces<\/td>\n<\/tr>\n<tr data-start=\"2698\" data-end=\"2768\">\n<td data-start=\"2698\" data-end=\"2722\" data-col-size=\"sm\">Caract\u00e9ristiques<\/td>\n<td data-col-size=\"sm\" data-start=\"2722\" data-end=\"2768\">Durable, l\u00e9ger, portable<\/td>\n<\/tr>\n<\/tbody>\n<\/table>\n<\/div>\n<\/div>\n<hr data-start=\"2770\" data-end=\"2773\" \/>\n<h2 data-start=\"2775\" data-end=\"2792\">Applications<\/h2>\n<ul data-start=\"2794\" data-end=\"3028\">\n<li data-start=\"2794\" data-end=\"2844\">\n<p data-start=\"2796\" data-end=\"2844\">Manifestations cyclistes en plein air et randonn\u00e9es de longue dur\u00e9e<\/p>\n<\/li>\n<li data-start=\"2845\" data-end=\"2890\">\n<p data-start=\"2847\" data-end=\"2890\">Activit\u00e9s de randonn\u00e9e, de trekking et d'escalade<\/p>\n<\/li>\n<li data-start=\"2891\" data-end=\"2923\">\n<p data-start=\"2893\" data-end=\"2923\">Course \u00e0 pied et sports d'endurance<\/p>\n<\/li>\n<\/ul>\n<p data-start=\"3035\" data-end=\"3200\">Si vous \u00eates int\u00e9ress\u00e9 par ce sac \u00e0 dos, veuillez nous contacter pour obtenir des \u00e9chantillons. <strong data-start=\"3106\" data-end=\"3142\">Les services ODM et OEM sont disponibles<\/strong> pour r\u00e9pondre \u00e0 vos besoins en mati\u00e8re de personnalisation et de commandes group\u00e9es.<\/p>","protected":false},"excerpt":{"rendered":"<p>Les <strong data-start=\"173\" data-end=\"214\">Sac \u00e0 dos d'hydratation tactique en gros<\/strong> par <strong data-start=\"218\" data-end=\"228\">RONEER<\/strong> a \u00e9t\u00e9 con\u00e7u pour les sports de plein air, le cyclisme, la randonn\u00e9e, l'escalade et la course \u00e0 pied. Une vessie d'hydratation de 3 litres est incluse, ce qui permet de transporter une quantit\u00e9 suffisante d'eau et d'y acc\u00e9der facilement. Le mat\u00e9riau PU durable a \u00e9t\u00e9 utilis\u00e9 pour am\u00e9liorer la r\u00e9sistance et la long\u00e9vit\u00e9, tandis que des sangles r\u00e9glables ont \u00e9t\u00e9 incorpor\u00e9es pour permettre un ajustement confortable. Avec un design \u00e9l\u00e9gant et des options personnalisables, ce sac a \u00e9t\u00e9 cr\u00e9\u00e9 pour r\u00e9pondre aux besoins de performance et de style lors des aventures en plein air.<\/p>","protected":false},"featured_media":3274,"comment_status":"open","ping_status":"closed","template":"","meta":{"site-sidebar-layout":"default","site-content-layout":"","ast-site-content-layout":"default","site-content-style":"default","site-sidebar-style":"default","ast-global-header-display":"","ast-banner-title-visibility":"","ast-main-header-display":"","ast-hfb-above-header-display":"","ast-hfb-below-header-display":"","ast-hfb-mobile-header-display":"","site-post-title":"","ast-breadcrumbs-content":"","ast-featured-img":"","footer-sml-layout":"","ast-disable-related-posts":"","theme-transparent-header-meta":"default","adv-header-id-meta":"","stick-header-meta":"","header-above-stick-meta":"","header-main-stick-meta":"","header-below-stick-meta":"","astra-migrate-meta-layouts":"set","ast-page-background-enabled":"default","ast-page-background-meta":{"desktop":{"background-color":"var(--ast-global-color-5)","background-image":"","background-repeat":"repeat","background-position":"center center","background-size":"auto","background-attachment":"scroll","background-type":"","background-media":"","overlay-type":"","overlay-color":"","overlay-opacity":"","overlay-gradient":""},"tablet":{"background-color":"","background-image":"","background-repeat":"repeat","background-position":"center center","background-size":"auto","background-attachment":"scroll","background-type":"","background-media":"","overlay-type":"","overlay-color":"","overlay-opacity":"","overlay-gradient":""},"mobile":{"background-color":"","background-image":"","background-repeat":"repeat","background-position":"center center","background-size":"auto","background-attachment":"scroll","background-type":"","background-media":"","overlay-type":"","overlay-color":"","overlay-opacity":"","overlay-gradient":""}},"ast-content-background-meta":{"desktop":{"background-color":"var(--ast-global-color-4)","background-image":"","background-repeat":"repeat","background-position":"center center","background-size":"auto","background-attachment":"scroll","background-type":"","background-media":"","overlay-type":"","overlay-color":"","overlay-opacity":"","overlay-gradient":""},"tablet":{"background-color":"var(--ast-global-color-4)","background-image":"","background-repeat":"repeat","background-position":"center center","background-size":"auto","background-attachment":"scroll","background-type":"","background-media":"","overlay-type":"","overlay-color":"","overlay-opacity":"","overlay-gradient":""},"mobile":{"background-color":"var(--ast-global-color-4)","background-image":"","background-repeat":"repeat","background-position":"center center","background-size":"auto","background-attachment":"scroll","background-type":"","background-media":"","overlay-type":"","overlay-color":"","overlay-opacity":"","overlay-gradient":""}}},"product_brand":[],"product_cat":[58],"product_tag":[],"class_list":{"0":"post-3271","1":"product","2":"type-product","3":"status-publish","4":"has-post-thumbnail","6":"product_cat-outdoor-bag","7":"desktop-align-left","8":"tablet-align-left","9":"mobile-align-left","11":"first","12":"instock","13":"shipping-taxable","14":"product-type-simple"},"_links":{"self":[{"href":"https:\/\/baijiabags.com\/fr\/wp-json\/wp\/v2\/product\/3271","targetHints":{"allow":["GET"]}}],"collection":[{"href":"https:\/\/baijiabags.com\/fr\/wp-json\/wp\/v2\/product"}],"about":[{"href":"https:\/\/baijiabags.com\/fr\/wp-json\/wp\/v2\/types\/product"}],"replies":[{"embeddable":true,"href":"https:\/\/baijiabags.com\/fr\/wp-json\/wp\/v2\/comments?post=3271"}],"wp:featuredmedia":[{"embeddable":true,"href":"https:\/\/baijiabags.com\/fr\/wp-json\/wp\/v2\/media\/3274"}],"wp:attachment":[{"href":"https:\/\/baijiabags.com\/fr\/wp-json\/wp\/v2\/media?parent=3271"}],"wp:term":[{"taxonomy":"product_brand","embeddable":true,"href":"https:\/\/baijiabags.com\/fr\/wp-json\/wp\/v2\/product_brand?post=3271"},{"taxonomy":"product_cat","embeddable":true,"href":"https:\/\/baijiabags.com\/fr\/wp-json\/wp\/v2\/product_cat?post=3271"},{"taxonomy":"product_tag","embeddable":true,"href":"https:\/\/baijiabags.com\/fr\/wp-json\/wp\/v2\/product_tag?post=3271"}],"curies":[{"name":"wp","href":"https:\/\/api.w.org\/{rel}","templated":true}]}}