{"id":3071,"date":"2025-10-11T07:09:54","date_gmt":"2025-10-11T07:09:54","guid":{"rendered":"https:\/\/baijiabags.com\/?post_type=product&#038;p=3071"},"modified":"2025-11-01T01:21:35","modified_gmt":"2025-11-01T01:21:35","slug":"fashion-pu-leather-women-tote-bag-big-capacity-shoulder-crossbody-top-handle-bag","status":"publish","type":"product","link":"https:\/\/baijiabags.com\/fr\/produit\/fashion-pu-leather-women-tote-bag-big-capacity-shoulder-crossbody-top-handle-bag\/","title":{"rendered":"Sac fourre-tout en cuir PU \u00e0 la mode pour femmes - grande capacit\u00e9, sac \u00e0 bandouli\u00e8re, sac \u00e0 bandouli\u00e8re et sac \u00e0 poign\u00e9e sup\u00e9rieure"},"content":{"rendered":"<h2 data-start=\"674\" data-end=\"691\">Caract\u00e9ristiques principales<\/h2>\n<ul data-start=\"693\" data-end=\"1670\">\n<li data-start=\"693\" data-end=\"833\">\n<p data-start=\"696\" data-end=\"833\"><strong data-start=\"696\" data-end=\"714\">Grande capacit\u00e9<\/strong> - Des objets tels qu'un iPad, un t\u00e9l\u00e9phone portable, un parapluie pliable, des produits de beaut\u00e9 et d'autres articles de premi\u00e8re n\u00e9cessit\u00e9 peuvent \u00eatre transport\u00e9s.<\/p>\n<\/li>\n<li data-start=\"834\" data-end=\"940\">\n<p data-start=\"837\" data-end=\"940\"><strong data-start=\"837\" data-end=\"860\">Mati\u00e8re PU durable<\/strong> - Un cuir PU de haute qualit\u00e9 a \u00e9t\u00e9 s\u00e9lectionn\u00e9, garantissant r\u00e9sistance et long\u00e9vit\u00e9.<\/p>\n<\/li>\n<li data-start=\"941\" data-end=\"1052\">\n<p data-start=\"944\" data-end=\"1052\"><strong data-start=\"944\" data-end=\"966\">Conception l\u00e9g\u00e8re<\/strong> - A seulement <strong data-start=\"977\" data-end=\"988\">0,38 kg<\/strong>Le poids suppl\u00e9mentaire n'a pas \u00e9t\u00e9 n\u00e9cessaire pour assurer un transport confortable.<\/p>\n<\/li>\n<li data-start=\"1053\" data-end=\"1185\">\n<p data-start=\"1056\" data-end=\"1185\"><strong data-start=\"1056\" data-end=\"1086\">Options de transport polyvalentes<\/strong> - Le sac peut \u00eatre port\u00e9 en bandouli\u00e8re, \u00e0 l'\u00e9paule ou \u00e0 la main, selon les pr\u00e9f\u00e9rences.<\/p>\n<\/li>\n<li data-start=\"1186\" data-end=\"1325\">\n<p data-start=\"1189\" data-end=\"1325\"><strong data-start=\"1189\" data-end=\"1211\">Int\u00e9rieur organis\u00e9<\/strong> - De multiples poches int\u00e9rieures et un compartiment zipp\u00e9 s\u00e9curis\u00e9 ont \u00e9t\u00e9 inclus pour garder les effets personnels bien rang\u00e9s.<\/p>\n<\/li>\n<li data-start=\"1326\" data-end=\"1426\">\n<p data-start=\"1329\" data-end=\"1426\"><strong data-start=\"1329\" data-end=\"1352\">Couleurs personnalisables<\/strong> - Diff\u00e9rentes couleurs peuvent \u00eatre propos\u00e9es pour r\u00e9pondre aux exigences de style individuelles.<\/p>\n<\/li>\n<li data-start=\"1427\" data-end=\"1557\">\n<p data-start=\"1430\" data-end=\"1557\"><strong data-start=\"1430\" data-end=\"1447\">Style \u00e9l\u00e9gant<\/strong> - L'aspect tendance de ce sac le rend id\u00e9al pour le bureau, les voyages ou les sorties quotidiennes.<\/p>\n<\/li>\n<li data-start=\"1558\" data-end=\"1670\">\n<p data-start=\"1561\" data-end=\"1670\"><strong data-start=\"1561\" data-end=\"1586\">Application pratique<\/strong> - Le design a \u00e9t\u00e9 con\u00e7u pour une utilisation quotidienne, au travail, en voyage et pour des activit\u00e9s d\u00e9contract\u00e9es.<\/p>\n<\/li>\n<\/ul>\n<p><img fetchpriority=\"high\" decoding=\"async\" class=\"aligncenter wp-image-3072 size-full\" src=\"https:\/\/baijiabags.com\/wp-content\/uploads\/2025\/10\/GB-5729.png\" alt=\"Fashion PU Leather Women Tote Bag \u2013 Big Capacity, Shoulder, Crossbody &amp; Top Handle Bag\" width=\"750\" height=\"614\" srcset=\"https:\/\/baijiabags.com\/wp-content\/uploads\/2025\/10\/GB-5729.png 750w, https:\/\/baijiabags.com\/wp-content\/uploads\/2025\/10\/GB-5729-300x246.png 300w, https:\/\/baijiabags.com\/wp-content\/uploads\/2025\/10\/GB-5729-15x12.png 15w, https:\/\/baijiabags.com\/wp-content\/uploads\/2025\/10\/GB-5729-600x491.png 600w\" sizes=\"(max-width: 750px) 100vw, 750px\" \/><\/p>\n<h2 data-start=\"1677\" data-end=\"1696\">Sp\u00e9cifications<\/h2>\n<div class=\"_tableContainer_1rjym_1\">\n<div class=\"group _tableWrapper_1rjym_13 flex w-fit flex-col-reverse\" tabindex=\"-1\">\n<table class=\"w-fit min-w-(--thread-content-width)\" data-start=\"1698\" data-end=\"2739\">\n<thead data-start=\"1698\" data-end=\"1763\">\n<tr data-start=\"1698\" data-end=\"1763\">\n<th data-start=\"1698\" data-end=\"1722\" data-col-size=\"sm\"><strong data-start=\"1700\" data-end=\"1713\">Param\u00e8tres<\/strong><\/th>\n<th data-start=\"1722\" data-end=\"1763\" data-col-size=\"md\"><strong data-start=\"1724\" data-end=\"1735\">D\u00e9tails<\/strong><\/th>\n<\/tr>\n<\/thead>\n<tbody data-start=\"1832\" data-end=\"2739\">\n<tr data-start=\"1832\" data-end=\"1898\">\n<td data-start=\"1832\" data-end=\"1857\" data-col-size=\"sm\">Nom du produit<\/td>\n<td data-start=\"1857\" data-end=\"1898\" data-col-size=\"md\">Sac \u00e0 main pour dame<\/td>\n<\/tr>\n<tr data-start=\"1899\" data-end=\"1965\">\n<td data-start=\"1899\" data-end=\"1924\" data-col-size=\"sm\">Marque<\/td>\n<td data-start=\"1924\" data-end=\"1965\" data-col-size=\"md\">RONEER<\/td>\n<\/tr>\n<tr data-start=\"1966\" data-end=\"2032\">\n<td data-start=\"1966\" data-end=\"1991\" data-col-size=\"sm\">Num\u00e9ro de mod\u00e8le<\/td>\n<td data-col-size=\"md\" data-start=\"1991\" data-end=\"2032\">GB-5729<\/td>\n<\/tr>\n<tr data-start=\"2033\" data-end=\"2099\">\n<td data-start=\"2033\" data-end=\"2058\" data-col-size=\"sm\">Origine<\/td>\n<td data-col-size=\"md\" data-start=\"2058\" data-end=\"2099\">Guangdong, Chine<\/td>\n<\/tr>\n<tr data-start=\"2100\" data-end=\"2166\">\n<td data-start=\"2100\" data-end=\"2125\" data-col-size=\"sm\">Style<\/td>\n<td data-col-size=\"md\" data-start=\"2125\" data-end=\"2166\">La mode<\/td>\n<\/tr>\n<tr data-start=\"2167\" data-end=\"2233\">\n<td data-start=\"2167\" data-end=\"2192\" data-col-size=\"sm\">Mat\u00e9riau principal<\/td>\n<td data-col-size=\"md\" data-start=\"2192\" data-end=\"2233\">Cuir PU<\/td>\n<\/tr>\n<tr data-start=\"2234\" data-end=\"2300\">\n<td data-start=\"2234\" data-end=\"2259\" data-col-size=\"sm\">Poids<\/td>\n<td data-col-size=\"md\" data-start=\"2259\" data-end=\"2300\">0,38 kg<\/td>\n<\/tr>\n<tr data-start=\"2301\" data-end=\"2388\">\n<td data-start=\"2301\" data-end=\"2326\" data-col-size=\"sm\">Structure<\/td>\n<td data-col-size=\"md\" data-start=\"2326\" data-end=\"2388\">Poche int\u00e9rieure zipp\u00e9e *2 \/ Compartiment principal \/ Poche int\u00e9rieure<\/td>\n<\/tr>\n<tr data-start=\"2389\" data-end=\"2455\">\n<td data-start=\"2389\" data-end=\"2414\" data-col-size=\"sm\">Couleur<\/td>\n<td data-start=\"2414\" data-end=\"2455\" data-col-size=\"md\">Personnalisable<\/td>\n<\/tr>\n<tr data-start=\"2456\" data-end=\"2522\">\n<td data-start=\"2456\" data-end=\"2481\" data-col-size=\"sm\">M\u00e9thodes de portage<\/td>\n<td data-col-size=\"md\" data-start=\"2481\" data-end=\"2522\">Port\u00e9-crois\u00e9 \/ Port\u00e9 \u00e0 la main \/ Port\u00e9 \u00e0 l'\u00e9paule<\/td>\n<\/tr>\n<tr data-start=\"2523\" data-end=\"2605\">\n<td data-start=\"2523\" data-end=\"2548\" data-col-size=\"sm\">Capacit\u00e9<\/td>\n<td data-col-size=\"md\" data-start=\"2548\" data-end=\"2605\">iPad \/ T\u00e9l\u00e9phone portable \/ Parapluie pliable \/ Cosm\u00e9tiques<\/td>\n<\/tr>\n<tr data-start=\"2606\" data-end=\"2672\">\n<td data-start=\"2606\" data-end=\"2631\" data-col-size=\"sm\">MOQ<\/td>\n<td data-col-size=\"md\" data-start=\"2631\" data-end=\"2672\">300 pi\u00e8ces<\/td>\n<\/tr>\n<tr data-start=\"2673\" data-end=\"2739\">\n<td data-start=\"2673\" data-end=\"2698\" data-col-size=\"sm\">Fonctionnalit\u00e9<\/td>\n<td data-col-size=\"md\" data-start=\"2698\" data-end=\"2739\">Durable et l\u00e9ger<\/td>\n<\/tr>\n<\/tbody>\n<\/table>\n<\/div>\n<\/div>\n<h2 data-start=\"2746\" data-end=\"2763\">Applications<\/h2>\n<ul data-start=\"2809\" data-end=\"3005\">\n<li data-start=\"2809\" data-end=\"2828\">\n<p data-start=\"2811\" data-end=\"2828\">Trajets quotidiens<\/p>\n<\/li>\n<li data-start=\"2829\" data-end=\"2861\">\n<p data-start=\"2831\" data-end=\"2861\">Entreprises et bureaux<\/p>\n<\/li>\n<li data-start=\"2862\" data-end=\"2880\">\n<p data-start=\"2864\" data-end=\"2880\">Voyages d'achat<\/p>\n<\/li>\n<li data-start=\"2881\" data-end=\"2913\">\n<p data-start=\"2883\" data-end=\"2913\">Voyages et d\u00e9placements de courte dur\u00e9e<\/p>\n<\/li>\n<\/ul>\n<p data-start=\"3012\" data-end=\"3190\">Si ce fourre-tout \u00e0 la mode suscite de l'int\u00e9r\u00eat, des \u00e9chantillons peuvent \u00eatre demand\u00e9s. <strong data-start=\"3096\" data-end=\"3132\">Les services ODM et OEM sont pris en charge<\/strong>Des solutions personnalis\u00e9es peuvent \u00eatre fournies sur demande.<\/p>","protected":false},"excerpt":{"rendered":"<p>Les <strong data-start=\"200\" data-end=\"237\">Sac fourre-tout en cuir PU \u00e0 la mode pour les femmes<\/strong> par <strong data-start=\"241\" data-end=\"251\">RONEER<\/strong> a \u00e9t\u00e9 con\u00e7u comme un accessoire \u00e0 la fois \u00e9l\u00e9gant et pratique qui r\u00e9pond aux besoins des femmes modernes. Sa structure de grande capacit\u00e9 permet de ranger facilement les objets indispensables \u00e0 la vie quotidienne. Qu'il soit port\u00e9 en bandouli\u00e8re, \u00e0 l'\u00e9paule ou sur le dessus, sa polyvalence est assur\u00e9e. La finition en cuir PU \u00e0 la mode a \u00e9t\u00e9 adopt\u00e9e, ce qui rend le sac durable et adapt\u00e9 aux occasions d\u00e9contract\u00e9es et professionnelles.<\/p>","protected":false},"featured_media":3073,"comment_status":"open","ping_status":"closed","template":"","meta":{"site-sidebar-layout":"default","site-content-layout":"","ast-site-content-layout":"default","site-content-style":"default","site-sidebar-style":"default","ast-global-header-display":"","ast-banner-title-visibility":"","ast-main-header-display":"","ast-hfb-above-header-display":"","ast-hfb-below-header-display":"","ast-hfb-mobile-header-display":"","site-post-title":"","ast-breadcrumbs-content":"","ast-featured-img":"","footer-sml-layout":"","ast-disable-related-posts":"","theme-transparent-header-meta":"default","adv-header-id-meta":"","stick-header-meta":"","header-above-stick-meta":"","header-main-stick-meta":"","header-below-stick-meta":"","astra-migrate-meta-layouts":"set","ast-page-background-enabled":"default","ast-page-background-meta":{"desktop":{"background-color":"var(--ast-global-color-5)","background-image":"","background-repeat":"repeat","background-position":"center center","background-size":"auto","background-attachment":"scroll","background-type":"","background-media":"","overlay-type":"","overlay-color":"","overlay-opacity":"","overlay-gradient":""},"tablet":{"background-color":"","background-image":"","background-repeat":"repeat","background-position":"center center","background-size":"auto","background-attachment":"scroll","background-type":"","background-media":"","overlay-type":"","overlay-color":"","overlay-opacity":"","overlay-gradient":""},"mobile":{"background-color":"","background-image":"","background-repeat":"repeat","background-position":"center center","background-size":"auto","background-attachment":"scroll","background-type":"","background-media":"","overlay-type":"","overlay-color":"","overlay-opacity":"","overlay-gradient":""}},"ast-content-background-meta":{"desktop":{"background-color":"var(--ast-global-color-4)","background-image":"","background-repeat":"repeat","background-position":"center center","background-size":"auto","background-attachment":"scroll","background-type":"","background-media":"","overlay-type":"","overlay-color":"","overlay-opacity":"","overlay-gradient":""},"tablet":{"background-color":"var(--ast-global-color-4)","background-image":"","background-repeat":"repeat","background-position":"center center","background-size":"auto","background-attachment":"scroll","background-type":"","background-media":"","overlay-type":"","overlay-color":"","overlay-opacity":"","overlay-gradient":""},"mobile":{"background-color":"var(--ast-global-color-4)","background-image":"","background-repeat":"repeat","background-position":"center center","background-size":"auto","background-attachment":"scroll","background-type":"","background-media":"","overlay-type":"","overlay-color":"","overlay-opacity":"","overlay-gradient":""}}},"product_brand":[],"product_cat":[42,54],"product_tag":[],"class_list":{"0":"post-3071","1":"product","2":"type-product","3":"status-publish","4":"has-post-thumbnail","6":"product_cat-hand-bag","7":"product_cat-womens-bag","8":"desktop-align-left","9":"tablet-align-left","10":"mobile-align-left","12":"first","13":"instock","14":"shipping-taxable","15":"product-type-simple"},"_links":{"self":[{"href":"https:\/\/baijiabags.com\/fr\/wp-json\/wp\/v2\/product\/3071","targetHints":{"allow":["GET"]}}],"collection":[{"href":"https:\/\/baijiabags.com\/fr\/wp-json\/wp\/v2\/product"}],"about":[{"href":"https:\/\/baijiabags.com\/fr\/wp-json\/wp\/v2\/types\/product"}],"replies":[{"embeddable":true,"href":"https:\/\/baijiabags.com\/fr\/wp-json\/wp\/v2\/comments?post=3071"}],"wp:featuredmedia":[{"embeddable":true,"href":"https:\/\/baijiabags.com\/fr\/wp-json\/wp\/v2\/media\/3073"}],"wp:attachment":[{"href":"https:\/\/baijiabags.com\/fr\/wp-json\/wp\/v2\/media?parent=3071"}],"wp:term":[{"taxonomy":"product_brand","embeddable":true,"href":"https:\/\/baijiabags.com\/fr\/wp-json\/wp\/v2\/product_brand?post=3071"},{"taxonomy":"product_cat","embeddable":true,"href":"https:\/\/baijiabags.com\/fr\/wp-json\/wp\/v2\/product_cat?post=3071"},{"taxonomy":"product_tag","embeddable":true,"href":"https:\/\/baijiabags.com\/fr\/wp-json\/wp\/v2\/product_tag?post=3071"}],"curies":[{"name":"wp","href":"https:\/\/api.w.org\/{rel}","templated":true}]}}