{"id":3063,"date":"2025-10-11T06:44:34","date_gmt":"2025-10-11T06:44:34","guid":{"rendered":"https:\/\/baijiabags.com\/?post_type=product&#038;p=3063"},"modified":"2025-10-11T06:44:34","modified_gmt":"2025-10-11T06:44:34","slug":"wholesale-women-nylon-backpack-lightweight-waterproof-laptop-bag-for-business-travel-and-daily-commute","status":"publish","type":"product","link":"https:\/\/baijiabags.com\/fr\/produit\/wholesale-women-nylon-backpack-lightweight-waterproof-laptop-bag-for-business-travel-and-daily-commute\/","title":{"rendered":"Wholesale Women Nylon Backpack - Sac \u00e0 dos pour ordinateur portable l\u00e9ger et imperm\u00e9able pour les affaires, les voyages et les d\u00e9placements quotidiens"},"content":{"rendered":"<h2 data-start=\"663\" data-end=\"680\">Caract\u00e9ristiques principales<\/h2>\n<ol data-start=\"682\" data-end=\"2009\">\n<li data-start=\"682\" data-end=\"842\">\n<p data-start=\"685\" data-end=\"842\"><strong data-start=\"685\" data-end=\"713\">Construction l\u00e9g\u00e8re :<\/strong>Un poids total d'environ <strong data-start=\"751\" data-end=\"761\">0,6 kg<\/strong> a \u00e9t\u00e9 maintenue, ce qui rend le sac confortable \u00e0 porter pendant de longues p\u00e9riodes.<\/p>\n<\/li>\n<li data-start=\"844\" data-end=\"1021\">\n<p data-start=\"847\" data-end=\"1021\"><strong data-start=\"847\" data-end=\"876\">Nylon imperm\u00e9able Mat\u00e9riau :<\/strong>Un tissu en nylon imperm\u00e9able de premi\u00e8re qualit\u00e9 a \u00e9t\u00e9 s\u00e9lectionn\u00e9 pour assurer une protection fiable des effets personnels contre la pluie et les d\u00e9versements accidentels.<\/p>\n<\/li>\n<li data-start=\"1023\" data-end=\"1216\">\n<p data-start=\"1026\" data-end=\"1216\"><strong data-start=\"1026\" data-end=\"1047\">Capacit\u00e9 spacieuse :<\/strong>Un compartiment principal avec des poches int\u00e9rieures zipp\u00e9es suppl\u00e9mentaires et des sections lat\u00e9rales a \u00e9t\u00e9 inclus pour ranger les ordinateurs portables, les iPads, les magazines au format A4, les parapluies et les produits de beaut\u00e9.<\/p>\n<\/li>\n<li data-start=\"1218\" data-end=\"1409\">\n<p data-start=\"1221\" data-end=\"1409\"><strong data-start=\"1221\" data-end=\"1254\">Compartiments multifonctionnels :<\/strong>Plusieurs compartiments ont \u00e9t\u00e9 int\u00e9gr\u00e9s, notamment une pochette rembourr\u00e9e pour ordinateur portable, une pochette pour t\u00e9l\u00e9phone portable et des poches int\u00e9rieures suppl\u00e9mentaires pour les petits objets essentiels.<\/p>\n<\/li>\n<li data-start=\"1411\" data-end=\"1572\">\n<p data-start=\"1414\" data-end=\"1572\"><strong data-start=\"1414\" data-end=\"1443\">Design \u00e9l\u00e9gant et moderne :<\/strong>Le sac \u00e0 dos est dot\u00e9 d'un design \u00e9l\u00e9gant et \u00e0 la pointe de la mode, ce qui lui permet de convenir \u00e0 la fois \u00e0 des occasions professionnelles et d\u00e9contract\u00e9es.<\/p>\n<\/li>\n<li data-start=\"1574\" data-end=\"1714\">\n<p data-start=\"1577\" data-end=\"1714\"><strong data-start=\"1577\" data-end=\"1600\">Couleurs personnalisables :<\/strong>Une large gamme d'options de couleurs peut \u00eatre personnalis\u00e9e en fonction des pr\u00e9f\u00e9rences personnelles ou des exigences de la marque.<\/p>\n<\/li>\n<li data-start=\"1716\" data-end=\"1860\">\n<p data-start=\"1719\" data-end=\"1860\"><strong data-start=\"1719\" data-end=\"1753\">Construction durable et de longue dur\u00e9e :<\/strong>Des coutures renforc\u00e9es et des fermetures \u00e0 glissi\u00e8re de haute qualit\u00e9 ont \u00e9t\u00e9 utilis\u00e9es pour am\u00e9liorer la durabilit\u00e9 et la fiabilit\u00e9.<\/p>\n<\/li>\n<li data-start=\"1862\" data-end=\"2009\">\n<p data-start=\"1865\" data-end=\"2009\"><strong data-start=\"1865\" data-end=\"1895\">Options de transport polyvalentes :<\/strong>Il est possible de porter le sac en bandouli\u00e8re ou \u00e0 la main, ce qui permet de s'adapter \u00e0 diff\u00e9rents types de portage.<\/p>\n<\/li>\n<\/ol>\n<p><img fetchpriority=\"high\" decoding=\"async\" class=\"aligncenter wp-image-3064 size-full\" src=\"https:\/\/baijiabags.com\/wp-content\/uploads\/2025\/10\/Wholesale-Women-Nylon-Backpack-\u2013-Lightweight-Waterproof-Laptop-Bag-for-Business-Travel-and-Daily-Commute.png\" alt=\"Wholesale Women Nylon Backpack \u2013 Lightweight Waterproof Laptop Bag for Business, Travel and Daily Commute\" width=\"750\" height=\"679\" srcset=\"https:\/\/baijiabags.com\/wp-content\/uploads\/2025\/10\/Wholesale-Women-Nylon-Backpack-\u2013-Lightweight-Waterproof-Laptop-Bag-for-Business-Travel-and-Daily-Commute.png 750w, https:\/\/baijiabags.com\/wp-content\/uploads\/2025\/10\/Wholesale-Women-Nylon-Backpack-\u2013-Lightweight-Waterproof-Laptop-Bag-for-Business-Travel-and-Daily-Commute-300x272.png 300w, https:\/\/baijiabags.com\/wp-content\/uploads\/2025\/10\/Wholesale-Women-Nylon-Backpack-\u2013-Lightweight-Waterproof-Laptop-Bag-for-Business-Travel-and-Daily-Commute-13x12.png 13w, https:\/\/baijiabags.com\/wp-content\/uploads\/2025\/10\/Wholesale-Women-Nylon-Backpack-\u2013-Lightweight-Waterproof-Laptop-Bag-for-Business-Travel-and-Daily-Commute-600x543.png 600w\" sizes=\"(max-width: 750px) 100vw, 750px\" \/><\/p>\n<h2 data-start=\"2011\" data-end=\"2030\">Sp\u00e9cifications<\/h2>\n<div class=\"_tableContainer_1rjym_1\">\n<div class=\"group _tableWrapper_1rjym_13 flex w-fit flex-col-reverse\" tabindex=\"-1\">\n<table class=\"w-fit min-w-(--thread-content-width)\" data-start=\"2032\" data-end=\"3095\">\n<thead data-start=\"2032\" data-end=\"2096\">\n<tr data-start=\"2032\" data-end=\"2096\">\n<th data-start=\"2032\" data-end=\"2055\" data-col-size=\"sm\"><strong data-start=\"2034\" data-end=\"2047\">Param\u00e8tres<\/strong><\/th>\n<th data-start=\"2055\" data-end=\"2096\" data-col-size=\"md\"><strong data-start=\"2057\" data-end=\"2072\">Description<\/strong><\/th>\n<\/tr>\n<\/thead>\n<tbody data-start=\"2163\" data-end=\"3095\">\n<tr data-start=\"2163\" data-end=\"2230\">\n<td data-start=\"2163\" data-end=\"2187\" data-col-size=\"sm\">Nom du produit<\/td>\n<td data-col-size=\"md\" data-start=\"2187\" data-end=\"2230\">Sac \u00e0 dos en nylon pour femmes<\/td>\n<\/tr>\n<tr data-start=\"2231\" data-end=\"2296\">\n<td data-start=\"2231\" data-end=\"2255\" data-col-size=\"sm\">Marque<\/td>\n<td data-start=\"2255\" data-end=\"2296\" data-col-size=\"md\">RONEER<\/td>\n<\/tr>\n<tr data-start=\"2297\" data-end=\"2362\">\n<td data-start=\"2297\" data-end=\"2321\" data-col-size=\"sm\">Num\u00e9ro de mod\u00e8le<\/td>\n<td data-col-size=\"md\" data-start=\"2321\" data-end=\"2362\">GB-0529<\/td>\n<\/tr>\n<tr data-start=\"2363\" data-end=\"2428\">\n<td data-start=\"2363\" data-end=\"2387\" data-col-size=\"sm\">Lieu d'origine<\/td>\n<td data-col-size=\"md\" data-start=\"2387\" data-end=\"2428\">Guangdong, Chine<\/td>\n<\/tr>\n<tr data-start=\"2429\" data-end=\"2494\">\n<td data-start=\"2429\" data-end=\"2453\" data-col-size=\"sm\">Style<\/td>\n<td data-col-size=\"md\" data-start=\"2453\" data-end=\"2494\">Mode, affaires, voyages<\/td>\n<\/tr>\n<tr data-start=\"2495\" data-end=\"2560\">\n<td data-start=\"2495\" data-end=\"2519\" data-col-size=\"sm\">Mat\u00e9riau principal<\/td>\n<td data-col-size=\"md\" data-start=\"2519\" data-end=\"2560\">PU + Nylon imperm\u00e9able<\/td>\n<\/tr>\n<tr data-start=\"2561\" data-end=\"2626\">\n<td data-start=\"2561\" data-end=\"2585\" data-col-size=\"sm\">Poids<\/td>\n<td data-col-size=\"md\" data-start=\"2585\" data-end=\"2626\">0,6 kg<\/td>\n<\/tr>\n<tr data-start=\"2627\" data-end=\"2734\">\n<td data-start=\"2627\" data-end=\"2651\" data-col-size=\"sm\">Structure<\/td>\n<td data-start=\"2651\" data-end=\"2734\" data-col-size=\"md\">Compartiment principal, poche zipp\u00e9e, 3 poches int\u00e9rieures, pochette pour ordinateur portable, pochette pour t\u00e9l\u00e9phone portable<\/td>\n<\/tr>\n<tr data-start=\"2735\" data-end=\"2831\">\n<td data-start=\"2735\" data-end=\"2759\" data-col-size=\"sm\">Capacit\u00e9<\/td>\n<td data-col-size=\"md\" data-start=\"2759\" data-end=\"2831\">Convient pour un magazine A4, un iPad, un t\u00e9l\u00e9phone portable, un parapluie pliable, des produits de beaut\u00e9<\/td>\n<\/tr>\n<tr data-start=\"2832\" data-end=\"2897\">\n<td data-start=\"2832\" data-end=\"2856\" data-col-size=\"sm\">Couleur<\/td>\n<td data-start=\"2856\" data-end=\"2897\" data-col-size=\"md\">Personnalisable<\/td>\n<\/tr>\n<tr data-start=\"2898\" data-end=\"2963\">\n<td data-start=\"2898\" data-end=\"2922\" data-col-size=\"sm\">Style d'utilisation<\/td>\n<td data-col-size=\"md\" data-start=\"2922\" data-end=\"2963\">Port\u00e9-crois\u00e9 \/ Port\u00e9-main<\/td>\n<\/tr>\n<tr data-start=\"2964\" data-end=\"3029\">\n<td data-start=\"2964\" data-end=\"2988\" data-col-size=\"sm\">MOQ<\/td>\n<td data-col-size=\"md\" data-start=\"2988\" data-end=\"3029\">300 pi\u00e8ces<\/td>\n<\/tr>\n<tr data-start=\"3030\" data-end=\"3095\">\n<td data-start=\"3030\" data-end=\"3054\" data-col-size=\"sm\">Fonctionnalit\u00e9<\/td>\n<td data-col-size=\"md\" data-start=\"3054\" data-end=\"3095\">Durable, l\u00e9ger, \u00e9tanche<\/td>\n<\/tr>\n<\/tbody>\n<\/table>\n<\/div>\n<\/div>\n<h2 data-start=\"3097\" data-end=\"3114\">Applications<\/h2>\n<ul data-start=\"3116\" data-end=\"3559\">\n<li data-start=\"3116\" data-end=\"3257\">\n<p data-start=\"3118\" data-end=\"3257\"><strong data-start=\"3118\" data-end=\"3134\">Utilisation professionnelle<\/strong> - Un ordinateur portable et des accessoires de travail peuvent \u00eatre rang\u00e9s en toute s\u00e9curit\u00e9, ce qui rend le sac \u00e0 dos adapt\u00e9 aux environnements de bureau et de r\u00e9union.<\/p>\n<\/li>\n<li data-start=\"3258\" data-end=\"3362\">\n<p data-start=\"3260\" data-end=\"3362\"><strong data-start=\"3260\" data-end=\"3270\">Voyage<\/strong> - Les documents de voyage, les objets personnels et les appareils \u00e9lectroniques peuvent \u00eatre organis\u00e9s de mani\u00e8re pratique.<\/p>\n<\/li>\n<li data-start=\"3363\" data-end=\"3473\">\n<p data-start=\"3365\" data-end=\"3473\"><strong data-start=\"3365\" data-end=\"3382\">Trajet quotidien<\/strong> - Livres, cosm\u00e9tiques et petits accessoires peuvent \u00eatre facilement transport\u00e9s pour les activit\u00e9s quotidiennes.<\/p>\n<\/li>\n<li data-start=\"3474\" data-end=\"3559\">\n<p data-start=\"3476\" data-end=\"3559\"><strong data-start=\"3476\" data-end=\"3498\">Activit\u00e9s de loisirs<\/strong> - Convient pour le shopping, les sorties d\u00e9contract\u00e9es ou les voyages de fin de semaine.<\/p>\n<\/li>\n<\/ul>\n<p data-start=\"3566\" data-end=\"3763\">Si ce sac \u00e0 dos polyvalent suscite de l'int\u00e9r\u00eat, n'h\u00e9sitez pas \u00e0 nous contacter pour obtenir des \u00e9chantillons. <strong data-start=\"3666\" data-end=\"3702\">Les services ODM et OEM sont disponibles<\/strong> pour des conceptions, des couleurs et des exigences de marque personnalis\u00e9es.<\/p>","protected":false},"excerpt":{"rendered":"<p>Les <strong data-start=\"200\" data-end=\"270\">Wholesale Women Nylon Backpack - Lightweight Waterproof Laptop Bag<\/strong> a \u00e9t\u00e9 con\u00e7u et fabriqu\u00e9 par <strong data-start=\"309\" data-end=\"319\">RONEER<\/strong> pour offrir une option polyvalente et pratique aux femmes modernes. L'utilisation d'un mat\u00e9riau en nylon de haute qualit\u00e9 a permis d'\u00e9quilibrer la l\u00e9g\u00e8ret\u00e9 de la structure et la durabilit\u00e9 des performances. Le sac \u00e0 dos a \u00e9t\u00e9 con\u00e7u pour de multiples sc\u00e9narios, notamment pour les affaires, les voyages et les d\u00e9placements quotidiens, afin de garantir confort et efficacit\u00e9 au quotidien.<\/p>","protected":false},"featured_media":3070,"comment_status":"open","ping_status":"closed","template":"","meta":{"site-sidebar-layout":"default","site-content-layout":"","ast-site-content-layout":"default","site-content-style":"default","site-sidebar-style":"default","ast-global-header-display":"","ast-banner-title-visibility":"","ast-main-header-display":"","ast-hfb-above-header-display":"","ast-hfb-below-header-display":"","ast-hfb-mobile-header-display":"","site-post-title":"","ast-breadcrumbs-content":"","ast-featured-img":"","footer-sml-layout":"","ast-disable-related-posts":"","theme-transparent-header-meta":"default","adv-header-id-meta":"","stick-header-meta":"","header-above-stick-meta":"","header-main-stick-meta":"","header-below-stick-meta":"","astra-migrate-meta-layouts":"set","ast-page-background-enabled":"default","ast-page-background-meta":{"desktop":{"background-color":"var(--ast-global-color-5)","background-image":"","background-repeat":"repeat","background-position":"center center","background-size":"auto","background-attachment":"scroll","background-type":"","background-media":"","overlay-type":"","overlay-color":"","overlay-opacity":"","overlay-gradient":""},"tablet":{"background-color":"","background-image":"","background-repeat":"repeat","background-position":"center center","background-size":"auto","background-attachment":"scroll","background-type":"","background-media":"","overlay-type":"","overlay-color":"","overlay-opacity":"","overlay-gradient":""},"mobile":{"background-color":"","background-image":"","background-repeat":"repeat","background-position":"center center","background-size":"auto","background-attachment":"scroll","background-type":"","background-media":"","overlay-type":"","overlay-color":"","overlay-opacity":"","overlay-gradient":""}},"ast-content-background-meta":{"desktop":{"background-color":"var(--ast-global-color-4)","background-image":"","background-repeat":"repeat","background-position":"center center","background-size":"auto","background-attachment":"scroll","background-type":"","background-media":"","overlay-type":"","overlay-color":"","overlay-opacity":"","overlay-gradient":""},"tablet":{"background-color":"var(--ast-global-color-4)","background-image":"","background-repeat":"repeat","background-position":"center center","background-size":"auto","background-attachment":"scroll","background-type":"","background-media":"","overlay-type":"","overlay-color":"","overlay-opacity":"","overlay-gradient":""},"mobile":{"background-color":"var(--ast-global-color-4)","background-image":"","background-repeat":"repeat","background-position":"center center","background-size":"auto","background-attachment":"scroll","background-type":"","background-media":"","overlay-type":"","overlay-color":"","overlay-opacity":"","overlay-gradient":""}}},"product_brand":[],"product_cat":[21],"product_tag":[],"class_list":{"0":"post-3063","1":"product","2":"type-product","3":"status-publish","4":"has-post-thumbnail","6":"product_cat-backpack","7":"desktop-align-left","8":"tablet-align-left","9":"mobile-align-left","11":"first","12":"instock","13":"shipping-taxable","14":"product-type-simple"},"_links":{"self":[{"href":"https:\/\/baijiabags.com\/fr\/wp-json\/wp\/v2\/product\/3063","targetHints":{"allow":["GET"]}}],"collection":[{"href":"https:\/\/baijiabags.com\/fr\/wp-json\/wp\/v2\/product"}],"about":[{"href":"https:\/\/baijiabags.com\/fr\/wp-json\/wp\/v2\/types\/product"}],"replies":[{"embeddable":true,"href":"https:\/\/baijiabags.com\/fr\/wp-json\/wp\/v2\/comments?post=3063"}],"wp:featuredmedia":[{"embeddable":true,"href":"https:\/\/baijiabags.com\/fr\/wp-json\/wp\/v2\/media\/3070"}],"wp:attachment":[{"href":"https:\/\/baijiabags.com\/fr\/wp-json\/wp\/v2\/media?parent=3063"}],"wp:term":[{"taxonomy":"product_brand","embeddable":true,"href":"https:\/\/baijiabags.com\/fr\/wp-json\/wp\/v2\/product_brand?post=3063"},{"taxonomy":"product_cat","embeddable":true,"href":"https:\/\/baijiabags.com\/fr\/wp-json\/wp\/v2\/product_cat?post=3063"},{"taxonomy":"product_tag","embeddable":true,"href":"https:\/\/baijiabags.com\/fr\/wp-json\/wp\/v2\/product_tag?post=3063"}],"curies":[{"name":"wp","href":"https:\/\/api.w.org\/{rel}","templated":true}]}}