{"id":2753,"date":"2025-10-07T01:36:06","date_gmt":"2025-10-07T01:36:06","guid":{"rendered":"https:\/\/baijiabags.com\/?post_type=product&#038;p=2753"},"modified":"2025-10-07T01:36:06","modified_gmt":"2025-10-07T01:36:06","slug":"fashion-woven-tote-bag-for-women-large-capacity-shoulder-handbag-with-star-pendant","status":"publish","type":"product","link":"https:\/\/baijiabags.com\/fr\/produit\/fashion-woven-tote-bag-for-women-large-capacity-shoulder-handbag-with-star-pendant\/","title":{"rendered":"Fashion Woven Tote Bag for Women Large Capacity Shoulder Handbag with Star Pendant"},"content":{"rendered":"<h2 data-start=\"1001\" data-end=\"1021\"><strong data-start=\"1005\" data-end=\"1021\">Caract\u00e9ristiques principales<\/strong><\/h2>\n<ol data-start=\"1023\" data-end=\"2047\">\n<li data-start=\"1023\" data-end=\"1149\">\n<p data-start=\"1026\" data-end=\"1149\"><strong data-start=\"1026\" data-end=\"1049\">Mati\u00e8re PU de premi\u00e8re qualit\u00e9<\/strong> - Le cuir PU de haute qualit\u00e9 a \u00e9t\u00e9 s\u00e9lectionn\u00e9 pour sa durabilit\u00e9, sa texture lisse et sa finition raffin\u00e9e.<\/p>\n<\/li>\n<li data-start=\"1150\" data-end=\"1297\">\n<p data-start=\"1153\" data-end=\"1297\"><strong data-start=\"1153\" data-end=\"1178\">Conception \u00e0 grande capacit\u00e9<\/strong> - Un compartiment spacieux a \u00e9t\u00e9 con\u00e7u pour accueillir facilement livres, tablettes, cosm\u00e9tiques et autres objets essentiels.<\/p>\n<\/li>\n<li data-start=\"1298\" data-end=\"1423\">\n<p data-start=\"1301\" data-end=\"1423\"><strong data-start=\"1301\" data-end=\"1325\">Forme structurelle souple<\/strong> - Le corps du sac a \u00e9t\u00e9 rendu souple pour une utilisation flexible, tout en conservant une silhouette raffin\u00e9e.<\/p>\n<\/li>\n<li data-start=\"1424\" data-end=\"1576\">\n<p data-start=\"1427\" data-end=\"1576\"><strong data-start=\"1427\" data-end=\"1456\">Am\u00e9nagement int\u00e9rieur organis\u00e9<\/strong> - L'espace int\u00e9rieur a \u00e9t\u00e9 am\u00e9nag\u00e9 avec une pochette zipp\u00e9e, une pochette pour le t\u00e9l\u00e9phone et un compartiment pour la carte d'identit\u00e9 pour une meilleure organisation.<\/p>\n<\/li>\n<li data-start=\"1577\" data-end=\"1689\">\n<p data-start=\"1580\" data-end=\"1689\"><strong data-start=\"1580\" data-end=\"1605\">Fermeture \u00e0 glissi\u00e8re s\u00e9curis\u00e9e<\/strong> - Une fermeture \u00e0 glissi\u00e8re robuste a \u00e9t\u00e9 install\u00e9e pour garantir la protection des effets personnels.<\/p>\n<\/li>\n<li data-start=\"1690\" data-end=\"1805\">\n<p data-start=\"1693\" data-end=\"1805\"><strong data-start=\"1693\" data-end=\"1722\">Sangle d'\u00e9paule r\u00e9glable<\/strong> - Une seule sangle r\u00e9glable a \u00e9t\u00e9 pr\u00e9vue pour un portage confortable \u00e0 l'\u00e9paule.<\/p>\n<\/li>\n<li data-start=\"1806\" data-end=\"1929\">\n<p data-start=\"1809\" data-end=\"1929\"><strong data-start=\"1809\" data-end=\"1833\">Pendentif en forme d'\u00e9toile<\/strong> - Un pendentif \u00e9toile d\u00e9tachable a \u00e9t\u00e9 ajout\u00e9 pour souligner le sens de la mode et de l'individualit\u00e9.<\/p>\n<\/li>\n<li data-start=\"1930\" data-end=\"2047\">\n<p data-start=\"1933\" data-end=\"2047\"><strong data-start=\"1933\" data-end=\"1957\">Options personnalisables<\/strong> - Les couleurs et les \u00e9l\u00e9ments mineurs du design peuvent \u00eatre personnalis\u00e9s en fonction des exigences OEM et ODM.<\/p>\n<\/li>\n<\/ol>\n<h2><strong data-start=\"2058\" data-end=\"2076\">Sp\u00e9cifications<\/strong><\/h2>\n<div class=\"_tableContainer_1rjym_1\">\n<div class=\"group _tableWrapper_1rjym_13 flex w-fit flex-col-reverse\" tabindex=\"-1\">\n<table class=\"w-fit min-w-(--thread-content-width)\" data-start=\"2078\" data-end=\"2746\">\n<thead data-start=\"2078\" data-end=\"2108\">\n<tr data-start=\"2078\" data-end=\"2108\">\n<th data-start=\"2078\" data-end=\"2089\" data-col-size=\"sm\"><strong data-start=\"2080\" data-end=\"2088\">Objet<\/strong><\/th>\n<th data-start=\"2089\" data-end=\"2108\" data-col-size=\"md\"><strong data-start=\"2091\" data-end=\"2106\">Description<\/strong><\/th>\n<\/tr>\n<\/thead>\n<tbody data-start=\"2140\" data-end=\"2746\">\n<tr data-start=\"2140\" data-end=\"2162\">\n<td data-start=\"2140\" data-end=\"2152\" data-col-size=\"sm\"><strong data-start=\"2142\" data-end=\"2151\">Marque<\/strong><\/td>\n<td data-start=\"2152\" data-end=\"2162\" data-col-size=\"md\">RONEER<\/td>\n<\/tr>\n<tr data-start=\"2163\" data-end=\"2218\">\n<td data-start=\"2163\" data-end=\"2182\" data-col-size=\"sm\"><strong data-start=\"2165\" data-end=\"2181\">Nom du produit<\/strong><\/td>\n<td data-start=\"2182\" data-end=\"2218\" data-col-size=\"md\">Sac fourre-tout tiss\u00e9 \u00e0 la mode pour les femmes<\/td>\n<\/tr>\n<tr data-start=\"2219\" data-end=\"2255\">\n<td data-start=\"2219\" data-end=\"2234\" data-col-size=\"sm\"><strong data-start=\"2221\" data-end=\"2233\">Mat\u00e9riau<\/strong><\/td>\n<td data-start=\"2234\" data-end=\"2255\" data-col-size=\"md\">PU (Polyur\u00e9thane)<\/td>\n<\/tr>\n<tr data-start=\"2256\" data-end=\"2291\">\n<td data-start=\"2256\" data-end=\"2278\" data-col-size=\"sm\"><strong data-start=\"2258\" data-end=\"2277\">Mat\u00e9riau de la doublure<\/strong><\/td>\n<td data-start=\"2278\" data-end=\"2291\" data-col-size=\"md\">Polyester<\/td>\n<\/tr>\n<tr data-start=\"2292\" data-end=\"2328\">\n<td data-start=\"2292\" data-end=\"2312\" data-col-size=\"sm\"><strong data-start=\"2294\" data-end=\"2311\">Options de couleur<\/strong><\/td>\n<td data-start=\"2312\" data-end=\"2328\" data-col-size=\"md\">Personnalisable<\/td>\n<\/tr>\n<tr data-start=\"2329\" data-end=\"2370\">\n<td data-start=\"2329\" data-end=\"2341\" data-col-size=\"sm\"><strong data-start=\"2331\" data-end=\"2340\">Style<\/strong><\/td>\n<td data-start=\"2341\" data-end=\"2370\" data-col-size=\"md\">R\u00e9tro europ\u00e9en et am\u00e9ricain<\/td>\n<\/tr>\n<tr data-start=\"2371\" data-end=\"2391\">\n<td data-start=\"2371\" data-end=\"2382\" data-col-size=\"sm\"><strong data-start=\"2373\" data-end=\"2381\">Taille<\/strong><\/td>\n<td data-start=\"2382\" data-end=\"2391\" data-col-size=\"md\">Grandes dimensions<\/td>\n<\/tr>\n<tr data-start=\"2392\" data-end=\"2415\">\n<td data-start=\"2392\" data-end=\"2407\" data-col-size=\"sm\"><strong data-start=\"2394\" data-end=\"2406\">Duret\u00e9<\/strong><\/td>\n<td data-start=\"2407\" data-end=\"2415\" data-col-size=\"md\">Douceur<\/td>\n<\/tr>\n<tr data-start=\"2416\" data-end=\"2492\">\n<td data-start=\"2416\" data-end=\"2441\" data-col-size=\"sm\"><strong data-start=\"2418\" data-end=\"2440\">Structure int\u00e9rieure<\/strong><\/td>\n<td data-start=\"2441\" data-end=\"2492\" data-col-size=\"md\">Pochette \u00e0 fermeture \u00e9clair, pochette pour t\u00e9l\u00e9phone, pochette pour certificat<\/td>\n<\/tr>\n<tr data-start=\"2493\" data-end=\"2542\">\n<td data-start=\"2493\" data-end=\"2517\" data-col-size=\"sm\"><strong data-start=\"2495\" data-end=\"2516\">Type de poche ext\u00e9rieure<\/strong><\/td>\n<td data-start=\"2517\" data-end=\"2542\" data-col-size=\"md\">Poche int\u00e9rieure plaqu\u00e9e<\/td>\n<\/tr>\n<tr data-start=\"2543\" data-end=\"2591\">\n<td data-start=\"2543\" data-end=\"2566\" data-col-size=\"sm\"><strong data-start=\"2545\" data-end=\"2565\">Nombre de sangles<\/strong><\/td>\n<td data-start=\"2566\" data-end=\"2591\" data-col-size=\"md\">Bandouli\u00e8re simple<\/td>\n<\/tr>\n<tr data-start=\"2592\" data-end=\"2617\">\n<td data-start=\"2592\" data-end=\"2609\" data-col-size=\"sm\"><strong data-start=\"2594\" data-end=\"2608\">Couche interm\u00e9diaire<\/strong><\/td>\n<td data-start=\"2609\" data-end=\"2617\" data-col-size=\"md\">Aucun<\/td>\n<\/tr>\n<tr data-start=\"2618\" data-end=\"2681\">\n<td data-start=\"2618\" data-end=\"2642\" data-col-size=\"sm\"><strong data-start=\"2620\" data-end=\"2641\">Sc\u00e8ne d'application<\/strong><\/td>\n<td data-start=\"2642\" data-end=\"2681\" data-col-size=\"md\">Utilisation quotidienne, Shopping, Bureau, Voyage<\/td>\n<\/tr>\n<tr data-start=\"2682\" data-end=\"2721\">\n<td data-start=\"2682\" data-end=\"2708\" data-col-size=\"sm\"><strong data-start=\"2684\" data-end=\"2707\">Disponibilit\u00e9 des \u00e9chantillons<\/strong><\/td>\n<td data-start=\"2708\" data-end=\"2721\" data-col-size=\"md\">Disponible<\/td>\n<\/tr>\n<tr data-start=\"2722\" data-end=\"2746\">\n<td data-start=\"2722\" data-end=\"2732\" data-col-size=\"sm\"><strong data-start=\"2724\" data-end=\"2731\">MOQ<\/strong><\/td>\n<td data-start=\"2732\" data-end=\"2746\" data-col-size=\"md\">300 pi\u00e8ces<\/td>\n<\/tr>\n<\/tbody>\n<\/table>\n<\/div>\n<\/div>\n<h2><strong data-start=\"3112\" data-end=\"3128\">Applications<\/strong><\/h2>\n<ul data-start=\"3130\" data-end=\"3685\">\n<li data-start=\"3130\" data-end=\"3243\">\n<p data-start=\"3132\" data-end=\"3243\"><strong data-start=\"3132\" data-end=\"3146\">Utilisation quotidienne :<\/strong> Le sac a \u00e9t\u00e9 con\u00e7u pour \u00eatre port\u00e9 tous les jours et s'adapte parfaitement aux sc\u00e9narios de travail, d'\u00e9cole ou de loisirs.<\/p>\n<\/li>\n<li data-start=\"3244\" data-end=\"3357\">\n<p data-start=\"3246\" data-end=\"3357\"><strong data-start=\"3246\" data-end=\"3268\">Bureau et entreprise :<\/strong> Son design minimaliste mais \u00e9l\u00e9gant lui permet d'\u00eatre utilis\u00e9 comme un accessoire de travail d\u00e9contract\u00e9.<\/p>\n<\/li>\n<li data-start=\"3358\" data-end=\"3477\">\n<p data-start=\"3360\" data-end=\"3477\"><strong data-start=\"3360\" data-end=\"3381\">Compagnon de voyage :<\/strong> L'int\u00e9rieur spacieux a \u00e9t\u00e9 con\u00e7u pour accueillir les documents de voyage, les cosm\u00e9tiques et les accessoires.<\/p>\n<\/li>\n<li data-start=\"3478\" data-end=\"3577\">\n<p data-start=\"3480\" data-end=\"3577\"><strong data-start=\"3480\" data-end=\"3503\">Shopping et sorties :<\/strong> La construction l\u00e9g\u00e8re assure le confort pendant les longues heures de transport.<\/p>\n<\/li>\n<li data-start=\"3578\" data-end=\"3685\">\n<p data-start=\"3580\" data-end=\"3685\"><strong data-start=\"3580\" data-end=\"3612\">Objectifs promotionnels et cadeaux :<\/strong> Des logos et des couleurs personnalis\u00e9s peuvent \u00eatre appliqu\u00e9s pour des \u00e9v\u00e9nements de marquage ou de cadeaux.<\/p>\n<\/li>\n<\/ul>","protected":false},"excerpt":{"rendered":"<p>Les <strong data-start=\"383\" data-end=\"419\">Sac fourre-tout tiss\u00e9 \u00e0 la mode pour les femmes<\/strong> a \u00e9t\u00e9 soigneusement con\u00e7u pour allier l'\u00e9l\u00e9gance moderne \u00e0 la praticit\u00e9 quotidienne. Fabriqu\u00e9 \u00e0 partir de mat\u00e9riaux <strong data-start=\"524\" data-end=\"539\">Mati\u00e8re PU<\/strong> et doubl\u00e9 d'un <strong data-start=\"555\" data-end=\"576\">polyester durable<\/strong>Ce sac fourre-tout est con\u00e7u pour offrir un confort et une fonctionnalit\u00e9 durables. Un sac \u00e9l\u00e9gant <strong data-start=\"661\" data-end=\"677\">pendentif \u00e9toile<\/strong> La grande capacit\u00e9 int\u00e9rieure permet de ranger et d'acc\u00e9der facilement \u00e0 tous les objets de la vie quotidienne.<br data-start=\"834\" data-end=\"837\" \/>Ce sac a \u00e9t\u00e9 cr\u00e9\u00e9 pour les femmes qui appr\u00e9cient \u00e0 la fois l'esth\u00e9tique et la commodit\u00e9 dans leurs activit\u00e9s quotidiennes, que ce soit pour le shopping, le travail, les voyages ou les sorties d\u00e9contract\u00e9es.<\/p>","protected":false},"featured_media":2763,"comment_status":"open","ping_status":"closed","template":"","meta":{"site-sidebar-layout":"default","site-content-layout":"","ast-site-content-layout":"default","site-content-style":"default","site-sidebar-style":"default","ast-global-header-display":"","ast-banner-title-visibility":"","ast-main-header-display":"","ast-hfb-above-header-display":"","ast-hfb-below-header-display":"","ast-hfb-mobile-header-display":"","site-post-title":"","ast-breadcrumbs-content":"","ast-featured-img":"","footer-sml-layout":"","ast-disable-related-posts":"","theme-transparent-header-meta":"default","adv-header-id-meta":"","stick-header-meta":"","header-above-stick-meta":"","header-main-stick-meta":"","header-below-stick-meta":"","astra-migrate-meta-layouts":"set","ast-page-background-enabled":"default","ast-page-background-meta":{"desktop":{"background-color":"var(--ast-global-color-5)","background-image":"","background-repeat":"repeat","background-position":"center center","background-size":"auto","background-attachment":"scroll","background-type":"","background-media":"","overlay-type":"","overlay-color":"","overlay-opacity":"","overlay-gradient":""},"tablet":{"background-color":"","background-image":"","background-repeat":"repeat","background-position":"center center","background-size":"auto","background-attachment":"scroll","background-type":"","background-media":"","overlay-type":"","overlay-color":"","overlay-opacity":"","overlay-gradient":""},"mobile":{"background-color":"","background-image":"","background-repeat":"repeat","background-position":"center center","background-size":"auto","background-attachment":"scroll","background-type":"","background-media":"","overlay-type":"","overlay-color":"","overlay-opacity":"","overlay-gradient":""}},"ast-content-background-meta":{"desktop":{"background-color":"var(--ast-global-color-4)","background-image":"","background-repeat":"repeat","background-position":"center center","background-size":"auto","background-attachment":"scroll","background-type":"","background-media":"","overlay-type":"","overlay-color":"","overlay-opacity":"","overlay-gradient":""},"tablet":{"background-color":"var(--ast-global-color-4)","background-image":"","background-repeat":"repeat","background-position":"center center","background-size":"auto","background-attachment":"scroll","background-type":"","background-media":"","overlay-type":"","overlay-color":"","overlay-opacity":"","overlay-gradient":""},"mobile":{"background-color":"var(--ast-global-color-4)","background-image":"","background-repeat":"repeat","background-position":"center center","background-size":"auto","background-attachment":"scroll","background-type":"","background-media":"","overlay-type":"","overlay-color":"","overlay-opacity":"","overlay-gradient":""}}},"product_brand":[],"product_cat":[56],"product_tag":[],"class_list":{"0":"post-2753","1":"product","2":"type-product","3":"status-publish","4":"has-post-thumbnail","6":"product_cat-tote-bag","7":"desktop-align-left","8":"tablet-align-left","9":"mobile-align-left","11":"first","12":"instock","13":"shipping-taxable","14":"product-type-simple"},"_links":{"self":[{"href":"https:\/\/baijiabags.com\/fr\/wp-json\/wp\/v2\/product\/2753","targetHints":{"allow":["GET"]}}],"collection":[{"href":"https:\/\/baijiabags.com\/fr\/wp-json\/wp\/v2\/product"}],"about":[{"href":"https:\/\/baijiabags.com\/fr\/wp-json\/wp\/v2\/types\/product"}],"replies":[{"embeddable":true,"href":"https:\/\/baijiabags.com\/fr\/wp-json\/wp\/v2\/comments?post=2753"}],"wp:featuredmedia":[{"embeddable":true,"href":"https:\/\/baijiabags.com\/fr\/wp-json\/wp\/v2\/media\/2763"}],"wp:attachment":[{"href":"https:\/\/baijiabags.com\/fr\/wp-json\/wp\/v2\/media?parent=2753"}],"wp:term":[{"taxonomy":"product_brand","embeddable":true,"href":"https:\/\/baijiabags.com\/fr\/wp-json\/wp\/v2\/product_brand?post=2753"},{"taxonomy":"product_cat","embeddable":true,"href":"https:\/\/baijiabags.com\/fr\/wp-json\/wp\/v2\/product_cat?post=2753"},{"taxonomy":"product_tag","embeddable":true,"href":"https:\/\/baijiabags.com\/fr\/wp-json\/wp\/v2\/product_tag?post=2753"}],"curies":[{"name":"wp","href":"https:\/\/api.w.org\/{rel}","templated":true}]}}