{"id":2730,"date":"2025-09-30T06:21:00","date_gmt":"2025-09-30T06:21:00","guid":{"rendered":"https:\/\/baijiabags.com\/?post_type=product&#038;p=2730"},"modified":"2025-11-01T01:21:35","modified_gmt":"2025-11-01T01:21:35","slug":"french-retro-womens-baguette-bag-versatile-casual-commuter-shoulder-handbag","status":"publish","type":"product","link":"https:\/\/baijiabags.com\/fr\/produit\/french-retro-womens-baguette-bag-versatile-casual-commuter-shoulder-handbag\/","title":{"rendered":"French Retro Womens Baguette Bag Versatile Casual Commuter Shoulder Handbag"},"content":{"rendered":"<h2 data-start=\"640\" data-end=\"657\">Caract\u00e9ristiques principales<\/h2>\n<ol data-start=\"659\" data-end=\"1656\">\n<li data-start=\"659\" data-end=\"782\">\n<p data-start=\"662\" data-end=\"782\"><strong data-start=\"662\" data-end=\"690\">Esth\u00e9tique d'inspiration r\u00e9tro :<\/strong>Un style baguette vintage fran\u00e7ais a \u00e9t\u00e9 adopt\u00e9 pour rehausser les looks quotidiens \u00e0 la mode.<\/p>\n<\/li>\n<li data-start=\"784\" data-end=\"901\">\n<p data-start=\"787\" data-end=\"901\"><strong data-start=\"787\" data-end=\"810\">Mati\u00e8re PU durable :<\/strong>Le cuir PU de haute qualit\u00e9 a \u00e9t\u00e9 utilis\u00e9 pour obtenir \u00e0 la fois une durabilit\u00e9 et une finition douce.<\/p>\n<\/li>\n<li data-start=\"903\" data-end=\"1026\">\n<p data-start=\"906\" data-end=\"1026\"><strong data-start=\"906\" data-end=\"926\">Polyester Doublure :<\/strong>Une doublure en polyester lisse a \u00e9t\u00e9 appliqu\u00e9e pour une protection suppl\u00e9mentaire des effets personnels.<\/p>\n<\/li>\n<li data-start=\"1028\" data-end=\"1144\">\n<p data-start=\"1031\" data-end=\"1144\"><strong data-start=\"1031\" data-end=\"1049\">Fermeture \u00e0 glissi\u00e8re :<\/strong>Une fermeture \u00e0 glissi\u00e8re s\u00e9curis\u00e9e a \u00e9t\u00e9 install\u00e9e pour assurer une ouverture facile et un stockage fiable.<\/p>\n<\/li>\n<li data-start=\"1146\" data-end=\"1280\">\n<p data-start=\"1149\" data-end=\"1280\"><strong data-start=\"1149\" data-end=\"1178\">L\u00e9ger et confortable :<\/strong>Une structure compacte et une duret\u00e9 moyenne ont \u00e9t\u00e9 pr\u00e9vues pour assurer le confort du portage quotidien.<\/p>\n<\/li>\n<li data-start=\"1282\" data-end=\"1404\">\n<p data-start=\"1285\" data-end=\"1404\"><strong data-start=\"1285\" data-end=\"1311\">Poche int\u00e9rieure \u00e0 fermeture \u00e9clair :<\/strong>Une poche int\u00e9rieure zipp\u00e9e a \u00e9t\u00e9 int\u00e9gr\u00e9e pour garder les petits objets organis\u00e9s et en s\u00e9curit\u00e9.<\/p>\n<\/li>\n<li data-start=\"1406\" data-end=\"1539\">\n<p data-start=\"1409\" data-end=\"1539\"><strong data-start=\"1409\" data-end=\"1435\">Plusieurs options de couleurs :<\/strong>Quatre couleurs (Bourgogne, Caf\u00e9, Rose, Noir) ont \u00e9t\u00e9 propos\u00e9es pour r\u00e9pondre aux diff\u00e9rentes pr\u00e9f\u00e9rences de style.<\/p>\n<\/li>\n<li data-start=\"1541\" data-end=\"1656\">\n<p data-start=\"1544\" data-end=\"1656\"><strong data-start=\"1544\" data-end=\"1570\">ODM et OEM Disponibilit\u00e9 :<\/strong>Des services ODM et OEM ont \u00e9t\u00e9 mis en place pour une production et un marquage personnalis\u00e9s.<\/p>\n<\/li>\n<\/ol>\n<h2 data-start=\"1663\" data-end=\"1682\">Sp\u00e9cifications<\/h2>\n<div class=\"_tableContainer_1rjym_1\">\n<div class=\"group _tableWrapper_1rjym_13 flex w-fit flex-col-reverse\" tabindex=\"-1\">\n<table class=\"w-fit min-w-(--thread-content-width)\" data-start=\"1684\" data-end=\"2609\">\n<thead data-start=\"1684\" data-end=\"1739\">\n<tr data-start=\"1684\" data-end=\"1739\">\n<th data-start=\"1684\" data-end=\"1711\" data-col-size=\"sm\"><strong data-start=\"1686\" data-end=\"1699\">Param\u00e8tres<\/strong><\/th>\n<th data-start=\"1711\" data-end=\"1739\" data-col-size=\"sm\"><strong data-start=\"1713\" data-end=\"1724\">D\u00e9tails<\/strong><\/th>\n<\/tr>\n<\/thead>\n<tbody data-start=\"1797\" data-end=\"2609\">\n<tr data-start=\"1797\" data-end=\"1852\">\n<td data-start=\"1797\" data-end=\"1825\" data-col-size=\"sm\">Marque<\/td>\n<td data-start=\"1825\" data-end=\"1852\" data-col-size=\"sm\">RONEER<\/td>\n<\/tr>\n<tr data-start=\"1853\" data-end=\"1920\">\n<td data-start=\"1853\" data-end=\"1881\" data-col-size=\"sm\">Nom du produit<\/td>\n<td data-start=\"1881\" data-end=\"1920\" data-col-size=\"sm\">Sac \u00e0 baguette r\u00e9tro pour femmes<\/td>\n<\/tr>\n<tr data-start=\"1921\" data-end=\"1984\">\n<td data-start=\"1921\" data-end=\"1949\" data-col-size=\"sm\">Couleurs disponibles<\/td>\n<td data-start=\"1949\" data-end=\"1984\" data-col-size=\"sm\">Bourgogne, caf\u00e9, rose, noir<\/td>\n<\/tr>\n<tr data-start=\"1985\" data-end=\"2044\">\n<td data-start=\"1985\" data-end=\"2013\" data-col-size=\"sm\">Mat\u00e9riau<\/td>\n<td data-start=\"2013\" data-end=\"2044\" data-col-size=\"sm\">PU (cuir polyur\u00e9thane)<\/td>\n<\/tr>\n<tr data-start=\"2045\" data-end=\"2100\">\n<td data-start=\"2045\" data-end=\"2073\" data-col-size=\"sm\">Mat\u00e9riau de la doublure<\/td>\n<td data-start=\"2073\" data-end=\"2100\" data-col-size=\"sm\">Polyester<\/td>\n<\/tr>\n<tr data-start=\"2101\" data-end=\"2156\">\n<td data-start=\"2101\" data-end=\"2129\" data-col-size=\"sm\">Type de fermeture<\/td>\n<td data-start=\"2129\" data-end=\"2156\" data-col-size=\"sm\">Fermeture \u00e0 glissi\u00e8re<\/td>\n<\/tr>\n<tr data-start=\"2157\" data-end=\"2213\">\n<td data-start=\"2157\" data-end=\"2185\" data-col-size=\"sm\">Structure int\u00e9rieure<\/td>\n<td data-start=\"2185\" data-end=\"2213\" data-col-size=\"sm\">Poche zipp\u00e9e<\/td>\n<\/tr>\n<tr data-start=\"2214\" data-end=\"2269\">\n<td data-start=\"2214\" data-end=\"2242\" data-col-size=\"sm\">Duret\u00e9<\/td>\n<td data-start=\"2242\" data-end=\"2269\" data-col-size=\"sm\">Moyennement doux<\/td>\n<\/tr>\n<tr data-start=\"2270\" data-end=\"2325\">\n<td data-start=\"2270\" data-end=\"2298\" data-col-size=\"sm\">Couche interm\u00e9diaire<\/td>\n<td data-start=\"2298\" data-end=\"2325\" data-col-size=\"sm\">Aucun<\/td>\n<\/tr>\n<tr data-start=\"2326\" data-end=\"2381\">\n<td data-start=\"2326\" data-end=\"2354\" data-col-size=\"sm\">Dimensions (cm)<\/td>\n<td data-start=\"2354\" data-end=\"2381\" data-col-size=\"sm\">23 \u00d7 11 \u00d7 8.5<\/td>\n<\/tr>\n<tr data-start=\"2382\" data-end=\"2437\">\n<td data-start=\"2382\" data-end=\"2410\" data-col-size=\"sm\">Type de poche ext\u00e9rieure<\/td>\n<td data-start=\"2410\" data-end=\"2437\" data-col-size=\"sm\">Poche int\u00e9rieure plaqu\u00e9e<\/td>\n<\/tr>\n<tr data-start=\"2438\" data-end=\"2497\">\n<td data-start=\"2438\" data-end=\"2466\" data-col-size=\"sm\">Sc\u00e9narios appropri\u00e9s<\/td>\n<td data-start=\"2466\" data-end=\"2497\" data-col-size=\"sm\">Jumelage quotidien, Trajets domicile-travail<\/td>\n<\/tr>\n<tr data-start=\"2498\" data-end=\"2553\">\n<td data-start=\"2498\" data-end=\"2526\" data-col-size=\"sm\">Disponibilit\u00e9 des \u00e9chantillons<\/td>\n<td data-start=\"2526\" data-end=\"2553\" data-col-size=\"sm\">Oui<\/td>\n<\/tr>\n<tr data-start=\"2554\" data-end=\"2609\">\n<td data-start=\"2554\" data-end=\"2582\" data-col-size=\"sm\">MOQ<\/td>\n<td data-start=\"2582\" data-end=\"2609\" data-col-size=\"sm\">300 pi\u00e8ces<\/td>\n<\/tr>\n<\/tbody>\n<\/table>\n<\/div>\n<\/div>\n<h2 data-start=\"2616\" data-end=\"2633\">Applications<\/h2>\n<ul data-start=\"2634\" data-end=\"3062\">\n<li data-start=\"2634\" data-end=\"2724\">\n<p data-start=\"2636\" data-end=\"2724\">Le sac \u00e0 main est destin\u00e9 \u00e0 <strong data-start=\"2670\" data-end=\"2684\">port quotidien<\/strong> comme un accessoire \u00e0 la fois \u00e9l\u00e9gant et pratique.<\/p>\n<\/li>\n<li data-start=\"2725\" data-end=\"2832\">\n<p data-start=\"2727\" data-end=\"2832\">Il a \u00e9t\u00e9 utilis\u00e9 pour <strong data-start=\"2748\" data-end=\"2761\">trajet domicile-travail<\/strong>L'espace de rangement est suffisant pour les cl\u00e9s, le t\u00e9l\u00e9phone, le portefeuille et les petits produits de beaut\u00e9.<\/p>\n<\/li>\n<li data-start=\"2833\" data-end=\"2941\">\n<p data-start=\"2835\" data-end=\"2941\">La structure compacte a \u00e9t\u00e9 appr\u00e9ci\u00e9e pour <strong data-start=\"2882\" data-end=\"2900\">sorties d\u00e9contract\u00e9es<\/strong>Le syst\u00e8me d'\u00e9clairage de l'int\u00e9rieur de l'habitacle permet d'am\u00e9liorer le style et la commodit\u00e9 de l'habitacle.<\/p>\n<\/li>\n<li data-start=\"2942\" data-end=\"3062\">\n<p data-start=\"2944\" data-end=\"3062\">Le design r\u00e9tro a \u00e9t\u00e9 choisi pour <strong data-start=\"2983\" data-end=\"3016\">\u00e9v\u00e9nements et rassemblements li\u00e9s \u00e0 la mode<\/strong>Il s'harmonise aussi bien avec les tenues modernes qu'avec les tenues vintages.<\/p>\n<\/li>\n<\/ul>\n<p data-start=\"3069\" data-end=\"3275\">Si vous manifestez de l'int\u00e9r\u00eat pour cette <strong data-start=\"3098\" data-end=\"3142\">RONEER Sac \u00e0 baguette r\u00e9tro pour femmes<\/strong>Des \u00e9chantillons peuvent \u00eatre demand\u00e9s. <strong data-start=\"3170\" data-end=\"3206\">Les services ODM et OEM sont pris en charge<\/strong>Le syst\u00e8me de gestion de l'information permet de personnaliser les styles, les couleurs et l'image de marque pour les commandes en nombre.<\/p>","protected":false},"excerpt":{"rendered":"<p>Les <strong data-start=\"194\" data-end=\"231\">Sac \u00e0 baguette r\u00e9tro pour femmes<\/strong> par <strong data-start=\"235\" data-end=\"245\">RONEER<\/strong> a \u00e9t\u00e9 con\u00e7u comme un accessoire polyvalent qui convient aussi bien \u00e0 un usage d\u00e9contract\u00e9 qu'\u00e0 un usage quotidien. Avec son format compact mais pratique, ce sac \u00e0 main a \u00e9t\u00e9 cr\u00e9\u00e9 pour compl\u00e9ter les tenues quotidiennes tout en offrant suffisamment d'espace pour les articles essentiels. La silhouette \u00e9l\u00e9gante de la baguette a \u00e9t\u00e9 fabriqu\u00e9e en cuir PU doux au toucher et doubl\u00e9e de polyester r\u00e9sistant, garantissant \u00e0 la fois l'\u00e9l\u00e9gance et la facilit\u00e9 d'utilisation au quotidien.<\/p>","protected":false},"featured_media":2731,"comment_status":"open","ping_status":"closed","template":"","meta":{"site-sidebar-layout":"default","site-content-layout":"","ast-site-content-layout":"default","site-content-style":"default","site-sidebar-style":"default","ast-global-header-display":"","ast-banner-title-visibility":"","ast-main-header-display":"","ast-hfb-above-header-display":"","ast-hfb-below-header-display":"","ast-hfb-mobile-header-display":"","site-post-title":"","ast-breadcrumbs-content":"","ast-featured-img":"","footer-sml-layout":"","ast-disable-related-posts":"","theme-transparent-header-meta":"default","adv-header-id-meta":"","stick-header-meta":"","header-above-stick-meta":"","header-main-stick-meta":"","header-below-stick-meta":"","astra-migrate-meta-layouts":"set","ast-page-background-enabled":"default","ast-page-background-meta":{"desktop":{"background-color":"var(--ast-global-color-5)","background-image":"","background-repeat":"repeat","background-position":"center center","background-size":"auto","background-attachment":"scroll","background-type":"","background-media":"","overlay-type":"","overlay-color":"","overlay-opacity":"","overlay-gradient":""},"tablet":{"background-color":"","background-image":"","background-repeat":"repeat","background-position":"center center","background-size":"auto","background-attachment":"scroll","background-type":"","background-media":"","overlay-type":"","overlay-color":"","overlay-opacity":"","overlay-gradient":""},"mobile":{"background-color":"","background-image":"","background-repeat":"repeat","background-position":"center center","background-size":"auto","background-attachment":"scroll","background-type":"","background-media":"","overlay-type":"","overlay-color":"","overlay-opacity":"","overlay-gradient":""}},"ast-content-background-meta":{"desktop":{"background-color":"var(--ast-global-color-4)","background-image":"","background-repeat":"repeat","background-position":"center center","background-size":"auto","background-attachment":"scroll","background-type":"","background-media":"","overlay-type":"","overlay-color":"","overlay-opacity":"","overlay-gradient":""},"tablet":{"background-color":"var(--ast-global-color-4)","background-image":"","background-repeat":"repeat","background-position":"center center","background-size":"auto","background-attachment":"scroll","background-type":"","background-media":"","overlay-type":"","overlay-color":"","overlay-opacity":"","overlay-gradient":""},"mobile":{"background-color":"var(--ast-global-color-4)","background-image":"","background-repeat":"repeat","background-position":"center center","background-size":"auto","background-attachment":"scroll","background-type":"","background-media":"","overlay-type":"","overlay-color":"","overlay-opacity":"","overlay-gradient":""}}},"product_brand":[],"product_cat":[54,42],"product_tag":[],"class_list":{"0":"post-2730","1":"product","2":"type-product","3":"status-publish","4":"has-post-thumbnail","6":"product_cat-womens-bag","7":"product_cat-hand-bag","8":"desktop-align-left","9":"tablet-align-left","10":"mobile-align-left","12":"first","13":"instock","14":"shipping-taxable","15":"product-type-simple"},"_links":{"self":[{"href":"https:\/\/baijiabags.com\/fr\/wp-json\/wp\/v2\/product\/2730","targetHints":{"allow":["GET"]}}],"collection":[{"href":"https:\/\/baijiabags.com\/fr\/wp-json\/wp\/v2\/product"}],"about":[{"href":"https:\/\/baijiabags.com\/fr\/wp-json\/wp\/v2\/types\/product"}],"replies":[{"embeddable":true,"href":"https:\/\/baijiabags.com\/fr\/wp-json\/wp\/v2\/comments?post=2730"}],"wp:featuredmedia":[{"embeddable":true,"href":"https:\/\/baijiabags.com\/fr\/wp-json\/wp\/v2\/media\/2731"}],"wp:attachment":[{"href":"https:\/\/baijiabags.com\/fr\/wp-json\/wp\/v2\/media?parent=2730"}],"wp:term":[{"taxonomy":"product_brand","embeddable":true,"href":"https:\/\/baijiabags.com\/fr\/wp-json\/wp\/v2\/product_brand?post=2730"},{"taxonomy":"product_cat","embeddable":true,"href":"https:\/\/baijiabags.com\/fr\/wp-json\/wp\/v2\/product_cat?post=2730"},{"taxonomy":"product_tag","embeddable":true,"href":"https:\/\/baijiabags.com\/fr\/wp-json\/wp\/v2\/product_tag?post=2730"}],"curies":[{"name":"wp","href":"https:\/\/api.w.org\/{rel}","templated":true}]}}