{"id":2672,"date":"2025-09-29T08:10:08","date_gmt":"2025-09-29T08:10:08","guid":{"rendered":"https:\/\/baijiabags.com\/?post_type=product&#038;p=2672"},"modified":"2025-09-29T08:10:08","modified_gmt":"2025-09-29T08:10:08","slug":"custom-luxury-waterproof-smart-led-backpack-with-diy-dynamic-screen-advertising-bag","status":"publish","type":"product","link":"https:\/\/baijiabags.com\/fr\/produit\/custom-luxury-waterproof-smart-led-backpack-with-diy-dynamic-screen-advertising-bag\/","title":{"rendered":"Sac \u00e0 dos de luxe personnalis\u00e9, \u00e9tanche, \u00e0 LED intelligentes avec \u00e9cran dynamique DIY Sac publicitaire"},"content":{"rendered":"<h2 data-start=\"1290\" data-end=\"1306\">Caract\u00e9ristiques principales<\/h2>\n<ol data-start=\"1307\" data-end=\"1994\">\n<li data-start=\"1307\" data-end=\"1391\">\n<p data-start=\"1310\" data-end=\"1391\"><strong data-start=\"1310\" data-end=\"1333\">Mat\u00e9riau imperm\u00e9able<\/strong> - Assure une protection fiable contre la pluie et les \u00e9claboussures.<\/p>\n<\/li>\n<li data-start=\"1392\" data-end=\"1480\">\n<p data-start=\"1395\" data-end=\"1480\"><strong data-start=\"1395\" data-end=\"1417\">\u00c9cran LED dynamique<\/strong> - Affiche des images, du texte et des animations, enti\u00e8rement personnalisables.<\/p>\n<\/li>\n<li data-start=\"1481\" data-end=\"1560\">\n<p data-start=\"1484\" data-end=\"1560\"><strong data-start=\"1484\" data-end=\"1505\">Port de charge USB<\/strong> - Permet de recharger facilement les appareils \u00e9lectroniques.<\/p>\n<\/li>\n<li data-start=\"1561\" data-end=\"1640\">\n<p data-start=\"1564\" data-end=\"1640\"><strong data-start=\"1564\" data-end=\"1585\">Conception antivol<\/strong> - Compartiments cach\u00e9s et fermetures \u00e0 glissi\u00e8re s\u00e9curis\u00e9es pour la s\u00e9curit\u00e9.<\/p>\n<\/li>\n<li data-start=\"1641\" data-end=\"1721\">\n<p data-start=\"1644\" data-end=\"1721\"><strong data-start=\"1644\" data-end=\"1666\">Poign\u00e9es souples<\/strong> - Assure un portage confortable lors d'une utilisation prolong\u00e9e.<\/p>\n<\/li>\n<li data-start=\"1722\" data-end=\"1814\">\n<p data-start=\"1725\" data-end=\"1814\"><strong data-start=\"1725\" data-end=\"1747\">Design \u00e0 la mode<\/strong> - L'aspect moderne et \u00e9l\u00e9gant convient \u00e0 de multiples occasions.<\/p>\n<\/li>\n<li data-start=\"1815\" data-end=\"1892\">\n<p data-start=\"1818\" data-end=\"1892\"><strong data-start=\"1818\" data-end=\"1837\">Manchon d'ordinateur<\/strong> - Le compartiment interne rembourr\u00e9 permet de ranger les ordinateurs portables en toute s\u00e9curit\u00e9.<\/p>\n<\/li>\n<li data-start=\"1893\" data-end=\"1994\">\n<p data-start=\"1896\" data-end=\"1994\"><strong data-start=\"1896\" data-end=\"1920\">Utilisation multifonctionnelle<\/strong> - Parfait pour les activit\u00e9s de plein air, la vie quotidienne et la publicit\u00e9.<\/p>\n<\/li>\n<\/ol>\n<p><img fetchpriority=\"high\" decoding=\"async\" class=\"aligncenter wp-image-2677 size-full\" src=\"https:\/\/baijiabags.com\/wp-content\/uploads\/2025\/09\/1-6-16.png\" alt=\"Custom Luxury Waterproof Smart LED Backpack with DIY Dynamic Screen Advertising Bag\" width=\"800\" height=\"800\" srcset=\"https:\/\/baijiabags.com\/wp-content\/uploads\/2025\/09\/1-6-16.png 800w, https:\/\/baijiabags.com\/wp-content\/uploads\/2025\/09\/1-6-16-300x300.png 300w, https:\/\/baijiabags.com\/wp-content\/uploads\/2025\/09\/1-6-16-150x150.png 150w, https:\/\/baijiabags.com\/wp-content\/uploads\/2025\/09\/1-6-16-768x768.png 768w, https:\/\/baijiabags.com\/wp-content\/uploads\/2025\/09\/1-6-16-12x12.png 12w, https:\/\/baijiabags.com\/wp-content\/uploads\/2025\/09\/1-6-16-600x600.png 600w, https:\/\/baijiabags.com\/wp-content\/uploads\/2025\/09\/1-6-16-100x100.png 100w\" sizes=\"(max-width: 800px) 100vw, 800px\" \/><\/p>\n<h2 data-start=\"1996\" data-end=\"2014\">Sp\u00e9cifications<\/h2>\n<div class=\"_tableContainer_1rjym_1\">\n<div class=\"group _tableWrapper_1rjym_13 flex w-fit flex-col-reverse\" tabindex=\"-1\">\n<table class=\"w-fit min-w-(--thread-content-width)\" data-start=\"2016\" data-end=\"3325\">\n<thead data-start=\"2016\" data-end=\"2097\">\n<tr data-start=\"2016\" data-end=\"2097\">\n<th data-start=\"2016\" data-end=\"2045\" data-col-size=\"sm\">Param\u00e8tres<\/th>\n<th data-start=\"2045\" data-end=\"2097\" data-col-size=\"md\">Description<\/th>\n<\/tr>\n<\/thead>\n<tbody data-start=\"2180\" data-end=\"3325\">\n<tr data-start=\"2180\" data-end=\"2262\">\n<td data-start=\"2180\" data-end=\"2209\" data-col-size=\"sm\">Nom du produit<\/td>\n<td data-start=\"2209\" data-end=\"2262\" data-col-size=\"md\">Sac \u00e0 dos LED personnalis\u00e9<\/td>\n<\/tr>\n<tr data-start=\"2263\" data-end=\"2344\">\n<td data-start=\"2263\" data-end=\"2292\" data-col-size=\"sm\">Marque<\/td>\n<td data-start=\"2292\" data-end=\"2344\" data-col-size=\"md\">RONEER<\/td>\n<\/tr>\n<tr data-start=\"2345\" data-end=\"2426\">\n<td data-start=\"2345\" data-end=\"2374\" data-col-size=\"sm\">Mod\u00e8le<\/td>\n<td data-start=\"2374\" data-end=\"2426\" data-col-size=\"md\">AL-76<\/td>\n<\/tr>\n<tr data-start=\"2427\" data-end=\"2507\">\n<td data-start=\"2427\" data-end=\"2456\" data-col-size=\"sm\">Caract\u00e9ristiques<\/td>\n<td data-start=\"2456\" data-end=\"2507\" data-col-size=\"md\">\u00c9tanche, chargement par USB, antivol<\/td>\n<\/tr>\n<tr data-start=\"2508\" data-end=\"2589\">\n<td data-start=\"2508\" data-end=\"2537\" data-col-size=\"sm\">Type de sangle<\/td>\n<td data-start=\"2537\" data-end=\"2589\" data-col-size=\"md\">Poign\u00e9es souples<\/td>\n<\/tr>\n<tr data-start=\"2590\" data-end=\"2671\">\n<td data-start=\"2590\" data-end=\"2619\" data-col-size=\"sm\">Type de fermeture<\/td>\n<td data-start=\"2619\" data-end=\"2671\" data-col-size=\"md\">Fermeture \u00e0 glissi\u00e8re<\/td>\n<\/tr>\n<tr data-start=\"2672\" data-end=\"2753\">\n<td data-start=\"2672\" data-end=\"2701\" data-col-size=\"sm\">Style<\/td>\n<td data-start=\"2701\" data-end=\"2753\" data-col-size=\"md\">\u00c0 la mode<\/td>\n<\/tr>\n<tr data-start=\"2754\" data-end=\"2835\">\n<td data-start=\"2754\" data-end=\"2783\" data-col-size=\"sm\">Compartiments internes<\/td>\n<td data-start=\"2783\" data-end=\"2835\" data-col-size=\"md\">Manchon d'ordinateur<\/td>\n<\/tr>\n<tr data-start=\"2836\" data-end=\"2917\">\n<td data-start=\"2836\" data-end=\"2865\" data-col-size=\"sm\">Lieu d'origine<\/td>\n<td data-start=\"2865\" data-end=\"2917\" data-col-size=\"md\">Guangdong, Chine<\/td>\n<\/tr>\n<tr data-start=\"2918\" data-end=\"2999\">\n<td data-start=\"2918\" data-end=\"2947\" data-col-size=\"sm\">Tension<\/td>\n<td data-start=\"2947\" data-end=\"2999\" data-col-size=\"md\">5V \/ 2A<\/td>\n<\/tr>\n<tr data-start=\"3000\" data-end=\"3080\">\n<td data-start=\"3000\" data-end=\"3029\" data-col-size=\"sm\">Couleur<\/td>\n<td data-start=\"3029\" data-end=\"3080\" data-col-size=\"md\">Personnalisable<\/td>\n<\/tr>\n<tr data-start=\"3081\" data-end=\"3162\">\n<td data-start=\"3081\" data-end=\"3110\" data-col-size=\"sm\">Disponibilit\u00e9 des \u00e9chantillons<\/td>\n<td data-start=\"3110\" data-end=\"3162\" data-col-size=\"md\">Oui<\/td>\n<\/tr>\n<tr data-start=\"3163\" data-end=\"3244\">\n<td data-start=\"3163\" data-end=\"3192\" data-col-size=\"sm\">Quantit\u00e9 minimale de commande<\/td>\n<td data-start=\"3192\" data-end=\"3244\" data-col-size=\"md\">300<\/td>\n<\/tr>\n<tr data-start=\"3245\" data-end=\"3325\">\n<td data-start=\"3245\" data-end=\"3274\" data-col-size=\"sm\">Application<\/td>\n<td data-start=\"3274\" data-end=\"3325\" data-col-size=\"md\">Activit\u00e9s de plein air, Vie quotidienne, Publicit\u00e9<\/td>\n<\/tr>\n<\/tbody>\n<\/table>\n<\/div>\n<\/div>\n<h2 data-start=\"3327\" data-end=\"3343\">Applications<\/h2>\n<ul data-start=\"3344\" data-end=\"3557\">\n<li data-start=\"3344\" data-end=\"3400\">\n<p data-start=\"3346\" data-end=\"3400\">Aventures en plein air telles que la randonn\u00e9e, le v\u00e9lo ou les voyages<\/p>\n<\/li>\n<li data-start=\"3401\" data-end=\"3433\">\n<p data-start=\"3403\" data-end=\"3433\">Trajets quotidiens ou utilisation urbaine<\/p>\n<\/li>\n<li data-start=\"3434\" data-end=\"3499\">\n<p data-start=\"3436\" data-end=\"3499\">Campagnes promotionnelles ou publicitaires avec un contenu LED dynamique<\/p>\n<\/li>\n<li data-start=\"3500\" data-end=\"3557\">\n<p data-start=\"3502\" data-end=\"3557\">\u00c9v\u00e9nements ou expositions n\u00e9cessitant un marquage personnalis\u00e9<\/p>\n<\/li>\n<\/ul>\n<p data-start=\"3559\" data-end=\"3781\">Si vous \u00eates int\u00e9ress\u00e9 par ce sac \u00e0 dos, veuillez nous contacter pour demander un \u00e9chantillon. <strong data-start=\"3638\" data-end=\"3674\">Les services ODM et OEM sont disponibles<\/strong>permettant une personnalisation compl\u00e8te du design et de la fonctionnalit\u00e9 des LED afin de r\u00e9pondre aux besoins uniques de votre marque.<\/p>","protected":false},"excerpt":{"rendered":"<p>Les <strong data-start=\"177\" data-end=\"231\">RONEER Custom Luxury Waterproof Smart LED Backpack (Sac \u00e0 dos \u00e0 LED intelligentes)<\/strong> est con\u00e7u pour allier style, technologie et praticit\u00e9. Ce sac \u00e0 dos innovant est dot\u00e9 d'un \u00e9cran LED dynamique qui permet d'afficher des images, du texte ou des animations, ce qui le rend id\u00e9al pour la publicit\u00e9, l'expression personnelle ou la personnalisation. La durabilit\u00e9 et la fonctionnalit\u00e9 sont privil\u00e9gi\u00e9es gr\u00e2ce \u00e0 des mat\u00e9riaux r\u00e9sistants \u00e0 l'eau et \u00e0 des caract\u00e9ristiques de conception bien pens\u00e9es.<\/p>","protected":false},"featured_media":2673,"comment_status":"open","ping_status":"closed","template":"","meta":{"site-sidebar-layout":"default","site-content-layout":"","ast-site-content-layout":"default","site-content-style":"default","site-sidebar-style":"default","ast-global-header-display":"","ast-banner-title-visibility":"","ast-main-header-display":"","ast-hfb-above-header-display":"","ast-hfb-below-header-display":"","ast-hfb-mobile-header-display":"","site-post-title":"","ast-breadcrumbs-content":"","ast-featured-img":"","footer-sml-layout":"","ast-disable-related-posts":"","theme-transparent-header-meta":"default","adv-header-id-meta":"","stick-header-meta":"","header-above-stick-meta":"","header-main-stick-meta":"","header-below-stick-meta":"","astra-migrate-meta-layouts":"set","ast-page-background-enabled":"default","ast-page-background-meta":{"desktop":{"background-color":"var(--ast-global-color-5)","background-image":"","background-repeat":"repeat","background-position":"center center","background-size":"auto","background-attachment":"scroll","background-type":"","background-media":"","overlay-type":"","overlay-color":"","overlay-opacity":"","overlay-gradient":""},"tablet":{"background-color":"","background-image":"","background-repeat":"repeat","background-position":"center center","background-size":"auto","background-attachment":"scroll","background-type":"","background-media":"","overlay-type":"","overlay-color":"","overlay-opacity":"","overlay-gradient":""},"mobile":{"background-color":"","background-image":"","background-repeat":"repeat","background-position":"center center","background-size":"auto","background-attachment":"scroll","background-type":"","background-media":"","overlay-type":"","overlay-color":"","overlay-opacity":"","overlay-gradient":""}},"ast-content-background-meta":{"desktop":{"background-color":"var(--ast-global-color-4)","background-image":"","background-repeat":"repeat","background-position":"center center","background-size":"auto","background-attachment":"scroll","background-type":"","background-media":"","overlay-type":"","overlay-color":"","overlay-opacity":"","overlay-gradient":""},"tablet":{"background-color":"var(--ast-global-color-4)","background-image":"","background-repeat":"repeat","background-position":"center center","background-size":"auto","background-attachment":"scroll","background-type":"","background-media":"","overlay-type":"","overlay-color":"","overlay-opacity":"","overlay-gradient":""},"mobile":{"background-color":"var(--ast-global-color-4)","background-image":"","background-repeat":"repeat","background-position":"center center","background-size":"auto","background-attachment":"scroll","background-type":"","background-media":"","overlay-type":"","overlay-color":"","overlay-opacity":"","overlay-gradient":""}}},"product_brand":[],"product_cat":[21],"product_tag":[],"class_list":{"0":"post-2672","1":"product","2":"type-product","3":"status-publish","4":"has-post-thumbnail","6":"product_cat-backpack","7":"desktop-align-left","8":"tablet-align-left","9":"mobile-align-left","11":"first","12":"instock","13":"shipping-taxable","14":"product-type-simple"},"_links":{"self":[{"href":"https:\/\/baijiabags.com\/fr\/wp-json\/wp\/v2\/product\/2672","targetHints":{"allow":["GET"]}}],"collection":[{"href":"https:\/\/baijiabags.com\/fr\/wp-json\/wp\/v2\/product"}],"about":[{"href":"https:\/\/baijiabags.com\/fr\/wp-json\/wp\/v2\/types\/product"}],"replies":[{"embeddable":true,"href":"https:\/\/baijiabags.com\/fr\/wp-json\/wp\/v2\/comments?post=2672"}],"wp:featuredmedia":[{"embeddable":true,"href":"https:\/\/baijiabags.com\/fr\/wp-json\/wp\/v2\/media\/2673"}],"wp:attachment":[{"href":"https:\/\/baijiabags.com\/fr\/wp-json\/wp\/v2\/media?parent=2672"}],"wp:term":[{"taxonomy":"product_brand","embeddable":true,"href":"https:\/\/baijiabags.com\/fr\/wp-json\/wp\/v2\/product_brand?post=2672"},{"taxonomy":"product_cat","embeddable":true,"href":"https:\/\/baijiabags.com\/fr\/wp-json\/wp\/v2\/product_cat?post=2672"},{"taxonomy":"product_tag","embeddable":true,"href":"https:\/\/baijiabags.com\/fr\/wp-json\/wp\/v2\/product_tag?post=2672"}],"curies":[{"name":"wp","href":"https:\/\/api.w.org\/{rel}","templated":true}]}}