{"id":2571,"date":"2025-09-27T03:39:07","date_gmt":"2025-09-27T03:39:07","guid":{"rendered":"https:\/\/baijiabags.com\/?post_type=product&#038;p=2571"},"modified":"2025-11-01T01:21:57","modified_gmt":"2025-11-01T01:21:57","slug":"wholesale-genuine-leather-womens-tote-bag-custom-shoulder-handbag-waterproof-office-use","status":"publish","type":"product","link":"https:\/\/baijiabags.com\/fr\/produit\/wholesale-genuine-leather-womens-tote-bag-custom-shoulder-handbag-waterproof-office-use\/","title":{"rendered":"Wholesale Genuine Leather Womens Tote Bag Custom Shoulder Handbag Waterproof Office Use"},"content":{"rendered":"<h2 data-start=\"725\" data-end=\"742\">Caract\u00e9ristiques principales<\/h2>\n<ol data-start=\"743\" data-end=\"1803\">\n<li data-start=\"743\" data-end=\"883\">\n<p data-start=\"746\" data-end=\"883\"><strong data-start=\"746\" data-end=\"778\">Construction en cuir de premi\u00e8re qualit\u00e9<\/strong> - Le cuir v\u00e9ritable de haute qualit\u00e9 a \u00e9t\u00e9 utilis\u00e9 pour garantir la solidit\u00e9, la durabilit\u00e9 et l'aspect raffin\u00e9.<\/p>\n<\/li>\n<li data-start=\"884\" data-end=\"1021\">\n<p data-start=\"887\" data-end=\"1021\"><strong data-start=\"887\" data-end=\"912\">Protection imperm\u00e9able<\/strong> - La surface a \u00e9t\u00e9 trait\u00e9e pour r\u00e9sister \u00e0 l'eau, ce qui permet de conserver les effets personnels en toute s\u00e9curit\u00e9, quelles que soient les conditions.<\/p>\n<\/li>\n<li data-start=\"1022\" data-end=\"1196\">\n<p data-start=\"1025\" data-end=\"1196\"><strong data-start=\"1025\" data-end=\"1046\">Int\u00e9rieur spacieux<\/strong> - Un compartiment principal a \u00e9t\u00e9 inclus avec de multiples poches internes pour accueillir les \u00e9l\u00e9ments essentiels tels qu'un iPad, des documents A4, des produits de beaut\u00e9, etc.<\/p>\n<\/li>\n<li data-start=\"1197\" data-end=\"1288\">\n<p data-start=\"1200\" data-end=\"1288\"><strong data-start=\"1200\" data-end=\"1224\">Options personnalisables<\/strong> - Les couleurs peuvent \u00eatre personnalis\u00e9es pour r\u00e9pondre \u00e0 diverses pr\u00e9f\u00e9rences de style.<\/p>\n<\/li>\n<li data-start=\"1289\" data-end=\"1410\">\n<p data-start=\"1292\" data-end=\"1410\"><strong data-start=\"1292\" data-end=\"1322\">M\u00e9thodes de transport polyvalentes<\/strong> - Le fourre-tout a \u00e9t\u00e9 con\u00e7u pour \u00eatre port\u00e9 \u00e0 la main ou en bandouli\u00e8re pour plus de souplesse.<\/p>\n<\/li>\n<li data-start=\"1411\" data-end=\"1533\">\n<p data-start=\"1414\" data-end=\"1533\"><strong data-start=\"1414\" data-end=\"1435\">Construction l\u00e9g\u00e8re<\/strong> - Avec un poids de seulement 0,64 kg, le sac est facile \u00e0 transporter tout au long de la journ\u00e9e sans contrainte suppl\u00e9mentaire.<\/p>\n<\/li>\n<li data-start=\"1534\" data-end=\"1663\">\n<p data-start=\"1537\" data-end=\"1663\"><strong data-start=\"1537\" data-end=\"1555\">Stockage s\u00e9curis\u00e9<\/strong> - Des poches zipp\u00e9es et des poches \u00e0 glissi\u00e8re ont \u00e9t\u00e9 am\u00e9nag\u00e9es pour permettre un rangement organis\u00e9 et s\u00fbr des petits objets de valeur.<\/p>\n<\/li>\n<li data-start=\"1664\" data-end=\"1803\">\n<p data-start=\"1667\" data-end=\"1803\"><strong data-start=\"1667\" data-end=\"1698\">Utilisation professionnelle et occasionnelle<\/strong> - Un style intemporel a \u00e9t\u00e9 incorpor\u00e9, ce qui fait que le sac convient aussi bien pour le travail que pour les loisirs.<\/p>\n<\/li>\n<\/ol>\n<h2 data-start=\"1805\" data-end=\"1824\">Sp\u00e9cifications<\/h2>\n<div class=\"_tableContainer_1rjym_1\">\n<div class=\"group _tableWrapper_1rjym_13 flex w-fit flex-col-reverse\" tabindex=\"-1\">\n<table class=\"w-fit min-w-(--thread-content-width)\" data-start=\"1826\" data-end=\"2374\">\n<thead data-start=\"1826\" data-end=\"1863\">\n<tr data-start=\"1826\" data-end=\"1863\">\n<th data-start=\"1826\" data-end=\"1846\" data-col-size=\"sm\"><strong data-start=\"1828\" data-end=\"1845\">Sp\u00e9cifications<\/strong><\/th>\n<th data-start=\"1846\" data-end=\"1863\" data-col-size=\"md\"><strong data-start=\"1848\" data-end=\"1859\">D\u00e9tails<\/strong><\/th>\n<\/tr>\n<\/thead>\n<tbody data-start=\"1902\" data-end=\"2374\">\n<tr data-start=\"1902\" data-end=\"1937\">\n<td data-start=\"1902\" data-end=\"1917\" data-col-size=\"sm\">Nom du produit<\/td>\n<td data-start=\"1917\" data-end=\"1937\" data-col-size=\"md\">Sac \u00e0 main pour dame<\/td>\n<\/tr>\n<tr data-start=\"1938\" data-end=\"1958\">\n<td data-start=\"1938\" data-end=\"1946\" data-col-size=\"sm\">Marque<\/td>\n<td data-start=\"1946\" data-end=\"1958\" data-col-size=\"md\">RONEER<\/td>\n<\/tr>\n<tr data-start=\"1959\" data-end=\"1980\">\n<td data-start=\"1959\" data-end=\"1967\" data-col-size=\"sm\">Mod\u00e8le<\/td>\n<td data-start=\"1967\" data-end=\"1980\" data-col-size=\"md\">GB-0434<\/td>\n<\/tr>\n<tr data-start=\"1981\" data-end=\"2012\">\n<td data-start=\"1981\" data-end=\"1990\" data-col-size=\"sm\">Origine<\/td>\n<td data-start=\"1990\" data-end=\"2012\" data-col-size=\"md\">Guangdong, Chine<\/td>\n<\/tr>\n<tr data-start=\"2013\" data-end=\"2041\">\n<td data-start=\"2013\" data-end=\"2021\" data-col-size=\"sm\">Style<\/td>\n<td data-start=\"2021\" data-end=\"2041\" data-col-size=\"md\">Mode, R\u00e9tro<\/td>\n<\/tr>\n<tr data-start=\"2042\" data-end=\"2074\">\n<td data-start=\"2042\" data-end=\"2053\" data-col-size=\"sm\">Mat\u00e9riau<\/td>\n<td data-start=\"2053\" data-end=\"2074\" data-col-size=\"md\">Cuir v\u00e9ritable<\/td>\n<\/tr>\n<tr data-start=\"2075\" data-end=\"2097\">\n<td data-start=\"2075\" data-end=\"2084\" data-col-size=\"sm\">Poids<\/td>\n<td data-start=\"2084\" data-end=\"2097\" data-col-size=\"md\">0,64 kg<\/td>\n<\/tr>\n<tr data-start=\"2098\" data-end=\"2124\">\n<td data-start=\"2098\" data-end=\"2106\" data-col-size=\"sm\">Couleur<\/td>\n<td data-start=\"2106\" data-end=\"2124\" data-col-size=\"md\">Personnalisable<\/td>\n<\/tr>\n<tr data-start=\"2125\" data-end=\"2192\">\n<td data-start=\"2125\" data-end=\"2140\" data-col-size=\"sm\">Compartiments<\/td>\n<td data-start=\"2140\" data-end=\"2192\" data-col-size=\"md\">Compartiment principal, 1 poche zipp\u00e9e, 2 poches \u00e0 glissi\u00e8re<\/td>\n<\/tr>\n<tr data-start=\"2193\" data-end=\"2240\">\n<td data-start=\"2193\" data-end=\"2212\" data-col-size=\"sm\">Options de portage<\/td>\n<td data-start=\"2212\" data-end=\"2240\" data-col-size=\"md\">Port\u00e9-crois\u00e9 \/ Port\u00e9-main<\/td>\n<\/tr>\n<tr data-start=\"2241\" data-end=\"2268\">\n<td data-start=\"2241\" data-end=\"2252\" data-col-size=\"sm\">Caract\u00e9ristiques<\/td>\n<td data-start=\"2252\" data-end=\"2268\" data-col-size=\"md\">Imperm\u00e9able \u00e0 l'eau<\/td>\n<\/tr>\n<tr data-start=\"2269\" data-end=\"2354\">\n<td data-start=\"2269\" data-end=\"2280\" data-col-size=\"sm\">Capacit\u00e9<\/td>\n<td data-start=\"2280\" data-end=\"2354\" data-col-size=\"md\">Permet de ranger un magazine A4, un iPad, un t\u00e9l\u00e9phone, un parapluie pliant, des produits de beaut\u00e9, etc.<\/td>\n<\/tr>\n<tr data-start=\"2355\" data-end=\"2374\">\n<td data-start=\"2355\" data-end=\"2361\" data-col-size=\"sm\">MOQ<\/td>\n<td data-start=\"2361\" data-end=\"2374\" data-col-size=\"md\">300 pi\u00e8ces<\/td>\n<\/tr>\n<\/tbody>\n<\/table>\n<\/div>\n<\/div>\n<h2 data-start=\"2376\" data-end=\"2393\">Applications<\/h2>\n<p data-start=\"2394\" data-end=\"2472\">Ce sac fourre-tout a \u00e9t\u00e9 con\u00e7u pour s'adapter \u00e0 un large \u00e9ventail d'utilisations, notamment :<\/p>\n<ul data-start=\"2474\" data-end=\"3011\">\n<li data-start=\"2474\" data-end=\"2572\">\n<p data-start=\"2476\" data-end=\"2572\"><strong data-start=\"2476\" data-end=\"2490\">Utilisation au bureau<\/strong> - Les documents, les tablettes et les objets indispensables au travail quotidien peuvent \u00eatre transport\u00e9s de mani\u00e8re pratique.<\/p>\n<\/li>\n<li data-start=\"2573\" data-end=\"2673\">\n<p data-start=\"2575\" data-end=\"2673\"><strong data-start=\"2575\" data-end=\"2592\">Sorties quotidiennes<\/strong> - Les objets personnels peuvent \u00eatre organis\u00e9s efficacement pour les achats ou les rencontres occasionnelles.<\/p>\n<\/li>\n<li data-start=\"2674\" data-end=\"2776\">\n<p data-start=\"2676\" data-end=\"2776\"><strong data-start=\"2676\" data-end=\"2686\">Voyage<\/strong> - Les objets compacts tels que les documents de voyage, les parapluies et le maquillage peuvent \u00eatre rang\u00e9s en toute s\u00e9curit\u00e9.<\/p>\n<\/li>\n<li data-start=\"2777\" data-end=\"2895\">\n<p data-start=\"2779\" data-end=\"2895\"><strong data-start=\"2779\" data-end=\"2800\">R\u00e9unions d'affaires<\/strong> - Un aspect professionnel a \u00e9t\u00e9 obtenu, ce qui rend le sac adapt\u00e9 aux environnements d'entreprise.<\/p>\n<\/li>\n<li data-start=\"2896\" data-end=\"3011\">\n<p data-start=\"2898\" data-end=\"3011\"><strong data-start=\"2898\" data-end=\"2920\">Activit\u00e9s du week-end<\/strong> - Sa conception polyvalente lui a permis de s'adapter aux environnements d\u00e9contract\u00e9s et semi-formels.<\/p>\n<\/li>\n<\/ul>\n<p data-start=\"3020\" data-end=\"3166\">Si vous \u00eates int\u00e9ress\u00e9 par ce sac \u00e0 main, veuillez nous contacter pour demander des \u00e9chantillons. <strong data-start=\"3097\" data-end=\"3119\">Services ODM et OEM<\/strong> sont fournis pour r\u00e9pondre \u00e0 des besoins sp\u00e9cifiques.<\/p>","protected":false},"excerpt":{"rendered":"<p>Un sac fourre-tout pour femmes a \u00e9t\u00e9 con\u00e7u par <strong data-start=\"333\" data-end=\"343\">RONEER<\/strong> en mettant l'accent sur le style, la durabilit\u00e9 et la praticit\u00e9. Le cuir v\u00e9ritable a \u00e9t\u00e9 choisi comme mat\u00e9riau principal pour garantir \u00e0 la fois l'\u00e9l\u00e9gance et une utilisation durable. Le sac fourre-tout a \u00e9t\u00e9 con\u00e7u avec des caract\u00e9ristiques imperm\u00e9ables, ce qui le rend tout \u00e0 fait adapt\u00e9 au bureau, aux voyages et \u00e0 l'usage quotidien. Avec un poids de seulement 0,64 kg, le sac a \u00e9t\u00e9 con\u00e7u pour \u00eatre \u00e0 la fois l\u00e9ger et fonctionnel.<\/p>","protected":false},"featured_media":2581,"comment_status":"open","ping_status":"closed","template":"","meta":{"site-sidebar-layout":"default","site-content-layout":"","ast-site-content-layout":"default","site-content-style":"default","site-sidebar-style":"default","ast-global-header-display":"","ast-banner-title-visibility":"","ast-main-header-display":"","ast-hfb-above-header-display":"","ast-hfb-below-header-display":"","ast-hfb-mobile-header-display":"","site-post-title":"","ast-breadcrumbs-content":"","ast-featured-img":"","footer-sml-layout":"","ast-disable-related-posts":"","theme-transparent-header-meta":"default","adv-header-id-meta":"","stick-header-meta":"","header-above-stick-meta":"","header-main-stick-meta":"","header-below-stick-meta":"","astra-migrate-meta-layouts":"set","ast-page-background-enabled":"default","ast-page-background-meta":{"desktop":{"background-color":"var(--ast-global-color-5)","background-image":"","background-repeat":"repeat","background-position":"center center","background-size":"auto","background-attachment":"scroll","background-type":"","background-media":"","overlay-type":"","overlay-color":"","overlay-opacity":"","overlay-gradient":""},"tablet":{"background-color":"","background-image":"","background-repeat":"repeat","background-position":"center center","background-size":"auto","background-attachment":"scroll","background-type":"","background-media":"","overlay-type":"","overlay-color":"","overlay-opacity":"","overlay-gradient":""},"mobile":{"background-color":"","background-image":"","background-repeat":"repeat","background-position":"center center","background-size":"auto","background-attachment":"scroll","background-type":"","background-media":"","overlay-type":"","overlay-color":"","overlay-opacity":"","overlay-gradient":""}},"ast-content-background-meta":{"desktop":{"background-color":"var(--ast-global-color-4)","background-image":"","background-repeat":"repeat","background-position":"center center","background-size":"auto","background-attachment":"scroll","background-type":"","background-media":"","overlay-type":"","overlay-color":"","overlay-opacity":"","overlay-gradient":""},"tablet":{"background-color":"var(--ast-global-color-4)","background-image":"","background-repeat":"repeat","background-position":"center center","background-size":"auto","background-attachment":"scroll","background-type":"","background-media":"","overlay-type":"","overlay-color":"","overlay-opacity":"","overlay-gradient":""},"mobile":{"background-color":"var(--ast-global-color-4)","background-image":"","background-repeat":"repeat","background-position":"center center","background-size":"auto","background-attachment":"scroll","background-type":"","background-media":"","overlay-type":"","overlay-color":"","overlay-opacity":"","overlay-gradient":""}}},"product_brand":[],"product_cat":[42,54],"product_tag":[],"class_list":{"0":"post-2571","1":"product","2":"type-product","3":"status-publish","4":"has-post-thumbnail","6":"product_cat-hand-bag","7":"product_cat-womens-bag","8":"desktop-align-left","9":"tablet-align-left","10":"mobile-align-left","12":"first","13":"instock","14":"shipping-taxable","15":"product-type-simple"},"_links":{"self":[{"href":"https:\/\/baijiabags.com\/fr\/wp-json\/wp\/v2\/product\/2571","targetHints":{"allow":["GET"]}}],"collection":[{"href":"https:\/\/baijiabags.com\/fr\/wp-json\/wp\/v2\/product"}],"about":[{"href":"https:\/\/baijiabags.com\/fr\/wp-json\/wp\/v2\/types\/product"}],"replies":[{"embeddable":true,"href":"https:\/\/baijiabags.com\/fr\/wp-json\/wp\/v2\/comments?post=2571"}],"wp:featuredmedia":[{"embeddable":true,"href":"https:\/\/baijiabags.com\/fr\/wp-json\/wp\/v2\/media\/2581"}],"wp:attachment":[{"href":"https:\/\/baijiabags.com\/fr\/wp-json\/wp\/v2\/media?parent=2571"}],"wp:term":[{"taxonomy":"product_brand","embeddable":true,"href":"https:\/\/baijiabags.com\/fr\/wp-json\/wp\/v2\/product_brand?post=2571"},{"taxonomy":"product_cat","embeddable":true,"href":"https:\/\/baijiabags.com\/fr\/wp-json\/wp\/v2\/product_cat?post=2571"},{"taxonomy":"product_tag","embeddable":true,"href":"https:\/\/baijiabags.com\/fr\/wp-json\/wp\/v2\/product_tag?post=2571"}],"curies":[{"name":"wp","href":"https:\/\/api.w.org\/{rel}","templated":true}]}}