{"id":2560,"date":"2025-09-27T03:31:55","date_gmt":"2025-09-27T03:31:55","guid":{"rendered":"https:\/\/baijiabags.com\/?post_type=product&#038;p=2560"},"modified":"2025-11-01T01:21:58","modified_gmt":"2025-11-01T01:21:58","slug":"factory-custom-vintage-pu-leather-womens-handbag-luxury-floral-designer-tote","status":"publish","type":"product","link":"https:\/\/baijiabags.com\/fr\/produit\/factory-custom-vintage-pu-leather-womens-handbag-luxury-floral-designer-tote\/","title":{"rendered":"Factory Custom Vintage PU Leather Womens Handbag Luxury Floral Designer Tote"},"content":{"rendered":"<h2 data-start=\"689\" data-end=\"706\">Caract\u00e9ristiques principales<\/h2>\n<ol data-start=\"708\" data-end=\"1616\">\n<li data-start=\"708\" data-end=\"815\">\n<p data-start=\"711\" data-end=\"815\"><strong data-start=\"711\" data-end=\"733\">Cuir PU de premi\u00e8re qualit\u00e9<\/strong> - Le mat\u00e9riau PU de haute qualit\u00e9 a \u00e9t\u00e9 choisi pour sa durabilit\u00e9 et sa facilit\u00e9 d'entretien.<\/p>\n<\/li>\n<li data-start=\"816\" data-end=\"917\">\n<p data-start=\"819\" data-end=\"917\"><strong data-start=\"819\" data-end=\"844\">Design floral vintage<\/strong> - Un motif floral a \u00e9t\u00e9 int\u00e9gr\u00e9 pour une esth\u00e9tique r\u00e9tro \u00e9l\u00e9gante.<\/p>\n<\/li>\n<li data-start=\"918\" data-end=\"1047\">\n<p data-start=\"921\" data-end=\"1047\"><strong data-start=\"921\" data-end=\"942\">Capacit\u00e9 spacieuse<\/strong> - Les articles tels que les magazines A4, les iPads, les t\u00e9l\u00e9phones, les parapluies, les produits cosm\u00e9tiques et les articles de premi\u00e8re n\u00e9cessit\u00e9 peuvent \u00eatre pris en charge.<\/p>\n<\/li>\n<li data-start=\"1048\" data-end=\"1184\">\n<p data-start=\"1051\" data-end=\"1184\"><strong data-start=\"1051\" data-end=\"1073\">Int\u00e9rieur organis\u00e9<\/strong> - Un compartiment principal, une poche int\u00e9rieure zipp\u00e9e et une pochette ont \u00e9t\u00e9 pr\u00e9vus pour am\u00e9liorer l'efficacit\u00e9 du rangement.<\/p>\n<\/li>\n<li data-start=\"1185\" data-end=\"1304\">\n<p data-start=\"1188\" data-end=\"1304\"><strong data-start=\"1188\" data-end=\"1213\">Structure l\u00e9g\u00e8re<\/strong> - Avec un poids de seulement 0,75 kg, le sac a \u00e9t\u00e9 con\u00e7u pour \u00eatre port\u00e9 confortablement tout au long de la journ\u00e9e.<\/p>\n<\/li>\n<li data-start=\"1305\" data-end=\"1413\">\n<p data-start=\"1308\" data-end=\"1413\"><strong data-start=\"1308\" data-end=\"1330\">Surface imperm\u00e9able<\/strong> - Une couche protectrice a \u00e9t\u00e9 ajout\u00e9e pour r\u00e9sister \u00e0 l'eau et aux taches lors d'une utilisation quotidienne.<\/p>\n<\/li>\n<li data-start=\"1414\" data-end=\"1507\">\n<p data-start=\"1417\" data-end=\"1507\"><strong data-start=\"1417\" data-end=\"1441\">Options personnalisables<\/strong> - Les couleurs peuvent \u00eatre personnalis\u00e9es pour correspondre \u00e0 la marque ou au style personnel.<\/p>\n<\/li>\n<li data-start=\"1508\" data-end=\"1616\">\n<p data-start=\"1511\" data-end=\"1616\"><strong data-start=\"1511\" data-end=\"1539\">Style de transport polyvalent<\/strong> - Pour plus de commodit\u00e9, des options de portage en bandouli\u00e8re et \u00e0 la main ont \u00e9t\u00e9 mises en place.<\/p>\n<\/li>\n<\/ol>\n<p><img fetchpriority=\"high\" decoding=\"async\" class=\"aligncenter wp-image-2569 size-full\" src=\"https:\/\/baijiabags.com\/wp-content\/uploads\/2025\/09\/1-31.png\" alt=\"\" width=\"750\" height=\"673\" srcset=\"https:\/\/baijiabags.com\/wp-content\/uploads\/2025\/09\/1-31.png 750w, https:\/\/baijiabags.com\/wp-content\/uploads\/2025\/09\/1-31-300x269.png 300w, https:\/\/baijiabags.com\/wp-content\/uploads\/2025\/09\/1-31-13x12.png 13w, https:\/\/baijiabags.com\/wp-content\/uploads\/2025\/09\/1-31-600x538.png 600w\" sizes=\"(max-width: 750px) 100vw, 750px\" \/><\/p>\n<h2 data-start=\"1623\" data-end=\"1642\">Sp\u00e9cifications<\/h2>\n<div class=\"_tableContainer_1rjym_1\">\n<div class=\"group _tableWrapper_1rjym_13 flex w-fit flex-col-reverse\" tabindex=\"-1\">\n<table class=\"w-fit min-w-(--thread-content-width)\" data-start=\"1644\" data-end=\"2811\">\n<thead data-start=\"1644\" data-end=\"1720\">\n<tr data-start=\"1644\" data-end=\"1720\">\n<th data-start=\"1644\" data-end=\"1666\" data-col-size=\"sm\"><strong data-start=\"1646\" data-end=\"1659\">Param\u00e8tres<\/strong><\/th>\n<th data-start=\"1666\" data-end=\"1720\" data-col-size=\"md\"><strong data-start=\"1668\" data-end=\"1683\">Description<\/strong><\/th>\n<\/tr>\n<\/thead>\n<tbody data-start=\"1799\" data-end=\"2811\">\n<tr data-start=\"1799\" data-end=\"1876\">\n<td data-start=\"1799\" data-end=\"1822\" data-col-size=\"sm\">Nom du produit<\/td>\n<td data-start=\"1822\" data-end=\"1876\" data-col-size=\"md\">Sac \u00e0 main pour dame<\/td>\n<\/tr>\n<tr data-start=\"1877\" data-end=\"1954\">\n<td data-start=\"1877\" data-end=\"1900\" data-col-size=\"sm\">Marque<\/td>\n<td data-start=\"1900\" data-end=\"1954\" data-col-size=\"md\">RONEER<\/td>\n<\/tr>\n<tr data-start=\"1955\" data-end=\"2032\">\n<td data-start=\"1955\" data-end=\"1978\" data-col-size=\"sm\">Num\u00e9ro de mod\u00e8le<\/td>\n<td data-start=\"1978\" data-end=\"2032\" data-col-size=\"md\">GB-0433<\/td>\n<\/tr>\n<tr data-start=\"2033\" data-end=\"2110\">\n<td data-start=\"2033\" data-end=\"2056\" data-col-size=\"sm\">Lieu d'origine<\/td>\n<td data-start=\"2056\" data-end=\"2110\" data-col-size=\"md\">Guangdong, Chine<\/td>\n<\/tr>\n<tr data-start=\"2111\" data-end=\"2188\">\n<td data-start=\"2111\" data-end=\"2134\" data-col-size=\"sm\">Style<\/td>\n<td data-start=\"2134\" data-end=\"2188\" data-col-size=\"md\">Mode, Vintage, Ethnique, Minimaliste<\/td>\n<\/tr>\n<tr data-start=\"2189\" data-end=\"2266\">\n<td data-start=\"2189\" data-end=\"2212\" data-col-size=\"sm\">Mat\u00e9riau principal<\/td>\n<td data-start=\"2212\" data-end=\"2266\" data-col-size=\"md\">Cuir PU<\/td>\n<\/tr>\n<tr data-start=\"2267\" data-end=\"2344\">\n<td data-start=\"2267\" data-end=\"2290\" data-col-size=\"sm\">Poids<\/td>\n<td data-start=\"2290\" data-end=\"2344\" data-col-size=\"md\">0,75 kg<\/td>\n<\/tr>\n<tr data-start=\"2345\" data-end=\"2422\">\n<td data-start=\"2345\" data-end=\"2368\" data-col-size=\"sm\">Int\u00e9rieur<\/td>\n<td data-start=\"2368\" data-end=\"2422\" data-col-size=\"md\">Compartiment principal, poche zipp\u00e9e, pochette \u00e0 glissi\u00e8re<\/td>\n<\/tr>\n<tr data-start=\"2423\" data-end=\"2500\">\n<td data-start=\"2423\" data-end=\"2446\" data-col-size=\"sm\">Couleur<\/td>\n<td data-start=\"2446\" data-end=\"2500\" data-col-size=\"md\">Personnalisable<\/td>\n<\/tr>\n<tr data-start=\"2501\" data-end=\"2578\">\n<td data-start=\"2501\" data-end=\"2524\" data-col-size=\"sm\">M\u00e9thode de portage<\/td>\n<td data-start=\"2524\" data-end=\"2578\" data-col-size=\"md\">Port\u00e9-crois\u00e9 \/ Port\u00e9-main<\/td>\n<\/tr>\n<tr data-start=\"2579\" data-end=\"2656\">\n<td data-start=\"2579\" data-end=\"2602\" data-col-size=\"sm\">Fonctionnalit\u00e9<\/td>\n<td data-start=\"2602\" data-end=\"2656\" data-col-size=\"md\">Imperm\u00e9able \u00e0 l'eau<\/td>\n<\/tr>\n<tr data-start=\"2657\" data-end=\"2733\">\n<td data-start=\"2657\" data-end=\"2680\" data-col-size=\"sm\">Capacit\u00e9<\/td>\n<td data-start=\"2680\" data-end=\"2733\" data-col-size=\"md\">Convient pour un magazine A4, un iPad, un t\u00e9l\u00e9phone, un parapluie, du maquillage<\/td>\n<\/tr>\n<tr data-start=\"2734\" data-end=\"2811\">\n<td data-start=\"2734\" data-end=\"2757\" data-col-size=\"sm\">MOQ<\/td>\n<td data-start=\"2757\" data-end=\"2811\" data-col-size=\"md\">300 pi\u00e8ces<\/td>\n<\/tr>\n<\/tbody>\n<\/table>\n<\/div>\n<\/div>\n<h2 data-start=\"2818\" data-end=\"2835\">Applications<\/h2>\n<ul data-start=\"2837\" data-end=\"3019\">\n<li data-start=\"2837\" data-end=\"2871\">\n<p data-start=\"2839\" data-end=\"2871\">Trajets quotidiens et utilisation du bureau<\/p>\n<\/li>\n<li data-start=\"2872\" data-end=\"2903\">\n<p data-start=\"2874\" data-end=\"2903\">Shopping et sorties d\u00e9contract\u00e9es<\/p>\n<\/li>\n<li data-start=\"2904\" data-end=\"2932\">\n<p data-start=\"2906\" data-end=\"2932\">Voyages et week-ends<\/p>\n<\/li>\n<li data-start=\"2933\" data-end=\"3019\">\n<p data-start=\"2935\" data-end=\"3019\">Convient aux jeunes femmes et aux utilisateurs d'\u00e2ge m\u00fbr qui pr\u00e9f\u00e8rent la mode vintage intemporelle.<\/p>\n<\/li>\n<\/ul>\n<p data-start=\"3026\" data-end=\"3185\">Si vous avez manifest\u00e9 de l'int\u00e9r\u00eat pour ce sac \u00e0 main, n'h\u00e9sitez pas \u00e0 nous contacter pour demander des \u00e9chantillons. <strong data-start=\"3121\" data-end=\"3157\">Les services ODM et OEM sont disponibles<\/strong> pour r\u00e9pondre \u00e0 des besoins personnalis\u00e9s.<\/p>","protected":false},"excerpt":{"rendered":"<p>Les <strong data-start=\"157\" data-end=\"210\">Sac \u00e0 main vintage en cuir PU pour femmes, fabriqu\u00e9 sur mesure par l'usine<\/strong> par <strong data-start=\"214\" data-end=\"224\">RONEER<\/strong> a \u00e9t\u00e9 soigneusement con\u00e7u pour allier mode et fonctionnalit\u00e9. Un luxueux motif floral a \u00e9t\u00e9 ajout\u00e9 pour souligner son charme vintage, tandis que le cuir PU r\u00e9sistant a \u00e9t\u00e9 s\u00e9lectionn\u00e9 pour offrir une finition durable. Avec sa structure l\u00e9g\u00e8re en <strong data-start=\"477\" data-end=\"488\">0,75 kg<\/strong>Ce sac \u00e0 main a \u00e9t\u00e9 con\u00e7u pour un usage quotidien et pour les voyages. Un design polyvalent a \u00e9t\u00e9 mis en place pour que le sac puisse \u00eatre port\u00e9 en bandouli\u00e8re ou \u00e0 la main, selon les pr\u00e9f\u00e9rences de l'utilisateur.<\/p>","protected":false},"featured_media":2561,"comment_status":"open","ping_status":"closed","template":"","meta":{"site-sidebar-layout":"default","site-content-layout":"","ast-site-content-layout":"default","site-content-style":"default","site-sidebar-style":"default","ast-global-header-display":"","ast-banner-title-visibility":"","ast-main-header-display":"","ast-hfb-above-header-display":"","ast-hfb-below-header-display":"","ast-hfb-mobile-header-display":"","site-post-title":"","ast-breadcrumbs-content":"","ast-featured-img":"","footer-sml-layout":"","ast-disable-related-posts":"","theme-transparent-header-meta":"default","adv-header-id-meta":"","stick-header-meta":"","header-above-stick-meta":"","header-main-stick-meta":"","header-below-stick-meta":"","astra-migrate-meta-layouts":"set","ast-page-background-enabled":"default","ast-page-background-meta":{"desktop":{"background-color":"var(--ast-global-color-5)","background-image":"","background-repeat":"repeat","background-position":"center center","background-size":"auto","background-attachment":"scroll","background-type":"","background-media":"","overlay-type":"","overlay-color":"","overlay-opacity":"","overlay-gradient":""},"tablet":{"background-color":"","background-image":"","background-repeat":"repeat","background-position":"center center","background-size":"auto","background-attachment":"scroll","background-type":"","background-media":"","overlay-type":"","overlay-color":"","overlay-opacity":"","overlay-gradient":""},"mobile":{"background-color":"","background-image":"","background-repeat":"repeat","background-position":"center center","background-size":"auto","background-attachment":"scroll","background-type":"","background-media":"","overlay-type":"","overlay-color":"","overlay-opacity":"","overlay-gradient":""}},"ast-content-background-meta":{"desktop":{"background-color":"var(--ast-global-color-4)","background-image":"","background-repeat":"repeat","background-position":"center center","background-size":"auto","background-attachment":"scroll","background-type":"","background-media":"","overlay-type":"","overlay-color":"","overlay-opacity":"","overlay-gradient":""},"tablet":{"background-color":"var(--ast-global-color-4)","background-image":"","background-repeat":"repeat","background-position":"center center","background-size":"auto","background-attachment":"scroll","background-type":"","background-media":"","overlay-type":"","overlay-color":"","overlay-opacity":"","overlay-gradient":""},"mobile":{"background-color":"var(--ast-global-color-4)","background-image":"","background-repeat":"repeat","background-position":"center center","background-size":"auto","background-attachment":"scroll","background-type":"","background-media":"","overlay-type":"","overlay-color":"","overlay-opacity":"","overlay-gradient":""}}},"product_brand":[],"product_cat":[42,54],"product_tag":[],"class_list":{"0":"post-2560","1":"product","2":"type-product","3":"status-publish","4":"has-post-thumbnail","6":"product_cat-hand-bag","7":"product_cat-womens-bag","8":"desktop-align-left","9":"tablet-align-left","10":"mobile-align-left","12":"first","13":"instock","14":"shipping-taxable","15":"product-type-simple"},"_links":{"self":[{"href":"https:\/\/baijiabags.com\/fr\/wp-json\/wp\/v2\/product\/2560","targetHints":{"allow":["GET"]}}],"collection":[{"href":"https:\/\/baijiabags.com\/fr\/wp-json\/wp\/v2\/product"}],"about":[{"href":"https:\/\/baijiabags.com\/fr\/wp-json\/wp\/v2\/types\/product"}],"replies":[{"embeddable":true,"href":"https:\/\/baijiabags.com\/fr\/wp-json\/wp\/v2\/comments?post=2560"}],"wp:featuredmedia":[{"embeddable":true,"href":"https:\/\/baijiabags.com\/fr\/wp-json\/wp\/v2\/media\/2561"}],"wp:attachment":[{"href":"https:\/\/baijiabags.com\/fr\/wp-json\/wp\/v2\/media?parent=2560"}],"wp:term":[{"taxonomy":"product_brand","embeddable":true,"href":"https:\/\/baijiabags.com\/fr\/wp-json\/wp\/v2\/product_brand?post=2560"},{"taxonomy":"product_cat","embeddable":true,"href":"https:\/\/baijiabags.com\/fr\/wp-json\/wp\/v2\/product_cat?post=2560"},{"taxonomy":"product_tag","embeddable":true,"href":"https:\/\/baijiabags.com\/fr\/wp-json\/wp\/v2\/product_tag?post=2560"}],"curies":[{"name":"wp","href":"https:\/\/api.w.org\/{rel}","templated":true}]}}