{"id":2337,"date":"2025-09-25T02:35:29","date_gmt":"2025-09-25T02:35:29","guid":{"rendered":"https:\/\/baijiabags.com\/?post_type=product&#038;p=2337"},"modified":"2025-11-01T01:24:32","modified_gmt":"2025-11-01T01:24:32","slug":"wholesale-mens-business-travel-shoulder-bag-premium-vintage-crossbody-bag","status":"publish","type":"product","link":"https:\/\/baijiabags.com\/fr\/produit\/wholesale-mens-business-travel-shoulder-bag-premium-vintage-crossbody-bag\/","title":{"rendered":"Wholesale Mens Business Travel Shoulder Bag Premium Vintage Crossbody Bag"},"content":{"rendered":"<h2 data-start=\"677\" data-end=\"694\">Caract\u00e9ristiques principales<\/h2>\n<ul data-start=\"696\" data-end=\"1607\">\n<li data-start=\"696\" data-end=\"821\">\n<p data-start=\"698\" data-end=\"821\"><strong data-start=\"698\" data-end=\"728\">Cuir pleine fleur de premi\u00e8re qualit\u00e9<\/strong>: Fabriqu\u00e9 \u00e0 partir d'une couche sup\u00e9rieure de cuir de vache, ce qui garantit une durabilit\u00e9 \u00e0 long terme et une texture riche.<\/p>\n<\/li>\n<li data-start=\"822\" data-end=\"945\">\n<p data-start=\"824\" data-end=\"945\"><strong data-start=\"824\" data-end=\"859\">Style europ\u00e9en-am\u00e9ricain vintage<\/strong>: Design r\u00e9tro compl\u00e9t\u00e9 par des d\u00e9tails cousus, refl\u00e9tant un savoir-faire raffin\u00e9.<\/p>\n<\/li>\n<li data-start=\"946\" data-end=\"1066\">\n<p data-start=\"948\" data-end=\"1066\"><strong data-start=\"948\" data-end=\"973\">Compartiments spacieux<\/strong>: Les multiples compartiments offrent un rangement organis\u00e9 pour les besoins quotidiens et les articles professionnels.<\/p>\n<\/li>\n<li data-start=\"1067\" data-end=\"1177\">\n<p data-start=\"1069\" data-end=\"1177\"><strong data-start=\"1069\" data-end=\"1094\">Conception r\u00e9sistante \u00e0 l'usure<\/strong>: Le cuir et les mat\u00e9riaux de quincaillerie sont s\u00e9lectionn\u00e9s pour r\u00e9sister aux rayures et \u00e0 l'usure quotidienne.<\/p>\n<\/li>\n<li data-start=\"1178\" data-end=\"1299\">\n<p data-start=\"1180\" data-end=\"1299\"><strong data-start=\"1180\" data-end=\"1212\">Sangle ajustable et confortable<\/strong>: La bandouli\u00e8re peut \u00eatre ajust\u00e9e pour un confort personnalis\u00e9 pendant les voyages ou les d\u00e9placements.<\/p>\n<\/li>\n<li data-start=\"1300\" data-end=\"1410\">\n<p data-start=\"1302\" data-end=\"1410\"><strong data-start=\"1302\" data-end=\"1328\">Stockage de dispositifs compacts<\/strong>: Le sac peut accueillir des tablettes ou des gadgets jusqu'\u00e0 8 pouces, ce qui permet de prot\u00e9ger les appareils \u00e9lectroniques.<\/p>\n<\/li>\n<li data-start=\"1411\" data-end=\"1503\">\n<p data-start=\"1413\" data-end=\"1503\"><strong data-start=\"1413\" data-end=\"1436\">Utilisation quotidienne polyvalente<\/strong>: Convient pour le bureau, les voyages, les sorties d\u00e9contract\u00e9es et les courses quotidiennes.<\/p>\n<\/li>\n<li data-start=\"1504\" data-end=\"1607\">\n<p data-start=\"1506\" data-end=\"1607\"><strong data-start=\"1506\" data-end=\"1529\">Disponibilit\u00e9 des \u00e9chantillons<\/strong>: Des \u00e9chantillons sont fournis et des services ODM et OEM sont propos\u00e9s pour les commandes personnalis\u00e9es.<\/p>\n<\/li>\n<\/ul>\n<p><img fetchpriority=\"high\" decoding=\"async\" class=\"aligncenter wp-image-2339 size-full\" src=\"https:\/\/baijiabags.com\/wp-content\/uploads\/2025\/09\/1-1-43.png\" alt=\"Wholesale Mens Business Travel Shoulder Bag Premium Vintage Crossbody Bag\" width=\"800\" height=\"800\" srcset=\"https:\/\/baijiabags.com\/wp-content\/uploads\/2025\/09\/1-1-43.png 800w, https:\/\/baijiabags.com\/wp-content\/uploads\/2025\/09\/1-1-43-300x300.png 300w, https:\/\/baijiabags.com\/wp-content\/uploads\/2025\/09\/1-1-43-150x150.png 150w, https:\/\/baijiabags.com\/wp-content\/uploads\/2025\/09\/1-1-43-768x768.png 768w, https:\/\/baijiabags.com\/wp-content\/uploads\/2025\/09\/1-1-43-12x12.png 12w, https:\/\/baijiabags.com\/wp-content\/uploads\/2025\/09\/1-1-43-600x600.png 600w, https:\/\/baijiabags.com\/wp-content\/uploads\/2025\/09\/1-1-43-100x100.png 100w\" sizes=\"(max-width: 800px) 100vw, 800px\" \/><\/p>\n<h2 data-start=\"1609\" data-end=\"1628\">Sp\u00e9cifications<\/h2>\n<div class=\"_tableContainer_1rjym_1\">\n<div class=\"group _tableWrapper_1rjym_13 flex w-fit flex-col-reverse\" tabindex=\"-1\">\n<table class=\"w-fit min-w-(--thread-content-width)\" data-start=\"1630\" data-end=\"2572\">\n<thead data-start=\"1630\" data-end=\"1696\">\n<tr data-start=\"1630\" data-end=\"1696\">\n<th data-start=\"1630\" data-end=\"1655\" data-col-size=\"sm\">Param\u00e8tres<\/th>\n<th data-start=\"1655\" data-end=\"1696\" data-col-size=\"sm\">D\u00e9tails<\/th>\n<\/tr>\n<\/thead>\n<tbody data-start=\"1764\" data-end=\"2572\">\n<tr data-start=\"1764\" data-end=\"1830\">\n<td data-start=\"1764\" data-end=\"1789\" data-col-size=\"sm\">Nom du produit<\/td>\n<td data-start=\"1789\" data-end=\"1830\" data-col-size=\"sm\">Sac \u00e0 bandouli\u00e8re<\/td>\n<\/tr>\n<tr data-start=\"1831\" data-end=\"1898\">\n<td data-start=\"1831\" data-end=\"1856\" data-col-size=\"sm\">Marque<\/td>\n<td data-start=\"1856\" data-end=\"1898\" data-col-size=\"sm\">RONEER<\/td>\n<\/tr>\n<tr data-start=\"1899\" data-end=\"1965\">\n<td data-start=\"1899\" data-end=\"1924\" data-col-size=\"sm\">Style<\/td>\n<td data-start=\"1924\" data-end=\"1965\" data-col-size=\"sm\">Vintage europ\u00e9en-am\u00e9ricain<\/td>\n<\/tr>\n<tr data-start=\"1966\" data-end=\"2032\">\n<td data-start=\"1966\" data-end=\"1991\" data-col-size=\"sm\">Mat\u00e9riau<\/td>\n<td data-start=\"1991\" data-end=\"2032\" data-col-size=\"sm\">Cuir pleine fleur<\/td>\n<\/tr>\n<tr data-start=\"2033\" data-end=\"2099\">\n<td data-start=\"2033\" data-end=\"2058\" data-col-size=\"sm\">Caract\u00e9ristique du cuir<\/td>\n<td data-start=\"2058\" data-end=\"2099\" data-col-size=\"sm\">Cuir de vachette de premi\u00e8re couche<\/td>\n<\/tr>\n<tr data-start=\"2100\" data-end=\"2166\">\n<td data-start=\"2100\" data-end=\"2125\" data-col-size=\"sm\">\u00c9l\u00e9ments d\u00e9coratifs<\/td>\n<td data-start=\"2125\" data-end=\"2166\" data-col-size=\"sm\">D\u00e9tails des coutures<\/td>\n<\/tr>\n<tr data-start=\"2167\" data-end=\"2234\">\n<td data-start=\"2167\" data-end=\"2192\" data-col-size=\"sm\">Couleur<\/td>\n<td data-start=\"2192\" data-end=\"2234\" data-col-size=\"sm\">Caf\u00e9<\/td>\n<\/tr>\n<tr data-start=\"2235\" data-end=\"2301\">\n<td data-start=\"2235\" data-end=\"2260\" data-col-size=\"sm\">Capacit\u00e9 de l'appareil<\/td>\n<td data-start=\"2260\" data-end=\"2301\" data-col-size=\"sm\">Jusqu'\u00e0 une tablette de 8 pouces<\/td>\n<\/tr>\n<tr data-start=\"2302\" data-end=\"2369\">\n<td data-start=\"2302\" data-end=\"2327\" data-col-size=\"sm\">Fonction<\/td>\n<td data-start=\"2327\" data-end=\"2369\" data-col-size=\"sm\">R\u00e9sistant \u00e0 l'usure<\/td>\n<\/tr>\n<tr data-start=\"2370\" data-end=\"2436\">\n<td data-start=\"2370\" data-end=\"2395\" data-col-size=\"sm\">Sc\u00e9nario d'application<\/td>\n<td data-start=\"2395\" data-end=\"2436\" data-col-size=\"sm\">Tenue quotidienne, Bureau, Voyage<\/td>\n<\/tr>\n<tr data-start=\"2437\" data-end=\"2504\">\n<td data-start=\"2437\" data-end=\"2462\" data-col-size=\"sm\">Disponibilit\u00e9 des \u00e9chantillons<\/td>\n<td data-start=\"2462\" data-end=\"2504\" data-col-size=\"sm\">Oui<\/td>\n<\/tr>\n<tr data-start=\"2505\" data-end=\"2572\">\n<td data-start=\"2505\" data-end=\"2530\" data-col-size=\"sm\">MOQ<\/td>\n<td data-start=\"2530\" data-end=\"2572\" data-col-size=\"sm\">300<\/td>\n<\/tr>\n<\/tbody>\n<\/table>\n<\/div>\n<\/div>\n<h2 data-start=\"2574\" data-end=\"2591\">Applications<\/h2>\n<ul data-start=\"2593\" data-end=\"2865\">\n<li data-start=\"2593\" data-end=\"2710\">\n<p data-start=\"2595\" data-end=\"2710\"><strong data-start=\"2595\" data-end=\"2618\">Bureau et entreprise<\/strong>: Id\u00e9al pour transporter les objets indispensables au travail quotidien tels que les tablettes, les ordinateurs portables et les objets personnels.<\/p>\n<\/li>\n<li data-start=\"2711\" data-end=\"2781\">\n<p data-start=\"2713\" data-end=\"2781\"><strong data-start=\"2713\" data-end=\"2726\">Utilisation quotidienne<\/strong>: Parfait pour les sorties d\u00e9contract\u00e9es, le shopping ou les trajets quotidiens.<\/p>\n<\/li>\n<li data-start=\"2782\" data-end=\"2865\">\n<p data-start=\"2784\" data-end=\"2865\"><strong data-start=\"2784\" data-end=\"2794\">Voyage<\/strong>: Convient pour les voyages de courte dur\u00e9e n\u00e9cessitant un sac compact et durable.<\/p>\n<\/li>\n<\/ul>\n<p data-start=\"2867\" data-end=\"3051\">Si vous \u00eates int\u00e9ress\u00e9 par ce sac \u00e0 bandouli\u00e8re RONEER, veuillez nous contacter pour demander un \u00e9chantillon. Les services ODM et OEM sont disponibles pour r\u00e9pondre \u00e0 vos besoins de marquage et de conception personnalis\u00e9s.<\/p>","protected":false},"excerpt":{"rendered":"<p>Les <strong data-start=\"135\" data-end=\"189\">RONEER Wholesale Mens Business Travel Shoulder Bag<\/strong> est con\u00e7u pour les professionnels modernes qui appr\u00e9cient le style et l'aspect pratique. Fabriqu\u00e9 en cuir pleine fleur de haute qualit\u00e9, ce sac \u00e0 bandouli\u00e8re d'inspiration vintage allie durabilit\u00e9 et esth\u00e9tique europ\u00e9enne-am\u00e9ricaine sophistiqu\u00e9e. Son design classique est rehauss\u00e9 de surpiq\u00fbres d\u00e9coratives, ce qui lui conf\u00e8re un aspect intemporel qui convient aussi bien \u00e0 un usage quotidien qu'\u00e0 des occasions professionnelles. Le sac est sp\u00e9cialement con\u00e7u pour accueillir des appareils jusqu'\u00e0 <strong data-start=\"599\" data-end=\"611\">8 pouces<\/strong>Il est donc id\u00e9al pour les tablettes compactes et les objets de tous les jours.<\/p>","protected":false},"featured_media":2340,"comment_status":"open","ping_status":"closed","template":"","meta":{"site-sidebar-layout":"default","site-content-layout":"","ast-site-content-layout":"default","site-content-style":"default","site-sidebar-style":"default","ast-global-header-display":"","ast-banner-title-visibility":"","ast-main-header-display":"","ast-hfb-above-header-display":"","ast-hfb-below-header-display":"","ast-hfb-mobile-header-display":"","site-post-title":"","ast-breadcrumbs-content":"","ast-featured-img":"","footer-sml-layout":"","ast-disable-related-posts":"","theme-transparent-header-meta":"default","adv-header-id-meta":"","stick-header-meta":"","header-above-stick-meta":"","header-main-stick-meta":"","header-below-stick-meta":"","astra-migrate-meta-layouts":"set","ast-page-background-enabled":"default","ast-page-background-meta":{"desktop":{"background-color":"var(--ast-global-color-5)","background-image":"","background-repeat":"repeat","background-position":"center center","background-size":"auto","background-attachment":"scroll","background-type":"","background-media":"","overlay-type":"","overlay-color":"","overlay-opacity":"","overlay-gradient":""},"tablet":{"background-color":"","background-image":"","background-repeat":"repeat","background-position":"center center","background-size":"auto","background-attachment":"scroll","background-type":"","background-media":"","overlay-type":"","overlay-color":"","overlay-opacity":"","overlay-gradient":""},"mobile":{"background-color":"","background-image":"","background-repeat":"repeat","background-position":"center center","background-size":"auto","background-attachment":"scroll","background-type":"","background-media":"","overlay-type":"","overlay-color":"","overlay-opacity":"","overlay-gradient":""}},"ast-content-background-meta":{"desktop":{"background-color":"var(--ast-global-color-4)","background-image":"","background-repeat":"repeat","background-position":"center center","background-size":"auto","background-attachment":"scroll","background-type":"","background-media":"","overlay-type":"","overlay-color":"","overlay-opacity":"","overlay-gradient":""},"tablet":{"background-color":"var(--ast-global-color-4)","background-image":"","background-repeat":"repeat","background-position":"center center","background-size":"auto","background-attachment":"scroll","background-type":"","background-media":"","overlay-type":"","overlay-color":"","overlay-opacity":"","overlay-gradient":""},"mobile":{"background-color":"var(--ast-global-color-4)","background-image":"","background-repeat":"repeat","background-position":"center center","background-size":"auto","background-attachment":"scroll","background-type":"","background-media":"","overlay-type":"","overlay-color":"","overlay-opacity":"","overlay-gradient":""}}},"product_brand":[],"product_cat":[39,53],"product_tag":[],"class_list":{"0":"post-2337","1":"product","2":"type-product","3":"status-publish","4":"has-post-thumbnail","6":"product_cat-crossbody-bag","7":"product_cat-mens-bag","8":"desktop-align-left","9":"tablet-align-left","10":"mobile-align-left","12":"first","13":"instock","14":"shipping-taxable","15":"product-type-simple"},"_links":{"self":[{"href":"https:\/\/baijiabags.com\/fr\/wp-json\/wp\/v2\/product\/2337","targetHints":{"allow":["GET"]}}],"collection":[{"href":"https:\/\/baijiabags.com\/fr\/wp-json\/wp\/v2\/product"}],"about":[{"href":"https:\/\/baijiabags.com\/fr\/wp-json\/wp\/v2\/types\/product"}],"replies":[{"embeddable":true,"href":"https:\/\/baijiabags.com\/fr\/wp-json\/wp\/v2\/comments?post=2337"}],"wp:featuredmedia":[{"embeddable":true,"href":"https:\/\/baijiabags.com\/fr\/wp-json\/wp\/v2\/media\/2340"}],"wp:attachment":[{"href":"https:\/\/baijiabags.com\/fr\/wp-json\/wp\/v2\/media?parent=2337"}],"wp:term":[{"taxonomy":"product_brand","embeddable":true,"href":"https:\/\/baijiabags.com\/fr\/wp-json\/wp\/v2\/product_brand?post=2337"},{"taxonomy":"product_cat","embeddable":true,"href":"https:\/\/baijiabags.com\/fr\/wp-json\/wp\/v2\/product_cat?post=2337"},{"taxonomy":"product_tag","embeddable":true,"href":"https:\/\/baijiabags.com\/fr\/wp-json\/wp\/v2\/product_tag?post=2337"}],"curies":[{"name":"wp","href":"https:\/\/api.w.org\/{rel}","templated":true}]}}