{"id":2295,"date":"2025-09-25T01:23:03","date_gmt":"2025-09-25T01:23:03","guid":{"rendered":"https:\/\/baijiabags.com\/?post_type=product&#038;p=2295"},"modified":"2025-09-25T01:28:25","modified_gmt":"2025-09-25T01:28:25","slug":"wholesale-genuine-leather-travel-duffle-bag-mens-vintage-top-layer-cowhide-large-capacity-gym-bag","status":"publish","type":"product","link":"https:\/\/baijiabags.com\/fr\/produit\/wholesale-genuine-leather-travel-duffle-bag-mens-vintage-top-layer-cowhide-large-capacity-gym-bag\/","title":{"rendered":"Wholesale Genuine Leather Travel Duffle Bag Mens Vintage Top Layer Cowhide Large Capacity Gym Bag"},"content":{"rendered":"<h2 data-start=\"714\" data-end=\"731\">Caract\u00e9ristiques principales<\/h2>\n<ol data-start=\"733\" data-end=\"1888\">\n<li data-start=\"733\" data-end=\"891\">\n<p data-start=\"736\" data-end=\"891\"><strong data-start=\"736\" data-end=\"764\">Mat\u00e9riau en cuir de premi\u00e8re qualit\u00e9 :<\/strong><br data-start=\"764\" data-end=\"767\" \/>Le sac a \u00e9t\u00e9 construit avec <strong data-start=\"804\" data-end=\"833\">Cuir de vachette v\u00e9ritable en couche sup\u00e9rieure<\/strong>La structure de l'emballage est en acier inoxydable, ce qui garantit la solidit\u00e9, la douceur et la durabilit\u00e9 \u00e0 long terme de l'emballage.<\/p>\n<\/li>\n<li data-start=\"893\" data-end=\"1049\">\n<p data-start=\"896\" data-end=\"1049\"><strong data-start=\"896\" data-end=\"914\">Grande capacit\u00e9 :<\/strong>Un int\u00e9rieur spacieux avec un <strong data-start=\"947\" data-end=\"966\">Capacit\u00e9 de 20 \u00e0 35 litres<\/strong> a \u00e9t\u00e9 pr\u00e9vue pour accueillir des v\u00eatements, des chaussures, des ordinateurs portables et des produits de premi\u00e8re n\u00e9cessit\u00e9.<\/p>\n<\/li>\n<li data-start=\"1051\" data-end=\"1204\">\n<p data-start=\"1054\" data-end=\"1204\"><strong data-start=\"1054\" data-end=\"1080\">Design classique et vintage :<\/strong>Un intemporel <strong data-start=\"1097\" data-end=\"1134\">Style r\u00e9tro europ\u00e9en et am\u00e9ricain<\/strong> a \u00e9t\u00e9 mis en valeur par des surpiq\u00fbres fines et une esth\u00e9tique minimaliste.<\/p>\n<\/li>\n<li data-start=\"1206\" data-end=\"1353\">\n<p data-start=\"1209\" data-end=\"1353\"><strong data-start=\"1209\" data-end=\"1241\">Durabilit\u00e9 et r\u00e9sistance \u00e0 l'usure :<\/strong>Un cuir solide associ\u00e9 \u00e0 des coutures renforc\u00e9es a \u00e9t\u00e9 utilis\u00e9 pour prolonger la dur\u00e9e de vie et r\u00e9sister aux rayures.<\/p>\n<\/li>\n<li data-start=\"1355\" data-end=\"1465\">\n<p data-start=\"1358\" data-end=\"1465\"><strong data-start=\"1358\" data-end=\"1378\">Utilisation multigenre :<\/strong>Le design a \u00e9t\u00e9 con\u00e7u pour \u00eatre <strong data-start=\"1419\" data-end=\"1429\">unisexe<\/strong>Les produits de cette cat\u00e9gorie conviennent aussi bien aux hommes qu'aux femmes.<\/p>\n<\/li>\n<li data-start=\"1467\" data-end=\"1605\">\n<p data-start=\"1470\" data-end=\"1605\"><strong data-start=\"1470\" data-end=\"1496\">Portabilit\u00e9 pratique :<\/strong>Des poign\u00e9es confortables et une bandouli\u00e8re amovible ont \u00e9t\u00e9 pr\u00e9vues pour permettre de multiples options de transport.<\/p>\n<\/li>\n<li data-start=\"1607\" data-end=\"1743\">\n<p data-start=\"1610\" data-end=\"1743\"><strong data-start=\"1610\" data-end=\"1627\">Options de couleur :<\/strong>Le sac a \u00e9t\u00e9 propos\u00e9 en <strong data-start=\"1661\" data-end=\"1670\">noir<\/strong> et <strong data-start=\"1675\" data-end=\"1690\">caf\u00e9 noir<\/strong>Il peut ainsi s'adapter \u00e0 diff\u00e9rents styles personnels.<\/p>\n<\/li>\n<li data-start=\"1745\" data-end=\"1888\">\n<p data-start=\"1748\" data-end=\"1888\"><strong data-start=\"1748\" data-end=\"1773\">Application pratique :<\/strong>Il a \u00e9t\u00e9 adapt\u00e9 pour <strong data-start=\"1802\" data-end=\"1885\">utilisation quotidienne, d\u00e9placements au bureau, s\u00e9ances de gymnastique, voyages de fin de semaine et objectifs professionnels<\/strong>.<\/p>\n<\/li>\n<\/ol>\n<h2 data-start=\"1895\" data-end=\"1914\">Sp\u00e9cifications<\/h2>\n<div class=\"_tableContainer_1rjym_1\">\n<div class=\"group _tableWrapper_1rjym_13 flex w-fit flex-col-reverse\" tabindex=\"-1\">\n<table class=\"w-fit min-w-(--thread-content-width)\" data-start=\"1916\" data-end=\"3138\">\n<thead data-start=\"1916\" data-end=\"1982\">\n<tr data-start=\"1916\" data-end=\"1982\">\n<th data-start=\"1916\" data-end=\"1941\" data-col-size=\"sm\"><strong data-start=\"1918\" data-end=\"1931\">Param\u00e8tres<\/strong><\/th>\n<th data-start=\"1941\" data-end=\"1982\" data-col-size=\"sm\"><strong data-start=\"1943\" data-end=\"1954\">D\u00e9tails<\/strong><\/th>\n<\/tr>\n<\/thead>\n<tbody data-start=\"2051\" data-end=\"3138\">\n<tr data-start=\"2051\" data-end=\"2118\">\n<td data-start=\"2051\" data-end=\"2077\" data-col-size=\"sm\">Marque<\/td>\n<td data-start=\"2077\" data-end=\"2118\" data-col-size=\"sm\">RONEER<\/td>\n<\/tr>\n<tr data-start=\"2119\" data-end=\"2186\">\n<td data-start=\"2119\" data-end=\"2145\" data-col-size=\"sm\">Nom du produit<\/td>\n<td data-start=\"2145\" data-end=\"2186\" data-col-size=\"sm\">Sac de voyage en cuir v\u00e9ritable<\/td>\n<\/tr>\n<tr data-start=\"2187\" data-end=\"2254\">\n<td data-start=\"2187\" data-end=\"2213\" data-col-size=\"sm\">Origine<\/td>\n<td data-start=\"2213\" data-end=\"2254\" data-col-size=\"sm\">Guangdong, Chine<\/td>\n<\/tr>\n<tr data-start=\"2255\" data-end=\"2322\">\n<td data-start=\"2255\" data-end=\"2281\" data-col-size=\"sm\">Capacit\u00e9<\/td>\n<td data-start=\"2281\" data-end=\"2322\" data-col-size=\"sm\">20-35L<\/td>\n<\/tr>\n<tr data-start=\"2323\" data-end=\"2390\">\n<td data-start=\"2323\" data-end=\"2349\" data-col-size=\"sm\">Mat\u00e9riau<\/td>\n<td data-start=\"2349\" data-end=\"2390\" data-col-size=\"sm\">Cuir v\u00e9ritable (couche sup\u00e9rieure de cuir de vache)<\/td>\n<\/tr>\n<tr data-start=\"2391\" data-end=\"2458\">\n<td data-start=\"2391\" data-end=\"2417\" data-col-size=\"sm\">Caract\u00e9ristique du cuir<\/td>\n<td data-start=\"2417\" data-end=\"2458\" data-col-size=\"sm\">Cuir de vache premi\u00e8re couche<\/td>\n<\/tr>\n<tr data-start=\"2459\" data-end=\"2526\">\n<td data-start=\"2459\" data-end=\"2485\" data-col-size=\"sm\">Genre<\/td>\n<td data-start=\"2485\" data-end=\"2526\" data-col-size=\"sm\">Unisexe<\/td>\n<\/tr>\n<tr data-start=\"2527\" data-end=\"2594\">\n<td data-start=\"2527\" data-end=\"2553\" data-col-size=\"sm\">Style<\/td>\n<td data-start=\"2553\" data-end=\"2594\" data-col-size=\"sm\">Vintage europ\u00e9en et am\u00e9ricain<\/td>\n<\/tr>\n<tr data-start=\"2595\" data-end=\"2662\">\n<td data-start=\"2595\" data-end=\"2621\" data-col-size=\"sm\">Mod\u00e8le<\/td>\n<td data-start=\"2621\" data-end=\"2662\" data-col-size=\"sm\">Couleur unie<\/td>\n<\/tr>\n<tr data-start=\"2663\" data-end=\"2730\">\n<td data-start=\"2663\" data-end=\"2689\" data-col-size=\"sm\">\u00c9l\u00e9ment de tendance<\/td>\n<td data-start=\"2689\" data-end=\"2730\" data-col-size=\"sm\">Coutures fines<\/td>\n<\/tr>\n<tr data-start=\"2731\" data-end=\"2798\">\n<td data-start=\"2731\" data-end=\"2757\" data-col-size=\"sm\">Couleurs<\/td>\n<td data-start=\"2757\" data-end=\"2798\" data-col-size=\"sm\">Noir, caf\u00e9 fonc\u00e9<\/td>\n<\/tr>\n<tr data-start=\"2799\" data-end=\"2866\">\n<td data-start=\"2799\" data-end=\"2825\" data-col-size=\"sm\">Dimensions<\/td>\n<td data-start=\"2825\" data-end=\"2866\" data-col-size=\"sm\">36cm \u00d7 22cm \u00d7 23cm<\/td>\n<\/tr>\n<tr data-start=\"2867\" data-end=\"2934\">\n<td data-start=\"2867\" data-end=\"2893\" data-col-size=\"sm\">Fonction<\/td>\n<td data-start=\"2893\" data-end=\"2934\" data-col-size=\"sm\">R\u00e9sistant \u00e0 l'usure, durable<\/td>\n<\/tr>\n<tr data-start=\"2935\" data-end=\"3002\">\n<td data-start=\"2935\" data-end=\"2961\" data-col-size=\"sm\">Sc\u00e9narios d'application<\/td>\n<td data-start=\"2961\" data-end=\"3002\" data-col-size=\"sm\">Voyage, bureau, gymnase, usage quotidien<\/td>\n<\/tr>\n<tr data-start=\"3003\" data-end=\"3070\">\n<td data-start=\"3003\" data-end=\"3029\" data-col-size=\"sm\">Disponibilit\u00e9 des \u00e9chantillons<\/td>\n<td data-start=\"3029\" data-end=\"3070\" data-col-size=\"sm\">Oui<\/td>\n<\/tr>\n<tr data-start=\"3071\" data-end=\"3138\">\n<td data-start=\"3071\" data-end=\"3097\" data-col-size=\"sm\">MOQ<\/td>\n<td data-start=\"3097\" data-end=\"3138\" data-col-size=\"sm\">300 pi\u00e8ces<\/td>\n<\/tr>\n<\/tbody>\n<\/table>\n<\/div>\n<\/div>\n<h2 data-start=\"3145\" data-end=\"3161\">Application<\/h2>\n<ul data-start=\"3163\" data-end=\"3660\">\n<li data-start=\"3163\" data-end=\"3279\">\n<p data-start=\"3165\" data-end=\"3279\"><strong data-start=\"3165\" data-end=\"3184\">Trajets quotidiens<\/strong> - Le sac a \u00e9t\u00e9 con\u00e7u comme un support fiable pour les ordinateurs portables, les documents et les objets personnels.<\/p>\n<\/li>\n<li data-start=\"3280\" data-end=\"3395\">\n<p data-start=\"3282\" data-end=\"3395\"><strong data-start=\"3282\" data-end=\"3300\">Voyages d'affaires<\/strong> - L'aspect professionnel et les fonctionnalit\u00e9s ont \u00e9t\u00e9 con\u00e7us pour les cadres et les voyageurs.<\/p>\n<\/li>\n<li data-start=\"3396\" data-end=\"3473\">\n<p data-start=\"3398\" data-end=\"3473\"><strong data-start=\"3398\" data-end=\"3415\">Gymnastique et fitness<\/strong> - Un espace a \u00e9t\u00e9 pr\u00e9vu pour ranger les v\u00eatements et le mat\u00e9riel d'entra\u00eenement.<\/p>\n<\/li>\n<li data-start=\"3474\" data-end=\"3563\">\n<p data-start=\"3476\" data-end=\"3563\"><strong data-start=\"3476\" data-end=\"3494\">Voyage de fin de semaine<\/strong> - La taille id\u00e9ale a \u00e9t\u00e9 con\u00e7ue pour les voyages courts et les sorties d\u00e9contract\u00e9es.<\/p>\n<\/li>\n<li data-start=\"3564\" data-end=\"3660\">\n<p data-start=\"3566\" data-end=\"3660\"><strong data-start=\"3566\" data-end=\"3588\">Activit\u00e9s de plein air<\/strong> - Sa robustesse est adapt\u00e9e aux aventures l\u00e9g\u00e8res en plein air.<\/p>\n<\/li>\n<\/ul>\n<p data-start=\"3667\" data-end=\"3846\">Si vous avez manifest\u00e9 de l'int\u00e9r\u00eat pour ce sac de sport en cuir, veuillez nous contacter pour demander un devis. <strong data-start=\"3753\" data-end=\"3763\">\u00e9chantillon<\/strong>. <strong data-start=\"3765\" data-end=\"3787\">Services ODM et OEM<\/strong> ont \u00e9t\u00e9 soutenus pour les marques personnalis\u00e9es et les commandes en gros.<\/p>","protected":false},"excerpt":{"rendered":"<p>Les <strong data-start=\"191\" data-end=\"238\">Sac de voyage en cuir v\u00e9ritable en gros<\/strong> a \u00e9t\u00e9 con\u00e7u avec un savoir-faire de qualit\u00e9 sup\u00e9rieure pour offrir \u00e0 la fois durabilit\u00e9 et style. Il est produit sous la marque <strong data-start=\"353\" data-end=\"363\">RONEER<\/strong> et a \u00e9t\u00e9 fabriqu\u00e9 \u00e0 partir de <strong data-start=\"390\" data-end=\"419\">cuir de vachette de premi\u00e8re couche<\/strong>. Avec une grande capacit\u00e9 allant de <strong data-start=\"456\" data-end=\"470\">20L \u00e0 35L<\/strong>Le sac a \u00e9t\u00e9 con\u00e7u pour convenir \u00e0 diverses occasions, y compris les voyages d'affaires, les s\u00e9ances d'entra\u00eenement et les voyages d\u00e9contract\u00e9s. Son style vintage europ\u00e9en et am\u00e9ricain est mis en valeur par des coutures nettes, une texture lisse et des accessoires solides.<\/p>","protected":false},"featured_media":2300,"comment_status":"open","ping_status":"closed","template":"","meta":{"site-sidebar-layout":"default","site-content-layout":"","ast-site-content-layout":"default","site-content-style":"default","site-sidebar-style":"default","ast-global-header-display":"","ast-banner-title-visibility":"","ast-main-header-display":"","ast-hfb-above-header-display":"","ast-hfb-below-header-display":"","ast-hfb-mobile-header-display":"","site-post-title":"","ast-breadcrumbs-content":"","ast-featured-img":"","footer-sml-layout":"","ast-disable-related-posts":"","theme-transparent-header-meta":"default","adv-header-id-meta":"","stick-header-meta":"","header-above-stick-meta":"","header-main-stick-meta":"","header-below-stick-meta":"","astra-migrate-meta-layouts":"set","ast-page-background-enabled":"default","ast-page-background-meta":{"desktop":{"background-color":"var(--ast-global-color-5)","background-image":"","background-repeat":"repeat","background-position":"center center","background-size":"auto","background-attachment":"scroll","background-type":"","background-media":"","overlay-type":"","overlay-color":"","overlay-opacity":"","overlay-gradient":""},"tablet":{"background-color":"","background-image":"","background-repeat":"repeat","background-position":"center center","background-size":"auto","background-attachment":"scroll","background-type":"","background-media":"","overlay-type":"","overlay-color":"","overlay-opacity":"","overlay-gradient":""},"mobile":{"background-color":"","background-image":"","background-repeat":"repeat","background-position":"center center","background-size":"auto","background-attachment":"scroll","background-type":"","background-media":"","overlay-type":"","overlay-color":"","overlay-opacity":"","overlay-gradient":""}},"ast-content-background-meta":{"desktop":{"background-color":"var(--ast-global-color-4)","background-image":"","background-repeat":"repeat","background-position":"center center","background-size":"auto","background-attachment":"scroll","background-type":"","background-media":"","overlay-type":"","overlay-color":"","overlay-opacity":"","overlay-gradient":""},"tablet":{"background-color":"var(--ast-global-color-4)","background-image":"","background-repeat":"repeat","background-position":"center center","background-size":"auto","background-attachment":"scroll","background-type":"","background-media":"","overlay-type":"","overlay-color":"","overlay-opacity":"","overlay-gradient":""},"mobile":{"background-color":"var(--ast-global-color-4)","background-image":"","background-repeat":"repeat","background-position":"center center","background-size":"auto","background-attachment":"scroll","background-type":"","background-media":"","overlay-type":"","overlay-color":"","overlay-opacity":"","overlay-gradient":""}}},"product_brand":[],"product_cat":[41],"product_tag":[],"class_list":{"0":"post-2295","1":"product","2":"type-product","3":"status-publish","4":"has-post-thumbnail","6":"product_cat-travel-bag","7":"desktop-align-left","8":"tablet-align-left","9":"mobile-align-left","11":"first","12":"instock","13":"shipping-taxable","14":"product-type-simple"},"_links":{"self":[{"href":"https:\/\/baijiabags.com\/fr\/wp-json\/wp\/v2\/product\/2295","targetHints":{"allow":["GET"]}}],"collection":[{"href":"https:\/\/baijiabags.com\/fr\/wp-json\/wp\/v2\/product"}],"about":[{"href":"https:\/\/baijiabags.com\/fr\/wp-json\/wp\/v2\/types\/product"}],"replies":[{"embeddable":true,"href":"https:\/\/baijiabags.com\/fr\/wp-json\/wp\/v2\/comments?post=2295"}],"wp:featuredmedia":[{"embeddable":true,"href":"https:\/\/baijiabags.com\/fr\/wp-json\/wp\/v2\/media\/2300"}],"wp:attachment":[{"href":"https:\/\/baijiabags.com\/fr\/wp-json\/wp\/v2\/media?parent=2295"}],"wp:term":[{"taxonomy":"product_brand","embeddable":true,"href":"https:\/\/baijiabags.com\/fr\/wp-json\/wp\/v2\/product_brand?post=2295"},{"taxonomy":"product_cat","embeddable":true,"href":"https:\/\/baijiabags.com\/fr\/wp-json\/wp\/v2\/product_cat?post=2295"},{"taxonomy":"product_tag","embeddable":true,"href":"https:\/\/baijiabags.com\/fr\/wp-json\/wp\/v2\/product_tag?post=2295"}],"curies":[{"name":"wp","href":"https:\/\/api.w.org\/{rel}","templated":true}]}}