{"id":2252,"date":"2025-09-23T07:27:58","date_gmt":"2025-09-23T07:27:58","guid":{"rendered":"https:\/\/baijiabags.com\/?post_type=product&#038;p=2252"},"modified":"2025-09-23T07:27:58","modified_gmt":"2025-09-23T07:27:58","slug":"wholesale-mens-genuine-leather-backpack-commuter-wide-strap-large-capacity-high-end-bag","status":"publish","type":"product","link":"https:\/\/baijiabags.com\/fr\/produit\/wholesale-mens-genuine-leather-backpack-commuter-wide-strap-large-capacity-high-end-bag\/","title":{"rendered":"Wholesale Mens Genuine Leather Backpack Commuter Wide Strap Large Capacity High End Bag"},"content":{"rendered":"<h2 data-start=\"574\" data-end=\"591\">Caract\u00e9ristiques principales<\/h2>\n<ol data-start=\"593\" data-end=\"1577\">\n<li data-start=\"593\" data-end=\"713\">\n<p data-start=\"596\" data-end=\"713\"><strong data-start=\"596\" data-end=\"623\">Cuir v\u00e9ritable de premi\u00e8re qualit\u00e9<\/strong> - Un cuir de haute qualit\u00e9 est utilis\u00e9 pour garantir la solidit\u00e9, la r\u00e9sistance \u00e0 l'usure et un aspect raffin\u00e9.<\/p>\n<\/li>\n<li data-start=\"714\" data-end=\"840\">\n<p data-start=\"717\" data-end=\"840\"><strong data-start=\"717\" data-end=\"739\">Support de sangle large<\/strong> - Des bretelles larges et incurv\u00e9es ont \u00e9t\u00e9 ajout\u00e9es pour r\u00e9partir le poids uniform\u00e9ment et assurer le confort des d\u00e9placements quotidiens.<\/p>\n<\/li>\n<li data-start=\"841\" data-end=\"971\">\n<p data-start=\"844\" data-end=\"971\"><strong data-start=\"844\" data-end=\"871\">Grande capacit\u00e9 (36-55L)<\/strong> - Le sac \u00e0 dos est con\u00e7u avec suffisamment d'espace pour accueillir les \u00e9l\u00e9ments essentiels pour les affaires et les loisirs.<\/p>\n<\/li>\n<li data-start=\"972\" data-end=\"1081\">\n<p data-start=\"975\" data-end=\"1081\"><strong data-start=\"975\" data-end=\"997\">Compartiment pour ordinateur portable<\/strong> - Les appareils jusqu'\u00e0 14 pouces sont log\u00e9s en toute s\u00e9curit\u00e9 dans le compartiment pr\u00e9vu \u00e0 cet effet.<\/p>\n<\/li>\n<li data-start=\"1082\" data-end=\"1179\">\n<p data-start=\"1085\" data-end=\"1179\"><strong data-start=\"1085\" data-end=\"1110\">Marque personnalisable<\/strong> - Des logos peuvent \u00eatre ajout\u00e9s sur demande pour r\u00e9pondre aux exigences des OEM ou ODM.<\/p>\n<\/li>\n<li data-start=\"1180\" data-end=\"1303\">\n<p data-start=\"1183\" data-end=\"1303\"><strong data-start=\"1183\" data-end=\"1207\">Design r\u00e9tro classique<\/strong> - Un style intemporel d'inspiration europ\u00e9enne est mis en \u0153uvre pour convenir aux environnements professionnels et d\u00e9contract\u00e9s.<\/p>\n<\/li>\n<li data-start=\"1304\" data-end=\"1435\">\n<p data-start=\"1307\" data-end=\"1435\"><strong data-start=\"1307\" data-end=\"1339\">Durabilit\u00e9 et fonctionnalit\u00e9<\/strong> - La surface en cuir est renforc\u00e9e pour r\u00e9sister aux rayures et \u00e0 l'usure, ce qui prolonge la dur\u00e9e de vie du produit.<\/p>\n<\/li>\n<li data-start=\"1436\" data-end=\"1577\">\n<p data-start=\"1439\" data-end=\"1577\"><strong data-start=\"1439\" data-end=\"1462\">Disponibilit\u00e9 des \u00e9chantillons<\/strong> - Des \u00e9chantillons sont propos\u00e9s aux clients pour les tester avant la production en s\u00e9rie, avec une quantit\u00e9 minimale de commande de 300 unit\u00e9s.<\/p>\n<\/li>\n<\/ol>\n<h2 data-start=\"1579\" data-end=\"1598\">Sp\u00e9cifications<\/h2>\n<div class=\"_tableContainer_1rjym_1\">\n<div class=\"group _tableWrapper_1rjym_13 flex w-fit flex-col-reverse\" tabindex=\"-1\">\n<table class=\"w-fit min-w-(--thread-content-width)\" data-start=\"1600\" data-end=\"2678\">\n<thead data-start=\"1600\" data-end=\"1658\">\n<tr data-start=\"1600\" data-end=\"1658\">\n<th data-start=\"1600\" data-end=\"1626\" data-col-size=\"sm\"><strong data-start=\"1602\" data-end=\"1615\">Param\u00e8tres<\/strong><\/th>\n<th data-start=\"1626\" data-end=\"1658\" data-col-size=\"sm\"><strong data-start=\"1628\" data-end=\"1643\">Description<\/strong><\/th>\n<\/tr>\n<\/thead>\n<tbody data-start=\"1719\" data-end=\"2678\">\n<tr data-start=\"1719\" data-end=\"1778\">\n<td data-start=\"1719\" data-end=\"1746\" data-col-size=\"sm\">Nom du produit<\/td>\n<td data-start=\"1746\" data-end=\"1778\" data-col-size=\"sm\">Sac \u00e0 dos<\/td>\n<\/tr>\n<tr data-start=\"1779\" data-end=\"1838\">\n<td data-start=\"1779\" data-end=\"1806\" data-col-size=\"sm\">Marque<\/td>\n<td data-start=\"1806\" data-end=\"1838\" data-col-size=\"sm\">RONEER<\/td>\n<\/tr>\n<tr data-start=\"1839\" data-end=\"1898\">\n<td data-start=\"1839\" data-end=\"1866\" data-col-size=\"sm\">Lieu d'origine<\/td>\n<td data-start=\"1866\" data-end=\"1898\" data-col-size=\"sm\">Guangdong, Chine<\/td>\n<\/tr>\n<tr data-start=\"1899\" data-end=\"1958\">\n<td data-start=\"1899\" data-end=\"1926\" data-col-size=\"sm\">Mat\u00e9riau<\/td>\n<td data-start=\"1926\" data-end=\"1958\" data-col-size=\"sm\">Cuir v\u00e9ritable<\/td>\n<\/tr>\n<tr data-start=\"1959\" data-end=\"2018\">\n<td data-start=\"1959\" data-end=\"1986\" data-col-size=\"sm\">Options de couleur<\/td>\n<td data-start=\"1986\" data-end=\"2018\" data-col-size=\"sm\">Caf\u00e9, Marron, Personnalisable<\/td>\n<\/tr>\n<tr data-start=\"2019\" data-end=\"2078\">\n<td data-start=\"2019\" data-end=\"2046\" data-col-size=\"sm\">Genre<\/td>\n<td data-start=\"2046\" data-end=\"2078\" data-col-size=\"sm\">Homme<\/td>\n<\/tr>\n<tr data-start=\"2079\" data-end=\"2138\">\n<td data-start=\"2079\" data-end=\"2106\" data-col-size=\"sm\">Capacit\u00e9<\/td>\n<td data-start=\"2106\" data-end=\"2138\" data-col-size=\"sm\">36-55L<\/td>\n<\/tr>\n<tr data-start=\"2139\" data-end=\"2198\">\n<td data-start=\"2139\" data-end=\"2166\" data-col-size=\"sm\">Compatibilit\u00e9 avec les ordinateurs portables<\/td>\n<td data-start=\"2166\" data-end=\"2198\" data-col-size=\"sm\">Jusqu'\u00e0 14 pouces<\/td>\n<\/tr>\n<tr data-start=\"2199\" data-end=\"2258\">\n<td data-start=\"2199\" data-end=\"2226\" data-col-size=\"sm\">Style<\/td>\n<td data-start=\"2226\" data-end=\"2258\" data-col-size=\"sm\">R\u00e9tro europ\u00e9en<\/td>\n<\/tr>\n<tr data-start=\"2259\" data-end=\"2318\">\n<td data-start=\"2259\" data-end=\"2286\" data-col-size=\"sm\">Syst\u00e8me de sangles<\/td>\n<td data-start=\"2286\" data-end=\"2318\" data-col-size=\"sm\">Bretelles larges et incurv\u00e9es<\/td>\n<\/tr>\n<tr data-start=\"2319\" data-end=\"2378\">\n<td data-start=\"2319\" data-end=\"2346\" data-col-size=\"sm\">Mod\u00e8le<\/td>\n<td data-start=\"2346\" data-end=\"2378\" data-col-size=\"sm\">Couleur unie<\/td>\n<\/tr>\n<tr data-start=\"2379\" data-end=\"2438\">\n<td data-start=\"2379\" data-end=\"2406\" data-col-size=\"sm\">Logo<\/td>\n<td data-start=\"2406\" data-end=\"2438\" data-col-size=\"sm\">Personnalisable<\/td>\n<\/tr>\n<tr data-start=\"2439\" data-end=\"2498\">\n<td data-start=\"2439\" data-end=\"2466\" data-col-size=\"sm\">Fonction<\/td>\n<td data-start=\"2466\" data-end=\"2498\" data-col-size=\"sm\">R\u00e9sistant \u00e0 l'usure<\/td>\n<\/tr>\n<tr data-start=\"2499\" data-end=\"2558\">\n<td data-start=\"2499\" data-end=\"2526\" data-col-size=\"sm\">Domaine d'application<\/td>\n<td data-start=\"2526\" data-end=\"2558\" data-col-size=\"sm\">Bureau, usage quotidien, voyage<\/td>\n<\/tr>\n<tr data-start=\"2559\" data-end=\"2618\">\n<td data-start=\"2559\" data-end=\"2586\" data-col-size=\"sm\">MOQ<\/td>\n<td data-start=\"2586\" data-end=\"2618\" data-col-size=\"sm\">300 pi\u00e8ces<\/td>\n<\/tr>\n<tr data-start=\"2619\" data-end=\"2678\">\n<td data-start=\"2619\" data-end=\"2646\" data-col-size=\"sm\">Disponibilit\u00e9 des \u00e9chantillons<\/td>\n<td data-start=\"2646\" data-end=\"2678\" data-col-size=\"sm\">Oui<\/td>\n<\/tr>\n<\/tbody>\n<\/table>\n<\/div>\n<\/div>\n<h2 data-start=\"2680\" data-end=\"2696\">Application<\/h2>\n<ul data-start=\"2698\" data-end=\"2934\">\n<li data-start=\"2698\" data-end=\"2733\">\n<p data-start=\"2700\" data-end=\"2733\">Largement utilis\u00e9 dans les d\u00e9placements professionnels<\/p>\n<\/li>\n<li data-start=\"2734\" data-end=\"2788\">\n<p data-start=\"2736\" data-end=\"2788\">Port\u00e9 lors de voyages d'agr\u00e9ment et d'activit\u00e9s quotidiennes<\/p>\n<\/li>\n<li data-start=\"2789\" data-end=\"2852\">\n<p data-start=\"2791\" data-end=\"2852\">Convient aux \u00e9tudiants, aux professionnels et aux hommes soucieux de leur style<\/p>\n<\/li>\n<li data-start=\"2853\" data-end=\"2934\">\n<p data-start=\"2855\" data-end=\"2934\">Con\u00e7u pour les clients qui appr\u00e9cient la durabilit\u00e9 combin\u00e9e \u00e0 une esth\u00e9tique haut de gamme<\/p>\n<\/li>\n<\/ul>\n<p data-start=\"2941\" data-end=\"3113\">Si vous \u00eates int\u00e9ress\u00e9 par ce sac \u00e0 dos, veuillez nous contacter pour obtenir des \u00e9chantillons. <strong data-start=\"3012\" data-end=\"3048\">Les services ODM et OEM sont disponibles<\/strong> pour r\u00e9pondre \u00e0 des exigences personnalis\u00e9es en mati\u00e8re de marque, de taille et de design.<\/p>","protected":false},"excerpt":{"rendered":"<p>Les <strong data-start=\"191\" data-end=\"235\">Sac \u00e0 dos en cuir v\u00e9ritable pour hommes en gros<\/strong> par <strong data-start=\"239\" data-end=\"249\">RONEER<\/strong> a \u00e9t\u00e9 fabriqu\u00e9 en cuir pleine fleur de premi\u00e8re qualit\u00e9 pour offrir durabilit\u00e9 et sophistication. Con\u00e7u dans un style convivial, le sac est dot\u00e9 de larges bretelles ergonomiques, d'une grande capacit\u00e9 de rangement et d'une esth\u00e9tique haut de gamme qui convient aussi bien au travail qu'aux voyages d\u00e9contract\u00e9s. Le sac \u00e0 dos a \u00e9t\u00e9 con\u00e7u dans un style r\u00e9tro europ\u00e9en et est disponible dans les tons caf\u00e9 et marron, avec possibilit\u00e9 de personnalisation des couleurs sur demande.<\/p>","protected":false},"featured_media":2255,"comment_status":"open","ping_status":"closed","template":"","meta":{"site-sidebar-layout":"default","site-content-layout":"","ast-site-content-layout":"default","site-content-style":"default","site-sidebar-style":"default","ast-global-header-display":"","ast-banner-title-visibility":"","ast-main-header-display":"","ast-hfb-above-header-display":"","ast-hfb-below-header-display":"","ast-hfb-mobile-header-display":"","site-post-title":"","ast-breadcrumbs-content":"","ast-featured-img":"","footer-sml-layout":"","ast-disable-related-posts":"","theme-transparent-header-meta":"default","adv-header-id-meta":"","stick-header-meta":"","header-above-stick-meta":"","header-main-stick-meta":"","header-below-stick-meta":"","astra-migrate-meta-layouts":"set","ast-page-background-enabled":"default","ast-page-background-meta":{"desktop":{"background-color":"var(--ast-global-color-5)","background-image":"","background-repeat":"repeat","background-position":"center center","background-size":"auto","background-attachment":"scroll","background-type":"","background-media":"","overlay-type":"","overlay-color":"","overlay-opacity":"","overlay-gradient":""},"tablet":{"background-color":"","background-image":"","background-repeat":"repeat","background-position":"center center","background-size":"auto","background-attachment":"scroll","background-type":"","background-media":"","overlay-type":"","overlay-color":"","overlay-opacity":"","overlay-gradient":""},"mobile":{"background-color":"","background-image":"","background-repeat":"repeat","background-position":"center center","background-size":"auto","background-attachment":"scroll","background-type":"","background-media":"","overlay-type":"","overlay-color":"","overlay-opacity":"","overlay-gradient":""}},"ast-content-background-meta":{"desktop":{"background-color":"var(--ast-global-color-4)","background-image":"","background-repeat":"repeat","background-position":"center center","background-size":"auto","background-attachment":"scroll","background-type":"","background-media":"","overlay-type":"","overlay-color":"","overlay-opacity":"","overlay-gradient":""},"tablet":{"background-color":"var(--ast-global-color-4)","background-image":"","background-repeat":"repeat","background-position":"center center","background-size":"auto","background-attachment":"scroll","background-type":"","background-media":"","overlay-type":"","overlay-color":"","overlay-opacity":"","overlay-gradient":""},"mobile":{"background-color":"var(--ast-global-color-4)","background-image":"","background-repeat":"repeat","background-position":"center center","background-size":"auto","background-attachment":"scroll","background-type":"","background-media":"","overlay-type":"","overlay-color":"","overlay-opacity":"","overlay-gradient":""}}},"product_brand":[],"product_cat":[21],"product_tag":[],"class_list":{"0":"post-2252","1":"product","2":"type-product","3":"status-publish","4":"has-post-thumbnail","6":"product_cat-backpack","7":"desktop-align-left","8":"tablet-align-left","9":"mobile-align-left","11":"first","12":"instock","13":"shipping-taxable","14":"product-type-simple"},"_links":{"self":[{"href":"https:\/\/baijiabags.com\/fr\/wp-json\/wp\/v2\/product\/2252","targetHints":{"allow":["GET"]}}],"collection":[{"href":"https:\/\/baijiabags.com\/fr\/wp-json\/wp\/v2\/product"}],"about":[{"href":"https:\/\/baijiabags.com\/fr\/wp-json\/wp\/v2\/types\/product"}],"replies":[{"embeddable":true,"href":"https:\/\/baijiabags.com\/fr\/wp-json\/wp\/v2\/comments?post=2252"}],"wp:featuredmedia":[{"embeddable":true,"href":"https:\/\/baijiabags.com\/fr\/wp-json\/wp\/v2\/media\/2255"}],"wp:attachment":[{"href":"https:\/\/baijiabags.com\/fr\/wp-json\/wp\/v2\/media?parent=2252"}],"wp:term":[{"taxonomy":"product_brand","embeddable":true,"href":"https:\/\/baijiabags.com\/fr\/wp-json\/wp\/v2\/product_brand?post=2252"},{"taxonomy":"product_cat","embeddable":true,"href":"https:\/\/baijiabags.com\/fr\/wp-json\/wp\/v2\/product_cat?post=2252"},{"taxonomy":"product_tag","embeddable":true,"href":"https:\/\/baijiabags.com\/fr\/wp-json\/wp\/v2\/product_tag?post=2252"}],"curies":[{"name":"wp","href":"https:\/\/api.w.org\/{rel}","templated":true}]}}