{"id":2140,"date":"2025-09-23T02:15:57","date_gmt":"2025-09-23T02:15:57","guid":{"rendered":"https:\/\/baijiabags.com\/?post_type=product&#038;p=2140"},"modified":"2025-11-01T01:24:32","modified_gmt":"2025-11-01T01:24:32","slug":"wholesale-top-layer-cowhide-mens-leather-shoulder-crossbody-bag-fashion-handbag-backpack","status":"publish","type":"product","link":"https:\/\/baijiabags.com\/fr\/produit\/wholesale-top-layer-cowhide-mens-leather-shoulder-crossbody-bag-fashion-handbag-backpack\/","title":{"rendered":"Wholesale Top Layer Cowhide Mens Leather Shoulder Crossbody Bag Fashion Handbag Backpack"},"content":{"rendered":"<h2 data-start=\"1132\" data-end=\"1149\">Caract\u00e9ristiques principales<\/h2>\n<ol data-start=\"1151\" data-end=\"2125\">\n<li data-start=\"1151\" data-end=\"1268\">\n<p data-start=\"1154\" data-end=\"1268\"><strong data-start=\"1154\" data-end=\"1181\">Cuir de vache de premi\u00e8re qualit\u00e9<\/strong> - Le cuir de vache de la couche sup\u00e9rieure a \u00e9t\u00e9 utilis\u00e9 pour sa texture, sa douceur et sa r\u00e9sistance \u00e0 l'usure.<\/p>\n<\/li>\n<li data-start=\"1269\" data-end=\"1428\">\n<p data-start=\"1272\" data-end=\"1428\"><strong data-start=\"1272\" data-end=\"1302\">Options de transport polyvalentes<\/strong> - La conception multifonctionnelle du sac permet de le porter comme un sac \u00e0 main, un sac \u00e0 bandouli\u00e8re, un sac \u00e0 main ou un sac \u00e0 dos.<\/p>\n<\/li>\n<li data-start=\"1429\" data-end=\"1547\">\n<p data-start=\"1432\" data-end=\"1547\"><strong data-start=\"1432\" data-end=\"1455\">Mode r\u00e9tro<\/strong> - Un look r\u00e9tro europ\u00e9en et am\u00e9ricain a \u00e9t\u00e9 adopt\u00e9 pour cr\u00e9er une pi\u00e8ce de mode intemporelle.<\/p>\n<\/li>\n<li data-start=\"1548\" data-end=\"1648\">\n<p data-start=\"1551\" data-end=\"1648\"><strong data-start=\"1551\" data-end=\"1585\">Durabilit\u00e9 et r\u00e9sistance \u00e0 l'usure<\/strong> - La structure a \u00e9t\u00e9 renforc\u00e9e pour r\u00e9sister \u00e0 l'usure quotidienne.<\/p>\n<\/li>\n<li data-start=\"1649\" data-end=\"1763\">\n<p data-start=\"1652\" data-end=\"1763\"><strong data-start=\"1652\" data-end=\"1677\">Espace de stockage compact<\/strong> - La capacit\u00e9 a \u00e9t\u00e9 optimis\u00e9e pour un appareil de 8 pouces tel qu'une tablette ou un e-reader.<\/p>\n<\/li>\n<li data-start=\"1764\" data-end=\"1887\">\n<p data-start=\"1767\" data-end=\"1887\"><strong data-start=\"1767\" data-end=\"1791\">Options personnalisables<\/strong> - Le logo, la couleur et d'autres d\u00e9tails peuvent \u00eatre personnalis\u00e9s pour r\u00e9pondre aux exigences de la marque ou aux besoins personnels.<\/p>\n<\/li>\n<li data-start=\"1888\" data-end=\"2011\">\n<p data-start=\"1891\" data-end=\"2011\"><strong data-start=\"1891\" data-end=\"1922\">L\u00e9ger et confortable<\/strong> - Une structure portable a \u00e9t\u00e9 adopt\u00e9e pour permettre de porter l'appareil pendant de longues heures sans inconfort.<\/p>\n<\/li>\n<li data-start=\"2012\" data-end=\"2125\">\n<p data-start=\"2015\" data-end=\"2125\"><strong data-start=\"2015\" data-end=\"2038\">Disponibilit\u00e9 des \u00e9chantillons<\/strong> - Des \u00e9chantillons sont propos\u00e9s pour l'inspection et l'\u00e9valuation de la qualit\u00e9 avant les commandes en gros.<\/p>\n<\/li>\n<\/ol>\n<p><img fetchpriority=\"high\" decoding=\"async\" class=\"aligncenter wp-image-2142\" src=\"https:\/\/baijiabags.com\/wp-content\/uploads\/2025\/09\/1-3-27-300x300.png\" alt=\"Wholesale Top Layer Cowhide Mens Leather Shoulder Crossbody Bag Fashion Handbag Backpack\" width=\"800\" height=\"800\" srcset=\"https:\/\/baijiabags.com\/wp-content\/uploads\/2025\/09\/1-3-27-300x300.png 300w, https:\/\/baijiabags.com\/wp-content\/uploads\/2025\/09\/1-3-27-1024x1024.png 1024w, https:\/\/baijiabags.com\/wp-content\/uploads\/2025\/09\/1-3-27-150x150.png 150w, https:\/\/baijiabags.com\/wp-content\/uploads\/2025\/09\/1-3-27-768x768.png 768w, https:\/\/baijiabags.com\/wp-content\/uploads\/2025\/09\/1-3-27-1536x1536.png 1536w, https:\/\/baijiabags.com\/wp-content\/uploads\/2025\/09\/1-3-27-12x12.png 12w, https:\/\/baijiabags.com\/wp-content\/uploads\/2025\/09\/1-3-27-600x600.png 600w, https:\/\/baijiabags.com\/wp-content\/uploads\/2025\/09\/1-3-27-100x100.png 100w, https:\/\/baijiabags.com\/wp-content\/uploads\/2025\/09\/1-3-27.png 1600w\" sizes=\"(max-width: 800px) 100vw, 800px\" \/><\/p>\n<h2 data-start=\"2132\" data-end=\"2151\">Sp\u00e9cifications<\/h2>\n<div class=\"_tableContainer_1rjym_1\">\n<div class=\"group _tableWrapper_1rjym_13 flex w-fit flex-col-reverse\" tabindex=\"-1\">\n<table class=\"w-fit min-w-(--thread-content-width)\" data-start=\"2153\" data-end=\"3157\">\n<thead data-start=\"2153\" data-end=\"2218\">\n<tr data-start=\"2153\" data-end=\"2218\">\n<th data-start=\"2153\" data-end=\"2177\" data-col-size=\"sm\"><strong data-start=\"2155\" data-end=\"2163\">Objet<\/strong><\/th>\n<th data-start=\"2177\" data-end=\"2218\" data-col-size=\"sm\"><strong data-start=\"2179\" data-end=\"2190\">D\u00e9tails<\/strong><\/th>\n<\/tr>\n<\/thead>\n<tbody data-start=\"2286\" data-end=\"3157\">\n<tr data-start=\"2286\" data-end=\"2353\">\n<td data-start=\"2286\" data-end=\"2311\" data-col-size=\"sm\">Nom du produit<\/td>\n<td data-start=\"2311\" data-end=\"2353\" data-col-size=\"sm\">Sac \u00e0 bandouli\u00e8re en cuir pour hommes<\/td>\n<\/tr>\n<tr data-start=\"2354\" data-end=\"2420\">\n<td data-start=\"2354\" data-end=\"2379\" data-col-size=\"sm\">Marque<\/td>\n<td data-start=\"2379\" data-end=\"2420\" data-col-size=\"sm\">RONEER<\/td>\n<\/tr>\n<tr data-start=\"2421\" data-end=\"2487\">\n<td data-start=\"2421\" data-end=\"2446\" data-col-size=\"sm\">Lieu d'origine<\/td>\n<td data-start=\"2446\" data-end=\"2487\" data-col-size=\"sm\">Guangdong, Chine<\/td>\n<\/tr>\n<tr data-start=\"2488\" data-end=\"2554\">\n<td data-start=\"2488\" data-end=\"2513\" data-col-size=\"sm\">Style<\/td>\n<td data-start=\"2513\" data-end=\"2554\" data-col-size=\"sm\">R\u00e9tro europ\u00e9en et am\u00e9ricain<\/td>\n<\/tr>\n<tr data-start=\"2555\" data-end=\"2621\">\n<td data-start=\"2555\" data-end=\"2580\" data-col-size=\"sm\">Mat\u00e9riau<\/td>\n<td data-start=\"2580\" data-end=\"2621\" data-col-size=\"sm\">Cuir de vachette v\u00e9ritable<\/td>\n<\/tr>\n<tr data-start=\"2622\" data-end=\"2688\">\n<td data-start=\"2622\" data-end=\"2647\" data-col-size=\"sm\">Fonction<\/td>\n<td data-start=\"2647\" data-end=\"2688\" data-col-size=\"sm\">R\u00e9sistant \u00e0 l'usure, durable<\/td>\n<\/tr>\n<tr data-start=\"2689\" data-end=\"2755\">\n<td data-start=\"2689\" data-end=\"2714\" data-col-size=\"sm\">Mod\u00e8le<\/td>\n<td data-start=\"2714\" data-end=\"2755\" data-col-size=\"sm\">Couleur unie<\/td>\n<\/tr>\n<tr data-start=\"2756\" data-end=\"2822\">\n<td data-start=\"2756\" data-end=\"2781\" data-col-size=\"sm\">Couleur<\/td>\n<td data-start=\"2781\" data-end=\"2822\" data-col-size=\"sm\">Personnalisable<\/td>\n<\/tr>\n<tr data-start=\"2823\" data-end=\"2889\">\n<td data-start=\"2823\" data-end=\"2848\" data-col-size=\"sm\">Sc\u00e8ne appropri\u00e9e<\/td>\n<td data-start=\"2848\" data-end=\"2889\" data-col-size=\"sm\">Correspondance quotidienne, utilisation au bureau<\/td>\n<\/tr>\n<tr data-start=\"2890\" data-end=\"2956\">\n<td data-start=\"2890\" data-end=\"2915\" data-col-size=\"sm\">Capacit\u00e9 pour ordinateur portable\/tablette<\/td>\n<td data-start=\"2915\" data-end=\"2956\" data-col-size=\"sm\">Jusqu'\u00e0 8 pouces<\/td>\n<\/tr>\n<tr data-start=\"2957\" data-end=\"3023\">\n<td data-start=\"2957\" data-end=\"2982\" data-col-size=\"sm\">Logo<\/td>\n<td data-start=\"2982\" data-end=\"3023\" data-col-size=\"sm\">Personnalisation possible<\/td>\n<\/tr>\n<tr data-start=\"3024\" data-end=\"3090\">\n<td data-start=\"3024\" data-end=\"3049\" data-col-size=\"sm\">Disponibilit\u00e9 des \u00e9chantillons<\/td>\n<td data-start=\"3049\" data-end=\"3090\" data-col-size=\"sm\">Oui<\/td>\n<\/tr>\n<tr data-start=\"3091\" data-end=\"3157\">\n<td data-start=\"3091\" data-end=\"3116\" data-col-size=\"sm\">Quantit\u00e9 minimale de commande<\/td>\n<td data-start=\"3116\" data-end=\"3157\" data-col-size=\"sm\">300 pi\u00e8ces<\/td>\n<\/tr>\n<\/tbody>\n<\/table>\n<\/div>\n<\/div>\n<h2 data-start=\"3164\" data-end=\"3181\">Applications<\/h2>\n<ul data-start=\"3183\" data-end=\"3554\">\n<li data-start=\"3183\" data-end=\"3266\">\n<p data-start=\"3185\" data-end=\"3266\">Le sac a \u00e9t\u00e9 cr\u00e9\u00e9 pour <strong data-start=\"3214\" data-end=\"3227\">utilisation quotidienne<\/strong>pour le travail ou les sorties d\u00e9contract\u00e9es.<\/p>\n<\/li>\n<li data-start=\"3267\" data-end=\"3359\">\n<p data-start=\"3269\" data-end=\"3359\">Il a \u00e9t\u00e9 appliqu\u00e9 dans <strong data-start=\"3292\" data-end=\"3314\">occasions professionnelles<\/strong>, offering a professional yet stylish look.<\/p>\n<\/li>\n<li data-start=\"3360\" data-end=\"3459\">\n<p data-start=\"3362\" data-end=\"3459\">Il a \u00e9t\u00e9 con\u00e7u pour <strong data-start=\"3387\" data-end=\"3410\">les voyages ou les d\u00e9placements domicile-travail<\/strong>La taille de la pochette permet un rangement pratique sans \u00eatre encombrante.<\/p>\n<\/li>\n<li data-start=\"3460\" data-end=\"3554\">\n<p data-start=\"3462\" data-end=\"3554\">Il a \u00e9t\u00e9 utilis\u00e9 pour <strong data-start=\"3483\" data-end=\"3504\">strat\u00e9gie de marque personnelle<\/strong> gr\u00e2ce aux options de personnalisation du logo.<\/p>\n<\/li>\n<\/ul>\n<p data-start=\"3561\" data-end=\"3738\">Si vous \u00eates int\u00e9ress\u00e9 par ce sac crois\u00e9 en cuir pour homme RONEER, veuillez nous contacter pour obtenir des \u00e9chantillons. <strong data-start=\"3658\" data-end=\"3680\">Services ODM et OEM<\/strong> sont prises en charge, et les demandes de personnalisation sont les bienvenues.<\/p>","protected":false},"excerpt":{"rendered":"<p>Les <strong data-start=\"350\" data-end=\"443\">Wholesale Top Layer Cowhide Men's Leather Shoulder Crossbody Bag Fashion Handbag Backpack<\/strong> par <strong data-start=\"447\" data-end=\"457\">RONEER<\/strong> a \u00e9t\u00e9 con\u00e7u pour apporter durabilit\u00e9, polyvalence et esth\u00e9tique moderne en un seul produit. Fabriqu\u00e9 en cuir de vachette de premi\u00e8re qualit\u00e9, le sac a \u00e9t\u00e9 con\u00e7u pour combiner le style r\u00e9tro classique europ\u00e9en et am\u00e9ricain avec une utilisation pratique. Chaque pi\u00e8ce a \u00e9t\u00e9 finie avec soin pour garantir sa solidit\u00e9 et sa long\u00e9vit\u00e9.<\/p>","protected":false},"featured_media":2148,"comment_status":"open","ping_status":"closed","template":"","meta":{"site-sidebar-layout":"default","site-content-layout":"","ast-site-content-layout":"default","site-content-style":"default","site-sidebar-style":"default","ast-global-header-display":"","ast-banner-title-visibility":"","ast-main-header-display":"","ast-hfb-above-header-display":"","ast-hfb-below-header-display":"","ast-hfb-mobile-header-display":"","site-post-title":"","ast-breadcrumbs-content":"","ast-featured-img":"","footer-sml-layout":"","ast-disable-related-posts":"","theme-transparent-header-meta":"default","adv-header-id-meta":"","stick-header-meta":"","header-above-stick-meta":"","header-main-stick-meta":"","header-below-stick-meta":"","astra-migrate-meta-layouts":"set","ast-page-background-enabled":"default","ast-page-background-meta":{"desktop":{"background-color":"var(--ast-global-color-5)","background-image":"","background-repeat":"repeat","background-position":"center center","background-size":"auto","background-attachment":"scroll","background-type":"","background-media":"","overlay-type":"","overlay-color":"","overlay-opacity":"","overlay-gradient":""},"tablet":{"background-color":"","background-image":"","background-repeat":"repeat","background-position":"center center","background-size":"auto","background-attachment":"scroll","background-type":"","background-media":"","overlay-type":"","overlay-color":"","overlay-opacity":"","overlay-gradient":""},"mobile":{"background-color":"","background-image":"","background-repeat":"repeat","background-position":"center center","background-size":"auto","background-attachment":"scroll","background-type":"","background-media":"","overlay-type":"","overlay-color":"","overlay-opacity":"","overlay-gradient":""}},"ast-content-background-meta":{"desktop":{"background-color":"var(--ast-global-color-4)","background-image":"","background-repeat":"repeat","background-position":"center center","background-size":"auto","background-attachment":"scroll","background-type":"","background-media":"","overlay-type":"","overlay-color":"","overlay-opacity":"","overlay-gradient":""},"tablet":{"background-color":"var(--ast-global-color-4)","background-image":"","background-repeat":"repeat","background-position":"center center","background-size":"auto","background-attachment":"scroll","background-type":"","background-media":"","overlay-type":"","overlay-color":"","overlay-opacity":"","overlay-gradient":""},"mobile":{"background-color":"var(--ast-global-color-4)","background-image":"","background-repeat":"repeat","background-position":"center center","background-size":"auto","background-attachment":"scroll","background-type":"","background-media":"","overlay-type":"","overlay-color":"","overlay-opacity":"","overlay-gradient":""}}},"product_brand":[],"product_cat":[39,53],"product_tag":[],"class_list":{"0":"post-2140","1":"product","2":"type-product","3":"status-publish","4":"has-post-thumbnail","6":"product_cat-crossbody-bag","7":"product_cat-mens-bag","8":"desktop-align-left","9":"tablet-align-left","10":"mobile-align-left","12":"first","13":"instock","14":"shipping-taxable","15":"product-type-simple"},"_links":{"self":[{"href":"https:\/\/baijiabags.com\/fr\/wp-json\/wp\/v2\/product\/2140","targetHints":{"allow":["GET"]}}],"collection":[{"href":"https:\/\/baijiabags.com\/fr\/wp-json\/wp\/v2\/product"}],"about":[{"href":"https:\/\/baijiabags.com\/fr\/wp-json\/wp\/v2\/types\/product"}],"replies":[{"embeddable":true,"href":"https:\/\/baijiabags.com\/fr\/wp-json\/wp\/v2\/comments?post=2140"}],"wp:featuredmedia":[{"embeddable":true,"href":"https:\/\/baijiabags.com\/fr\/wp-json\/wp\/v2\/media\/2148"}],"wp:attachment":[{"href":"https:\/\/baijiabags.com\/fr\/wp-json\/wp\/v2\/media?parent=2140"}],"wp:term":[{"taxonomy":"product_brand","embeddable":true,"href":"https:\/\/baijiabags.com\/fr\/wp-json\/wp\/v2\/product_brand?post=2140"},{"taxonomy":"product_cat","embeddable":true,"href":"https:\/\/baijiabags.com\/fr\/wp-json\/wp\/v2\/product_cat?post=2140"},{"taxonomy":"product_tag","embeddable":true,"href":"https:\/\/baijiabags.com\/fr\/wp-json\/wp\/v2\/product_tag?post=2140"}],"curies":[{"name":"wp","href":"https:\/\/api.w.org\/{rel}","templated":true}]}}