{"id":2119,"date":"2025-09-22T09:24:15","date_gmt":"2025-09-22T09:24:15","guid":{"rendered":"https:\/\/baijiabags.com\/?post_type=product&#038;p=2119"},"modified":"2025-09-22T09:24:15","modified_gmt":"2025-09-22T09:24:15","slug":"mens-outdoor-travel-backpack-waterproof-16-inch-laptop-bag-large-capacity-school-bag","status":"publish","type":"product","link":"https:\/\/baijiabags.com\/fr\/produit\/mens-outdoor-travel-backpack-waterproof-16-inch-laptop-bag-large-capacity-school-bag\/","title":{"rendered":"Mens Outdoor Travel Backpack Waterproof 16 Inch Laptop Bag Large Capacity School Bag"},"content":{"rendered":"<h2 data-start=\"744\" data-end=\"759\">Caract\u00e9ristiques principales<\/h2>\n<ol data-start=\"761\" data-end=\"1950\">\n<li data-start=\"761\" data-end=\"938\">\n<p data-start=\"764\" data-end=\"938\"><strong data-start=\"764\" data-end=\"789\">Protection imperm\u00e9able<\/strong> - L'ext\u00e9rieur a \u00e9t\u00e9 con\u00e7u en tissu Oxford r\u00e9sistant \u00e0 l'eau pour prot\u00e9ger les effets personnels lors des voyages en plein air ou en cas de conditions m\u00e9t\u00e9orologiques impr\u00e9vues.<\/p>\n<\/li>\n<li data-start=\"939\" data-end=\"1099\">\n<p data-start=\"942\" data-end=\"1099\"><strong data-start=\"942\" data-end=\"960\">Grande capacit\u00e9<\/strong> - D'une capacit\u00e9 de 20 \u00e0 35 litres, le sac \u00e0 dos a \u00e9t\u00e9 \u00e9quip\u00e9 pour transporter des ordinateurs portables, des livres, des v\u00eatements et des articles de voyage essentiels.<\/p>\n<\/li>\n<li data-start=\"1100\" data-end=\"1220\">\n<p data-start=\"1103\" data-end=\"1220\"><strong data-start=\"1103\" data-end=\"1133\">Compartiment pour ordinateur portable de 16 pouces<\/strong> - Un compartiment rembourr\u00e9 a \u00e9t\u00e9 int\u00e9gr\u00e9 pour s\u00e9curiser les ordinateurs portables jusqu'\u00e0 16 pouces.<\/p>\n<\/li>\n<li data-start=\"1221\" data-end=\"1359\">\n<p data-start=\"1224\" data-end=\"1359\"><strong data-start=\"1224\" data-end=\"1244\">Mat\u00e9riau durable<\/strong> - Une doublure en polyester de haute qualit\u00e9 a \u00e9t\u00e9 utilis\u00e9e pour renforcer l'int\u00e9rieur, am\u00e9liorant ainsi la durabilit\u00e9 et la r\u00e9sistance \u00e0 l'usure.<\/p>\n<\/li>\n<li data-start=\"1360\" data-end=\"1494\">\n<p data-start=\"1363\" data-end=\"1494\"><strong data-start=\"1363\" data-end=\"1383\">Conception ergonomique<\/strong> - Des bretelles \u00e0 coussin d'air ont \u00e9t\u00e9 incluses pour assurer le confort et r\u00e9duire les tensions lors d'une utilisation prolong\u00e9e.<\/p>\n<\/li>\n<li data-start=\"1495\" data-end=\"1648\">\n<p data-start=\"1498\" data-end=\"1648\"><strong data-start=\"1498\" data-end=\"1519\">Logo personnalisable<\/strong> - Le sac \u00e0 dos a \u00e9t\u00e9 con\u00e7u pour permettre la personnalisation du logo, ce qui le rend adapt\u00e9 \u00e0 l'image de marque d'une entreprise ou \u00e0 des cadeaux personnalis\u00e9s.<\/p>\n<\/li>\n<li data-start=\"1649\" data-end=\"1794\">\n<p data-start=\"1652\" data-end=\"1794\"><strong data-start=\"1652\" data-end=\"1681\">Style affaires et voyages<\/strong> - Un design minimaliste et des lignes douces ont \u00e9t\u00e9 appliqu\u00e9s pour convenir aux d\u00e9placements quotidiens et professionnels.<\/p>\n<\/li>\n<li data-start=\"1795\" data-end=\"1950\">\n<p data-start=\"1798\" data-end=\"1950\"><strong data-start=\"1798\" data-end=\"1827\">Poches de rangement polyvalentes<\/strong> - De multiples compartiments ont \u00e9t\u00e9 organis\u00e9s pour faciliter le rangement de petits accessoires, de documents et d'objets personnels.<\/p>\n<\/li>\n<\/ol>\n<h2 data-start=\"1952\" data-end=\"1969\">Sp\u00e9cifications<\/h2>\n<div class=\"_tableContainer_1rjym_1\">\n<div class=\"group _tableWrapper_1rjym_13 flex w-fit flex-col-reverse\" tabindex=\"-1\">\n<table class=\"w-fit min-w-(--thread-content-width)\" data-start=\"1971\" data-end=\"2433\">\n<thead data-start=\"1971\" data-end=\"1994\">\n<tr data-start=\"1971\" data-end=\"1994\">\n<th data-start=\"1971\" data-end=\"1983\" data-col-size=\"sm\">Param\u00e8tres<\/th>\n<th data-start=\"1983\" data-end=\"1994\" data-col-size=\"sm\">D\u00e9tails<\/th>\n<\/tr>\n<\/thead>\n<tbody data-start=\"2019\" data-end=\"2433\">\n<tr data-start=\"2019\" data-end=\"2046\">\n<td data-start=\"2019\" data-end=\"2034\" data-col-size=\"sm\">Nom du produit<\/td>\n<td data-start=\"2034\" data-end=\"2046\" data-col-size=\"sm\">Sac \u00e0 dos<\/td>\n<\/tr>\n<tr data-start=\"2047\" data-end=\"2065\">\n<td data-start=\"2047\" data-end=\"2055\" data-col-size=\"sm\">Marque<\/td>\n<td data-start=\"2055\" data-end=\"2065\" data-col-size=\"sm\">RONEER<\/td>\n<\/tr>\n<tr data-start=\"2066\" data-end=\"2095\">\n<td data-start=\"2066\" data-end=\"2075\" data-col-size=\"sm\">Origine<\/td>\n<td data-start=\"2075\" data-end=\"2095\" data-col-size=\"sm\">Guangdong, Chine<\/td>\n<\/tr>\n<tr data-start=\"2096\" data-end=\"2113\">\n<td data-start=\"2096\" data-end=\"2104\" data-col-size=\"sm\">Couleur<\/td>\n<td data-start=\"2104\" data-end=\"2113\" data-col-size=\"sm\">Noir<\/td>\n<\/tr>\n<tr data-start=\"2114\" data-end=\"2130\">\n<td data-start=\"2114\" data-end=\"2123\" data-col-size=\"sm\">Genre<\/td>\n<td data-start=\"2123\" data-end=\"2130\" data-col-size=\"sm\">Les hommes<\/td>\n<\/tr>\n<tr data-start=\"2131\" data-end=\"2159\">\n<td data-start=\"2131\" data-end=\"2142\" data-col-size=\"sm\">Mat\u00e9riau<\/td>\n<td data-start=\"2142\" data-end=\"2159\" data-col-size=\"sm\">Tissu Oxford<\/td>\n<\/tr>\n<tr data-start=\"2160\" data-end=\"2191\">\n<td data-start=\"2160\" data-end=\"2178\" data-col-size=\"sm\">Mat\u00e9riau de la doublure<\/td>\n<td data-start=\"2178\" data-end=\"2191\" data-col-size=\"sm\">Polyester<\/td>\n<\/tr>\n<tr data-start=\"2192\" data-end=\"2222\">\n<td data-start=\"2192\" data-end=\"2200\" data-col-size=\"sm\">Style<\/td>\n<td data-start=\"2200\" data-end=\"2222\" data-col-size=\"sm\">D\u00e9placements professionnels<\/td>\n<\/tr>\n<tr data-start=\"2223\" data-end=\"2244\">\n<td data-start=\"2223\" data-end=\"2234\" data-col-size=\"sm\">Capacit\u00e9<\/td>\n<td data-start=\"2234\" data-end=\"2244\" data-col-size=\"sm\">20-35L<\/td>\n<\/tr>\n<tr data-start=\"2245\" data-end=\"2272\">\n<td data-start=\"2245\" data-end=\"2259\" data-col-size=\"sm\">Taille de l'ordinateur portable<\/td>\n<td data-start=\"2259\" data-end=\"2272\" data-col-size=\"sm\">16 pouces<\/td>\n<\/tr>\n<tr data-start=\"2273\" data-end=\"2298\">\n<td data-start=\"2273\" data-end=\"2284\" data-col-size=\"sm\">Fonction<\/td>\n<td data-start=\"2284\" data-end=\"2298\" data-col-size=\"sm\">Imperm\u00e9able \u00e0 l'eau<\/td>\n<\/tr>\n<tr data-start=\"2299\" data-end=\"2350\">\n<td data-start=\"2299\" data-end=\"2317\" data-col-size=\"sm\">Syst\u00e8me de portage<\/td>\n<td data-start=\"2317\" data-end=\"2350\" data-col-size=\"sm\">Bretelles \u00e0 coussin d'air<\/td>\n<\/tr>\n<tr data-start=\"2351\" data-end=\"2376\">\n<td data-start=\"2351\" data-end=\"2361\" data-col-size=\"sm\">Mod\u00e8le<\/td>\n<td data-start=\"2361\" data-end=\"2376\" data-col-size=\"sm\">Couleur unie<\/td>\n<\/tr>\n<tr data-start=\"2377\" data-end=\"2400\">\n<td data-start=\"2377\" data-end=\"2384\" data-col-size=\"sm\">Logo<\/td>\n<td data-start=\"2384\" data-end=\"2400\" data-col-size=\"sm\">Personnalisable<\/td>\n<\/tr>\n<tr data-start=\"2401\" data-end=\"2433\">\n<td data-start=\"2401\" data-end=\"2426\" data-col-size=\"sm\">Quantit\u00e9 minimale de commande<\/td>\n<td data-start=\"2426\" data-end=\"2433\" data-col-size=\"sm\">300<\/td>\n<\/tr>\n<\/tbody>\n<\/table>\n<\/div>\n<\/div>\n<h2 data-start=\"2435\" data-end=\"2450\">Applications<\/h2>\n<ul data-start=\"2452\" data-end=\"2638\">\n<li data-start=\"2452\" data-end=\"2481\">\n<p data-start=\"2454\" data-end=\"2481\">Voyages et randonn\u00e9es en plein air<\/p>\n<\/li>\n<li data-start=\"2482\" data-end=\"2520\">\n<p data-start=\"2484\" data-end=\"2520\">Voyages d'affaires et d\u00e9placements quotidiens<\/p>\n<\/li>\n<li data-start=\"2521\" data-end=\"2550\">\n<p data-start=\"2523\" data-end=\"2550\">Usage scolaire et universitaire<\/p>\n<\/li>\n<li data-start=\"2551\" data-end=\"2583\">\n<p data-start=\"2553\" data-end=\"2583\">Activit\u00e9s quotidiennes occasionnelles<\/p>\n<\/li>\n<li data-start=\"2584\" data-end=\"2638\">\n<p data-start=\"2586\" data-end=\"2638\">Cadeaux d'entreprise promotionnels avec logo personnalisable<\/p>\n<\/li>\n<\/ul>\n<p data-start=\"2640\" data-end=\"2807\">Si vous \u00eates int\u00e9ress\u00e9 par ce sac \u00e0 dos, veuillez nous contacter pour obtenir un \u00e9chantillon. <strong data-start=\"2712\" data-end=\"2747\">Des services ODM et OEM sont propos\u00e9s<\/strong>Les services d'information et d'orientation de la Commission europ\u00e9enne, qui permettent de concevoir des solutions personnalis\u00e9es en mati\u00e8re de design et d'image de marque.<\/p>","protected":false},"excerpt":{"rendered":"<p>Les <strong data-start=\"173\" data-end=\"212\">RONEER Mens Outdoor Travel Backpack<\/strong> a \u00e9t\u00e9 con\u00e7u pour offrir une fonctionnalit\u00e9 polyvalente aux hommes modernes qui recherchent \u00e0 la fois style et praticit\u00e9. Fabriqu\u00e9 en tissu Oxford de haute qualit\u00e9, ce sac \u00e0 dos a \u00e9t\u00e9 con\u00e7u dans un souci de durabilit\u00e9 et de r\u00e9sistance \u00e0 l'eau. Sa couleur noire \u00e9l\u00e9gante et son design minimaliste lui permettent d'\u00eatre port\u00e9 aussi bien dans un cadre professionnel que d\u00e9contract\u00e9. Le sac \u00e0 dos a \u00e9t\u00e9 con\u00e7u pour accueillir un ordinateur portable de 16 pouces, offrant ainsi un vaste espace de rangement pour les articles essentiels tout en conservant une forme confortable et ergonomique pour les longs trajets.<\/p>","protected":false},"featured_media":2120,"comment_status":"open","ping_status":"closed","template":"","meta":{"site-sidebar-layout":"default","site-content-layout":"","ast-site-content-layout":"default","site-content-style":"default","site-sidebar-style":"default","ast-global-header-display":"","ast-banner-title-visibility":"","ast-main-header-display":"","ast-hfb-above-header-display":"","ast-hfb-below-header-display":"","ast-hfb-mobile-header-display":"","site-post-title":"","ast-breadcrumbs-content":"","ast-featured-img":"","footer-sml-layout":"","ast-disable-related-posts":"","theme-transparent-header-meta":"default","adv-header-id-meta":"","stick-header-meta":"","header-above-stick-meta":"","header-main-stick-meta":"","header-below-stick-meta":"","astra-migrate-meta-layouts":"set","ast-page-background-enabled":"default","ast-page-background-meta":{"desktop":{"background-color":"var(--ast-global-color-5)","background-image":"","background-repeat":"repeat","background-position":"center center","background-size":"auto","background-attachment":"scroll","background-type":"","background-media":"","overlay-type":"","overlay-color":"","overlay-opacity":"","overlay-gradient":""},"tablet":{"background-color":"","background-image":"","background-repeat":"repeat","background-position":"center center","background-size":"auto","background-attachment":"scroll","background-type":"","background-media":"","overlay-type":"","overlay-color":"","overlay-opacity":"","overlay-gradient":""},"mobile":{"background-color":"","background-image":"","background-repeat":"repeat","background-position":"center center","background-size":"auto","background-attachment":"scroll","background-type":"","background-media":"","overlay-type":"","overlay-color":"","overlay-opacity":"","overlay-gradient":""}},"ast-content-background-meta":{"desktop":{"background-color":"var(--ast-global-color-4)","background-image":"","background-repeat":"repeat","background-position":"center center","background-size":"auto","background-attachment":"scroll","background-type":"","background-media":"","overlay-type":"","overlay-color":"","overlay-opacity":"","overlay-gradient":""},"tablet":{"background-color":"var(--ast-global-color-4)","background-image":"","background-repeat":"repeat","background-position":"center center","background-size":"auto","background-attachment":"scroll","background-type":"","background-media":"","overlay-type":"","overlay-color":"","overlay-opacity":"","overlay-gradient":""},"mobile":{"background-color":"var(--ast-global-color-4)","background-image":"","background-repeat":"repeat","background-position":"center center","background-size":"auto","background-attachment":"scroll","background-type":"","background-media":"","overlay-type":"","overlay-color":"","overlay-opacity":"","overlay-gradient":""}}},"product_brand":[],"product_cat":[21],"product_tag":[],"class_list":{"0":"post-2119","1":"product","2":"type-product","3":"status-publish","4":"has-post-thumbnail","6":"product_cat-backpack","7":"desktop-align-left","8":"tablet-align-left","9":"mobile-align-left","11":"first","12":"instock","13":"shipping-taxable","14":"product-type-simple"},"_links":{"self":[{"href":"https:\/\/baijiabags.com\/fr\/wp-json\/wp\/v2\/product\/2119","targetHints":{"allow":["GET"]}}],"collection":[{"href":"https:\/\/baijiabags.com\/fr\/wp-json\/wp\/v2\/product"}],"about":[{"href":"https:\/\/baijiabags.com\/fr\/wp-json\/wp\/v2\/types\/product"}],"replies":[{"embeddable":true,"href":"https:\/\/baijiabags.com\/fr\/wp-json\/wp\/v2\/comments?post=2119"}],"wp:featuredmedia":[{"embeddable":true,"href":"https:\/\/baijiabags.com\/fr\/wp-json\/wp\/v2\/media\/2120"}],"wp:attachment":[{"href":"https:\/\/baijiabags.com\/fr\/wp-json\/wp\/v2\/media?parent=2119"}],"wp:term":[{"taxonomy":"product_brand","embeddable":true,"href":"https:\/\/baijiabags.com\/fr\/wp-json\/wp\/v2\/product_brand?post=2119"},{"taxonomy":"product_cat","embeddable":true,"href":"https:\/\/baijiabags.com\/fr\/wp-json\/wp\/v2\/product_cat?post=2119"},{"taxonomy":"product_tag","embeddable":true,"href":"https:\/\/baijiabags.com\/fr\/wp-json\/wp\/v2\/product_tag?post=2119"}],"curies":[{"name":"wp","href":"https:\/\/api.w.org\/{rel}","templated":true}]}}