{"id":2115,"date":"2025-09-22T08:57:07","date_gmt":"2025-09-22T08:57:07","guid":{"rendered":"https:\/\/baijiabags.com\/?post_type=product&#038;p=2115"},"modified":"2025-11-01T01:24:32","modified_gmt":"2025-11-01T01:24:32","slug":"factory-custom-mens-business-casual-crossbody-waist-shoulder-chest-bag-durable-high-quality","status":"publish","type":"product","link":"https:\/\/baijiabags.com\/fr\/produit\/factory-custom-mens-business-casual-crossbody-waist-shoulder-chest-bag-durable-high-quality\/","title":{"rendered":"Factory Custom Mens Business Casual Crossbody Waist Shoulder Chest Bag Durable High Quality"},"content":{"rendered":"<h2 data-start=\"786\" data-end=\"802\">Caract\u00e9ristiques principales<\/h2>\n<ol data-start=\"803\" data-end=\"1548\">\n<li data-start=\"803\" data-end=\"883\">\n<p data-start=\"806\" data-end=\"883\"><strong data-start=\"806\" data-end=\"830\">Construction durable<\/strong> - Le tissu Oxford de premi\u00e8re qualit\u00e9 garantit une utilisation durable.<\/p>\n<\/li>\n<li data-start=\"884\" data-end=\"967\">\n<p data-start=\"887\" data-end=\"967\"><strong data-start=\"887\" data-end=\"915\">Mat\u00e9riau r\u00e9sistant \u00e0 l'eau<\/strong> - Prot\u00e8ge les effets personnels de la pluie l\u00e9g\u00e8re et des \u00e9claboussures.<\/p>\n<\/li>\n<li data-start=\"968\" data-end=\"1054\">\n<p data-start=\"971\" data-end=\"1054\"><strong data-start=\"971\" data-end=\"993\">Conception l\u00e9g\u00e8re<\/strong> - Confortable pour une utilisation prolong\u00e9e pendant les trajets quotidiens ou les voyages.<\/p>\n<\/li>\n<li data-start=\"1055\" data-end=\"1163\">\n<p data-start=\"1058\" data-end=\"1163\"><strong data-start=\"1058\" data-end=\"1079\">Bretelles r\u00e9glables<\/strong> - Peut \u00eatre port\u00e9 en bandouli\u00e8re, \u00e0 la taille ou sur la poitrine pour des options de transport polyvalentes.<\/p>\n<\/li>\n<li data-start=\"1164\" data-end=\"1281\">\n<p data-start=\"1167\" data-end=\"1281\"><strong data-start=\"1167\" data-end=\"1192\">Compartiments spacieux<\/strong> - De multiples poches permettent de ranger des objets essentiels tels qu'une tablette de 8 pouces, un portefeuille et un t\u00e9l\u00e9phone.<\/p>\n<\/li>\n<li data-start=\"1282\" data-end=\"1366\">\n<p data-start=\"1285\" data-end=\"1366\"><strong data-start=\"1285\" data-end=\"1306\">Logo personnalisable<\/strong> - Le marquage peut \u00eatre personnalis\u00e9 pour r\u00e9pondre aux besoins des OEM et ODM.<\/p>\n<\/li>\n<li data-start=\"1367\" data-end=\"1455\">\n<p data-start=\"1370\" data-end=\"1455\"><strong data-start=\"1370\" data-end=\"1391\">Des d\u00e9tails \u00e9l\u00e9gants<\/strong> - Les coutures fines ajoutent un aspect professionnel et soign\u00e9.<\/p>\n<\/li>\n<li data-start=\"1456\" data-end=\"1548\">\n<p data-start=\"1459\" data-end=\"1548\"><strong data-start=\"1459\" data-end=\"1486\">Doublure int\u00e9rieure respirante<\/strong> - La doublure en nylon am\u00e9liore le confort et la circulation de l'air \u00e0 l'int\u00e9rieur du sac.<\/p>\n<\/li>\n<\/ol>\n<h2 data-start=\"1550\" data-end=\"1568\">Sp\u00e9cifications<\/h2>\n<div class=\"_tableContainer_1rjym_1\">\n<div class=\"group _tableWrapper_1rjym_13 flex w-fit flex-col-reverse\" tabindex=\"-1\">\n<table class=\"w-fit min-w-(--thread-content-width)\" data-start=\"1569\" data-end=\"2044\">\n<thead data-start=\"1569\" data-end=\"1596\">\n<tr data-start=\"1569\" data-end=\"1596\">\n<th data-start=\"1569\" data-end=\"1581\" data-col-size=\"sm\">Param\u00e8tres<\/th>\n<th data-start=\"1581\" data-end=\"1596\" data-col-size=\"sm\">Description<\/th>\n<\/tr>\n<\/thead>\n<tbody data-start=\"1625\" data-end=\"2044\">\n<tr data-start=\"1625\" data-end=\"1652\">\n<td data-start=\"1625\" data-end=\"1640\" data-col-size=\"sm\">Nom du produit<\/td>\n<td data-start=\"1640\" data-end=\"1652\" data-col-size=\"sm\">Sac \u00e0 dos<\/td>\n<\/tr>\n<tr data-start=\"1653\" data-end=\"1671\">\n<td data-start=\"1653\" data-end=\"1661\" data-col-size=\"sm\">Marque<\/td>\n<td data-start=\"1661\" data-end=\"1671\" data-col-size=\"sm\">RONEER<\/td>\n<\/tr>\n<tr data-start=\"1672\" data-end=\"1701\">\n<td data-start=\"1672\" data-end=\"1681\" data-col-size=\"sm\">Origine<\/td>\n<td data-start=\"1681\" data-end=\"1701\" data-col-size=\"sm\">Guangdong, Chine<\/td>\n<\/tr>\n<tr data-start=\"1702\" data-end=\"1729\">\n<td data-start=\"1702\" data-end=\"1710\" data-col-size=\"sm\">Style<\/td>\n<td data-start=\"1710\" data-end=\"1729\" data-col-size=\"sm\">D\u00e9contract\u00e9<\/td>\n<\/tr>\n<tr data-start=\"1730\" data-end=\"1758\">\n<td data-start=\"1730\" data-end=\"1741\" data-col-size=\"sm\">Mat\u00e9riau<\/td>\n<td data-start=\"1741\" data-end=\"1758\" data-col-size=\"sm\">Tissu Oxford<\/td>\n<\/tr>\n<tr data-start=\"1759\" data-end=\"1814\">\n<td data-start=\"1759\" data-end=\"1770\" data-col-size=\"sm\">Fonction<\/td>\n<td data-start=\"1770\" data-end=\"1814\" data-col-size=\"sm\">Respirant, r\u00e9sistant \u00e0 l'eau, ultra-l\u00e9ger<\/td>\n<\/tr>\n<tr data-start=\"1815\" data-end=\"1840\">\n<td data-start=\"1815\" data-end=\"1825\" data-col-size=\"sm\">Mod\u00e8le<\/td>\n<td data-start=\"1825\" data-end=\"1840\" data-col-size=\"sm\">Couleur unie<\/td>\n<\/tr>\n<tr data-start=\"1841\" data-end=\"1879\">\n<td data-start=\"1841\" data-end=\"1859\" data-col-size=\"sm\">\u00c9l\u00e9ment populaire<\/td>\n<td data-start=\"1859\" data-end=\"1879\" data-col-size=\"sm\">D\u00e9tail des coutures<\/td>\n<\/tr>\n<tr data-start=\"1880\" data-end=\"1897\">\n<td data-start=\"1880\" data-end=\"1888\" data-col-size=\"sm\">Couleur<\/td>\n<td data-start=\"1888\" data-end=\"1897\" data-col-size=\"sm\">Noir<\/td>\n<\/tr>\n<tr data-start=\"1898\" data-end=\"1916\">\n<td data-start=\"1898\" data-end=\"1907\" data-col-size=\"sm\">Doublure<\/td>\n<td data-start=\"1907\" data-end=\"1916\" data-col-size=\"sm\">Nylon<\/td>\n<\/tr>\n<tr data-start=\"1917\" data-end=\"1953\">\n<td data-start=\"1917\" data-end=\"1934\" data-col-size=\"sm\">Sc\u00e8ne appropri\u00e9e<\/td>\n<td data-start=\"1934\" data-end=\"1953\" data-col-size=\"sm\">Voyages d'affaires<\/td>\n<\/tr>\n<tr data-start=\"1954\" data-end=\"2002\">\n<td data-start=\"1954\" data-end=\"1979\" data-col-size=\"sm\">Taille de l'appareil compatible<\/td>\n<td data-start=\"1979\" data-end=\"2002\" data-col-size=\"sm\">Tablette jusqu'\u00e0 8 pouces<\/td>\n<\/tr>\n<tr data-start=\"2003\" data-end=\"2026\">\n<td data-start=\"2003\" data-end=\"2010\" data-col-size=\"sm\">Logo<\/td>\n<td data-start=\"2010\" data-end=\"2026\" data-col-size=\"sm\">Personnalisable<\/td>\n<\/tr>\n<tr data-start=\"2027\" data-end=\"2044\">\n<td data-start=\"2027\" data-end=\"2033\" data-col-size=\"sm\">MOQ<\/td>\n<td data-start=\"2033\" data-end=\"2044\" data-col-size=\"sm\">300 pi\u00e8ces<\/td>\n<\/tr>\n<\/tbody>\n<\/table>\n<\/div>\n<\/div>\n<h2 data-start=\"2046\" data-end=\"2062\">Applications<\/h2>\n<ul data-start=\"2063\" data-end=\"2178\">\n<li data-start=\"2063\" data-end=\"2089\">\n<p data-start=\"2065\" data-end=\"2089\">Trajets quotidiens au bureau<\/p>\n<\/li>\n<li data-start=\"2090\" data-end=\"2122\">\n<p data-start=\"2092\" data-end=\"2122\">Voyages d'affaires et r\u00e9unions<\/p>\n<\/li>\n<li data-start=\"2123\" data-end=\"2152\">\n<p data-start=\"2125\" data-end=\"2152\">Activit\u00e9s de plein air d\u00e9contract\u00e9es<\/p>\n<\/li>\n<li data-start=\"2153\" data-end=\"2178\">\n<p data-start=\"2155\" data-end=\"2178\">Usage personnel quotidien<\/p>\n<\/li>\n<\/ul>\n<p data-start=\"2180\" data-end=\"2414\">Le sac RONEER Crossbody Waist Shoulder Chest Bag a \u00e9t\u00e9 con\u00e7u pour allier praticit\u00e9 et style pour les hommes professionnels. Son design compact mais spacieux permet de ranger les objets essentiels en toute s\u00e9curit\u00e9 tout en conservant un look \u00e9l\u00e9gant.<\/p>\n<p data-start=\"2416\" data-end=\"2574\">Si vous \u00eates int\u00e9ress\u00e9 par ce sac, veuillez nous contacter pour demander un \u00e9chantillon. Les services ODM et OEM sont disponibles pour r\u00e9pondre \u00e0 vos besoins en mati\u00e8re de marquage et de conception.<\/p>","protected":false},"excerpt":{"rendered":"<p>Le RONEER Business Casual Crossbody Waist Shoulder Chest Bag a \u00e9t\u00e9 con\u00e7u pour les professionnels modernes \u00e0 la recherche d'un compagnon de tous les jours \u00e0 la fois pratique et \u00e9l\u00e9gant. Fabriqu\u00e9 en tissu Oxford de haute qualit\u00e9, ce sac offre une grande durabilit\u00e9 et une structure l\u00e9g\u00e8re adapt\u00e9e aux d\u00e9placements quotidiens ou aux voyages d'affaires. Le design noir uni et \u00e9l\u00e9gant est rehauss\u00e9 par des coutures pr\u00e9cises, ce qui lui conf\u00e8re un aspect raffin\u00e9 et contemporain. Des caract\u00e9ristiques respirantes, r\u00e9sistantes \u00e0 l'eau et ultral\u00e9g\u00e8res ont \u00e9t\u00e9 int\u00e9gr\u00e9es pour assurer confort et fonctionnalit\u00e9 tout au long de la journ\u00e9e.<\/p>","protected":false},"featured_media":2117,"comment_status":"open","ping_status":"closed","template":"","meta":{"site-sidebar-layout":"default","site-content-layout":"","ast-site-content-layout":"default","site-content-style":"default","site-sidebar-style":"default","ast-global-header-display":"","ast-banner-title-visibility":"","ast-main-header-display":"","ast-hfb-above-header-display":"","ast-hfb-below-header-display":"","ast-hfb-mobile-header-display":"","site-post-title":"","ast-breadcrumbs-content":"","ast-featured-img":"","footer-sml-layout":"","ast-disable-related-posts":"","theme-transparent-header-meta":"default","adv-header-id-meta":"","stick-header-meta":"","header-above-stick-meta":"","header-main-stick-meta":"","header-below-stick-meta":"","astra-migrate-meta-layouts":"set","ast-page-background-enabled":"default","ast-page-background-meta":{"desktop":{"background-color":"var(--ast-global-color-5)","background-image":"","background-repeat":"repeat","background-position":"center center","background-size":"auto","background-attachment":"scroll","background-type":"","background-media":"","overlay-type":"","overlay-color":"","overlay-opacity":"","overlay-gradient":""},"tablet":{"background-color":"","background-image":"","background-repeat":"repeat","background-position":"center center","background-size":"auto","background-attachment":"scroll","background-type":"","background-media":"","overlay-type":"","overlay-color":"","overlay-opacity":"","overlay-gradient":""},"mobile":{"background-color":"","background-image":"","background-repeat":"repeat","background-position":"center center","background-size":"auto","background-attachment":"scroll","background-type":"","background-media":"","overlay-type":"","overlay-color":"","overlay-opacity":"","overlay-gradient":""}},"ast-content-background-meta":{"desktop":{"background-color":"var(--ast-global-color-4)","background-image":"","background-repeat":"repeat","background-position":"center center","background-size":"auto","background-attachment":"scroll","background-type":"","background-media":"","overlay-type":"","overlay-color":"","overlay-opacity":"","overlay-gradient":""},"tablet":{"background-color":"var(--ast-global-color-4)","background-image":"","background-repeat":"repeat","background-position":"center center","background-size":"auto","background-attachment":"scroll","background-type":"","background-media":"","overlay-type":"","overlay-color":"","overlay-opacity":"","overlay-gradient":""},"mobile":{"background-color":"var(--ast-global-color-4)","background-image":"","background-repeat":"repeat","background-position":"center center","background-size":"auto","background-attachment":"scroll","background-type":"","background-media":"","overlay-type":"","overlay-color":"","overlay-opacity":"","overlay-gradient":""}}},"product_brand":[],"product_cat":[39,53],"product_tag":[],"class_list":{"0":"post-2115","1":"product","2":"type-product","3":"status-publish","4":"has-post-thumbnail","6":"product_cat-crossbody-bag","7":"product_cat-mens-bag","8":"desktop-align-left","9":"tablet-align-left","10":"mobile-align-left","12":"first","13":"instock","14":"shipping-taxable","15":"product-type-simple"},"_links":{"self":[{"href":"https:\/\/baijiabags.com\/fr\/wp-json\/wp\/v2\/product\/2115","targetHints":{"allow":["GET"]}}],"collection":[{"href":"https:\/\/baijiabags.com\/fr\/wp-json\/wp\/v2\/product"}],"about":[{"href":"https:\/\/baijiabags.com\/fr\/wp-json\/wp\/v2\/types\/product"}],"replies":[{"embeddable":true,"href":"https:\/\/baijiabags.com\/fr\/wp-json\/wp\/v2\/comments?post=2115"}],"wp:featuredmedia":[{"embeddable":true,"href":"https:\/\/baijiabags.com\/fr\/wp-json\/wp\/v2\/media\/2117"}],"wp:attachment":[{"href":"https:\/\/baijiabags.com\/fr\/wp-json\/wp\/v2\/media?parent=2115"}],"wp:term":[{"taxonomy":"product_brand","embeddable":true,"href":"https:\/\/baijiabags.com\/fr\/wp-json\/wp\/v2\/product_brand?post=2115"},{"taxonomy":"product_cat","embeddable":true,"href":"https:\/\/baijiabags.com\/fr\/wp-json\/wp\/v2\/product_cat?post=2115"},{"taxonomy":"product_tag","embeddable":true,"href":"https:\/\/baijiabags.com\/fr\/wp-json\/wp\/v2\/product_tag?post=2115"}],"curies":[{"name":"wp","href":"https:\/\/api.w.org\/{rel}","templated":true}]}}