{"id":2087,"date":"2025-09-22T07:31:19","date_gmt":"2025-09-22T07:31:19","guid":{"rendered":"https:\/\/baijiabags.com\/?post_type=product&#038;p=2087"},"modified":"2025-09-22T07:31:19","modified_gmt":"2025-09-22T07:31:19","slug":"large-capacity-mens-nylon-business-backpack-usb-charging-commuter-bag-stylish-gif","status":"publish","type":"product","link":"https:\/\/baijiabags.com\/fr\/produit\/large-capacity-mens-nylon-business-backpack-usb-charging-commuter-bag-stylish-gif\/","title":{"rendered":"Large Capacity Mens Nylon Business Backpack USB Charging Commuter Bag Stylish Gif"},"content":{"rendered":"<h2 data-start=\"726\" data-end=\"743\">Caract\u00e9ristiques principales<\/h2>\n<ol data-start=\"745\" data-end=\"1903\">\n<li data-start=\"745\" data-end=\"902\">\n<p data-start=\"748\" data-end=\"902\"><strong data-start=\"748\" data-end=\"774\">Grande capacit\u00e9 de stockage :<\/strong>Un agencement \u00e0 plusieurs compartiments a \u00e9t\u00e9 cr\u00e9\u00e9 pour accueillir facilement les ordinateurs portables, les livres, les documents et les effets personnels.<\/p>\n<\/li>\n<li data-start=\"904\" data-end=\"1040\">\n<p data-start=\"907\" data-end=\"1040\"><strong data-start=\"907\" data-end=\"928\">Port de charge USB :<\/strong>Une interface USB externe a \u00e9t\u00e9 int\u00e9gr\u00e9e pour permettre une recharge pratique pendant les trajets quotidiens.<\/p>\n<\/li>\n<li data-start=\"1042\" data-end=\"1200\">\n<p data-start=\"1045\" data-end=\"1200\"><strong data-start=\"1045\" data-end=\"1071\">Nylon durable Mat\u00e9riau :<\/strong>Le sac \u00e0 dos a \u00e9t\u00e9 fabriqu\u00e9 en nylon de haute qualit\u00e9 et renforc\u00e9 par des accents en cuir pour garantir la r\u00e9sistance \u00e0 l'abrasion.<\/p>\n<\/li>\n<li data-start=\"1202\" data-end=\"1348\">\n<p data-start=\"1205\" data-end=\"1348\"><strong data-start=\"1205\" data-end=\"1236\">Syst\u00e8me de portage confortable :<\/strong>Des bretelles rembourr\u00e9es et des panneaux dorsaux respirants ont \u00e9t\u00e9 appliqu\u00e9s pour am\u00e9liorer le confort lors d'une utilisation prolong\u00e9e.<\/p>\n<\/li>\n<li data-start=\"1350\" data-end=\"1482\">\n<p data-start=\"1353\" data-end=\"1482\"><strong data-start=\"1353\" data-end=\"1379\">Finition r\u00e9sistante \u00e0 l'eau : <\/strong>Un rev\u00eatement protecteur a \u00e9t\u00e9 ajout\u00e9 pour r\u00e9sister \u00e0 l'eau et prot\u00e9ger les effets personnels en cas de pluie l\u00e9g\u00e8re.<\/p>\n<\/li>\n<li data-start=\"1484\" data-end=\"1628\">\n<p data-start=\"1487\" data-end=\"1628\"><strong data-start=\"1487\" data-end=\"1505\">Design \u00e9l\u00e9gant : <\/strong>Une esth\u00e9tique r\u00e9tro europ\u00e9enne a \u00e9t\u00e9 adopt\u00e9e, soulign\u00e9e par des d\u00e9tails de couture et un motif minimaliste de couleur unie.<\/p>\n<\/li>\n<li data-start=\"1630\" data-end=\"1758\">\n<p data-start=\"1633\" data-end=\"1758\"><strong data-start=\"1633\" data-end=\"1656\">Unisexe Adaptabilit\u00e9 :<\/strong>Un look polyvalent a \u00e9t\u00e9 con\u00e7u pour convenir aux hommes et aux femmes, pour un usage professionnel ou d\u00e9contract\u00e9.<\/p>\n<\/li>\n<li data-start=\"1760\" data-end=\"1903\">\n<p data-start=\"1763\" data-end=\"1903\"><strong data-start=\"1763\" data-end=\"1781\">Stockage s\u00e9curis\u00e9 : <\/strong>De multiples compartiments \u00e0 fermeture \u00e9clair et des poches cach\u00e9es ont \u00e9t\u00e9 incorpor\u00e9s pour assurer l'organisation s\u00e9curis\u00e9e des objets de valeur.<\/p>\n<\/li>\n<\/ol>\n<h2 data-start=\"1910\" data-end=\"1929\">Sp\u00e9cifications<\/h2>\n<div class=\"_tableContainer_1rjym_1\">\n<div class=\"group _tableWrapper_1rjym_13 flex w-fit flex-col-reverse\" tabindex=\"-1\">\n<table class=\"w-fit min-w-(--thread-content-width)\" data-start=\"1931\" data-end=\"2776\">\n<thead data-start=\"1931\" data-end=\"1976\">\n<tr data-start=\"1931\" data-end=\"1976\">\n<th data-start=\"1931\" data-end=\"1957\" data-col-size=\"sm\"><strong data-start=\"1933\" data-end=\"1950\">Sp\u00e9cifications<\/strong><\/th>\n<th data-start=\"1957\" data-end=\"1976\" data-col-size=\"sm\"><strong data-start=\"1959\" data-end=\"1974\">Description<\/strong><\/th>\n<\/tr>\n<\/thead>\n<tbody data-start=\"2024\" data-end=\"2776\">\n<tr data-start=\"2024\" data-end=\"2063\">\n<td data-start=\"2024\" data-end=\"2051\" data-col-size=\"sm\">Nom du produit<\/td>\n<td data-start=\"2051\" data-end=\"2063\" data-col-size=\"sm\">Sac \u00e0 dos<\/td>\n<\/tr>\n<tr data-start=\"2064\" data-end=\"2101\">\n<td data-start=\"2064\" data-end=\"2091\" data-col-size=\"sm\">Marque<\/td>\n<td data-start=\"2091\" data-end=\"2101\" data-col-size=\"sm\">RONEER<\/td>\n<\/tr>\n<tr data-start=\"2102\" data-end=\"2149\">\n<td data-start=\"2102\" data-end=\"2129\" data-col-size=\"sm\">Origine<\/td>\n<td data-start=\"2129\" data-end=\"2149\" data-col-size=\"sm\">Guangdong, Chine<\/td>\n<\/tr>\n<tr data-start=\"2150\" data-end=\"2204\">\n<td data-start=\"2150\" data-end=\"2177\" data-col-size=\"sm\">Mat\u00e9riau<\/td>\n<td data-start=\"2177\" data-end=\"2204\" data-col-size=\"sm\">Nylon avec garniture en cuir<\/td>\n<\/tr>\n<tr data-start=\"2205\" data-end=\"2271\">\n<td data-start=\"2205\" data-end=\"2232\" data-col-size=\"sm\">Fonction<\/td>\n<td data-start=\"2232\" data-end=\"2271\" data-col-size=\"sm\">R\u00e9sistant \u00e0 l'abrasion, r\u00e9sistant \u00e0 l'eau<\/td>\n<\/tr>\n<tr data-start=\"2272\" data-end=\"2323\">\n<td data-start=\"2272\" data-end=\"2299\" data-col-size=\"sm\">Genre ad\u00e9quat<\/td>\n<td data-start=\"2299\" data-end=\"2323\" data-col-size=\"sm\">Unisexe (hommes et femmes)<\/td>\n<\/tr>\n<tr data-start=\"2324\" data-end=\"2377\">\n<td data-start=\"2324\" data-end=\"2351\" data-col-size=\"sm\">Mat\u00e9riau de la doublure<\/td>\n<td data-start=\"2351\" data-end=\"2377\" data-col-size=\"sm\">M\u00e9lange polyester-coton<\/td>\n<\/tr>\n<tr data-start=\"2378\" data-end=\"2420\">\n<td data-start=\"2378\" data-end=\"2405\" data-col-size=\"sm\">Mod\u00e8le<\/td>\n<td data-start=\"2405\" data-end=\"2420\" data-col-size=\"sm\">Couleur unie<\/td>\n<\/tr>\n<tr data-start=\"2421\" data-end=\"2466\">\n<td data-start=\"2421\" data-end=\"2448\" data-col-size=\"sm\">Style<\/td>\n<td data-start=\"2448\" data-end=\"2466\" data-col-size=\"sm\">R\u00e9tro europ\u00e9en<\/td>\n<\/tr>\n<tr data-start=\"2467\" data-end=\"2518\">\n<td data-start=\"2467\" data-end=\"2494\" data-col-size=\"sm\">\u00c9l\u00e9ments de conception<\/td>\n<td data-start=\"2494\" data-end=\"2518\" data-col-size=\"sm\">D\u00e9coration par couture<\/td>\n<\/tr>\n<tr data-start=\"2519\" data-end=\"2568\">\n<td data-start=\"2519\" data-end=\"2546\" data-col-size=\"sm\">Couleurs disponibles<\/td>\n<td data-start=\"2546\" data-end=\"2568\" data-col-size=\"sm\">Noir, caf\u00e9 fonc\u00e9<\/td>\n<\/tr>\n<tr data-start=\"2569\" data-end=\"2638\">\n<td data-start=\"2569\" data-end=\"2596\" data-col-size=\"sm\">Capacit\u00e9<\/td>\n<td data-start=\"2596\" data-end=\"2638\" data-col-size=\"sm\">Con\u00e7u pour les ordinateurs portables jusqu'\u00e0 15,6 pouces<\/td>\n<\/tr>\n<tr data-start=\"2639\" data-end=\"2676\">\n<td data-start=\"2639\" data-end=\"2666\" data-col-size=\"sm\">Type de fermeture<\/td>\n<td data-start=\"2666\" data-end=\"2676\" data-col-size=\"sm\">Fermeture \u00e0 glissi\u00e8re<\/td>\n<\/tr>\n<tr data-start=\"2677\" data-end=\"2718\">\n<td data-start=\"2677\" data-end=\"2704\" data-col-size=\"sm\">Quantit\u00e9 minimale de commande<\/td>\n<td data-start=\"2704\" data-end=\"2718\" data-col-size=\"sm\">300 pi\u00e8ces<\/td>\n<\/tr>\n<tr data-start=\"2719\" data-end=\"2776\">\n<td data-start=\"2719\" data-end=\"2746\" data-col-size=\"sm\">Domaine d'application<\/td>\n<td data-start=\"2746\" data-end=\"2776\" data-col-size=\"sm\">Travail, d\u00e9placements, utilisation quotidienne<\/td>\n<\/tr>\n<\/tbody>\n<\/table>\n<\/div>\n<\/div>\n<h2 data-start=\"2783\" data-end=\"2800\">Applications<\/h2>\n<ul data-start=\"2802\" data-end=\"3296\">\n<li data-start=\"2802\" data-end=\"2924\">\n<p data-start=\"2804\" data-end=\"2924\">Le sac \u00e0 dos a \u00e9t\u00e9 con\u00e7u pour <strong data-start=\"2839\" data-end=\"2865\">les professionnels du monde des affaires<\/strong> qui ont besoin d'un espace de rangement organis\u00e9 pour leurs ordinateurs portables et leurs documents.<\/p>\n<\/li>\n<li data-start=\"2925\" data-end=\"3015\">\n<p data-start=\"2927\" data-end=\"3015\">Il a \u00e9t\u00e9 fabriqu\u00e9 pour <strong data-start=\"2956\" data-end=\"2975\">les navetteurs quotidiens<\/strong> qui ont besoin \u00e0 la fois de praticit\u00e9 et de style.<\/p>\n<\/li>\n<li data-start=\"3016\" data-end=\"3114\">\n<p data-start=\"3018\" data-end=\"3114\">Il a \u00e9t\u00e9 adapt\u00e9 pour <strong data-start=\"3042\" data-end=\"3055\">voyageurs<\/strong> qui ont besoin d'une capacit\u00e9 et d'une s\u00e9curit\u00e9 accrues pendant les trajets.<\/p>\n<\/li>\n<li data-start=\"3115\" data-end=\"3203\">\n<p data-start=\"3117\" data-end=\"3203\">Il a \u00e9t\u00e9 adapt\u00e9 pour <strong data-start=\"3140\" data-end=\"3152\">\u00e9tudiants<\/strong> qui transportent plusieurs livres et appareils \u00e9lectroniques.<\/p>\n<\/li>\n<li data-start=\"3204\" data-end=\"3296\">\n<p data-start=\"3206\" data-end=\"3296\">Le produit a \u00e9t\u00e9 positionn\u00e9 comme un <strong data-start=\"3243\" data-end=\"3258\">option cadeau<\/strong> pour les amis, la famille ou les coll\u00e8gues.<\/p>\n<\/li>\n<\/ul>\n<p data-start=\"3303\" data-end=\"3524\">Si ce sac \u00e0 dos RONEER suscite de l'int\u00e9r\u00eat, des \u00e9chantillons peuvent \u00eatre demand\u00e9s en nous contactant directement. <strong data-start=\"3411\" data-end=\"3433\">Services ODM et OEM<\/strong> ont \u00e9t\u00e9 propos\u00e9s pour r\u00e9pondre \u00e0 des exigences personnalis\u00e9es en mati\u00e8re de marque, de conception et de commandes en gros.<\/p>","protected":false},"excerpt":{"rendered":"<p>A <strong data-start=\"202\" data-end=\"250\">sac \u00e0 dos d'affaires en nylon de grande capacit\u00e9 pour hommes<\/strong> a \u00e9t\u00e9 con\u00e7u sous la marque <strong data-start=\"285\" data-end=\"295\">RONEER<\/strong> pour r\u00e9pondre aux besoins des navetteurs, des professionnels et des voyageurs. Un style polyvalent a \u00e9t\u00e9 adopt\u00e9 et le sac a \u00e9t\u00e9 fabriqu\u00e9 avec des mat\u00e9riaux durables pour garantir une utilisation \u00e0 long terme. Une interface de chargement USB moderne a \u00e9t\u00e9 int\u00e9gr\u00e9e pour permettre de recharger les appareils mobiles en d\u00e9placement. Le sac \u00e0 dos a \u00e9t\u00e9 con\u00e7u pour les hommes et les femmes, avec un attrait unisexe cr\u00e9\u00e9 par son design \u00e9l\u00e9gant et ses options de couleurs classiques.<\/p>","protected":false},"featured_media":2090,"comment_status":"open","ping_status":"closed","template":"","meta":{"site-sidebar-layout":"default","site-content-layout":"","ast-site-content-layout":"default","site-content-style":"default","site-sidebar-style":"default","ast-global-header-display":"","ast-banner-title-visibility":"","ast-main-header-display":"","ast-hfb-above-header-display":"","ast-hfb-below-header-display":"","ast-hfb-mobile-header-display":"","site-post-title":"","ast-breadcrumbs-content":"","ast-featured-img":"","footer-sml-layout":"","ast-disable-related-posts":"","theme-transparent-header-meta":"default","adv-header-id-meta":"","stick-header-meta":"","header-above-stick-meta":"","header-main-stick-meta":"","header-below-stick-meta":"","astra-migrate-meta-layouts":"set","ast-page-background-enabled":"default","ast-page-background-meta":{"desktop":{"background-color":"var(--ast-global-color-5)","background-image":"","background-repeat":"repeat","background-position":"center center","background-size":"auto","background-attachment":"scroll","background-type":"","background-media":"","overlay-type":"","overlay-color":"","overlay-opacity":"","overlay-gradient":""},"tablet":{"background-color":"","background-image":"","background-repeat":"repeat","background-position":"center center","background-size":"auto","background-attachment":"scroll","background-type":"","background-media":"","overlay-type":"","overlay-color":"","overlay-opacity":"","overlay-gradient":""},"mobile":{"background-color":"","background-image":"","background-repeat":"repeat","background-position":"center center","background-size":"auto","background-attachment":"scroll","background-type":"","background-media":"","overlay-type":"","overlay-color":"","overlay-opacity":"","overlay-gradient":""}},"ast-content-background-meta":{"desktop":{"background-color":"var(--ast-global-color-4)","background-image":"","background-repeat":"repeat","background-position":"center center","background-size":"auto","background-attachment":"scroll","background-type":"","background-media":"","overlay-type":"","overlay-color":"","overlay-opacity":"","overlay-gradient":""},"tablet":{"background-color":"var(--ast-global-color-4)","background-image":"","background-repeat":"repeat","background-position":"center center","background-size":"auto","background-attachment":"scroll","background-type":"","background-media":"","overlay-type":"","overlay-color":"","overlay-opacity":"","overlay-gradient":""},"mobile":{"background-color":"var(--ast-global-color-4)","background-image":"","background-repeat":"repeat","background-position":"center center","background-size":"auto","background-attachment":"scroll","background-type":"","background-media":"","overlay-type":"","overlay-color":"","overlay-opacity":"","overlay-gradient":""}}},"product_brand":[],"product_cat":[21],"product_tag":[],"class_list":{"0":"post-2087","1":"product","2":"type-product","3":"status-publish","4":"has-post-thumbnail","6":"product_cat-backpack","7":"desktop-align-left","8":"tablet-align-left","9":"mobile-align-left","11":"first","12":"instock","13":"shipping-taxable","14":"product-type-simple"},"_links":{"self":[{"href":"https:\/\/baijiabags.com\/fr\/wp-json\/wp\/v2\/product\/2087","targetHints":{"allow":["GET"]}}],"collection":[{"href":"https:\/\/baijiabags.com\/fr\/wp-json\/wp\/v2\/product"}],"about":[{"href":"https:\/\/baijiabags.com\/fr\/wp-json\/wp\/v2\/types\/product"}],"replies":[{"embeddable":true,"href":"https:\/\/baijiabags.com\/fr\/wp-json\/wp\/v2\/comments?post=2087"}],"wp:featuredmedia":[{"embeddable":true,"href":"https:\/\/baijiabags.com\/fr\/wp-json\/wp\/v2\/media\/2090"}],"wp:attachment":[{"href":"https:\/\/baijiabags.com\/fr\/wp-json\/wp\/v2\/media?parent=2087"}],"wp:term":[{"taxonomy":"product_brand","embeddable":true,"href":"https:\/\/baijiabags.com\/fr\/wp-json\/wp\/v2\/product_brand?post=2087"},{"taxonomy":"product_cat","embeddable":true,"href":"https:\/\/baijiabags.com\/fr\/wp-json\/wp\/v2\/product_cat?post=2087"},{"taxonomy":"product_tag","embeddable":true,"href":"https:\/\/baijiabags.com\/fr\/wp-json\/wp\/v2\/product_tag?post=2087"}],"curies":[{"name":"wp","href":"https:\/\/api.w.org\/{rel}","templated":true}]}}