{"id":2061,"date":"2025-09-22T06:25:38","date_gmt":"2025-09-22T06:25:38","guid":{"rendered":"https:\/\/baijiabags.com\/?post_type=product&#038;p=2061"},"modified":"2025-09-22T06:25:38","modified_gmt":"2025-09-22T06:25:38","slug":"wholesale-factory-leather-backpack-new-daily-laptop-bag-teen-fashion-womens-mens-custom","status":"publish","type":"product","link":"https:\/\/baijiabags.com\/fr\/produit\/wholesale-factory-leather-backpack-new-daily-laptop-bag-teen-fashion-womens-mens-custom\/","title":{"rendered":"Wholesale Factory Leather Backpack New Daily Laptop Bag Teen Fashion Womens Mens Custom"},"content":{"rendered":"<h2 data-start=\"777\" data-end=\"793\">Caract\u00e9ristiques principales<\/h2>\n<ol data-start=\"794\" data-end=\"1486\">\n<li data-start=\"794\" data-end=\"891\">\n<p data-start=\"797\" data-end=\"891\"><strong data-start=\"797\" data-end=\"819\">Design \u00e0 la mode<\/strong> - Un style moderne qui s'adapte aussi bien aux environnements d\u00e9contract\u00e9s que professionnels.<\/p>\n<\/li>\n<li data-start=\"892\" data-end=\"977\">\n<p data-start=\"895\" data-end=\"977\"><strong data-start=\"895\" data-end=\"915\">Mat\u00e9riau durable<\/strong> - Fabriqu\u00e9 en cuir PU de premi\u00e8re qualit\u00e9 pour une utilisation durable.<\/p>\n<\/li>\n<li data-start=\"978\" data-end=\"1057\">\n<p data-start=\"981\" data-end=\"1057\"><strong data-start=\"981\" data-end=\"1003\">Fonction imperm\u00e9able \u00e0 l'eau<\/strong> - Prot\u00e8ge le contenu de la pluie ou des d\u00e9versements accidentels.<\/p>\n<\/li>\n<li data-start=\"1058\" data-end=\"1132\">\n<p data-start=\"1061\" data-end=\"1132\"><strong data-start=\"1061\" data-end=\"1089\">Portable et l\u00e9ger<\/strong> - Facile \u00e0 transporter pour les trajets quotidiens ou les voyages.<\/p>\n<\/li>\n<li data-start=\"1133\" data-end=\"1209\">\n<p data-start=\"1136\" data-end=\"1209\"><strong data-start=\"1136\" data-end=\"1159\">Fonction antivol<\/strong> - Fermetures \u00e9clair s\u00e9curis\u00e9es et poches cach\u00e9es pour plus de s\u00e9curit\u00e9.<\/p>\n<\/li>\n<li data-start=\"1210\" data-end=\"1311\">\n<p data-start=\"1213\" data-end=\"1311\"><strong data-start=\"1213\" data-end=\"1234\">Int\u00e9rieur spacieux<\/strong> - Comprend une poche pour t\u00e9l\u00e9phone portable et plusieurs compartiments pour l'organisation.<\/p>\n<\/li>\n<li data-start=\"1312\" data-end=\"1400\">\n<p data-start=\"1315\" data-end=\"1400\"><strong data-start=\"1315\" data-end=\"1338\">Couleurs personnalisables<\/strong> - Disponible en diff\u00e9rentes couleurs pour s'adapter aux pr\u00e9f\u00e9rences personnelles.<\/p>\n<\/li>\n<li data-start=\"1401\" data-end=\"1486\">\n<p data-start=\"1404\" data-end=\"1486\"><strong data-start=\"1404\" data-end=\"1421\">Utilisation polyvalente<\/strong> - Convient pour le travail, l'\u00e9cole, les courses quotidiennes ou les sorties d\u00e9contract\u00e9es.<\/p>\n<\/li>\n<\/ol>\n<h2 data-start=\"1488\" data-end=\"1506\">Sp\u00e9cifications<\/h2>\n<div class=\"_tableContainer_1rjym_1\">\n<div class=\"group _tableWrapper_1rjym_13 flex w-fit flex-col-reverse\" tabindex=\"-1\">\n<table class=\"w-fit min-w-(--thread-content-width)\" data-start=\"1508\" data-end=\"2397\">\n<thead data-start=\"1508\" data-end=\"1574\">\n<tr data-start=\"1508\" data-end=\"1574\">\n<th data-start=\"1508\" data-end=\"1533\" data-col-size=\"sm\">Param\u00e8tres<\/th>\n<th data-start=\"1533\" data-end=\"1574\" data-col-size=\"sm\">Description<\/th>\n<\/tr>\n<\/thead>\n<tbody data-start=\"1642\" data-end=\"2397\">\n<tr data-start=\"1642\" data-end=\"1709\">\n<td data-start=\"1642\" data-end=\"1667\" data-col-size=\"sm\">Nom du produit<\/td>\n<td data-start=\"1667\" data-end=\"1709\" data-col-size=\"sm\">Sac \u00e0 dos d'ext\u00e9rieur<\/td>\n<\/tr>\n<tr data-start=\"1710\" data-end=\"1777\">\n<td data-start=\"1710\" data-end=\"1735\" data-col-size=\"sm\">Marque<\/td>\n<td data-start=\"1735\" data-end=\"1777\" data-col-size=\"sm\">RONEER<\/td>\n<\/tr>\n<tr data-start=\"1778\" data-end=\"1846\">\n<td data-start=\"1778\" data-end=\"1803\" data-col-size=\"sm\">Mod\u00e8le<\/td>\n<td data-start=\"1803\" data-end=\"1846\" data-col-size=\"sm\">GB-4617<\/td>\n<\/tr>\n<tr data-start=\"1847\" data-end=\"1915\">\n<td data-start=\"1847\" data-end=\"1872\" data-col-size=\"sm\">Origine<\/td>\n<td data-start=\"1872\" data-end=\"1915\" data-col-size=\"sm\">Guangdong, Chine<\/td>\n<\/tr>\n<tr data-start=\"1916\" data-end=\"1984\">\n<td data-start=\"1916\" data-end=\"1941\" data-col-size=\"sm\">Style<\/td>\n<td data-start=\"1941\" data-end=\"1984\" data-col-size=\"sm\">La mode<\/td>\n<\/tr>\n<tr data-start=\"1985\" data-end=\"2053\">\n<td data-start=\"1985\" data-end=\"2010\" data-col-size=\"sm\">Mat\u00e9riau principal<\/td>\n<td data-start=\"2010\" data-end=\"2053\" data-col-size=\"sm\">Cuir PU<\/td>\n<\/tr>\n<tr data-start=\"2054\" data-end=\"2122\">\n<td data-start=\"2054\" data-end=\"2079\" data-col-size=\"sm\">Couleur<\/td>\n<td data-start=\"2079\" data-end=\"2122\" data-col-size=\"sm\">Personnalisable<\/td>\n<\/tr>\n<tr data-start=\"2123\" data-end=\"2191\">\n<td data-start=\"2123\" data-end=\"2148\" data-col-size=\"sm\">Poche int\u00e9rieure<\/td>\n<td data-start=\"2148\" data-end=\"2191\" data-col-size=\"sm\">Pochette pour t\u00e9l\u00e9phone portable<\/td>\n<\/tr>\n<tr data-start=\"2192\" data-end=\"2259\">\n<td data-start=\"2192\" data-end=\"2217\" data-col-size=\"sm\">Caract\u00e9ristiques<\/td>\n<td data-start=\"2217\" data-end=\"2259\" data-col-size=\"sm\">\u00c9tanche, portable, antivol<\/td>\n<\/tr>\n<tr data-start=\"2260\" data-end=\"2328\">\n<td data-start=\"2260\" data-end=\"2285\" data-col-size=\"sm\">Quantit\u00e9 minimale de commande<\/td>\n<td data-start=\"2285\" data-end=\"2328\" data-col-size=\"sm\">300<\/td>\n<\/tr>\n<tr data-start=\"2329\" data-end=\"2397\">\n<td data-start=\"2329\" data-end=\"2354\" data-col-size=\"sm\">Application<\/td>\n<td data-start=\"2354\" data-end=\"2397\" data-col-size=\"sm\">Travail, utilisation quotidienne<\/td>\n<\/tr>\n<\/tbody>\n<\/table>\n<\/div>\n<\/div>\n<h2 data-start=\"2399\" data-end=\"2415\">Applications<\/h2>\n<ul data-start=\"2416\" data-end=\"2557\">\n<li data-start=\"2416\" data-end=\"2447\">\n<p data-start=\"2418\" data-end=\"2447\">Se rendre au travail ou \u00e0 l'\u00e9cole<\/p>\n<\/li>\n<li data-start=\"2448\" data-end=\"2484\">\n<p data-start=\"2450\" data-end=\"2484\">Courses quotidiennes et sorties occasionnelles<\/p>\n<\/li>\n<li data-start=\"2485\" data-end=\"2523\">\n<p data-start=\"2487\" data-end=\"2523\">Voyage l\u00e9ger et courts trajets<\/p>\n<\/li>\n<li data-start=\"2524\" data-end=\"2557\">\n<p data-start=\"2526\" data-end=\"2557\">Mode pour adolescents et usage personnel<\/p>\n<\/li>\n<\/ul>\n<p data-start=\"2897\" data-end=\"3059\">Si vous \u00eates int\u00e9ress\u00e9 par ce sac \u00e0 dos, veuillez nous contacter pour demander un \u00e9chantillon. Les services ODM et OEM sont disponibles pour r\u00e9pondre \u00e0 vos besoins sp\u00e9cifiques en mati\u00e8re de conception et de marquage.<\/p>","protected":false},"excerpt":{"rendered":"<p>Le sac \u00e0 dos en cuir RONEER GB-4617 a \u00e9t\u00e9 con\u00e7u pour r\u00e9pondre aux exigences de la vie quotidienne, de l'\u00e9cole et du travail. Ce sac \u00e0 dos polyvalent a \u00e9t\u00e9 fabriqu\u00e9 en cuir PU de haute qualit\u00e9, offrant \u00e0 la fois durabilit\u00e9 et apparence \u00e0 la mode. Avec ses options de couleurs personnalisables, ce sac \u00e0 dos convient aux adolescents, aux hommes et aux femmes qui recherchent un m\u00e9lange de style et de praticit\u00e9. L'int\u00e9rieur est \u00e9quip\u00e9 d'une poche d\u00e9di\u00e9e au t\u00e9l\u00e9phone portable, ce qui permet d'organiser les objets essentiels et de les rendre facilement accessibles. Sa construction l\u00e9g\u00e8re permet de le porter confortablement tout au long de la journ\u00e9e, ce qui en fait un choix fiable pour un usage quotidien.<\/p>","protected":false},"featured_media":2064,"comment_status":"open","ping_status":"closed","template":"","meta":{"site-sidebar-layout":"default","site-content-layout":"","ast-site-content-layout":"default","site-content-style":"default","site-sidebar-style":"default","ast-global-header-display":"","ast-banner-title-visibility":"","ast-main-header-display":"","ast-hfb-above-header-display":"","ast-hfb-below-header-display":"","ast-hfb-mobile-header-display":"","site-post-title":"","ast-breadcrumbs-content":"","ast-featured-img":"","footer-sml-layout":"","ast-disable-related-posts":"","theme-transparent-header-meta":"default","adv-header-id-meta":"","stick-header-meta":"","header-above-stick-meta":"","header-main-stick-meta":"","header-below-stick-meta":"","astra-migrate-meta-layouts":"set","ast-page-background-enabled":"default","ast-page-background-meta":{"desktop":{"background-color":"var(--ast-global-color-5)","background-image":"","background-repeat":"repeat","background-position":"center center","background-size":"auto","background-attachment":"scroll","background-type":"","background-media":"","overlay-type":"","overlay-color":"","overlay-opacity":"","overlay-gradient":""},"tablet":{"background-color":"","background-image":"","background-repeat":"repeat","background-position":"center center","background-size":"auto","background-attachment":"scroll","background-type":"","background-media":"","overlay-type":"","overlay-color":"","overlay-opacity":"","overlay-gradient":""},"mobile":{"background-color":"","background-image":"","background-repeat":"repeat","background-position":"center center","background-size":"auto","background-attachment":"scroll","background-type":"","background-media":"","overlay-type":"","overlay-color":"","overlay-opacity":"","overlay-gradient":""}},"ast-content-background-meta":{"desktop":{"background-color":"var(--ast-global-color-4)","background-image":"","background-repeat":"repeat","background-position":"center center","background-size":"auto","background-attachment":"scroll","background-type":"","background-media":"","overlay-type":"","overlay-color":"","overlay-opacity":"","overlay-gradient":""},"tablet":{"background-color":"var(--ast-global-color-4)","background-image":"","background-repeat":"repeat","background-position":"center center","background-size":"auto","background-attachment":"scroll","background-type":"","background-media":"","overlay-type":"","overlay-color":"","overlay-opacity":"","overlay-gradient":""},"mobile":{"background-color":"var(--ast-global-color-4)","background-image":"","background-repeat":"repeat","background-position":"center center","background-size":"auto","background-attachment":"scroll","background-type":"","background-media":"","overlay-type":"","overlay-color":"","overlay-opacity":"","overlay-gradient":""}}},"product_brand":[],"product_cat":[21],"product_tag":[],"class_list":{"0":"post-2061","1":"product","2":"type-product","3":"status-publish","4":"has-post-thumbnail","6":"product_cat-backpack","7":"desktop-align-left","8":"tablet-align-left","9":"mobile-align-left","11":"first","12":"instock","13":"shipping-taxable","14":"product-type-simple"},"_links":{"self":[{"href":"https:\/\/baijiabags.com\/fr\/wp-json\/wp\/v2\/product\/2061","targetHints":{"allow":["GET"]}}],"collection":[{"href":"https:\/\/baijiabags.com\/fr\/wp-json\/wp\/v2\/product"}],"about":[{"href":"https:\/\/baijiabags.com\/fr\/wp-json\/wp\/v2\/types\/product"}],"replies":[{"embeddable":true,"href":"https:\/\/baijiabags.com\/fr\/wp-json\/wp\/v2\/comments?post=2061"}],"wp:featuredmedia":[{"embeddable":true,"href":"https:\/\/baijiabags.com\/fr\/wp-json\/wp\/v2\/media\/2064"}],"wp:attachment":[{"href":"https:\/\/baijiabags.com\/fr\/wp-json\/wp\/v2\/media?parent=2061"}],"wp:term":[{"taxonomy":"product_brand","embeddable":true,"href":"https:\/\/baijiabags.com\/fr\/wp-json\/wp\/v2\/product_brand?post=2061"},{"taxonomy":"product_cat","embeddable":true,"href":"https:\/\/baijiabags.com\/fr\/wp-json\/wp\/v2\/product_cat?post=2061"},{"taxonomy":"product_tag","embeddable":true,"href":"https:\/\/baijiabags.com\/fr\/wp-json\/wp\/v2\/product_tag?post=2061"}],"curies":[{"name":"wp","href":"https:\/\/api.w.org\/{rel}","templated":true}]}}