{"id":2034,"date":"2025-09-22T04:04:51","date_gmt":"2025-09-22T04:04:51","guid":{"rendered":"https:\/\/baijiabags.com\/?post_type=product&#038;p=2034"},"modified":"2025-11-01T01:21:58","modified_gmt":"2025-11-01T01:21:58","slug":"factory-wholesale-womens-mini-leather-tote-cute-crocodile-texture-shoulder-crossbody-bag-brand-style","status":"publish","type":"product","link":"https:\/\/baijiabags.com\/fr\/produit\/factory-wholesale-womens-mini-leather-tote-cute-crocodile-texture-shoulder-crossbody-bag-brand-style\/","title":{"rendered":"Factory Wholesale Womens Mini Leather Tote Cute Crocodile Texture Shoulder Crossbody Bag Brand Style"},"content":{"rendered":"<h2 data-start=\"896\" data-end=\"912\">Caract\u00e9ristiques principales<\/h2>\n<ol data-start=\"913\" data-end=\"1519\">\n<li data-start=\"913\" data-end=\"994\">\n<p data-start=\"916\" data-end=\"994\"><strong data-start=\"916\" data-end=\"938\">Design \u00e0 la mode<\/strong> - Un mini fourre-tout \u00e9l\u00e9gant qui convient \u00e0 toutes les occasions.<\/p>\n<\/li>\n<li data-start=\"995\" data-end=\"1068\">\n<p data-start=\"998\" data-end=\"1068\"><strong data-start=\"998\" data-end=\"1019\">Texture crocodile<\/strong> - Ajoute un aspect tendance et accrocheur au sac.<\/p>\n<\/li>\n<li data-start=\"1069\" data-end=\"1144\">\n<p data-start=\"1072\" data-end=\"1144\"><strong data-start=\"1072\" data-end=\"1092\">Mat\u00e9riau durable<\/strong> - Fabriqu\u00e9 en cuir de premi\u00e8re qualit\u00e9 pour une utilisation durable.<\/p>\n<\/li>\n<li data-start=\"1145\" data-end=\"1219\">\n<p data-start=\"1148\" data-end=\"1219\"><strong data-start=\"1148\" data-end=\"1167\">R\u00e9sistant \u00e0 l'eau<\/strong> - Prot\u00e8ge les effets personnels de la pluie l\u00e9g\u00e8re et des \u00e9claboussures.<\/p>\n<\/li>\n<li data-start=\"1220\" data-end=\"1292\">\n<p data-start=\"1223\" data-end=\"1292\"><strong data-start=\"1223\" data-end=\"1240\">Taille portable<\/strong> - Ses dimensions compactes permettent de le transporter facilement au quotidien.<\/p>\n<\/li>\n<li data-start=\"1293\" data-end=\"1370\">\n<p data-start=\"1296\" data-end=\"1370\"><strong data-start=\"1296\" data-end=\"1322\">Options de port multiples<\/strong> - Peut \u00eatre port\u00e9 \u00e0 l'\u00e9paule ou en bandouli\u00e8re.<\/p>\n<\/li>\n<li data-start=\"1371\" data-end=\"1447\">\n<p data-start=\"1374\" data-end=\"1447\"><strong data-start=\"1374\" data-end=\"1395\">Logo personnalisable<\/strong> - Permet le marquage \u00e0 des fins personnelles ou commerciales.<\/p>\n<\/li>\n<li data-start=\"1448\" data-end=\"1519\">\n<p data-start=\"1451\" data-end=\"1519\"><strong data-start=\"1451\" data-end=\"1471\">Entretien facile<\/strong> - La doublure int\u00e9rieure lisse facilite le nettoyage.<\/p>\n<\/li>\n<\/ol>\n<h2 data-start=\"1521\" data-end=\"1539\">Sp\u00e9cifications<\/h2>\n<div class=\"_tableContainer_1rjym_1\">\n<div class=\"group _tableWrapper_1rjym_13 flex w-fit flex-col-reverse\" tabindex=\"-1\">\n<table class=\"w-fit min-w-(--thread-content-width)\" data-start=\"1541\" data-end=\"1873\">\n<thead data-start=\"1541\" data-end=\"1564\">\n<tr data-start=\"1541\" data-end=\"1564\">\n<th data-start=\"1541\" data-end=\"1553\" data-col-size=\"sm\">Param\u00e8tres<\/th>\n<th data-start=\"1553\" data-end=\"1564\" data-col-size=\"sm\">D\u00e9tails<\/th>\n<\/tr>\n<\/thead>\n<tbody data-start=\"1589\" data-end=\"1873\">\n<tr data-start=\"1589\" data-end=\"1607\">\n<td data-start=\"1589\" data-end=\"1597\" data-col-size=\"sm\">Marque<\/td>\n<td data-start=\"1597\" data-end=\"1607\" data-col-size=\"sm\">RONEER<\/td>\n<\/tr>\n<tr data-start=\"1608\" data-end=\"1627\">\n<td data-start=\"1608\" data-end=\"1616\" data-col-size=\"sm\">Mod\u00e8le<\/td>\n<td data-start=\"1616\" data-end=\"1627\" data-col-size=\"sm\">AL-2281<\/td>\n<\/tr>\n<tr data-start=\"1628\" data-end=\"1657\">\n<td data-start=\"1628\" data-end=\"1637\" data-col-size=\"sm\">Origine<\/td>\n<td data-start=\"1637\" data-end=\"1657\" data-col-size=\"sm\">Guangdong, Chine<\/td>\n<\/tr>\n<tr data-start=\"1658\" data-end=\"1683\">\n<td data-start=\"1658\" data-end=\"1666\" data-col-size=\"sm\">Style<\/td>\n<td data-start=\"1666\" data-end=\"1683\" data-col-size=\"sm\">Mode, Dame<\/td>\n<\/tr>\n<tr data-start=\"1684\" data-end=\"1708\">\n<td data-start=\"1684\" data-end=\"1692\" data-col-size=\"sm\">Couleur<\/td>\n<td data-start=\"1692\" data-end=\"1708\" data-col-size=\"sm\">Personnalisable<\/td>\n<\/tr>\n<tr data-start=\"1709\" data-end=\"1727\">\n<td data-start=\"1709\" data-end=\"1718\" data-col-size=\"sm\">Genre<\/td>\n<td data-start=\"1718\" data-end=\"1727\" data-col-size=\"sm\">Les femmes<\/td>\n<\/tr>\n<tr data-start=\"1728\" data-end=\"1763\">\n<td data-start=\"1728\" data-end=\"1738\" data-col-size=\"sm\">Mod\u00e8le<\/td>\n<td data-start=\"1738\" data-end=\"1763\" data-col-size=\"sm\">Logo personnalis\u00e9 disponible<\/td>\n<\/tr>\n<tr data-start=\"1764\" data-end=\"1795\">\n<td data-start=\"1764\" data-end=\"1782\" data-col-size=\"sm\">Mat\u00e9riau de la doublure<\/td>\n<td data-start=\"1782\" data-end=\"1795\" data-col-size=\"sm\">Polyester<\/td>\n<\/tr>\n<tr data-start=\"1796\" data-end=\"1836\">\n<td data-start=\"1796\" data-end=\"1807\" data-col-size=\"sm\">Caract\u00e9ristiques<\/td>\n<td data-start=\"1807\" data-end=\"1836\" data-col-size=\"sm\">R\u00e9sistant \u00e0 l'eau, portable<\/td>\n<\/tr>\n<tr data-start=\"1837\" data-end=\"1873\">\n<td data-start=\"1837\" data-end=\"1862\" data-col-size=\"sm\">Quantit\u00e9 minimale de commande<\/td>\n<td data-start=\"1862\" data-end=\"1873\" data-col-size=\"sm\">300 pi\u00e8ces<\/td>\n<\/tr>\n<\/tbody>\n<\/table>\n<\/div>\n<\/div>\n<h2 data-start=\"1875\" data-end=\"1891\">Applications<\/h2>\n<ul data-start=\"1892\" data-end=\"2028\">\n<li data-start=\"1892\" data-end=\"1953\">\n<p data-start=\"1894\" data-end=\"1953\"><strong data-start=\"1894\" data-end=\"1904\">Voyage<\/strong>: La taille compacte permet d'emporter l'essentiel pour de courts trajets.<\/p>\n<\/li>\n<li data-start=\"1954\" data-end=\"2028\">\n<p data-start=\"1956\" data-end=\"2028\"><strong data-start=\"1956\" data-end=\"1969\">Utilisation quotidienne<\/strong>: Id\u00e9al pour les sorties quotidiennes, le shopping ou les \u00e9v\u00e9nements d\u00e9contract\u00e9s.<\/p>\n<\/li>\n<\/ul>\n<p data-start=\"2258\" data-end=\"2440\">Si vous \u00eates int\u00e9ress\u00e9 par ce sac, veuillez <strong data-start=\"2300\" data-end=\"2333\">contactez-nous pour demander des \u00e9chantillons<\/strong>. <strong data-start=\"2335\" data-end=\"2357\">Services ODM et OEM<\/strong> sont disponibles pour les commandes en gros, ce qui permet de donner vie \u00e0 vos cr\u00e9ations uniques.<\/p>","protected":false},"excerpt":{"rendered":"<p>Ce mini fourre-tout est dot\u00e9 d'un <strong data-start=\"558\" data-end=\"584\">texture crocodile mignonne<\/strong> qui ajoute un charme unique \u00e0 toute tenue. Son design compact permet de le transporter facilement tout en gardant les objets essentiels organis\u00e9s. Le sac est fabriqu\u00e9 en cuir de haute qualit\u00e9 et doubl\u00e9 de polyester, ce qui garantit sa long\u00e9vit\u00e9 et un int\u00e9rieur lisse. Sa structure l\u00e9g\u00e8re facilite le transport sans compromettre le style.<\/p>","protected":false},"featured_media":2039,"comment_status":"open","ping_status":"closed","template":"","meta":{"site-sidebar-layout":"default","site-content-layout":"","ast-site-content-layout":"default","site-content-style":"default","site-sidebar-style":"default","ast-global-header-display":"","ast-banner-title-visibility":"","ast-main-header-display":"","ast-hfb-above-header-display":"","ast-hfb-below-header-display":"","ast-hfb-mobile-header-display":"","site-post-title":"","ast-breadcrumbs-content":"","ast-featured-img":"","footer-sml-layout":"","ast-disable-related-posts":"","theme-transparent-header-meta":"default","adv-header-id-meta":"","stick-header-meta":"","header-above-stick-meta":"","header-main-stick-meta":"","header-below-stick-meta":"","astra-migrate-meta-layouts":"set","ast-page-background-enabled":"default","ast-page-background-meta":{"desktop":{"background-color":"var(--ast-global-color-5)","background-image":"","background-repeat":"repeat","background-position":"center center","background-size":"auto","background-attachment":"scroll","background-type":"","background-media":"","overlay-type":"","overlay-color":"","overlay-opacity":"","overlay-gradient":""},"tablet":{"background-color":"","background-image":"","background-repeat":"repeat","background-position":"center center","background-size":"auto","background-attachment":"scroll","background-type":"","background-media":"","overlay-type":"","overlay-color":"","overlay-opacity":"","overlay-gradient":""},"mobile":{"background-color":"","background-image":"","background-repeat":"repeat","background-position":"center center","background-size":"auto","background-attachment":"scroll","background-type":"","background-media":"","overlay-type":"","overlay-color":"","overlay-opacity":"","overlay-gradient":""}},"ast-content-background-meta":{"desktop":{"background-color":"var(--ast-global-color-4)","background-image":"","background-repeat":"repeat","background-position":"center center","background-size":"auto","background-attachment":"scroll","background-type":"","background-media":"","overlay-type":"","overlay-color":"","overlay-opacity":"","overlay-gradient":""},"tablet":{"background-color":"var(--ast-global-color-4)","background-image":"","background-repeat":"repeat","background-position":"center center","background-size":"auto","background-attachment":"scroll","background-type":"","background-media":"","overlay-type":"","overlay-color":"","overlay-opacity":"","overlay-gradient":""},"mobile":{"background-color":"var(--ast-global-color-4)","background-image":"","background-repeat":"repeat","background-position":"center center","background-size":"auto","background-attachment":"scroll","background-type":"","background-media":"","overlay-type":"","overlay-color":"","overlay-opacity":"","overlay-gradient":""}}},"product_brand":[],"product_cat":[42,54],"product_tag":[],"class_list":{"0":"post-2034","1":"product","2":"type-product","3":"status-publish","4":"has-post-thumbnail","6":"product_cat-hand-bag","7":"product_cat-womens-bag","8":"desktop-align-left","9":"tablet-align-left","10":"mobile-align-left","12":"first","13":"instock","14":"shipping-taxable","15":"product-type-simple"},"_links":{"self":[{"href":"https:\/\/baijiabags.com\/fr\/wp-json\/wp\/v2\/product\/2034","targetHints":{"allow":["GET"]}}],"collection":[{"href":"https:\/\/baijiabags.com\/fr\/wp-json\/wp\/v2\/product"}],"about":[{"href":"https:\/\/baijiabags.com\/fr\/wp-json\/wp\/v2\/types\/product"}],"replies":[{"embeddable":true,"href":"https:\/\/baijiabags.com\/fr\/wp-json\/wp\/v2\/comments?post=2034"}],"wp:featuredmedia":[{"embeddable":true,"href":"https:\/\/baijiabags.com\/fr\/wp-json\/wp\/v2\/media\/2039"}],"wp:attachment":[{"href":"https:\/\/baijiabags.com\/fr\/wp-json\/wp\/v2\/media?parent=2034"}],"wp:term":[{"taxonomy":"product_brand","embeddable":true,"href":"https:\/\/baijiabags.com\/fr\/wp-json\/wp\/v2\/product_brand?post=2034"},{"taxonomy":"product_cat","embeddable":true,"href":"https:\/\/baijiabags.com\/fr\/wp-json\/wp\/v2\/product_cat?post=2034"},{"taxonomy":"product_tag","embeddable":true,"href":"https:\/\/baijiabags.com\/fr\/wp-json\/wp\/v2\/product_tag?post=2034"}],"curies":[{"name":"wp","href":"https:\/\/api.w.org\/{rel}","templated":true}]}}