{"id":2030,"date":"2025-09-22T03:53:36","date_gmt":"2025-09-22T03:53:36","guid":{"rendered":"https:\/\/baijiabags.com\/?post_type=product&#038;p=2030"},"modified":"2025-11-01T01:21:58","modified_gmt":"2025-11-01T01:21:58","slug":"lightweight-womens-shoulder-bag-wholesale-custom-pu-leather-travel-backpack-multipurpose-commuter-bag","status":"publish","type":"product","link":"https:\/\/baijiabags.com\/fr\/produit\/lightweight-womens-shoulder-bag-wholesale-custom-pu-leather-travel-backpack-multipurpose-commuter-bag\/","title":{"rendered":"Lightweight Womens Shoulder Bag Wholesale Custom PU Leather Travel Backpack Multipurpose Commuter Bag"},"content":{"rendered":"<h2>Caract\u00e9ristiques principales<\/h2>\n<ol data-start=\"993\" data-end=\"1835\">\n<li data-start=\"993\" data-end=\"1108\">\n<p data-start=\"996\" data-end=\"1108\"><strong data-start=\"996\" data-end=\"1018\">Conception l\u00e9g\u00e8re<\/strong> - Le sac a \u00e9t\u00e9 con\u00e7u pour \u00eatre facile \u00e0 porter pendant de longues p\u00e9riodes sans inconfort.<\/p>\n<\/li>\n<li data-start=\"1109\" data-end=\"1199\">\n<p data-start=\"1112\" data-end=\"1199\"><strong data-start=\"1112\" data-end=\"1137\">Cuir PU imperm\u00e9able<\/strong> - Le mat\u00e9riau a \u00e9t\u00e9 trait\u00e9 pour r\u00e9sister \u00e0 l'eau et \u00e0 l'usure quotidienne.<\/p>\n<\/li>\n<li data-start=\"1200\" data-end=\"1299\">\n<p data-start=\"1203\" data-end=\"1299\"><strong data-start=\"1203\" data-end=\"1233\">Fonctionnalit\u00e9 polyvalente<\/strong> - Le sac convient aux voyages, aux d\u00e9placements et aux sorties quotidiennes.<\/p>\n<\/li>\n<li data-start=\"1300\" data-end=\"1405\">\n<p data-start=\"1303\" data-end=\"1405\"><strong data-start=\"1303\" data-end=\"1323\">Sangle r\u00e9glable<\/strong> - Des options de portage \u00e0 l'\u00e9paule et en bandouli\u00e8re ont \u00e9t\u00e9 pr\u00e9vues pour une plus grande souplesse d'utilisation.<\/p>\n<\/li>\n<li data-start=\"1406\" data-end=\"1522\">\n<p data-start=\"1409\" data-end=\"1522\"><strong data-start=\"1409\" data-end=\"1442\">Couleurs et logos personnalisables<\/strong> - Les pr\u00e9f\u00e9rences en mati\u00e8re de marque et de style ont \u00e9t\u00e9 prises en compte gr\u00e2ce \u00e0 la personnalisation.<\/p>\n<\/li>\n<li data-start=\"1523\" data-end=\"1622\">\n<p data-start=\"1526\" data-end=\"1622\"><strong data-start=\"1526\" data-end=\"1551\">Mat\u00e9riau \u00e9cologique<\/strong> - Le cuir PU utilis\u00e9 a \u00e9t\u00e9 s\u00e9lectionn\u00e9 dans un souci de durabilit\u00e9.<\/p>\n<\/li>\n<li data-start=\"1623\" data-end=\"1732\">\n<p data-start=\"1626\" data-end=\"1732\"><strong data-start=\"1626\" data-end=\"1644\">Stockage s\u00e9curis\u00e9<\/strong> - Les compartiments et poches int\u00e9rieurs ont \u00e9t\u00e9 con\u00e7us pour organiser les \u00e9l\u00e9ments essentiels en toute s\u00e9curit\u00e9.<\/p>\n<\/li>\n<li data-start=\"1733\" data-end=\"1835\">\n<p data-start=\"1736\" data-end=\"1835\"><strong data-start=\"1736\" data-end=\"1758\">Design \u00e0 la mode<\/strong> - Le sac a \u00e9t\u00e9 con\u00e7u pour s'adapter aux tendances de la mode f\u00e9minine contemporaine.<\/p>\n<\/li>\n<\/ol>\n<h2 data-start=\"1837\" data-end=\"1855\">Sp\u00e9cifications<\/h2>\n<div class=\"_tableContainer_1rjym_1\">\n<div class=\"group _tableWrapper_1rjym_13 flex w-fit flex-col-reverse\" tabindex=\"-1\">\n<table class=\"w-fit min-w-(--thread-content-width)\" data-start=\"1857\" data-end=\"2231\">\n<thead data-start=\"1857\" data-end=\"1880\">\n<tr data-start=\"1857\" data-end=\"1880\">\n<th data-start=\"1857\" data-end=\"1869\" data-col-size=\"sm\">Param\u00e8tres<\/th>\n<th data-start=\"1869\" data-end=\"1880\" data-col-size=\"sm\">D\u00e9tails<\/th>\n<\/tr>\n<\/thead>\n<tbody data-start=\"1905\" data-end=\"2231\">\n<tr data-start=\"1905\" data-end=\"1941\">\n<td data-start=\"1905\" data-end=\"1920\" data-col-size=\"sm\">Nom du produit<\/td>\n<td data-start=\"1920\" data-end=\"1941\" data-col-size=\"sm\">Sac \u00e0 bandouli\u00e8re pour femmes<\/td>\n<\/tr>\n<tr data-start=\"1942\" data-end=\"1960\">\n<td data-start=\"1942\" data-end=\"1950\" data-col-size=\"sm\">Marque<\/td>\n<td data-start=\"1950\" data-end=\"1960\" data-col-size=\"sm\">RONEER<\/td>\n<\/tr>\n<tr data-start=\"1961\" data-end=\"1980\">\n<td data-start=\"1961\" data-end=\"1969\" data-col-size=\"sm\">Mod\u00e8le<\/td>\n<td data-start=\"1969\" data-end=\"1980\" data-col-size=\"sm\">MB-9128<\/td>\n<\/tr>\n<tr data-start=\"1981\" data-end=\"2006\">\n<td data-start=\"1981\" data-end=\"1992\" data-col-size=\"sm\">Mat\u00e9riau<\/td>\n<td data-start=\"1992\" data-end=\"2006\" data-col-size=\"sm\">Cuir PU<\/td>\n<\/tr>\n<tr data-start=\"2007\" data-end=\"2031\">\n<td data-start=\"2007\" data-end=\"2015\" data-col-size=\"sm\">Couleur<\/td>\n<td data-start=\"2015\" data-end=\"2031\" data-col-size=\"sm\">Personnalisable<\/td>\n<\/tr>\n<tr data-start=\"2032\" data-end=\"2069\">\n<td data-start=\"2032\" data-end=\"2045\" data-col-size=\"sm\">Type de sangle<\/td>\n<td data-start=\"2045\" data-end=\"2069\" data-col-size=\"sm\">\u00c9paule, Port\u00e9-crois\u00e9<\/td>\n<\/tr>\n<tr data-start=\"2070\" data-end=\"2088\">\n<td data-start=\"2070\" data-end=\"2079\" data-col-size=\"sm\">Genre<\/td>\n<td data-start=\"2079\" data-end=\"2088\" data-col-size=\"sm\">Les femmes<\/td>\n<\/tr>\n<tr data-start=\"2089\" data-end=\"2114\">\n<td data-start=\"2089\" data-end=\"2099\" data-col-size=\"sm\">Mod\u00e8le<\/td>\n<td data-start=\"2099\" data-end=\"2114\" data-col-size=\"sm\">Logo personnalis\u00e9<\/td>\n<\/tr>\n<tr data-start=\"2115\" data-end=\"2154\">\n<td data-start=\"2115\" data-end=\"2126\" data-col-size=\"sm\">Caract\u00e9ristiques<\/td>\n<td data-start=\"2126\" data-end=\"2154\" data-col-size=\"sm\">Imperm\u00e9able, \u00e9cologique<\/td>\n<\/tr>\n<tr data-start=\"2155\" data-end=\"2184\">\n<td data-start=\"2155\" data-end=\"2164\" data-col-size=\"sm\">Origine<\/td>\n<td data-start=\"2164\" data-end=\"2184\" data-col-size=\"sm\">Guangdong, Chine<\/td>\n<\/tr>\n<tr data-start=\"2185\" data-end=\"2198\">\n<td data-start=\"2185\" data-end=\"2191\" data-col-size=\"sm\">MOQ<\/td>\n<td data-start=\"2191\" data-end=\"2198\" data-col-size=\"sm\">300<\/td>\n<\/tr>\n<tr data-start=\"2199\" data-end=\"2231\">\n<td data-start=\"2199\" data-end=\"2214\" data-col-size=\"sm\">Applications<\/td>\n<td data-start=\"2214\" data-end=\"2231\" data-col-size=\"sm\">Voyage, quotidien<\/td>\n<\/tr>\n<\/tbody>\n<\/table>\n<\/div>\n<\/div>\n<h2 data-start=\"2233\" data-end=\"2249\">Applications<\/h2>\n<ul data-start=\"2250\" data-end=\"2615\">\n<li data-start=\"2250\" data-end=\"2352\">\n<p data-start=\"2252\" data-end=\"2352\">Voyage : Le sac a \u00e9t\u00e9 con\u00e7u pour ranger les articles de voyage en toute s\u00e9curit\u00e9 tout en restant l\u00e9ger.<\/p>\n<\/li>\n<li data-start=\"2353\" data-end=\"2437\">\n<p data-start=\"2355\" data-end=\"2437\">Utilisation quotidienne : des objets comme les portefeuilles, les t\u00e9l\u00e9phones et le maquillage ont \u00e9t\u00e9 facilement accommod\u00e9s.<\/p>\n<\/li>\n<li data-start=\"2438\" data-end=\"2531\">\n<p data-start=\"2440\" data-end=\"2531\">Trajets quotidiens : La conception polyvalente de la sangle permet d'avoir les mains libres pendant les trajets quotidiens.<\/p>\n<\/li>\n<li data-start=\"2532\" data-end=\"2615\">\n<p data-start=\"2534\" data-end=\"2615\">Activit\u00e9s polyvalentes : Convient pour les sorties d\u00e9contract\u00e9es, le shopping ou les \u00e9v\u00e9nements sociaux.<\/p>\n<\/li>\n<\/ul>\n<p data-start=\"2848\" data-end=\"3014\">Si vous \u00eates int\u00e9ress\u00e9 par ce sac, veuillez nous contacter pour demander un \u00e9chantillon. Les services ODM et OEM sont disponibles, ce qui permet de personnaliser les couleurs, les logos et l'emballage.<\/p>","protected":false},"excerpt":{"rendered":"<p>Les <strong data-start=\"534\" data-end=\"554\">Sac de transport RONEER<\/strong> a \u00e9t\u00e9 con\u00e7u en mettant l'accent sur la fonctionnalit\u00e9 et la l\u00e9g\u00e8ret\u00e9. Le sac a \u00e9t\u00e9 con\u00e7u pour offrir de multiples options de portage, avec des bandouli\u00e8res et des sangles transversales. Le cuir PU \u00e9cologique a \u00e9t\u00e9 choisi pour r\u00e9sister \u00e0 l'eau et conserver une apparence soign\u00e9e au fil du temps. Chaque d\u00e9tail, du logo personnalisable \u00e0 l'int\u00e9rieur structur\u00e9, a \u00e9t\u00e9 pens\u00e9 pour am\u00e9liorer la commodit\u00e9 et le style.<\/p>","protected":false},"featured_media":2032,"comment_status":"open","ping_status":"closed","template":"","meta":{"site-sidebar-layout":"default","site-content-layout":"","ast-site-content-layout":"default","site-content-style":"default","site-sidebar-style":"default","ast-global-header-display":"","ast-banner-title-visibility":"","ast-main-header-display":"","ast-hfb-above-header-display":"","ast-hfb-below-header-display":"","ast-hfb-mobile-header-display":"","site-post-title":"","ast-breadcrumbs-content":"","ast-featured-img":"","footer-sml-layout":"","ast-disable-related-posts":"","theme-transparent-header-meta":"default","adv-header-id-meta":"","stick-header-meta":"","header-above-stick-meta":"","header-main-stick-meta":"","header-below-stick-meta":"","astra-migrate-meta-layouts":"set","ast-page-background-enabled":"default","ast-page-background-meta":{"desktop":{"background-color":"var(--ast-global-color-5)","background-image":"","background-repeat":"repeat","background-position":"center center","background-size":"auto","background-attachment":"scroll","background-type":"","background-media":"","overlay-type":"","overlay-color":"","overlay-opacity":"","overlay-gradient":""},"tablet":{"background-color":"","background-image":"","background-repeat":"repeat","background-position":"center center","background-size":"auto","background-attachment":"scroll","background-type":"","background-media":"","overlay-type":"","overlay-color":"","overlay-opacity":"","overlay-gradient":""},"mobile":{"background-color":"","background-image":"","background-repeat":"repeat","background-position":"center center","background-size":"auto","background-attachment":"scroll","background-type":"","background-media":"","overlay-type":"","overlay-color":"","overlay-opacity":"","overlay-gradient":""}},"ast-content-background-meta":{"desktop":{"background-color":"var(--ast-global-color-4)","background-image":"","background-repeat":"repeat","background-position":"center center","background-size":"auto","background-attachment":"scroll","background-type":"","background-media":"","overlay-type":"","overlay-color":"","overlay-opacity":"","overlay-gradient":""},"tablet":{"background-color":"var(--ast-global-color-4)","background-image":"","background-repeat":"repeat","background-position":"center center","background-size":"auto","background-attachment":"scroll","background-type":"","background-media":"","overlay-type":"","overlay-color":"","overlay-opacity":"","overlay-gradient":""},"mobile":{"background-color":"var(--ast-global-color-4)","background-image":"","background-repeat":"repeat","background-position":"center center","background-size":"auto","background-attachment":"scroll","background-type":"","background-media":"","overlay-type":"","overlay-color":"","overlay-opacity":"","overlay-gradient":""}}},"product_brand":[],"product_cat":[42,54],"product_tag":[],"class_list":{"0":"post-2030","1":"product","2":"type-product","3":"status-publish","4":"has-post-thumbnail","6":"product_cat-hand-bag","7":"product_cat-womens-bag","8":"desktop-align-left","9":"tablet-align-left","10":"mobile-align-left","12":"first","13":"instock","14":"shipping-taxable","15":"product-type-simple"},"_links":{"self":[{"href":"https:\/\/baijiabags.com\/fr\/wp-json\/wp\/v2\/product\/2030","targetHints":{"allow":["GET"]}}],"collection":[{"href":"https:\/\/baijiabags.com\/fr\/wp-json\/wp\/v2\/product"}],"about":[{"href":"https:\/\/baijiabags.com\/fr\/wp-json\/wp\/v2\/types\/product"}],"replies":[{"embeddable":true,"href":"https:\/\/baijiabags.com\/fr\/wp-json\/wp\/v2\/comments?post=2030"}],"wp:featuredmedia":[{"embeddable":true,"href":"https:\/\/baijiabags.com\/fr\/wp-json\/wp\/v2\/media\/2032"}],"wp:attachment":[{"href":"https:\/\/baijiabags.com\/fr\/wp-json\/wp\/v2\/media?parent=2030"}],"wp:term":[{"taxonomy":"product_brand","embeddable":true,"href":"https:\/\/baijiabags.com\/fr\/wp-json\/wp\/v2\/product_brand?post=2030"},{"taxonomy":"product_cat","embeddable":true,"href":"https:\/\/baijiabags.com\/fr\/wp-json\/wp\/v2\/product_cat?post=2030"},{"taxonomy":"product_tag","embeddable":true,"href":"https:\/\/baijiabags.com\/fr\/wp-json\/wp\/v2\/product_tag?post=2030"}],"curies":[{"name":"wp","href":"https:\/\/api.w.org\/{rel}","templated":true}]}}