{"id":2009,"date":"2025-09-22T03:10:58","date_gmt":"2025-09-22T03:10:58","guid":{"rendered":"https:\/\/baijiabags.com\/?post_type=product&#038;p=2009"},"modified":"2025-09-22T03:20:32","modified_gmt":"2025-09-22T03:20:32","slug":"wholesale-mens-fashion-large-capacity-travel-duffle-bag-custom-logo-polyester-leather-luggage-for-outdoor-trips","status":"publish","type":"product","link":"https:\/\/baijiabags.com\/fr\/produit\/wholesale-mens-fashion-large-capacity-travel-duffle-bag-custom-logo-polyester-leather-luggage-for-outdoor-trips\/","title":{"rendered":"Wholesale Mens Fashion Large Capacity Travel Duffle Bag Custom Logo Polyester Leather Luggage for Outdoor Trips"},"content":{"rendered":"<h2 data-start=\"817\" data-end=\"834\">Caract\u00e9ristiques principales<\/h2>\n<ol data-start=\"836\" data-end=\"1774\">\n<li data-start=\"836\" data-end=\"970\">\n<p data-start=\"839\" data-end=\"970\"><strong data-start=\"839\" data-end=\"860\">Capacit\u00e9 spacieuse<\/strong> - Un grand compartiment int\u00e9rieur permet de ranger facilement les v\u00eatements, les chaussures et les accessoires de voyage.<\/p>\n<\/li>\n<li data-start=\"1344\" data-end=\"1451\">\n<p data-start=\"1347\" data-end=\"1451\"><strong data-start=\"1347\" data-end=\"1371\">Utilisation multifonctionnelle<\/strong> - Le sac a \u00e9t\u00e9 con\u00e7u pour les voyages, les activit\u00e9s de plein air et l'usage quotidien.<\/p>\n<\/li>\n<li data-start=\"1452\" data-end=\"1539\">\n<p data-start=\"1455\" data-end=\"1539\"><strong data-start=\"1455\" data-end=\"1471\">Style unisexe<\/strong> - Son design neutre lui permet d'\u00eatre utilis\u00e9 aussi bien par les hommes que par les femmes.<\/p>\n<\/li>\n<li data-start=\"1540\" data-end=\"1650\">\n<p data-start=\"1543\" data-end=\"1650\"><strong data-start=\"1543\" data-end=\"1571\">Portable et facile \u00e0 transporter<\/strong> - La construction \u00e0 dos souple rend le sac flexible et confortable \u00e0 transporter.<\/p>\n<\/li>\n<li data-start=\"1651\" data-end=\"1774\">\n<p data-start=\"1654\" data-end=\"1774\"><strong data-start=\"1654\" data-end=\"1680\">Disponibilit\u00e9 ODM et OEM<\/strong> - Le produit peut \u00eatre fabriqu\u00e9 selon des mod\u00e8les originaux ou des sp\u00e9cifications personnalis\u00e9es.<\/p>\n<\/li>\n<\/ol>\n<h2 data-start=\"1781\" data-end=\"1800\">Sp\u00e9cifications<\/h2>\n<div class=\"_tableContainer_1rjym_1\">\n<div class=\"group _tableWrapper_1rjym_13 flex w-fit flex-col-reverse\" tabindex=\"-1\">\n<table class=\"w-fit min-w-(--thread-content-width)\" data-start=\"1802\" data-end=\"2303\">\n<thead data-start=\"1802\" data-end=\"1839\">\n<tr data-start=\"1802\" data-end=\"1839\">\n<th data-start=\"1802\" data-end=\"1822\" data-col-size=\"sm\"><strong data-start=\"1804\" data-end=\"1821\">Sp\u00e9cifications<\/strong><\/th>\n<th data-start=\"1822\" data-end=\"1839\" data-col-size=\"md\"><strong data-start=\"1824\" data-end=\"1835\">D\u00e9tails<\/strong><\/th>\n<\/tr>\n<\/thead>\n<tbody data-start=\"1879\" data-end=\"2303\">\n<tr data-start=\"1879\" data-end=\"1917\">\n<td data-start=\"1879\" data-end=\"1894\" data-col-size=\"sm\">Nom du produit<\/td>\n<td data-start=\"1894\" data-end=\"1917\" data-col-size=\"md\">Sac de voyage Duffle Bag<\/td>\n<\/tr>\n<tr data-start=\"1918\" data-end=\"1938\">\n<td data-start=\"1918\" data-end=\"1926\" data-col-size=\"sm\">Marque<\/td>\n<td data-start=\"1926\" data-end=\"1938\" data-col-size=\"md\">RONEER<\/td>\n<\/tr>\n<tr data-start=\"1939\" data-end=\"1967\">\n<td data-start=\"1939\" data-end=\"1954\" data-col-size=\"sm\">Num\u00e9ro de mod\u00e8le<\/td>\n<td data-start=\"1954\" data-end=\"1967\" data-col-size=\"md\">GB-2123<\/td>\n<\/tr>\n<tr data-start=\"1968\" data-end=\"1999\">\n<td data-start=\"1968\" data-end=\"1977\" data-col-size=\"sm\">Origine<\/td>\n<td data-start=\"1977\" data-end=\"1999\" data-col-size=\"md\">Guangdong, Chine<\/td>\n<\/tr>\n<tr data-start=\"2000\" data-end=\"2037\">\n<td data-start=\"2000\" data-end=\"2011\" data-col-size=\"sm\">Mat\u00e9riau<\/td>\n<td data-start=\"2011\" data-end=\"2037\" data-col-size=\"md\">Polyester<span class=\"notranslate immersive-translate-target-wrapper\" lang=\"zh-CN\"><span class=\"notranslate\" data-immersive-translate-translation-element-mark=\"1\" data-spm-anchor-id=\"a2700.details.0.i147.548abb82CyHbJV\">\u00a0<\/span><\/span><\/td>\n<\/tr>\n<tr data-start=\"2061\" data-end=\"2083\">\n<td data-start=\"2061\" data-end=\"2069\" data-col-size=\"sm\">Style<\/td>\n<td data-start=\"2069\" data-end=\"2083\" data-col-size=\"md\">Livre souple<\/td>\n<\/tr>\n<tr data-start=\"2084\" data-end=\"2105\">\n<td data-start=\"2084\" data-end=\"2093\" data-col-size=\"sm\">Genre<\/td>\n<td data-start=\"2093\" data-end=\"2105\" data-col-size=\"md\">Unisexe<\/td>\n<\/tr>\n<tr data-start=\"2106\" data-end=\"2132\">\n<td data-start=\"2106\" data-end=\"2114\" data-col-size=\"sm\">Couleur<\/td>\n<td data-start=\"2114\" data-end=\"2132\" data-col-size=\"md\">Personnalisable<\/td>\n<\/tr>\n<tr data-start=\"2133\" data-end=\"2196\">\n<td data-start=\"2133\" data-end=\"2144\" data-col-size=\"sm\">Caract\u00e9ristiques<\/td>\n<td data-start=\"2144\" data-end=\"2196\" data-col-size=\"md\">Durable, l\u00e9ger, grande capacit\u00e9, portable<\/td>\n<\/tr>\n<tr data-start=\"2197\" data-end=\"2256\">\n<td data-start=\"2197\" data-end=\"2208\" data-col-size=\"sm\">Fonction<\/td>\n<td data-start=\"2208\" data-end=\"2256\" data-col-size=\"md\">Sac de sport multifonctionnel pour le voyage et l'ext\u00e9rieur<\/td>\n<\/tr>\n<tr data-start=\"2257\" data-end=\"2283\">\n<td data-start=\"2257\" data-end=\"2271\" data-col-size=\"sm\">Temps d'\u00e9chantillonnage<\/td>\n<td data-start=\"2271\" data-end=\"2283\" data-col-size=\"md\">7 jours<\/td>\n<\/tr>\n<tr data-start=\"2284\" data-end=\"2303\">\n<td data-start=\"2284\" data-end=\"2290\" data-col-size=\"sm\">MOQ<\/td>\n<td data-start=\"2290\" data-end=\"2303\" data-col-size=\"md\">300 pi\u00e8ces<\/td>\n<\/tr>\n<\/tbody>\n<\/table>\n<\/div>\n<\/div>\n<h2 data-start=\"2310\" data-end=\"2327\">Applications<\/h2>\n<ul data-start=\"2329\" data-end=\"2774\">\n<li data-start=\"2329\" data-end=\"2443\">\n<p data-start=\"2331\" data-end=\"2443\"><strong data-start=\"2331\" data-end=\"2341\">Voyage<\/strong> - Le sac a \u00e9t\u00e9 con\u00e7u pour les voyages courts et longs, offrant un rangement s\u00fbr et pratique.<\/p>\n<\/li>\n<li data-start=\"2444\" data-end=\"2551\">\n<p data-start=\"2446\" data-end=\"2551\"><strong data-start=\"2446\" data-end=\"2460\">Vie quotidienne<\/strong> - Il peut \u00eatre port\u00e9 comme un accessoire \u00e9l\u00e9gant pour les trajets quotidiens, les visites \u00e0 la salle de sport ou les sorties d\u00e9contract\u00e9es.<\/p>\n<\/li>\n<li data-start=\"2552\" data-end=\"2660\">\n<p data-start=\"2554\" data-end=\"2660\"><strong data-start=\"2554\" data-end=\"2576\">Activit\u00e9s de plein air<\/strong> - Sa construction robuste permet de l'utiliser pour le sport, le camping et les aventures du week-end.<\/p>\n<\/li>\n<li data-start=\"2661\" data-end=\"2774\">\n<p data-start=\"2663\" data-end=\"2774\"><strong data-start=\"2663\" data-end=\"2687\">Marque promotionnelle<\/strong> - Avec des options de logo personnalis\u00e9, il est id\u00e9al pour les cadeaux d'entreprise ou le merchandising de d\u00e9tail.<\/p>\n<\/li>\n<\/ul>\n<p data-start=\"2781\" data-end=\"2971\">Si vous \u00eates int\u00e9ress\u00e9 par ce sac de voyage, veuillez nous contacter pour demander un \u00e9chantillon. <strong data-start=\"2869\" data-end=\"2905\">Les services ODM et OEM sont pris en charge<\/strong>avec possibilit\u00e9 de personnalisation compl\u00e8te pour r\u00e9pondre aux besoins de votre entreprise.<\/p>","protected":false},"excerpt":{"rendered":"<p>Les <strong data-start=\"166\" data-end=\"226\">Sac de voyage de grande capacit\u00e9 pour hommes en gros<\/strong> par <strong data-start=\"230\" data-end=\"240\">RONEER<\/strong> a \u00e9t\u00e9 soigneusement con\u00e7u pour r\u00e9pondre aux exigences des voyageurs modernes et des utilisateurs quotidiens. Fabriqu\u00e9 en polyester de haute qualit\u00e9<span class=\"notranslate immersive-translate-target-wrapper\" lang=\"zh-CN\"><span class=\"notranslate\" data-immersive-translate-translation-element-mark=\"1\" data-spm-anchor-id=\"a2700.details.0.i147.548abb82CyHbJV\">\u00a0<\/span><\/span>Ce sac est con\u00e7u pour r\u00e9sister \u00e0 une utilisation fr\u00e9quente tout en restant l\u00e9ger et portable. Avec un poids de seulement 0,44 kg, le sac est con\u00e7u pour offrir une grande capacit\u00e9 de stockage sans ajouter d'encombrement inutile.<\/p>","protected":false},"featured_media":2013,"comment_status":"open","ping_status":"closed","template":"","meta":{"site-sidebar-layout":"default","site-content-layout":"","ast-site-content-layout":"default","site-content-style":"default","site-sidebar-style":"default","ast-global-header-display":"","ast-banner-title-visibility":"","ast-main-header-display":"","ast-hfb-above-header-display":"","ast-hfb-below-header-display":"","ast-hfb-mobile-header-display":"","site-post-title":"","ast-breadcrumbs-content":"","ast-featured-img":"","footer-sml-layout":"","ast-disable-related-posts":"","theme-transparent-header-meta":"default","adv-header-id-meta":"","stick-header-meta":"","header-above-stick-meta":"","header-main-stick-meta":"","header-below-stick-meta":"","astra-migrate-meta-layouts":"set","ast-page-background-enabled":"default","ast-page-background-meta":{"desktop":{"background-color":"var(--ast-global-color-5)","background-image":"","background-repeat":"repeat","background-position":"center center","background-size":"auto","background-attachment":"scroll","background-type":"","background-media":"","overlay-type":"","overlay-color":"","overlay-opacity":"","overlay-gradient":""},"tablet":{"background-color":"","background-image":"","background-repeat":"repeat","background-position":"center center","background-size":"auto","background-attachment":"scroll","background-type":"","background-media":"","overlay-type":"","overlay-color":"","overlay-opacity":"","overlay-gradient":""},"mobile":{"background-color":"","background-image":"","background-repeat":"repeat","background-position":"center center","background-size":"auto","background-attachment":"scroll","background-type":"","background-media":"","overlay-type":"","overlay-color":"","overlay-opacity":"","overlay-gradient":""}},"ast-content-background-meta":{"desktop":{"background-color":"var(--ast-global-color-4)","background-image":"","background-repeat":"repeat","background-position":"center center","background-size":"auto","background-attachment":"scroll","background-type":"","background-media":"","overlay-type":"","overlay-color":"","overlay-opacity":"","overlay-gradient":""},"tablet":{"background-color":"var(--ast-global-color-4)","background-image":"","background-repeat":"repeat","background-position":"center center","background-size":"auto","background-attachment":"scroll","background-type":"","background-media":"","overlay-type":"","overlay-color":"","overlay-opacity":"","overlay-gradient":""},"mobile":{"background-color":"var(--ast-global-color-4)","background-image":"","background-repeat":"repeat","background-position":"center center","background-size":"auto","background-attachment":"scroll","background-type":"","background-media":"","overlay-type":"","overlay-color":"","overlay-opacity":"","overlay-gradient":""}}},"product_brand":[],"product_cat":[41],"product_tag":[],"class_list":{"0":"post-2009","1":"product","2":"type-product","3":"status-publish","4":"has-post-thumbnail","6":"product_cat-travel-bag","7":"desktop-align-left","8":"tablet-align-left","9":"mobile-align-left","11":"first","12":"instock","13":"shipping-taxable","14":"product-type-simple"},"_links":{"self":[{"href":"https:\/\/baijiabags.com\/fr\/wp-json\/wp\/v2\/product\/2009","targetHints":{"allow":["GET"]}}],"collection":[{"href":"https:\/\/baijiabags.com\/fr\/wp-json\/wp\/v2\/product"}],"about":[{"href":"https:\/\/baijiabags.com\/fr\/wp-json\/wp\/v2\/types\/product"}],"replies":[{"embeddable":true,"href":"https:\/\/baijiabags.com\/fr\/wp-json\/wp\/v2\/comments?post=2009"}],"wp:featuredmedia":[{"embeddable":true,"href":"https:\/\/baijiabags.com\/fr\/wp-json\/wp\/v2\/media\/2013"}],"wp:attachment":[{"href":"https:\/\/baijiabags.com\/fr\/wp-json\/wp\/v2\/media?parent=2009"}],"wp:term":[{"taxonomy":"product_brand","embeddable":true,"href":"https:\/\/baijiabags.com\/fr\/wp-json\/wp\/v2\/product_brand?post=2009"},{"taxonomy":"product_cat","embeddable":true,"href":"https:\/\/baijiabags.com\/fr\/wp-json\/wp\/v2\/product_cat?post=2009"},{"taxonomy":"product_tag","embeddable":true,"href":"https:\/\/baijiabags.com\/fr\/wp-json\/wp\/v2\/product_tag?post=2009"}],"curies":[{"name":"wp","href":"https:\/\/api.w.org\/{rel}","templated":true}]}}