{"id":1998,"date":"2025-09-22T01:55:32","date_gmt":"2025-09-22T01:55:32","guid":{"rendered":"https:\/\/baijiabags.com\/?post_type=product&#038;p=1998"},"modified":"2025-11-01T01:26:13","modified_gmt":"2025-11-01T01:26:13","slug":"wholesale-customizable-mens-crossbody-bag-pu-leather-shoulder-bag-for-business-casual-travel","status":"publish","type":"product","link":"https:\/\/baijiabags.com\/fr\/produit\/wholesale-customizable-mens-crossbody-bag-pu-leather-shoulder-bag-for-business-casual-travel\/","title":{"rendered":"Wholesale Customizable Mens Crossbody Bag PU Leather Shoulder Bag for Business Casual Travel"},"content":{"rendered":"<h2 data-start=\"777\" data-end=\"794\">Caract\u00e9ristiques principales<\/h2>\n<ol data-start=\"796\" data-end=\"1783\">\n<li data-start=\"796\" data-end=\"920\">\n<p data-start=\"799\" data-end=\"920\"><strong data-start=\"799\" data-end=\"821\">Cuir PU durable<\/strong> - Le cuir PU de haute qualit\u00e9 a \u00e9t\u00e9 s\u00e9lectionn\u00e9 pour offrir une r\u00e9sistance \u00e0 l'usure, aux rayures et \u00e0 l'eau.<\/p>\n<\/li>\n<li data-start=\"921\" data-end=\"1030\">\n<p data-start=\"924\" data-end=\"1030\"><strong data-start=\"924\" data-end=\"946\">Conception l\u00e9g\u00e8re<\/strong> - Le sac a \u00e9t\u00e9 con\u00e7u pour ne peser que 0,5 kg, ce qui en facilite le transport.<\/p>\n<\/li>\n<li data-start=\"1031\" data-end=\"1173\">\n<p data-start=\"1034\" data-end=\"1173\"><strong data-start=\"1034\" data-end=\"1059\">Compartiments multiples<\/strong> - Un compartiment principal, une poche avant zipp\u00e9e et une poche arri\u00e8re zipp\u00e9e ont \u00e9t\u00e9 incorpor\u00e9s pour un rangement organis\u00e9.<\/p>\n<\/li>\n<li data-start=\"1174\" data-end=\"1291\">\n<p data-start=\"1177\" data-end=\"1291\"><strong data-start=\"1177\" data-end=\"1202\">Protection imperm\u00e9able<\/strong> - Une surface imperm\u00e9able a \u00e9t\u00e9 ajout\u00e9e pour prot\u00e9ger les objets essentiels lors des activit\u00e9s de plein air.<\/p>\n<\/li>\n<li data-start=\"1292\" data-end=\"1403\">\n<p data-start=\"1295\" data-end=\"1403\"><strong data-start=\"1295\" data-end=\"1319\">Options personnalisables<\/strong> - Les logos, les motifs et les couleurs peuvent \u00eatre personnalis\u00e9s pour une meilleure image de marque et une meilleure personnalisation.<\/p>\n<\/li>\n<li data-start=\"1404\" data-end=\"1528\">\n<p data-start=\"1407\" data-end=\"1528\"><strong data-start=\"1407\" data-end=\"1435\">Style de portage ergonomique<\/strong> - Le design de la sangle de poitrine a \u00e9t\u00e9 con\u00e7u pour assurer le confort et pr\u00e9venir la fatigue des \u00e9paules.<\/p>\n<\/li>\n<li data-start=\"1529\" data-end=\"1638\">\n<p data-start=\"1532\" data-end=\"1638\"><strong data-start=\"1532\" data-end=\"1558\">Applications polyvalentes<\/strong> - Le sac a \u00e9t\u00e9 con\u00e7u pour les voyages, les d\u00e9placements professionnels et les trajets quotidiens.<\/p>\n<\/li>\n<li data-start=\"1639\" data-end=\"1783\">\n<p data-start=\"1642\" data-end=\"1783\"><strong data-start=\"1642\" data-end=\"1663\">Support OEM et ODM<\/strong> - Les demandes de personnalisation et de marquage \u00e0 grande \u00e9chelle peuvent \u00eatre satisfaites \u00e0 partir d'une quantit\u00e9 minimale de 300 unit\u00e9s.<\/p>\n<\/li>\n<\/ol>\n<h2 data-start=\"1790\" data-end=\"1809\">Sp\u00e9cifications<\/h2>\n<div class=\"_tableContainer_1rjym_1\">\n<div class=\"group _tableWrapper_1rjym_13 flex w-fit flex-col-reverse\" tabindex=\"-1\">\n<table class=\"w-fit min-w-(--thread-content-width)\" data-start=\"1811\" data-end=\"2873\">\n<thead data-start=\"1811\" data-end=\"1880\">\n<tr data-start=\"1811\" data-end=\"1880\">\n<th data-start=\"1811\" data-end=\"1838\" data-col-size=\"sm\"><strong data-start=\"1813\" data-end=\"1821\">Objet<\/strong><\/th>\n<th data-start=\"1838\" data-end=\"1880\" data-col-size=\"md\"><strong data-start=\"1840\" data-end=\"1851\">D\u00e9tails<\/strong><\/th>\n<\/tr>\n<\/thead>\n<tbody data-start=\"1952\" data-end=\"2873\">\n<tr data-start=\"1952\" data-end=\"2021\">\n<td data-start=\"1952\" data-end=\"1979\" data-col-size=\"sm\">Nom du produit<\/td>\n<td data-start=\"1979\" data-end=\"2021\" data-col-size=\"md\">Sac de poitrine<\/td>\n<\/tr>\n<tr data-start=\"2022\" data-end=\"2091\">\n<td data-start=\"2022\" data-end=\"2049\" data-col-size=\"sm\">Marque<\/td>\n<td data-start=\"2049\" data-end=\"2091\" data-col-size=\"md\">RONEER<\/td>\n<\/tr>\n<tr data-start=\"2092\" data-end=\"2161\">\n<td data-start=\"2092\" data-end=\"2119\" data-col-size=\"sm\">Num\u00e9ro de mod\u00e8le<\/td>\n<td data-start=\"2119\" data-end=\"2161\" data-col-size=\"md\">BJ-119A<\/td>\n<\/tr>\n<tr data-start=\"2162\" data-end=\"2231\">\n<td data-start=\"2162\" data-end=\"2189\" data-col-size=\"sm\">Lieu d'origine<\/td>\n<td data-start=\"2189\" data-end=\"2231\" data-col-size=\"md\">Guangdong, Chine<\/td>\n<\/tr>\n<tr data-start=\"2232\" data-end=\"2302\">\n<td data-start=\"2232\" data-end=\"2259\" data-col-size=\"sm\">Style<\/td>\n<td data-start=\"2259\" data-end=\"2302\" data-col-size=\"md\">D\u00e9contract\u00e9 \/ Mode simple<\/td>\n<\/tr>\n<tr data-start=\"2303\" data-end=\"2372\">\n<td data-start=\"2303\" data-end=\"2330\" data-col-size=\"sm\">Mat\u00e9riau principal<\/td>\n<td data-start=\"2330\" data-end=\"2372\" data-col-size=\"md\">Cuir PU<\/td>\n<\/tr>\n<tr data-start=\"2373\" data-end=\"2442\">\n<td data-start=\"2373\" data-end=\"2400\" data-col-size=\"sm\">Type de motif<\/td>\n<td data-start=\"2400\" data-end=\"2442\" data-col-size=\"md\">Logo personnalis\u00e9 disponible<\/td>\n<\/tr>\n<tr data-start=\"2443\" data-end=\"2512\">\n<td data-start=\"2443\" data-end=\"2470\" data-col-size=\"sm\">Poids<\/td>\n<td data-start=\"2470\" data-end=\"2512\" data-col-size=\"md\">0,5 kg<\/td>\n<\/tr>\n<tr data-start=\"2513\" data-end=\"2592\">\n<td data-start=\"2513\" data-end=\"2541\" data-col-size=\"sm\">Structure<\/td>\n<td data-start=\"2541\" data-end=\"2592\" data-col-size=\"md\">Compartiment principal, poches avant et arri\u00e8re \u00e0 fermeture \u00e9clair<\/td>\n<\/tr>\n<tr data-start=\"2593\" data-end=\"2662\">\n<td data-start=\"2593\" data-end=\"2620\" data-col-size=\"sm\">Options de couleur<\/td>\n<td data-start=\"2620\" data-end=\"2662\" data-col-size=\"md\">Personnalisable<\/td>\n<\/tr>\n<tr data-start=\"2663\" data-end=\"2733\">\n<td data-start=\"2663\" data-end=\"2690\" data-col-size=\"sm\">M\u00e9thode de portage<\/td>\n<td data-start=\"2690\" data-end=\"2733\" data-col-size=\"md\">Bandouli\u00e8re \/ sangle de poitrine<\/td>\n<\/tr>\n<tr data-start=\"2734\" data-end=\"2803\">\n<td data-start=\"2734\" data-end=\"2761\" data-col-size=\"sm\">Fonctionnalit\u00e9<\/td>\n<td data-start=\"2761\" data-end=\"2803\" data-col-size=\"md\">Imperm\u00e9able \u00e0 l'eau<\/td>\n<\/tr>\n<tr data-start=\"2804\" data-end=\"2873\">\n<td data-start=\"2804\" data-end=\"2831\" data-col-size=\"sm\">MOQ<\/td>\n<td data-start=\"2831\" data-end=\"2873\" data-col-size=\"md\">300 pi\u00e8ces<\/td>\n<\/tr>\n<\/tbody>\n<\/table>\n<\/div>\n<\/div>\n<h2 data-start=\"2880\" data-end=\"2897\">Applications<\/h2>\n<ul data-start=\"2899\" data-end=\"3375\">\n<li data-start=\"2899\" data-end=\"3009\">\n<p data-start=\"2901\" data-end=\"3009\"><strong data-start=\"2901\" data-end=\"2914\">Voyages<\/strong> - Les objets essentiels \u00e0 la vie quotidienne peuvent \u00eatre rang\u00e9s en toute s\u00e9curit\u00e9 tout en conservant une solution de transport l\u00e9g\u00e8re.<\/p>\n<\/li>\n<li data-start=\"3010\" data-end=\"3127\">\n<p data-start=\"3012\" data-end=\"3127\"><strong data-start=\"3012\" data-end=\"3024\">Entreprises<\/strong> - Les objets importants tels que les t\u00e9l\u00e9phones, les tablettes et les documents peuvent \u00eatre transport\u00e9s dans un style professionnel.<\/p>\n<\/li>\n<li data-start=\"3128\" data-end=\"3247\">\n<p data-start=\"3130\" data-end=\"3247\"><strong data-start=\"3130\" data-end=\"3148\">Sorties d\u00e9contract\u00e9es<\/strong> - L'aspect tendance du sac permet de le porter lors d'activit\u00e9s de loisirs ou de shopping.<\/p>\n<\/li>\n<li data-start=\"3248\" data-end=\"3375\">\n<p data-start=\"3250\" data-end=\"3375\"><strong data-start=\"3250\" data-end=\"3269\">Promotion de la marque<\/strong> - Les logos et les couleurs personnalis\u00e9es font de ce sac un cadeau d'entreprise, un produit de merchandising ou un produit de vente au d\u00e9tail.<\/p>\n<\/li>\n<\/ul>\n<p data-start=\"3382\" data-end=\"3547\">Si vous \u00eates int\u00e9ress\u00e9 par cette <strong data-start=\"3412\" data-end=\"3442\">RONEER Sac \u00e0 bandouli\u00e8re pour hommes<\/strong>Veuillez nous contacter pour obtenir des \u00e9chantillons gratuits. Les services ODM et OEM sont fournis pour r\u00e9pondre \u00e0 vos besoins de personnalisation.<\/p>","protected":false},"excerpt":{"rendered":"<p>Les <strong data-start=\"291\" data-end=\"337\">Grossiste Sac \u00e0 bandouli\u00e8re personnalisable pour hommes<\/strong> par <strong data-start=\"341\" data-end=\"351\">RONEER<\/strong> a \u00e9t\u00e9 con\u00e7u dans un souci d'\u00e9quilibre entre la mode, la praticit\u00e9 et la durabilit\u00e9. Fabriqu\u00e9 en cuir PU de premi\u00e8re qualit\u00e9, le sac est con\u00e7u pour r\u00e9sister \u00e0 un usage quotidien tout en offrant une apparence \u00e9l\u00e9gante et moderne. Son poids l\u00e9ger de 0,5 kg garantit le confort pendant les longues p\u00e9riodes de transport. Avec son allure d\u00e9contract\u00e9e, le sac a \u00e9t\u00e9 con\u00e7u pour convenir aux voyages, au travail et aux styles de vie urbains quotidiens.<\/p>","protected":false},"featured_media":2002,"comment_status":"open","ping_status":"closed","template":"","meta":{"site-sidebar-layout":"default","site-content-layout":"","ast-site-content-layout":"default","site-content-style":"default","site-sidebar-style":"default","ast-global-header-display":"","ast-banner-title-visibility":"","ast-main-header-display":"","ast-hfb-above-header-display":"","ast-hfb-below-header-display":"","ast-hfb-mobile-header-display":"","site-post-title":"","ast-breadcrumbs-content":"","ast-featured-img":"","footer-sml-layout":"","ast-disable-related-posts":"","theme-transparent-header-meta":"default","adv-header-id-meta":"","stick-header-meta":"","header-above-stick-meta":"","header-main-stick-meta":"","header-below-stick-meta":"","astra-migrate-meta-layouts":"set","ast-page-background-enabled":"default","ast-page-background-meta":{"desktop":{"background-color":"var(--ast-global-color-5)","background-image":"","background-repeat":"repeat","background-position":"center center","background-size":"auto","background-attachment":"scroll","background-type":"","background-media":"","overlay-type":"","overlay-color":"","overlay-opacity":"","overlay-gradient":""},"tablet":{"background-color":"","background-image":"","background-repeat":"repeat","background-position":"center center","background-size":"auto","background-attachment":"scroll","background-type":"","background-media":"","overlay-type":"","overlay-color":"","overlay-opacity":"","overlay-gradient":""},"mobile":{"background-color":"","background-image":"","background-repeat":"repeat","background-position":"center center","background-size":"auto","background-attachment":"scroll","background-type":"","background-media":"","overlay-type":"","overlay-color":"","overlay-opacity":"","overlay-gradient":""}},"ast-content-background-meta":{"desktop":{"background-color":"var(--ast-global-color-4)","background-image":"","background-repeat":"repeat","background-position":"center center","background-size":"auto","background-attachment":"scroll","background-type":"","background-media":"","overlay-type":"","overlay-color":"","overlay-opacity":"","overlay-gradient":""},"tablet":{"background-color":"var(--ast-global-color-4)","background-image":"","background-repeat":"repeat","background-position":"center center","background-size":"auto","background-attachment":"scroll","background-type":"","background-media":"","overlay-type":"","overlay-color":"","overlay-opacity":"","overlay-gradient":""},"mobile":{"background-color":"var(--ast-global-color-4)","background-image":"","background-repeat":"repeat","background-position":"center center","background-size":"auto","background-attachment":"scroll","background-type":"","background-media":"","overlay-type":"","overlay-color":"","overlay-opacity":"","overlay-gradient":""}}},"product_brand":[],"product_cat":[51,53],"product_tag":[],"class_list":{"0":"post-1998","1":"product","2":"type-product","3":"status-publish","4":"has-post-thumbnail","6":"product_cat-chest-bag","7":"product_cat-mens-bag","8":"desktop-align-left","9":"tablet-align-left","10":"mobile-align-left","12":"first","13":"instock","14":"shipping-taxable","15":"product-type-simple"},"_links":{"self":[{"href":"https:\/\/baijiabags.com\/fr\/wp-json\/wp\/v2\/product\/1998","targetHints":{"allow":["GET"]}}],"collection":[{"href":"https:\/\/baijiabags.com\/fr\/wp-json\/wp\/v2\/product"}],"about":[{"href":"https:\/\/baijiabags.com\/fr\/wp-json\/wp\/v2\/types\/product"}],"replies":[{"embeddable":true,"href":"https:\/\/baijiabags.com\/fr\/wp-json\/wp\/v2\/comments?post=1998"}],"wp:featuredmedia":[{"embeddable":true,"href":"https:\/\/baijiabags.com\/fr\/wp-json\/wp\/v2\/media\/2002"}],"wp:attachment":[{"href":"https:\/\/baijiabags.com\/fr\/wp-json\/wp\/v2\/media?parent=1998"}],"wp:term":[{"taxonomy":"product_brand","embeddable":true,"href":"https:\/\/baijiabags.com\/fr\/wp-json\/wp\/v2\/product_brand?post=1998"},{"taxonomy":"product_cat","embeddable":true,"href":"https:\/\/baijiabags.com\/fr\/wp-json\/wp\/v2\/product_cat?post=1998"},{"taxonomy":"product_tag","embeddable":true,"href":"https:\/\/baijiabags.com\/fr\/wp-json\/wp\/v2\/product_tag?post=1998"}],"curies":[{"name":"wp","href":"https:\/\/api.w.org\/{rel}","templated":true}]}}