{"id":1988,"date":"2025-09-22T01:41:09","date_gmt":"2025-09-22T01:41:09","guid":{"rendered":"https:\/\/baijiabags.com\/?post_type=product&#038;p=1988"},"modified":"2025-11-01T01:26:13","modified_gmt":"2025-11-01T01:26:13","slug":"eco-friendly-mens-pu-leather-crossbody-chest-bag-waterproof-custom-logo-casual-use","status":"publish","type":"product","link":"https:\/\/baijiabags.com\/fr\/produit\/eco-friendly-mens-pu-leather-crossbody-chest-bag-waterproof-custom-logo-casual-use\/","title":{"rendered":"Eco Friendly Mens PU Leather Crossbody Chest Bag Waterproof Custom Logo Casual Use"},"content":{"rendered":"<h2 data-start=\"727\" data-end=\"744\">Caract\u00e9ristiques principales<\/h2>\n<ol data-start=\"745\" data-end=\"1888\">\n<li data-start=\"745\" data-end=\"888\">\n<p data-start=\"748\" data-end=\"888\"><strong data-start=\"748\" data-end=\"775\">Cuir PU \u00e9cologique<\/strong> - Un mat\u00e9riau PU de haute qualit\u00e9 a \u00e9t\u00e9 s\u00e9lectionn\u00e9 pour r\u00e9duire l'impact sur l'environnement tout en garantissant une utilisation durable.<\/p>\n<\/li>\n<li data-start=\"889\" data-end=\"1051\">\n<p data-start=\"892\" data-end=\"1051\"><strong data-start=\"892\" data-end=\"917\">Protection imperm\u00e9able<\/strong> - Un rev\u00eatement imperm\u00e9able a \u00e9t\u00e9 appliqu\u00e9 afin de prot\u00e9ger le contenu lors d'activit\u00e9s ext\u00e9rieures et de conditions m\u00e9t\u00e9orologiques impr\u00e9vues.<\/p>\n<\/li>\n<li data-start=\"1052\" data-end=\"1167\">\n<p data-start=\"1055\" data-end=\"1167\"><strong data-start=\"1055\" data-end=\"1077\">Conception l\u00e9g\u00e8re<\/strong> - Le poids total de 0,5 kg a \u00e9t\u00e9 con\u00e7u pour permettre un portage tout au long de la journ\u00e9e sans inconfort.<\/p>\n<\/li>\n<li data-start=\"1168\" data-end=\"1331\">\n<p data-start=\"1171\" data-end=\"1331\"><strong data-start=\"1171\" data-end=\"1199\">Stockage multifonctionnel<\/strong> - Un compartiment principal, une poche arri\u00e8re, une poche zipp\u00e9e et deux sections zipp\u00e9es \u00e0 l'avant ont \u00e9t\u00e9 int\u00e9gr\u00e9s pour des solutions de rangement intelligentes.<\/p>\n<\/li>\n<li data-start=\"1332\" data-end=\"1476\">\n<p data-start=\"1335\" data-end=\"1476\"><strong data-start=\"1335\" data-end=\"1365\">Couleurs et logo personnalisables<\/strong> - Des options de couleurs personnalis\u00e9es et d'impression de logo ont \u00e9t\u00e9 propos\u00e9es pour soutenir la strat\u00e9gie de marque et la personnalisation.<\/p>\n<\/li>\n<li data-start=\"1477\" data-end=\"1611\">\n<p data-start=\"1480\" data-end=\"1611\"><strong data-start=\"1480\" data-end=\"1506\">Conception ergonomique de la sangle<\/strong> - Une sangle r\u00e9glable a \u00e9t\u00e9 mise en place pour permettre un portage confortable sur le corps ou la poitrine.<\/p>\n<\/li>\n<li data-start=\"1612\" data-end=\"1734\">\n<p data-start=\"1615\" data-end=\"1734\"><strong data-start=\"1615\" data-end=\"1636\">Coutures durables<\/strong> - Des coutures renforc\u00e9es ont \u00e9t\u00e9 appliqu\u00e9es pour accro\u00eetre la solidit\u00e9 et la fiabilit\u00e9 globales du sac.<\/p>\n<\/li>\n<li data-start=\"1735\" data-end=\"1888\">\n<p data-start=\"1738\" data-end=\"1888\"><strong data-start=\"1738\" data-end=\"1770\">Style minimaliste \u00e0 la mode<\/strong> - Un design \u00e9l\u00e9gant et simple a \u00e9t\u00e9 pr\u00e9sent\u00e9, ce qui le rend adapt\u00e9 \u00e0 une utilisation d\u00e9contract\u00e9e, aux voyages et aux environnements professionnels.<\/p>\n<\/li>\n<\/ol>\n<h2 data-start=\"1890\" data-end=\"1909\">Sp\u00e9cifications<\/h2>\n<div class=\"_tableContainer_1rjym_1\">\n<div class=\"group _tableWrapper_1rjym_13 flex w-fit flex-col-reverse\" tabindex=\"-1\">\n<table class=\"w-fit min-w-(--thread-content-width)\" data-start=\"1911\" data-end=\"3441\">\n<thead data-start=\"1911\" data-end=\"2012\">\n<tr data-start=\"1911\" data-end=\"2012\">\n<th data-start=\"1911\" data-end=\"1933\" data-col-size=\"sm\">Sp\u00e9cifications<\/th>\n<th data-start=\"1933\" data-end=\"2012\" data-col-size=\"md\">Description<\/th>\n<\/tr>\n<\/thead>\n<tbody data-start=\"2115\" data-end=\"3441\">\n<tr data-start=\"2115\" data-end=\"2216\">\n<td data-start=\"2115\" data-end=\"2137\" data-col-size=\"sm\">Nom du produit<\/td>\n<td data-start=\"2137\" data-end=\"2216\" data-col-size=\"md\">Sac de poitrine<\/td>\n<\/tr>\n<tr data-start=\"2217\" data-end=\"2318\">\n<td data-start=\"2217\" data-end=\"2239\" data-col-size=\"sm\">Marque<\/td>\n<td data-start=\"2239\" data-end=\"2318\" data-col-size=\"md\">RONEER<\/td>\n<\/tr>\n<tr data-start=\"2319\" data-end=\"2420\">\n<td data-start=\"2319\" data-end=\"2341\" data-col-size=\"sm\">Mod\u00e8le<\/td>\n<td data-start=\"2341\" data-end=\"2420\" data-col-size=\"md\">BJ-117A<\/td>\n<\/tr>\n<tr data-start=\"2421\" data-end=\"2522\">\n<td data-start=\"2421\" data-end=\"2443\" data-col-size=\"sm\">Lieu d'origine<\/td>\n<td data-start=\"2443\" data-end=\"2522\" data-col-size=\"md\">Guangdong, Chine<\/td>\n<\/tr>\n<tr data-start=\"2523\" data-end=\"2624\">\n<td data-start=\"2523\" data-end=\"2545\" data-col-size=\"sm\">Style<\/td>\n<td data-start=\"2545\" data-end=\"2624\" data-col-size=\"md\">Mode et minimalisme<\/td>\n<\/tr>\n<tr data-start=\"2625\" data-end=\"2726\">\n<td data-start=\"2625\" data-end=\"2647\" data-col-size=\"sm\">Mat\u00e9riau<\/td>\n<td data-start=\"2647\" data-end=\"2726\" data-col-size=\"md\">Cuir PU<\/td>\n<\/tr>\n<tr data-start=\"2727\" data-end=\"2828\">\n<td data-start=\"2727\" data-end=\"2749\" data-col-size=\"sm\">Poids<\/td>\n<td data-start=\"2749\" data-end=\"2828\" data-col-size=\"md\">0,5 kg<\/td>\n<\/tr>\n<tr data-start=\"2829\" data-end=\"2931\">\n<td data-start=\"2829\" data-end=\"2851\" data-col-size=\"sm\">Structure<\/td>\n<td data-start=\"2851\" data-end=\"2931\" data-col-size=\"md\">Compartiment principal, poche zipp\u00e9e arri\u00e8re, poche zipp\u00e9e \u00e0 rabat avant, poche avant<\/td>\n<\/tr>\n<tr data-start=\"2932\" data-end=\"3033\">\n<td data-start=\"2932\" data-end=\"2954\" data-col-size=\"sm\">Couleur<\/td>\n<td data-start=\"2954\" data-end=\"3033\" data-col-size=\"md\">Personnalisable<\/td>\n<\/tr>\n<tr data-start=\"3034\" data-end=\"3135\">\n<td data-start=\"3034\" data-end=\"3056\" data-col-size=\"sm\">M\u00e9thode d'utilisation<\/td>\n<td data-start=\"3056\" data-end=\"3135\" data-col-size=\"md\">Portage en bandouli\u00e8re \/ sur la poitrine<\/td>\n<\/tr>\n<tr data-start=\"3136\" data-end=\"3237\">\n<td data-start=\"3136\" data-end=\"3158\" data-col-size=\"sm\">Fonctionnalit\u00e9<\/td>\n<td data-start=\"3158\" data-end=\"3237\" data-col-size=\"md\">Imperm\u00e9able \u00e0 l'eau<\/td>\n<\/tr>\n<tr data-start=\"3238\" data-end=\"3339\">\n<td data-start=\"3238\" data-end=\"3260\" data-col-size=\"sm\">MOQ<\/td>\n<td data-start=\"3260\" data-end=\"3339\" data-col-size=\"md\">300 pi\u00e8ces<\/td>\n<\/tr>\n<tr data-start=\"3340\" data-end=\"3441\">\n<td data-start=\"3340\" data-end=\"3362\" data-col-size=\"sm\">Application<\/td>\n<td data-start=\"3362\" data-end=\"3441\" data-col-size=\"md\">Voyage, affaires, quotidien d\u00e9contract\u00e9<\/td>\n<\/tr>\n<\/tbody>\n<\/table>\n<\/div>\n<\/div>\n<h2 data-start=\"3443\" data-end=\"3460\">Applications<\/h2>\n<ul data-start=\"3461\" data-end=\"3891\">\n<li data-start=\"3461\" data-end=\"3562\">\n<p data-start=\"3463\" data-end=\"3562\"><strong data-start=\"3463\" data-end=\"3476\">Voyages<\/strong> - L\u00e9ger et imperm\u00e9able, il convient parfaitement au transport des articles de voyage.<\/p>\n<\/li>\n<li data-start=\"3563\" data-end=\"3653\">\n<p data-start=\"3565\" data-end=\"3653\"><strong data-start=\"3565\" data-end=\"3577\">Entreprises<\/strong> - L'aspect professionnel et \u00e9l\u00e9gant a \u00e9t\u00e9 adapt\u00e9 \u00e0 l'usage professionnel.<\/p>\n<\/li>\n<li data-start=\"3654\" data-end=\"3759\">\n<p data-start=\"3656\" data-end=\"3759\"><strong data-start=\"3656\" data-end=\"3676\">Utilisation quotidienne<\/strong> - Les besoins quotidiens tels que les portefeuilles, les smartphones et les cl\u00e9s peuvent \u00eatre facilement organis\u00e9s.<\/p>\n<\/li>\n<li data-start=\"3760\" data-end=\"3891\">\n<p data-start=\"3762\" data-end=\"3891\"><strong data-start=\"3762\" data-end=\"3788\">Promotion et strat\u00e9gie de marque<\/strong> - Gr\u00e2ce aux options de personnalisation du logo, le sac est id\u00e9al pour les cadeaux d'entreprise et la promotion de la marque dans le commerce de d\u00e9tail.<\/p>\n<\/li>\n<\/ul>\n<p data-start=\"3900\" data-end=\"4053\">Si vous \u00eates int\u00e9ress\u00e9 par ce sac, veuillez nous contacter pour obtenir des \u00e9chantillons. <strong data-start=\"3966\" data-end=\"4002\">Les services ODM et OEM sont disponibles<\/strong>et les demandes personnalis\u00e9es peuvent \u00eatre enti\u00e8rement prises en charge.<\/p>","protected":false},"excerpt":{"rendered":"<p>Les <strong data-start=\"200\" data-end=\"252\">Eco Friendly Mens PU Leather Crossbody Chest Bag<\/strong> par <strong data-start=\"256\" data-end=\"266\">RONEER<\/strong> a \u00e9t\u00e9 soigneusement fabriqu\u00e9 en cuir PU durable pour offrir \u00e0 la fois durabilit\u00e9 et style. Dot\u00e9 d'une surface imperm\u00e9able, ce sac convient aux activit\u00e9s quotidiennes, aux voyages et \u00e0 l'usage professionnel. Sa structure l\u00e9g\u00e8re de seulement 0,5 kg permet de le porter confortablement tout au long de la journ\u00e9e. De nombreux compartiments ont \u00e9t\u00e9 pr\u00e9vus pour permettre une organisation pratique des \u00e9l\u00e9ments essentiels tels que les portefeuilles, les cl\u00e9s, les smartphones et les petits accessoires.<\/p>","protected":false},"featured_media":1993,"comment_status":"open","ping_status":"closed","template":"","meta":{"site-sidebar-layout":"default","site-content-layout":"","ast-site-content-layout":"default","site-content-style":"default","site-sidebar-style":"default","ast-global-header-display":"","ast-banner-title-visibility":"","ast-main-header-display":"","ast-hfb-above-header-display":"","ast-hfb-below-header-display":"","ast-hfb-mobile-header-display":"","site-post-title":"","ast-breadcrumbs-content":"","ast-featured-img":"","footer-sml-layout":"","ast-disable-related-posts":"","theme-transparent-header-meta":"default","adv-header-id-meta":"","stick-header-meta":"","header-above-stick-meta":"","header-main-stick-meta":"","header-below-stick-meta":"","astra-migrate-meta-layouts":"set","ast-page-background-enabled":"default","ast-page-background-meta":{"desktop":{"background-color":"var(--ast-global-color-5)","background-image":"","background-repeat":"repeat","background-position":"center center","background-size":"auto","background-attachment":"scroll","background-type":"","background-media":"","overlay-type":"","overlay-color":"","overlay-opacity":"","overlay-gradient":""},"tablet":{"background-color":"","background-image":"","background-repeat":"repeat","background-position":"center center","background-size":"auto","background-attachment":"scroll","background-type":"","background-media":"","overlay-type":"","overlay-color":"","overlay-opacity":"","overlay-gradient":""},"mobile":{"background-color":"","background-image":"","background-repeat":"repeat","background-position":"center center","background-size":"auto","background-attachment":"scroll","background-type":"","background-media":"","overlay-type":"","overlay-color":"","overlay-opacity":"","overlay-gradient":""}},"ast-content-background-meta":{"desktop":{"background-color":"var(--ast-global-color-4)","background-image":"","background-repeat":"repeat","background-position":"center center","background-size":"auto","background-attachment":"scroll","background-type":"","background-media":"","overlay-type":"","overlay-color":"","overlay-opacity":"","overlay-gradient":""},"tablet":{"background-color":"var(--ast-global-color-4)","background-image":"","background-repeat":"repeat","background-position":"center center","background-size":"auto","background-attachment":"scroll","background-type":"","background-media":"","overlay-type":"","overlay-color":"","overlay-opacity":"","overlay-gradient":""},"mobile":{"background-color":"var(--ast-global-color-4)","background-image":"","background-repeat":"repeat","background-position":"center center","background-size":"auto","background-attachment":"scroll","background-type":"","background-media":"","overlay-type":"","overlay-color":"","overlay-opacity":"","overlay-gradient":""}}},"product_brand":[],"product_cat":[51,53],"product_tag":[],"class_list":{"0":"post-1988","1":"product","2":"type-product","3":"status-publish","4":"has-post-thumbnail","6":"product_cat-chest-bag","7":"product_cat-mens-bag","8":"desktop-align-left","9":"tablet-align-left","10":"mobile-align-left","12":"first","13":"instock","14":"shipping-taxable","15":"product-type-simple"},"_links":{"self":[{"href":"https:\/\/baijiabags.com\/fr\/wp-json\/wp\/v2\/product\/1988","targetHints":{"allow":["GET"]}}],"collection":[{"href":"https:\/\/baijiabags.com\/fr\/wp-json\/wp\/v2\/product"}],"about":[{"href":"https:\/\/baijiabags.com\/fr\/wp-json\/wp\/v2\/types\/product"}],"replies":[{"embeddable":true,"href":"https:\/\/baijiabags.com\/fr\/wp-json\/wp\/v2\/comments?post=1988"}],"wp:featuredmedia":[{"embeddable":true,"href":"https:\/\/baijiabags.com\/fr\/wp-json\/wp\/v2\/media\/1993"}],"wp:attachment":[{"href":"https:\/\/baijiabags.com\/fr\/wp-json\/wp\/v2\/media?parent=1988"}],"wp:term":[{"taxonomy":"product_brand","embeddable":true,"href":"https:\/\/baijiabags.com\/fr\/wp-json\/wp\/v2\/product_brand?post=1988"},{"taxonomy":"product_cat","embeddable":true,"href":"https:\/\/baijiabags.com\/fr\/wp-json\/wp\/v2\/product_cat?post=1988"},{"taxonomy":"product_tag","embeddable":true,"href":"https:\/\/baijiabags.com\/fr\/wp-json\/wp\/v2\/product_tag?post=1988"}],"curies":[{"name":"wp","href":"https:\/\/api.w.org\/{rel}","templated":true}]}}