{"id":1954,"date":"2025-09-20T07:12:41","date_gmt":"2025-09-20T07:12:41","guid":{"rendered":"https:\/\/baijiabags.com\/?post_type=product&#038;p=1954"},"modified":"2025-09-20T07:18:21","modified_gmt":"2025-09-20T07:18:21","slug":"womens-travel-makeup-bag-set-waterproof-zipper-organizer-cute-cosmetic-pouch-for-girls","status":"publish","type":"product","link":"https:\/\/baijiabags.com\/fr\/produit\/womens-travel-makeup-bag-set-waterproof-zipper-organizer-cute-cosmetic-pouch-for-girls\/","title":{"rendered":"Trousse de maquillage de voyage pour femmes Pochette \u00e0 cosm\u00e9tiques pour filles, \u00e9tanche et \u00e0 fermeture \u00e9clair"},"content":{"rendered":"<h2 data-start=\"683\" data-end=\"700\">Caract\u00e9ristiques principales<\/h2>\n<ol data-start=\"701\" data-end=\"1636\">\n<li data-start=\"701\" data-end=\"813\">\n<p data-start=\"704\" data-end=\"813\"><strong data-start=\"704\" data-end=\"729\">Mat\u00e9riau de haute qualit\u00e9<\/strong> - Le tissu PVC est utilis\u00e9 pour assurer la durabilit\u00e9, la douceur et la l\u00e9g\u00e8ret\u00e9.<\/p>\n<\/li>\n<li data-start=\"814\" data-end=\"919\">\n<p data-start=\"817\" data-end=\"919\"><strong data-start=\"817\" data-end=\"843\">Conception r\u00e9sistante \u00e0 l'eau<\/strong> - La surface est trait\u00e9e pour r\u00e9sister \u00e0 l'eau, ce qui permet de conserver les produits cosm\u00e9tiques au sec et en toute s\u00e9curit\u00e9.<\/p>\n<\/li>\n<li data-start=\"920\" data-end=\"1027\">\n<p data-start=\"923\" data-end=\"1027\"><strong data-start=\"923\" data-end=\"950\">Fermeture \u00e0 glissi\u00e8re fiable<\/strong> - Une fermeture \u00e0 glissi\u00e8re robuste est appliqu\u00e9e pour assurer une ouverture en douceur et une fermeture s\u00fbre.<\/p>\n<\/li>\n<li data-start=\"1028\" data-end=\"1133\">\n<p data-start=\"1031\" data-end=\"1133\"><strong data-start=\"1031\" data-end=\"1055\">Options personnalisables<\/strong> - La couleur, la taille et le logo peuvent \u00eatre adapt\u00e9s aux besoins du client.<\/p>\n<\/li>\n<li data-start=\"1134\" data-end=\"1269\">\n<p data-start=\"1137\" data-end=\"1269\"><strong data-start=\"1137\" data-end=\"1167\">Portable et facile \u00e0 transporter<\/strong> - Les dimensions compactes de la pochette permettent de la transporter facilement dans un sac \u00e0 main, un bagage ou un sac \u00e0 dos.<\/p>\n<\/li>\n<li data-start=\"1270\" data-end=\"1400\">\n<p data-start=\"1273\" data-end=\"1400\"><strong data-start=\"1273\" data-end=\"1301\">Stockage multifonctionnel<\/strong> - Les cosm\u00e9tiques, les produits de soin, les petits accessoires ou les articles de voyage peuvent \u00eatre rang\u00e9s facilement.<\/p>\n<\/li>\n<li data-start=\"1401\" data-end=\"1520\">\n<p data-start=\"1404\" data-end=\"1520\"><strong data-start=\"1404\" data-end=\"1430\">Une apparence \u00e0 la mode<\/strong> - Gr\u00e2ce \u00e0 son design chic, il convient aussi bien \u00e0 un usage quotidien d\u00e9contract\u00e9 qu'\u00e0 des occasions de voyage.<\/p>\n<\/li>\n<li data-start=\"1521\" data-end=\"1636\">\n<p data-start=\"1524\" data-end=\"1636\"><strong data-start=\"1524\" data-end=\"1555\">Prise en charge des services OEM et ODM<\/strong> - Un marquage personnalis\u00e9 et des dessins sur mesure peuvent \u00eatre demand\u00e9s pour les commandes en gros.<\/p>\n<\/li>\n<\/ol>\n<p><img fetchpriority=\"high\" decoding=\"async\" class=\"aligncenter wp-image-1955 size-full\" src=\"https:\/\/baijiabags.com\/wp-content\/uploads\/2025\/09\/1-1-5.png\" alt=\"Women\u2019s Travel Makeup Bag Set Waterproof Zipper Organizer Cute Cosmetic Pouch for Girls\" width=\"800\" height=\"800\" srcset=\"https:\/\/baijiabags.com\/wp-content\/uploads\/2025\/09\/1-1-5.png 800w, https:\/\/baijiabags.com\/wp-content\/uploads\/2025\/09\/1-1-5-300x300.png 300w, https:\/\/baijiabags.com\/wp-content\/uploads\/2025\/09\/1-1-5-150x150.png 150w, https:\/\/baijiabags.com\/wp-content\/uploads\/2025\/09\/1-1-5-768x768.png 768w, https:\/\/baijiabags.com\/wp-content\/uploads\/2025\/09\/1-1-5-12x12.png 12w, https:\/\/baijiabags.com\/wp-content\/uploads\/2025\/09\/1-1-5-600x600.png 600w, https:\/\/baijiabags.com\/wp-content\/uploads\/2025\/09\/1-1-5-100x100.png 100w\" sizes=\"(max-width: 800px) 100vw, 800px\" \/><\/p>\n<h2 data-start=\"1643\" data-end=\"1662\">Sp\u00e9cifications<\/h2>\n<div class=\"_tableContainer_1rjym_1\">\n<div class=\"group _tableWrapper_1rjym_13 flex w-fit flex-col-reverse\" tabindex=\"-1\">\n<table class=\"w-fit min-w-(--thread-content-width)\" data-start=\"1664\" data-end=\"2671\">\n<thead data-start=\"1664\" data-end=\"1726\">\n<tr data-start=\"1664\" data-end=\"1726\">\n<th data-start=\"1664\" data-end=\"1686\" data-col-size=\"sm\">Param\u00e8tres<\/th>\n<th data-start=\"1686\" data-end=\"1726\" data-col-size=\"sm\">Description<\/th>\n<\/tr>\n<\/thead>\n<tbody data-start=\"1790\" data-end=\"2671\">\n<tr data-start=\"1790\" data-end=\"1852\">\n<td data-start=\"1790\" data-end=\"1812\" data-col-size=\"sm\">Nom du produit<\/td>\n<td data-start=\"1812\" data-end=\"1852\" data-col-size=\"sm\">Trousse de maquillage pour femmes<\/td>\n<\/tr>\n<tr data-start=\"1853\" data-end=\"1915\">\n<td data-start=\"1853\" data-end=\"1875\" data-col-size=\"sm\">Marque<\/td>\n<td data-start=\"1875\" data-end=\"1915\" data-col-size=\"sm\">RONEER<\/td>\n<\/tr>\n<tr data-start=\"1916\" data-end=\"1978\">\n<td data-start=\"1916\" data-end=\"1938\" data-col-size=\"sm\">Num\u00e9ro de mod\u00e8le<\/td>\n<td data-start=\"1938\" data-end=\"1978\" data-col-size=\"sm\">GB-4528<\/td>\n<\/tr>\n<tr data-start=\"1979\" data-end=\"2041\">\n<td data-start=\"1979\" data-end=\"2001\" data-col-size=\"sm\">Origine<\/td>\n<td data-start=\"2001\" data-end=\"2041\" data-col-size=\"sm\">Guangdong, Chine<\/td>\n<\/tr>\n<tr data-start=\"2042\" data-end=\"2104\">\n<td data-start=\"2042\" data-end=\"2064\" data-col-size=\"sm\">Style<\/td>\n<td data-start=\"2064\" data-end=\"2104\" data-col-size=\"sm\">La mode<\/td>\n<\/tr>\n<tr data-start=\"2105\" data-end=\"2167\">\n<td data-start=\"2105\" data-end=\"2127\" data-col-size=\"sm\">Couleur<\/td>\n<td data-start=\"2127\" data-end=\"2167\" data-col-size=\"sm\">Couleurs personnalis\u00e9es disponibles<\/td>\n<\/tr>\n<tr data-start=\"2168\" data-end=\"2230\">\n<td data-start=\"2168\" data-end=\"2190\" data-col-size=\"sm\">Taille<\/td>\n<td data-start=\"2190\" data-end=\"2230\" data-col-size=\"sm\">Taille personnalis\u00e9e accept\u00e9e<\/td>\n<\/tr>\n<tr data-start=\"2231\" data-end=\"2293\">\n<td data-start=\"2231\" data-end=\"2253\" data-col-size=\"sm\">Mat\u00e9riau<\/td>\n<td data-start=\"2253\" data-end=\"2293\" data-col-size=\"sm\">PVC<\/td>\n<\/tr>\n<tr data-start=\"2294\" data-end=\"2356\">\n<td data-start=\"2294\" data-end=\"2316\" data-col-size=\"sm\">Type de fermeture<\/td>\n<td data-start=\"2316\" data-end=\"2356\" data-col-size=\"sm\">Fermeture \u00e0 glissi\u00e8re<\/td>\n<\/tr>\n<tr data-start=\"2357\" data-end=\"2419\">\n<td data-start=\"2357\" data-end=\"2379\" data-col-size=\"sm\">Logo<\/td>\n<td data-start=\"2379\" data-end=\"2419\" data-col-size=\"sm\">Personnalisable<\/td>\n<\/tr>\n<tr data-start=\"2420\" data-end=\"2482\">\n<td data-start=\"2420\" data-end=\"2442\" data-col-size=\"sm\">Fonctionnalit\u00e9<\/td>\n<td data-start=\"2442\" data-end=\"2482\" data-col-size=\"sm\">Durable, r\u00e9sistant \u00e0 l'eau<\/td>\n<\/tr>\n<tr data-start=\"2483\" data-end=\"2545\">\n<td data-start=\"2483\" data-end=\"2505\" data-col-size=\"sm\">Fonction<\/td>\n<td data-start=\"2505\" data-end=\"2545\" data-col-size=\"sm\">Organisateur de maquillage multifonctionnel<\/td>\n<\/tr>\n<tr data-start=\"2546\" data-end=\"2608\">\n<td data-start=\"2546\" data-end=\"2568\" data-col-size=\"sm\">Utilisation<\/td>\n<td data-start=\"2568\" data-end=\"2608\" data-col-size=\"sm\">Commodit\u00e9 des cosm\u00e9tiques<\/td>\n<\/tr>\n<tr data-start=\"2609\" data-end=\"2671\">\n<td data-start=\"2609\" data-end=\"2631\" data-col-size=\"sm\">MOQ<\/td>\n<td data-start=\"2631\" data-end=\"2671\" data-col-size=\"sm\">300 pi\u00e8ces<\/td>\n<\/tr>\n<\/tbody>\n<\/table>\n<\/div>\n<\/div>\n<h2 data-start=\"2678\" data-end=\"2695\">Applications<\/h2>\n<ul data-start=\"2696\" data-end=\"3148\">\n<li data-start=\"2696\" data-end=\"2769\">\n<p data-start=\"2698\" data-end=\"2769\"><strong data-start=\"2698\" data-end=\"2708\">Voyage<\/strong> - Id\u00e9al pour organiser le maquillage et les articles de toilette pendant les voyages.<\/p>\n<\/li>\n<li data-start=\"2770\" data-end=\"2857\">\n<p data-start=\"2772\" data-end=\"2857\"><strong data-start=\"2772\" data-end=\"2785\">Utilisation quotidienne<\/strong> - Convient pour transporter les produits cosm\u00e9tiques essentiels dans les sacs \u00e0 main ou les sacs \u00e0 dos.<\/p>\n<\/li>\n<li data-start=\"2858\" data-end=\"2939\">\n<p data-start=\"2860\" data-end=\"2939\"><strong data-start=\"2860\" data-end=\"2875\">Option cadeau<\/strong> - Peut \u00eatre offert comme un ensemble de cadeaux \u00e9l\u00e9gants pour les amis ou la famille.<\/p>\n<\/li>\n<li data-start=\"2940\" data-end=\"3046\">\n<p data-start=\"2942\" data-end=\"3046\"><strong data-start=\"2942\" data-end=\"2969\">Articles promotionnels<\/strong> - Gr\u00e2ce aux logos personnalis\u00e9s, il convient aux cadeaux d'entreprise ou aux \u00e9v\u00e9nements promotionnels.<\/p>\n<\/li>\n<li data-start=\"3047\" data-end=\"3148\">\n<p data-start=\"3049\" data-end=\"3148\"><strong data-start=\"3049\" data-end=\"3071\">Commerce de d\u00e9tail et de gros<\/strong> - Accept\u00e9 aussi bien pour les petites commandes de boutiques que pour les grandes distributions.<\/p>\n<\/li>\n<\/ul>\n<p data-start=\"3155\" data-end=\"3371\">Si vous \u00eates int\u00e9ress\u00e9 par la <strong data-start=\"3184\" data-end=\"3224\">RONEER Trousse de maquillage de voyage pour femmes<\/strong>N'h\u00e9sitez pas \u00e0 nous contacter pour demander des \u00e9chantillons. <strong data-start=\"3277\" data-end=\"3313\">Les services ODM et OEM sont pris en charge<\/strong>Le syst\u00e8me de gestion de l'information de l'Union europ\u00e9enne (UE) permet une personnalisation souple et une mise en valeur de la marque.<\/p>","protected":false},"excerpt":{"rendered":"<p>Les <strong data-start=\"210\" data-end=\"243\">Trousse de maquillage de voyage pour femmes<\/strong> par <strong data-start=\"247\" data-end=\"257\">RONEER<\/strong> a \u00e9t\u00e9 con\u00e7u pour organiser et prot\u00e9ger les produits de beaut\u00e9 essentiels lors des voyages et de l'utilisation quotidienne. Fabriqu\u00e9 en PVC durable et dot\u00e9 d'une fermeture \u00e0 glissi\u00e8re fiable, cet ensemble se pr\u00e9sente comme un choix \u00e0 la fois \u00e9l\u00e9gant et fonctionnel pour les filles et les femmes. Avec des options de couleurs personnalisables, l'impression de logos et des tailles adaptables, il a \u00e9t\u00e9 propos\u00e9 comme un organisateur polyvalent convenant aux cosm\u00e9tiques et autres articles personnels.<\/p>","protected":false},"featured_media":1957,"comment_status":"open","ping_status":"closed","template":"","meta":{"site-sidebar-layout":"default","site-content-layout":"","ast-site-content-layout":"default","site-content-style":"default","site-sidebar-style":"default","ast-global-header-display":"","ast-banner-title-visibility":"","ast-main-header-display":"","ast-hfb-above-header-display":"","ast-hfb-below-header-display":"","ast-hfb-mobile-header-display":"","site-post-title":"","ast-breadcrumbs-content":"","ast-featured-img":"","footer-sml-layout":"","ast-disable-related-posts":"","theme-transparent-header-meta":"default","adv-header-id-meta":"","stick-header-meta":"","header-above-stick-meta":"","header-main-stick-meta":"","header-below-stick-meta":"","astra-migrate-meta-layouts":"set","ast-page-background-enabled":"default","ast-page-background-meta":{"desktop":{"background-color":"var(--ast-global-color-5)","background-image":"","background-repeat":"repeat","background-position":"center center","background-size":"auto","background-attachment":"scroll","background-type":"","background-media":"","overlay-type":"","overlay-color":"","overlay-opacity":"","overlay-gradient":""},"tablet":{"background-color":"","background-image":"","background-repeat":"repeat","background-position":"center center","background-size":"auto","background-attachment":"scroll","background-type":"","background-media":"","overlay-type":"","overlay-color":"","overlay-opacity":"","overlay-gradient":""},"mobile":{"background-color":"","background-image":"","background-repeat":"repeat","background-position":"center center","background-size":"auto","background-attachment":"scroll","background-type":"","background-media":"","overlay-type":"","overlay-color":"","overlay-opacity":"","overlay-gradient":""}},"ast-content-background-meta":{"desktop":{"background-color":"var(--ast-global-color-4)","background-image":"","background-repeat":"repeat","background-position":"center center","background-size":"auto","background-attachment":"scroll","background-type":"","background-media":"","overlay-type":"","overlay-color":"","overlay-opacity":"","overlay-gradient":""},"tablet":{"background-color":"var(--ast-global-color-4)","background-image":"","background-repeat":"repeat","background-position":"center center","background-size":"auto","background-attachment":"scroll","background-type":"","background-media":"","overlay-type":"","overlay-color":"","overlay-opacity":"","overlay-gradient":""},"mobile":{"background-color":"var(--ast-global-color-4)","background-image":"","background-repeat":"repeat","background-position":"center center","background-size":"auto","background-attachment":"scroll","background-type":"","background-media":"","overlay-type":"","overlay-color":"","overlay-opacity":"","overlay-gradient":""}}},"product_brand":[],"product_cat":[38],"product_tag":[],"class_list":{"0":"post-1954","1":"product","2":"type-product","3":"status-publish","4":"has-post-thumbnail","6":"product_cat-cosmetic-bags","7":"desktop-align-left","8":"tablet-align-left","9":"mobile-align-left","11":"first","12":"instock","13":"shipping-taxable","14":"product-type-simple"},"_links":{"self":[{"href":"https:\/\/baijiabags.com\/fr\/wp-json\/wp\/v2\/product\/1954","targetHints":{"allow":["GET"]}}],"collection":[{"href":"https:\/\/baijiabags.com\/fr\/wp-json\/wp\/v2\/product"}],"about":[{"href":"https:\/\/baijiabags.com\/fr\/wp-json\/wp\/v2\/types\/product"}],"replies":[{"embeddable":true,"href":"https:\/\/baijiabags.com\/fr\/wp-json\/wp\/v2\/comments?post=1954"}],"wp:featuredmedia":[{"embeddable":true,"href":"https:\/\/baijiabags.com\/fr\/wp-json\/wp\/v2\/media\/1957"}],"wp:attachment":[{"href":"https:\/\/baijiabags.com\/fr\/wp-json\/wp\/v2\/media?parent=1954"}],"wp:term":[{"taxonomy":"product_brand","embeddable":true,"href":"https:\/\/baijiabags.com\/fr\/wp-json\/wp\/v2\/product_brand?post=1954"},{"taxonomy":"product_cat","embeddable":true,"href":"https:\/\/baijiabags.com\/fr\/wp-json\/wp\/v2\/product_cat?post=1954"},{"taxonomy":"product_tag","embeddable":true,"href":"https:\/\/baijiabags.com\/fr\/wp-json\/wp\/v2\/product_tag?post=1954"}],"curies":[{"name":"wp","href":"https:\/\/api.w.org\/{rel}","templated":true}]}}