{"id":1917,"date":"2025-09-20T05:49:34","date_gmt":"2025-09-20T05:49:34","guid":{"rendered":"https:\/\/baijiabags.com\/?post_type=product&#038;p=1917"},"modified":"2025-09-20T05:49:34","modified_gmt":"2025-09-20T05:49:34","slug":"wholesale-custom-logo-makeup-bag-travel-organizer-cosmetic-pouch-zipper-pencil-case","status":"publish","type":"product","link":"https:\/\/baijiabags.com\/fr\/produit\/wholesale-custom-logo-makeup-bag-travel-organizer-cosmetic-pouch-zipper-pencil-case\/","title":{"rendered":"Wholesale Custom Logo Makeup Bag Travel Organizer Cosmetic Pouch Zipper Pencil Case"},"content":{"rendered":"<h2 data-start=\"659\" data-end=\"674\">Caract\u00e9ristiques principales<\/h2>\n<ol data-start=\"676\" data-end=\"1418\">\n<li data-start=\"676\" data-end=\"760\">\n<p data-start=\"678\" data-end=\"760\"><strong data-start=\"678\" data-end=\"699\">Logo personnalisable<\/strong>: Le logo de votre marque peut \u00eatre ajout\u00e9 pour am\u00e9liorer sa visibilit\u00e9.<\/p>\n<\/li>\n<li data-start=\"761\" data-end=\"857\">\n<p data-start=\"763\" data-end=\"857\"><strong data-start=\"763\" data-end=\"783\">Mat\u00e9riau durable<\/strong>: Fabriqu\u00e9 en fibre de polyester de haute qualit\u00e9, r\u00e9sistant \u00e0 l'usure et \u00e0 la d\u00e9chirure.<\/p>\n<\/li>\n<li data-start=\"858\" data-end=\"944\">\n<p data-start=\"860\" data-end=\"944\"><strong data-start=\"860\" data-end=\"882\">Conception l\u00e9g\u00e8re<\/strong>: Facile \u00e0 transporter sans ajouter de poids suppl\u00e9mentaire \u00e0 vos bagages.<\/p>\n<\/li>\n<li data-start=\"945\" data-end=\"1063\">\n<p data-start=\"947\" data-end=\"1063\"><strong data-start=\"947\" data-end=\"967\">Stockage spacieux<\/strong>: Plusieurs compartiments ou un seul espace spacieux pour ranger le maquillage, les crayons ou les petits accessoires.<\/p>\n<\/li>\n<li data-start=\"1064\" data-end=\"1132\">\n<p data-start=\"1066\" data-end=\"1132\"><strong data-start=\"1066\" data-end=\"1091\">Fermeture \u00e0 glissi\u00e8re lisse<\/strong>: Veille \u00e0 ce que les objets restent bien \u00e0 l'int\u00e9rieur.<\/p>\n<\/li>\n<li data-start=\"1133\" data-end=\"1229\">\n<p data-start=\"1135\" data-end=\"1229\"><strong data-start=\"1135\" data-end=\"1157\">Apparence \u00e9l\u00e9gante<\/strong>: Un design aux couleurs pures avec une esth\u00e9tique de style f\u00e9minin qui convient \u00e0 tous les \u00e2ges.<\/p>\n<\/li>\n<li data-start=\"1230\" data-end=\"1317\">\n<p data-start=\"1232\" data-end=\"1317\"><strong data-start=\"1232\" data-end=\"1249\">Utilisation polyvalente<\/strong>: Peut \u00eatre utilis\u00e9 comme sac \u00e0 cosm\u00e9tiques, organiseur de voyage ou trousse \u00e0 crayons.<\/p>\n<\/li>\n<li data-start=\"1318\" data-end=\"1418\">\n<p data-start=\"1320\" data-end=\"1418\"><strong data-start=\"1320\" data-end=\"1345\">Taille et couleur personnalis\u00e9es<\/strong>: Disponible dans une vari\u00e9t\u00e9 de dimensions et de couleurs pour r\u00e9pondre aux besoins des clients.<\/p>\n<\/li>\n<\/ol>\n<p><img fetchpriority=\"high\" decoding=\"async\" class=\"aligncenter wp-image-1919 size-full\" src=\"https:\/\/baijiabags.com\/wp-content\/uploads\/2025\/09\/1-2-1.png\" alt=\"Wholesale Custom Logo Makeup Bag Travel Organizer Cosmetic Pouch Zipper Pencil Case\" width=\"640\" height=\"640\" srcset=\"https:\/\/baijiabags.com\/wp-content\/uploads\/2025\/09\/1-2-1.png 640w, https:\/\/baijiabags.com\/wp-content\/uploads\/2025\/09\/1-2-1-300x300.png 300w, https:\/\/baijiabags.com\/wp-content\/uploads\/2025\/09\/1-2-1-150x150.png 150w, https:\/\/baijiabags.com\/wp-content\/uploads\/2025\/09\/1-2-1-12x12.png 12w, https:\/\/baijiabags.com\/wp-content\/uploads\/2025\/09\/1-2-1-600x600.png 600w, https:\/\/baijiabags.com\/wp-content\/uploads\/2025\/09\/1-2-1-100x100.png 100w\" sizes=\"(max-width: 640px) 100vw, 640px\" \/><\/p>\n<h2 data-start=\"1425\" data-end=\"1442\">Sp\u00e9cifications<\/h2>\n<div class=\"_tableContainer_1rjym_1\">\n<div class=\"group _tableWrapper_1rjym_13 flex w-fit flex-col-reverse\" tabindex=\"-1\">\n<table class=\"w-fit min-w-(--thread-content-width)\" data-start=\"1444\" data-end=\"1913\">\n<thead data-start=\"1444\" data-end=\"1471\">\n<tr data-start=\"1444\" data-end=\"1471\">\n<th data-start=\"1444\" data-end=\"1460\" data-col-size=\"sm\">Sp\u00e9cifications<\/th>\n<th data-start=\"1460\" data-end=\"1471\" data-col-size=\"sm\">D\u00e9tails<\/th>\n<\/tr>\n<\/thead>\n<tbody data-start=\"1500\" data-end=\"1913\">\n<tr data-start=\"1500\" data-end=\"1532\">\n<td data-start=\"1500\" data-end=\"1516\" data-col-size=\"sm\">Nom du produit<\/td>\n<td data-start=\"1516\" data-end=\"1532\" data-col-size=\"sm\">Sac \u00e0 cosm\u00e9tiques<\/td>\n<\/tr>\n<tr data-start=\"1533\" data-end=\"1559\">\n<td data-start=\"1533\" data-end=\"1549\" data-col-size=\"sm\">Marque<\/td>\n<td data-start=\"1549\" data-end=\"1559\" data-col-size=\"sm\">RONEER<\/td>\n<\/tr>\n<tr data-start=\"1560\" data-end=\"1596\">\n<td data-start=\"1560\" data-end=\"1576\" data-col-size=\"sm\">Origine<\/td>\n<td data-start=\"1576\" data-end=\"1596\" data-col-size=\"sm\">Guangdong, Chine<\/td>\n<\/tr>\n<tr data-start=\"1597\" data-end=\"1624\">\n<td data-start=\"1597\" data-end=\"1613\" data-col-size=\"sm\">Mod\u00e8le<\/td>\n<td data-start=\"1613\" data-end=\"1624\" data-col-size=\"sm\">GB-4921<\/td>\n<\/tr>\n<tr data-start=\"1625\" data-end=\"1649\">\n<td data-start=\"1625\" data-end=\"1641\" data-col-size=\"sm\">Style<\/td>\n<td data-start=\"1641\" data-end=\"1649\" data-col-size=\"sm\">Dame<\/td>\n<\/tr>\n<tr data-start=\"1650\" data-end=\"1681\">\n<td data-start=\"1650\" data-end=\"1666\" data-col-size=\"sm\">Type de motif<\/td>\n<td data-start=\"1666\" data-end=\"1681\" data-col-size=\"sm\">Couleur pure<\/td>\n<\/tr>\n<tr data-start=\"1682\" data-end=\"1717\">\n<td data-start=\"1682\" data-end=\"1698\" data-col-size=\"sm\">Mat\u00e9riau principal<\/td>\n<td data-start=\"1698\" data-end=\"1717\" data-col-size=\"sm\">Fibre de polyester<\/td>\n<\/tr>\n<tr data-start=\"1718\" data-end=\"1753\">\n<td data-start=\"1718\" data-end=\"1734\" data-col-size=\"sm\">Taille<\/td>\n<td data-start=\"1734\" data-end=\"1753\" data-col-size=\"sm\">Taille personnalis\u00e9e<\/td>\n<\/tr>\n<tr data-start=\"1754\" data-end=\"1786\">\n<td data-start=\"1754\" data-end=\"1770\" data-col-size=\"sm\">Couleur<\/td>\n<td data-start=\"1770\" data-end=\"1786\" data-col-size=\"sm\">Personnalisable<\/td>\n<\/tr>\n<tr data-start=\"1787\" data-end=\"1819\">\n<td data-start=\"1787\" data-end=\"1803\" data-col-size=\"sm\">Logo<\/td>\n<td data-start=\"1803\" data-end=\"1819\" data-col-size=\"sm\">Personnalisable<\/td>\n<\/tr>\n<tr data-start=\"1820\" data-end=\"1847\">\n<td data-start=\"1820\" data-end=\"1836\" data-col-size=\"sm\">Fonctionnalit\u00e9<\/td>\n<td data-start=\"1836\" data-end=\"1847\" data-col-size=\"sm\">Durable<\/td>\n<\/tr>\n<tr data-start=\"1848\" data-end=\"1889\">\n<td data-start=\"1848\" data-end=\"1864\" data-col-size=\"sm\">Utilisation<\/td>\n<td data-start=\"1864\" data-end=\"1889\" data-col-size=\"sm\">Commodit\u00e9 des cosm\u00e9tiques<\/td>\n<\/tr>\n<tr data-start=\"1890\" data-end=\"1913\">\n<td data-start=\"1890\" data-end=\"1906\" data-col-size=\"sm\">MOQ<\/td>\n<td data-start=\"1906\" data-end=\"1913\" data-col-size=\"sm\">300<\/td>\n<\/tr>\n<\/tbody>\n<\/table>\n<\/div>\n<\/div>\n<h2 data-start=\"1920\" data-end=\"1935\">Applications<\/h2>\n<ul data-start=\"1937\" data-end=\"2323\">\n<li data-start=\"1937\" data-end=\"2005\">\n<p data-start=\"1939\" data-end=\"2005\">Ranger les articles de maquillage tels que les rouges \u00e0 l\u00e8vres, les pinceaux et le fond de teint.<\/p>\n<\/li>\n<li data-start=\"2006\" data-end=\"2092\">\n<p data-start=\"2008\" data-end=\"2092\">Organiser les articles de voyage essentiels, y compris les articles de toilette, les bijoux et les petits accessoires.<\/p>\n<\/li>\n<li data-start=\"2093\" data-end=\"2170\">\n<p data-start=\"2095\" data-end=\"2170\">Sert de trousse \u00e0 crayons ou d'organisateur de papeterie pour l'\u00e9cole ou le bureau.<\/p>\n<\/li>\n<li data-start=\"2171\" data-end=\"2257\">\n<p data-start=\"2173\" data-end=\"2257\">Promouvoir l'identit\u00e9 de la marque gr\u00e2ce \u00e0 des logos personnalisables pour les cadeaux d'entreprise ou les \u00e9v\u00e9nements.<\/p>\n<\/li>\n<li data-start=\"2258\" data-end=\"2323\">\n<p data-start=\"2260\" data-end=\"2323\">Id\u00e9al pour un usage personnel \u00e0 la maison, dans un sac \u00e0 main ou en voyage.<\/p>\n<\/li>\n<\/ul>\n<p data-start=\"2330\" data-end=\"2535\">Si vous \u00eates int\u00e9ress\u00e9 par cette <strong data-start=\"2360\" data-end=\"2381\">Trousse de maquillage RONEER<\/strong>Veuillez nous contacter pour obtenir des \u00e9chantillons. Les services ODM et OEM sont fournis pour vous aider \u00e0 cr\u00e9er un produit personnalis\u00e9 et pratique pour votre marque ou votre usage personnel.<\/p>","protected":false},"excerpt":{"rendered":"<p>Les <strong data-start=\"127\" data-end=\"214\">Wholesale Custom Logo Makeup Bag Travel Organizer Cosmetic Pouch Zipper Pencil Case<\/strong> de <strong data-start=\"220\" data-end=\"230\">RONEER<\/strong> est con\u00e7ue pour allier praticit\u00e9 et style. Cette trousse \u00e0 cosm\u00e9tiques est fabriqu\u00e9e \u00e0 partir de mat\u00e9riaux de haute qualit\u00e9. <strong data-start=\"323\" data-end=\"342\">fibre de polyester<\/strong>qui garantit une longue dur\u00e9e de vie. Ses <strong data-start=\"387\" data-end=\"409\">motif de couleur pure<\/strong> et le logo personnalisable permettent d'apporter une touche personnelle, ce qui le rend adapt\u00e9 \u00e0 un usage individuel ou \u00e0 un cadeau promotionnel. Con\u00e7u pour transporter des produits cosm\u00e9tiques, des articles de toilette ou de papeterie, ce sac offre un rangement pratique pour un usage quotidien ou en voyage.<\/p>","protected":false},"featured_media":1923,"comment_status":"open","ping_status":"closed","template":"","meta":{"site-sidebar-layout":"default","site-content-layout":"","ast-site-content-layout":"default","site-content-style":"default","site-sidebar-style":"default","ast-global-header-display":"","ast-banner-title-visibility":"","ast-main-header-display":"","ast-hfb-above-header-display":"","ast-hfb-below-header-display":"","ast-hfb-mobile-header-display":"","site-post-title":"","ast-breadcrumbs-content":"","ast-featured-img":"","footer-sml-layout":"","ast-disable-related-posts":"","theme-transparent-header-meta":"default","adv-header-id-meta":"","stick-header-meta":"","header-above-stick-meta":"","header-main-stick-meta":"","header-below-stick-meta":"","astra-migrate-meta-layouts":"set","ast-page-background-enabled":"default","ast-page-background-meta":{"desktop":{"background-color":"var(--ast-global-color-5)","background-image":"","background-repeat":"repeat","background-position":"center center","background-size":"auto","background-attachment":"scroll","background-type":"","background-media":"","overlay-type":"","overlay-color":"","overlay-opacity":"","overlay-gradient":""},"tablet":{"background-color":"","background-image":"","background-repeat":"repeat","background-position":"center center","background-size":"auto","background-attachment":"scroll","background-type":"","background-media":"","overlay-type":"","overlay-color":"","overlay-opacity":"","overlay-gradient":""},"mobile":{"background-color":"","background-image":"","background-repeat":"repeat","background-position":"center center","background-size":"auto","background-attachment":"scroll","background-type":"","background-media":"","overlay-type":"","overlay-color":"","overlay-opacity":"","overlay-gradient":""}},"ast-content-background-meta":{"desktop":{"background-color":"var(--ast-global-color-4)","background-image":"","background-repeat":"repeat","background-position":"center center","background-size":"auto","background-attachment":"scroll","background-type":"","background-media":"","overlay-type":"","overlay-color":"","overlay-opacity":"","overlay-gradient":""},"tablet":{"background-color":"var(--ast-global-color-4)","background-image":"","background-repeat":"repeat","background-position":"center center","background-size":"auto","background-attachment":"scroll","background-type":"","background-media":"","overlay-type":"","overlay-color":"","overlay-opacity":"","overlay-gradient":""},"mobile":{"background-color":"var(--ast-global-color-4)","background-image":"","background-repeat":"repeat","background-position":"center center","background-size":"auto","background-attachment":"scroll","background-type":"","background-media":"","overlay-type":"","overlay-color":"","overlay-opacity":"","overlay-gradient":""}}},"product_brand":[],"product_cat":[38],"product_tag":[],"class_list":{"0":"post-1917","1":"product","2":"type-product","3":"status-publish","4":"has-post-thumbnail","6":"product_cat-cosmetic-bags","7":"desktop-align-left","8":"tablet-align-left","9":"mobile-align-left","11":"first","12":"instock","13":"shipping-taxable","14":"product-type-simple"},"_links":{"self":[{"href":"https:\/\/baijiabags.com\/fr\/wp-json\/wp\/v2\/product\/1917","targetHints":{"allow":["GET"]}}],"collection":[{"href":"https:\/\/baijiabags.com\/fr\/wp-json\/wp\/v2\/product"}],"about":[{"href":"https:\/\/baijiabags.com\/fr\/wp-json\/wp\/v2\/types\/product"}],"replies":[{"embeddable":true,"href":"https:\/\/baijiabags.com\/fr\/wp-json\/wp\/v2\/comments?post=1917"}],"wp:featuredmedia":[{"embeddable":true,"href":"https:\/\/baijiabags.com\/fr\/wp-json\/wp\/v2\/media\/1923"}],"wp:attachment":[{"href":"https:\/\/baijiabags.com\/fr\/wp-json\/wp\/v2\/media?parent=1917"}],"wp:term":[{"taxonomy":"product_brand","embeddable":true,"href":"https:\/\/baijiabags.com\/fr\/wp-json\/wp\/v2\/product_brand?post=1917"},{"taxonomy":"product_cat","embeddable":true,"href":"https:\/\/baijiabags.com\/fr\/wp-json\/wp\/v2\/product_cat?post=1917"},{"taxonomy":"product_tag","embeddable":true,"href":"https:\/\/baijiabags.com\/fr\/wp-json\/wp\/v2\/product_tag?post=1917"}],"curies":[{"name":"wp","href":"https:\/\/api.w.org\/{rel}","templated":true}]}}