{"id":1658,"date":"2025-09-18T01:23:37","date_gmt":"2025-09-18T01:23:37","guid":{"rendered":"https:\/\/baijiabags.com\/?post_type=product&#038;p=1658"},"modified":"2025-11-01T01:21:58","modified_gmt":"2025-11-01T01:21:58","slug":"factory-wholesale-womens-luxury-small-pu-leather-tote-bag-customizable-logo-crossbody-strap-suitable-for-daily-use","status":"publish","type":"product","link":"https:\/\/baijiabags.com\/fr\/produit\/factory-wholesale-womens-luxury-small-pu-leather-tote-bag-customizable-logo-crossbody-strap-suitable-for-daily-use\/","title":{"rendered":"Factory Wholesale Petite fourre-tout de luxe en cuir PU Sac \u00e0 dos personnalisable avec logo Courroie pour le corps Convient pour une utilisation quotidienne"},"content":{"rendered":"<h2 data-start=\"644\" data-end=\"661\">Caract\u00e9ristiques principales<\/h2>\n<ol data-start=\"663\" data-end=\"1773\">\n<li data-start=\"663\" data-end=\"802\">\n<p data-start=\"666\" data-end=\"802\"><strong data-start=\"666\" data-end=\"697\">Cuir PU de premi\u00e8re qualit\u00e9<\/strong> - Une surface en cuir PU durable a \u00e9t\u00e9 s\u00e9lectionn\u00e9e pour garantir un aspect raffin\u00e9 et une usure durable.<\/p>\n<\/li>\n<li data-start=\"803\" data-end=\"917\">\n<p data-start=\"806\" data-end=\"917\"><strong data-start=\"806\" data-end=\"828\">Conception l\u00e9g\u00e8re<\/strong> - Un poids net de seulement <strong data-start=\"852\" data-end=\"863\">0,48 kg<\/strong> a \u00e9t\u00e9 entretenu pour un transport quotidien confortable.<\/p>\n<\/li>\n<li data-start=\"918\" data-end=\"1076\">\n<p data-start=\"921\" data-end=\"1076\"><strong data-start=\"921\" data-end=\"946\">Compartiments multiples<\/strong> - Un compartiment principal, deux poches int\u00e9rieures \u00e0 fermeture \u00e9clair et une poche int\u00e9rieure suppl\u00e9mentaire ont \u00e9t\u00e9 am\u00e9nag\u00e9s pour garder les effets personnels organis\u00e9s.<\/p>\n<\/li>\n<li data-start=\"1077\" data-end=\"1206\">\n<p data-start=\"1080\" data-end=\"1206\"><strong data-start=\"1080\" data-end=\"1101\">Logo personnalisable<\/strong> - La conception d'un logo peut \u00eatre adapt\u00e9e aux exigences de la marque, en vue d'une utilisation promotionnelle ou d'une marque priv\u00e9e.<\/p>\n<\/li>\n<li data-start=\"1207\" data-end=\"1345\">\n<p data-start=\"1210\" data-end=\"1345\"><strong data-start=\"1210\" data-end=\"1240\">Courroie ajustable pour le corps<\/strong> - Une sangle r\u00e9glable a \u00e9t\u00e9 incluse, permettant une utilisation flexible en tant que sac \u00e0 bandouli\u00e8re ou fourre-tout.<\/p>\n<\/li>\n<li data-start=\"1346\" data-end=\"1461\">\n<p data-start=\"1349\" data-end=\"1461\"><strong data-start=\"1349\" data-end=\"1371\">Surface imperm\u00e9able<\/strong> - Une finition imperm\u00e9able a \u00e9t\u00e9 appliqu\u00e9e pour prot\u00e9ger les objets personnels dans les environnements quotidiens.<\/p>\n<\/li>\n<li data-start=\"1462\" data-end=\"1623\">\n<p data-start=\"1465\" data-end=\"1623\"><strong data-start=\"1465\" data-end=\"1487\">Capacit\u00e9 pratique<\/strong> - Un espace a \u00e9t\u00e9 r\u00e9serv\u00e9 pour les objets essentiels tels que l'iPad, le t\u00e9l\u00e9phone portable, le parapluie pliable, les produits de beaut\u00e9 et d'autres objets utilis\u00e9s r\u00e9guli\u00e8rement.<\/p>\n<\/li>\n<li data-start=\"1624\" data-end=\"1773\">\n<p data-start=\"1627\" data-end=\"1773\"><strong data-start=\"1627\" data-end=\"1652\">Un style \u00e0 la pointe de la mode<\/strong> - Un style inspir\u00e9 de l'Angleterre a \u00e9t\u00e9 incorpor\u00e9, pr\u00e9sentant une apparence \u00e0 la mode pour les voyages et la vie quotidienne.<\/p>\n<\/li>\n<\/ol>\n<figure id=\"attachment_1659\" aria-describedby=\"caption-attachment-1659\" style=\"width: 750px\" class=\"wp-caption aligncenter\"><img fetchpriority=\"high\" decoding=\"async\" class=\"wp-image-1659 size-full\" src=\"https:\/\/baijiabags.com\/wp-content\/uploads\/2025\/09\/GB-0423.png\" alt=\"GB 0423\" width=\"750\" height=\"579\" srcset=\"https:\/\/baijiabags.com\/wp-content\/uploads\/2025\/09\/GB-0423.png 750w, https:\/\/baijiabags.com\/wp-content\/uploads\/2025\/09\/GB-0423-300x232.png 300w, https:\/\/baijiabags.com\/wp-content\/uploads\/2025\/09\/GB-0423-600x463.png 600w\" sizes=\"(max-width: 750px) 100vw, 750px\" \/><figcaption id=\"caption-attachment-1659\" class=\"wp-caption-text\">GB 0423<\/figcaption><\/figure>\n<h2 data-start=\"1775\" data-end=\"1794\">Sp\u00e9cifications<\/h2>\n<div class=\"_tableContainer_1rjym_1\">\n<div class=\"group _tableWrapper_1rjym_13 flex w-fit flex-col-reverse\" tabindex=\"-1\">\n<table class=\"w-fit min-w-(--thread-content-width)\" data-start=\"1796\" data-end=\"3549\">\n<thead data-start=\"1796\" data-end=\"1898\">\n<tr data-start=\"1796\" data-end=\"1898\">\n<th data-start=\"1796\" data-end=\"1819\" data-col-size=\"sm\"><strong data-start=\"1798\" data-end=\"1806\">Objet<\/strong><\/th>\n<th data-start=\"1819\" data-end=\"1898\" data-col-size=\"md\"><strong data-start=\"1821\" data-end=\"1832\">D\u00e9tails<\/strong><\/th>\n<\/tr>\n<\/thead>\n<tbody data-start=\"2003\" data-end=\"3549\">\n<tr data-start=\"2003\" data-end=\"2105\">\n<td data-start=\"2003\" data-end=\"2027\" data-col-size=\"sm\">Nom du produit<\/td>\n<td data-start=\"2027\" data-end=\"2105\" data-col-size=\"md\">Sac \u00e0 main pour dame<\/td>\n<\/tr>\n<tr data-start=\"2106\" data-end=\"2208\">\n<td data-start=\"2106\" data-end=\"2130\" data-col-size=\"sm\">Marque<\/td>\n<td data-start=\"2130\" data-end=\"2208\" data-col-size=\"md\">RONEER<\/td>\n<\/tr>\n<tr data-start=\"2209\" data-end=\"2311\">\n<td data-start=\"2209\" data-end=\"2233\" data-col-size=\"sm\">Mod\u00e8le<\/td>\n<td data-start=\"2233\" data-end=\"2311\" data-col-size=\"md\">GB-0423<\/td>\n<\/tr>\n<tr data-start=\"2312\" data-end=\"2414\">\n<td data-start=\"2312\" data-end=\"2336\" data-col-size=\"sm\">Origine<\/td>\n<td data-start=\"2336\" data-end=\"2414\" data-col-size=\"md\">Guangdong, Chine<\/td>\n<\/tr>\n<tr data-start=\"2415\" data-end=\"2517\">\n<td data-start=\"2415\" data-end=\"2439\" data-col-size=\"sm\">Style<\/td>\n<td data-start=\"2439\" data-end=\"2517\" data-col-size=\"md\">Mode, Lady, England Style<\/td>\n<\/tr>\n<tr data-start=\"2518\" data-end=\"2620\">\n<td data-start=\"2518\" data-end=\"2542\" data-col-size=\"sm\">Mat\u00e9riau principal<\/td>\n<td data-start=\"2542\" data-end=\"2620\" data-col-size=\"md\">Cuir PU<\/td>\n<\/tr>\n<tr data-start=\"2621\" data-end=\"2723\">\n<td data-start=\"2621\" data-end=\"2645\" data-col-size=\"sm\">Poids<\/td>\n<td data-start=\"2645\" data-end=\"2723\" data-col-size=\"md\">0,48 kg<\/td>\n<\/tr>\n<tr data-start=\"2724\" data-end=\"2827\">\n<td data-start=\"2724\" data-end=\"2748\" data-col-size=\"sm\">Structure<\/td>\n<td data-start=\"2748\" data-end=\"2827\" data-col-size=\"md\">Compartiment principal \/ 2 poches int\u00e9rieures \u00e0 fermeture \u00e9clair \/ 1 poche int\u00e9rieure<\/td>\n<\/tr>\n<tr data-start=\"2828\" data-end=\"2930\">\n<td data-start=\"2828\" data-end=\"2852\" data-col-size=\"sm\">Options de couleur<\/td>\n<td data-start=\"2852\" data-end=\"2930\" data-col-size=\"md\">Personnalisable<\/td>\n<\/tr>\n<tr data-start=\"2931\" data-end=\"3033\">\n<td data-start=\"2931\" data-end=\"2955\" data-col-size=\"sm\">Mod\u00e8le<\/td>\n<td data-start=\"2955\" data-end=\"3033\" data-col-size=\"md\">Logo personnalisable<\/td>\n<\/tr>\n<tr data-start=\"3034\" data-end=\"3136\">\n<td data-start=\"3034\" data-end=\"3058\" data-col-size=\"sm\">M\u00e9thodes d'utilisation<\/td>\n<td data-start=\"3058\" data-end=\"3136\" data-col-size=\"md\">Port\u00e9-crois\u00e9 \/ Port\u00e9 \u00e0 la main<\/td>\n<\/tr>\n<tr data-start=\"3137\" data-end=\"3239\">\n<td data-start=\"3137\" data-end=\"3161\" data-col-size=\"sm\">Fonctionnalit\u00e9<\/td>\n<td data-start=\"3161\" data-end=\"3239\" data-col-size=\"md\">Imperm\u00e9able \u00e0 l'eau<\/td>\n<\/tr>\n<tr data-start=\"3240\" data-end=\"3343\">\n<td data-start=\"3240\" data-end=\"3264\" data-col-size=\"sm\">Capacit\u00e9<\/td>\n<td data-start=\"3264\" data-end=\"3343\" data-col-size=\"md\">iPad, t\u00e9l\u00e9phone portable, parapluie pliable, cosm\u00e9tiques et autres articles quotidiens<\/td>\n<\/tr>\n<tr data-start=\"3344\" data-end=\"3446\">\n<td data-start=\"3344\" data-end=\"3368\" data-col-size=\"sm\">MOQ<\/td>\n<td data-start=\"3368\" data-end=\"3446\" data-col-size=\"md\">300 pi\u00e8ces<\/td>\n<\/tr>\n<tr data-start=\"3447\" data-end=\"3549\">\n<td data-start=\"3447\" data-end=\"3471\" data-col-size=\"sm\">Domaine d'application<\/td>\n<td data-start=\"3471\" data-end=\"3549\" data-col-size=\"md\">Voyage, Vie quotidienne<\/td>\n<\/tr>\n<\/tbody>\n<\/table>\n<\/div>\n<\/div>\n<h2 data-start=\"3551\" data-end=\"3568\">Applications<\/h2>\n<ul data-start=\"3570\" data-end=\"4120\">\n<li data-start=\"3570\" data-end=\"3664\">\n<p data-start=\"3572\" data-end=\"3664\">Le sac fourre-tout a \u00e9t\u00e9 utilis\u00e9 pour <strong data-start=\"3603\" data-end=\"3622\">les d\u00e9placements quotidiens<\/strong>qui offre \u00e0 la fois mode et commodit\u00e9.<\/p>\n<\/li>\n<li data-start=\"3665\" data-end=\"3748\">\n<p data-start=\"3667\" data-end=\"3748\">Il a \u00e9t\u00e9 port\u00e9 pendant <strong data-start=\"3694\" data-end=\"3704\">voyage<\/strong> pour garder l'essentiel en s\u00e9curit\u00e9 et accessible.<\/p>\n<\/li>\n<li data-start=\"3749\" data-end=\"3832\">\n<p data-start=\"3751\" data-end=\"3832\">Il a \u00e9t\u00e9 choisi pour <strong data-start=\"3774\" data-end=\"3792\">voyages d'achat<\/strong>gr\u00e2ce \u00e0 sa structure l\u00e9g\u00e8re.<\/p>\n<\/li>\n<li data-start=\"3833\" data-end=\"3948\">\n<p data-start=\"3835\" data-end=\"3948\">L'option de marquage personnalisable est utilis\u00e9e par les entreprises depuis des ann\u00e9es. <strong data-start=\"3904\" data-end=\"3925\">cadeaux d'entreprise<\/strong> et l'utilisation promotionnelle.<\/p>\n<\/li>\n<li data-start=\"3949\" data-end=\"4018\">\n<p data-start=\"3951\" data-end=\"4018\">Il a \u00e9t\u00e9 con\u00e7u pour <strong data-start=\"3974\" data-end=\"3995\">rencontres sociales<\/strong> comme un accessoire chic.<\/p>\n<\/li>\n<li data-start=\"4019\" data-end=\"4120\">\n<p data-start=\"4021\" data-end=\"4120\">Il a \u00e9t\u00e9 appliqu\u00e9 dans <strong data-start=\"4044\" data-end=\"4074\">les \u00e9tudiants ou les bureaux<\/strong>Les personnes qui se d\u00e9placent avec des documents et des appareils \u00e9lectroniques.<\/p>\n<\/li>\n<\/ul>\n<p data-start=\"4127\" data-end=\"4304\">Si vous avez manifest\u00e9 de l'int\u00e9r\u00eat pour ce sac \u00e0 main, n'h\u00e9sitez pas \u00e0 nous contacter pour demander des \u00e9chantillons. Les deux <strong data-start=\"4227\" data-end=\"4249\">Services ODM et OEM<\/strong> sont disponibles pour r\u00e9pondre \u00e0 diff\u00e9rents besoins de personnalisation.<\/p>","protected":false},"excerpt":{"rendered":"<p data-pm-slice=\"0 0 []\">Le petit sac fourre-tout de luxe en cuir PU de Factory Wholesale pour femmes a \u00e9t\u00e9 soigneusement con\u00e7u pour offrir \u00e9l\u00e9gance et praticit\u00e9 au quotidien. Con\u00e7u sous la marque RONEER, le sac \u00e0 main a \u00e9t\u00e9 fabriqu\u00e9 avec une attention particuli\u00e8re aux d\u00e9tails, garantissant \u00e0 la fois la fonctionnalit\u00e9 et le style. Un design polyvalent a \u00e9t\u00e9 adopt\u00e9 pour que le sac puisse \u00eatre port\u00e9 en bandouli\u00e8re ou \u00e0 la main, ce qui le rend adapt\u00e9 \u00e0 de multiples occasions.<\/p>","protected":false},"featured_media":1670,"comment_status":"open","ping_status":"closed","template":"","meta":{"site-sidebar-layout":"default","site-content-layout":"","ast-site-content-layout":"default","site-content-style":"default","site-sidebar-style":"default","ast-global-header-display":"","ast-banner-title-visibility":"","ast-main-header-display":"","ast-hfb-above-header-display":"","ast-hfb-below-header-display":"","ast-hfb-mobile-header-display":"","site-post-title":"","ast-breadcrumbs-content":"","ast-featured-img":"","footer-sml-layout":"","ast-disable-related-posts":"","theme-transparent-header-meta":"default","adv-header-id-meta":"","stick-header-meta":"","header-above-stick-meta":"","header-main-stick-meta":"","header-below-stick-meta":"","astra-migrate-meta-layouts":"set","ast-page-background-enabled":"default","ast-page-background-meta":{"desktop":{"background-color":"var(--ast-global-color-5)","background-image":"","background-repeat":"repeat","background-position":"center center","background-size":"auto","background-attachment":"scroll","background-type":"","background-media":"","overlay-type":"","overlay-color":"","overlay-opacity":"","overlay-gradient":""},"tablet":{"background-color":"","background-image":"","background-repeat":"repeat","background-position":"center center","background-size":"auto","background-attachment":"scroll","background-type":"","background-media":"","overlay-type":"","overlay-color":"","overlay-opacity":"","overlay-gradient":""},"mobile":{"background-color":"","background-image":"","background-repeat":"repeat","background-position":"center center","background-size":"auto","background-attachment":"scroll","background-type":"","background-media":"","overlay-type":"","overlay-color":"","overlay-opacity":"","overlay-gradient":""}},"ast-content-background-meta":{"desktop":{"background-color":"var(--ast-global-color-4)","background-image":"","background-repeat":"repeat","background-position":"center center","background-size":"auto","background-attachment":"scroll","background-type":"","background-media":"","overlay-type":"","overlay-color":"","overlay-opacity":"","overlay-gradient":""},"tablet":{"background-color":"var(--ast-global-color-4)","background-image":"","background-repeat":"repeat","background-position":"center center","background-size":"auto","background-attachment":"scroll","background-type":"","background-media":"","overlay-type":"","overlay-color":"","overlay-opacity":"","overlay-gradient":""},"mobile":{"background-color":"var(--ast-global-color-4)","background-image":"","background-repeat":"repeat","background-position":"center center","background-size":"auto","background-attachment":"scroll","background-type":"","background-media":"","overlay-type":"","overlay-color":"","overlay-opacity":"","overlay-gradient":""}}},"product_brand":[],"product_cat":[42,54],"product_tag":[],"class_list":{"0":"post-1658","1":"product","2":"type-product","3":"status-publish","4":"has-post-thumbnail","6":"product_cat-hand-bag","7":"product_cat-womens-bag","8":"desktop-align-left","9":"tablet-align-left","10":"mobile-align-left","12":"first","13":"instock","14":"shipping-taxable","15":"product-type-simple"},"_links":{"self":[{"href":"https:\/\/baijiabags.com\/fr\/wp-json\/wp\/v2\/product\/1658","targetHints":{"allow":["GET"]}}],"collection":[{"href":"https:\/\/baijiabags.com\/fr\/wp-json\/wp\/v2\/product"}],"about":[{"href":"https:\/\/baijiabags.com\/fr\/wp-json\/wp\/v2\/types\/product"}],"replies":[{"embeddable":true,"href":"https:\/\/baijiabags.com\/fr\/wp-json\/wp\/v2\/comments?post=1658"}],"wp:featuredmedia":[{"embeddable":true,"href":"https:\/\/baijiabags.com\/fr\/wp-json\/wp\/v2\/media\/1670"}],"wp:attachment":[{"href":"https:\/\/baijiabags.com\/fr\/wp-json\/wp\/v2\/media?parent=1658"}],"wp:term":[{"taxonomy":"product_brand","embeddable":true,"href":"https:\/\/baijiabags.com\/fr\/wp-json\/wp\/v2\/product_brand?post=1658"},{"taxonomy":"product_cat","embeddable":true,"href":"https:\/\/baijiabags.com\/fr\/wp-json\/wp\/v2\/product_cat?post=1658"},{"taxonomy":"product_tag","embeddable":true,"href":"https:\/\/baijiabags.com\/fr\/wp-json\/wp\/v2\/product_tag?post=1658"}],"curies":[{"name":"wp","href":"https:\/\/api.w.org\/{rel}","templated":true}]}}