{"id":1512,"date":"2025-09-15T08:18:25","date_gmt":"2025-09-15T08:18:25","guid":{"rendered":"https:\/\/baijiabags.com\/?post_type=product&#038;p=1512"},"modified":"2025-11-01T01:21:59","modified_gmt":"2025-11-01T01:21:59","slug":"wholesale-custom-pu-leather-womens-tote-bag-multi-functional-lightweight-commuter-handbag-from-factory","status":"publish","type":"product","link":"https:\/\/baijiabags.com\/fr\/produit\/wholesale-custom-pu-leather-womens-tote-bag-multi-functional-lightweight-commuter-handbag-from-factory\/","title":{"rendered":"Wholesale Custom PU Leather Women's Tote Bag Multi-Functional Lightweight Commuter Handbag from Factory"},"content":{"rendered":"<h2 data-start=\"745\" data-end=\"762\">Caract\u00e9ristiques principales<\/h2>\n<ol data-start=\"764\" data-end=\"1786\">\n<li data-start=\"764\" data-end=\"888\">\n<p data-start=\"767\" data-end=\"888\"><strong data-start=\"767\" data-end=\"789\">Cuir PU de premi\u00e8re qualit\u00e9<\/strong> - Un mat\u00e9riau PU de haute qualit\u00e9 a \u00e9t\u00e9 utilis\u00e9 pour garantir une texture douce et une meilleure r\u00e9sistance \u00e0 l'usure.<\/p>\n<\/li>\n<li data-start=\"889\" data-end=\"1040\">\n<p data-start=\"892\" data-end=\"1040\"><strong data-start=\"892\" data-end=\"919\">Conception multifonctionnelle<\/strong> - Le fourre-tout a \u00e9t\u00e9 structur\u00e9 avec un compartiment principal, une poche zipp\u00e9e int\u00e9rieure et une poche int\u00e9rieure pour une meilleure organisation.<\/p>\n<\/li>\n<li data-start=\"1041\" data-end=\"1150\">\n<p data-start=\"1044\" data-end=\"1150\"><strong data-start=\"1044\" data-end=\"1069\">Structure l\u00e9g\u00e8re<\/strong> - Un poids de seulement 0,58 kg a \u00e9t\u00e9 maintenu pour un transport quotidien confortable.<\/p>\n<\/li>\n<li data-start=\"1151\" data-end=\"1285\">\n<p data-start=\"1154\" data-end=\"1285\"><strong data-start=\"1154\" data-end=\"1172\">Grande capacit\u00e9<\/strong> - La conception pr\u00e9voit un espace pour <strong data-start=\"1203\" data-end=\"1282\">Magazines A4, iPad, smartphone, parapluie pliant, produits de beaut\u00e9 et articles de premi\u00e8re n\u00e9cessit\u00e9<\/strong>.<\/p>\n<\/li>\n<li data-start=\"1286\" data-end=\"1412\">\n<p data-start=\"1289\" data-end=\"1412\"><strong data-start=\"1289\" data-end=\"1314\">\u00c9l\u00e9ments personnalisables<\/strong> - Les couleurs, les logos et les d\u00e9tails de la d\u00e9coration peuvent \u00eatre personnalis\u00e9s pour r\u00e9pondre aux besoins de la marque ou de la promotion.<\/p>\n<\/li>\n<li data-start=\"1413\" data-end=\"1536\">\n<p data-start=\"1416\" data-end=\"1536\"><strong data-start=\"1416\" data-end=\"1441\">Protection imperm\u00e9able<\/strong> - Un dispositif d'\u00e9tanch\u00e9it\u00e9 a \u00e9t\u00e9 int\u00e9gr\u00e9 pour prot\u00e9ger les articles contre les pluies l\u00e9g\u00e8res et les \u00e9claboussures.<\/p>\n<\/li>\n<li data-start=\"1537\" data-end=\"1654\">\n<p data-start=\"1540\" data-end=\"1654\"><strong data-start=\"1540\" data-end=\"1566\">Options de fermeture s\u00e9curis\u00e9e<\/strong> - La fermeture ouverte et la fermeture \u00e0 glissi\u00e8re ont \u00e9t\u00e9 pr\u00e9vues pour des raisons de commodit\u00e9 et de s\u00e9curit\u00e9.<\/p>\n<\/li>\n<li data-start=\"1655\" data-end=\"1786\">\n<p data-start=\"1658\" data-end=\"1786\"><strong data-start=\"1658\" data-end=\"1683\">Flexibilit\u00e9 ODM et OEM<\/strong> - Les exigences de production personnalis\u00e9es sont prises en charge, avec une quantit\u00e9 minimale de commande de <strong data-start=\"1769\" data-end=\"1783\">300 pi\u00e8ces<\/strong>.<\/p>\n<\/li>\n<\/ol>\n<figure id=\"attachment_1513\" aria-describedby=\"caption-attachment-1513\" style=\"width: 750px\" class=\"wp-caption aligncenter\"><img fetchpriority=\"high\" decoding=\"async\" class=\"wp-image-1513 size-full\" src=\"https:\/\/baijiabags.com\/wp-content\/uploads\/2025\/09\/EBG19741-3.png\" alt=\"EBG19741 \" width=\"750\" height=\"600\" srcset=\"https:\/\/baijiabags.com\/wp-content\/uploads\/2025\/09\/EBG19741-3.png 750w, https:\/\/baijiabags.com\/wp-content\/uploads\/2025\/09\/EBG19741-3-300x240.png 300w, https:\/\/baijiabags.com\/wp-content\/uploads\/2025\/09\/EBG19741-3-600x480.png 600w\" sizes=\"(max-width: 750px) 100vw, 750px\" \/><figcaption id=\"caption-attachment-1513\" class=\"wp-caption-text\">EBG19741<\/figcaption><\/figure>\n<h2 data-start=\"1793\" data-end=\"1812\">Sp\u00e9cifications<\/h2>\n<div class=\"_tableContainer_1rjym_1\">\n<div class=\"group w-fit _tableWrapper_1rjym_13 flex flex-col-reverse\" tabindex=\"-1\">\n<table class=\"w-fit min-w-(--thread-content-width)\" data-start=\"1814\" data-end=\"3346\">\n<thead data-start=\"1814\" data-end=\"1893\">\n<tr data-start=\"1814\" data-end=\"1893\">\n<th data-start=\"1814\" data-end=\"1841\" data-col-size=\"sm\"><strong data-start=\"1816\" data-end=\"1824\">Objet<\/strong><\/th>\n<th data-start=\"1841\" data-end=\"1893\" data-col-size=\"md\"><strong data-start=\"1843\" data-end=\"1854\">D\u00e9tails<\/strong><\/th>\n<\/tr>\n<\/thead>\n<tbody data-start=\"1974\" data-end=\"3346\">\n<tr data-start=\"1974\" data-end=\"2053\">\n<td data-start=\"1974\" data-end=\"2002\" data-col-size=\"sm\">Nom du produit<\/td>\n<td data-start=\"2002\" data-end=\"2053\" data-col-size=\"md\">Sac \u00e0 main pour dame<\/td>\n<\/tr>\n<tr data-start=\"2054\" data-end=\"2133\">\n<td data-start=\"2054\" data-end=\"2082\" data-col-size=\"sm\">Marque<\/td>\n<td data-start=\"2082\" data-end=\"2133\" data-col-size=\"md\">RONEER<\/td>\n<\/tr>\n<tr data-start=\"2134\" data-end=\"2213\">\n<td data-start=\"2134\" data-end=\"2162\" data-col-size=\"sm\">Num\u00e9ro de mod\u00e8le<\/td>\n<td data-start=\"2162\" data-end=\"2213\" data-col-size=\"md\">EBG19741<\/td>\n<\/tr>\n<tr data-start=\"2214\" data-end=\"2293\">\n<td data-start=\"2214\" data-end=\"2242\" data-col-size=\"sm\">Origine<\/td>\n<td data-start=\"2242\" data-end=\"2293\" data-col-size=\"md\">Guangdong, Chine<\/td>\n<\/tr>\n<tr data-start=\"2294\" data-end=\"2373\">\n<td data-start=\"2294\" data-end=\"2322\" data-col-size=\"sm\">Style<\/td>\n<td data-start=\"2322\" data-end=\"2373\" data-col-size=\"md\">Mode et minimalisme<\/td>\n<\/tr>\n<tr data-start=\"2374\" data-end=\"2453\">\n<td data-start=\"2374\" data-end=\"2402\" data-col-size=\"sm\">Mat\u00e9riau principal<\/td>\n<td data-start=\"2402\" data-end=\"2453\" data-col-size=\"md\">PU<\/td>\n<\/tr>\n<tr data-start=\"2454\" data-end=\"2533\">\n<td data-start=\"2454\" data-end=\"2482\" data-col-size=\"sm\">Poids<\/td>\n<td data-start=\"2482\" data-end=\"2533\" data-col-size=\"md\">0,58 kg<\/td>\n<\/tr>\n<tr data-start=\"2534\" data-end=\"2613\">\n<td data-start=\"2534\" data-end=\"2562\" data-col-size=\"sm\">D\u00e9coration<\/td>\n<td data-start=\"2562\" data-end=\"2613\" data-col-size=\"md\">Options personnalis\u00e9es disponibles<\/td>\n<\/tr>\n<tr data-start=\"2614\" data-end=\"2693\">\n<td data-start=\"2614\" data-end=\"2642\" data-col-size=\"sm\">Type de fermeture<\/td>\n<td data-start=\"2642\" data-end=\"2693\" data-col-size=\"md\">Ouvert \/ Fermeture \u00e0 glissi\u00e8re<\/td>\n<\/tr>\n<tr data-start=\"2694\" data-end=\"2781\">\n<td data-start=\"2694\" data-end=\"2722\" data-col-size=\"sm\">Structure<\/td>\n<td data-start=\"2722\" data-end=\"2781\" data-col-size=\"md\">Compartiment principal \/ Poche int\u00e9rieure \u00e0 fermeture \u00e9clair \/ Poche int\u00e9rieure<\/td>\n<\/tr>\n<tr data-start=\"2782\" data-end=\"2861\">\n<td data-start=\"2782\" data-end=\"2810\" data-col-size=\"sm\">Mod\u00e8le<\/td>\n<td data-start=\"2810\" data-end=\"2861\" data-col-size=\"md\">Logo personnalis\u00e9<\/td>\n<\/tr>\n<tr data-start=\"2862\" data-end=\"2941\">\n<td data-start=\"2862\" data-end=\"2890\" data-col-size=\"sm\">Couleur<\/td>\n<td data-start=\"2890\" data-end=\"2941\" data-col-size=\"md\">Personnalisable<\/td>\n<\/tr>\n<tr data-start=\"2942\" data-end=\"3021\">\n<td data-start=\"2942\" data-end=\"2970\" data-col-size=\"sm\">M\u00e9thode de portage<\/td>\n<td data-start=\"2970\" data-end=\"3021\" data-col-size=\"md\">Portage \u00e0 la poign\u00e9e \/ Portage \u00e0 la main<\/td>\n<\/tr>\n<tr data-start=\"3022\" data-end=\"3101\">\n<td data-start=\"3022\" data-end=\"3050\" data-col-size=\"sm\">Fonctionnalit\u00e9<\/td>\n<td data-start=\"3050\" data-end=\"3101\" data-col-size=\"md\">Imperm\u00e9able \u00e0 l'eau<\/td>\n<\/tr>\n<tr data-start=\"3102\" data-end=\"3186\">\n<td data-start=\"3102\" data-end=\"3130\" data-col-size=\"sm\">Capacit\u00e9<\/td>\n<td data-start=\"3130\" data-end=\"3186\" data-col-size=\"md\">Convient pour un magazine A4, un iPad, un t\u00e9l\u00e9phone, un parapluie, des cosm\u00e9tiques<\/td>\n<\/tr>\n<tr data-start=\"3187\" data-end=\"3266\">\n<td data-start=\"3187\" data-end=\"3215\" data-col-size=\"sm\">MOQ<\/td>\n<td data-start=\"3215\" data-end=\"3266\" data-col-size=\"md\">300 pi\u00e8ces<\/td>\n<\/tr>\n<tr data-start=\"3267\" data-end=\"3346\">\n<td data-start=\"3267\" data-end=\"3295\" data-col-size=\"sm\">Applications<\/td>\n<td data-start=\"3295\" data-end=\"3346\" data-col-size=\"md\">Voyages, d\u00e9placements, vie quotidienne<\/td>\n<\/tr>\n<\/tbody>\n<\/table>\n<\/div>\n<\/div>\n<h2 data-start=\"3353\" data-end=\"3370\">Applications<\/h2>\n<ul data-start=\"3372\" data-end=\"3833\">\n<li data-start=\"3372\" data-end=\"3468\">\n<p data-start=\"3374\" data-end=\"3468\"><strong data-start=\"3374\" data-end=\"3384\">Voyage<\/strong> - Le fourre-tout a \u00e9t\u00e9 con\u00e7u pour transporter les articles de voyage essentiels sans les encombrer.<\/p>\n<\/li>\n<li data-start=\"3469\" data-end=\"3571\">\n<p data-start=\"3471\" data-end=\"3571\"><strong data-start=\"3471\" data-end=\"3488\">Travail et bureau<\/strong> - Un espace pour les documents et les appareils num\u00e9riques a \u00e9t\u00e9 pr\u00e9vu pour un usage professionnel.<\/p>\n<\/li>\n<li data-start=\"3572\" data-end=\"3700\">\n<p data-start=\"3574\" data-end=\"3700\"><strong data-start=\"3574\" data-end=\"3588\">Vie quotidienne<\/strong> - Gr\u00e2ce \u00e0 sa structure l\u00e9g\u00e8re et \u00e0 son style polyvalent, il convient pour le shopping, les courses et les occasions sociales.<\/p>\n<\/li>\n<li data-start=\"3701\" data-end=\"3833\">\n<p data-start=\"3703\" data-end=\"3833\"><strong data-start=\"3703\" data-end=\"3727\">Marque promotionnelle<\/strong> - L'impression de logos personnalis\u00e9s a \u00e9t\u00e9 soutenue pour les cadeaux d'entreprise, les promotions au d\u00e9tail ou le d\u00e9veloppement de la marque.<\/p>\n<\/li>\n<\/ul>\n<p>Si vous \u00eates int\u00e9ress\u00e9 par cette <strong data-start=\"3870\" data-end=\"3900\">RONEER Sac fourre-tout en cuir PU<\/strong>N'h\u00e9sitez pas \u00e0 nous contacter pour demander un \u00e9chantillon. <strong data-start=\"3954\" data-end=\"3976\">Services ODM et OEM<\/strong> sont fournis pour r\u00e9pondre aux diff\u00e9rentes exigences en mati\u00e8re d'image de marque et de personnalisation.<\/p>","protected":false},"excerpt":{"rendered":"<p>Les <strong data-start=\"213\" data-end=\"261\">Wholesale Custom PU Leather Women's Tote Bag (Sac fourre-tout en cuir PU pour femmes)<\/strong> a \u00e9t\u00e9 con\u00e7u comme un sac \u00e0 main l\u00e9ger et multifonctionnel qui offre \u00e0 la fois praticit\u00e9 et \u00e9l\u00e9gance. Fabriqu\u00e9 par <strong data-start=\"395\" data-end=\"405\">RONEER<\/strong> \u00e0 Guangdong, en Chine, ce sac a \u00e9t\u00e9 cr\u00e9\u00e9 en tenant compte des besoins quotidiens des femmes modernes. Un style minimaliste et avant-gardiste a \u00e9t\u00e9 adopt\u00e9, ce qui rend ce fourre-tout adapt\u00e9 aux occasions professionnelles comme aux occasions d\u00e9contract\u00e9es. Avec un poids net de <strong data-start=\"642\" data-end=\"653\">0,58 kg<\/strong>Le fourre-tout a \u00e9t\u00e9 con\u00e7u pour rester l\u00e9ger tout en \u00e9tant durable.<\/p>","protected":false},"featured_media":1514,"comment_status":"open","ping_status":"closed","template":"","meta":{"site-sidebar-layout":"default","site-content-layout":"","ast-site-content-layout":"default","site-content-style":"default","site-sidebar-style":"default","ast-global-header-display":"","ast-banner-title-visibility":"","ast-main-header-display":"","ast-hfb-above-header-display":"","ast-hfb-below-header-display":"","ast-hfb-mobile-header-display":"","site-post-title":"","ast-breadcrumbs-content":"","ast-featured-img":"","footer-sml-layout":"","ast-disable-related-posts":"","theme-transparent-header-meta":"default","adv-header-id-meta":"","stick-header-meta":"","header-above-stick-meta":"","header-main-stick-meta":"","header-below-stick-meta":"","astra-migrate-meta-layouts":"set","ast-page-background-enabled":"default","ast-page-background-meta":{"desktop":{"background-color":"var(--ast-global-color-5)","background-image":"","background-repeat":"repeat","background-position":"center center","background-size":"auto","background-attachment":"scroll","background-type":"","background-media":"","overlay-type":"","overlay-color":"","overlay-opacity":"","overlay-gradient":""},"tablet":{"background-color":"","background-image":"","background-repeat":"repeat","background-position":"center center","background-size":"auto","background-attachment":"scroll","background-type":"","background-media":"","overlay-type":"","overlay-color":"","overlay-opacity":"","overlay-gradient":""},"mobile":{"background-color":"","background-image":"","background-repeat":"repeat","background-position":"center center","background-size":"auto","background-attachment":"scroll","background-type":"","background-media":"","overlay-type":"","overlay-color":"","overlay-opacity":"","overlay-gradient":""}},"ast-content-background-meta":{"desktop":{"background-color":"var(--ast-global-color-4)","background-image":"","background-repeat":"repeat","background-position":"center center","background-size":"auto","background-attachment":"scroll","background-type":"","background-media":"","overlay-type":"","overlay-color":"","overlay-opacity":"","overlay-gradient":""},"tablet":{"background-color":"var(--ast-global-color-4)","background-image":"","background-repeat":"repeat","background-position":"center center","background-size":"auto","background-attachment":"scroll","background-type":"","background-media":"","overlay-type":"","overlay-color":"","overlay-opacity":"","overlay-gradient":""},"mobile":{"background-color":"var(--ast-global-color-4)","background-image":"","background-repeat":"repeat","background-position":"center center","background-size":"auto","background-attachment":"scroll","background-type":"","background-media":"","overlay-type":"","overlay-color":"","overlay-opacity":"","overlay-gradient":""}}},"product_brand":[],"product_cat":[42,54],"product_tag":[],"class_list":{"0":"post-1512","1":"product","2":"type-product","3":"status-publish","4":"has-post-thumbnail","6":"product_cat-hand-bag","7":"product_cat-womens-bag","8":"desktop-align-left","9":"tablet-align-left","10":"mobile-align-left","12":"first","13":"instock","14":"shipping-taxable","15":"product-type-simple"},"_links":{"self":[{"href":"https:\/\/baijiabags.com\/fr\/wp-json\/wp\/v2\/product\/1512","targetHints":{"allow":["GET"]}}],"collection":[{"href":"https:\/\/baijiabags.com\/fr\/wp-json\/wp\/v2\/product"}],"about":[{"href":"https:\/\/baijiabags.com\/fr\/wp-json\/wp\/v2\/types\/product"}],"replies":[{"embeddable":true,"href":"https:\/\/baijiabags.com\/fr\/wp-json\/wp\/v2\/comments?post=1512"}],"wp:featuredmedia":[{"embeddable":true,"href":"https:\/\/baijiabags.com\/fr\/wp-json\/wp\/v2\/media\/1514"}],"wp:attachment":[{"href":"https:\/\/baijiabags.com\/fr\/wp-json\/wp\/v2\/media?parent=1512"}],"wp:term":[{"taxonomy":"product_brand","embeddable":true,"href":"https:\/\/baijiabags.com\/fr\/wp-json\/wp\/v2\/product_brand?post=1512"},{"taxonomy":"product_cat","embeddable":true,"href":"https:\/\/baijiabags.com\/fr\/wp-json\/wp\/v2\/product_cat?post=1512"},{"taxonomy":"product_tag","embeddable":true,"href":"https:\/\/baijiabags.com\/fr\/wp-json\/wp\/v2\/product_tag?post=1512"}],"curies":[{"name":"wp","href":"https:\/\/api.w.org\/{rel}","templated":true}]}}