{"id":1503,"date":"2025-09-15T07:34:32","date_gmt":"2025-09-15T07:34:32","guid":{"rendered":"https:\/\/baijiabags.com\/?post_type=product&#038;p=1503"},"modified":"2025-11-01T01:21:59","modified_gmt":"2025-11-01T01:21:59","slug":"china-bag-factory-wholesale-custom-pu-women-shoulder-bag-minimalist-tote-eco-friendly-lightweight","status":"publish","type":"product","link":"https:\/\/baijiabags.com\/fr\/produit\/china-bag-factory-wholesale-custom-pu-women-shoulder-bag-minimalist-tote-eco-friendly-lightweight\/","title":{"rendered":"China Bag Factory Wholesale Custom PU Women Shoulder Bag Minimalist Tote Eco-Friendly Lightweight"},"content":{"rendered":"<h2 data-start=\"617\" data-end=\"634\">Caract\u00e9ristiques principales<\/h2>\n<ol data-start=\"636\" data-end=\"1835\">\n<li data-start=\"636\" data-end=\"775\">\n<p data-start=\"639\" data-end=\"775\"><strong data-start=\"639\" data-end=\"660\">Design minimaliste : <\/strong>Une apparence propre et \u00e9l\u00e9gante a \u00e9t\u00e9 adopt\u00e9e, garantissant une polyvalence pour les occasions formelles et d\u00e9contract\u00e9es.<\/p>\n<\/li>\n<li data-start=\"777\" data-end=\"920\">\n<p data-start=\"780\" data-end=\"920\"><strong data-start=\"780\" data-end=\"803\">Mati\u00e8re PU durable : <\/strong>Le cuir PU de haute qualit\u00e9 a \u00e9t\u00e9 s\u00e9lectionn\u00e9 pour offrir une r\u00e9sistance \u00e0 l'usure et \u00e0 l'eau, ainsi qu'une finition raffin\u00e9e.<\/p>\n<\/li>\n<li data-start=\"922\" data-end=\"1065\">\n<p data-start=\"925\" data-end=\"1065\"><strong data-start=\"925\" data-end=\"953\">Construction l\u00e9g\u00e8re : <\/strong>A seulement <strong data-start=\"967\" data-end=\"978\">0,52 kg<\/strong>Le sac a \u00e9t\u00e9 con\u00e7u pour \u00eatre port\u00e9 confortablement sans poids inutile.<\/p>\n<\/li>\n<li data-start=\"1067\" data-end=\"1205\">\n<p data-start=\"1070\" data-end=\"1205\"><strong data-start=\"1070\" data-end=\"1088\">Grande capacit\u00e9 : <\/strong>Un espace a \u00e9t\u00e9 pr\u00e9vu pour les magazines A4, les iPads, les smartphones, les parapluies, les produits de beaut\u00e9 et d'autres articles d'usage courant.<\/p>\n<\/li>\n<li data-start=\"1207\" data-end=\"1371\">\n<p data-start=\"1210\" data-end=\"1371\"><strong data-start=\"1210\" data-end=\"1243\">Compartiments multifonctionnels :<\/strong>L'int\u00e9rieur a \u00e9t\u00e9 divis\u00e9 en une poche principale, une poche int\u00e9rieure \u00e0 fermeture \u00e9clair et deux poches \u00e0 glissi\u00e8re pour un rangement organis\u00e9.<\/p>\n<\/li>\n<li data-start=\"1373\" data-end=\"1510\">\n<p data-start=\"1376\" data-end=\"1510\"><strong data-start=\"1376\" data-end=\"1400\">Options personnalisables :<\/strong>L'impression de logos et les variations de couleurs ont \u00e9t\u00e9 autoris\u00e9es pour r\u00e9pondre \u00e0 la demande de marques personnalis\u00e9es et aux exigences du march\u00e9.<\/p>\n<\/li>\n<li data-start=\"1512\" data-end=\"1663\">\n<p data-start=\"1515\" data-end=\"1663\"><strong data-start=\"1515\" data-end=\"1545\">M\u00e9thodes de transport polyvalentes :<\/strong>Le sac a \u00e9t\u00e9 con\u00e7u pour \u00eatre port\u00e9 en bandouli\u00e8re ou \u00e0 la main, offrant ainsi une grande flexibilit\u00e9 dans diff\u00e9rentes situations.<\/p>\n<\/li>\n<li data-start=\"1665\" data-end=\"1835\">\n<p data-start=\"1668\" data-end=\"1835\"><strong data-start=\"1668\" data-end=\"1697\">Respectueux de l'environnement et imperm\u00e9able \u00e0 l'eau :<\/strong>Un processus de production respectueux de l'environnement a \u00e9t\u00e9 suivi, et les performances d'imperm\u00e9abilit\u00e9 ont \u00e9t\u00e9 assur\u00e9es pour une protection quotidienne pratique.<\/p>\n<\/li>\n<\/ol>\n<figure id=\"attachment_1504\" aria-describedby=\"caption-attachment-1504\" style=\"width: 750px\" class=\"wp-caption aligncenter\"><img fetchpriority=\"high\" decoding=\"async\" class=\"wp-image-1504 size-full\" src=\"https:\/\/baijiabags.com\/wp-content\/uploads\/2025\/09\/EBG19733-2.png\" alt=\"EBG19733 \" width=\"750\" height=\"669\" srcset=\"https:\/\/baijiabags.com\/wp-content\/uploads\/2025\/09\/EBG19733-2.png 750w, https:\/\/baijiabags.com\/wp-content\/uploads\/2025\/09\/EBG19733-2-300x268.png 300w, https:\/\/baijiabags.com\/wp-content\/uploads\/2025\/09\/EBG19733-2-600x535.png 600w\" sizes=\"(max-width: 750px) 100vw, 750px\" \/><figcaption id=\"caption-attachment-1504\" class=\"wp-caption-text\">EBG19733<\/figcaption><\/figure>\n<h2 data-start=\"1842\" data-end=\"1861\">Sp\u00e9cifications<\/h2>\n<div class=\"_tableContainer_1rjym_1\">\n<div class=\"group w-fit _tableWrapper_1rjym_13 flex flex-col-reverse\" tabindex=\"-1\">\n<table class=\"w-fit min-w-(--thread-content-width)\" data-start=\"1863\" data-end=\"2990\">\n<thead data-start=\"1863\" data-end=\"1929\">\n<tr data-start=\"1863\" data-end=\"1929\">\n<th data-start=\"1863\" data-end=\"1885\" data-col-size=\"sm\"><strong data-start=\"1865\" data-end=\"1878\">Param\u00e8tres<\/strong><\/th>\n<th data-start=\"1885\" data-end=\"1929\" data-col-size=\"md\"><strong data-start=\"1887\" data-end=\"1898\">D\u00e9tails<\/strong><\/th>\n<\/tr>\n<\/thead>\n<tbody data-start=\"1998\" data-end=\"2990\">\n<tr data-start=\"1998\" data-end=\"2065\">\n<td data-start=\"1998\" data-end=\"2021\" data-col-size=\"sm\">Nom du produit<\/td>\n<td data-start=\"2021\" data-end=\"2065\" data-col-size=\"md\">Sac \u00e0 main pour dame<\/td>\n<\/tr>\n<tr data-start=\"2066\" data-end=\"2133\">\n<td data-start=\"2066\" data-end=\"2089\" data-col-size=\"sm\">Marque<\/td>\n<td data-start=\"2089\" data-end=\"2133\" data-col-size=\"md\">RONEER<\/td>\n<\/tr>\n<tr data-start=\"2134\" data-end=\"2201\">\n<td data-start=\"2134\" data-end=\"2157\" data-col-size=\"sm\">Num\u00e9ro de mod\u00e8le<\/td>\n<td data-start=\"2157\" data-end=\"2201\" data-col-size=\"md\">EBG19733<\/td>\n<\/tr>\n<tr data-start=\"2202\" data-end=\"2269\">\n<td data-start=\"2202\" data-end=\"2225\" data-col-size=\"sm\">Lieu d'origine<\/td>\n<td data-start=\"2225\" data-end=\"2269\" data-col-size=\"md\">Guangdong, Chine<\/td>\n<\/tr>\n<tr data-start=\"2270\" data-end=\"2337\">\n<td data-start=\"2270\" data-end=\"2293\" data-col-size=\"sm\">Style<\/td>\n<td data-start=\"2293\" data-end=\"2337\" data-col-size=\"md\">Mode minimaliste<\/td>\n<\/tr>\n<tr data-start=\"2338\" data-end=\"2405\">\n<td data-start=\"2338\" data-end=\"2361\" data-col-size=\"sm\">Mat\u00e9riau principal<\/td>\n<td data-start=\"2361\" data-end=\"2405\" data-col-size=\"md\">Cuir PU<\/td>\n<\/tr>\n<tr data-start=\"2406\" data-end=\"2473\">\n<td data-start=\"2406\" data-end=\"2429\" data-col-size=\"sm\">Poids<\/td>\n<td data-start=\"2429\" data-end=\"2473\" data-col-size=\"md\">0,52 kg<\/td>\n<\/tr>\n<tr data-start=\"2474\" data-end=\"2547\">\n<td data-start=\"2474\" data-end=\"2497\" data-col-size=\"sm\">Int\u00e9rieur<\/td>\n<td data-start=\"2497\" data-end=\"2547\" data-col-size=\"md\">Poche principale, 1 poche zipp\u00e9e, 2 poches \u00e0 glissi\u00e8re<\/td>\n<\/tr>\n<tr data-start=\"2548\" data-end=\"2615\">\n<td data-start=\"2548\" data-end=\"2571\" data-col-size=\"sm\">Mod\u00e8le<\/td>\n<td data-start=\"2571\" data-end=\"2615\" data-col-size=\"md\">Logo personnalis\u00e9 disponible<\/td>\n<\/tr>\n<tr data-start=\"2616\" data-end=\"2683\">\n<td data-start=\"2616\" data-end=\"2639\" data-col-size=\"sm\">Options de couleur<\/td>\n<td data-start=\"2639\" data-end=\"2683\" data-col-size=\"md\">Personnalisable<\/td>\n<\/tr>\n<tr data-start=\"2684\" data-end=\"2751\">\n<td data-start=\"2684\" data-end=\"2707\" data-col-size=\"sm\">M\u00e9thodes de portage<\/td>\n<td data-start=\"2707\" data-end=\"2751\" data-col-size=\"md\">Port\u00e9-crois\u00e9 \/ Port\u00e9-main<\/td>\n<\/tr>\n<tr data-start=\"2752\" data-end=\"2819\">\n<td data-start=\"2752\" data-end=\"2775\" data-col-size=\"sm\">Fonctionnalit\u00e9<\/td>\n<td data-start=\"2775\" data-end=\"2819\" data-col-size=\"md\">Imperm\u00e9able, l\u00e9ger<\/td>\n<\/tr>\n<tr data-start=\"2820\" data-end=\"2922\">\n<td data-start=\"2820\" data-end=\"2843\" data-col-size=\"sm\">Capacit\u00e9<\/td>\n<td data-start=\"2843\" data-end=\"2922\" data-col-size=\"md\">Convient pour un magazine A4, un iPad, un smartphone, un parapluie, des produits de beaut\u00e9 et des articles de premi\u00e8re n\u00e9cessit\u00e9.<\/td>\n<\/tr>\n<tr data-start=\"2923\" data-end=\"2990\">\n<td data-start=\"2923\" data-end=\"2946\" data-col-size=\"sm\">MOQ<\/td>\n<td data-start=\"2946\" data-end=\"2990\" data-col-size=\"md\">300 pi\u00e8ces<\/td>\n<\/tr>\n<\/tbody>\n<\/table>\n<\/div>\n<\/div>\n<h2 data-start=\"2997\" data-end=\"3014\">Applications<\/h2>\n<ul data-start=\"3016\" data-end=\"3458\">\n<li data-start=\"3016\" data-end=\"3126\">\n<p data-start=\"3018\" data-end=\"3126\"><strong data-start=\"3018\" data-end=\"3028\">Voyage<\/strong>: La conception l\u00e9g\u00e8re et la capacit\u00e9 spacieuse permettent de ranger facilement les objets essentiels lors des d\u00e9placements.<\/p>\n<\/li>\n<li data-start=\"3127\" data-end=\"3219\">\n<p data-start=\"3129\" data-end=\"3219\"><strong data-start=\"3129\" data-end=\"3142\">Utilisation quotidienne<\/strong>: Le style minimaliste est adapt\u00e9 au travail, \u00e0 l'\u00e9cole ou aux sorties d\u00e9contract\u00e9es.<\/p>\n<\/li>\n<li data-start=\"3220\" data-end=\"3338\">\n<p data-start=\"3222\" data-end=\"3338\"><strong data-start=\"3222\" data-end=\"3245\">Affaires et strat\u00e9gie de marque<\/strong>: Des logos et des dessins personnalis\u00e9s ont \u00e9t\u00e9 activ\u00e9s \u00e0 des fins promotionnelles ou de cadeaux d'entreprise.<\/p>\n<\/li>\n<li data-start=\"3339\" data-end=\"3458\">\n<p data-start=\"3341\" data-end=\"3458\"><strong data-start=\"3341\" data-end=\"3362\">Accessoire de mode<\/strong>: Le fourre-tout a \u00e9t\u00e9 con\u00e7u pour s'adapter \u00e0 diff\u00e9rentes tenues, qu'elles soient formelles ou informelles.<\/p>\n<\/li>\n<\/ul>\n<hr data-start=\"3460\" data-end=\"3463\" \/>\n<p data-start=\"3465\" data-end=\"3652\">Si vous \u00eates int\u00e9ress\u00e9 par cette <strong data-start=\"3495\" data-end=\"3526\">RONEER Sac \u00e0 bandouli\u00e8re pour femmes<\/strong>Veuillez nous contacter pour demander un \u00e9chantillon. <strong data-start=\"3567\" data-end=\"3589\">Services ODM et OEM<\/strong> sont fournis pour la production personnalis\u00e9e et les commandes en gros.<\/p>","protected":false},"excerpt":{"rendered":"<p>Les <strong data-start=\"191\" data-end=\"251\">China Bag Factory Wholesale Custom PU Women Shoulder Bag<\/strong> par <strong data-start=\"255\" data-end=\"265\">RONEER<\/strong> a \u00e9t\u00e9 con\u00e7u dans un style fourre-tout minimaliste avec des caract\u00e9ristiques \u00e9cologiques et l\u00e9g\u00e8res. L'\u00e9quilibre entre la mode et la fonctionnalit\u00e9 a \u00e9t\u00e9 privil\u00e9gi\u00e9, ce qui le rend adapt\u00e9 aux voyages, aux affaires et \u00e0 l'usage quotidien. Avec son design simple et sa capacit\u00e9 pratique, ce sac a \u00e9t\u00e9 cr\u00e9\u00e9 pour r\u00e9pondre aux besoins des femmes modernes en termes de style et de commodit\u00e9.<\/p>","protected":false},"featured_media":1505,"comment_status":"open","ping_status":"closed","template":"","meta":{"site-sidebar-layout":"default","site-content-layout":"","ast-site-content-layout":"default","site-content-style":"default","site-sidebar-style":"default","ast-global-header-display":"","ast-banner-title-visibility":"","ast-main-header-display":"","ast-hfb-above-header-display":"","ast-hfb-below-header-display":"","ast-hfb-mobile-header-display":"","site-post-title":"","ast-breadcrumbs-content":"","ast-featured-img":"","footer-sml-layout":"","ast-disable-related-posts":"","theme-transparent-header-meta":"default","adv-header-id-meta":"","stick-header-meta":"","header-above-stick-meta":"","header-main-stick-meta":"","header-below-stick-meta":"","astra-migrate-meta-layouts":"set","ast-page-background-enabled":"default","ast-page-background-meta":{"desktop":{"background-color":"var(--ast-global-color-5)","background-image":"","background-repeat":"repeat","background-position":"center center","background-size":"auto","background-attachment":"scroll","background-type":"","background-media":"","overlay-type":"","overlay-color":"","overlay-opacity":"","overlay-gradient":""},"tablet":{"background-color":"","background-image":"","background-repeat":"repeat","background-position":"center center","background-size":"auto","background-attachment":"scroll","background-type":"","background-media":"","overlay-type":"","overlay-color":"","overlay-opacity":"","overlay-gradient":""},"mobile":{"background-color":"","background-image":"","background-repeat":"repeat","background-position":"center center","background-size":"auto","background-attachment":"scroll","background-type":"","background-media":"","overlay-type":"","overlay-color":"","overlay-opacity":"","overlay-gradient":""}},"ast-content-background-meta":{"desktop":{"background-color":"var(--ast-global-color-4)","background-image":"","background-repeat":"repeat","background-position":"center center","background-size":"auto","background-attachment":"scroll","background-type":"","background-media":"","overlay-type":"","overlay-color":"","overlay-opacity":"","overlay-gradient":""},"tablet":{"background-color":"var(--ast-global-color-4)","background-image":"","background-repeat":"repeat","background-position":"center center","background-size":"auto","background-attachment":"scroll","background-type":"","background-media":"","overlay-type":"","overlay-color":"","overlay-opacity":"","overlay-gradient":""},"mobile":{"background-color":"var(--ast-global-color-4)","background-image":"","background-repeat":"repeat","background-position":"center center","background-size":"auto","background-attachment":"scroll","background-type":"","background-media":"","overlay-type":"","overlay-color":"","overlay-opacity":"","overlay-gradient":""}}},"product_brand":[],"product_cat":[42,54],"product_tag":[],"class_list":{"0":"post-1503","1":"product","2":"type-product","3":"status-publish","4":"has-post-thumbnail","6":"product_cat-hand-bag","7":"product_cat-womens-bag","8":"desktop-align-left","9":"tablet-align-left","10":"mobile-align-left","12":"first","13":"instock","14":"shipping-taxable","15":"product-type-simple"},"_links":{"self":[{"href":"https:\/\/baijiabags.com\/fr\/wp-json\/wp\/v2\/product\/1503","targetHints":{"allow":["GET"]}}],"collection":[{"href":"https:\/\/baijiabags.com\/fr\/wp-json\/wp\/v2\/product"}],"about":[{"href":"https:\/\/baijiabags.com\/fr\/wp-json\/wp\/v2\/types\/product"}],"replies":[{"embeddable":true,"href":"https:\/\/baijiabags.com\/fr\/wp-json\/wp\/v2\/comments?post=1503"}],"wp:featuredmedia":[{"embeddable":true,"href":"https:\/\/baijiabags.com\/fr\/wp-json\/wp\/v2\/media\/1505"}],"wp:attachment":[{"href":"https:\/\/baijiabags.com\/fr\/wp-json\/wp\/v2\/media?parent=1503"}],"wp:term":[{"taxonomy":"product_brand","embeddable":true,"href":"https:\/\/baijiabags.com\/fr\/wp-json\/wp\/v2\/product_brand?post=1503"},{"taxonomy":"product_cat","embeddable":true,"href":"https:\/\/baijiabags.com\/fr\/wp-json\/wp\/v2\/product_cat?post=1503"},{"taxonomy":"product_tag","embeddable":true,"href":"https:\/\/baijiabags.com\/fr\/wp-json\/wp\/v2\/product_tag?post=1503"}],"curies":[{"name":"wp","href":"https:\/\/api.w.org\/{rel}","templated":true}]}}