{"id":1251,"date":"2025-09-11T08:00:37","date_gmt":"2025-09-11T08:00:37","guid":{"rendered":"https:\/\/baijiabags.com\/?post_type=product&#038;p=1251"},"modified":"2025-11-01T01:21:59","modified_gmt":"2025-11-01T01:21:59","slug":"women-pu-leather-handbag-custom-design-with-polyester-lining-and-logo-from-china-bag-manufacturer","status":"publish","type":"product","link":"https:\/\/baijiabags.com\/fr\/produit\/women-pu-leather-handbag-custom-design-with-polyester-lining-and-logo-from-china-bag-manufacturer\/","title":{"rendered":"Sac \u00e0 main en cuir PU pour femme avec doublure en polyester et logo - Fabricant de sacs en Chine"},"content":{"rendered":"<h2 data-start=\"762\" data-end=\"779\">Caract\u00e9ristiques principales<\/h2>\n<ol data-start=\"781\" data-end=\"1730\">\n<li data-start=\"781\" data-end=\"903\">\n<p data-start=\"784\" data-end=\"903\"><strong data-start=\"784\" data-end=\"806\">Cuir PU durable<\/strong> - Le cuir PU de haute qualit\u00e9 a \u00e9t\u00e9 s\u00e9lectionn\u00e9 pour sa texture lisse et ses performances durables.<\/p>\n<\/li>\n<li data-start=\"904\" data-end=\"1021\">\n<p data-start=\"907\" data-end=\"1021\"><strong data-start=\"907\" data-end=\"927\">Doublure en polyester<\/strong> - Une doublure int\u00e9rieure en polyester a \u00e9t\u00e9 appliqu\u00e9e pour renforcer la durabilit\u00e9 et la r\u00e9sistance \u00e0 l'usure.<\/p>\n<\/li>\n<li data-start=\"1022\" data-end=\"1143\">\n<p data-start=\"1025\" data-end=\"1143\"><strong data-start=\"1025\" data-end=\"1054\">Logo et couleur personnalisables<\/strong> - Le logo de la marque et la couleur ext\u00e9rieure peuvent \u00eatre personnalis\u00e9s selon les pr\u00e9f\u00e9rences du client.<\/p>\n<\/li>\n<li data-start=\"1144\" data-end=\"1257\">\n<p data-start=\"1147\" data-end=\"1257\"><strong data-start=\"1147\" data-end=\"1169\">Conception l\u00e9g\u00e8re<\/strong> - Avec un poids de seulement 0,51 kg, le sac a \u00e9t\u00e9 con\u00e7u pour \u00eatre facilement transportable sans \u00eatre encombrant.<\/p>\n<\/li>\n<li data-start=\"1258\" data-end=\"1391\">\n<p data-start=\"1261\" data-end=\"1391\"><strong data-start=\"1261\" data-end=\"1282\">Capacit\u00e9 spacieuse<\/strong> - Un int\u00e9rieur structur\u00e9 a \u00e9t\u00e9 con\u00e7u pour accueillir les objets essentiels au quotidien, y compris les documents et les appareils \u00e9lectroniques.<\/p>\n<\/li>\n<li data-start=\"1392\" data-end=\"1496\">\n<p data-start=\"1395\" data-end=\"1496\"><strong data-start=\"1395\" data-end=\"1419\">Portage multi-styles<\/strong> - Le sac \u00e0 main a \u00e9t\u00e9 adapt\u00e9 pour \u00eatre port\u00e9 \u00e0 la main ou \u00e0 la poign\u00e9e.<\/p>\n<\/li>\n<li data-start=\"1497\" data-end=\"1610\">\n<p data-start=\"1500\" data-end=\"1610\"><strong data-start=\"1500\" data-end=\"1526\">Une apparence \u00e0 la mode<\/strong> - Un m\u00e9lange d'\u00e9l\u00e9ments de mode, de style vintage et de style national a \u00e9t\u00e9 incorpor\u00e9.<\/p>\n<\/li>\n<li data-start=\"1611\" data-end=\"1730\">\n<p data-start=\"1614\" data-end=\"1730\"><strong data-start=\"1614\" data-end=\"1640\">Disponibilit\u00e9 OEM et ODM<\/strong> - Le produit a \u00e9t\u00e9 propos\u00e9 avec des services de personnalisation complets pour r\u00e9pondre aux besoins des entreprises.<\/p>\n<\/li>\n<\/ol>\n<p><img fetchpriority=\"high\" decoding=\"async\" class=\"aligncenter wp-image-1252 size-full\" src=\"https:\/\/baijiabags.com\/wp-content\/uploads\/2025\/09\/\u8be6\u60c5\u9875\u6a21\u7248-03-3.png\" alt=\"Women PU Leather Handbag Custom Design with Polyester Lining and Logo from China Bag Manufacturer\" width=\"750\" height=\"677\" srcset=\"https:\/\/baijiabags.com\/wp-content\/uploads\/2025\/09\/\u8be6\u60c5\u9875\u6a21\u7248-03-3.png 750w, https:\/\/baijiabags.com\/wp-content\/uploads\/2025\/09\/\u8be6\u60c5\u9875\u6a21\u7248-03-3-300x271.png 300w, https:\/\/baijiabags.com\/wp-content\/uploads\/2025\/09\/\u8be6\u60c5\u9875\u6a21\u7248-03-3-600x542.png 600w\" sizes=\"(max-width: 750px) 100vw, 750px\" \/><\/p>\n<h2 data-start=\"1737\" data-end=\"1756\">Sp\u00e9cifications<\/h2>\n<div class=\"_tableContainer_1rjym_1\">\n<div class=\"group w-fit _tableWrapper_1rjym_13 flex flex-col-reverse\" tabindex=\"-1\">\n<table class=\"w-fit min-w-(--thread-content-width)\" data-start=\"1758\" data-end=\"2425\">\n<thead data-start=\"1758\" data-end=\"1795\">\n<tr data-start=\"1758\" data-end=\"1795\">\n<th data-start=\"1758\" data-end=\"1778\" data-col-size=\"sm\"><strong data-start=\"1760\" data-end=\"1777\">Sp\u00e9cifications<\/strong><\/th>\n<th data-start=\"1778\" data-end=\"1795\" data-col-size=\"md\"><strong data-start=\"1780\" data-end=\"1791\">D\u00e9tails<\/strong><\/th>\n<\/tr>\n<\/thead>\n<tbody data-start=\"1835\" data-end=\"2425\">\n<tr data-start=\"1835\" data-end=\"1876\">\n<td data-start=\"1835\" data-end=\"1856\" data-col-size=\"sm\">Nom du produit<\/td>\n<td data-start=\"1856\" data-end=\"1876\" data-col-size=\"md\">Sac \u00e0 main pour dame<\/td>\n<\/tr>\n<tr data-start=\"1877\" data-end=\"1910\">\n<td data-start=\"1877\" data-end=\"1898\" data-col-size=\"sm\">Marque<\/td>\n<td data-start=\"1898\" data-end=\"1910\" data-col-size=\"md\">RONEER<\/td>\n<\/tr>\n<tr data-start=\"1911\" data-end=\"1946\">\n<td data-start=\"1911\" data-end=\"1932\" data-col-size=\"sm\">Mod\u00e8le<\/td>\n<td data-start=\"1932\" data-end=\"1946\" data-col-size=\"md\">EBG19730<\/td>\n<\/tr>\n<tr data-start=\"1947\" data-end=\"1990\">\n<td data-start=\"1947\" data-end=\"1968\" data-col-size=\"sm\">Origine<\/td>\n<td data-start=\"1968\" data-end=\"1990\" data-col-size=\"md\">Guangdong, Chine<\/td>\n<\/tr>\n<tr data-start=\"1991\" data-end=\"2050\">\n<td data-start=\"1991\" data-end=\"2012\" data-col-size=\"sm\">Style<\/td>\n<td data-start=\"2012\" data-end=\"2050\" data-col-size=\"md\">Fashion, Lady, Vintage, National<\/td>\n<\/tr>\n<tr data-start=\"2051\" data-end=\"2088\">\n<td data-start=\"2051\" data-end=\"2072\" data-col-size=\"sm\">Mat\u00e9riau principal<\/td>\n<td data-start=\"2072\" data-end=\"2088\" data-col-size=\"md\">Cuir PU<\/td>\n<\/tr>\n<tr data-start=\"2089\" data-end=\"2125\">\n<td data-start=\"2089\" data-end=\"2110\" data-col-size=\"sm\">Mat\u00e9riau de la doublure<\/td>\n<td data-start=\"2110\" data-end=\"2125\" data-col-size=\"md\">Polyester<\/td>\n<\/tr>\n<tr data-start=\"2126\" data-end=\"2168\">\n<td data-start=\"2126\" data-end=\"2147\" data-col-size=\"sm\">Mod\u00e8le<\/td>\n<td data-start=\"2147\" data-end=\"2168\" data-col-size=\"md\">Logo personnalis\u00e9<\/td>\n<\/tr>\n<tr data-start=\"2169\" data-end=\"2203\">\n<td data-start=\"2169\" data-end=\"2190\" data-col-size=\"sm\">Poids<\/td>\n<td data-start=\"2190\" data-end=\"2203\" data-col-size=\"md\">0,51 kg<\/td>\n<\/tr>\n<tr data-start=\"2204\" data-end=\"2243\">\n<td data-start=\"2204\" data-end=\"2225\" data-col-size=\"sm\">Couleur<\/td>\n<td data-start=\"2225\" data-end=\"2243\" data-col-size=\"md\">Personnalisable<\/td>\n<\/tr>\n<tr data-start=\"2244\" data-end=\"2296\">\n<td data-start=\"2244\" data-end=\"2265\" data-col-size=\"sm\">M\u00e9thode de portage<\/td>\n<td data-start=\"2265\" data-end=\"2296\" data-col-size=\"md\">Portage \u00e0 la poign\u00e9e \/ Portage \u00e0 la main<\/td>\n<\/tr>\n<tr data-start=\"2297\" data-end=\"2390\">\n<td data-start=\"2297\" data-end=\"2318\" data-col-size=\"sm\">Capacit\u00e9<\/td>\n<td data-start=\"2318\" data-end=\"2390\" data-col-size=\"md\">Convient pour un magazine A4, un iPad, un t\u00e9l\u00e9phone portable, un parapluie pliable, des cosm\u00e9tiques<\/td>\n<\/tr>\n<tr data-start=\"2391\" data-end=\"2425\">\n<td data-start=\"2391\" data-end=\"2412\" data-col-size=\"sm\">MOQ<\/td>\n<td data-start=\"2412\" data-end=\"2425\" data-col-size=\"md\">300 pi\u00e8ces<\/td>\n<\/tr>\n<\/tbody>\n<\/table>\n<\/div>\n<\/div>\n<h2 data-start=\"2432\" data-end=\"2449\">Applications<\/h2>\n<ul data-start=\"2551\" data-end=\"2858\">\n<li data-start=\"2551\" data-end=\"2619\">\n<p data-start=\"2553\" data-end=\"2619\"><strong data-start=\"2553\" data-end=\"2563\">Voyage<\/strong> - Les produits de premi\u00e8re n\u00e9cessit\u00e9 peuvent \u00eatre transport\u00e9s en toute s\u00e9curit\u00e9 pendant les trajets.<\/p>\n<\/li>\n<li data-start=\"2620\" data-end=\"2688\">\n<p data-start=\"2622\" data-end=\"2688\"><strong data-start=\"2622\" data-end=\"2635\">Utilisation quotidienne<\/strong> - Les objets de la vie quotidienne ont \u00e9t\u00e9 facilement pris en charge.<\/p>\n<\/li>\n<li data-start=\"2689\" data-end=\"2771\">\n<p data-start=\"2691\" data-end=\"2771\"><strong data-start=\"2691\" data-end=\"2706\">Voyages \u00e0 la plage<\/strong> - Sa l\u00e9g\u00e8ret\u00e9 le rend id\u00e9al pour les sorties d\u00e9contract\u00e9es.<\/p>\n<\/li>\n<li data-start=\"2772\" data-end=\"2858\">\n<p data-start=\"2774\" data-end=\"2858\"><strong data-start=\"2774\" data-end=\"2786\">Achats<\/strong> - Un accessoire \u00e0 la fois pratique et \u00e9l\u00e9gant pour transporter des effets personnels.<\/p>\n<\/li>\n<\/ul>\n<p data-start=\"2865\" data-end=\"3037\">Si vous avez manifest\u00e9 de l'int\u00e9r\u00eat pour ce sac \u00e0 main, n'h\u00e9sitez pas \u00e0 nous contacter pour demander un \u00e9chantillon. <strong data-start=\"2961\" data-end=\"2996\">Des services ODM et OEM sont propos\u00e9s<\/strong> pour r\u00e9pondre aux diff\u00e9rentes exigences du march\u00e9.<\/p>","protected":false},"excerpt":{"rendered":"<p>Les <strong data-start=\"186\" data-end=\"224\">Sac \u00e0 main en cuir PU pour femmes de RONEER<\/strong> a \u00e9t\u00e9 con\u00e7u pour offrir \u00e0 la fois style et fonctionnalit\u00e9. Fabriqu\u00e9 en cuir PU de premi\u00e8re qualit\u00e9 et doubl\u00e9 de polyester r\u00e9sistant, il est fabriqu\u00e9 avec le souci du d\u00e9tail \u00e0 Guangdong, en Chine. Le sac \u00e0 main a \u00e9t\u00e9 con\u00e7u pour un usage quotidien tout en offrant la flexibilit\u00e9 de la personnalisation, y compris les logos et les couleurs pour r\u00e9pondre aux diff\u00e9rentes exigences en mati\u00e8re de marque. Avec une structure l\u00e9g\u00e8re de 0,51 kg, il a \u00e9t\u00e9 con\u00e7u pour transporter des articles essentiels tels que des magazines A4, des iPads, des t\u00e9l\u00e9phones portables, des parapluies pliables et des produits de beaut\u00e9.<\/p>","protected":false},"featured_media":1253,"comment_status":"open","ping_status":"closed","template":"","meta":{"site-sidebar-layout":"default","site-content-layout":"","ast-site-content-layout":"default","site-content-style":"default","site-sidebar-style":"default","ast-global-header-display":"","ast-banner-title-visibility":"","ast-main-header-display":"","ast-hfb-above-header-display":"","ast-hfb-below-header-display":"","ast-hfb-mobile-header-display":"","site-post-title":"","ast-breadcrumbs-content":"","ast-featured-img":"","footer-sml-layout":"","ast-disable-related-posts":"","theme-transparent-header-meta":"default","adv-header-id-meta":"","stick-header-meta":"","header-above-stick-meta":"","header-main-stick-meta":"","header-below-stick-meta":"","astra-migrate-meta-layouts":"set","ast-page-background-enabled":"default","ast-page-background-meta":{"desktop":{"background-color":"var(--ast-global-color-5)","background-image":"","background-repeat":"repeat","background-position":"center center","background-size":"auto","background-attachment":"scroll","background-type":"","background-media":"","overlay-type":"","overlay-color":"","overlay-opacity":"","overlay-gradient":""},"tablet":{"background-color":"","background-image":"","background-repeat":"repeat","background-position":"center center","background-size":"auto","background-attachment":"scroll","background-type":"","background-media":"","overlay-type":"","overlay-color":"","overlay-opacity":"","overlay-gradient":""},"mobile":{"background-color":"","background-image":"","background-repeat":"repeat","background-position":"center center","background-size":"auto","background-attachment":"scroll","background-type":"","background-media":"","overlay-type":"","overlay-color":"","overlay-opacity":"","overlay-gradient":""}},"ast-content-background-meta":{"desktop":{"background-color":"var(--ast-global-color-4)","background-image":"","background-repeat":"repeat","background-position":"center center","background-size":"auto","background-attachment":"scroll","background-type":"","background-media":"","overlay-type":"","overlay-color":"","overlay-opacity":"","overlay-gradient":""},"tablet":{"background-color":"var(--ast-global-color-4)","background-image":"","background-repeat":"repeat","background-position":"center center","background-size":"auto","background-attachment":"scroll","background-type":"","background-media":"","overlay-type":"","overlay-color":"","overlay-opacity":"","overlay-gradient":""},"mobile":{"background-color":"var(--ast-global-color-4)","background-image":"","background-repeat":"repeat","background-position":"center center","background-size":"auto","background-attachment":"scroll","background-type":"","background-media":"","overlay-type":"","overlay-color":"","overlay-opacity":"","overlay-gradient":""}}},"product_brand":[],"product_cat":[42,54],"product_tag":[],"class_list":{"0":"post-1251","1":"product","2":"type-product","3":"status-publish","4":"has-post-thumbnail","6":"product_cat-hand-bag","7":"product_cat-womens-bag","8":"desktop-align-left","9":"tablet-align-left","10":"mobile-align-left","12":"first","13":"instock","14":"shipping-taxable","15":"product-type-simple"},"_links":{"self":[{"href":"https:\/\/baijiabags.com\/fr\/wp-json\/wp\/v2\/product\/1251","targetHints":{"allow":["GET"]}}],"collection":[{"href":"https:\/\/baijiabags.com\/fr\/wp-json\/wp\/v2\/product"}],"about":[{"href":"https:\/\/baijiabags.com\/fr\/wp-json\/wp\/v2\/types\/product"}],"replies":[{"embeddable":true,"href":"https:\/\/baijiabags.com\/fr\/wp-json\/wp\/v2\/comments?post=1251"}],"wp:featuredmedia":[{"embeddable":true,"href":"https:\/\/baijiabags.com\/fr\/wp-json\/wp\/v2\/media\/1253"}],"wp:attachment":[{"href":"https:\/\/baijiabags.com\/fr\/wp-json\/wp\/v2\/media?parent=1251"}],"wp:term":[{"taxonomy":"product_brand","embeddable":true,"href":"https:\/\/baijiabags.com\/fr\/wp-json\/wp\/v2\/product_brand?post=1251"},{"taxonomy":"product_cat","embeddable":true,"href":"https:\/\/baijiabags.com\/fr\/wp-json\/wp\/v2\/product_cat?post=1251"},{"taxonomy":"product_tag","embeddable":true,"href":"https:\/\/baijiabags.com\/fr\/wp-json\/wp\/v2\/product_tag?post=1251"}],"curies":[{"name":"wp","href":"https:\/\/api.w.org\/{rel}","templated":true}]}}