{"id":1129,"date":"2025-09-10T06:04:08","date_gmt":"2025-09-10T06:04:08","guid":{"rendered":"https:\/\/baijiabags.com\/?post_type=product&#038;p=1129"},"modified":"2025-11-01T01:22:00","modified_gmt":"2025-11-01T01:22:00","slug":"womens-pu-leather-tote-bag-waterproof-linen-summer","status":"publish","type":"product","link":"https:\/\/baijiabags.com\/fr\/produit\/womens-pu-leather-tote-bag-waterproof-linen-summer\/","title":{"rendered":"Womens Lightweight PU Leather Tote Handbag Custom Multi Purpose Waterproof Linen Summer Bag for Daily Commute and Travel"},"content":{"rendered":"<h2 data-start=\"1003\" data-end=\"1019\">Caract\u00e9ristiques principales<\/h2>\n<ol data-start=\"1021\" data-end=\"1704\">\n<li data-start=\"1021\" data-end=\"1093\">\n<p data-start=\"1024\" data-end=\"1093\">La conception l\u00e9g\u00e8re permet un transport confortable tout au long de la journ\u00e9e.<\/p>\n<\/li>\n<li data-start=\"1094\" data-end=\"1168\">\n<p data-start=\"1097\" data-end=\"1168\">Fabriqu\u00e9 avec des mat\u00e9riaux durables <strong data-start=\"1115\" data-end=\"1129\">Cuir PU<\/strong>La texture est douce et moelleuse.<\/p>\n<\/li>\n<li data-start=\"1169\" data-end=\"1278\">\n<p data-start=\"1172\" data-end=\"1278\">Int\u00e9rieur polyvalent con\u00e7u pour le rangement <strong data-start=\"1216\" data-end=\"1275\">Magazines A4, tablettes, t\u00e9l\u00e9phones, parapluies et cosm\u00e9tiques<\/strong>.<\/p>\n<\/li>\n<li data-start=\"1279\" data-end=\"1356\">\n<p data-start=\"1282\" data-end=\"1356\"><strong data-start=\"1282\" data-end=\"1308\">Doublure r\u00e9sistante \u00e0 l'eau<\/strong> prot\u00e8ge le contenu des d\u00e9versements et de la pluie fine.<\/p>\n<\/li>\n<li data-start=\"1357\" data-end=\"1442\">\n<p data-start=\"1360\" data-end=\"1442\"><strong data-start=\"1360\" data-end=\"1390\">Options de couleurs personnalisables<\/strong> permettent une personnalisation en fonction des pr\u00e9f\u00e9rences de style.<\/p>\n<\/li>\n<li data-start=\"1443\" data-end=\"1526\">\n<p data-start=\"1446\" data-end=\"1526\">Poign\u00e9es con\u00e7ues pour <strong data-start=\"1467\" data-end=\"1497\">portage \u00e0 la main ou \u00e0 la poign\u00e9e<\/strong>et offre une grande souplesse d'utilisation.<\/p>\n<\/li>\n<li data-start=\"1527\" data-end=\"1606\">\n<p data-start=\"1530\" data-end=\"1606\">Un design vintage et \u00e0 la pointe de la mode qui convient \u00e0 un large \u00e9ventail d'occasions.<\/p>\n<\/li>\n<li data-start=\"1607\" data-end=\"1704\">\n<p data-start=\"1610\" data-end=\"1704\">Possibilit\u00e9 de personnaliser le logo, support <strong data-start=\"1651\" data-end=\"1675\">Services ODM et OEM<\/strong> pour la personnalisation de la marque.<\/p>\n<\/li>\n<\/ol>\n<p><img fetchpriority=\"high\" decoding=\"async\" class=\"aligncenter wp-image-1136\" src=\"https:\/\/baijiabags.com\/wp-content\/uploads\/2025\/09\/\u8be6\u60c5\u9875\u6a21\u7248-03-2-300x271.png\" alt=\"EBG19728\" width=\"750\" height=\"677\" srcset=\"https:\/\/baijiabags.com\/wp-content\/uploads\/2025\/09\/\u8be6\u60c5\u9875\u6a21\u7248-03-2-300x271.png 300w, https:\/\/baijiabags.com\/wp-content\/uploads\/2025\/09\/\u8be6\u60c5\u9875\u6a21\u7248-03-2-1024x925.png 1024w, https:\/\/baijiabags.com\/wp-content\/uploads\/2025\/09\/\u8be6\u60c5\u9875\u6a21\u7248-03-2-768x694.png 768w, https:\/\/baijiabags.com\/wp-content\/uploads\/2025\/09\/\u8be6\u60c5\u9875\u6a21\u7248-03-2-600x542.png 600w, https:\/\/baijiabags.com\/wp-content\/uploads\/2025\/09\/\u8be6\u60c5\u9875\u6a21\u7248-03-2.png 1031w\" sizes=\"(max-width: 750px) 100vw, 750px\" \/><\/p>\n<h2 data-start=\"1711\" data-end=\"1728\">Sp\u00e9cifications<\/h2>\n<div class=\"_tableContainer_1rjym_1\">\n<div class=\"_tableWrapper_1rjym_13 group flex w-fit flex-col-reverse\" tabindex=\"-1\">\n<table class=\"w-fit min-w-(--thread-content-width)\" data-start=\"1730\" data-end=\"2177\">\n<thead data-start=\"1730\" data-end=\"1753\">\n<tr data-start=\"1730\" data-end=\"1753\">\n<th data-start=\"1730\" data-end=\"1742\" data-col-size=\"sm\">Param\u00e8tres<\/th>\n<th data-start=\"1742\" data-end=\"1753\" data-col-size=\"md\">D\u00e9tails<\/th>\n<\/tr>\n<\/thead>\n<tbody data-start=\"1778\" data-end=\"2177\">\n<tr data-start=\"1778\" data-end=\"1811\">\n<td data-start=\"1778\" data-end=\"1793\" data-col-size=\"sm\">Nom du produit<\/td>\n<td data-start=\"1793\" data-end=\"1811\" data-col-size=\"md\">Sac \u00e0 main pour dame<\/td>\n<\/tr>\n<tr data-start=\"1812\" data-end=\"1830\">\n<td data-start=\"1812\" data-end=\"1820\" data-col-size=\"sm\">Marque<\/td>\n<td data-start=\"1820\" data-end=\"1830\" data-col-size=\"md\">RONEER<\/td>\n<\/tr>\n<tr data-start=\"1831\" data-end=\"1851\">\n<td data-start=\"1831\" data-end=\"1839\" data-col-size=\"sm\">Mod\u00e8le<\/td>\n<td data-start=\"1839\" data-end=\"1851\" data-col-size=\"md\">EBG19728<\/td>\n<\/tr>\n<tr data-start=\"1852\" data-end=\"1886\">\n<td data-start=\"1852\" data-end=\"1860\" data-col-size=\"sm\">Style<\/td>\n<td data-start=\"1860\" data-end=\"1886\" data-col-size=\"md\">Mode, Lady, Vintage<\/td>\n<\/tr>\n<tr data-start=\"1887\" data-end=\"1912\">\n<td data-start=\"1887\" data-end=\"1898\" data-col-size=\"sm\">Mat\u00e9riau<\/td>\n<td data-start=\"1898\" data-end=\"1912\" data-col-size=\"md\">PU<\/td>\n<\/tr>\n<tr data-start=\"1913\" data-end=\"1942\">\n<td data-start=\"1913\" data-end=\"1923\" data-col-size=\"sm\">Mod\u00e8le<\/td>\n<td data-start=\"1923\" data-end=\"1942\" data-col-size=\"md\">Logo personnalis\u00e9<\/td>\n<\/tr>\n<tr data-start=\"1943\" data-end=\"1963\">\n<td data-start=\"1943\" data-end=\"1952\" data-col-size=\"sm\">Poids<\/td>\n<td data-start=\"1952\" data-end=\"1963\" data-col-size=\"md\">0,38 kg<\/td>\n<\/tr>\n<tr data-start=\"1964\" data-end=\"1988\">\n<td data-start=\"1964\" data-end=\"1972\" data-col-size=\"sm\">Couleur<\/td>\n<td data-start=\"1972\" data-end=\"1988\" data-col-size=\"md\">Personnalisable<\/td>\n<\/tr>\n<tr data-start=\"1989\" data-end=\"2036\">\n<td data-start=\"1989\" data-end=\"2007\" data-col-size=\"sm\">M\u00e9thode de portage<\/td>\n<td data-start=\"2007\" data-end=\"2036\" data-col-size=\"md\">Portage \u00e0 la poign\u00e9e \/ Portage \u00e0 la main<\/td>\n<\/tr>\n<tr data-start=\"2037\" data-end=\"2117\">\n<td data-start=\"2037\" data-end=\"2048\" data-col-size=\"sm\">Capacit\u00e9<\/td>\n<td data-start=\"2048\" data-end=\"2117\" data-col-size=\"md\">Magazine A4 \/ iPad \/ T\u00e9l\u00e9phone portable \/ Parapluie pliable \/ Cosm\u00e9tiques<\/td>\n<\/tr>\n<tr data-start=\"2118\" data-end=\"2138\">\n<td data-start=\"2118\" data-end=\"2124\" data-col-size=\"sm\">MOQ<\/td>\n<td data-start=\"2124\" data-end=\"2138\" data-col-size=\"md\">300 pi\u00e8ces<\/td>\n<\/tr>\n<tr data-start=\"2139\" data-end=\"2177\">\n<td data-start=\"2139\" data-end=\"2157\" data-col-size=\"sm\">Lieu d'origine<\/td>\n<td data-start=\"2157\" data-end=\"2177\" data-col-size=\"md\">Guangdong, Chine<\/td>\n<\/tr>\n<\/tbody>\n<\/table>\n<\/div>\n<\/div>\n<h2>Applications<\/h2>\n<ul data-start=\"2201\" data-end=\"2558\">\n<li data-start=\"2201\" data-end=\"2267\">\n<p data-start=\"2203\" data-end=\"2267\"><strong data-start=\"2203\" data-end=\"2216\">Utilisation quotidienne<\/strong>: Parfait pour le bureau, l'\u00e9cole et les sorties d\u00e9contract\u00e9es.<\/p>\n<\/li>\n<li data-start=\"2268\" data-end=\"2353\">\n<p data-start=\"2270\" data-end=\"2353\"><strong data-start=\"2270\" data-end=\"2280\">Voyage<\/strong>: L\u00e9ger et spacieux, il est id\u00e9al pour transporter l'essentiel en voyage.<\/p>\n<\/li>\n<li data-start=\"2354\" data-end=\"2450\">\n<p data-start=\"2356\" data-end=\"2450\"><strong data-start=\"2356\" data-end=\"2368\">Achats<\/strong>: Le design confortable permet de transporter facilement les objets personnels et les petits achats.<\/p>\n<\/li>\n<li data-start=\"2451\" data-end=\"2558\">\n<p data-start=\"2453\" data-end=\"2558\"><strong data-start=\"2453\" data-end=\"2484\">Activit\u00e9s de plage ou de loisirs<\/strong>: Peut contenir de la cr\u00e8me solaire, des lunettes de soleil et d'autres objets personnels de mani\u00e8re pratique.<\/p>\n<\/li>\n<\/ul>\n<p data-start=\"2565\" data-end=\"2748\">Si vous \u00eates int\u00e9ress\u00e9 par ce sac, veuillez nous contacter pour demander un \u00e9chantillon. <strong data-start=\"2639\" data-end=\"2663\">Services ODM et OEM<\/strong> sont disponibles pour personnaliser les dessins, les couleurs et les logos afin de r\u00e9pondre \u00e0 vos besoins en mati\u00e8re d'image de marque.<\/p>","protected":false},"excerpt":{"rendered":"<p>Les <strong data-start=\"328\" data-end=\"382\">RONEER Sac \u00e0 main l\u00e9ger en cuir PU pour femmes<\/strong> est con\u00e7u pour un usage quotidien, les voyages et les sorties d\u00e9contract\u00e9es. Fabriqu\u00e9 en cuir PU de haute qualit\u00e9, ce sac \u00e0 main est \u00e0 la fois l\u00e9ger et durable, puisqu'il ne p\u00e8se que 1,5 kg. <strong data-start=\"531\" data-end=\"542\">0,38 kg<\/strong>Il est donc id\u00e9al pour les longues heures d'utilisation. Le sac a \u00e9t\u00e9 con\u00e7u dans un souci de polyvalence, ce qui lui permet de transporter des articles essentiels tels que <strong data-start=\"674\" data-end=\"742\">Magazines A4, iPad, t\u00e9l\u00e9phones portables, parapluies pliables, cosm\u00e9tiques<\/strong>et d'autres objets fr\u00e9quemment utilis\u00e9s. Son design vintage et \u00e0 la mode lui permet de s'adapter \u00e0 toutes les tenues et \u00e0 toutes les occasions. Le sac est fabriqu\u00e9 en <strong data-start=\"894\" data-end=\"914\">Guangdong, Chine<\/strong>sous le mod\u00e8le <strong data-start=\"932\" data-end=\"944\">EBG19728<\/strong>Les couleurs et les motifs des logos sont personnalisables.<\/p>","protected":false},"featured_media":1131,"comment_status":"open","ping_status":"closed","template":"","meta":{"site-sidebar-layout":"default","site-content-layout":"","ast-site-content-layout":"default","site-content-style":"default","site-sidebar-style":"default","ast-global-header-display":"","ast-banner-title-visibility":"","ast-main-header-display":"","ast-hfb-above-header-display":"","ast-hfb-below-header-display":"","ast-hfb-mobile-header-display":"","site-post-title":"","ast-breadcrumbs-content":"","ast-featured-img":"","footer-sml-layout":"","ast-disable-related-posts":"","theme-transparent-header-meta":"default","adv-header-id-meta":"","stick-header-meta":"","header-above-stick-meta":"","header-main-stick-meta":"","header-below-stick-meta":"","astra-migrate-meta-layouts":"set","ast-page-background-enabled":"default","ast-page-background-meta":{"desktop":{"background-color":"var(--ast-global-color-5)","background-image":"","background-repeat":"repeat","background-position":"center center","background-size":"auto","background-attachment":"scroll","background-type":"","background-media":"","overlay-type":"","overlay-color":"","overlay-opacity":"","overlay-gradient":""},"tablet":{"background-color":"","background-image":"","background-repeat":"repeat","background-position":"center center","background-size":"auto","background-attachment":"scroll","background-type":"","background-media":"","overlay-type":"","overlay-color":"","overlay-opacity":"","overlay-gradient":""},"mobile":{"background-color":"","background-image":"","background-repeat":"repeat","background-position":"center center","background-size":"auto","background-attachment":"scroll","background-type":"","background-media":"","overlay-type":"","overlay-color":"","overlay-opacity":"","overlay-gradient":""}},"ast-content-background-meta":{"desktop":{"background-color":"var(--ast-global-color-4)","background-image":"","background-repeat":"repeat","background-position":"center center","background-size":"auto","background-attachment":"scroll","background-type":"","background-media":"","overlay-type":"","overlay-color":"","overlay-opacity":"","overlay-gradient":""},"tablet":{"background-color":"var(--ast-global-color-4)","background-image":"","background-repeat":"repeat","background-position":"center center","background-size":"auto","background-attachment":"scroll","background-type":"","background-media":"","overlay-type":"","overlay-color":"","overlay-opacity":"","overlay-gradient":""},"mobile":{"background-color":"var(--ast-global-color-4)","background-image":"","background-repeat":"repeat","background-position":"center center","background-size":"auto","background-attachment":"scroll","background-type":"","background-media":"","overlay-type":"","overlay-color":"","overlay-opacity":"","overlay-gradient":""}}},"product_brand":[],"product_cat":[42,54],"product_tag":[],"class_list":{"0":"post-1129","1":"product","2":"type-product","3":"status-publish","4":"has-post-thumbnail","6":"product_cat-hand-bag","7":"product_cat-womens-bag","8":"desktop-align-left","9":"tablet-align-left","10":"mobile-align-left","12":"first","13":"instock","14":"shipping-taxable","15":"product-type-simple"},"_links":{"self":[{"href":"https:\/\/baijiabags.com\/fr\/wp-json\/wp\/v2\/product\/1129","targetHints":{"allow":["GET"]}}],"collection":[{"href":"https:\/\/baijiabags.com\/fr\/wp-json\/wp\/v2\/product"}],"about":[{"href":"https:\/\/baijiabags.com\/fr\/wp-json\/wp\/v2\/types\/product"}],"replies":[{"embeddable":true,"href":"https:\/\/baijiabags.com\/fr\/wp-json\/wp\/v2\/comments?post=1129"}],"wp:featuredmedia":[{"embeddable":true,"href":"https:\/\/baijiabags.com\/fr\/wp-json\/wp\/v2\/media\/1131"}],"wp:attachment":[{"href":"https:\/\/baijiabags.com\/fr\/wp-json\/wp\/v2\/media?parent=1129"}],"wp:term":[{"taxonomy":"product_brand","embeddable":true,"href":"https:\/\/baijiabags.com\/fr\/wp-json\/wp\/v2\/product_brand?post=1129"},{"taxonomy":"product_cat","embeddable":true,"href":"https:\/\/baijiabags.com\/fr\/wp-json\/wp\/v2\/product_cat?post=1129"},{"taxonomy":"product_tag","embeddable":true,"href":"https:\/\/baijiabags.com\/fr\/wp-json\/wp\/v2\/product_tag?post=1129"}],"curies":[{"name":"wp","href":"https:\/\/api.w.org\/{rel}","templated":true}]}}