{"id":1011,"date":"2025-09-09T07:37:30","date_gmt":"2025-09-09T07:37:30","guid":{"rendered":"https:\/\/baijiabags.com\/?post_type=product&#038;p=1011"},"modified":"2025-11-01T01:22:37","modified_gmt":"2025-11-01T01:22:37","slug":"green-alligator-print-vegan-pu-tote-handbag-for-women-summer-autumn-luxe","status":"publish","type":"product","link":"https:\/\/baijiabags.com\/fr\/produit\/green-alligator-print-vegan-pu-tote-handbag-for-women-summer-autumn-luxe\/","title":{"rendered":"Sac \u00e0 main en PU Vegan avec impression d'alligator vert pour femmes - Summer &amp; Autumn Luxe"},"content":{"rendered":"<h2 data-start=\"540\" data-end=\"557\">Caract\u00e9ristiques principales<\/h2>\n<ol data-start=\"559\" data-end=\"1628\">\n<li data-start=\"559\" data-end=\"727\">\n<p data-start=\"562\" data-end=\"727\"><strong data-start=\"562\" data-end=\"591\">Mati\u00e8re premi\u00e8re en PU v\u00e9g\u00e9talien<\/strong> - Le sac \u00e0 main est fabriqu\u00e9 en PU de haute qualit\u00e9, ce qui garantit sa durabilit\u00e9 et sa facilit\u00e9 d'entretien tout en pr\u00e9servant son aspect luxueux.<\/p>\n<\/li>\n<li data-start=\"728\" data-end=\"838\">\n<p data-start=\"731\" data-end=\"838\"><strong data-start=\"731\" data-end=\"758\">Impression \u00e9l\u00e9gante d'alligator<\/strong> - Une texture unique d'alligator vert a \u00e9t\u00e9 appliqu\u00e9e pour rehausser l'attrait visuel.<\/p>\n<\/li>\n<li data-start=\"839\" data-end=\"987\">\n<p data-start=\"842\" data-end=\"987\"><strong data-start=\"842\" data-end=\"867\">Compartiments multiples<\/strong> - L'int\u00e9rieur comporte un compartiment principal, une poche int\u00e9rieure zipp\u00e9e et une pochette int\u00e9rieure pour un rangement organis\u00e9.<\/p>\n<\/li>\n<li data-start=\"988\" data-end=\"1102\">\n<p data-start=\"991\" data-end=\"1102\"><strong data-start=\"991\" data-end=\"1013\">Conception l\u00e9g\u00e8re<\/strong> - Avec un poids de 0,72 kg, le sac a \u00e9t\u00e9 con\u00e7u pour une utilisation quotidienne confortable.<\/p>\n<\/li>\n<li data-start=\"1103\" data-end=\"1251\">\n<p data-start=\"1106\" data-end=\"1251\"><strong data-start=\"1106\" data-end=\"1127\">Capacit\u00e9 spacieuse<\/strong> - Le sac \u00e0 main peut contenir des magazines A4, des iPads, des t\u00e9l\u00e9phones portables, des parapluies pliables, des produits de beaut\u00e9 et d'autres objets indispensables au quotidien.<\/p>\n<\/li>\n<li data-start=\"1252\" data-end=\"1363\">\n<p data-start=\"1255\" data-end=\"1363\"><strong data-start=\"1255\" data-end=\"1285\">Options de transport polyvalentes<\/strong> - Il peut \u00eatre port\u00e9 \u00e0 la main ou sur le bras, s'adaptant ainsi \u00e0 diverses occasions.<\/p>\n<\/li>\n<li data-start=\"1364\" data-end=\"1511\">\n<p data-start=\"1367\" data-end=\"1511\"><strong data-start=\"1367\" data-end=\"1398\">Taille compacte et fonctionnelle<\/strong> - Mesurant 20,5 cm \u00d7 26 cm \u00d7 14 cm, le sac offre un \u00e9quilibre parfait entre portabilit\u00e9 et capacit\u00e9 de stockage.<\/p>\n<\/li>\n<li data-start=\"1512\" data-end=\"1628\">\n<p data-start=\"1515\" data-end=\"1628\"><strong data-start=\"1515\" data-end=\"1531\">Utilisation saisonni\u00e8re<\/strong> - Con\u00e7ue pour l'\u00e9t\u00e9 et l'automne, elle s'adapte \u00e0 un large \u00e9ventail de tenues et d'activit\u00e9s quotidiennes.<\/p>\n<\/li>\n<\/ol>\n<h2 data-start=\"1635\" data-end=\"1654\">Sp\u00e9cifications<\/h2>\n<div class=\"_tableContainer_1rjym_1\">\n<div class=\"_tableWrapper_1rjym_13 group flex w-fit flex-col-reverse\" tabindex=\"-1\">\n<table class=\"w-fit min-w-(--thread-content-width)\" data-start=\"1656\" data-end=\"3219\">\n<thead data-start=\"1656\" data-end=\"1754\">\n<tr data-start=\"1656\" data-end=\"1754\">\n<th data-start=\"1656\" data-end=\"1679\" data-col-size=\"sm\">Param\u00e8tres<\/th>\n<th data-start=\"1679\" data-end=\"1754\" data-col-size=\"md\">D\u00e9tails<\/th>\n<\/tr>\n<\/thead>\n<tbody data-start=\"1853\" data-end=\"3219\">\n<tr data-start=\"1853\" data-end=\"1950\">\n<td data-start=\"1853\" data-end=\"1875\" data-col-size=\"sm\">Nom du produit<\/td>\n<td data-start=\"1875\" data-end=\"1950\" data-col-size=\"md\">Sac \u00e0 main pour dame<\/td>\n<\/tr>\n<tr data-start=\"1951\" data-end=\"2048\">\n<td data-start=\"1951\" data-end=\"1973\" data-col-size=\"sm\">Marque<\/td>\n<td data-start=\"1973\" data-end=\"2048\" data-col-size=\"md\">RONEER<\/td>\n<\/tr>\n<tr data-start=\"2049\" data-end=\"2146\">\n<td data-start=\"2049\" data-end=\"2071\" data-col-size=\"sm\">Origine<\/td>\n<td data-start=\"2071\" data-end=\"2146\" data-col-size=\"md\">Guangdong, Chine<\/td>\n<\/tr>\n<tr data-start=\"2147\" data-end=\"2244\">\n<td data-start=\"2147\" data-end=\"2169\" data-col-size=\"sm\">Mod\u00e8le<\/td>\n<td data-start=\"2169\" data-end=\"2244\" data-col-size=\"md\">EBG19724<\/td>\n<\/tr>\n<tr data-start=\"2245\" data-end=\"2342\">\n<td data-start=\"2245\" data-end=\"2267\" data-col-size=\"sm\">Style<\/td>\n<td data-start=\"2267\" data-end=\"2342\" data-col-size=\"md\">\u00c0 la mode et minimaliste<\/td>\n<\/tr>\n<tr data-start=\"2343\" data-end=\"2439\">\n<td data-start=\"2343\" data-end=\"2365\" data-col-size=\"sm\">Dimensions<\/td>\n<td data-start=\"2365\" data-end=\"2439\" data-col-size=\"md\">20,5cm \u00d7 26cm \u00d7 14cm<\/td>\n<\/tr>\n<tr data-start=\"2440\" data-end=\"2536\">\n<td data-start=\"2440\" data-end=\"2462\" data-col-size=\"sm\">Mat\u00e9riau<\/td>\n<td data-start=\"2462\" data-end=\"2536\" data-col-size=\"md\">PU (compatible avec les produits v\u00e9g\u00e9taliens)<\/td>\n<\/tr>\n<tr data-start=\"2537\" data-end=\"2634\">\n<td data-start=\"2537\" data-end=\"2559\" data-col-size=\"sm\">Poids<\/td>\n<td data-start=\"2559\" data-end=\"2634\" data-col-size=\"md\">0,72 kg<\/td>\n<\/tr>\n<tr data-start=\"2635\" data-end=\"2731\">\n<td data-start=\"2635\" data-end=\"2657\" data-col-size=\"sm\">Structure int\u00e9rieure<\/td>\n<td data-start=\"2657\" data-end=\"2731\" data-col-size=\"md\">Compartiment principal, poche int\u00e9rieure zipp\u00e9e, poche int\u00e9rieure \u00e0 glissi\u00e8re<\/td>\n<\/tr>\n<tr data-start=\"2732\" data-end=\"2829\">\n<td data-start=\"2732\" data-end=\"2754\" data-col-size=\"sm\">Options de couleur<\/td>\n<td data-start=\"2754\" data-end=\"2829\" data-col-size=\"md\">Blanc (plusieurs couleurs disponibles)<\/td>\n<\/tr>\n<tr data-start=\"2830\" data-end=\"2926\">\n<td data-start=\"2830\" data-end=\"2852\" data-col-size=\"sm\">M\u00e9thode de portage<\/td>\n<td data-start=\"2852\" data-end=\"2926\" data-col-size=\"md\">Port\u00e9 \u00e0 la main \/ Par-dessus le bras<\/td>\n<\/tr>\n<tr data-start=\"2927\" data-end=\"3024\">\n<td data-start=\"2927\" data-end=\"2949\" data-col-size=\"sm\">Capacit\u00e9<\/td>\n<td data-start=\"2949\" data-end=\"3024\" data-col-size=\"md\">Contient un magazine A4, un iPad, un t\u00e9l\u00e9phone, un parapluie pliable, des produits cosm\u00e9tiques, des articles de premi\u00e8re n\u00e9cessit\u00e9.<\/td>\n<\/tr>\n<tr data-start=\"3025\" data-end=\"3122\">\n<td data-start=\"3025\" data-end=\"3047\" data-col-size=\"sm\">MOQ<\/td>\n<td data-start=\"3047\" data-end=\"3122\" data-col-size=\"md\">300<\/td>\n<\/tr>\n<tr data-start=\"3123\" data-end=\"3219\">\n<td data-start=\"3123\" data-end=\"3145\" data-col-size=\"sm\">Application<\/td>\n<td data-start=\"3145\" data-end=\"3219\" data-col-size=\"md\">Shopping, travail, usage quotidien<\/td>\n<\/tr>\n<\/tbody>\n<\/table>\n<\/div>\n<\/div>\n<h2 data-start=\"3226\" data-end=\"3243\">Applications<\/h2>\n<ul data-start=\"3245\" data-end=\"3608\">\n<li data-start=\"3245\" data-end=\"3337\">\n<p data-start=\"3247\" data-end=\"3337\"><strong data-start=\"3247\" data-end=\"3259\">Achats<\/strong> - Id\u00e9al pour transporter les objets essentiels au quotidien tout en conservant un look tendance.<\/p>\n<\/li>\n<li data-start=\"3338\" data-end=\"3432\">\n<p data-start=\"3340\" data-end=\"3432\"><strong data-start=\"3340\" data-end=\"3348\">Travail<\/strong> - Adapt\u00e9 \u00e0 une utilisation au bureau, il permet de ranger les documents, les tablettes et les objets personnels de mani\u00e8re ordonn\u00e9e.<\/p>\n<\/li>\n<li data-start=\"3433\" data-end=\"3517\">\n<p data-start=\"3435\" data-end=\"3517\"><strong data-start=\"3435\" data-end=\"3453\">Sorties d\u00e9contract\u00e9es<\/strong> - Parfait pour les brunchs, les rendez-vous au caf\u00e9 et les activit\u00e9s du week-end.<\/p>\n<\/li>\n<li data-start=\"3518\" data-end=\"3608\">\n<p data-start=\"3520\" data-end=\"3608\"><strong data-start=\"3520\" data-end=\"3530\">Voyage<\/strong> - Suffisamment compact pour \u00eatre transport\u00e9, il est n\u00e9anmoins spacieux et permet de ranger les objets essentiels en toute s\u00e9curit\u00e9.<\/p>\n<\/li>\n<\/ul>\n<p>Si vous \u00eates int\u00e9ress\u00e9(e) par ce sac \u00e0 main, veuillez <strong data-start=\"3637\" data-end=\"3671\">contactez-nous pour demander un \u00e9chantillon<\/strong>. <strong data-start=\"3673\" data-end=\"3708\">Des services ODM et OEM sont propos\u00e9s<\/strong>permettant une personnalisation pour r\u00e9pondre aux besoins sp\u00e9cifiques de la marque et du march\u00e9.<\/p>","protected":false},"excerpt":{"rendered":"<p>Les <strong data-start=\"108\" data-end=\"188\">Sac \u00e0 main en PU Vegan avec impression d'alligator vert pour femmes - Summer &amp; Autumn Luxe<\/strong> a \u00e9t\u00e9 con\u00e7u pour allier style et praticit\u00e9. Ce sac \u00e0 main est produit sous la <strong data-start=\"277\" data-end=\"287\">RONEER<\/strong> Ce sac \u00e0 main a \u00e9t\u00e9 con\u00e7u pour r\u00e9pondre aux besoins des femmes modernes qui accordent de l'importance \u00e0 la mode et \u00e0 la fonctionnalit\u00e9. D'un style contemporain et minimaliste, il a \u00e9t\u00e9 soigneusement con\u00e7u pour offrir un grand espace de rangement sans compromettre l'\u00e9l\u00e9gance.<\/p>","protected":false},"featured_media":1016,"comment_status":"open","ping_status":"closed","template":"","meta":{"site-sidebar-layout":"default","site-content-layout":"","ast-site-content-layout":"default","site-content-style":"default","site-sidebar-style":"default","ast-global-header-display":"","ast-banner-title-visibility":"","ast-main-header-display":"","ast-hfb-above-header-display":"","ast-hfb-below-header-display":"","ast-hfb-mobile-header-display":"","site-post-title":"","ast-breadcrumbs-content":"","ast-featured-img":"","footer-sml-layout":"","ast-disable-related-posts":"","theme-transparent-header-meta":"default","adv-header-id-meta":"","stick-header-meta":"","header-above-stick-meta":"","header-main-stick-meta":"","header-below-stick-meta":"","astra-migrate-meta-layouts":"set","ast-page-background-enabled":"default","ast-page-background-meta":{"desktop":{"background-color":"var(--ast-global-color-5)","background-image":"","background-repeat":"repeat","background-position":"center center","background-size":"auto","background-attachment":"scroll","background-type":"","background-media":"","overlay-type":"","overlay-color":"","overlay-opacity":"","overlay-gradient":""},"tablet":{"background-color":"","background-image":"","background-repeat":"repeat","background-position":"center center","background-size":"auto","background-attachment":"scroll","background-type":"","background-media":"","overlay-type":"","overlay-color":"","overlay-opacity":"","overlay-gradient":""},"mobile":{"background-color":"","background-image":"","background-repeat":"repeat","background-position":"center center","background-size":"auto","background-attachment":"scroll","background-type":"","background-media":"","overlay-type":"","overlay-color":"","overlay-opacity":"","overlay-gradient":""}},"ast-content-background-meta":{"desktop":{"background-color":"var(--ast-global-color-4)","background-image":"","background-repeat":"repeat","background-position":"center center","background-size":"auto","background-attachment":"scroll","background-type":"","background-media":"","overlay-type":"","overlay-color":"","overlay-opacity":"","overlay-gradient":""},"tablet":{"background-color":"var(--ast-global-color-4)","background-image":"","background-repeat":"repeat","background-position":"center center","background-size":"auto","background-attachment":"scroll","background-type":"","background-media":"","overlay-type":"","overlay-color":"","overlay-opacity":"","overlay-gradient":""},"mobile":{"background-color":"var(--ast-global-color-4)","background-image":"","background-repeat":"repeat","background-position":"center center","background-size":"auto","background-attachment":"scroll","background-type":"","background-media":"","overlay-type":"","overlay-color":"","overlay-opacity":"","overlay-gradient":""}}},"product_brand":[],"product_cat":[42,54],"product_tag":[],"class_list":{"0":"post-1011","1":"product","2":"type-product","3":"status-publish","4":"has-post-thumbnail","6":"product_cat-hand-bag","7":"product_cat-womens-bag","8":"desktop-align-left","9":"tablet-align-left","10":"mobile-align-left","12":"first","13":"instock","14":"shipping-taxable","15":"product-type-simple"},"_links":{"self":[{"href":"https:\/\/baijiabags.com\/fr\/wp-json\/wp\/v2\/product\/1011","targetHints":{"allow":["GET"]}}],"collection":[{"href":"https:\/\/baijiabags.com\/fr\/wp-json\/wp\/v2\/product"}],"about":[{"href":"https:\/\/baijiabags.com\/fr\/wp-json\/wp\/v2\/types\/product"}],"replies":[{"embeddable":true,"href":"https:\/\/baijiabags.com\/fr\/wp-json\/wp\/v2\/comments?post=1011"}],"wp:featuredmedia":[{"embeddable":true,"href":"https:\/\/baijiabags.com\/fr\/wp-json\/wp\/v2\/media\/1016"}],"wp:attachment":[{"href":"https:\/\/baijiabags.com\/fr\/wp-json\/wp\/v2\/media?parent=1011"}],"wp:term":[{"taxonomy":"product_brand","embeddable":true,"href":"https:\/\/baijiabags.com\/fr\/wp-json\/wp\/v2\/product_brand?post=1011"},{"taxonomy":"product_cat","embeddable":true,"href":"https:\/\/baijiabags.com\/fr\/wp-json\/wp\/v2\/product_cat?post=1011"},{"taxonomy":"product_tag","embeddable":true,"href":"https:\/\/baijiabags.com\/fr\/wp-json\/wp\/v2\/product_tag?post=1011"}],"curies":[{"name":"wp","href":"https:\/\/api.w.org\/{rel}","templated":true}]}}