{"id":1003,"date":"2025-09-09T07:21:38","date_gmt":"2025-09-09T07:21:38","guid":{"rendered":"https:\/\/baijiabags.com\/?post_type=product&#038;p=1003"},"modified":"2025-11-01T01:22:37","modified_gmt":"2025-11-01T01:22:37","slug":"roneer-ladies-handbag-fashion-simple-style-pu-tote-bag","status":"publish","type":"product","link":"https:\/\/baijiabags.com\/fr\/produit\/roneer-ladies-handbag-fashion-simple-style-pu-tote-bag\/","title":{"rendered":"RONEER Ladies Handbag Fashion Simple Style PU Tote Bag"},"content":{"rendered":"<h2 data-start=\"807\" data-end=\"824\">Caract\u00e9ristiques principales<\/h2>\n<ol data-start=\"825\" data-end=\"1803\">\n<li data-start=\"825\" data-end=\"943\">\n<p data-start=\"828\" data-end=\"943\"><strong data-start=\"828\" data-end=\"857\">Design de mode minimaliste<\/strong> - Une apparence propre et \u00e9l\u00e9gante a \u00e9t\u00e9 soulign\u00e9e pour compl\u00e9ter diff\u00e9rentes tenues.<\/p>\n<\/li>\n<li data-start=\"944\" data-end=\"1071\">\n<p data-start=\"947\" data-end=\"1071\"><strong data-start=\"947\" data-end=\"970\">Mati\u00e8re PU durable<\/strong> - Le cuir synth\u00e9tique de haute qualit\u00e9 a \u00e9t\u00e9 choisi pour r\u00e9sister \u00e0 l'usure et conserver sa forme.<\/p>\n<\/li>\n<li data-start=\"1072\" data-end=\"1188\">\n<p data-start=\"1075\" data-end=\"1188\"><strong data-start=\"1075\" data-end=\"1103\">Construction l\u00e9g\u00e8re<\/strong> - A seulement <strong data-start=\"1114\" data-end=\"1125\">0,72 kg<\/strong>Le sac \u00e0 main a \u00e9t\u00e9 rendu facile \u00e0 porter tout au long de la journ\u00e9e.<\/p>\n<\/li>\n<li data-start=\"1189\" data-end=\"1323\">\n<p data-start=\"1192\" data-end=\"1323\"><strong data-start=\"1192\" data-end=\"1212\">Stockage spacieux<\/strong> - Un grand compartiment a \u00e9t\u00e9 pr\u00e9vu pour accueillir les objets indispensables \u00e0 la vie quotidienne, notamment les appareils \u00e9lectroniques et les magazines.<\/p>\n<\/li>\n<li data-start=\"1324\" data-end=\"1425\">\n<p data-start=\"1327\" data-end=\"1425\"><strong data-start=\"1327\" data-end=\"1354\">Options de port polyvalentes<\/strong> - Le sac \u00e0 main a \u00e9t\u00e9 con\u00e7u pour \u00eatre port\u00e9 \u00e0 la main ou au bras.<\/p>\n<\/li>\n<li data-start=\"1426\" data-end=\"1566\">\n<p data-start=\"1429\" data-end=\"1566\"><strong data-start=\"1429\" data-end=\"1453\">Dimensions pratiques<\/strong> - Avec une taille de <strong data-start=\"1471\" data-end=\"1490\">13,5 cm \u00d7 35 cm<\/strong>Le sac a \u00e9t\u00e9 proportionn\u00e9 pour \u00eatre pratique au quotidien sans \u00eatre encombrant.<\/p>\n<\/li>\n<li data-start=\"1567\" data-end=\"1683\">\n<p data-start=\"1570\" data-end=\"1683\"><strong data-start=\"1570\" data-end=\"1587\">Couleur neutre<\/strong> - Une couleur unie blanche classique a \u00e9t\u00e9 choisie pour s'harmoniser sans effort avec les styles vestimentaires.<\/p>\n<\/li>\n<li data-start=\"1684\" data-end=\"1803\">\n<p data-start=\"1687\" data-end=\"1803\"><strong data-start=\"1687\" data-end=\"1707\">Emballage s\u00e9curis\u00e9<\/strong> - Chaque sac a \u00e9t\u00e9 emball\u00e9 individuellement dans un carton de protection mesurant <strong data-start=\"1781\" data-end=\"1800\">45 \u00d7 32 \u00d7 15 cm<\/strong>.<\/p>\n<\/li>\n<\/ol>\n<figure id=\"attachment_1098\" aria-describedby=\"caption-attachment-1098\" style=\"width: 750px\" class=\"wp-caption aligncenter\"><img fetchpriority=\"high\" decoding=\"async\" class=\"wp-image-1098 size-full\" src=\"https:\/\/baijiabags.com\/wp-content\/uploads\/2025\/09\/EBG19723-4.png\" alt=\"EBG19723 \" width=\"750\" height=\"668\" srcset=\"https:\/\/baijiabags.com\/wp-content\/uploads\/2025\/09\/EBG19723-4.png 750w, https:\/\/baijiabags.com\/wp-content\/uploads\/2025\/09\/EBG19723-4-300x267.png 300w, https:\/\/baijiabags.com\/wp-content\/uploads\/2025\/09\/EBG19723-4-600x534.png 600w\" sizes=\"(max-width: 750px) 100vw, 750px\" \/><figcaption id=\"caption-attachment-1098\" class=\"wp-caption-text\">EBG19723<\/figcaption><\/figure>\n<h2 data-start=\"1805\" data-end=\"1824\">Sp\u00e9cifications<\/h2>\n<div class=\"_tableContainer_1rjym_1\">\n<div class=\"_tableWrapper_1rjym_13 group flex w-fit flex-col-reverse\" tabindex=\"-1\">\n<table class=\"w-fit min-w-(--thread-content-width)\" data-start=\"1826\" data-end=\"2819\">\n<thead data-start=\"1826\" data-end=\"1890\">\n<tr data-start=\"1826\" data-end=\"1890\">\n<th data-start=\"1826\" data-end=\"1851\" data-col-size=\"sm\"><strong data-start=\"1828\" data-end=\"1841\">Param\u00e8tres<\/strong><\/th>\n<th data-start=\"1851\" data-end=\"1890\" data-col-size=\"md\"><strong data-start=\"1853\" data-end=\"1868\">Description<\/strong><\/th>\n<\/tr>\n<\/thead>\n<tbody data-start=\"1957\" data-end=\"2819\">\n<tr data-start=\"1957\" data-end=\"2021\">\n<td data-start=\"1957\" data-end=\"1983\" data-col-size=\"sm\">Nom du produit<\/td>\n<td data-start=\"1983\" data-end=\"2021\" data-col-size=\"md\">Sac \u00e0 main pour dame<\/td>\n<\/tr>\n<tr data-start=\"2022\" data-end=\"2086\">\n<td data-start=\"2022\" data-end=\"2048\" data-col-size=\"sm\">Marque<\/td>\n<td data-start=\"2048\" data-end=\"2086\" data-col-size=\"md\">RONEER<\/td>\n<\/tr>\n<tr data-start=\"2087\" data-end=\"2151\">\n<td data-start=\"2087\" data-end=\"2113\" data-col-size=\"sm\">Mod\u00e8le<\/td>\n<td data-start=\"2113\" data-end=\"2151\" data-col-size=\"md\">EBG19723<\/td>\n<\/tr>\n<tr data-start=\"2152\" data-end=\"2216\">\n<td data-start=\"2152\" data-end=\"2178\" data-col-size=\"sm\">Style<\/td>\n<td data-start=\"2178\" data-end=\"2216\" data-col-size=\"md\">Mode simple<\/td>\n<\/tr>\n<tr data-start=\"2217\" data-end=\"2281\">\n<td data-start=\"2217\" data-end=\"2243\" data-col-size=\"sm\">Dimensions<\/td>\n<td data-start=\"2243\" data-end=\"2281\" data-col-size=\"md\">13,5 cm \u00d7 35 cm<\/td>\n<\/tr>\n<tr data-start=\"2282\" data-end=\"2346\">\n<td data-start=\"2282\" data-end=\"2308\" data-col-size=\"sm\">Poids<\/td>\n<td data-start=\"2308\" data-end=\"2346\" data-col-size=\"md\">0,72 kg<\/td>\n<\/tr>\n<tr data-start=\"2347\" data-end=\"2411\">\n<td data-start=\"2347\" data-end=\"2373\" data-col-size=\"sm\">Mat\u00e9riau<\/td>\n<td data-start=\"2373\" data-end=\"2411\" data-col-size=\"md\">PU (Polyur\u00e9thane)<\/td>\n<\/tr>\n<tr data-start=\"2412\" data-end=\"2476\">\n<td data-start=\"2412\" data-end=\"2438\" data-col-size=\"sm\">Origine<\/td>\n<td data-start=\"2438\" data-end=\"2476\" data-col-size=\"md\">Guangdong, Chine<\/td>\n<\/tr>\n<tr data-start=\"2477\" data-end=\"2541\">\n<td data-start=\"2477\" data-end=\"2503\" data-col-size=\"sm\">Couleur<\/td>\n<td data-start=\"2503\" data-end=\"2541\" data-col-size=\"md\">Blanc, solide<\/td>\n<\/tr>\n<tr data-start=\"2542\" data-end=\"2606\">\n<td data-start=\"2542\" data-end=\"2568\" data-col-size=\"sm\">M\u00e9thode de portage<\/td>\n<td data-start=\"2568\" data-end=\"2606\" data-col-size=\"md\">Portage \u00e0 la main \/ au bras<\/td>\n<\/tr>\n<tr data-start=\"2607\" data-end=\"2689\">\n<td data-start=\"2607\" data-end=\"2633\" data-col-size=\"sm\">Capacit\u00e9<\/td>\n<td data-start=\"2633\" data-end=\"2689\" data-col-size=\"md\">Convient pour un magazine A4, un iPad, un parapluie, des cosm\u00e9tiques, un t\u00e9l\u00e9phone<\/td>\n<\/tr>\n<tr data-start=\"2690\" data-end=\"2754\">\n<td data-start=\"2690\" data-end=\"2716\" data-col-size=\"sm\">MOQ<\/td>\n<td data-start=\"2716\" data-end=\"2754\" data-col-size=\"md\">300<\/td>\n<\/tr>\n<\/tbody>\n<\/table>\n<\/div>\n<\/div>\n<h2 data-start=\"2821\" data-end=\"2838\">Applications<\/h2>\n<ul data-start=\"2905\" data-end=\"3265\">\n<li data-start=\"2905\" data-end=\"2990\">\n<p data-start=\"2907\" data-end=\"2990\"><strong data-start=\"2907\" data-end=\"2919\">Achats<\/strong> - Suffisamment spacieux pour contenir les objets essentiels lors de sorties d\u00e9contract\u00e9es.<\/p>\n<\/li>\n<li data-start=\"2991\" data-end=\"3080\">\n<p data-start=\"2993\" data-end=\"3080\"><strong data-start=\"2993\" data-end=\"3001\">Travail<\/strong> - Convient au transport d'articles de bureau tels que les tablettes, les ordinateurs portables et les documents.<\/p>\n<\/li>\n<li data-start=\"3081\" data-end=\"3180\">\n<p data-start=\"3083\" data-end=\"3180\"><strong data-start=\"3083\" data-end=\"3093\">Voyage<\/strong> - Pratique pour les voyages de courte dur\u00e9e, elle offre un espace de rangement pour les documents de voyage et les accessoires.<\/p>\n<\/li>\n<li data-start=\"3181\" data-end=\"3265\">\n<p data-start=\"3183\" data-end=\"3265\"><strong data-start=\"3183\" data-end=\"3196\">Utilisation quotidienne<\/strong> - Id\u00e9al pour les styles de vie urbains, alliant mode et praticit\u00e9.<\/p>\n<\/li>\n<\/ul>\n<p>Si vous \u00eates int\u00e9ress\u00e9(e) par ce sac \u00e0 main, veuillez <strong data-start=\"3637\" data-end=\"3671\">contactez-nous pour demander un \u00e9chantillon<\/strong>. <strong data-start=\"3673\" data-end=\"3708\">Des services ODM et OEM sont propos\u00e9s<\/strong>permettant une personnalisation pour r\u00e9pondre aux besoins sp\u00e9cifiques de la marque et du march\u00e9.<\/p>","protected":false},"excerpt":{"rendered":"<p>Le sac \u00e0 main de la dame par <strong data-start=\"299\" data-end=\"309\">RONEER<\/strong> a \u00e9t\u00e9 con\u00e7u dans un style moderne et minimaliste qui renforce \u00e0 la fois l'aspect pratique et l'attrait de la mode. Le mod\u00e8le <strong data-start=\"425\" data-end=\"437\">EBG19723<\/strong> est fabriqu\u00e9 en PU de haute qualit\u00e9 pour garantir sa durabilit\u00e9 et sa l\u00e9g\u00e8ret\u00e9. D'une grande capacit\u00e9, le sac a \u00e9t\u00e9 con\u00e7u pour accueillir des articles essentiels au quotidien, tels qu'un magazine A4, un iPad, un smartphone, un parapluie pliant, des produits de beaut\u00e9, etc. Une m\u00e9thode de transport polyvalente a \u00e9t\u00e9 pr\u00e9vue, permettant au sac d'\u00eatre tenu \u00e0 la main ou port\u00e9 \u00e0 bout de bras.<\/p>","protected":false},"featured_media":1004,"comment_status":"open","ping_status":"closed","template":"","meta":{"site-sidebar-layout":"default","site-content-layout":"","ast-site-content-layout":"default","site-content-style":"default","site-sidebar-style":"default","ast-global-header-display":"","ast-banner-title-visibility":"","ast-main-header-display":"","ast-hfb-above-header-display":"","ast-hfb-below-header-display":"","ast-hfb-mobile-header-display":"","site-post-title":"","ast-breadcrumbs-content":"","ast-featured-img":"","footer-sml-layout":"","ast-disable-related-posts":"","theme-transparent-header-meta":"default","adv-header-id-meta":"","stick-header-meta":"","header-above-stick-meta":"","header-main-stick-meta":"","header-below-stick-meta":"","astra-migrate-meta-layouts":"set","ast-page-background-enabled":"default","ast-page-background-meta":{"desktop":{"background-color":"var(--ast-global-color-5)","background-image":"","background-repeat":"repeat","background-position":"center center","background-size":"auto","background-attachment":"scroll","background-type":"","background-media":"","overlay-type":"","overlay-color":"","overlay-opacity":"","overlay-gradient":""},"tablet":{"background-color":"","background-image":"","background-repeat":"repeat","background-position":"center center","background-size":"auto","background-attachment":"scroll","background-type":"","background-media":"","overlay-type":"","overlay-color":"","overlay-opacity":"","overlay-gradient":""},"mobile":{"background-color":"","background-image":"","background-repeat":"repeat","background-position":"center center","background-size":"auto","background-attachment":"scroll","background-type":"","background-media":"","overlay-type":"","overlay-color":"","overlay-opacity":"","overlay-gradient":""}},"ast-content-background-meta":{"desktop":{"background-color":"var(--ast-global-color-4)","background-image":"","background-repeat":"repeat","background-position":"center center","background-size":"auto","background-attachment":"scroll","background-type":"","background-media":"","overlay-type":"","overlay-color":"","overlay-opacity":"","overlay-gradient":""},"tablet":{"background-color":"var(--ast-global-color-4)","background-image":"","background-repeat":"repeat","background-position":"center center","background-size":"auto","background-attachment":"scroll","background-type":"","background-media":"","overlay-type":"","overlay-color":"","overlay-opacity":"","overlay-gradient":""},"mobile":{"background-color":"var(--ast-global-color-4)","background-image":"","background-repeat":"repeat","background-position":"center center","background-size":"auto","background-attachment":"scroll","background-type":"","background-media":"","overlay-type":"","overlay-color":"","overlay-opacity":"","overlay-gradient":""}}},"product_brand":[],"product_cat":[42,54],"product_tag":[],"class_list":{"0":"post-1003","1":"product","2":"type-product","3":"status-publish","4":"has-post-thumbnail","6":"product_cat-hand-bag","7":"product_cat-womens-bag","8":"desktop-align-left","9":"tablet-align-left","10":"mobile-align-left","12":"first","13":"instock","14":"shipping-taxable","15":"product-type-simple"},"_links":{"self":[{"href":"https:\/\/baijiabags.com\/fr\/wp-json\/wp\/v2\/product\/1003","targetHints":{"allow":["GET"]}}],"collection":[{"href":"https:\/\/baijiabags.com\/fr\/wp-json\/wp\/v2\/product"}],"about":[{"href":"https:\/\/baijiabags.com\/fr\/wp-json\/wp\/v2\/types\/product"}],"replies":[{"embeddable":true,"href":"https:\/\/baijiabags.com\/fr\/wp-json\/wp\/v2\/comments?post=1003"}],"wp:featuredmedia":[{"embeddable":true,"href":"https:\/\/baijiabags.com\/fr\/wp-json\/wp\/v2\/media\/1004"}],"wp:attachment":[{"href":"https:\/\/baijiabags.com\/fr\/wp-json\/wp\/v2\/media?parent=1003"}],"wp:term":[{"taxonomy":"product_brand","embeddable":true,"href":"https:\/\/baijiabags.com\/fr\/wp-json\/wp\/v2\/product_brand?post=1003"},{"taxonomy":"product_cat","embeddable":true,"href":"https:\/\/baijiabags.com\/fr\/wp-json\/wp\/v2\/product_cat?post=1003"},{"taxonomy":"product_tag","embeddable":true,"href":"https:\/\/baijiabags.com\/fr\/wp-json\/wp\/v2\/product_tag?post=1003"}],"curies":[{"name":"wp","href":"https:\/\/api.w.org\/{rel}","templated":true}]}}