{"id":5645,"date":"2026-03-04T06:56:57","date_gmt":"2026-03-04T06:56:57","guid":{"rendered":"https:\/\/baijiabags.com\/?post_type=product&#038;p=5645"},"modified":"2026-03-04T06:56:57","modified_gmt":"2026-03-04T06:56:57","slug":"custom-logo-women-nylon-backpack-large-capacity-casual-daypack-factory","status":"publish","type":"product","link":"https:\/\/baijiabags.com\/es\/producto\/custom-logo-women-nylon-backpack-large-capacity-casual-daypack-factory\/","title":{"rendered":"Logotipo personalizado Mujeres Mochila de nylon de gran capacidad Casual Daypack Factory"},"content":{"rendered":"<h2 data-start=\"844\" data-end=\"859\">Caracter\u00edsticas principales<\/h2>\n<ol data-start=\"861\" data-end=\"1895\">\n<li data-start=\"861\" data-end=\"976\">\n<p data-start=\"864\" data-end=\"976\"><strong data-start=\"864\" data-end=\"894\">Construcci\u00f3n duradera de nylon:<\/strong>El tejido de nailon de alta densidad mejora la resistencia al desgarro y la durabilidad a largo plazo.<\/p>\n<\/li>\n<li data-start=\"978\" data-end=\"1124\">\n<p data-start=\"981\" data-end=\"1124\"><strong data-start=\"981\" data-end=\"1003\">Dise\u00f1o ligero:<\/strong>La bolsa mantiene un perfil ligero (aprox. 0,45-0,6 kg en funci\u00f3n de la personalizaci\u00f3n), lo que reduce la tensi\u00f3n en los hombros.<\/p>\n<\/li>\n<li data-start=\"1126\" data-end=\"1287\">\n<p data-start=\"1129\" data-end=\"1287\"><strong data-start=\"1129\" data-end=\"1157\">Estructura de gran capacidad:<\/strong>En el compartimento principal caben objetos de uso diario como tabletas, carteras, cosm\u00e9ticos, cuadernos y accesorios personales.<\/p>\n<\/li>\n<li data-start=\"1289\" data-end=\"1413\">\n<p data-start=\"1292\" data-end=\"1413\"><strong data-start=\"1292\" data-end=\"1315\">Servicio de logotipos personalizados:<\/strong>Las opciones de impresi\u00f3n de logotipo, bordado, etiqueta tejida o placa met\u00e1lica permiten la creaci\u00f3n de marcas OEM y ODM.<\/p>\n<\/li>\n<li data-start=\"1415\" data-end=\"1521\">\n<p data-start=\"1418\" data-end=\"1521\"><strong data-start=\"1418\" data-end=\"1448\">Tirantes ajustables:<\/strong>Las correas ajustables reforzadas mejoran la comodidad y la distribuci\u00f3n de la carga.<\/p>\n<\/li>\n<li data-start=\"1523\" data-end=\"1656\">\n<p data-start=\"1526\" data-end=\"1656\"><strong data-start=\"1526\" data-end=\"1551\">M\u00faltiples compartimentos:<\/strong>El bolsillo interior con cremallera, el bolsillo portaobjetos y el bolsillo frontal con cremallera ayudan a organizar eficazmente los objetos peque\u00f1os.<\/p>\n<\/li>\n<li data-start=\"1658\" data-end=\"1773\">\n<p data-start=\"1661\" data-end=\"1773\"><strong data-start=\"1661\" data-end=\"1688\">Superficie resistente al agua:<\/strong>El exterior de nailon repele la lluvia ligera y protege las pertenencias durante los desplazamientos diarios.<\/p>\n<\/li>\n<li data-start=\"1775\" data-end=\"1895\">\n<p data-start=\"1778\" data-end=\"1895\"><strong data-start=\"1778\" data-end=\"1808\">Colores y tama\u00f1o personalizables:<\/strong>La coincidencia de colores Pantone y los ajustes dimensionales favorecen la diferenciaci\u00f3n de la marca.<\/p>\n<\/li>\n<\/ol>\n<h2 data-start=\"1902\" data-end=\"1919\">Especificaciones<\/h2>\n<div class=\"TyagGW_tableContainer\">\n<div class=\"group TyagGW_tableWrapper flex flex-col-reverse w-fit\" tabindex=\"-1\">\n<table class=\"w-fit min-w-(--thread-content-width)\" data-start=\"1921\" data-end=\"2362\">\n<thead data-start=\"1921\" data-end=\"1939\">\n<tr data-start=\"1921\" data-end=\"1939\">\n<th class=\"\" data-start=\"1921\" data-end=\"1928\" data-col-size=\"sm\">Art\u00edculo<\/th>\n<th class=\"\" data-start=\"1928\" data-end=\"1939\" data-col-size=\"sm\">Detalles<\/th>\n<\/tr>\n<\/thead>\n<tbody data-start=\"1960\" data-end=\"2362\">\n<tr data-start=\"1960\" data-end=\"1999\">\n<td data-start=\"1960\" data-end=\"1975\" data-col-size=\"sm\">Nombre del producto<\/td>\n<td data-start=\"1975\" data-end=\"1999\" data-col-size=\"sm\">Mochila de nylon para mujer<\/td>\n<\/tr>\n<tr data-start=\"2000\" data-end=\"2018\">\n<td data-start=\"2000\" data-end=\"2008\" data-col-size=\"sm\">Marca<\/td>\n<td data-start=\"2008\" data-end=\"2018\" data-col-size=\"sm\">RONEER<\/td>\n<\/tr>\n<tr data-start=\"2019\" data-end=\"2042\">\n<td data-start=\"2019\" data-end=\"2031\" data-col-size=\"sm\">N\u00ba de modelo<\/td>\n<td data-start=\"2031\" data-end=\"2042\" data-col-size=\"sm\">GB-6058<\/td>\n<\/tr>\n<tr data-start=\"2043\" data-end=\"2072\">\n<td data-start=\"2043\" data-end=\"2052\" data-col-size=\"sm\">Origen<\/td>\n<td data-start=\"2052\" data-end=\"2072\" data-col-size=\"sm\">Guangdong, China<\/td>\n<\/tr>\n<tr data-start=\"2073\" data-end=\"2106\">\n<td data-start=\"2073\" data-end=\"2084\" data-col-size=\"sm\">Material<\/td>\n<td data-start=\"2084\" data-end=\"2106\" data-col-size=\"sm\">Nylon de alta densidad<\/td>\n<\/tr>\n<tr data-start=\"2107\" data-end=\"2147\">\n<td data-start=\"2107\" data-end=\"2114\" data-col-size=\"sm\">Talla<\/td>\n<td data-start=\"2114\" data-end=\"2147\" data-col-size=\"sm\">22 \u00d7 8 \u00d7 25 cm (personalizable)<\/td>\n<\/tr>\n<tr data-start=\"2148\" data-end=\"2182\">\n<td data-start=\"2148\" data-end=\"2159\" data-col-size=\"sm\">Capacidad<\/td>\n<td data-start=\"2159\" data-end=\"2182\" data-col-size=\"sm\">Aprox. 8-12 litros<\/td>\n<\/tr>\n<tr data-start=\"2183\" data-end=\"2215\">\n<td data-start=\"2183\" data-end=\"2192\" data-col-size=\"sm\">Peso<\/td>\n<td data-start=\"2192\" data-end=\"2215\" data-col-size=\"sm\">Aprox. 0,45-0,6 kg<\/td>\n<\/tr>\n<tr data-start=\"2216\" data-end=\"2239\">\n<td data-start=\"2216\" data-end=\"2223\" data-col-size=\"sm\">Logotipo<\/td>\n<td data-start=\"2223\" data-end=\"2239\" data-col-size=\"sm\">Personalizable<\/td>\n<\/tr>\n<tr data-start=\"2240\" data-end=\"2264\">\n<td data-start=\"2240\" data-end=\"2248\" data-col-size=\"sm\">Color<\/td>\n<td data-start=\"2248\" data-end=\"2264\" data-col-size=\"sm\">Personalizable<\/td>\n<\/tr>\n<tr data-start=\"2265\" data-end=\"2285\">\n<td data-start=\"2265\" data-end=\"2271\" data-col-size=\"sm\">MOQ<\/td>\n<td data-start=\"2271\" data-end=\"2285\" data-col-size=\"sm\">Negociable<\/td>\n<\/tr>\n<tr data-start=\"2286\" data-end=\"2335\">\n<td data-start=\"2286\" data-end=\"2298\" data-col-size=\"sm\">Embalaje<\/td>\n<td data-start=\"2298\" data-end=\"2335\" data-col-size=\"sm\">Negociable (bolsa OPP \/ caja personalizada)<\/td>\n<\/tr>\n<tr data-start=\"2336\" data-end=\"2362\">\n<td data-start=\"2336\" data-end=\"2344\" data-col-size=\"sm\">Estilo<\/td>\n<td data-start=\"2344\" data-end=\"2362\" data-col-size=\"sm\">Moda informal<\/td>\n<\/tr>\n<\/tbody>\n<\/table>\n<\/div>\n<\/div>\n<h2 data-start=\"2369\" data-end=\"2384\">Aplicaciones<\/h2>\n<ul data-start=\"2418\" data-end=\"2541\">\n<li data-start=\"2418\" data-end=\"2437\">\n<p data-start=\"2420\" data-end=\"2437\">Desplazamientos diarios<\/p>\n<\/li>\n<li data-start=\"2438\" data-end=\"2453\">\n<p data-start=\"2440\" data-end=\"2453\">Trabajo de oficina<\/p>\n<\/li>\n<li data-start=\"2454\" data-end=\"2477\">\n<p data-start=\"2456\" data-end=\"2477\">Paseos urbanos informales<\/p>\n<\/li>\n<li data-start=\"2478\" data-end=\"2503\">\n<p data-start=\"2480\" data-end=\"2503\">Viajes de corta distancia<\/p>\n<\/li>\n<li data-start=\"2504\" data-end=\"2516\">\n<p data-start=\"2506\" data-end=\"2516\">Compras<\/p>\n<\/li>\n<\/ul>\n<p>Si est\u00e1 interesado en esta mochila, p\u00f3ngase en contacto con nosotros para solicitar muestras. Disponemos de servicios ODM y OEM, y las especificaciones pueden modificarse seg\u00fan sus requisitos.<\/p>","protected":false},"excerpt":{"rendered":"<p>RONEER presenta un <strong data-start=\"115\" data-end=\"181\">Logotipo personalizado Mujeres Mochila de nylon de gran capacidad Casual Daypack<\/strong>dise\u00f1ada para mujeres modernas que valoran la practicidad y la moda. Esta mochila combina un material de nailon ligero con una silueta estructurada, lo que la hace adecuada para los desplazamientos diarios, los viajes cortos y las salidas informales.<\/p>","protected":false},"featured_media":5649,"comment_status":"open","ping_status":"closed","template":"","meta":{"site-sidebar-layout":"default","site-content-layout":"","ast-site-content-layout":"default","site-content-style":"default","site-sidebar-style":"default","ast-global-header-display":"","ast-banner-title-visibility":"","ast-main-header-display":"","ast-hfb-above-header-display":"","ast-hfb-below-header-display":"","ast-hfb-mobile-header-display":"","site-post-title":"","ast-breadcrumbs-content":"","ast-featured-img":"","footer-sml-layout":"","ast-disable-related-posts":"","theme-transparent-header-meta":"default","adv-header-id-meta":"","stick-header-meta":"","header-above-stick-meta":"","header-main-stick-meta":"","header-below-stick-meta":"","astra-migrate-meta-layouts":"set","ast-page-background-enabled":"default","ast-page-background-meta":{"desktop":{"background-color":"var(--ast-global-color-5)","background-image":"","background-repeat":"repeat","background-position":"center center","background-size":"auto","background-attachment":"scroll","background-type":"","background-media":"","overlay-type":"","overlay-color":"","overlay-opacity":"","overlay-gradient":""},"tablet":{"background-color":"","background-image":"","background-repeat":"repeat","background-position":"center center","background-size":"auto","background-attachment":"scroll","background-type":"","background-media":"","overlay-type":"","overlay-color":"","overlay-opacity":"","overlay-gradient":""},"mobile":{"background-color":"","background-image":"","background-repeat":"repeat","background-position":"center center","background-size":"auto","background-attachment":"scroll","background-type":"","background-media":"","overlay-type":"","overlay-color":"","overlay-opacity":"","overlay-gradient":""}},"ast-content-background-meta":{"desktop":{"background-color":"var(--ast-global-color-4)","background-image":"","background-repeat":"repeat","background-position":"center center","background-size":"auto","background-attachment":"scroll","background-type":"","background-media":"","overlay-type":"","overlay-color":"","overlay-opacity":"","overlay-gradient":""},"tablet":{"background-color":"var(--ast-global-color-4)","background-image":"","background-repeat":"repeat","background-position":"center center","background-size":"auto","background-attachment":"scroll","background-type":"","background-media":"","overlay-type":"","overlay-color":"","overlay-opacity":"","overlay-gradient":""},"mobile":{"background-color":"var(--ast-global-color-4)","background-image":"","background-repeat":"repeat","background-position":"center center","background-size":"auto","background-attachment":"scroll","background-type":"","background-media":"","overlay-type":"","overlay-color":"","overlay-opacity":"","overlay-gradient":""}}},"product_brand":[],"product_cat":[21],"product_tag":[],"class_list":{"0":"post-5645","1":"product","2":"type-product","3":"status-publish","4":"has-post-thumbnail","6":"product_cat-backpack","7":"desktop-align-left","8":"tablet-align-left","9":"mobile-align-left","11":"first","12":"instock","13":"shipping-taxable","14":"product-type-simple"},"_links":{"self":[{"href":"https:\/\/baijiabags.com\/es\/wp-json\/wp\/v2\/product\/5645","targetHints":{"allow":["GET"]}}],"collection":[{"href":"https:\/\/baijiabags.com\/es\/wp-json\/wp\/v2\/product"}],"about":[{"href":"https:\/\/baijiabags.com\/es\/wp-json\/wp\/v2\/types\/product"}],"replies":[{"embeddable":true,"href":"https:\/\/baijiabags.com\/es\/wp-json\/wp\/v2\/comments?post=5645"}],"wp:featuredmedia":[{"embeddable":true,"href":"https:\/\/baijiabags.com\/es\/wp-json\/wp\/v2\/media\/5649"}],"wp:attachment":[{"href":"https:\/\/baijiabags.com\/es\/wp-json\/wp\/v2\/media?parent=5645"}],"wp:term":[{"taxonomy":"product_brand","embeddable":true,"href":"https:\/\/baijiabags.com\/es\/wp-json\/wp\/v2\/product_brand?post=5645"},{"taxonomy":"product_cat","embeddable":true,"href":"https:\/\/baijiabags.com\/es\/wp-json\/wp\/v2\/product_cat?post=5645"},{"taxonomy":"product_tag","embeddable":true,"href":"https:\/\/baijiabags.com\/es\/wp-json\/wp\/v2\/product_tag?post=5645"}],"curies":[{"name":"wp","href":"https:\/\/api.w.org\/{rel}","templated":true}]}}