{"id":5340,"date":"2026-01-08T06:15:35","date_gmt":"2026-01-08T06:15:35","guid":{"rendered":"https:\/\/baijiabags.com\/?post_type=product&#038;p=5340"},"modified":"2026-01-08T06:15:35","modified_gmt":"2026-01-08T06:15:35","slug":"factory-wholesale-handbag-designed-for-oem-odm-private-label","status":"publish","type":"product","link":"https:\/\/baijiabags.com\/es\/producto\/factory-wholesale-handbag-designed-for-oem-odm-private-label\/","title":{"rendered":"Bolso al por mayor de la f\u00e1brica dise\u00f1ado para la etiqueta privada de OEM\/ODM"},"content":{"rendered":"<h2 data-start=\"950\" data-end=\"966\">Caracter\u00edsticas principales<\/h2>\n<ol>\n<li data-start=\"969\" data-end=\"1060\">Admite programas de marcas propias OEM y ODM para propietarios de marcas, mayoristas y distribuidores.<\/li>\n<li data-start=\"1063\" data-end=\"1149\">Dise\u00f1o orientado a la moda, adecuado para la vida diaria, las compras y los viajes de corta distancia<\/li>\n<li data-start=\"1152\" data-end=\"1203\">Estructura duradera dise\u00f1ada para un uso diario repetido<\/li>\n<li data-start=\"1206\" data-end=\"1288\">Opciones de logotipo personalizables, como gofrado, impresi\u00f3n o enganches met\u00e1licos para el logotipo<\/li>\n<li data-start=\"1291\" data-end=\"1358\">Personalizaci\u00f3n flexible del tama\u00f1o para satisfacer los distintos requisitos del mercado<\/li>\n<li data-start=\"1361\" data-end=\"1432\">M\u00faltiples opciones de color disponibles basadas en Pantone o referencias del comprador<\/li>\n<li data-start=\"1435\" data-end=\"1509\">Suave distribuci\u00f3n interior que permite guardar objetos personales de forma organizada<\/li>\n<li data-start=\"1512\" data-end=\"1598\">MOQ negociable para dar soporte tanto a peque\u00f1os pedidos de prueba como a proyectos mayoristas a gran escala.<\/li>\n<\/ol>\n<h2 data-start=\"1605\" data-end=\"1623\">Especificaciones<\/h2>\n<div class=\"TyagGW_tableContainer\">\n<div class=\"group TyagGW_tableWrapper flex w-fit flex-col-reverse\" tabindex=\"-1\">\n<table class=\"w-fit min-w-(--thread-content-width)\" data-start=\"1732\" data-end=\"2187\">\n<thead data-start=\"1732\" data-end=\"1754\">\n<tr data-start=\"1732\" data-end=\"1754\">\n<th data-start=\"1732\" data-end=\"1739\" data-col-size=\"sm\">Art\u00edculo<\/th>\n<th data-start=\"1739\" data-end=\"1754\" data-col-size=\"sm\">Descripci\u00f3n<\/th>\n<\/tr>\n<\/thead>\n<tbody data-start=\"1778\" data-end=\"2187\">\n<tr data-start=\"1778\" data-end=\"1804\">\n<td data-start=\"1778\" data-end=\"1793\" data-col-size=\"sm\">Nombre del producto<\/td>\n<td data-col-size=\"sm\" data-start=\"1793\" data-end=\"1804\">Bolso<\/td>\n<\/tr>\n<tr data-start=\"1805\" data-end=\"1823\">\n<td data-start=\"1805\" data-end=\"1813\" data-col-size=\"sm\">Marca<\/td>\n<td data-col-size=\"sm\" data-start=\"1813\" data-end=\"1823\">RONEER<\/td>\n<\/tr>\n<tr data-start=\"1824\" data-end=\"1848\">\n<td data-start=\"1824\" data-end=\"1839\" data-col-size=\"sm\">N\u00famero de modelo<\/td>\n<td data-col-size=\"sm\" data-start=\"1839\" data-end=\"1848\">6602S<\/td>\n<\/tr>\n<tr data-start=\"1849\" data-end=\"1868\">\n<td data-start=\"1849\" data-end=\"1857\" data-col-size=\"sm\">Estilo<\/td>\n<td data-col-size=\"sm\" data-start=\"1857\" data-end=\"1868\">Moda<\/td>\n<\/tr>\n<tr data-start=\"1869\" data-end=\"1898\">\n<td data-start=\"1869\" data-end=\"1878\" data-col-size=\"sm\">Origen<\/td>\n<td data-col-size=\"sm\" data-start=\"1878\" data-end=\"1898\">Guangdong, China<\/td>\n<\/tr>\n<tr data-start=\"1899\" data-end=\"1953\">\n<td data-start=\"1899\" data-end=\"1910\" data-col-size=\"sm\">Material<\/td>\n<td data-start=\"1910\" data-end=\"1953\" data-col-size=\"sm\">Cuero PU \/ Cuero aut\u00e9ntico (opcional)<\/td>\n<\/tr>\n<tr data-start=\"1954\" data-end=\"1983\">\n<td data-start=\"1954\" data-end=\"1963\" data-col-size=\"sm\">Forro<\/td>\n<td data-col-size=\"sm\" data-start=\"1963\" data-end=\"1983\">Tejido de poli\u00e9ster<\/td>\n<\/tr>\n<tr data-start=\"1984\" data-end=\"2007\">\n<td data-start=\"1984\" data-end=\"1991\" data-col-size=\"sm\">Talla<\/td>\n<td data-col-size=\"sm\" data-start=\"1991\" data-end=\"2007\">Personalizable<\/td>\n<\/tr>\n<tr data-start=\"2008\" data-end=\"2032\">\n<td data-start=\"2008\" data-end=\"2016\" data-col-size=\"sm\">Color<\/td>\n<td data-col-size=\"sm\" data-start=\"2016\" data-end=\"2032\">Personalizable<\/td>\n<\/tr>\n<tr data-start=\"2033\" data-end=\"2065\">\n<td data-start=\"2033\" data-end=\"2040\" data-col-size=\"sm\">Logotipo<\/td>\n<td data-col-size=\"sm\" data-start=\"2040\" data-end=\"2065\">Admite logotipos personalizados<\/td>\n<\/tr>\n<tr data-start=\"2066\" data-end=\"2119\">\n<td data-start=\"2066\" data-end=\"2077\" data-col-size=\"sm\">Caracter\u00edsticas<\/td>\n<td data-col-size=\"sm\" data-start=\"2077\" data-end=\"2119\">Dise\u00f1o est\u00e9tico, construcci\u00f3n duradera<\/td>\n<\/tr>\n<tr data-start=\"2120\" data-end=\"2140\">\n<td data-start=\"2120\" data-end=\"2126\" data-col-size=\"sm\">MOQ<\/td>\n<td data-start=\"2126\" data-end=\"2140\" data-col-size=\"sm\">Negociable<\/td>\n<\/tr>\n<tr data-start=\"2141\" data-end=\"2187\">\n<td data-start=\"2141\" data-end=\"2155\" data-col-size=\"sm\">Aplicaci\u00f3n<\/td>\n<td data-col-size=\"sm\" data-start=\"2155\" data-end=\"2187\">Vida cotidiana, Viajes, Compras<\/td>\n<\/tr>\n<\/tbody>\n<\/table>\n<\/div>\n<\/div>\n<h2 data-start=\"2194\" data-end=\"2210\">Aplicaciones<\/h2>\n<ul data-start=\"2211\" data-end=\"2401\">\n<li data-start=\"2211\" data-end=\"2244\">\n<p data-start=\"2213\" data-end=\"2244\">Desplazamientos diarios y uso urbano<\/p>\n<\/li>\n<li data-start=\"2245\" data-end=\"2276\">\n<p data-start=\"2247\" data-end=\"2276\">Compras y salidas informales<\/p>\n<\/li>\n<li data-start=\"2277\" data-end=\"2309\">\n<p data-start=\"2279\" data-end=\"2309\">Viajes cortos y ligeros<\/p>\n<\/li>\n<li data-start=\"2310\" data-end=\"2351\">\n<p data-start=\"2312\" data-end=\"2351\">Colecciones minoristas para marcas de moda<\/p>\n<\/li>\n<li data-start=\"2352\" data-end=\"2401\">\n<p data-start=\"2354\" data-end=\"2401\">Programas de bolsos promocionales o de marca blanca<\/p>\n<\/li>\n<\/ul>\n<p data-start=\"2826\" data-end=\"3052\" data-is-last-node=\"\" data-is-only-node=\"\">Si est\u00e1 interesado en este bolso de f\u00e1brica al por mayor o desea solicitar muestras, p\u00f3ngase en contacto con nosotros para obtener m\u00e1s detalles. OEM y ODM servicios est\u00e1n disponibles para apoyar sus proyectos de etiqueta privada y la cooperaci\u00f3n a largo plazo.<\/p>","protected":false},"excerpt":{"rendered":"<p>Este bolso al por mayor de f\u00e1brica est\u00e1 dise\u00f1ado para apoyar proyectos de marca propia OEM y ODM para compradores de todo el mundo. El bolso combina un estilo de moda moderno con la utilidad pr\u00e1ctica diaria, por lo que es adecuado para las marcas que se dirigen a los consumidores de todos los d\u00edas, as\u00ed como los escenarios de viaje y de compras. RONEER desarrolla este modelo centr\u00e1ndose en la personalizaci\u00f3n, una capacidad de producci\u00f3n estable y un control de calidad constante. El dise\u00f1o equilibra el atractivo visual y la durabilidad, lo que permite que el producto se adapte a diferentes mercados, segmentos de precios y estrategias de marca.<\/p>","protected":false},"featured_media":5341,"comment_status":"open","ping_status":"closed","template":"","meta":{"site-sidebar-layout":"default","site-content-layout":"","ast-site-content-layout":"default","site-content-style":"default","site-sidebar-style":"default","ast-global-header-display":"","ast-banner-title-visibility":"","ast-main-header-display":"","ast-hfb-above-header-display":"","ast-hfb-below-header-display":"","ast-hfb-mobile-header-display":"","site-post-title":"","ast-breadcrumbs-content":"","ast-featured-img":"","footer-sml-layout":"","ast-disable-related-posts":"","theme-transparent-header-meta":"default","adv-header-id-meta":"","stick-header-meta":"","header-above-stick-meta":"","header-main-stick-meta":"","header-below-stick-meta":"","astra-migrate-meta-layouts":"set","ast-page-background-enabled":"default","ast-page-background-meta":{"desktop":{"background-color":"var(--ast-global-color-5)","background-image":"","background-repeat":"repeat","background-position":"center center","background-size":"auto","background-attachment":"scroll","background-type":"","background-media":"","overlay-type":"","overlay-color":"","overlay-opacity":"","overlay-gradient":""},"tablet":{"background-color":"","background-image":"","background-repeat":"repeat","background-position":"center center","background-size":"auto","background-attachment":"scroll","background-type":"","background-media":"","overlay-type":"","overlay-color":"","overlay-opacity":"","overlay-gradient":""},"mobile":{"background-color":"","background-image":"","background-repeat":"repeat","background-position":"center center","background-size":"auto","background-attachment":"scroll","background-type":"","background-media":"","overlay-type":"","overlay-color":"","overlay-opacity":"","overlay-gradient":""}},"ast-content-background-meta":{"desktop":{"background-color":"var(--ast-global-color-4)","background-image":"","background-repeat":"repeat","background-position":"center center","background-size":"auto","background-attachment":"scroll","background-type":"","background-media":"","overlay-type":"","overlay-color":"","overlay-opacity":"","overlay-gradient":""},"tablet":{"background-color":"var(--ast-global-color-4)","background-image":"","background-repeat":"repeat","background-position":"center center","background-size":"auto","background-attachment":"scroll","background-type":"","background-media":"","overlay-type":"","overlay-color":"","overlay-opacity":"","overlay-gradient":""},"mobile":{"background-color":"var(--ast-global-color-4)","background-image":"","background-repeat":"repeat","background-position":"center center","background-size":"auto","background-attachment":"scroll","background-type":"","background-media":"","overlay-type":"","overlay-color":"","overlay-opacity":"","overlay-gradient":""}}},"product_brand":[],"product_cat":[42],"product_tag":[],"class_list":{"0":"post-5340","1":"product","2":"type-product","3":"status-publish","4":"has-post-thumbnail","6":"product_cat-hand-bag","7":"desktop-align-left","8":"tablet-align-left","9":"mobile-align-left","11":"first","12":"instock","13":"shipping-taxable","14":"product-type-simple"},"_links":{"self":[{"href":"https:\/\/baijiabags.com\/es\/wp-json\/wp\/v2\/product\/5340","targetHints":{"allow":["GET"]}}],"collection":[{"href":"https:\/\/baijiabags.com\/es\/wp-json\/wp\/v2\/product"}],"about":[{"href":"https:\/\/baijiabags.com\/es\/wp-json\/wp\/v2\/types\/product"}],"replies":[{"embeddable":true,"href":"https:\/\/baijiabags.com\/es\/wp-json\/wp\/v2\/comments?post=5340"}],"wp:featuredmedia":[{"embeddable":true,"href":"https:\/\/baijiabags.com\/es\/wp-json\/wp\/v2\/media\/5341"}],"wp:attachment":[{"href":"https:\/\/baijiabags.com\/es\/wp-json\/wp\/v2\/media?parent=5340"}],"wp:term":[{"taxonomy":"product_brand","embeddable":true,"href":"https:\/\/baijiabags.com\/es\/wp-json\/wp\/v2\/product_brand?post=5340"},{"taxonomy":"product_cat","embeddable":true,"href":"https:\/\/baijiabags.com\/es\/wp-json\/wp\/v2\/product_cat?post=5340"},{"taxonomy":"product_tag","embeddable":true,"href":"https:\/\/baijiabags.com\/es\/wp-json\/wp\/v2\/product_tag?post=5340"}],"curies":[{"name":"wp","href":"https:\/\/api.w.org\/{rel}","templated":true}]}}