{"id":5331,"date":"2026-01-07T06:36:52","date_gmt":"2026-01-07T06:36:52","guid":{"rendered":"https:\/\/baijiabags.com\/?post_type=product&#038;p=5331"},"modified":"2026-01-07T06:36:52","modified_gmt":"2026-01-07T06:36:52","slug":"wholesale-fashion-handbag-with-oem-odm-custom-branding-service","status":"publish","type":"product","link":"https:\/\/baijiabags.com\/es\/producto\/wholesale-fashion-handbag-with-oem-odm-custom-branding-service\/","title":{"rendered":"Venta al por mayor de bolsos de moda con servicio de marca personalizada OEM\/ODM"},"content":{"rendered":"<h2 data-start=\"1123\" data-end=\"1138\">Caracter\u00edsticas principales<\/h2>\n<ol data-start=\"1140\" data-end=\"1717\">\n<li data-start=\"1140\" data-end=\"1218\">\n<p data-start=\"1142\" data-end=\"1218\">Admite marcas personalizadas OEM y ODM, incluida la colocaci\u00f3n del logotipo y el embalaje<\/p>\n<\/li>\n<li data-start=\"1219\" data-end=\"1299\">\n<p data-start=\"1221\" data-end=\"1299\">Ofrece opciones de tama\u00f1o flexibles para adaptarse al posicionamiento del comercio y a los h\u00e1bitos del usuario final<\/p>\n<\/li>\n<li data-start=\"1300\" data-end=\"1374\">\n<p data-start=\"1302\" data-end=\"1374\">Ofrece m\u00faltiples opciones de materiales para controlar el equilibrio entre costes y calidad<\/p>\n<\/li>\n<li data-start=\"1375\" data-end=\"1440\">\n<p data-start=\"1377\" data-end=\"1440\">Mantiene una estructura duradera adecuada para un uso diario frecuente<\/p>\n<\/li>\n<li data-start=\"1441\" data-end=\"1507\">\n<p data-start=\"1443\" data-end=\"1507\">Presenta un estilo de moda acorde con las tendencias del mercado mundial<\/p>\n<\/li>\n<li data-start=\"1508\" data-end=\"1575\">\n<p data-start=\"1510\" data-end=\"1575\">Garantiza un flujo de producci\u00f3n fluido desde el muestreo hasta la producci\u00f3n en serie<\/p>\n<\/li>\n<li data-start=\"1576\" data-end=\"1643\">\n<p data-start=\"1578\" data-end=\"1643\">Permite personalizar el color bas\u00e1ndose en Pantone o muestras f\u00edsicas<\/p>\n<\/li>\n<li data-start=\"1644\" data-end=\"1717\">\n<p data-start=\"1646\" data-end=\"1717\">Satisface la demanda mayorista con MOQ negociables para diferentes escalas de pedidos<\/p>\n<\/li>\n<\/ol>\n<h2 data-start=\"1719\" data-end=\"1736\">Especificaciones<\/h2>\n<div class=\"TyagGW_tableContainer\">\n<div class=\"group TyagGW_tableWrapper flex w-fit flex-col-reverse\" tabindex=\"-1\">\n<table class=\"w-fit min-w-(--thread-content-width)\" data-start=\"1738\" data-end=\"2105\">\n<thead data-start=\"1738\" data-end=\"1756\">\n<tr data-start=\"1738\" data-end=\"1756\">\n<th data-start=\"1738\" data-end=\"1745\" data-col-size=\"sm\">Art\u00edculo<\/th>\n<th data-start=\"1745\" data-end=\"1756\" data-col-size=\"md\">Detalles<\/th>\n<\/tr>\n<\/thead>\n<tbody data-start=\"1767\" data-end=\"2105\">\n<tr data-start=\"1767\" data-end=\"1793\">\n<td data-start=\"1767\" data-end=\"1782\" data-col-size=\"sm\">Nombre del producto<\/td>\n<td data-col-size=\"md\" data-start=\"1782\" data-end=\"1793\">Bolso<\/td>\n<\/tr>\n<tr data-start=\"1794\" data-end=\"1812\">\n<td data-start=\"1794\" data-end=\"1802\" data-col-size=\"sm\">Marca<\/td>\n<td data-col-size=\"md\" data-start=\"1802\" data-end=\"1812\">RONEER<\/td>\n<\/tr>\n<tr data-start=\"1813\" data-end=\"1839\">\n<td data-start=\"1813\" data-end=\"1828\" data-col-size=\"sm\">N\u00famero de modelo<\/td>\n<td data-col-size=\"md\" data-start=\"1828\" data-end=\"1839\">GB-6067<\/td>\n<\/tr>\n<tr data-start=\"1840\" data-end=\"1869\">\n<td data-start=\"1840\" data-end=\"1849\" data-col-size=\"sm\">Origen<\/td>\n<td data-col-size=\"md\" data-start=\"1849\" data-end=\"1869\">Guangdong, China<\/td>\n<\/tr>\n<tr data-start=\"1870\" data-end=\"1889\">\n<td data-start=\"1870\" data-end=\"1878\" data-col-size=\"sm\">Estilo<\/td>\n<td data-col-size=\"md\" data-start=\"1878\" data-end=\"1889\">Moda<\/td>\n<\/tr>\n<tr data-start=\"1890\" data-end=\"1969\">\n<td data-start=\"1890\" data-end=\"1909\" data-col-size=\"sm\">Opciones de material<\/td>\n<td data-col-size=\"md\" data-start=\"1909\" data-end=\"1969\">Cuero PU \/ Cuero genuino \/ Lienzo \/ Nylon (Opcional)<\/td>\n<\/tr>\n<tr data-start=\"1970\" data-end=\"1987\">\n<td data-start=\"1970\" data-end=\"1977\" data-col-size=\"sm\">Talla<\/td>\n<td data-col-size=\"md\" data-start=\"1977\" data-end=\"1987\">A medida<\/td>\n<\/tr>\n<tr data-start=\"1988\" data-end=\"2006\">\n<td data-start=\"1988\" data-end=\"1996\" data-col-size=\"sm\">Color<\/td>\n<td data-col-size=\"md\" data-start=\"1996\" data-end=\"2006\">A medida<\/td>\n<\/tr>\n<tr data-start=\"2007\" data-end=\"2030\">\n<td data-start=\"2007\" data-end=\"2014\" data-col-size=\"sm\">Logotipo<\/td>\n<td data-col-size=\"md\" data-start=\"2014\" data-end=\"2030\">Personalizable<\/td>\n<\/tr>\n<tr data-start=\"2031\" data-end=\"2084\">\n<td data-start=\"2031\" data-end=\"2042\" data-col-size=\"sm\">Caracter\u00edsticas<\/td>\n<td data-col-size=\"md\" data-start=\"2042\" data-end=\"2084\">Dise\u00f1o est\u00e9tico, construcci\u00f3n duradera<\/td>\n<\/tr>\n<tr data-start=\"2085\" data-end=\"2105\">\n<td data-start=\"2085\" data-end=\"2091\" data-col-size=\"sm\">MOQ<\/td>\n<td data-col-size=\"md\" data-start=\"2091\" data-end=\"2105\">Negociable<\/td>\n<\/tr>\n<\/tbody>\n<\/table>\n<div class=\"sticky h-0 select-none end-(--thread-content-margin) self-end\">\n<div class=\"absolute end-0 flex items-end\"><\/div>\n<\/div>\n<\/div>\n<\/div>\n<h2 data-start=\"2107\" data-end=\"2131\">Escenarios de aplicaci\u00f3n<\/h2>\n<p data-start=\"2133\" data-end=\"2203\">Este bolso se adapta a una amplia gama de escenarios de uso y necesidades del consumidor:<\/p>\n<ul data-start=\"2205\" data-end=\"2483\">\n<li data-start=\"2205\" data-end=\"2259\">\n<p data-start=\"2207\" data-end=\"2259\">Vida cotidiana, incluidos los desplazamientos al trabajo y las salidas ocasionales<\/p>\n<\/li>\n<li data-start=\"2260\" data-end=\"2311\">\n<p data-start=\"2262\" data-end=\"2311\">Para viajes cortos y explorar la ciudad<\/p>\n<\/li>\n<li data-start=\"2312\" data-end=\"2369\">\n<p data-start=\"2314\" data-end=\"2369\">Actividades de compra que requieren tanto estilo como capacidad<\/p>\n<\/li>\n<\/ul>\n<p data-start=\"2842\" data-end=\"3088\" data-is-last-node=\"\" data-is-only-node=\"\">Si est\u00e1 interesado en este bolso y desea solicitar muestras o comentar los detalles de personalizaci\u00f3n, p\u00f3ngase en contacto con nosotros. Disponemos de servicios OEM y ODM, y podemos ofrecerle asistencia profesional durante el desarrollo y la producci\u00f3n del producto.<\/p>","protected":false},"excerpt":{"rendered":"<p>En\u00a0<strong data-start=\"25\" data-end=\"91\">Venta al por mayor de bolsos de moda con servicio de marca personalizada OEM\/ODM<\/strong>\u00a0est\u00e1 dise\u00f1ado para marcas y mayoristas que buscan una soluci\u00f3n de bolsos fiable, elegante y escalable. Este bolso equilibra la est\u00e9tica de la moda moderna con la practicidad cotidiana, por lo que es adecuado para m\u00faltiples segmentos del mercado. RONEER desarrolla este modelo para satisfacer las necesidades de compra al por mayor, al tiempo que permite una personalizaci\u00f3n total para adaptarse a las diferentes identidades de marca. El producto procede de Guangdong (China), una regi\u00f3n conocida por su madura capacidad de fabricaci\u00f3n de bolsos, sus estables cadenas de suministro y su constante control de calidad.<\/p>","protected":false},"featured_media":5332,"comment_status":"open","ping_status":"closed","template":"","meta":{"site-sidebar-layout":"default","site-content-layout":"","ast-site-content-layout":"default","site-content-style":"default","site-sidebar-style":"default","ast-global-header-display":"","ast-banner-title-visibility":"","ast-main-header-display":"","ast-hfb-above-header-display":"","ast-hfb-below-header-display":"","ast-hfb-mobile-header-display":"","site-post-title":"","ast-breadcrumbs-content":"","ast-featured-img":"","footer-sml-layout":"","ast-disable-related-posts":"","theme-transparent-header-meta":"default","adv-header-id-meta":"","stick-header-meta":"","header-above-stick-meta":"","header-main-stick-meta":"","header-below-stick-meta":"","astra-migrate-meta-layouts":"set","ast-page-background-enabled":"default","ast-page-background-meta":{"desktop":{"background-color":"var(--ast-global-color-5)","background-image":"","background-repeat":"repeat","background-position":"center center","background-size":"auto","background-attachment":"scroll","background-type":"","background-media":"","overlay-type":"","overlay-color":"","overlay-opacity":"","overlay-gradient":""},"tablet":{"background-color":"","background-image":"","background-repeat":"repeat","background-position":"center center","background-size":"auto","background-attachment":"scroll","background-type":"","background-media":"","overlay-type":"","overlay-color":"","overlay-opacity":"","overlay-gradient":""},"mobile":{"background-color":"","background-image":"","background-repeat":"repeat","background-position":"center center","background-size":"auto","background-attachment":"scroll","background-type":"","background-media":"","overlay-type":"","overlay-color":"","overlay-opacity":"","overlay-gradient":""}},"ast-content-background-meta":{"desktop":{"background-color":"var(--ast-global-color-4)","background-image":"","background-repeat":"repeat","background-position":"center center","background-size":"auto","background-attachment":"scroll","background-type":"","background-media":"","overlay-type":"","overlay-color":"","overlay-opacity":"","overlay-gradient":""},"tablet":{"background-color":"var(--ast-global-color-4)","background-image":"","background-repeat":"repeat","background-position":"center center","background-size":"auto","background-attachment":"scroll","background-type":"","background-media":"","overlay-type":"","overlay-color":"","overlay-opacity":"","overlay-gradient":""},"mobile":{"background-color":"var(--ast-global-color-4)","background-image":"","background-repeat":"repeat","background-position":"center center","background-size":"auto","background-attachment":"scroll","background-type":"","background-media":"","overlay-type":"","overlay-color":"","overlay-opacity":"","overlay-gradient":""}}},"product_brand":[],"product_cat":[42],"product_tag":[],"class_list":{"0":"post-5331","1":"product","2":"type-product","3":"status-publish","4":"has-post-thumbnail","6":"product_cat-hand-bag","7":"desktop-align-left","8":"tablet-align-left","9":"mobile-align-left","11":"first","12":"instock","13":"shipping-taxable","14":"product-type-simple"},"_links":{"self":[{"href":"https:\/\/baijiabags.com\/es\/wp-json\/wp\/v2\/product\/5331","targetHints":{"allow":["GET"]}}],"collection":[{"href":"https:\/\/baijiabags.com\/es\/wp-json\/wp\/v2\/product"}],"about":[{"href":"https:\/\/baijiabags.com\/es\/wp-json\/wp\/v2\/types\/product"}],"replies":[{"embeddable":true,"href":"https:\/\/baijiabags.com\/es\/wp-json\/wp\/v2\/comments?post=5331"}],"wp:featuredmedia":[{"embeddable":true,"href":"https:\/\/baijiabags.com\/es\/wp-json\/wp\/v2\/media\/5332"}],"wp:attachment":[{"href":"https:\/\/baijiabags.com\/es\/wp-json\/wp\/v2\/media?parent=5331"}],"wp:term":[{"taxonomy":"product_brand","embeddable":true,"href":"https:\/\/baijiabags.com\/es\/wp-json\/wp\/v2\/product_brand?post=5331"},{"taxonomy":"product_cat","embeddable":true,"href":"https:\/\/baijiabags.com\/es\/wp-json\/wp\/v2\/product_cat?post=5331"},{"taxonomy":"product_tag","embeddable":true,"href":"https:\/\/baijiabags.com\/es\/wp-json\/wp\/v2\/product_tag?post=5331"}],"curies":[{"name":"wp","href":"https:\/\/api.w.org\/{rel}","templated":true}]}}