{"id":5225,"date":"2025-12-29T05:55:26","date_gmt":"2025-12-29T05:55:26","guid":{"rendered":"https:\/\/baijiabags.com\/?post_type=product&#038;p=5225"},"modified":"2025-12-29T05:55:27","modified_gmt":"2025-12-29T05:55:27","slug":"custom-new-luxury-womens-solid-color-boston-shoulder-bag","status":"publish","type":"product","link":"https:\/\/baijiabags.com\/es\/producto\/custom-new-luxury-womens-solid-color-boston-shoulder-bag\/","title":{"rendered":"Nuevo bolso de lujo de encargo del hombro de Boston del color s\u00f3lido de las mujeres"},"content":{"rendered":"<h2 data-start=\"728\" data-end=\"743\">Caracter\u00edsticas principales<\/h2>\n<ol data-start=\"745\" data-end=\"1687\">\n<li data-start=\"745\" data-end=\"870\">\n<p data-start=\"747\" data-end=\"870\"><strong data-start=\"747\" data-end=\"775\">Forma cl\u00e1sica de bolsa Boston:<\/strong>Una estructura atemporal de estilo Boston ofrece un aspecto equilibrado y un amplio espacio interior.<\/p>\n<\/li>\n<li data-start=\"872\" data-end=\"986\">\n<p data-start=\"874\" data-end=\"986\"><strong data-start=\"874\" data-end=\"897\">Material PU de primera calidad:<\/strong>La duradera piel de PU resiste el desgaste diario, mantiene la forma y proporciona un aspecto refinado.<\/p>\n<\/li>\n<li data-start=\"988\" data-end=\"1093\">\n<p data-start=\"990\" data-end=\"1093\"><strong data-start=\"990\" data-end=\"1012\">Dise\u00f1o de color s\u00f3lido:<\/strong>Su acabado minimalista en colores s\u00f3lidos facilita su combinaci\u00f3n con distintos atuendos.<\/p>\n<\/li>\n<li data-start=\"1095\" data-end=\"1208\">\n<p data-start=\"1097\" data-end=\"1208\"><strong data-start=\"1097\" data-end=\"1127\">C\u00f3modo de llevar al hombro:<\/strong>La correa para el hombro ofrece una distribuci\u00f3n estable del peso para un uso diario prolongado.<\/p>\n<\/li>\n<li data-start=\"1210\" data-end=\"1332\">\n<p data-start=\"1212\" data-end=\"1332\"><strong data-start=\"1212\" data-end=\"1237\">Logotipo personalizado disponible:<\/strong>Las opciones de marca permiten personalizar el logotipo para apoyar proyectos de marcas blancas y mayoristas.<\/p>\n<\/li>\n<li data-start=\"1334\" data-end=\"1455\">\n<p data-start=\"1336\" data-end=\"1455\"><strong data-start=\"1336\" data-end=\"1361\">Opciones de tama\u00f1o flexibles:<\/strong>Las dimensiones personalizadas satisfacen las preferencias de los distintos mercados regionales y los requisitos funcionales.<\/p>\n<\/li>\n<li data-start=\"1457\" data-end=\"1562\">\n<p data-start=\"1459\" data-end=\"1562\"><strong data-start=\"1459\" data-end=\"1483\">Costuras reforzadas:<\/strong>Las fuertes costuras mejoran la durabilidad general y prolongan la vida \u00fatil del producto.<\/p>\n<\/li>\n<li data-start=\"1564\" data-end=\"1687\">\n<p data-start=\"1566\" data-end=\"1687\"><strong data-start=\"1566\" data-end=\"1596\">Estructura orientada a la moda:<\/strong>Un cuerpo estructurado realza el atractivo visual de la bolsa a la vez que favorece un almacenamiento organizado.<\/p>\n<\/li>\n<\/ol>\n<h2 data-start=\"1689\" data-end=\"1706\">Especificaciones<\/h2>\n<div class=\"TyagGW_tableContainer\">\n<div class=\"group TyagGW_tableWrapper flex w-fit flex-col-reverse\" tabindex=\"-1\">\n<table class=\"w-fit min-w-(--thread-content-width)\" data-start=\"1708\" data-end=\"2047\">\n<thead data-start=\"1708\" data-end=\"1735\">\n<tr data-start=\"1708\" data-end=\"1735\">\n<th data-start=\"1708\" data-end=\"1724\" data-col-size=\"sm\">Especificaci\u00f3n<\/th>\n<th data-start=\"1724\" data-end=\"1735\" data-col-size=\"sm\">Detalles<\/th>\n<\/tr>\n<\/thead>\n<tbody data-start=\"1746\" data-end=\"2047\">\n<tr data-start=\"1746\" data-end=\"1780\">\n<td data-start=\"1746\" data-end=\"1761\" data-col-size=\"sm\">Nombre del producto<\/td>\n<td data-start=\"1761\" data-end=\"1780\" data-col-size=\"sm\">Bolso de mujer<\/td>\n<\/tr>\n<tr data-start=\"1781\" data-end=\"1799\">\n<td data-start=\"1781\" data-end=\"1789\" data-col-size=\"sm\">Marca<\/td>\n<td data-start=\"1789\" data-end=\"1799\" data-col-size=\"sm\">RONEER<\/td>\n<\/tr>\n<tr data-start=\"1800\" data-end=\"1823\">\n<td data-start=\"1800\" data-end=\"1815\" data-col-size=\"sm\">N\u00famero de modelo<\/td>\n<td data-start=\"1815\" data-end=\"1823\" data-col-size=\"sm\">3177<\/td>\n<\/tr>\n<tr data-start=\"1824\" data-end=\"1849\">\n<td data-start=\"1824\" data-end=\"1835\" data-col-size=\"sm\">Material<\/td>\n<td data-start=\"1835\" data-end=\"1849\" data-col-size=\"sm\">Cuero PU<\/td>\n<\/tr>\n<tr data-start=\"1850\" data-end=\"1869\">\n<td data-start=\"1850\" data-end=\"1858\" data-col-size=\"sm\">Estilo<\/td>\n<td data-start=\"1858\" data-end=\"1869\" data-col-size=\"sm\">Moda<\/td>\n<\/tr>\n<tr data-start=\"1870\" data-end=\"1899\">\n<td data-start=\"1870\" data-end=\"1879\" data-col-size=\"sm\">Origen<\/td>\n<td data-start=\"1879\" data-end=\"1899\" data-col-size=\"sm\">Guangdong, China<\/td>\n<\/tr>\n<tr data-start=\"1900\" data-end=\"1923\">\n<td data-start=\"1900\" data-end=\"1907\" data-col-size=\"sm\">Talla<\/td>\n<td data-start=\"1907\" data-end=\"1923\" data-col-size=\"sm\">Personalizable<\/td>\n<\/tr>\n<tr data-start=\"1924\" data-end=\"1948\">\n<td data-start=\"1924\" data-end=\"1932\" data-col-size=\"sm\">Color<\/td>\n<td data-start=\"1932\" data-end=\"1948\" data-col-size=\"sm\">Personalizable<\/td>\n<\/tr>\n<tr data-start=\"1949\" data-end=\"1972\">\n<td data-start=\"1949\" data-end=\"1956\" data-col-size=\"sm\">Logotipo<\/td>\n<td data-start=\"1956\" data-end=\"1972\" data-col-size=\"sm\">Personalizable<\/td>\n<\/tr>\n<tr data-start=\"1973\" data-end=\"2026\">\n<td data-start=\"1973\" data-end=\"1984\" data-col-size=\"sm\">Caracter\u00edsticas<\/td>\n<td data-start=\"1984\" data-end=\"2026\" data-col-size=\"sm\">Dise\u00f1o est\u00e9tico, construcci\u00f3n duradera<\/td>\n<\/tr>\n<tr data-start=\"2027\" data-end=\"2047\">\n<td data-start=\"2027\" data-end=\"2033\" data-col-size=\"sm\">MOQ<\/td>\n<td data-start=\"2033\" data-end=\"2047\" data-col-size=\"sm\">Negociable<\/td>\n<\/tr>\n<\/tbody>\n<\/table>\n<\/div>\n<\/div>\n<h2 data-start=\"2049\" data-end=\"2063\">Aplicaci\u00f3n<\/h2>\n<ul data-start=\"2152\" data-end=\"2477\">\n<li data-start=\"2152\" data-end=\"2235\">\n<p data-start=\"2154\" data-end=\"2235\"><strong data-start=\"2154\" data-end=\"2168\">Vida cotidiana<\/strong> - Ideal para desplazamientos, salidas informales y organizaci\u00f3n diaria<\/p>\n<\/li>\n<li data-start=\"2236\" data-end=\"2300\">\n<p data-start=\"2238\" data-end=\"2300\"><strong data-start=\"2238\" data-end=\"2248\">Viajar<\/strong> - Adecuado para viajes cortos y viajes ligeros<\/p>\n<\/li>\n<li data-start=\"2301\" data-end=\"2392\">\n<p data-start=\"2303\" data-end=\"2392\"><strong data-start=\"2303\" data-end=\"2315\">Compras<\/strong> - Proporciona capacidad suficiente para los objetos personales esenciales sin perder estilo<\/p>\n<\/li>\n<li data-start=\"2393\" data-end=\"2477\">\n<p data-start=\"2395\" data-end=\"2477\"><strong data-start=\"2395\" data-end=\"2414\">Estilo de vida urbano<\/strong> - Complementa las tendencias de la moda moderna y las colecciones de temporada<\/p>\n<\/li>\n<\/ul>\n<p data-start=\"2641\" data-end=\"2880\" data-is-last-node=\"\" data-is-only-node=\"\">Si est\u00e1 interesado en esta bandolera Boston para mujer, p\u00f3ngase en contacto con nosotros para solicitar muestras. <strong data-start=\"2738\" data-end=\"2774\">Servicios ODM y OEM disponibles<\/strong>incluyendo la personalizaci\u00f3n del logotipo, la combinaci\u00f3n de colores y soluciones de envasado para apoyar el desarrollo de su marca.<\/p>","protected":false},"excerpt":{"rendered":"<p>En <strong data-start=\"25\" data-end=\"86\">Nuevo bolso de lujo de encargo del hombro de Boston del color s\u00f3lido de las mujeres<\/strong> de <strong data-start=\"92\" data-end=\"102\">RONEER<\/strong> est\u00e1 dise\u00f1ado para mujeres modernas que valoran el estilo, la practicidad y la personalizaci\u00f3n. Este bolso combina la silueta cl\u00e1sica del bolso Boston con un dise\u00f1o limpio de color s\u00f3lido, lo que lo hace adecuado tanto para ocasiones informales como semiformales. Fabricado en Guangdong (China), el bolso refleja una cuidadosa selecci\u00f3n de materiales y una refinada artesan\u00eda, centr\u00e1ndose en la durabilidad y la utilidad diaria.<\/p>","protected":false},"featured_media":5232,"comment_status":"open","ping_status":"closed","template":"","meta":{"site-sidebar-layout":"default","site-content-layout":"","ast-site-content-layout":"default","site-content-style":"default","site-sidebar-style":"default","ast-global-header-display":"","ast-banner-title-visibility":"","ast-main-header-display":"","ast-hfb-above-header-display":"","ast-hfb-below-header-display":"","ast-hfb-mobile-header-display":"","site-post-title":"","ast-breadcrumbs-content":"","ast-featured-img":"","footer-sml-layout":"","ast-disable-related-posts":"","theme-transparent-header-meta":"default","adv-header-id-meta":"","stick-header-meta":"","header-above-stick-meta":"","header-main-stick-meta":"","header-below-stick-meta":"","astra-migrate-meta-layouts":"set","ast-page-background-enabled":"default","ast-page-background-meta":{"desktop":{"background-color":"var(--ast-global-color-5)","background-image":"","background-repeat":"repeat","background-position":"center center","background-size":"auto","background-attachment":"scroll","background-type":"","background-media":"","overlay-type":"","overlay-color":"","overlay-opacity":"","overlay-gradient":""},"tablet":{"background-color":"","background-image":"","background-repeat":"repeat","background-position":"center center","background-size":"auto","background-attachment":"scroll","background-type":"","background-media":"","overlay-type":"","overlay-color":"","overlay-opacity":"","overlay-gradient":""},"mobile":{"background-color":"","background-image":"","background-repeat":"repeat","background-position":"center center","background-size":"auto","background-attachment":"scroll","background-type":"","background-media":"","overlay-type":"","overlay-color":"","overlay-opacity":"","overlay-gradient":""}},"ast-content-background-meta":{"desktop":{"background-color":"var(--ast-global-color-4)","background-image":"","background-repeat":"repeat","background-position":"center center","background-size":"auto","background-attachment":"scroll","background-type":"","background-media":"","overlay-type":"","overlay-color":"","overlay-opacity":"","overlay-gradient":""},"tablet":{"background-color":"var(--ast-global-color-4)","background-image":"","background-repeat":"repeat","background-position":"center center","background-size":"auto","background-attachment":"scroll","background-type":"","background-media":"","overlay-type":"","overlay-color":"","overlay-opacity":"","overlay-gradient":""},"mobile":{"background-color":"var(--ast-global-color-4)","background-image":"","background-repeat":"repeat","background-position":"center center","background-size":"auto","background-attachment":"scroll","background-type":"","background-media":"","overlay-type":"","overlay-color":"","overlay-opacity":"","overlay-gradient":""}}},"product_brand":[],"product_cat":[42,54],"product_tag":[],"class_list":{"0":"post-5225","1":"product","2":"type-product","3":"status-publish","4":"has-post-thumbnail","6":"product_cat-hand-bag","7":"product_cat-womens-bag","8":"desktop-align-left","9":"tablet-align-left","10":"mobile-align-left","12":"first","13":"instock","14":"shipping-taxable","15":"product-type-simple"},"_links":{"self":[{"href":"https:\/\/baijiabags.com\/es\/wp-json\/wp\/v2\/product\/5225","targetHints":{"allow":["GET"]}}],"collection":[{"href":"https:\/\/baijiabags.com\/es\/wp-json\/wp\/v2\/product"}],"about":[{"href":"https:\/\/baijiabags.com\/es\/wp-json\/wp\/v2\/types\/product"}],"replies":[{"embeddable":true,"href":"https:\/\/baijiabags.com\/es\/wp-json\/wp\/v2\/comments?post=5225"}],"wp:featuredmedia":[{"embeddable":true,"href":"https:\/\/baijiabags.com\/es\/wp-json\/wp\/v2\/media\/5232"}],"wp:attachment":[{"href":"https:\/\/baijiabags.com\/es\/wp-json\/wp\/v2\/media?parent=5225"}],"wp:term":[{"taxonomy":"product_brand","embeddable":true,"href":"https:\/\/baijiabags.com\/es\/wp-json\/wp\/v2\/product_brand?post=5225"},{"taxonomy":"product_cat","embeddable":true,"href":"https:\/\/baijiabags.com\/es\/wp-json\/wp\/v2\/product_cat?post=5225"},{"taxonomy":"product_tag","embeddable":true,"href":"https:\/\/baijiabags.com\/es\/wp-json\/wp\/v2\/product_tag?post=5225"}],"curies":[{"name":"wp","href":"https:\/\/api.w.org\/{rel}","templated":true}]}}