{"id":5218,"date":"2025-12-29T03:08:31","date_gmt":"2025-12-29T03:08:31","guid":{"rendered":"https:\/\/baijiabags.com\/?post_type=product&#038;p=5218"},"modified":"2025-12-29T03:08:31","modified_gmt":"2025-12-29T03:08:31","slug":"custom-wholesale-brown-pu-handbag-for-private-label-brands","status":"publish","type":"product","link":"https:\/\/baijiabags.com\/es\/producto\/custom-wholesale-brown-pu-handbag-for-private-label-brands\/","title":{"rendered":"Bolso de PU marr\u00f3n al por mayor personalizado para marcas de distribuidor"},"content":{"rendered":"<h2 data-start=\"858\" data-end=\"873\">Caracter\u00edsticas principales<\/h2>\n<ol data-start=\"874\" data-end=\"1548\">\n<li data-start=\"874\" data-end=\"982\">\n<p data-start=\"876\" data-end=\"982\">El material de cuero PU de primera calidad ofrece una textura similar a la piel sin dejar de ser ligero y rentable<\/p>\n<\/li>\n<li data-start=\"983\" data-end=\"1062\">\n<p data-start=\"985\" data-end=\"1062\">El moderno tono marr\u00f3n se adapta a la ropa de diario, los viajes y las compras.<\/p>\n<\/li>\n<li data-start=\"1063\" data-end=\"1152\">\n<p data-start=\"1065\" data-end=\"1152\">La estructura reforzada de las costuras mejora la capacidad de carga y la durabilidad diaria<\/p>\n<\/li>\n<li data-start=\"1153\" data-end=\"1236\">\n<p data-start=\"1155\" data-end=\"1236\">El logotipo personalizable admite gofrado, impresi\u00f3n, logotipo met\u00e1lico o fijaci\u00f3n de etiquetas<\/p>\n<\/li>\n<li data-start=\"1237\" data-end=\"1322\">\n<p data-start=\"1239\" data-end=\"1322\">Las opciones de tama\u00f1o ajustables satisfacen los distintos requisitos de posicionamiento y dise\u00f1o del mercado<\/p>\n<\/li>\n<li data-start=\"1323\" data-end=\"1399\">\n<p data-start=\"1325\" data-end=\"1399\">Las opciones de cremallera lisa o cierre magn\u00e9tico mejoran la facilidad de uso y la seguridad<\/p>\n<\/li>\n<li data-start=\"1400\" data-end=\"1478\">\n<p data-start=\"1402\" data-end=\"1478\">El interior estructurado permite guardar de forma organizada los objetos de uso diario<\/p>\n<\/li>\n<li data-start=\"1479\" data-end=\"1548\">\n<p data-start=\"1481\" data-end=\"1548\">La superficie resistente al desgaste permite un uso prolongado con un mantenimiento sencillo<\/p>\n<\/li>\n<\/ol>\n<h2>Especificaciones<\/h2>\n<div class=\"TyagGW_tableContainer\">\n<div class=\"group TyagGW_tableWrapper flex w-fit flex-col-reverse\" tabindex=\"-1\">\n<table class=\"w-fit min-w-(--thread-content-width)\" data-start=\"1673\" data-end=\"2083\">\n<thead data-start=\"1673\" data-end=\"1705\">\n<tr data-start=\"1673\" data-end=\"1705\">\n<th data-start=\"1673\" data-end=\"1694\" data-col-size=\"sm\">Especificaci\u00f3n Art\u00edculo<\/th>\n<th data-start=\"1694\" data-end=\"1705\" data-col-size=\"sm\">Detalles<\/th>\n<\/tr>\n<\/thead>\n<tbody data-start=\"1738\" data-end=\"2083\">\n<tr data-start=\"1738\" data-end=\"1764\">\n<td data-start=\"1738\" data-end=\"1753\" data-col-size=\"sm\">Nombre del producto<\/td>\n<td data-start=\"1753\" data-end=\"1764\" data-col-size=\"sm\">Bolso<\/td>\n<\/tr>\n<tr data-start=\"1765\" data-end=\"1783\">\n<td data-start=\"1765\" data-end=\"1773\" data-col-size=\"sm\">Marca<\/td>\n<td data-start=\"1773\" data-end=\"1783\" data-col-size=\"sm\">RONEER<\/td>\n<\/tr>\n<tr data-start=\"1784\" data-end=\"1822\">\n<td data-start=\"1784\" data-end=\"1795\" data-col-size=\"sm\">Material<\/td>\n<td data-start=\"1795\" data-end=\"1822\" data-col-size=\"sm\">Piel de PU de alta calidad<\/td>\n<\/tr>\n<tr data-start=\"1823\" data-end=\"1852\">\n<td data-start=\"1823\" data-end=\"1832\" data-col-size=\"sm\">Origen<\/td>\n<td data-start=\"1832\" data-end=\"1852\" data-col-size=\"sm\">Guangdong, China<\/td>\n<\/tr>\n<tr data-start=\"1853\" data-end=\"1872\">\n<td data-start=\"1853\" data-end=\"1861\" data-col-size=\"sm\">Estilo<\/td>\n<td data-start=\"1861\" data-end=\"1872\" data-col-size=\"sm\">Moda<\/td>\n<\/tr>\n<tr data-start=\"1873\" data-end=\"1924\">\n<td data-start=\"1873\" data-end=\"1881\" data-col-size=\"sm\">Color<\/td>\n<td data-start=\"1881\" data-end=\"1924\" data-col-size=\"sm\">Personalizable (marr\u00f3n como opci\u00f3n est\u00e1ndar)<\/td>\n<\/tr>\n<tr data-start=\"1925\" data-end=\"1942\">\n<td data-start=\"1925\" data-end=\"1932\" data-col-size=\"sm\">Talla<\/td>\n<td data-start=\"1932\" data-end=\"1942\" data-col-size=\"sm\">A medida<\/td>\n<\/tr>\n<tr data-start=\"1943\" data-end=\"1966\">\n<td data-start=\"1943\" data-end=\"1950\" data-col-size=\"sm\">Logotipo<\/td>\n<td data-start=\"1950\" data-end=\"1966\" data-col-size=\"sm\">Personalizable<\/td>\n<\/tr>\n<tr data-start=\"1967\" data-end=\"2021\">\n<td data-start=\"1967\" data-end=\"1978\" data-col-size=\"sm\">Caracter\u00edsticas<\/td>\n<td data-start=\"1978\" data-end=\"2021\" data-col-size=\"sm\">Aspecto est\u00e9tico, estructura duradera<\/td>\n<\/tr>\n<tr data-start=\"2022\" data-end=\"2042\">\n<td data-start=\"2022\" data-end=\"2028\" data-col-size=\"sm\">MOQ<\/td>\n<td data-start=\"2028\" data-end=\"2042\" data-col-size=\"sm\">Negociable<\/td>\n<\/tr>\n<tr data-start=\"2043\" data-end=\"2083\">\n<td data-start=\"2043\" data-end=\"2051\" data-col-size=\"sm\">Utilizaci\u00f3n<\/td>\n<td data-start=\"2051\" data-end=\"2083\" data-col-size=\"sm\">Vida cotidiana, Viajes, Compras<\/td>\n<\/tr>\n<\/tbody>\n<\/table>\n<\/div>\n<\/div>\n<h2 data-start=\"2279\" data-end=\"2303\">Escenarios de aplicaci\u00f3n<\/h2>\n<p data-start=\"2304\" data-end=\"2376\">Este bolso admite una amplia gama de usos comerciales y de consumo:<\/p>\n<ul data-start=\"2377\" data-end=\"2587\">\n<li data-start=\"2377\" data-end=\"2415\">\n<p data-start=\"2379\" data-end=\"2415\">Desplazamientos diarios y salidas ocasionales<\/p>\n<\/li>\n<li data-start=\"2416\" data-end=\"2453\">\n<p data-start=\"2418\" data-end=\"2453\">Compras y estilo de vida<\/p>\n<\/li>\n<li data-start=\"2454\" data-end=\"2494\">\n<p data-start=\"2456\" data-end=\"2494\">Viajes de corta distancia y desplazamientos urbanos<\/p>\n<\/li>\n<li data-start=\"2495\" data-end=\"2536\">\n<p data-start=\"2497\" data-end=\"2536\">Colecciones para tiendas de moda<\/p>\n<\/li>\n<\/ul>\n<p data-start=\"3065\" data-end=\"3291\">Si est\u00e1 interesado en este bolso de PU y desea recibir muestras o discutir las opciones de personalizaci\u00f3n, p\u00f3ngase en contacto con nosotros. Disponemos de servicios ODM y OEM para apoyar el desarrollo de su marca privada y su negocio mayorista.<\/p>","protected":false},"excerpt":{"rendered":"<p>El bolso de PU marr\u00f3n al por mayor personalizado est\u00e1 dise\u00f1ado para marcas privadas que buscan un equilibrio entre est\u00e9tica moderna, durabilidad y personalizaci\u00f3n flexible. Este bolso est\u00e1 dirigido a minoristas de moda, distribuidores y propietarios de marcas que requieren una calidad fiable y opciones de dise\u00f1o adaptables para diversos mercados.<\/p>","protected":false},"featured_media":5220,"comment_status":"open","ping_status":"closed","template":"","meta":{"site-sidebar-layout":"default","site-content-layout":"","ast-site-content-layout":"default","site-content-style":"default","site-sidebar-style":"default","ast-global-header-display":"","ast-banner-title-visibility":"","ast-main-header-display":"","ast-hfb-above-header-display":"","ast-hfb-below-header-display":"","ast-hfb-mobile-header-display":"","site-post-title":"","ast-breadcrumbs-content":"","ast-featured-img":"","footer-sml-layout":"","ast-disable-related-posts":"","theme-transparent-header-meta":"default","adv-header-id-meta":"","stick-header-meta":"","header-above-stick-meta":"","header-main-stick-meta":"","header-below-stick-meta":"","astra-migrate-meta-layouts":"set","ast-page-background-enabled":"default","ast-page-background-meta":{"desktop":{"background-color":"var(--ast-global-color-5)","background-image":"","background-repeat":"repeat","background-position":"center center","background-size":"auto","background-attachment":"scroll","background-type":"","background-media":"","overlay-type":"","overlay-color":"","overlay-opacity":"","overlay-gradient":""},"tablet":{"background-color":"","background-image":"","background-repeat":"repeat","background-position":"center center","background-size":"auto","background-attachment":"scroll","background-type":"","background-media":"","overlay-type":"","overlay-color":"","overlay-opacity":"","overlay-gradient":""},"mobile":{"background-color":"","background-image":"","background-repeat":"repeat","background-position":"center center","background-size":"auto","background-attachment":"scroll","background-type":"","background-media":"","overlay-type":"","overlay-color":"","overlay-opacity":"","overlay-gradient":""}},"ast-content-background-meta":{"desktop":{"background-color":"var(--ast-global-color-4)","background-image":"","background-repeat":"repeat","background-position":"center center","background-size":"auto","background-attachment":"scroll","background-type":"","background-media":"","overlay-type":"","overlay-color":"","overlay-opacity":"","overlay-gradient":""},"tablet":{"background-color":"var(--ast-global-color-4)","background-image":"","background-repeat":"repeat","background-position":"center center","background-size":"auto","background-attachment":"scroll","background-type":"","background-media":"","overlay-type":"","overlay-color":"","overlay-opacity":"","overlay-gradient":""},"mobile":{"background-color":"var(--ast-global-color-4)","background-image":"","background-repeat":"repeat","background-position":"center center","background-size":"auto","background-attachment":"scroll","background-type":"","background-media":"","overlay-type":"","overlay-color":"","overlay-opacity":"","overlay-gradient":""}}},"product_brand":[],"product_cat":[42],"product_tag":[],"class_list":{"0":"post-5218","1":"product","2":"type-product","3":"status-publish","4":"has-post-thumbnail","6":"product_cat-hand-bag","7":"desktop-align-left","8":"tablet-align-left","9":"mobile-align-left","11":"first","12":"instock","13":"shipping-taxable","14":"product-type-simple"},"_links":{"self":[{"href":"https:\/\/baijiabags.com\/es\/wp-json\/wp\/v2\/product\/5218","targetHints":{"allow":["GET"]}}],"collection":[{"href":"https:\/\/baijiabags.com\/es\/wp-json\/wp\/v2\/product"}],"about":[{"href":"https:\/\/baijiabags.com\/es\/wp-json\/wp\/v2\/types\/product"}],"replies":[{"embeddable":true,"href":"https:\/\/baijiabags.com\/es\/wp-json\/wp\/v2\/comments?post=5218"}],"wp:featuredmedia":[{"embeddable":true,"href":"https:\/\/baijiabags.com\/es\/wp-json\/wp\/v2\/media\/5220"}],"wp:attachment":[{"href":"https:\/\/baijiabags.com\/es\/wp-json\/wp\/v2\/media?parent=5218"}],"wp:term":[{"taxonomy":"product_brand","embeddable":true,"href":"https:\/\/baijiabags.com\/es\/wp-json\/wp\/v2\/product_brand?post=5218"},{"taxonomy":"product_cat","embeddable":true,"href":"https:\/\/baijiabags.com\/es\/wp-json\/wp\/v2\/product_cat?post=5218"},{"taxonomy":"product_tag","embeddable":true,"href":"https:\/\/baijiabags.com\/es\/wp-json\/wp\/v2\/product_tag?post=5218"}],"curies":[{"name":"wp","href":"https:\/\/api.w.org\/{rel}","templated":true}]}}