{"id":5120,"date":"2025-12-22T01:21:59","date_gmt":"2025-12-22T01:21:59","guid":{"rendered":"https:\/\/baijiabags.com\/?post_type=product&#038;p=5120"},"modified":"2025-12-22T01:21:59","modified_gmt":"2025-12-22T01:21:59","slug":"factory-wholesale-lightweight-everyday-backpack-890-series","status":"publish","type":"product","link":"https:\/\/baijiabags.com\/es\/producto\/factory-wholesale-lightweight-everyday-backpack-890-series\/","title":{"rendered":"Mayorista de f\u00e1brica Mochila ligera para uso diario, serie 890"},"content":{"rendered":"<h2>Caracter\u00edsticas principales<\/h2>\n<ul data-start=\"807\" data-end=\"1426\">\n<li data-start=\"807\" data-end=\"888\">\n<p data-start=\"809\" data-end=\"888\">Su construcci\u00f3n ligera reduce la tensi\u00f3n en los hombros durante largas horas de transporte.<\/p>\n<\/li>\n<li data-start=\"889\" data-end=\"970\">\n<p data-start=\"891\" data-end=\"970\">El duradero material de PU resiste el desgaste diario, los ara\u00f1azos y una ligera exposici\u00f3n a la humedad.<\/p>\n<\/li>\n<li data-start=\"971\" data-end=\"1048\">\n<p data-start=\"973\" data-end=\"1048\">El dise\u00f1o orientado a la moda se adapta a entornos profesionales, informales y de viaje.<\/p>\n<\/li>\n<li data-start=\"1049\" data-end=\"1122\">\n<p data-start=\"1051\" data-end=\"1122\">Las opciones de logotipo personalizables favorecen la promoci\u00f3n de la marca y el etiquetado privado.<\/p>\n<\/li>\n<li data-start=\"1123\" data-end=\"1195\">\n<p data-start=\"1125\" data-end=\"1195\">Las configuraciones de tama\u00f1o ajustables se adaptan a las distintas necesidades del mercado.<\/p>\n<\/li>\n<li data-start=\"1196\" data-end=\"1272\">\n<p data-start=\"1198\" data-end=\"1272\">M\u00faltiples compartimentos mejoran la organizaci\u00f3n de los objetos esenciales para el trabajo y los viajes.<\/p>\n<\/li>\n<li data-start=\"1273\" data-end=\"1342\">\n<p data-start=\"1275\" data-end=\"1342\">Las costuras reforzadas aumentan la resistencia estructural y la vida \u00fatil.<\/p>\n<\/li>\n<li data-start=\"1343\" data-end=\"1426\">\n<p data-start=\"1345\" data-end=\"1426\">Las opciones flexibles de MOQ y embalaje admiten tanto pedidos al por mayor peque\u00f1os como grandes.<\/p>\n<\/li>\n<\/ul>\n<h2>Especificaciones<\/h2>\n<div class=\"TyagGW_tableContainer\">\n<div class=\"group TyagGW_tableWrapper flex w-fit flex-col-reverse\" tabindex=\"-1\">\n<table class=\"w-fit min-w-(--thread-content-width)\" data-start=\"1577\" data-end=\"2100\">\n<thead data-start=\"1577\" data-end=\"1601\">\n<tr data-start=\"1577\" data-end=\"1601\">\n<th data-start=\"1577\" data-end=\"1584\" data-col-size=\"sm\">Art\u00edculo<\/th>\n<th data-start=\"1584\" data-end=\"1601\" data-col-size=\"sm\">Especificaci\u00f3n<\/th>\n<\/tr>\n<\/thead>\n<tbody data-start=\"1626\" data-end=\"2100\">\n<tr data-start=\"1626\" data-end=\"1653\">\n<td data-start=\"1626\" data-end=\"1641\" data-col-size=\"sm\">Nombre del producto<\/td>\n<td data-col-size=\"sm\" data-start=\"1641\" data-end=\"1653\">Mochila<\/td>\n<\/tr>\n<tr data-start=\"1654\" data-end=\"1677\">\n<td data-start=\"1654\" data-end=\"1663\" data-col-size=\"sm\">Serie<\/td>\n<td data-start=\"1663\" data-end=\"1677\" data-col-size=\"sm\">Serie 890<\/td>\n<\/tr>\n<tr data-start=\"1678\" data-end=\"1696\">\n<td data-start=\"1678\" data-end=\"1686\" data-col-size=\"sm\">Marca<\/td>\n<td data-start=\"1686\" data-end=\"1696\" data-col-size=\"sm\">RONEER<\/td>\n<\/tr>\n<tr data-start=\"1697\" data-end=\"1735\">\n<td data-start=\"1697\" data-end=\"1715\" data-col-size=\"sm\">Lugar de origen<\/td>\n<td data-col-size=\"sm\" data-start=\"1715\" data-end=\"1735\">Guangdong, China<\/td>\n<\/tr>\n<tr data-start=\"1736\" data-end=\"1755\">\n<td data-start=\"1736\" data-end=\"1744\" data-col-size=\"sm\">Estilo<\/td>\n<td data-col-size=\"sm\" data-start=\"1744\" data-end=\"1755\">Moda<\/td>\n<\/tr>\n<tr data-start=\"1756\" data-end=\"1778\">\n<td data-start=\"1756\" data-end=\"1772\" data-col-size=\"sm\">Material principal<\/td>\n<td data-col-size=\"sm\" data-start=\"1772\" data-end=\"1778\">PU<\/td>\n<\/tr>\n<tr data-start=\"1779\" data-end=\"1802\">\n<td data-start=\"1779\" data-end=\"1786\" data-col-size=\"sm\">Talla<\/td>\n<td data-col-size=\"sm\" data-start=\"1786\" data-end=\"1802\">Personalizable<\/td>\n<\/tr>\n<tr data-start=\"1803\" data-end=\"1827\">\n<td data-start=\"1803\" data-end=\"1811\" data-col-size=\"sm\">Color<\/td>\n<td data-start=\"1811\" data-end=\"1827\" data-col-size=\"sm\">Personalizable<\/td>\n<\/tr>\n<tr data-start=\"1828\" data-end=\"1851\">\n<td data-start=\"1828\" data-end=\"1835\" data-col-size=\"sm\">Logotipo<\/td>\n<td data-col-size=\"sm\" data-start=\"1835\" data-end=\"1851\">Personalizable<\/td>\n<\/tr>\n<tr data-start=\"1852\" data-end=\"1886\">\n<td data-start=\"1852\" data-end=\"1862\" data-col-size=\"sm\">Caracter\u00edstica<\/td>\n<td data-col-size=\"sm\" data-start=\"1862\" data-end=\"1886\">Duradero, ligero<\/td>\n<\/tr>\n<tr data-start=\"1887\" data-end=\"1907\">\n<td data-start=\"1887\" data-end=\"1893\" data-col-size=\"sm\">MOQ<\/td>\n<td data-col-size=\"sm\" data-start=\"1893\" data-end=\"1907\">Negociable<\/td>\n<\/tr>\n<tr data-start=\"1908\" data-end=\"1934\">\n<td data-start=\"1908\" data-end=\"1920\" data-col-size=\"sm\">Embalaje<\/td>\n<td data-col-size=\"sm\" data-start=\"1920\" data-end=\"1934\">Negociable<\/td>\n<\/tr>\n<tr data-start=\"1935\" data-end=\"1982\">\n<td data-start=\"1935\" data-end=\"1955\" data-col-size=\"sm\">\u00c1mbito de aplicaci\u00f3n<\/td>\n<td data-col-size=\"sm\" data-start=\"1955\" data-end=\"1982\">Uso diario, trabajo, viajes<\/td>\n<\/tr>\n<tr data-start=\"1983\" data-end=\"2008\">\n<td data-start=\"1983\" data-end=\"1998\" data-col-size=\"sm\">Tipo de cierre<\/td>\n<td data-col-size=\"sm\" data-start=\"1998\" data-end=\"2008\">Cremallera<\/td>\n<\/tr>\n<tr data-start=\"2009\" data-end=\"2057\">\n<td data-start=\"2009\" data-end=\"2027\" data-col-size=\"sm\">Sistema de transporte<\/td>\n<td data-col-size=\"sm\" data-start=\"2027\" data-end=\"2057\">Tirantes ajustables<\/td>\n<\/tr>\n<tr data-start=\"2058\" data-end=\"2100\">\n<td data-start=\"2058\" data-end=\"2076\" data-col-size=\"sm\">Material del forro<\/td>\n<td data-col-size=\"sm\" data-start=\"2076\" data-end=\"2100\">Poli\u00e9ster (opcional)<\/td>\n<\/tr>\n<\/tbody>\n<\/table>\n<\/div>\n<\/div>\n<h2>Aplicaciones<\/h2>\n<ul data-start=\"2242\" data-end=\"2482\">\n<li data-start=\"2242\" data-end=\"2277\">\n<p data-start=\"2244\" data-end=\"2277\">Desplazamientos profesionales y de oficina<\/p>\n<\/li>\n<li data-start=\"2278\" data-end=\"2311\">\n<p data-start=\"2280\" data-end=\"2311\">Viajes de negocios y desplazamientos cortos<\/p>\n<\/li>\n<li data-start=\"2312\" data-end=\"2354\">\n<p data-start=\"2314\" data-end=\"2354\">Uso urbano diario para estudiantes y trabajadores<\/p>\n<\/li>\n<li data-start=\"2355\" data-end=\"2396\">\n<p data-start=\"2357\" data-end=\"2396\">Proyectos de regalos promocionales y de empresa<\/p>\n<\/li>\n<\/ul>\n<p>Si est\u00e1 interesado en esta mochila y desea recibir muestras o discutir los detalles de personalizaci\u00f3n, p\u00f3ngase en contacto con nosotros. Ofrecemos servicios de ODM y OEM y apoyamos la cooperaci\u00f3n al por mayor a largo plazo.<\/p>","protected":false},"excerpt":{"rendered":"<p>La Mochila Ligera de Uso Diario al por Mayor de F\u00e1brica, Serie 890 est\u00e1 dise\u00f1ada para satisfacer las necesidades de los usuarios modernos que valoran la practicidad, el estilo y la durabilidad en la vida diaria. Esta mochila se dirige a escenarios de uso diario y se adapta perfectamente al trabajo, los viajes y las rutinas informales. El dise\u00f1o se centra en una estructura ligera combinada con material de PU duradero, lo que garantiza un uso a largo plazo al tiempo que mantiene un aspecto moderno. La mochila admite numerosas opciones de personalizaci\u00f3n, como logotipo, tama\u00f1o y color, lo que la hace id\u00f3nea para proyectos de venta al por mayor, ODM y OEM. La producci\u00f3n se lleva a cabo en Guangdong (China), donde los maduros procesos de fabricaci\u00f3n y las normas de control de calidad garantizan un rendimiento constante.<\/p>","protected":false},"featured_media":5130,"comment_status":"open","ping_status":"closed","template":"","meta":{"site-sidebar-layout":"default","site-content-layout":"","ast-site-content-layout":"default","site-content-style":"default","site-sidebar-style":"default","ast-global-header-display":"","ast-banner-title-visibility":"","ast-main-header-display":"","ast-hfb-above-header-display":"","ast-hfb-below-header-display":"","ast-hfb-mobile-header-display":"","site-post-title":"","ast-breadcrumbs-content":"","ast-featured-img":"","footer-sml-layout":"","ast-disable-related-posts":"","theme-transparent-header-meta":"default","adv-header-id-meta":"","stick-header-meta":"","header-above-stick-meta":"","header-main-stick-meta":"","header-below-stick-meta":"","astra-migrate-meta-layouts":"set","ast-page-background-enabled":"default","ast-page-background-meta":{"desktop":{"background-color":"var(--ast-global-color-5)","background-image":"","background-repeat":"repeat","background-position":"center center","background-size":"auto","background-attachment":"scroll","background-type":"","background-media":"","overlay-type":"","overlay-color":"","overlay-opacity":"","overlay-gradient":""},"tablet":{"background-color":"","background-image":"","background-repeat":"repeat","background-position":"center center","background-size":"auto","background-attachment":"scroll","background-type":"","background-media":"","overlay-type":"","overlay-color":"","overlay-opacity":"","overlay-gradient":""},"mobile":{"background-color":"","background-image":"","background-repeat":"repeat","background-position":"center center","background-size":"auto","background-attachment":"scroll","background-type":"","background-media":"","overlay-type":"","overlay-color":"","overlay-opacity":"","overlay-gradient":""}},"ast-content-background-meta":{"desktop":{"background-color":"var(--ast-global-color-4)","background-image":"","background-repeat":"repeat","background-position":"center center","background-size":"auto","background-attachment":"scroll","background-type":"","background-media":"","overlay-type":"","overlay-color":"","overlay-opacity":"","overlay-gradient":""},"tablet":{"background-color":"var(--ast-global-color-4)","background-image":"","background-repeat":"repeat","background-position":"center center","background-size":"auto","background-attachment":"scroll","background-type":"","background-media":"","overlay-type":"","overlay-color":"","overlay-opacity":"","overlay-gradient":""},"mobile":{"background-color":"var(--ast-global-color-4)","background-image":"","background-repeat":"repeat","background-position":"center center","background-size":"auto","background-attachment":"scroll","background-type":"","background-media":"","overlay-type":"","overlay-color":"","overlay-opacity":"","overlay-gradient":""}}},"product_brand":[],"product_cat":[15],"product_tag":[],"class_list":{"0":"post-5120","1":"product","2":"type-product","3":"status-publish","4":"has-post-thumbnail","6":"product_cat-uncategorized","7":"desktop-align-left","8":"tablet-align-left","9":"mobile-align-left","11":"first","12":"instock","13":"shipping-taxable","14":"product-type-simple"},"_links":{"self":[{"href":"https:\/\/baijiabags.com\/es\/wp-json\/wp\/v2\/product\/5120","targetHints":{"allow":["GET"]}}],"collection":[{"href":"https:\/\/baijiabags.com\/es\/wp-json\/wp\/v2\/product"}],"about":[{"href":"https:\/\/baijiabags.com\/es\/wp-json\/wp\/v2\/types\/product"}],"replies":[{"embeddable":true,"href":"https:\/\/baijiabags.com\/es\/wp-json\/wp\/v2\/comments?post=5120"}],"wp:featuredmedia":[{"embeddable":true,"href":"https:\/\/baijiabags.com\/es\/wp-json\/wp\/v2\/media\/5130"}],"wp:attachment":[{"href":"https:\/\/baijiabags.com\/es\/wp-json\/wp\/v2\/media?parent=5120"}],"wp:term":[{"taxonomy":"product_brand","embeddable":true,"href":"https:\/\/baijiabags.com\/es\/wp-json\/wp\/v2\/product_brand?post=5120"},{"taxonomy":"product_cat","embeddable":true,"href":"https:\/\/baijiabags.com\/es\/wp-json\/wp\/v2\/product_cat?post=5120"},{"taxonomy":"product_tag","embeddable":true,"href":"https:\/\/baijiabags.com\/es\/wp-json\/wp\/v2\/product_tag?post=5120"}],"curies":[{"name":"wp","href":"https:\/\/api.w.org\/{rel}","templated":true}]}}