{"id":5067,"date":"2025-12-16T01:35:47","date_gmt":"2025-12-16T01:35:47","guid":{"rendered":"https:\/\/baijiabags.com\/?post_type=product&#038;p=5067"},"modified":"2026-03-24T10:08:51","modified_gmt":"2026-03-24T10:08:51","slug":"wholesale-fashion-unisex-anti-theft-waterproof-pu-eco-friendly-casual-travel-backpack","status":"publish","type":"product","link":"https:\/\/baijiabags.com\/es\/producto\/wholesale-fashion-unisex-anti-theft-waterproof-pu-eco-friendly-casual-travel-backpack\/","title":{"rendered":"Mayorista Moda Unisex Antirrobo Impermeable PU Eco-Friendly Casual Mochila de viaje"},"content":{"rendered":"<h2 class=\"translation-text-wrapper\" data-start=\"1010\" data-end=\"1025\" data-ries-data-process=\"13\" data-group-id=\"group-13\">Caracter\u00edsticas principales<\/h2>\n<ol data-start=\"1027\" data-end=\"1568\">\n<li data-start=\"1027\" data-end=\"1095\">\n<p class=\"translation-text-wrapper\" data-start=\"1029\" data-end=\"1095\" data-ries-data-process=\"14\" data-group-id=\"group-14\">Dise\u00f1o desenfadado y a la moda adecuado para la vida diaria y los viajes<\/p>\n<\/li>\n<li data-start=\"1096\" data-end=\"1141\">\n<p class=\"translation-text-wrapper\" data-start=\"1098\" data-end=\"1141\" data-ries-data-process=\"15\" data-group-id=\"group-15\">Estilo unisex que se adapta tanto a hombres como a mujeres<\/p>\n<\/li>\n<li data-start=\"1142\" data-end=\"1209\">\n<p class=\"translation-text-wrapper\" data-start=\"1144\" data-end=\"1209\" data-ries-data-process=\"16\" data-group-id=\"group-16\">Estructura antirrobo dise\u00f1ada para mejorar la seguridad de los objetos personales<\/p>\n<\/li>\n<li data-start=\"1210\" data-end=\"1301\">\n<p class=\"translation-text-wrapper\" data-start=\"1212\" data-end=\"1301\" data-ries-data-process=\"17\" data-group-id=\"group-17\">Material de PU impermeable y resistente al agua para protecci\u00f3n en diversas condiciones clim\u00e1ticas<\/p>\n<\/li>\n<li data-start=\"1302\" data-end=\"1370\">\n<p class=\"translation-text-wrapper\" data-start=\"1304\" data-end=\"1370\" data-ries-data-process=\"18\" data-group-id=\"group-18\">Material PU ecol\u00f3gico que favorece la elecci\u00f3n de materiales sostenibles<\/p>\n<\/li>\n<li data-start=\"1371\" data-end=\"1437\">\n<p class=\"translation-text-wrapper\" data-start=\"1373\" data-end=\"1437\" data-ries-data-process=\"19\" data-group-id=\"group-19\">Gran capacidad de 36 a 56 litros para necesidades de almacenamiento flexibles<\/p>\n<\/li>\n<li data-start=\"1438\" data-end=\"1496\">\n<p class=\"translation-text-wrapper\" data-start=\"1440\" data-end=\"1496\" data-ries-data-process=\"20\" data-group-id=\"group-20\">Construcci\u00f3n duradera que soporta el uso diario a largo plazo<\/p>\n<\/li>\n<li data-start=\"1497\" data-end=\"1568\">\n<p class=\"translation-text-wrapper\" data-start=\"1499\" data-end=\"1568\" data-ries-data-process=\"21\" data-group-id=\"group-21\">Logotipo, color y tama\u00f1o personalizables para proyectos ODM y OEM<\/p>\n<\/li>\n<\/ol>\n<h2 class=\"translation-text-wrapper\" data-start=\"1570\" data-end=\"1587\" data-ries-data-process=\"22\" data-group-id=\"group-22\">Especificaciones<\/h2>\n<div class=\"TyagGW_tableContainer\">\n<div class=\"group TyagGW_tableWrapper flex w-fit flex-col-reverse\" tabindex=\"-1\">\n<table class=\"w-fit min-w-(--thread-content-width)\" data-start=\"1589\" data-end=\"2020\">\n<thead data-start=\"1589\" data-end=\"1616\">\n<tr data-start=\"1589\" data-end=\"1616\">\n<th class=\"translation-text-wrapper\" data-start=\"1589\" data-end=\"1601\" data-col-size=\"sm\" data-ries-data-process=\"23\" data-group-id=\"group-23\">Par\u00e1metro<\/th>\n<th class=\"translation-text-wrapper\" data-start=\"1601\" data-end=\"1616\" data-col-size=\"md\" data-ries-data-process=\"24\" data-group-id=\"group-24\">Descripci\u00f3n<\/th>\n<\/tr>\n<\/thead>\n<tbody data-start=\"1643\" data-end=\"2020\">\n<tr data-start=\"1643\" data-end=\"1670\">\n<td data-start=\"1643\" data-end=\"1658\" data-col-size=\"sm\">Tipo de producto<\/td>\n<td data-start=\"1658\" data-end=\"1670\" data-col-size=\"md\">Mochila<\/td>\n<\/tr>\n<tr data-start=\"1671\" data-end=\"1696\">\n<td data-start=\"1671\" data-end=\"1686\" data-col-size=\"sm\">N\u00famero de modelo<\/td>\n<td data-start=\"1686\" data-end=\"1696\" data-col-size=\"md\">BJ-001<\/td>\n<\/tr>\n<tr data-start=\"1697\" data-end=\"1724\">\n<td data-start=\"1697\" data-end=\"1705\" data-col-size=\"sm\">Estilo<\/td>\n<td data-start=\"1705\" data-end=\"1724\" data-col-size=\"md\">Moda, Casual<\/td>\n<\/tr>\n<tr data-start=\"1725\" data-end=\"1742\">\n<td data-start=\"1725\" data-end=\"1736\" data-col-size=\"sm\">Material<\/td>\n<td data-start=\"1736\" data-end=\"1742\" data-col-size=\"md\">PU<\/td>\n<\/tr>\n<tr data-start=\"1743\" data-end=\"1772\">\n<td data-start=\"1743\" data-end=\"1758\" data-col-size=\"sm\">Tipo de cierre<\/td>\n<td data-start=\"1758\" data-end=\"1772\" data-col-size=\"md\">Cord\u00f3n<\/td>\n<\/tr>\n<tr data-start=\"1773\" data-end=\"1792\">\n<td data-start=\"1773\" data-end=\"1782\" data-col-size=\"sm\">G\u00e9nero<\/td>\n<td data-start=\"1782\" data-end=\"1792\" data-col-size=\"md\">Unisex<\/td>\n<\/tr>\n<tr data-start=\"1793\" data-end=\"1836\">\n<td data-start=\"1793\" data-end=\"1800\" data-col-size=\"sm\">Talla<\/td>\n<td data-start=\"1800\" data-end=\"1836\" data-col-size=\"md\">25 \u00d7 13,5 \u00d7 31 cm (personalizable)<\/td>\n<\/tr>\n<tr data-start=\"1837\" data-end=\"1864\">\n<td data-start=\"1837\" data-end=\"1848\" data-col-size=\"sm\">Capacidad<\/td>\n<td data-start=\"1848\" data-end=\"1864\" data-col-size=\"md\">36-56 litros<\/td>\n<\/tr>\n<tr data-start=\"1865\" data-end=\"1889\">\n<td data-start=\"1865\" data-end=\"1873\" data-col-size=\"sm\">Color<\/td>\n<td data-start=\"1873\" data-end=\"1889\" data-col-size=\"md\">Personalizable<\/td>\n<\/tr>\n<tr data-start=\"1890\" data-end=\"1969\">\n<td data-start=\"1890\" data-end=\"1901\" data-col-size=\"sm\">Caracter\u00edsticas<\/td>\n<td data-start=\"1901\" data-end=\"1969\" data-col-size=\"md\">Impermeable, Resistente al agua, Antirrobo, Duradera, Gran capacidad<\/td>\n<\/tr>\n<tr data-start=\"1970\" data-end=\"1999\">\n<td data-start=\"1970\" data-end=\"1979\" data-col-size=\"sm\">Origen<\/td>\n<td data-start=\"1979\" data-end=\"1999\" data-col-size=\"md\">Guangdong, China<\/td>\n<\/tr>\n<tr data-start=\"2000\" data-end=\"2020\">\n<td data-start=\"2000\" data-end=\"2006\" data-col-size=\"sm\">MOQ<\/td>\n<td data-start=\"2006\" data-end=\"2020\" data-col-size=\"md\">Negociable<\/td>\n<\/tr>\n<\/tbody>\n<\/table>\n<\/div>\n<\/div>\n<h2 data-start=\"2022\" data-end=\"2037\">Aplicaciones<\/h2>\n<ul data-start=\"2039\" data-end=\"2252\">\n<li data-start=\"2039\" data-end=\"2077\">\n<p data-start=\"2041\" data-end=\"2077\">Desplazamientos diarios al trabajo o a la escuela<\/p>\n<\/li>\n<li data-start=\"2078\" data-end=\"2111\">\n<p data-start=\"2080\" data-end=\"2111\">Viajes ocasionales y de corta duraci\u00f3n<\/p>\n<\/li>\n<li data-start=\"2112\" data-end=\"2141\">\n<p data-start=\"2114\" data-end=\"2141\">Ir de compras y pasear por la ciudad<\/p>\n<\/li>\n<li data-start=\"2142\" data-end=\"2202\">\n<p data-start=\"2144\" data-end=\"2202\">Actividades al aire libre que requieren una ligera protecci\u00f3n impermeable<\/p>\n<\/li>\n<li data-start=\"2203\" data-end=\"2252\">\n<p data-start=\"2205\" data-end=\"2252\">Pr\u00e1ctica soluci\u00f3n de transporte para la vida urbana<\/p>\n<\/li>\n<\/ul>\n<p data-start=\"2544\" data-end=\"2669\" data-is-last-node=\"\" data-is-only-node=\"\">Si est\u00e1 interesado en esta mochila, p\u00f3ngase en contacto con nosotros para solicitar muestras y discutir las oportunidades de cooperaci\u00f3n ODM y OEM.<\/p>","protected":false},"excerpt":{"rendered":"<p>La Moda al por mayor Unisex Antirrobo Impermeable PU Eco-Friendly Casual Mochila de viaje est\u00e1 dise\u00f1ado para satisfacer las necesidades modernas de estilo de vida con un equilibrio de moda, funcionalidad y durabilidad. Esta mochila se centra en la movilidad diaria, comodidad de viaje y almacenamiento seguro, manteniendo un aspecto limpio y contempor\u00e1neo. Su dise\u00f1o unisex permite que se adapte a un amplio abanico de usuarios, por lo que resulta apropiada para desplazamientos, compras, viajes cortos y uso diario. La estructura hace hincapi\u00e9 en la practicidad, ofreciendo un generoso espacio interior y un tama\u00f1o exterior compacto de 25 \u00d7 13,5 \u00d7 31 cm, con opciones de personalizaci\u00f3n disponibles para adaptarse a diferentes necesidades.<\/p>","protected":false},"featured_media":5071,"comment_status":"open","ping_status":"closed","template":"","meta":{"site-sidebar-layout":"default","site-content-layout":"","ast-site-content-layout":"default","site-content-style":"default","site-sidebar-style":"default","ast-global-header-display":"","ast-banner-title-visibility":"","ast-main-header-display":"","ast-hfb-above-header-display":"","ast-hfb-below-header-display":"","ast-hfb-mobile-header-display":"","site-post-title":"","ast-breadcrumbs-content":"","ast-featured-img":"","footer-sml-layout":"","ast-disable-related-posts":"","theme-transparent-header-meta":"default","adv-header-id-meta":"","stick-header-meta":"","header-above-stick-meta":"","header-main-stick-meta":"","header-below-stick-meta":"","astra-migrate-meta-layouts":"set","ast-page-background-enabled":"default","ast-page-background-meta":{"desktop":{"background-color":"var(--ast-global-color-5)","background-image":"","background-repeat":"repeat","background-position":"center center","background-size":"auto","background-attachment":"scroll","background-type":"","background-media":"","overlay-type":"","overlay-color":"","overlay-opacity":"","overlay-gradient":""},"tablet":{"background-color":"","background-image":"","background-repeat":"repeat","background-position":"center center","background-size":"auto","background-attachment":"scroll","background-type":"","background-media":"","overlay-type":"","overlay-color":"","overlay-opacity":"","overlay-gradient":""},"mobile":{"background-color":"","background-image":"","background-repeat":"repeat","background-position":"center center","background-size":"auto","background-attachment":"scroll","background-type":"","background-media":"","overlay-type":"","overlay-color":"","overlay-opacity":"","overlay-gradient":""}},"ast-content-background-meta":{"desktop":{"background-color":"var(--ast-global-color-4)","background-image":"","background-repeat":"repeat","background-position":"center center","background-size":"auto","background-attachment":"scroll","background-type":"","background-media":"","overlay-type":"","overlay-color":"","overlay-opacity":"","overlay-gradient":""},"tablet":{"background-color":"var(--ast-global-color-4)","background-image":"","background-repeat":"repeat","background-position":"center center","background-size":"auto","background-attachment":"scroll","background-type":"","background-media":"","overlay-type":"","overlay-color":"","overlay-opacity":"","overlay-gradient":""},"mobile":{"background-color":"var(--ast-global-color-4)","background-image":"","background-repeat":"repeat","background-position":"center center","background-size":"auto","background-attachment":"scroll","background-type":"","background-media":"","overlay-type":"","overlay-color":"","overlay-opacity":"","overlay-gradient":""}}},"product_brand":[],"product_cat":[21],"product_tag":[],"class_list":{"0":"post-5067","1":"product","2":"type-product","3":"status-publish","4":"has-post-thumbnail","6":"product_cat-backpack","7":"desktop-align-left","8":"tablet-align-left","9":"mobile-align-left","11":"first","12":"instock","13":"shipping-taxable","14":"product-type-simple"},"_links":{"self":[{"href":"https:\/\/baijiabags.com\/es\/wp-json\/wp\/v2\/product\/5067","targetHints":{"allow":["GET"]}}],"collection":[{"href":"https:\/\/baijiabags.com\/es\/wp-json\/wp\/v2\/product"}],"about":[{"href":"https:\/\/baijiabags.com\/es\/wp-json\/wp\/v2\/types\/product"}],"replies":[{"embeddable":true,"href":"https:\/\/baijiabags.com\/es\/wp-json\/wp\/v2\/comments?post=5067"}],"wp:featuredmedia":[{"embeddable":true,"href":"https:\/\/baijiabags.com\/es\/wp-json\/wp\/v2\/media\/5071"}],"wp:attachment":[{"href":"https:\/\/baijiabags.com\/es\/wp-json\/wp\/v2\/media?parent=5067"}],"wp:term":[{"taxonomy":"product_brand","embeddable":true,"href":"https:\/\/baijiabags.com\/es\/wp-json\/wp\/v2\/product_brand?post=5067"},{"taxonomy":"product_cat","embeddable":true,"href":"https:\/\/baijiabags.com\/es\/wp-json\/wp\/v2\/product_cat?post=5067"},{"taxonomy":"product_tag","embeddable":true,"href":"https:\/\/baijiabags.com\/es\/wp-json\/wp\/v2\/product_tag?post=5067"}],"curies":[{"name":"wp","href":"https:\/\/api.w.org\/{rel}","templated":true}]}}