{"id":4975,"date":"2025-12-08T02:14:06","date_gmt":"2025-12-08T02:14:06","guid":{"rendered":"https:\/\/baijiabags.com\/?post_type=product&#038;p=4975"},"modified":"2025-12-08T02:14:06","modified_gmt":"2025-12-08T02:14:06","slug":"wholesale-womens-casual-solid-color-shoulder-bag-open-top-crossbody-tote","status":"publish","type":"product","link":"https:\/\/baijiabags.com\/es\/producto\/wholesale-womens-casual-solid-color-shoulder-bag-open-top-crossbody-tote\/","title":{"rendered":"Mayorista Mujeres Casual Color S\u00f3lido Bolsa de Hombro Open Top Crossbody Tote"},"content":{"rendered":"<h2 data-start=\"1269\" data-end=\"1288\"><strong data-start=\"1272\" data-end=\"1288\">Caracter\u00edsticas principales<\/strong><\/h2>\n<ul data-start=\"1290\" data-end=\"2110\">\n<li data-start=\"1290\" data-end=\"1423\">\n<p data-start=\"1292\" data-end=\"1423\"><strong data-start=\"1292\" data-end=\"1325\">Opciones de marca personalizables<\/strong> - Los minoristas disfrutan de la colocaci\u00f3n ajustable del logotipo y de variaciones de color para un posicionamiento \u00fanico en el mercado.<\/p>\n<\/li>\n<li data-start=\"1424\" data-end=\"1517\">\n<p data-start=\"1426\" data-end=\"1517\"><strong data-start=\"1426\" data-end=\"1448\">Dise\u00f1o ligero<\/strong> - El material de PU mantiene la bolsa c\u00f3moda durante largas horas de uso.<\/p>\n<\/li>\n<li data-start=\"1518\" data-end=\"1617\">\n<p data-start=\"1520\" data-end=\"1617\"><strong data-start=\"1520\" data-end=\"1543\">Exterior impermeable<\/strong> - Los usuarios protegen lo esencial durante los desplazamientos lluviosos o las actividades al aire libre.<\/p>\n<\/li>\n<li data-start=\"1618\" data-end=\"1708\">\n<p data-start=\"1620\" data-end=\"1708\"><strong data-start=\"1620\" data-end=\"1643\">Elementos antirrobo<\/strong> - La estructura reduce la exposici\u00f3n accidental de objetos personales.<\/p>\n<\/li>\n<li data-start=\"1709\" data-end=\"1805\">\n<p data-start=\"1711\" data-end=\"1805\"><strong data-start=\"1711\" data-end=\"1728\">Tama\u00f1o port\u00e1til<\/strong> - Su forma de 24 \u00d7 7 \u00d7 13 cm soporta las necesidades diarias sin peso innecesario.<\/p>\n<\/li>\n<li data-start=\"1806\" data-end=\"1902\">\n<p data-start=\"1808\" data-end=\"1902\"><strong data-start=\"1808\" data-end=\"1833\">Est\u00e9tica de moda<\/strong> - El dise\u00f1o limpio en color liso realza los conjuntos informales y de viaje.<\/p>\n<\/li>\n<li data-start=\"1903\" data-end=\"1999\">\n<p data-start=\"1905\" data-end=\"1999\"><strong data-start=\"1905\" data-end=\"1930\">Comodidad Crossbody<\/strong> - La correa ajustable favorece la comodidad y el movimiento manos libres.<\/p>\n<\/li>\n<li data-start=\"2000\" data-end=\"2110\">\n<p data-start=\"2002\" data-end=\"2110\"><strong data-start=\"2002\" data-end=\"2029\">Durabilidad a prueba de viajes<\/strong> - Su robusto dise\u00f1o es ideal para viajes de negocios, salidas de fin de semana y para el d\u00eda a d\u00eda.<\/p>\n<\/li>\n<\/ul>\n<h2><strong data-start=\"2120\" data-end=\"2138\">Especificaciones<\/strong><\/h2>\n<div class=\"TyagGW_tableContainer\">\n<div class=\"group TyagGW_tableWrapper flex w-fit flex-col-reverse\" tabindex=\"-1\">\n<table class=\"w-fit min-w-(--thread-content-width)\" data-start=\"2140\" data-end=\"2699\">\n<thead data-start=\"2140\" data-end=\"2166\">\n<tr data-start=\"2140\" data-end=\"2166\">\n<th data-start=\"2140\" data-end=\"2151\" data-col-size=\"sm\"><strong data-start=\"2142\" data-end=\"2150\">Art\u00edculo<\/strong><\/th>\n<th data-start=\"2151\" data-end=\"2166\" data-col-size=\"md\"><strong data-start=\"2153\" data-end=\"2164\">Detalles<\/strong><\/th>\n<\/tr>\n<\/thead>\n<tbody data-start=\"2193\" data-end=\"2699\">\n<tr data-start=\"2193\" data-end=\"2248\">\n<td data-start=\"2193\" data-end=\"2208\" data-col-size=\"sm\">Nombre del producto<\/td>\n<td data-col-size=\"md\" data-start=\"2208\" data-end=\"2248\">Bolso de viaje \/ Tote cruzado<\/td>\n<\/tr>\n<tr data-start=\"2249\" data-end=\"2267\">\n<td data-start=\"2249\" data-end=\"2257\" data-col-size=\"sm\">Marca<\/td>\n<td data-col-size=\"md\" data-start=\"2257\" data-end=\"2267\">RONEER<\/td>\n<\/tr>\n<tr data-start=\"2268\" data-end=\"2293\">\n<td data-start=\"2268\" data-end=\"2283\" data-col-size=\"sm\">N\u00famero de modelo<\/td>\n<td data-col-size=\"md\" data-start=\"2283\" data-end=\"2293\">BJ-149<\/td>\n<\/tr>\n<tr data-start=\"2294\" data-end=\"2323\">\n<td data-start=\"2294\" data-end=\"2303\" data-col-size=\"sm\">Origen<\/td>\n<td data-col-size=\"md\" data-start=\"2303\" data-end=\"2323\">Guangdong, China<\/td>\n<\/tr>\n<tr data-start=\"2324\" data-end=\"2352\">\n<td data-start=\"2324\" data-end=\"2332\" data-col-size=\"sm\">Estilo<\/td>\n<td data-col-size=\"md\" data-start=\"2332\" data-end=\"2352\">Moda \/ Casual<\/td>\n<\/tr>\n<tr data-start=\"2353\" data-end=\"2375\">\n<td data-start=\"2353\" data-end=\"2369\" data-col-size=\"sm\">Material principal<\/td>\n<td data-col-size=\"md\" data-start=\"2369\" data-end=\"2375\">PU<\/td>\n<\/tr>\n<tr data-start=\"2376\" data-end=\"2416\">\n<td data-start=\"2376\" data-end=\"2383\" data-col-size=\"sm\">Talla<\/td>\n<td data-start=\"2383\" data-end=\"2416\" data-col-size=\"md\">24 \u00d7 7 \u00d7 13 cm (personalizable)<\/td>\n<\/tr>\n<tr data-start=\"2417\" data-end=\"2441\">\n<td data-start=\"2417\" data-end=\"2425\" data-col-size=\"sm\">Color<\/td>\n<td data-col-size=\"md\" data-start=\"2425\" data-end=\"2441\">Personalizable<\/td>\n<\/tr>\n<tr data-start=\"2442\" data-end=\"2465\">\n<td data-start=\"2442\" data-end=\"2449\" data-col-size=\"sm\">Logotipo<\/td>\n<td data-col-size=\"md\" data-start=\"2449\" data-end=\"2465\">Personalizable<\/td>\n<\/tr>\n<tr data-start=\"2466\" data-end=\"2526\">\n<td data-start=\"2466\" data-end=\"2477\" data-col-size=\"sm\">Caracter\u00edsticas<\/td>\n<td data-col-size=\"md\" data-start=\"2477\" data-end=\"2526\">Ligero, impermeable, antirrobo, port\u00e1til<\/td>\n<\/tr>\n<tr data-start=\"2527\" data-end=\"2547\">\n<td data-start=\"2527\" data-end=\"2533\" data-col-size=\"sm\">MOQ<\/td>\n<td data-col-size=\"md\" data-start=\"2533\" data-end=\"2547\">Negociable<\/td>\n<\/tr>\n<tr data-start=\"2548\" data-end=\"2589\">\n<td data-start=\"2548\" data-end=\"2560\" data-col-size=\"sm\">Embalaje<\/td>\n<td data-col-size=\"md\" data-start=\"2560\" data-end=\"2589\">Personalizable a petici\u00f3n<\/td>\n<\/tr>\n<tr data-start=\"2590\" data-end=\"2633\">\n<td data-start=\"2590\" data-end=\"2603\" data-col-size=\"sm\">Tipo de correa<\/td>\n<td data-col-size=\"md\" data-start=\"2603\" data-end=\"2633\">Correa cruzada ajustable<\/td>\n<\/tr>\n<tr data-start=\"2634\" data-end=\"2699\">\n<td data-start=\"2634\" data-end=\"2654\" data-col-size=\"sm\">\u00c1mbito de aplicaci\u00f3n<\/td>\n<td data-col-size=\"md\" data-start=\"2654\" data-end=\"2699\">Uso diario, desplazamientos, viajes, trayectos cortos<\/td>\n<\/tr>\n<\/tbody>\n<\/table>\n<h2>Aplicaciones<\/h2>\n<ul>\n<li data-start=\"577\" data-end=\"667\">\n<p data-start=\"579\" data-end=\"667\"><strong data-start=\"579\" data-end=\"665\">Desplazamientos diarios para llevar tel\u00e9fonos, cosm\u00e9ticos, carteras y accesorios personales.<\/strong><\/p>\n<\/li>\n<li data-start=\"668\" data-end=\"764\">\n<p data-start=\"670\" data-end=\"764\"><strong data-start=\"670\" data-end=\"762\">En los recados urbanos y las salidas informales, los usuarios necesitan una opci\u00f3n de transporte ligera y elegante.<\/strong><\/p>\n<\/li>\n<li data-start=\"765\" data-end=\"851\">\n<p data-start=\"767\" data-end=\"851\"><strong data-start=\"767\" data-end=\"849\">Viajes cortos y actividades al aire libre que requieren una c\u00f3moda movilidad cruzada.<\/strong><\/p>\n<\/li>\n<li data-start=\"852\" data-end=\"942\">\n<p data-start=\"854\" data-end=\"942\"><strong data-start=\"854\" data-end=\"940\">Viaje de fin de semana para organizar peque\u00f1os objetos esenciales, documentos y art\u00edculos de acceso r\u00e1pido.<\/strong><\/p>\n<\/li>\n<\/ul>\n<p>Si le interesa esta bolsa, p\u00f3ngase en contacto con nosotros para solicitar muestras. Ofrecemos <strong data-start=\"1109\" data-end=\"1145\">Servicios de personalizaci\u00f3n ODM y OEM<\/strong>incluyendo la personalizaci\u00f3n del logotipo, ajustes de tama\u00f1o y desarrollo de colores para apoyar su marca.<\/p>\n<\/div>\n<\/div>","protected":false},"excerpt":{"rendered":"<p data-pm-slice=\"0 0 []\">El bolso de hombro de color s\u00f3lido al por mayor para mujer Open Top Crossbody Tote ofrece una refrescante mezcla de estilo, comodidad y funcionalidad para el d\u00eda a d\u00eda. RONEER dise\u00f1a este modelo (BJ-149) para mujeres que disfrutan del minimalismo, la practicidad y la est\u00e9tica moderna. El bolso utiliza material PU duradero, ofrece una estructura ligera y permite moverse a diario sin esfuerzo. Su tama\u00f1o compacto de 24 \u00d7 7 \u00d7 13 cm permite guardar art\u00edculos de viaje, cosm\u00e9ticos, dispositivos m\u00f3viles y accesorios personales sin que se acumulen. Los colores y logotipos personalizables ofrecen a los minoristas una amplia flexibilidad para la personalizaci\u00f3n de la marca y el marketing.<\/p>","protected":false},"featured_media":4981,"comment_status":"open","ping_status":"closed","template":"","meta":{"site-sidebar-layout":"default","site-content-layout":"","ast-site-content-layout":"default","site-content-style":"default","site-sidebar-style":"default","ast-global-header-display":"","ast-banner-title-visibility":"","ast-main-header-display":"","ast-hfb-above-header-display":"","ast-hfb-below-header-display":"","ast-hfb-mobile-header-display":"","site-post-title":"","ast-breadcrumbs-content":"","ast-featured-img":"","footer-sml-layout":"","ast-disable-related-posts":"","theme-transparent-header-meta":"default","adv-header-id-meta":"","stick-header-meta":"","header-above-stick-meta":"","header-main-stick-meta":"","header-below-stick-meta":"","astra-migrate-meta-layouts":"set","ast-page-background-enabled":"default","ast-page-background-meta":{"desktop":{"background-color":"var(--ast-global-color-5)","background-image":"","background-repeat":"repeat","background-position":"center center","background-size":"auto","background-attachment":"scroll","background-type":"","background-media":"","overlay-type":"","overlay-color":"","overlay-opacity":"","overlay-gradient":""},"tablet":{"background-color":"","background-image":"","background-repeat":"repeat","background-position":"center center","background-size":"auto","background-attachment":"scroll","background-type":"","background-media":"","overlay-type":"","overlay-color":"","overlay-opacity":"","overlay-gradient":""},"mobile":{"background-color":"","background-image":"","background-repeat":"repeat","background-position":"center center","background-size":"auto","background-attachment":"scroll","background-type":"","background-media":"","overlay-type":"","overlay-color":"","overlay-opacity":"","overlay-gradient":""}},"ast-content-background-meta":{"desktop":{"background-color":"var(--ast-global-color-4)","background-image":"","background-repeat":"repeat","background-position":"center center","background-size":"auto","background-attachment":"scroll","background-type":"","background-media":"","overlay-type":"","overlay-color":"","overlay-opacity":"","overlay-gradient":""},"tablet":{"background-color":"var(--ast-global-color-4)","background-image":"","background-repeat":"repeat","background-position":"center center","background-size":"auto","background-attachment":"scroll","background-type":"","background-media":"","overlay-type":"","overlay-color":"","overlay-opacity":"","overlay-gradient":""},"mobile":{"background-color":"var(--ast-global-color-4)","background-image":"","background-repeat":"repeat","background-position":"center center","background-size":"auto","background-attachment":"scroll","background-type":"","background-media":"","overlay-type":"","overlay-color":"","overlay-opacity":"","overlay-gradient":""}}},"product_brand":[],"product_cat":[42],"product_tag":[],"class_list":{"0":"post-4975","1":"product","2":"type-product","3":"status-publish","4":"has-post-thumbnail","6":"product_cat-hand-bag","7":"desktop-align-left","8":"tablet-align-left","9":"mobile-align-left","11":"first","12":"instock","13":"shipping-taxable","14":"product-type-simple"},"_links":{"self":[{"href":"https:\/\/baijiabags.com\/es\/wp-json\/wp\/v2\/product\/4975","targetHints":{"allow":["GET"]}}],"collection":[{"href":"https:\/\/baijiabags.com\/es\/wp-json\/wp\/v2\/product"}],"about":[{"href":"https:\/\/baijiabags.com\/es\/wp-json\/wp\/v2\/types\/product"}],"replies":[{"embeddable":true,"href":"https:\/\/baijiabags.com\/es\/wp-json\/wp\/v2\/comments?post=4975"}],"wp:featuredmedia":[{"embeddable":true,"href":"https:\/\/baijiabags.com\/es\/wp-json\/wp\/v2\/media\/4981"}],"wp:attachment":[{"href":"https:\/\/baijiabags.com\/es\/wp-json\/wp\/v2\/media?parent=4975"}],"wp:term":[{"taxonomy":"product_brand","embeddable":true,"href":"https:\/\/baijiabags.com\/es\/wp-json\/wp\/v2\/product_brand?post=4975"},{"taxonomy":"product_cat","embeddable":true,"href":"https:\/\/baijiabags.com\/es\/wp-json\/wp\/v2\/product_cat?post=4975"},{"taxonomy":"product_tag","embeddable":true,"href":"https:\/\/baijiabags.com\/es\/wp-json\/wp\/v2\/product_tag?post=4975"}],"curies":[{"name":"wp","href":"https:\/\/api.w.org\/{rel}","templated":true}]}}